{"id":6826,"date":"2020-10-12T10:23:28","date_gmt":"2020-10-12T08:23:28","guid":{"rendered":"https:\/\/certisys.poush.be\/documents\/"},"modified":"2026-03-03T11:32:05","modified_gmt":"2026-03-03T09:32:05","slug":"documenten","status":"publish","type":"page","link":"https:\/\/www.certisys.eu\/nl\/documenten\/","title":{"rendered":"Documenten"},"content":{"rendered":"<div class=\"wpb-content-wrapper\"><p>[vc_row css=&#8221;.vc_custom_1617284310686{padding-top: 100px !important;padding-bottom: 100px !important;background: #325338 url(https:\/\/www.certisys.eu\/wp-content\/uploads\/2021\/04\/2020-10-15-Certisys-0425.jpg?id=4266) !important;background-position: center !important;background-repeat: no-repeat !important;background-size: cover !important;}&#8221;][vc_column width=&#8221;1\/6&#8243;][\/vc_column][vc_column width=&#8221;2\/3&#8243;][vc_column_text]<\/p>\n<h1 style=\"text-align: center; color: #fff;\">Bekijk de documenten<\/h1>\n<p>[\/vc_column_text][\/vc_column][vc_column width=&#8221;1\/6&#8243;][\/vc_column][\/vc_row][vc_row][vc_column width=&#8221;1\/6&#8243;][\/vc_column][vc_column width=&#8221;2\/3&#8243;][vc_column_text]<\/p>\n<h2>Documenten kennisgeving &amp; contracten<\/h2>\n<p><em>Alle nodige documenten om uw samenwerking met CERTISYS\u00ae te starten, vindt u hier.\u00a0<\/em>[\/vc_column_text][vc_column_text]<form data-min-no-for-search=3 data-result-box-max-height=400 data-form-id=2980 class=\"is-search-form is-disable-submit is-form-style is-form-style-3 is-form-id-2980 is-ajax-search\" action=\"https:\/\/www.certisys.eu\/nl\/\" method=\"get\" role=\"search\" ><label for=\"is-search-input-2980\"><span class=\"is-screen-reader-text\">Zoek naar:<\/span><input  type=\"search\" id=\"is-search-input-2980\" name=\"s\" value=\"\" class=\"is-search-input\" placeholder=\"Zoek hier...\" autocomplete=off \/><span class=\"is-loader-image\" style=\"display: none;background-image:url(https:\/\/www.certisys.eu\/wp-content\/plugins\/add-search-to-menu\/public\/images\/spinner.gif);\" ><\/span><\/label><button type=\"submit\" class=\"is-search-submit\"><span class=\"is-screen-reader-text\">Zoekknop<\/span><span class=\"is-search-icon\"><svg focusable=\"false\" aria-label=\"Zoeken\" xmlns=\"http:\/\/www.w3.org\/2000\/svg\" viewBox=\"0 0 24 24\" width=\"24px\"><path d=\"M15.5 14h-.79l-.28-.27C15.41 12.59 16 11.11 16 9.5 16 5.91 13.09 3 9.5 3S3 5.91 3 9.5 5.91 16 9.5 16c1.61 0 3.09-.59 4.23-1.57l.27.28v.79l5 4.99L20.49 19l-4.99-5zm-6 0C7.01 14 5 11.99 5 9.5S7.01 5 9.5 5 14 7.01 14 9.5 11.99 14 9.5 14z\"><\/path><\/svg><\/span><\/button><input type=\"hidden\" name=\"id\" value=\"2980\" \/><input type=\"hidden\" name=\"post_type\" value=\"document\" \/><\/form>[\/vc_column_text][vc_column_text]<\/p>\n<h3>Europees biolabel<\/h3>\n<p><strong>Offici\u00eble systemen in Belgi\u00eb en in het Groothertogdom Luxemburg:<\/strong>[\/vc_column_text][vc_column_text]<ul><li><a href=\"https:\/\/www.certisys.eu\/wp-content\/uploads\/2022\/01\/CO001-v03_Contract-BIO-Belgie_NL.pdf\" target=\"_blank\">Belgische Contract van dienstverlening CERTISYS<\/a><\/li><li><a href=\"https:\/\/www.certisys.eu\/wp-content\/uploads\/2022\/12\/FO068-v03_Formulier-om-uw-klantgegevens-bij-te-werken_NL.pdf\" target=\"_blank\">Formulier om uw klantgegevens bij te werken (omvat : bijlage 1: Dierlijke productie en Bijlage 2: Melding van de percelen)<\/a><\/li><li><a href=\"https:\/\/www.certisys.eu\/wp-content\/uploads\/2023\/12\/FO001-v05_Aanvraag-formulier-voor-certificering-in-de-biologische-productie_NL.pdf\" target=\"_blank\">Aanvraag formulier voor certificering in de biologische productie<\/a><\/li><li><a href=\"https:\/\/www.certisys.eu\/wp-content\/uploads\/2022\/12\/Formulier-kennisgeving-percelen_NL.pdf\" target=\"_blank\">Formulier kennisgeving percelen<\/a><\/li><li><a href=\"https:\/\/www.certisys.eu\/wp-content\/uploads\/2023\/02\/CO007-v03_Contract-BIO-producten-Franchisewinkels_NL.pdf\" target=\"_blank\">Contract van dienstverlening biologische productie &#8211; Franchisewinkels &#8211; Belgi\u00eb<\/a><\/li><li><a href=\"https:\/\/www.certisys.eu\/wp-content\/uploads\/2024\/02\/FO089-v03_Voorzorgsmaatregelen-in-de-biologische-productie_NL.pdf\" target=\"_blank\">Voorzorgsmaatregelen in de biologische productie<\/a><\/li><li><a href=\"https:\/\/www.certisys.eu\/wp-content\/uploads\/2025\/10\/FO111-v01_Formulier-opzegging_NL.pdf\" target=\"_blank\">Formulier voor de opzegging van het contract<\/a><\/li><\/ul>[\/vc_column_text][vc_column_text css=&#8221;&#8221;]<strong>Opgelet: <\/strong><\/p>\n<p>Hou er rekening mee, dat u nog steeds verzocht wordt om uw <strong>BIO-kennisgeving<\/strong> in te dienen.<\/p>\n<p>Hiervoor kan u op de website van de bevoegde administratie terecht:<\/p>\n<ul>\n<li><a href=\"https:\/\/agriculture.wallonie.be\/avant-de-commencer\">Walloni\u00eb<\/a><\/li>\n<li><a href=\"https:\/\/lv.vlaanderen.be\/bio\/kennisgeving-en-controle\/kennisgeving\">Vlaanderen<\/a><\/li>\n<li><a href=\"https:\/\/guichet.public.lu\/fr\/entreprises\/sectoriel\/agriculture-viticulture\/agriculture-biologique\/agriculture-biologique-notification-activite.html\">Groothertogdom Luxemburg<\/a><\/li>\n<\/ul>\n<p>[\/vc_column_text][vc_column_text]<\/p>\n<h3>Andere labels<\/h3>\n<p><strong>Andere lastenboeken<\/strong>[\/vc_column_text][vc_column_text]<ul><li><a href=\"https:\/\/www.certisys.eu\/wp-content\/uploads\/2021\/02\/Verklaring-Gebruik-AB-merk.pdf\" target=\"_blank\">Verklaring voor het gebruik van het AB merk<\/a><\/li><li><a href=\"https:\/\/www.certisys.eu\/wp-content\/uploads\/2021\/02\/Contract-Biogarantie-Ecogarantie_NL.pdf\" target=\"_blank\">Contract van dienstverlening voor Biogarantie \/ Ecogarantie\u00ae<\/a><\/li><li><a href=\"https:\/\/www.certisys.eu\/wp-content\/uploads\/2021\/02\/Agreement-Ecogarantie_2021.pdf\" target=\"_blank\">Overeenkomst voor het gebruik van Ecogarantie\u00ae<\/a><\/li><li><a href=\"https:\/\/www.certisys.eu\/wp-content\/uploads\/2024\/02\/CO011-v02_Contract-Biosuisse_NL.pdf\" target=\"_blank\">BIOSUISSE Service provision contract<\/a><\/li><li><a href=\"https:\/\/www.certisys.eu\/wp-content\/uploads\/2021\/06\/Berekening-Royalties-EG.pdf\" target=\"_blank\">Berekeningen van de Royalty&#8217;s  ECOGARANTIE\u00ae<\/a><\/li><li><a href=\"https:\/\/www.certisys.eu\/wp-content\/uploads\/2026\/01\/2026-BG-BGBEL-overeenkomst.pdf\" target=\"_blank\">Overeenkomst voor het gebruik van Biogarantie\u00ae<\/a><\/li><\/ul>[\/vc_column_text][vc_column_text]<\/p>\n<h2>Nuttige documenten voor een CERTISYS-marktdeelnemer<\/h2>\n<p>[\/vc_column_text][vc_column_text]<\/p>\n<h3>Afwijkingen<\/h3>\n<p><em>Onder bepaalde zeer strikte voorwaarden, in overeenstemming met de Europese bioreglementering, kunnen afwijkingen toegestaan worden. <\/em><\/p>\n<p><em>Hiervoor stellen de bevoegde overheden of CERTISYS\u00ae u verschillende formulieren ter beschikking.<\/em><\/p>\n<p><span style=\"color: #ff0000;\"><strong>Al deze afwijkingsformulieren moeten worden teruggestuurd naar CERTISYS op<\/strong><\/span> <a href=\"mailto:info@certisys.eu\">klant@certisys.eu<\/a> .<\/p>\n<p>Wij zullen ze controleren en aan de bevoegde autoriteiten voorleggen. Wij zullen vervolgens opnieuw contact met u opnemen met het besluit om deze toe te kennen of te weigeren.<\/p>\n<div id=\"ConnectiveDocSignExtentionInstalled\" data-extension-version=\"1.0.4\"><\/div>\n<p>[\/vc_column_text][vc_column_text]<strong>Producenten<\/strong>[\/vc_column_text][vc_column_text]<ul><li><a href=\"https:\/\/lv.vlaanderen.be\/bio\/wetgeving\/vergunningen\/ingrepen-bij-dieren\" target=\"_blank\">Aanvraag van vergunning voor het uitvoeren van ingrepen bij dieren<\/a><\/li><li><a href=\"https:\/\/lv.vlaanderen.be\/bio\/wetgeving\/vergunningen\/verkorte-omschakeling-van-percelen\" target=\"_blank\">Aanvraag tot verkorte omschakeling van een perceel<\/a><\/li><li><a href=\"\" target=\"_blank\">Demande de d\u00e9rogation en cas de non-disponibilit\u00e9 exceptionnelle de produits biologiques (R\u00e9gion wallonne)<\/a><\/li><li><a href=\"https:\/\/www.certisys.eu\/wp-content\/uploads\/2025\/04\/FO082-v01_Formulier-aanvraag-tot-toelating-of-kennisgeving-voor-het-gebruik-van-gangbaar-teeltmateriaal-Vlaanderen_NL.pdf\" target=\"_blank\">Aanvraag tot toelating of kennisgeving voor het gebruik van gangbaar teeltmateriaal<\/a><\/li><\/ul>[\/vc_column_text][vc_column_text]<strong>Bereiders<\/strong>[\/vc_column_text][vc_column_text]<ul><li><a href=\"https:\/\/www.certisys.eu\/wp-content\/uploads\/2021\/02\/FO053-v02_Formulaire-derogation-Demande-Autorisation-Ingredient-Non-BIO_FR.pdf\" target=\"_blank\">Aanvraag van toelating voor het gebruik van niet-BIO ingredi\u00ebnten Brussel<\/a><\/li><li><a href=\"https:\/\/lv.vlaanderen.be\/nl\/bio\/wetgeving\/vergunningen\/vergunning-gebruik-niet-biologische-ingredienten\" target=\"_blank\">Aanvraag van toelating voor het gebruik van niet-biologische ingredi\u00ebnten<\/a><\/li><li><a href=\"https:\/\/www.certisys.eu\/wp-content\/uploads\/2022\/03\/GT056_v04_Declaratie-niet-GGO-NANO-Ionisatie_NL.pdf\" target=\"_blank\">Verklaring niet-GGO Nano Ioniseerde stralen FOOD<\/a><\/li><\/ul>[\/vc_column_text][vc_column_text]<strong>Kleinhandelaars<\/strong>[\/vc_column_text][vc_column_text]<ul><li><a href=\"https:\/\/economie-werk.brussels\/bio-productie-verkoop-kennisgeving\" target=\"_blank\">Aanvraag tot vrijstelling van controle voor verkooppunten van BIO producten in Brussel<\/a><\/li><\/ul>[\/vc_column_text][vc_column_text]<strong>Exporteurs<\/strong>[\/vc_column_text][vc_column_text]<ul><li><a href=\"https:\/\/www.certisys.eu\/wp-content\/uploads\/2024\/07\/F70NOPv03en-NOPIC-request-form.xlsm\" target=\"_blank\">NOPIC request form<\/a><\/li><\/ul>[\/vc_column_text][vc_separator][vc_column_text]<\/p>\n<h2><\/h2>\n<h3>Praktische gidsen<\/h3>\n<p>Ontdek<a href=\"https:\/\/www.certisys.eu\/nl\/voorschriften\/praktische-gidsen\/\"> hier<\/a> onze praktische gidsen[\/vc_column_text][vc_separator][vc_column_text]<\/p>\n<h3>Modellen<\/h3>\n<p><em>CERTISYS\u00ae heeft modeldocumenten uitgewerkt (formulieren, communicatie, standaardprocedures) om de invoering van uw systeem te vergemakkelijken en te voldoen aan de vereisten van de bioreglementering.<\/em>[\/vc_column_text][vc_column_text]<ul><li><a href=\"https:\/\/www.certisys.eu\/wp-content\/uploads\/2021\/04\/GT009-v05_Implementatie-Importprocedure_NL.pdf\" target=\"_blank\">Importprocedure van biogoederen<\/a><\/li><li><a href=\"https:\/\/www.certisys.eu\/wp-content\/uploads\/2021\/07\/GT008-v02_Technische-nota-implementatie-procedure-in-geval-van-twijfel-over-conformiteit-product_NL.pdf\" target=\"_blank\">Procedure in geval van twijfel over conformiteit product<\/a><\/li><li><a href=\"https:\/\/www.certisys.eu\/wp-content\/uploads\/2021\/04\/OR3310nl02CarnetDeCulture.pdf\" target=\"_blank\">Teeltaantekenboek<\/a><\/li><li><a href=\"https:\/\/www.certisys.eu\/wp-content\/uploads\/2021\/04\/PU4556nl01BIOvoorzorgsmaatregelen.pdf\" target=\"_blank\">Brief voor niet-biologische naburige landbouwer<\/a><\/li><li><a href=\"https:\/\/www.certisys.eu\/wp-content\/uploads\/2021\/04\/GT043_v04_Schriftelijke-overeenkomst-tussen-de-fabrikant-en-de-klant_NL.pdf\" target=\"_blank\">Uitbesteding van een BIO activiteit<\/a><\/li><li><a href=\"https:\/\/www.certisys.eu\/wp-content\/uploads\/2021\/04\/GT044-v02_Modele-Registre-Des-Reclamations-Klachtenregister-Reklamationsregister_FR-NL-DE.pdf\" target=\"_blank\">Klachtenregister<\/a><\/li><li><a href=\"https:\/\/www.certisys.eu\/wp-content\/uploads\/2022\/01\/GT007-v02-Implementatie-van-een-ontvangstprocedure_NL.pdf\" target=\"_blank\">Ontvangstprocedure bio producten<\/a><\/li><\/ul>[\/vc_column_text][vc_column_text]<\/p>\n<h2>Informatieve documenten<\/h2>\n<p>[\/vc_column_text][vc_column_text]<\/p>\n<h3>Voorstelling van CERTISYS\u00ae (PowerPoint, brochure &#8230;)<\/h3>\n<p><em>Hebt u vragen over onze werking, onze accreditatie, het gebruik van ons logo enz.? In deze documenten vindt u het antwoord.<\/em>[\/vc_column_text][vc_column_text]<ul><li><a href=\"https:\/\/www.certisys.eu\/wp-content\/uploads\/2021\/02\/093-PROD-15-F-N-E.pdf\" target=\"_blank\">Accreditatiecertificaat BELAC 093-PROD<\/a><\/li><li><a href=\"https:\/\/www.certisys.eu\/nl\/over\/teams\/\" target=\"_blank\">CERTISYS organigramme<\/a><\/li><li><a href=\"https:\/\/www.certisys.eu\/wp-content\/uploads\/2021\/02\/GT040-v03_Logobook-Gebruiksaanwijzing-voor-de-logos-van-CERTISYS\u00ae_NL-1.pdf\" target=\"_blank\">CERTISYS Logo Book<\/a><\/li><li><a href=\"https:\/\/i0.wp.com\/www.certisys.eu\/wp-content\/uploads\/2021\/02\/Logo-Certisys-Ecocert_BioCertification-1.png?fit=513%2C188&ssl=1\" target=\"_blank\">CERTISYS BIO Certification logo<\/a><\/li><li><a href=\"https:\/\/i0.wp.com\/www.certisys.eu\/wp-content\/uploads\/2021\/04\/Logo-Certisys-Ecocert_neutre.jpg?fit=1200%2C420&ssl=1\" target=\"_blank\">Neutraal CERTISYS logo<\/a><\/li><li><a href=\"https:\/\/i0.wp.com\/www.certisys.eu\/wp-content\/uploads\/2021\/04\/Logo-Certisys-Ecocert_Certification.png?fit=513%2C188&ssl=1\" target=\"_blank\">CERTISYS Certification logo<\/a><\/li><li><a href=\"https:\/\/www.certisys.eu\/nl\/over\/jaarverslagen\/\" target=\"_blank\">CERTISYS jaarverslag<\/a><\/li><\/ul>[\/vc_column_text][vc_column_text]<\/p>\n<h3>Gebruiksaanwijzingen \u2013 instructies<\/h3>\n<p>[\/vc_column_text][vc_column_text]<strong>Producenten<\/strong>[\/vc_column_text][vc_column_text]<ul><li><a href=\"https:\/\/www.certisys.eu\/wp-content\/uploads\/2021\/04\/Gebruiksaanwijzing-voor-de-Organicxseeds-database.pdf\" target=\"_blank\">Gebruiksaanwijzing voor de Organicxseeds database voor producenten<\/a><\/li><li><a href=\"https:\/\/www.certisys.eu\/wp-content\/uploads\/2021\/05\/PU4578en01GuideOXSpourFournisseursSemencesPlants.pdf\" target=\"_blank\">Gebruikershandleiding voor de OrganicXseeds website: Leveranciers van zaden en plantgoed<\/a><\/li><li><a href=\"https:\/\/www.certisys.eu\/wp-content\/uploads\/2025\/04\/FO082-v01_Formulier-aanvraag-tot-toelating-of-kennisgeving-voor-het-gebruik-van-gangbaar-teeltmateriaal-Vlaanderen_NL.pdf\" target=\"_blank\">Aanvraag tot toelating of kennisgeving voor het gebruik van gangbaar teeltmateriaal<\/a><\/li><\/ul>[\/vc_column_text][vc_column_text]<strong>Bereiders<\/strong>[\/vc_column_text][vc_column_text]<ul><li><a href=\"https:\/\/webgate.ec.europa.eu\/IMSOC\/tracesnt-help\/Content\/en\/getting-started.html#UUID-5e5bcea2-4d32-7c59-2f1c-bcabbb6e61aa_section-idm4678725410006433506808454425\" target=\"_blank\">FAQ use of TRACES<\/a><\/li><\/ul>[\/vc_column_text][vc_column_text]<\/p>\n<h3>Varia<\/h3>\n<p>[\/vc_column_text][vc_column_text]<ul><li><a href=\"https:\/\/www.certisys.eu\/wp-content\/uploads\/2021\/04\/Update-Brexit-Importations-Exportations-1-januari-2021.pdf\" target=\"_blank\">BREXIT &#8211;  Import en Export van bioproducten vanaf 1 januari 2021<\/a><\/li><\/ul>[\/vc_column_text][\/vc_column][vc_column width=&#8221;1\/6&#8243;][\/vc_column][\/vc_row][vc_row][vc_column][vc_column_text]<\/p>\n<div id=\"ConnectiveDocSignExtentionInstalled\" data-extension-version=\"1.0.4\"><\/div>\n<p>[\/vc_column_text][\/vc_column][\/vc_row]<\/p>\n<\/div>","protected":false},"excerpt":{"rendered":"<p>[vc_row css=&#8221;.vc_custom_1617284310686{padding-top: 100px !important;padding-bottom: 100px !important;background: #325338 url(https:\/\/www.certisys.eu\/wp-content\/uploads\/2021\/04\/2020-10-15-Certisys-0425.jpg?id=4266) !important;background-position: center !important;background-repeat: no-repeat !important;background-size: cover !important;}&#8221;][vc_column width=&#8221;1\/6&#8243;][\/vc_column][vc_column width=&#8221;2\/3&#8243;][vc_column_text] Bekijk de documenten [\/vc_column_text][\/vc_column][vc_column width=&#8221;1\/6&#8243;][\/vc_column][\/vc_row][vc_row][vc_column width=&#8221;1\/6&#8243;][\/vc_column][vc_column width=&#8221;2\/3&#8243;][vc_column_text] Documenten kennisgeving &amp; contracten Alle nodige documenten om uw samenwerking met CERTISYS\u00ae te starten, vindt u hier.\u00a0[\/vc_column_text][vc_column_text][\/vc_column_text][vc_column_text] Europees biolabel Offici\u00eble systemen in Belgi\u00eb en in het Groothertogdom Luxemburg:[\/vc_column_text][vc_column_text][\/vc_column_text][vc_column_text css=&#8221;&#8221;]Opgelet: Hou er [&hellip;]<\/p>\n","protected":false},"author":1,"featured_media":0,"parent":0,"menu_order":7,"comment_status":"closed","ping_status":"closed","template":"","meta":{"_acf_changed":false,"footnotes":""},"class_list":["post-6826","page","type-page","status-publish","hentry"],"acf":[],"yoast_head":"<!-- This site is optimized with the Yoast SEO plugin v26.6 - https:\/\/yoast.com\/wordpress\/plugins\/seo\/ -->\n<title>Documenten - CERTISYS<\/title>\n<meta name=\"description\" content=\"Alle nodige documenten om uw samenwerking met CERTISYS\u00ae te starten, vindt u hier.\" \/>\n<meta name=\"robots\" content=\"index, follow, max-snippet:-1, max-image-preview:large, max-video-preview:-1\" \/>\n<link rel=\"canonical\" href=\"https:\/\/www.certisys.eu\/nl\/documenten\/\" \/>\n<meta property=\"og:locale\" content=\"nl_NL\" \/>\n<meta property=\"og:type\" content=\"article\" \/>\n<meta property=\"og:title\" content=\"Documenten - CERTISYS\" \/>\n<meta property=\"og:description\" content=\"Alle nodige documenten om uw samenwerking met CERTISYS\u00ae te starten, vindt u hier.\" \/>\n<meta property=\"og:url\" content=\"https:\/\/www.certisys.eu\/nl\/documenten\/\" \/>\n<meta property=\"og:site_name\" content=\"CERTISYS\" \/>\n<meta property=\"article:modified_time\" content=\"2026-03-03T09:32:05+00:00\" \/>\n<meta name=\"twitter:card\" content=\"summary_large_image\" \/>\n<meta name=\"twitter:label1\" content=\"Geschatte leestijd\" \/>\n\t<meta name=\"twitter:data1\" content=\"3 minuten\" \/>\n<!-- \/ Yoast SEO plugin. -->","yoast_head_json":{"title":"Documenten - CERTISYS","description":"Alle nodige documenten om uw samenwerking met CERTISYS\u00ae te starten, vindt u hier.","robots":{"index":"index","follow":"follow","max-snippet":"max-snippet:-1","max-image-preview":"max-image-preview:large","max-video-preview":"max-video-preview:-1"},"canonical":"https:\/\/www.certisys.eu\/nl\/documenten\/","og_locale":"nl_NL","og_type":"article","og_title":"Documenten - CERTISYS","og_description":"Alle nodige documenten om uw samenwerking met CERTISYS\u00ae te starten, vindt u hier.","og_url":"https:\/\/www.certisys.eu\/nl\/documenten\/","og_site_name":"CERTISYS","article_modified_time":"2026-03-03T09:32:05+00:00","twitter_card":"summary_large_image","twitter_misc":{"Geschatte leestijd":"3 minuten"},"schema":{"@context":"https:\/\/schema.org","@graph":[{"@type":"WebPage","@id":"https:\/\/www.certisys.eu\/nl\/documenten\/","url":"https:\/\/www.certisys.eu\/nl\/documenten\/","name":"Documenten - CERTISYS","isPartOf":{"@id":"https:\/\/www.certisys.eu\/nl\/#website"},"datePublished":"2020-10-12T08:23:28+00:00","dateModified":"2026-03-03T09:32:05+00:00","description":"Alle nodige documenten om uw samenwerking met CERTISYS\u00ae te starten, vindt u hier.","breadcrumb":{"@id":"https:\/\/www.certisys.eu\/nl\/documenten\/#breadcrumb"},"inLanguage":"nl-NL","potentialAction":[{"@type":"ReadAction","target":["https:\/\/www.certisys.eu\/nl\/documenten\/"]}]},{"@type":"BreadcrumbList","@id":"https:\/\/www.certisys.eu\/nl\/documenten\/#breadcrumb","itemListElement":[{"@type":"ListItem","position":1,"name":"Home","item":"https:\/\/www.certisys.eu\/nl\/"},{"@type":"ListItem","position":2,"name":"Documenten"}]},{"@type":"WebSite","@id":"https:\/\/www.certisys.eu\/nl\/#website","url":"https:\/\/www.certisys.eu\/nl\/","name":"CERTISYS","description":"Bio Certification","potentialAction":[{"@type":"SearchAction","target":{"@type":"EntryPoint","urlTemplate":"https:\/\/www.certisys.eu\/nl\/?s={search_term_string}"},"query-input":{"@type":"PropertyValueSpecification","valueRequired":true,"valueName":"search_term_string"}}],"inLanguage":"nl-NL"}]}},"jetpack_sharing_enabled":true,"_links":{"self":[{"href":"https:\/\/www.certisys.eu\/nl\/wp-json\/wp\/v2\/pages\/6826","targetHints":{"allow":["GET"]}}],"collection":[{"href":"https:\/\/www.certisys.eu\/nl\/wp-json\/wp\/v2\/pages"}],"about":[{"href":"https:\/\/www.certisys.eu\/nl\/wp-json\/wp\/v2\/types\/page"}],"author":[{"embeddable":true,"href":"https:\/\/www.certisys.eu\/nl\/wp-json\/wp\/v2\/users\/1"}],"replies":[{"embeddable":true,"href":"https:\/\/www.certisys.eu\/nl\/wp-json\/wp\/v2\/comments?post=6826"}],"version-history":[{"count":29,"href":"https:\/\/www.certisys.eu\/nl\/wp-json\/wp\/v2\/pages\/6826\/revisions"}],"predecessor-version":[{"id":76447,"href":"https:\/\/www.certisys.eu\/nl\/wp-json\/wp\/v2\/pages\/6826\/revisions\/76447"}],"wp:attachment":[{"href":"https:\/\/www.certisys.eu\/nl\/wp-json\/wp\/v2\/media?parent=6826"}],"curies":[{"name":"wp","href":"https:\/\/api.w.org\/{rel}","templated":true}]}}