{"id":5280,"date":"2020-10-12T10:28:41","date_gmt":"2020-10-12T08:28:41","guid":{"rendered":"https:\/\/certisys.poush.be\/cosmetiques-et-nettoyage\/"},"modified":"2024-08-07T22:18:25","modified_gmt":"2024-08-07T20:18:25","slug":"cosmetica-en-reiniging","status":"publish","type":"page","link":"https:\/\/www.certisys.eu\/nl\/mijn-activiteit\/cosmetica-en-reiniging\/","title":{"rendered":"Cosmetica en Reiniging"},"content":{"rendered":"<div class=\"wpb-content-wrapper\"><p>[vc_row content_placement=&#8221;middle&#8221; css=&#8221;.vc_custom_1615465707679{padding-bottom: 80px !important;}&#8221;][vc_column width=&#8221;2\/3&#8243; offset=&#8221;vc_col-lg-offset-3 vc_col-lg-6&#8243; css=&#8221;.vc_custom_1615465726560{padding-top: 0px !important;}&#8221;][vc_single_image image=&#8221;1658&#8243; img_size=&#8221;100&#215;145&#8243; alignment=&#8221;center&#8221; css_animation=&#8221;fadeInDown&#8221; css=&#8221;.vc_custom_1615480043742{margin-top: -70px !important;}&#8221;][vc_column_text]<\/p>\n<p style=\"text-align: center;\">Wilt u uw cosmetica, producten voor in huis en luchtverfrissers laten certificeren met een label waarmee u de samenstelling kunt opwaarderen en uw duurzame aanpak in de kijker kunt zetten? Het Europese biolabel geldt niet voor dergelijke producten. U kunt echter opteren voor het <a href=\"https:\/\/ecogarantie.eu\/nl\/\" target=\"_blank\" rel=\"noopener\"><strong>Ecogarantie\u00ae-label<\/strong><\/a>. Dat label werkt met een <strong>priv\u00e9lastenboek dat de Europese bioreglementering aanvult.<\/strong> U kunt bij CERTISYS\u00ae terecht voor de Ecogarantie\u00ae-certificatie.<\/p>\n<p>[\/vc_column_text][\/vc_column][\/vc_row][vc_row][vc_column width=&#8221;1\/2&#8243; css=&#8221;.vc_custom_1616681644708{margin-left: 10% !important;}&#8221;][vc_column_text]<\/p>\n<h2 style=\"text-align: left;\">Wat is uw bioactiviteit?<\/h2>\n<p>Verkoopt u <strong>ecologische producten <\/strong>die <strong>niet onder de Europese reglementering vallen <\/strong>maar die u toch wilt opwaarderen? Kies dan voor het <strong>Ecogarantie\u00ae-lastenboek.<\/strong> Het Ecogarantie\u00ae-lastenboek is een priv\u00e9norm die werd ontwikkeld voor de certificatie van <strong>cosmetica, schoonmaakproducten, zeezout en sprays, verstuivers, luchtverfrissers <\/strong>enz. Wilt u een Ecogarantie\u00ae-certificatie? Dan zorgt CERTISYS\u00ae zowel voor de controle als voor de certificatie van uw producten. CERTISYS\u00ae bezorgt u een conformiteitsattest en vervolgens kunt u het merk &#8216;Ecogarantie\u00ae&#8217; aanbrengen op uw producten.<\/p>\n<p>Het Ecogarantie\u00ae-label is een initiatief van de spelers uit de biosector (producenten, verwerkers, consumenten en technische organisaties). Het is eigendom van en wordt beheerd door de vakvereniging <strong>Probila-Unitrab<\/strong> die de belangen verdedigt van de verwerkers en verdelers uit de biosector (food en non-food).<\/p>\n<p>Ecogarantie is expert in de bescherming van de natuur. Het is <strong>het meest veeleisende <\/strong>ecologische label: alle ingredi\u00ebnten van plantaardige oorsprong (essenti\u00eble oli\u00ebn, klei, alo\u00eb vera &#8230;) zijn <strong>100% biologisch.<\/strong>[\/vc_column_text][\/vc_column][vc_column width=&#8221;1\/2&#8243;][vc_single_image image=&#8221;4111&#8243; img_size=&#8221;full&#8221; alignment=&#8221;center&#8221; css=&#8221;.vc_custom_1616682028568{margin-top: 10% !important;}&#8221;][\/vc_column][\/vc_row][vc_row css=&#8221;.vc_custom_1614846917657{padding-top: 50px !important;padding-bottom: 80px !important;background-color: #f0f3f1 !important;}&#8221;][vc_column width=&#8221;1\/6&#8243;][\/vc_column][vc_column width=&#8221;2\/3&#8243;][vc_column_text]<\/p>\n<h2 style=\"text-align: center;\">Welke informatie is essentieel om uw cosmetica en schoonmaakproducten te laten certificeren met Ecogarantie\u00ae?<\/h2>\n<p style=\"text-align: center;\">Wanneer een product het Ecogarantie\u00ae-label draagt, krijgt de consument de garantie dat het voldoet aan zeer strikte vereisten op het vlak van ecologische kwaliteit.\u00a0\u00a0 Daarbij wordt rekening gehouden met tal van aspecten, zoals <strong>de<\/strong> <strong>biologische herkomst van de ingredi\u00ebnten <\/strong>uit de landbouw, de <strong>levenscyclus <\/strong>van het product, de <strong>biologische afbreekbaarheid &#8230;<\/strong><\/p>\n<p>[\/vc_column_text][vc_tta_accordion style=&#8221;modern&#8221; shape=&#8221;round&#8221; color=&#8221;white&#8221; c_position=&#8221;right&#8221; active_section=&#8221;100&#8243; no_fill=&#8221;true&#8221; collapsible_all=&#8221;true&#8221;][vc_tta_section title=&#8221;Naleving van het lastenboek&#8221; tab_id=&#8221;lastenboek&#8221;][vc_row_inner][vc_column_inner width=&#8221;1\/2&#8243;][vc_column_text]Controleer eerst of uw producten voldoen aan de algemene vereisten van het <a href=\"https:\/\/www.certisys.eu\/wp-content\/uploads\/2021\/03\/06_11_24_CDC_Ecogarantie-1.pdf\">Ecogarantie\u00ae-lastenboek<\/a><\/p>\n<p>[\/vc_column_text][\/vc_column_inner][vc_column_inner width=&#8221;1\/2&#8243;][vc_single_image image=&#8221;3233&#8243; img_size=&#8221;500&#215;300&#8243;][\/vc_column_inner][\/vc_row_inner][\/vc_tta_section][vc_tta_section title=&#8221;Conformiteit van de recepten&#8221; tab_id=&#8221;recepten&#8221;][vc_row_inner][vc_column_inner width=&#8221;1\/2&#8243;][vc_column_text]U moet aantonen dat de recepten\/samenstellingen van uw producten overeenstemmen met de laatste versie van het Ecogarantie\u00ae-lastenboek. Om <strong>de geldigheid van uw recepten te beoordelen, <\/strong>doet u dus een beroep op het <a href=\"https:\/\/www.certisys.eu\/wp-content\/uploads\/2021\/03\/06_11_24_CDC_Ecogarantie-1.pdf\">Ecogarantie\u00ae-lastenboek.<\/a>[\/vc_column_text][\/vc_column_inner][vc_column_inner width=&#8221;1\/2&#8243;][vc_single_image image=&#8221;3201&#8243; img_size=&#8221;500&#215;200&#8243;][\/vc_column_inner][\/vc_row_inner][\/vc_tta_section][vc_tta_section title=&#8221;Conformiteit van de etiketten en verpakkingen&#8221; tab_id=&#8221;etiketten-verpakkingen&#8221;][vc_row_inner][vc_column_inner width=&#8221;1\/2&#8243;][vc_column_text]Uw etiketten en verpakkingen moeten voldoen aan de regels van bijlage II van het Ecogarantie\u00ae-lastenboek (Logo Book).<\/p>\n<p>Elk <strong>nieuw etiket, <\/strong>of het nu gaat om een nieuw product of een designwijziging, moet <strong>aan CERTISYS\u00ae worden overgemaakt. <\/strong>Het is uw verantwoordelijkheid om de geldende wettelijke bepalingen na te leven bij het op de markt brengen van cosmetica en\/of schoonmaakproducten.<\/p>\n<p>Wij herinneren u eraan dat deze stappen moeten worden gezet <strong>v\u00f3\u00f3r de verkoop <\/strong>van een product met het label Ecogarantie\u00ae. Een <strong>nieuw product<\/strong> mag pas op de markt worden gebracht <strong>na uitgifte van een &#8216;ECOGARANTIE&#8217;-certificaat door CERTISYS\u00ae.<\/strong>[\/vc_column_text][\/vc_column_inner][vc_column_inner width=&#8221;1\/2&#8243;][vc_single_image image=&#8221;3333&#8243; img_size=&#8221;500&#215;450&#8243;][\/vc_column_inner][\/vc_row_inner][\/vc_tta_section][vc_tta_section title=&#8221;Communicatie van wijzigingen in uw activiteit&#8221; tab_id=&#8221;communicatie&#8221;][vc_column_text]Belangrijke wijzigingen in uw activiteit moeten ons eveneens worden meegedeeld (<strong>verhuizing, andere persoon <\/strong>die instaat voor het Ecogarantie\u00ae-dossier binnen uw bedrijf, productieproces &#8230;). Hetzelfde geldt voor wijzigingen van <strong>formules, ingredi\u00ebnten, leveranciers, etiketten <\/strong>of verpakkingen v\u00f3\u00f3r het <strong>gewijzigde product <\/strong>op de markt wordt gebracht.[\/vc_column_text][\/vc_tta_section][\/vc_tta_accordion][\/vc_column][vc_column width=&#8221;1\/6&#8243;][\/vc_column][\/vc_row][vc_row css=&#8221;.vc_custom_1614853263792{padding-top: 50px !important;padding-bottom: 80px !important;background-color: #335439 !important;}&#8221;][vc_column width=&#8221;1\/6&#8243;][\/vc_column][vc_column width=&#8221;2\/3&#8243;][vc_column_text el_class=&#8221;custom-white&#8221;]<\/p>\n<h2 style=\"text-align: center;\">Hoe verloopt uw Ecogarantie\u00ae-controle?<\/h2>\n<p style=\"text-align: center;\">Een van onze controleurs neemt contact met u op om een afspraak te maken voor een eerste audit.<\/p>\n<p>[\/vc_column_text][vc_tta_accordion style=&#8221;modern&#8221; shape=&#8221;round&#8221; color=&#8221;white&#8221; c_position=&#8221;right&#8221; active_section=&#8221;100&#8243; no_fill=&#8221;true&#8221; collapsible_all=&#8221;true&#8221;][vc_tta_section title=&#8221;Welke punten worden nagekeken tijdens uw controle?&#8221; tab_id=&#8221;punten&#8221;][vc_row_inner][vc_column_inner width=&#8221;1\/2&#8243;][vc_column_text el_class=&#8221;custom-white&#8221;]<\/p>\n<ul>\n<li>De <strong>ingredi\u00ebnten <\/strong>(de grondstoffen uit de landbouw moeten van biologische oorsprong zijn) en de <strong>biogaranties <\/strong>van de leveranciers. Let goed op de geldigheidsdatum van de certificaten en ga na of elke grondstof wel degelijk een certificaat heeft<\/li>\n<li>De <strong>recepten\/samenstellingen <\/strong>en <strong>productieprocessen<\/strong><\/li>\n<li>De overeenstemming tussen de hoeveelheid<strong> aangekochte en verkochte producten<\/strong><\/li>\n<li>De <strong>productie- en opslagplaatsen<\/strong><\/li>\n<li>De <strong>maatregelen<\/strong> om de conventionele producten te <strong>scheiden<\/strong> van de gecertificeerde producten<\/li>\n<li>De <strong>etiketten <\/strong>en <strong>verpakkingen <\/strong>(gebruikte materialen)<\/li>\n<li>\u2026<\/li>\n<\/ul>\n<p><strong>Besteedt u <\/strong>de volledige of gedeeltelijke productie van uw producten uit aan een <strong>ander bedrijf, <\/strong>dan moet dat bedrijf ook <strong>worden gecontroleerd.<\/strong>[\/vc_column_text][\/vc_column_inner][vc_column_inner width=&#8221;1\/2&#8243;][vc_single_image image=&#8221;5615&#8243; img_size=&#8221;500&#215;500&#8243;][\/vc_column_inner][\/vc_row_inner][vc_row_inner][vc_column_inner width=&#8221;1\/2&#8243;][vc_single_image image=&#8221;5611&#8243; img_size=&#8221;500&#215;500&#8243;][\/vc_column_inner][vc_column_inner width=&#8221;1\/2&#8243;][vc_column_text el_class=&#8221;custom-white&#8221;]Er kunnen op elk moment in het productieproces <strong>stalen worden genomen: <\/strong>van de grondstof tot het afgewerkte product, en tijdens alle tussenstadia. Deze stalen worden geanalyseerd door een erkend en onafhankelijk laboratorium.<\/p>\n<p>Na afloop van zijn bezoek stelt de controleur een <strong>controleverslag <\/strong>op en bespreekt hij samen met u wat beter moet, net als eventuele gebreken. Na <strong>ondertekening door beide partijen<\/strong> ontvangt u een kopie van het verslag. Vervolgens legt de controleur het verslag voor aan het certificatieteam om een beslissing te nemen en de certificaten op te stellen.[\/vc_column_text][\/vc_column_inner][\/vc_row_inner][\/vc_tta_section][vc_tta_section title=&#8221;Welke belangrijke documenten moet u invullen en voorleggen bij een controle?&#8221; tab_id=&#8221;documenten&#8221;][vc_row_inner][vc_column_inner width=&#8221;1\/2&#8243;][vc_column_text el_class=&#8221;custom-white&#8221;]<\/p>\n<h3>Een beoordeling van de ingredi\u00ebnten<\/h3>\n<ul>\n<li>Voor elk verwerkt ingredi\u00ebnt moet een <strong>ingredi\u00ebntenformulier <\/strong>worden ingevuld. Dat document kunt u aanvragen via<a href=\"mailto:info@certisys.eu\"> info@certisys.eu<\/a>.<\/li>\n<li>De <strong>kopie\u00ebn van de technische fiches <\/strong>(MSDS \u2013 Material Safety Data Sheet) van elk ingredi\u00ebnt moeten worden voorgelegd.<\/li>\n<li>De <strong>biocertificaten <\/strong>van elk ingredi\u00ebnt uit de biologische landbouw moeten beschikbaar zijn.<\/li>\n<\/ul>\n<p>[\/vc_column_text][vc_column_text el_class=&#8221;custom-white&#8221;]<\/p>\n<h3>Een beoordeling van de te certificeren producten<\/h3>\n<p>Indien uw productieproces geen eenvoudige mengeling is, moet u een formulier invullen waarin uw productieproces wordt beschreven.[\/vc_column_text][\/vc_column_inner][vc_column_inner width=&#8221;1\/2&#8243;][vc_single_image image=&#8221;3377&#8243; img_size=&#8221;500&#215;500&#8243;][\/vc_column_inner][\/vc_row_inner][vc_row_inner][vc_column_inner width=&#8221;1\/2&#8243;][vc_single_image image=&#8221;1490&#8243; img_size=&#8221;500&#215;500&#8243;][\/vc_column_inner][vc_column_inner width=&#8221;1\/2&#8243;][vc_column_text el_class=&#8221;custom-white&#8221;]<\/p>\n<h3>Opvolgingstabel van de te certificeren producten en ingredi\u00ebnten<\/h3>\n<p>Dit is een Excelbestand met vier tabbladen:<\/p>\n<ul>\n<li><strong>Te certificeren producten \/ Products to certify: <\/strong>vermeld de handelsnaam van uw producten zoals u die wilt zien op het certificaat. Wilt u een certificaat in een andere taal? Vul dan de betrokken kolommen in.<\/li>\n<li><strong>Grondstoffen \/ Raw materials: <\/strong>som alle gebruikte ingredi\u00ebnten op, samen met hun INCI- of CAS-code indien van toepassing, en de leverancier.<\/li>\n<li><strong>Grondstoffen en producten \/ Raw materials and products: <\/strong>dit is een tabel met twee ingangen om de informatie uit de twee vorige tabbladen met elkaar te combineren. Enerzijds worden de lijnen met de verschillende ingredi\u00ebnten overgenomen en anderzijds de kolommen met de nummers van de verschillende producten. Vervolgens wordt met een kruisje aangeduid welke ingredi\u00ebnten voor welke producten worden gebruikt.<\/li>\n<li><strong>Historiek van de wijzigingen \/ Modification history: <\/strong>in dit tabblad kunnen de wijzigingen worden opgevolgd die worden aangebracht aan het document (toevoeging nieuw product, vervanging van een ingredi\u00ebnt door een ander, verandering van leverancier, schrapping van een product &#8230;) <strong>Bij wijzigingen <\/strong>vragen wij u om ons <strong>de bijgewerkte tabel te bezorgen<\/strong>, alsook de betrokken vragenlijsten zodat uw validatieverzoek snel kan worden verwerkt.<\/li>\n<\/ul>\n<p>[\/vc_column_text][\/vc_column_inner][\/vc_row_inner][\/vc_tta_section][\/vc_tta_accordion][\/vc_column][vc_column width=&#8221;1\/6&#8243;][\/vc_column][\/vc_row][vc_row full_width=&#8221;stretch_row_content_no_spaces&#8221; css=&#8221;.vc_custom_1637930631741{margin-bottom: 50px !important;padding-top: 300px !important;background-image: url(https:\/\/www.certisys.eu\/wp-content\/uploads\/2021\/02\/certisys-image-25.jpg?id=3236) !important;background-position: center !important;background-repeat: no-repeat !important;background-size: cover !important;}&#8221; el_id=&#8221;info-pakket&#8221;][vc_column][\/vc_column][\/vc_row][vc_row css=&#8221;.vc_custom_1605630039270{padding-bottom: 150px !important;background-image: url(https:\/\/www.certisys.eu\/wp-content\/uploads\/2020\/10\/bg-3-1.png?id=892) !important;}&#8221; el_class=&#8221;custom-lastrow&#8221;][vc_column offset=&#8221;vc_col-lg-offset-3 vc_col-lg-6 vc_col-md-offset-2 vc_col-md-8&#8243;][vc_column_text css=&#8221;.vc_custom_1723061897838{border-top-width: 6px !important;border-right-width: 6px !important;border-bottom-width: 6px !important;border-left-width: 6px !important;padding-top: 20px !important;padding-right: 20px !important;padding-bottom: 20px !important;padding-left: 20px !important;border-left-style: solid !important;border-right-style: solid !important;border-top-style: solid !important;border-bottom-style: solid !important;border-radius: 2px !important;border-color: #e2002a !important;}&#8221;]<\/p>\n<h2>Uw info pakket om uw producten Ecogarantie\u00ae te laten certifieren.<\/h2>\n<h4>Nuttige info<\/h4>\n<ul>\n<li><a href=\"https:\/\/www.certisys.eu\/wp-content\/uploads\/2021\/02\/PU4501nl04BrochureCorporateCertisys2017.pdf\">Wie is Certisys?<\/a><\/li>\n<li>De bio cijfers per activiteitensector bij Certisys? <a href=\"https:\/\/www.certisys.eu\/wp-content\/uploads\/2021\/06\/PU5003nl02_Certisys_Jaarlijks-activiteitenverslag_NL.pdf\">\u00a0<\/a><a href=\"https:\/\/www.certisys.eu\/nl\/over\/jaarverslagen\/\">Vindt ze terug in ons jaarlijks activiteitenverslag<\/a><\/li>\n<li>Wilt u het CERTISYS-merk gebruiken? Lees meer in ons &#8220;<a href=\"https:\/\/www.certisys.eu\/wp-content\/uploads\/2021\/02\/GT040-v03_Logobook-Gebruiksaanwijzing-voor-de-logos-van-CERTISYS\u00ae_NL.pdf\">Document voor het gebruik van het Certisys-merk<\/a>&#8220;.<\/li>\n<li><a href=\"https:\/\/www.certisys.eu\/wp-content\/uploads\/2021\/02\/Control-Ecogarantie_English-version-1.pdf\">Wat moet u weten om het label Ecogarantie\u00ae te bekomen?<\/a><\/li>\n<li>Wat is het<a href=\"https:\/\/www.certisys.eu\/wp-content\/uploads\/2026\/01\/TA014-v05_Tarieven-Bereider-Ecogarantie_2026_NL.pdf\"> tarief voor Belgi\u00eb<\/a>? Wat is <a href=\"https:\/\/www.certisys.eu\/wp-content\/uploads\/2026\/01\/TA015-v05_Tarief-Buitenlandse-Bereiders_EG_2026_NL.pdf\">het tarief voor het buitenland<\/a>?<\/li>\n<li>Hoeveel bedragen de <a href=\"https:\/\/www.certisys.eu\/wp-content\/uploads\/2021\/06\/Berekening-Royalties-EG.pdf\">royalties<\/a>?<\/li>\n<li>Bekijk het <a href=\"https:\/\/www.certisys.eu\/wp-content\/uploads\/2021\/03\/06_11_24_CDC_Ecogarantie-1.pdf\">algemene lastenboek Ecogarantie\u00ae<\/a><\/li>\n<\/ul>\n<h4>Documenten die u moet invullen om een bio certificatie dossier bij Certisys te openen.<\/h4>\n<ul>\n<li><a href=\"https:\/\/www.certisys.eu\/wp-content\/uploads\/2022\/01\/CO001-v03_Contract-BIO-Belgie_NL.pdf\">Het contract van dienstverlening<u>.<\/u><\/a><\/li>\n<li><a href=\"https:\/\/www.certisys.eu\/wp-content\/uploads\/2021\/02\/Agreement-Ecogarantie_2021.pdf\">Uw overeenkomst met Probila-Unitrab<\/a><u><\/u><\/li>\n<\/ul>\n<h4>Hoe versturen?<\/h4>\n<p>Stuur ons de documenten volledig ingevuld en ondertekend terug per e-mail naar <a href=\"mailto:info@certisys.eu\">info@certisys.eu<\/a>, enkel per PDF-formaat.<\/p>\n<div id=\"ConnectiveDocSignExtentionInstalled\" data-extension-version=\"1.0.4\"><\/div>\n<p>[\/vc_column_text][\/vc_column][vc_column][vc_widget_sidebar sidebar_id=&#8221;cta-activite&#8221;][\/vc_column][\/vc_row]<\/p>\n<\/div>","protected":false},"excerpt":{"rendered":"<p>[vc_row content_placement=&#8221;middle&#8221; css=&#8221;.vc_custom_1615465707679{padding-bottom: 80px !important;}&#8221;][vc_column width=&#8221;2\/3&#8243; offset=&#8221;vc_col-lg-offset-3 vc_col-lg-6&#8243; css=&#8221;.vc_custom_1615465726560{padding-top: 0px !important;}&#8221;][vc_single_image image=&#8221;1658&#8243; img_size=&#8221;100&#215;145&#8243; alignment=&#8221;center&#8221; css_animation=&#8221;fadeInDown&#8221; css=&#8221;.vc_custom_1615480043742{margin-top: -70px !important;}&#8221;][vc_column_text] Wilt u uw cosmetica, producten voor in huis en luchtverfrissers laten certificeren met een label waarmee u de samenstelling kunt opwaarderen en uw duurzame aanpak in de kijker kunt zetten? Het Europese biolabel geldt niet voor dergelijke [&hellip;]<\/p>\n","protected":false},"author":1,"featured_media":0,"parent":5903,"menu_order":6,"comment_status":"closed","ping_status":"closed","template":"","meta":{"_acf_changed":false,"footnotes":""},"class_list":["post-5280","page","type-page","status-publish","hentry"],"acf":[],"yoast_head":"<!-- This site is optimized with the Yoast SEO plugin v27.4 - https:\/\/yoast.com\/product\/yoast-seo-wordpress\/ -->\n<title>Cosmetica en Reiniging - CERTISYS<\/title>\n<meta name=\"description\" content=\"Dit keurmerk werkt volgens particuliere specificaties die een aanvulling vormen op de Europese regelgeving inzake biologische landbouw. Voor de Ecogarantie\u00ae-certificering kunt u terecht bij CERTISYS\u00ae.\" \/>\n<meta name=\"robots\" content=\"index, follow, max-snippet:-1, max-image-preview:large, max-video-preview:-1\" \/>\n<link rel=\"canonical\" href=\"https:\/\/www.certisys.eu\/nl\/mijn-activiteit\/cosmetica-en-reiniging\/\" \/>\n<meta property=\"og:locale\" content=\"nl_NL\" \/>\n<meta property=\"og:type\" content=\"article\" \/>\n<meta property=\"og:title\" content=\"Cosmetica en Reiniging - CERTISYS\" \/>\n<meta property=\"og:description\" content=\"Dit keurmerk werkt volgens particuliere specificaties die een aanvulling vormen op de Europese regelgeving inzake biologische landbouw. Voor de Ecogarantie\u00ae-certificering kunt u terecht bij CERTISYS\u00ae.\" \/>\n<meta property=\"og:url\" content=\"https:\/\/www.certisys.eu\/nl\/mijn-activiteit\/cosmetica-en-reiniging\/\" \/>\n<meta property=\"og:site_name\" content=\"CERTISYS\" \/>\n<meta property=\"article:modified_time\" content=\"2024-08-07T20:18:25+00:00\" \/>\n<meta name=\"twitter:card\" content=\"summary_large_image\" \/>\n<meta name=\"twitter:label1\" content=\"Geschatte leestijd\" \/>\n\t<meta name=\"twitter:data1\" content=\"6 minuten\" \/>\n<!-- \/ Yoast SEO plugin. -->","yoast_head_json":{"title":"Cosmetica en Reiniging - CERTISYS","description":"Dit keurmerk werkt volgens particuliere specificaties die een aanvulling vormen op de Europese regelgeving inzake biologische landbouw. Voor de Ecogarantie\u00ae-certificering kunt u terecht bij CERTISYS\u00ae.","robots":{"index":"index","follow":"follow","max-snippet":"max-snippet:-1","max-image-preview":"max-image-preview:large","max-video-preview":"max-video-preview:-1"},"canonical":"https:\/\/www.certisys.eu\/nl\/mijn-activiteit\/cosmetica-en-reiniging\/","og_locale":"nl_NL","og_type":"article","og_title":"Cosmetica en Reiniging - CERTISYS","og_description":"Dit keurmerk werkt volgens particuliere specificaties die een aanvulling vormen op de Europese regelgeving inzake biologische landbouw. Voor de Ecogarantie\u00ae-certificering kunt u terecht bij CERTISYS\u00ae.","og_url":"https:\/\/www.certisys.eu\/nl\/mijn-activiteit\/cosmetica-en-reiniging\/","og_site_name":"CERTISYS","article_modified_time":"2024-08-07T20:18:25+00:00","twitter_card":"summary_large_image","twitter_misc":{"Geschatte leestijd":"6 minuten"},"schema":{"@context":"https:\/\/schema.org","@graph":[{"@type":"WebPage","@id":"https:\/\/www.certisys.eu\/nl\/mijn-activiteit\/cosmetica-en-reiniging\/","url":"https:\/\/www.certisys.eu\/nl\/mijn-activiteit\/cosmetica-en-reiniging\/","name":"Cosmetica en Reiniging - CERTISYS","isPartOf":{"@id":"https:\/\/www.certisys.eu\/nl\/#website"},"datePublished":"2020-10-12T08:28:41+00:00","dateModified":"2024-08-07T20:18:25+00:00","description":"Dit keurmerk werkt volgens particuliere specificaties die een aanvulling vormen op de Europese regelgeving inzake biologische landbouw. Voor de Ecogarantie\u00ae-certificering kunt u terecht bij CERTISYS\u00ae.","breadcrumb":{"@id":"https:\/\/www.certisys.eu\/nl\/mijn-activiteit\/cosmetica-en-reiniging\/#breadcrumb"},"inLanguage":"nl-NL","potentialAction":[{"@type":"ReadAction","target":["https:\/\/www.certisys.eu\/nl\/mijn-activiteit\/cosmetica-en-reiniging\/"]}]},{"@type":"BreadcrumbList","@id":"https:\/\/www.certisys.eu\/nl\/mijn-activiteit\/cosmetica-en-reiniging\/#breadcrumb","itemListElement":[{"@type":"ListItem","position":1,"name":"Home","item":"https:\/\/www.certisys.eu\/nl\/"},{"@type":"ListItem","position":2,"name":"Mijn activiteit","item":"https:\/\/www.certisys.eu\/nl\/my-activity\/"},{"@type":"ListItem","position":3,"name":"Cosmetica en Reiniging"}]},{"@type":"WebSite","@id":"https:\/\/www.certisys.eu\/nl\/#website","url":"https:\/\/www.certisys.eu\/nl\/","name":"CERTISYS","description":"Bio Certification","potentialAction":[{"@type":"SearchAction","target":{"@type":"EntryPoint","urlTemplate":"https:\/\/www.certisys.eu\/nl\/?s={search_term_string}"},"query-input":{"@type":"PropertyValueSpecification","valueRequired":true,"valueName":"search_term_string"}}],"inLanguage":"nl-NL"}]}},"_links":{"self":[{"href":"https:\/\/www.certisys.eu\/nl\/wp-json\/wp\/v2\/pages\/5280","targetHints":{"allow":["GET"]}}],"collection":[{"href":"https:\/\/www.certisys.eu\/nl\/wp-json\/wp\/v2\/pages"}],"about":[{"href":"https:\/\/www.certisys.eu\/nl\/wp-json\/wp\/v2\/types\/page"}],"author":[{"embeddable":true,"href":"https:\/\/www.certisys.eu\/nl\/wp-json\/wp\/v2\/users\/1"}],"replies":[{"embeddable":true,"href":"https:\/\/www.certisys.eu\/nl\/wp-json\/wp\/v2\/comments?post=5280"}],"version-history":[{"count":31,"href":"https:\/\/www.certisys.eu\/nl\/wp-json\/wp\/v2\/pages\/5280\/revisions"}],"predecessor-version":[{"id":34394,"href":"https:\/\/www.certisys.eu\/nl\/wp-json\/wp\/v2\/pages\/5280\/revisions\/34394"}],"up":[{"embeddable":true,"href":"https:\/\/www.certisys.eu\/nl\/wp-json\/wp\/v2\/pages\/5903"}],"wp:attachment":[{"href":"https:\/\/www.certisys.eu\/nl\/wp-json\/wp\/v2\/media?parent=5280"}],"curies":[{"name":"wp","href":"https:\/\/api.w.org\/{rel}","templated":true}]}}