{"id":35560,"date":"2024-10-01T14:00:15","date_gmt":"2024-10-01T12:00:15","guid":{"rendered":"https:\/\/www.certisys.eu\/?page_id=35560"},"modified":"2024-11-19T13:07:16","modified_gmt":"2024-11-19T11:07:16","slug":"cosmetica","status":"publish","type":"page","link":"https:\/\/www.certisys.eu\/nl\/keurmerken-en-certificeringen\/ecoproducten\/cosmetica\/","title":{"rendered":"Cosmetica"},"content":{"rendered":"<div class=\"wpb-content-wrapper\"><p>[vc_row content_placement=&#8221;middle&#8221; css=&#8221;.vc_custom_1666872337142{padding-bottom: 50px !important;}&#8221;][vc_column width=&#8221;2\/3&#8243; offset=&#8221;vc_col-lg-offset-2 vc_col-lg-8&#8243; css=&#8221;.vc_custom_1666692642473{padding-top: 0px !important;}&#8221;][vc_column_text css=&#8221;&#8221;]<\/p>\n<h2 style=\"text-align: center;\">Wilt u uw natuurlijke en\/of biologische cosmetica laten certificeren?<\/h2>\n<p>[\/vc_column_text][vc_column_text css=&#8221;&#8221;]<\/p>\n<p style=\"text-align: center;\">CERTISYS\u00ae biedt u verschillende opties aan.<\/p>\n<p>[\/vc_column_text][\/vc_column][\/vc_row][vc_row css=&#8221;.vc_custom_1729512229114{background-color: #f0f3f1 !important;}&#8221;][vc_column css=&#8221;.vc_custom_1616056778505{padding-top: 0px !important;}&#8221; offset=&#8221;vc_col-lg-offset-2 vc_col-lg-8 vc_col-md-offset-1 vc_col-md-10&#8243;][vc_single_image image=&#8221;36933&#8243; img_size=&#8221;150&#215;150&#8243; alignment=&#8221;center&#8221; css=&#8221;.vc_custom_1729512755322{margin-bottom: 0px !important;padding-top: 20px !important;padding-right: 20px !important;padding-bottom: 20px !important;padding-left: 20px !important;border-radius: 15px !important;}&#8221;][vc_column_text css=&#8221;&#8221;]<\/p>\n<h3 style=\"text-align: center;\">International Natural and Organic Cosmetics Association<\/h3>\n<p>[\/vc_column_text][vc_row_inner gap=&#8221;25&#8243;][vc_column_inner width=&#8221;1\/3&#8243;][vc_column_text css=&#8221;&#8221;]<em><strong> Wat is het doel van de NATRUE-certificering? <\/strong><\/em>[\/vc_column_text][\/vc_column_inner][vc_column_inner width=&#8221;2\/3&#8243;][vc_column_text css=&#8221;&#8221;]Met de NATRUE-certificering kunt u uw natuurlijke en biologische cosmetica wereldwijd promoten, beschermen en op de markt brengen.[\/vc_column_text][\/vc_column_inner][\/vc_row_inner][vc_separator][vc_row_inner gap=&#8221;25&#8243;][vc_column_inner width=&#8221;1\/3&#8243;][vc_column_text css=&#8221;&#8221;]<em><strong> Wat zijn de belangrijkste garanties van de NATRUE-certificering? <\/strong><\/em>[\/vc_column_text][\/vc_column_inner][vc_column_inner width=&#8221;2\/3&#8243;][vc_column_text css=&#8221;&#8221;]<\/p>\n<ul>\n<li>Natuurlijke en biologische cosmetica van de hoogste kwaliteit promoten, op de markt brengen en garanderen aan consumenten.<\/li>\n<li>Duurzame innovatie en verantwoorde consumptie ondersteunen.<\/li>\n<li>Het milieu beschermen en afvalvermindering bevorderen.<\/li>\n<li>Dierenwelzijn verdedigen.<\/li>\n<li>Producten met de NATRUE certificering bevatten alleen 100% natuurlijke, natuurlijk verkregen en natuuridentieke stoffen.<\/li>\n<li>Bij de samenstelling van producten met het NATRUE-label zijn geen stoffen toegestaan die zijn afgeleid van ggo&#8217;s, siliconen, parabenen, microplastics, synthetische geurstoffen of minerale oli\u00ebn.<\/li>\n<li>Het unieke karakter van de producten respecteren: NATRUE onderscheidt 13 categorie\u00ebn om een aan elke categorie aangepast maximumgehalte aan natuurlijke en biologische ingredi\u00ebnten te garanderen.<\/li>\n<li>Transparantie: het certificeringssysteem is volledig onafhankelijk. Geaccrediteerde externe certificeerders zoals Certisys beoordelen de producten om er zeker van te zijn dat ze voldoen aan de strenge criteria van NATRUE. Bovendien moet minstens 75% van de producten van een merk of submerk voldoen aan de criteria van het label om NATRUE-gecertificeerd te kunnen zijn. Dit helpt om greenwashing tegen te gaan.<\/li>\n<\/ul>\n<div id=\"ConnectiveDocSignExtentionInstalled\" data-extension-version=\"1.0.4\"><\/div>\n<p>[\/vc_column_text][\/vc_column_inner][\/vc_row_inner][vc_separator][vc_row_inner gap=&#8221;25&#8243;][vc_column_inner width=&#8221;1\/3&#8243;][vc_column_text css=&#8221;&#8221;]<em><strong> Voor wie is het NATRUE-label bedoeld? <\/strong><\/em>[\/vc_column_text][\/vc_column_inner][vc_column_inner width=&#8221;2\/3&#8243;][vc_column_text css=&#8221;&#8221;]<\/p>\n<p class=\"p1\">Het NATRUE-label is bedoeld voor producenten van grondstoffen, cosmeticafabrikanten, merken, formuleerders en alle andere spelers in de cosmetica-industrie.<\/p>\n<p>[\/vc_column_text][\/vc_column_inner][\/vc_row_inner][vc_separator][vc_row_inner gap=&#8221;25&#8243;][vc_column_inner width=&#8221;1\/3&#8243;][vc_column_text css=&#8221;&#8221;]<em><strong>Welke grondstoffen moet ik kiezen?<br \/>\n<\/strong><\/em>[\/vc_column_text][\/vc_column_inner][vc_column_inner width=&#8221;2\/3&#8243;][vc_column_text css=&#8221;&#8221;]Raadpleeg de <a href=\"https:\/\/natrue.org\/our-standard\/natrue-certified-world\/\" target=\"_blank\" rel=\"noopener\">NATRUE-database<\/a> met de gecertificeerde biologische ingredi\u00ebnten en goedgekeurde grondstoffen.<\/p>\n<p>&nbsp;<\/p>\n<p>Bent u een formuleerder, leverancier van grondstoffen of cosmeticafabrikant? Neem contact op met onze experts en vergroot uw zichtbaarheid<\/p>\n<p>[\/vc_column_text]<div class=\"d-flex justify-content-start vc_custom_1731677577407\"><a class=\"psh_button btn-39882007\" href=\"https:\/\/forms.office.com\/Pages\/ResponsePage.aspx?id=3OwJ-waJjESGh0DTqX2HB-O1h3gaDlhOka7S6Apa_1xUM0tER1o5WDJUUU1XM1M0NVRTSU40MzY2UC4u&embed=true\" alt=\"Vraag een offerte aan\" target=\"_blank\">Vraag een offerte aan<\/a><\/div>\n        <style>.psh_button.btn-39882007{\n          font-size: 20px;\n          text-transform: none;\n          padding: 10px 25px 10px 25px;\n          border-radius: 80px;\n          border-width: 0px;\n          background-color: #e30613;\n          border-color: ;\n          border-style: solid;\n          color: #ffffff;\n          display: inline-block;\n          \n          transition: all .3s ease-in-out;\n        }\n        .psh_button.btn-39882007:hover{\n          background-color: #f18970;\n          border-color: ;\n          color: #ffffff;\n          transition: all .3s ease-in-out;\n        }.vc_custom_1731677577407{padding-bottom: 30px !important;}<\/style>[\/vc_column_inner][\/vc_row_inner][vc_separator][\/vc_column][\/vc_row][vc_row css=&#8221;.vc_custom_1729513974508{padding-bottom: 30px !important;}&#8221;][vc_column css=&#8221;.vc_custom_1616056778505{padding-top: 0px !important;}&#8221; offset=&#8221;vc_col-lg-offset-2 vc_col-lg-8 vc_col-md-offset-1 vc_col-md-10&#8243;][vc_separator][vc_single_image image=&#8221;16858&#8243; img_size=&#8221;150&#215;150&#8243; alignment=&#8221;center&#8221; css=&#8221;.vc_custom_1729513914107{margin-bottom: 0px !important;padding-top: 20px !important;padding-right: 20px !important;padding-bottom: 20px !important;padding-left: 20px !important;background-color: #ffffff !important;border-radius: 15px !important;}&#8221;][vc_column_text css=&#8221;&#8221;]<\/p>\n<h3 style=\"text-align: center;\">Ecogarantie\u00ae<\/h3>\n<p>[\/vc_column_text][vc_row_inner gap=&#8221;25&#8243;][vc_column_inner width=&#8221;1\/3&#8243;][vc_column_text css=&#8221;&#8221;]<\/p>\n<p style=\"text-align: left;\">Sinds vele jaren kunt u dankzij Certisys het<strong>\u00a0Ecogarantie\u00ae<\/strong>-label verkrijgen.<\/p>\n<p>Dit is een private norm die is ontwikkeld voor de certificering van cosmetica, maar ook van reinigingsmiddelen, sprays, parfums, enz.[\/vc_column_text][\/vc_column_inner][vc_column_inner width=&#8221;2\/3&#8243;][vc_column_text css=&#8221;&#8221;]<\/p>\n<p style=\"text-align: left;\"><strong><em>Wat garandeert dit label? <\/em><\/strong><\/p>\n<ul>\n<li>100% BIOLOGISCHE ingredi\u00ebnten van plantaardige oorsprong (etherische oli\u00ebn, alo\u00eb vera, enz.).<\/li>\n<li>Geen ggo\u2019s<\/li>\n<li>Producten gemaakt met zoveel mogelijk biologisch afbreekbare ingredi\u00ebnten<\/li>\n<li>\u201cVerbod van de meeste petrochemische ingredi\u00ebnten\u201d<\/li>\n<\/ul>\n<p>[\/vc_column_text][\/vc_column_inner][\/vc_row_inner][vc_column_text css=&#8221;.vc_custom_1730213298144{margin-top: 10px !important;}&#8221;]<\/p>\n<p style=\"text-align: center;\">Voor meer informatie over het\u00a0<strong>Ecogarantie\u00ae-label\u00a0<\/strong>kunt u de <a href=\"https:\/\/ecogarantie.eu\/nl\/\" target=\"_blank\" rel=\"noopener\">website<\/a>\u00a0raadplegen.<\/p>\n<p style=\"text-align: center;\">Voor meer informatie over hoe u het Ecogarantie\u00ae-certificaat kunt verkrijgen voor uw producten<strong>,\u00a0<\/strong><a href=\"https:\/\/www.certisys.eu\/nl\/mijn-activiteit\/cosmetica-en-reiniging\/\" target=\"_blank\" rel=\"noopener\">klik hier<\/a><\/p>\n<p>[\/vc_column_text][\/vc_column][\/vc_row][vc_row css=&#8221;.vc_custom_1614846917657{padding-top: 50px !important;padding-bottom: 80px !important;background-color: #f0f3f1 !important;}&#8221;][vc_column width=&#8221;1\/6&#8243;][\/vc_column][vc_column width=&#8221;2\/3&#8243;][vc_row_inner][vc_column_inner width=&#8221;1\/2&#8243;][vc_single_image image=&#8221;21375&#8243; img_size=&#8221;150&#215;150&#8243; alignment=&#8221;center&#8221; css=&#8221;.vc_custom_1729849761314{margin-bottom: 0px !important;padding-top: 20px !important;padding-right: 20px !important;padding-bottom: 20px !important;padding-left: 20px !important;}&#8221;][vc_column_text css=&#8221;&#8221;]<\/p>\n<h3 style=\"text-align: center;\">COSMOS organic<\/h3>\n<p>[\/vc_column_text][\/vc_column_inner][vc_column_inner width=&#8221;1\/2&#8243;][vc_single_image image=&#8221;21374&#8243; img_size=&#8221;150&#215;150&#8243; alignment=&#8221;center&#8221; css=&#8221;.vc_custom_1729514274019{margin-bottom: 0px !important;padding-top: 20px !important;padding-right: 20px !important;padding-bottom: 20px !important;padding-left: 20px !important;}&#8221;][vc_column_text css=&#8221;&#8221;]<\/p>\n<h3 style=\"text-align: center;\">COSMOS natural<\/h3>\n<p>[\/vc_column_text][\/vc_column_inner][\/vc_row_inner][vc_column_text css=&#8221;&#8221;]<\/p>\n<p style=\"text-align: center;\">Dit particuliere lastenboek bevat de criteria die bedrijven moeten naleven om de consument te verzekeren dat hun producten echte biologische of natuurlijke cosmetica zijn die volgens de hoogst mogelijke duurzaamheidspraktijken zijn geproduceerd.<\/p>\n<p style=\"text-align: center;\">Ecocert Greenlife biedt\u00a0<a href=\"https:\/\/www.ecocert.com\/en\/certification-detail\/natural-and-organic-cosmetics-cosmos\">COSMOS certificeringen<\/a>\u00a0aan in de Benelux.<\/p>\n<p>[\/vc_column_text][\/vc_column][vc_column width=&#8221;1\/6&#8243;][\/vc_column][\/vc_row][vc_row el_class=&#8221;custom-lastrow&#8221; css=&#8221;.vc_custom_1728996886457{padding-top: 50px !important;padding-bottom: 150px !important;background-image: url(https:\/\/www.certisys.eu\/wp-content\/uploads\/2021\/12\/bg-3-1.png?id=11277) !important;}&#8221;][vc_column][vc_column_text css=&#8221;&#8221;]<\/p>\n<h2 style=\"text-align: center;\">Wilt u meer informatie?<\/h2>\n<p style=\"text-align: center;\">Onze klantenservice staat klaar om u te helpen.<\/p>\n<p>[\/vc_column_text]<div class=\"d-flex justify-content-center \"><a class=\"psh_button btn-46642840\" href=\"https:\/\/www.certisys.eu\/nl\/neem-contact-op-met-onze-teams\/\" alt=\"Neem contact met ons op\" target=\"\">Neem contact met ons op<\/a><\/div>\n        <style>.psh_button.btn-46642840{\n          font-size: 20px;\n          text-transform: none;\n          padding: 10px 25px 10px 25px;\n          border-radius: 80px;\n          border-width: 0px;\n          background-color: #e30613;\n          border-color: ;\n          border-style: solid;\n          color: #ffffff;\n          display: inline-block;\n          \n          transition: all .3s ease-in-out;\n        }\n        .psh_button.btn-46642840:hover{\n          background-color: #f18970;\n          border-color: ;\n          color: #ffffff;\n          transition: all .3s ease-in-out;\n        }<\/style>[\/vc_column][\/vc_row]<\/p>\n<\/div>","protected":false},"excerpt":{"rendered":"<p>[vc_row content_placement=&#8221;middle&#8221; css=&#8221;.vc_custom_1666872337142{padding-bottom: 50px !important;}&#8221;][vc_column width=&#8221;2\/3&#8243; offset=&#8221;vc_col-lg-offset-2 vc_col-lg-8&#8243; css=&#8221;.vc_custom_1666692642473{padding-top: 0px !important;}&#8221;][vc_column_text css=&#8221;&#8221;] Wilt u uw natuurlijke en\/of biologische cosmetica laten certificeren? [\/vc_column_text][vc_column_text css=&#8221;&#8221;] CERTISYS\u00ae biedt u verschillende opties aan. [\/vc_column_text][\/vc_column][\/vc_row][vc_row css=&#8221;.vc_custom_1729512229114{background-color: #f0f3f1 !important;}&#8221;][vc_column css=&#8221;.vc_custom_1616056778505{padding-top: 0px !important;}&#8221; offset=&#8221;vc_col-lg-offset-2 vc_col-lg-8 vc_col-md-offset-1 vc_col-md-10&#8243;][vc_single_image image=&#8221;36933&#8243; img_size=&#8221;150&#215;150&#8243; alignment=&#8221;center&#8221; css=&#8221;.vc_custom_1729512755322{margin-bottom: 0px !important;padding-top: 20px !important;padding-right: 20px !important;padding-bottom: 20px !important;padding-left: 20px !important;border-radius: 15px [&hellip;]<\/p>\n","protected":false},"author":15,"featured_media":0,"parent":16948,"menu_order":0,"comment_status":"closed","ping_status":"closed","template":"","meta":{"_acf_changed":false,"footnotes":""},"class_list":["post-35560","page","type-page","status-publish","hentry"],"acf":[],"yoast_head":"<!-- This site is optimized with the Yoast SEO plugin v26.6 - https:\/\/yoast.com\/wordpress\/plugins\/seo\/ -->\n<title>Cosmetica - CERTISYS<\/title>\n<meta name=\"robots\" content=\"index, follow, max-snippet:-1, max-image-preview:large, max-video-preview:-1\" \/>\n<link rel=\"canonical\" href=\"https:\/\/www.certisys.eu\/nl\/keurmerken-en-certificeringen\/ecoproducten\/cosmetica\/\" \/>\n<meta property=\"og:locale\" content=\"nl_NL\" \/>\n<meta property=\"og:type\" content=\"article\" \/>\n<meta property=\"og:title\" content=\"Cosmetica - CERTISYS\" \/>\n<meta property=\"og:description\" content=\"[vc_row content_placement=&#8221;middle&#8221; css=&#8221;.vc_custom_1666872337142{padding-bottom: 50px !important;}&#8221;][vc_column width=&#8221;2\/3&#8243; offset=&#8221;vc_col-lg-offset-2 vc_col-lg-8&#8243; css=&#8221;.vc_custom_1666692642473{padding-top: 0px !important;}&#8221;][vc_column_text css=&#8221;&#8221;] Wilt u uw natuurlijke en\/of biologische cosmetica laten certificeren? [\/vc_column_text][vc_column_text css=&#8221;&#8221;] CERTISYS\u00ae biedt u verschillende opties aan. [\/vc_column_text][\/vc_column][\/vc_row][vc_row css=&#8221;.vc_custom_1729512229114{background-color: #f0f3f1 !important;}&#8221;][vc_column css=&#8221;.vc_custom_1616056778505{padding-top: 0px !important;}&#8221; offset=&#8221;vc_col-lg-offset-2 vc_col-lg-8 vc_col-md-offset-1 vc_col-md-10&#8243;][vc_single_image image=&#8221;36933&#8243; img_size=&#8221;150&#215;150&#8243; alignment=&#8221;center&#8221; css=&#8221;.vc_custom_1729512755322{margin-bottom: 0px !important;padding-top: 20px !important;padding-right: 20px !important;padding-bottom: 20px !important;padding-left: 20px !important;border-radius: 15px [&hellip;]\" \/>\n<meta property=\"og:url\" content=\"https:\/\/www.certisys.eu\/nl\/keurmerken-en-certificeringen\/ecoproducten\/cosmetica\/\" \/>\n<meta property=\"og:site_name\" content=\"CERTISYS\" \/>\n<meta property=\"article:modified_time\" content=\"2024-11-19T11:07:16+00:00\" \/>\n<meta name=\"twitter:card\" content=\"summary_large_image\" \/>\n<meta name=\"twitter:label1\" content=\"Geschatte leestijd\" \/>\n\t<meta name=\"twitter:data1\" content=\"3 minuten\" \/>\n<!-- \/ Yoast SEO plugin. -->","yoast_head_json":{"title":"Cosmetica - CERTISYS","robots":{"index":"index","follow":"follow","max-snippet":"max-snippet:-1","max-image-preview":"max-image-preview:large","max-video-preview":"max-video-preview:-1"},"canonical":"https:\/\/www.certisys.eu\/nl\/keurmerken-en-certificeringen\/ecoproducten\/cosmetica\/","og_locale":"nl_NL","og_type":"article","og_title":"Cosmetica - CERTISYS","og_description":"[vc_row content_placement=&#8221;middle&#8221; css=&#8221;.vc_custom_1666872337142{padding-bottom: 50px !important;}&#8221;][vc_column width=&#8221;2\/3&#8243; offset=&#8221;vc_col-lg-offset-2 vc_col-lg-8&#8243; css=&#8221;.vc_custom_1666692642473{padding-top: 0px !important;}&#8221;][vc_column_text css=&#8221;&#8221;] Wilt u uw natuurlijke en\/of biologische cosmetica laten certificeren? [\/vc_column_text][vc_column_text css=&#8221;&#8221;] CERTISYS\u00ae biedt u verschillende opties aan. [\/vc_column_text][\/vc_column][\/vc_row][vc_row css=&#8221;.vc_custom_1729512229114{background-color: #f0f3f1 !important;}&#8221;][vc_column css=&#8221;.vc_custom_1616056778505{padding-top: 0px !important;}&#8221; offset=&#8221;vc_col-lg-offset-2 vc_col-lg-8 vc_col-md-offset-1 vc_col-md-10&#8243;][vc_single_image image=&#8221;36933&#8243; img_size=&#8221;150&#215;150&#8243; alignment=&#8221;center&#8221; css=&#8221;.vc_custom_1729512755322{margin-bottom: 0px !important;padding-top: 20px !important;padding-right: 20px !important;padding-bottom: 20px !important;padding-left: 20px !important;border-radius: 15px [&hellip;]","og_url":"https:\/\/www.certisys.eu\/nl\/keurmerken-en-certificeringen\/ecoproducten\/cosmetica\/","og_site_name":"CERTISYS","article_modified_time":"2024-11-19T11:07:16+00:00","twitter_card":"summary_large_image","twitter_misc":{"Geschatte leestijd":"3 minuten"},"schema":{"@context":"https:\/\/schema.org","@graph":[{"@type":"WebPage","@id":"https:\/\/www.certisys.eu\/nl\/keurmerken-en-certificeringen\/ecoproducten\/cosmetica\/","url":"https:\/\/www.certisys.eu\/nl\/keurmerken-en-certificeringen\/ecoproducten\/cosmetica\/","name":"Cosmetica - CERTISYS","isPartOf":{"@id":"https:\/\/www.certisys.eu\/nl\/#website"},"datePublished":"2024-10-01T12:00:15+00:00","dateModified":"2024-11-19T11:07:16+00:00","breadcrumb":{"@id":"https:\/\/www.certisys.eu\/nl\/keurmerken-en-certificeringen\/ecoproducten\/cosmetica\/#breadcrumb"},"inLanguage":"nl-NL","potentialAction":[{"@type":"ReadAction","target":["https:\/\/www.certisys.eu\/nl\/keurmerken-en-certificeringen\/ecoproducten\/cosmetica\/"]}]},{"@type":"BreadcrumbList","@id":"https:\/\/www.certisys.eu\/nl\/keurmerken-en-certificeringen\/ecoproducten\/cosmetica\/#breadcrumb","itemListElement":[{"@type":"ListItem","position":1,"name":"Home","item":"https:\/\/www.certisys.eu\/nl\/"},{"@type":"ListItem","position":2,"name":"Keurmerken en certificeringen","item":"https:\/\/www.certisys.eu\/nl\/keurmerken-en-certificeringen\/"},{"@type":"ListItem","position":3,"name":"Ecoproducten","item":"https:\/\/www.certisys.eu\/nl\/keurmerken-en-certificeringen\/ecoproducten\/"},{"@type":"ListItem","position":4,"name":"Cosmetica"}]},{"@type":"WebSite","@id":"https:\/\/www.certisys.eu\/nl\/#website","url":"https:\/\/www.certisys.eu\/nl\/","name":"CERTISYS","description":"Bio Certification","potentialAction":[{"@type":"SearchAction","target":{"@type":"EntryPoint","urlTemplate":"https:\/\/www.certisys.eu\/nl\/?s={search_term_string}"},"query-input":{"@type":"PropertyValueSpecification","valueRequired":true,"valueName":"search_term_string"}}],"inLanguage":"nl-NL"}]}},"jetpack_sharing_enabled":true,"_links":{"self":[{"href":"https:\/\/www.certisys.eu\/nl\/wp-json\/wp\/v2\/pages\/35560","targetHints":{"allow":["GET"]}}],"collection":[{"href":"https:\/\/www.certisys.eu\/nl\/wp-json\/wp\/v2\/pages"}],"about":[{"href":"https:\/\/www.certisys.eu\/nl\/wp-json\/wp\/v2\/types\/page"}],"author":[{"embeddable":true,"href":"https:\/\/www.certisys.eu\/nl\/wp-json\/wp\/v2\/users\/15"}],"replies":[{"embeddable":true,"href":"https:\/\/www.certisys.eu\/nl\/wp-json\/wp\/v2\/comments?post=35560"}],"version-history":[{"count":11,"href":"https:\/\/www.certisys.eu\/nl\/wp-json\/wp\/v2\/pages\/35560\/revisions"}],"predecessor-version":[{"id":37444,"href":"https:\/\/www.certisys.eu\/nl\/wp-json\/wp\/v2\/pages\/35560\/revisions\/37444"}],"up":[{"embeddable":true,"href":"https:\/\/www.certisys.eu\/nl\/wp-json\/wp\/v2\/pages\/16948"}],"wp:attachment":[{"href":"https:\/\/www.certisys.eu\/nl\/wp-json\/wp\/v2\/media?parent=35560"}],"curies":[{"name":"wp","href":"https:\/\/api.w.org\/{rel}","templated":true}]}}