{"id":16950,"date":"2022-10-27T12:30:39","date_gmt":"2022-10-27T10:30:39","guid":{"rendered":"https:\/\/www.certisys.eu\/labels-et-certifications\/ecoproduits\/ecodetergents\/"},"modified":"2023-05-17T15:38:39","modified_gmt":"2023-05-17T13:38:39","slug":"ecodetergenten","status":"publish","type":"page","link":"https:\/\/www.certisys.eu\/nl\/keurmerken-en-certificeringen\/ecoproducten\/ecodetergenten\/","title":{"rendered":"Ecodetergenten"},"content":{"rendered":"<div class=\"wpb-content-wrapper\"><p>[vc_row content_placement=&#8221;middle&#8221; css=&#8221;.vc_custom_1619094121978{padding-bottom: 60px !important;}&#8221;][vc_column width=&#8221;1\/3&#8243; offset=&#8221;vc_col-lg-offset-2&#8243;][vc_single_image image=&#8221;16846&#8243; img_size=&#8221;180&#215;180&#8243; alignment=&#8221;center&#8221; css_animation=&#8221;fadeInDown&#8221;][\/vc_column][vc_column width=&#8221;1\/2&#8243; offset=&#8221;vc_col-lg-4&#8243;][vc_column_text]<\/p>\n<h2>Ecocert Ecodetergent<\/h2>\n<p>Dankzij deze certificering kunt u uw <strong>natuurlijke of biologische reinigingsproducten wereldwijd <\/strong>op de markt brengen.<\/p>\n<p><strong><em>Wat garandeert dit label? <\/em><\/strong><\/p>\n<ul>\n<li>Milieuvriendelijke productie en verwerking<\/li>\n<li>Bevordering van het gebruik van natuurlijke of biologische ingredi\u00ebnten<\/li>\n<li>Verantwoord beheer van natuurlijke hulpbronnen<\/li>\n<li>Het verbod op de meeste petrochemische ingredi\u00ebnten<\/li>\n<\/ul>\n<p>[\/vc_column_text]<div class=\"d-flex justify-content-center \"><a class=\"psh_button btn-61760391\" href=\"https:\/\/www.certisys.eu\/nl\/vraag-een-offerte-aan\/\" alt=\"Ecocert Ecodetergent\" target=\"_blank\">Vraag een offerte aan in 5 minuten<\/a><\/div>\n        <style>.psh_button.btn-61760391{\n          font-size: 18px;\n          text-transform: none;\n          padding: 10px 20px 10px 20px;\n          border-radius: 80px;\n          border-width: 0px;\n          background-color: #e30613;\n          border-color: ;\n          border-style: solid;\n          color: #ffffff;\n          display: inline-block;\n          \n          transition: all .3s ease-in-out;\n        }\n        .psh_button.btn-61760391:hover{\n          background-color: #f18970;\n          border-color: ;\n          color: #ffffff;\n          transition: all .3s ease-in-out;\n        }<\/style>[\/vc_column][\/vc_row][vc_row content_placement=&#8221;middle&#8221; css=&#8221;.vc_custom_1605630337493{padding-bottom: 30px !important;}&#8221;][vc_column width=&#8221;1\/2&#8243; offset=&#8221;vc_col-lg-offset-2 vc_col-lg-4&#8243;][vc_column_text]<\/p>\n<h2>Ecogarantie\u00ae<\/h2>\n<p>Dit is een private norm die is ontwikkeld voor de certificering van cosmetica, reinigingsmiddelen, sprays, parfums, enz. <strong><em>Wat garandeert dit label? <\/em><\/strong><\/p>\n<ul>\n<li>100% biologische ingredi\u00ebnten van plantaardige oorsprong (essenti\u00eble oli\u00ebn, alo\u00eb vera, enz.).<\/li>\n<li>Geen ggo&#8217;s<\/li>\n<li>Producten gemaakt met een maximum aan biologisch afbreekbare ingredi\u00ebnten<\/li>\n<li>&#8220;Verbod van de meeste petrochemische ingredi\u00ebnten&#8221;<\/li>\n<\/ul>\n<p>Voor meer informatie over dit label, <a href=\"https:\/\/ecogarantie.eu\/nl\/\" target=\"_blank\" rel=\"noopener\">raadpleeg<\/a> de website[\/vc_column_text][\/vc_column][vc_column width=&#8221;1\/3&#8243;][vc_single_image image=&#8221;16858&#8243; img_size=&#8221;180&#215;180&#8243; alignment=&#8221;center&#8221; css_animation=&#8221;fadeInDown&#8221;][\/vc_column][\/vc_row][vc_row css=&#8221;.vc_custom_1605630039270{padding-bottom: 150px !important;background-image: url(https:\/\/www.certisys.eu\/wp-content\/uploads\/2020\/10\/bg-3-1.png?id=892) !important;}&#8221; el_class=&#8221;custom-lastrow&#8221;][vc_column css=&#8221;.vc_custom_1616056778505{padding-top: 0px !important;}&#8221; offset=&#8221;vc_col-lg-offset-2 vc_col-lg-8 vc_col-md-offset-1 vc_col-md-10&#8243;][vc_column_text]<\/p>\n<h2 style=\"text-align: center;\">Meer informatie nodig?<\/h2>\n<p style=\"text-align: center;\">Ons team staat paraat om u te helpen.<\/p>\n<p>[\/vc_column_text]<div class=\"d-flex justify-content-center \"><a class=\"psh_button btn-82264679\" href=\"https:\/\/www.certisys.eu\/nl\/contact\/\" alt=\"Contact\" target=\"\">Contacteer ons<\/a><\/div>\n        <style>.psh_button.btn-82264679{\n          font-size: 18px;\n          text-transform: none;\n          padding: 10px 20px 10px 20px;\n          border-radius: 80px;\n          border-width: 0px;\n          background-color: #e30613;\n          border-color: ;\n          border-style: solid;\n          color: #ffffff;\n          display: inline-block;\n          \n          transition: all .3s ease-in-out;\n        }\n        .psh_button.btn-82264679:hover{\n          background-color: #f18970;\n          border-color: ;\n          color: #ffffff;\n          transition: all .3s ease-in-out;\n        }<\/style>[\/vc_column][\/vc_row]<\/p>\n<\/div>","protected":false},"excerpt":{"rendered":"<p>[vc_row content_placement=&#8221;middle&#8221; css=&#8221;.vc_custom_1619094121978{padding-bottom: 60px !important;}&#8221;][vc_column width=&#8221;1\/3&#8243; offset=&#8221;vc_col-lg-offset-2&#8243;][vc_single_image image=&#8221;16846&#8243; img_size=&#8221;180&#215;180&#8243; alignment=&#8221;center&#8221; css_animation=&#8221;fadeInDown&#8221;][\/vc_column][vc_column width=&#8221;1\/2&#8243; offset=&#8221;vc_col-lg-4&#8243;][vc_column_text] Ecocert Ecodetergent Dankzij deze certificering kunt u uw natuurlijke of biologische reinigingsproducten wereldwijd op de markt brengen. Wat garandeert dit label? Milieuvriendelijke productie en verwerking Bevordering van het gebruik van natuurlijke of biologische ingredi\u00ebnten Verantwoord beheer van natuurlijke hulpbronnen Het verbod op [&hellip;]<\/p>\n","protected":false},"author":1,"featured_media":0,"parent":16948,"menu_order":0,"comment_status":"closed","ping_status":"closed","template":"","meta":{"_acf_changed":false,"footnotes":""},"class_list":["post-16950","page","type-page","status-publish","hentry"],"acf":[],"yoast_head":"<!-- This site is optimized with the Yoast SEO plugin v27.4 - https:\/\/yoast.com\/product\/yoast-seo-wordpress\/ -->\n<title>Ecodetergenten - CERTISYS<\/title>\n<meta name=\"robots\" content=\"index, follow, max-snippet:-1, max-image-preview:large, max-video-preview:-1\" \/>\n<link rel=\"canonical\" href=\"https:\/\/www.certisys.eu\/nl\/keurmerken-en-certificeringen\/ecoproducten\/ecodetergenten\/\" \/>\n<meta property=\"og:locale\" content=\"nl_NL\" \/>\n<meta property=\"og:type\" content=\"article\" \/>\n<meta property=\"og:title\" content=\"Ecodetergenten - CERTISYS\" \/>\n<meta property=\"og:description\" content=\"[vc_row content_placement=&#8221;middle&#8221; css=&#8221;.vc_custom_1619094121978{padding-bottom: 60px !important;}&#8221;][vc_column width=&#8221;1\/3&#8243; offset=&#8221;vc_col-lg-offset-2&#8243;][vc_single_image image=&#8221;16846&#8243; img_size=&#8221;180&#215;180&#8243; alignment=&#8221;center&#8221; css_animation=&#8221;fadeInDown&#8221;][\/vc_column][vc_column width=&#8221;1\/2&#8243; offset=&#8221;vc_col-lg-4&#8243;][vc_column_text] Ecocert Ecodetergent Dankzij deze certificering kunt u uw natuurlijke of biologische reinigingsproducten wereldwijd op de markt brengen. Wat garandeert dit label? Milieuvriendelijke productie en verwerking Bevordering van het gebruik van natuurlijke of biologische ingredi\u00ebnten Verantwoord beheer van natuurlijke hulpbronnen Het verbod op [&hellip;]\" \/>\n<meta property=\"og:url\" content=\"https:\/\/www.certisys.eu\/nl\/keurmerken-en-certificeringen\/ecoproducten\/ecodetergenten\/\" \/>\n<meta property=\"og:site_name\" content=\"CERTISYS\" \/>\n<meta property=\"article:modified_time\" content=\"2023-05-17T13:38:39+00:00\" \/>\n<meta name=\"twitter:card\" content=\"summary_large_image\" \/>\n<meta name=\"twitter:label1\" content=\"Geschatte leestijd\" \/>\n\t<meta name=\"twitter:data1\" content=\"1 minuut\" \/>\n<!-- \/ Yoast SEO plugin. -->","yoast_head_json":{"title":"Ecodetergenten - CERTISYS","robots":{"index":"index","follow":"follow","max-snippet":"max-snippet:-1","max-image-preview":"max-image-preview:large","max-video-preview":"max-video-preview:-1"},"canonical":"https:\/\/www.certisys.eu\/nl\/keurmerken-en-certificeringen\/ecoproducten\/ecodetergenten\/","og_locale":"nl_NL","og_type":"article","og_title":"Ecodetergenten - CERTISYS","og_description":"[vc_row content_placement=&#8221;middle&#8221; css=&#8221;.vc_custom_1619094121978{padding-bottom: 60px !important;}&#8221;][vc_column width=&#8221;1\/3&#8243; offset=&#8221;vc_col-lg-offset-2&#8243;][vc_single_image image=&#8221;16846&#8243; img_size=&#8221;180&#215;180&#8243; alignment=&#8221;center&#8221; css_animation=&#8221;fadeInDown&#8221;][\/vc_column][vc_column width=&#8221;1\/2&#8243; offset=&#8221;vc_col-lg-4&#8243;][vc_column_text] Ecocert Ecodetergent Dankzij deze certificering kunt u uw natuurlijke of biologische reinigingsproducten wereldwijd op de markt brengen. Wat garandeert dit label? Milieuvriendelijke productie en verwerking Bevordering van het gebruik van natuurlijke of biologische ingredi\u00ebnten Verantwoord beheer van natuurlijke hulpbronnen Het verbod op [&hellip;]","og_url":"https:\/\/www.certisys.eu\/nl\/keurmerken-en-certificeringen\/ecoproducten\/ecodetergenten\/","og_site_name":"CERTISYS","article_modified_time":"2023-05-17T13:38:39+00:00","twitter_card":"summary_large_image","twitter_misc":{"Geschatte leestijd":"1 minuut"},"schema":{"@context":"https:\/\/schema.org","@graph":[{"@type":"WebPage","@id":"https:\/\/www.certisys.eu\/nl\/keurmerken-en-certificeringen\/ecoproducten\/ecodetergenten\/","url":"https:\/\/www.certisys.eu\/nl\/keurmerken-en-certificeringen\/ecoproducten\/ecodetergenten\/","name":"Ecodetergenten - CERTISYS","isPartOf":{"@id":"https:\/\/www.certisys.eu\/nl\/#website"},"datePublished":"2022-10-27T10:30:39+00:00","dateModified":"2023-05-17T13:38:39+00:00","breadcrumb":{"@id":"https:\/\/www.certisys.eu\/nl\/keurmerken-en-certificeringen\/ecoproducten\/ecodetergenten\/#breadcrumb"},"inLanguage":"nl-NL","potentialAction":[{"@type":"ReadAction","target":["https:\/\/www.certisys.eu\/nl\/keurmerken-en-certificeringen\/ecoproducten\/ecodetergenten\/"]}]},{"@type":"BreadcrumbList","@id":"https:\/\/www.certisys.eu\/nl\/keurmerken-en-certificeringen\/ecoproducten\/ecodetergenten\/#breadcrumb","itemListElement":[{"@type":"ListItem","position":1,"name":"Home","item":"https:\/\/www.certisys.eu\/nl\/"},{"@type":"ListItem","position":2,"name":"Keurmerken en certificeringen","item":"https:\/\/www.certisys.eu\/nl\/keurmerken-en-certificeringen\/"},{"@type":"ListItem","position":3,"name":"Ecoproducten","item":"https:\/\/www.certisys.eu\/nl\/keurmerken-en-certificeringen\/ecoproducten\/"},{"@type":"ListItem","position":4,"name":"Ecodetergenten"}]},{"@type":"WebSite","@id":"https:\/\/www.certisys.eu\/nl\/#website","url":"https:\/\/www.certisys.eu\/nl\/","name":"CERTISYS","description":"Bio Certification","potentialAction":[{"@type":"SearchAction","target":{"@type":"EntryPoint","urlTemplate":"https:\/\/www.certisys.eu\/nl\/?s={search_term_string}"},"query-input":{"@type":"PropertyValueSpecification","valueRequired":true,"valueName":"search_term_string"}}],"inLanguage":"nl-NL"}]}},"_links":{"self":[{"href":"https:\/\/www.certisys.eu\/nl\/wp-json\/wp\/v2\/pages\/16950","targetHints":{"allow":["GET"]}}],"collection":[{"href":"https:\/\/www.certisys.eu\/nl\/wp-json\/wp\/v2\/pages"}],"about":[{"href":"https:\/\/www.certisys.eu\/nl\/wp-json\/wp\/v2\/types\/page"}],"author":[{"embeddable":true,"href":"https:\/\/www.certisys.eu\/nl\/wp-json\/wp\/v2\/users\/1"}],"replies":[{"embeddable":true,"href":"https:\/\/www.certisys.eu\/nl\/wp-json\/wp\/v2\/comments?post=16950"}],"version-history":[{"count":8,"href":"https:\/\/www.certisys.eu\/nl\/wp-json\/wp\/v2\/pages\/16950\/revisions"}],"predecessor-version":[{"id":20884,"href":"https:\/\/www.certisys.eu\/nl\/wp-json\/wp\/v2\/pages\/16950\/revisions\/20884"}],"up":[{"embeddable":true,"href":"https:\/\/www.certisys.eu\/nl\/wp-json\/wp\/v2\/pages\/16948"}],"wp:attachment":[{"href":"https:\/\/www.certisys.eu\/nl\/wp-json\/wp\/v2\/media?parent=16950"}],"curies":[{"name":"wp","href":"https:\/\/api.w.org\/{rel}","templated":true}]}}