{"id":98,"date":"2020-10-12T10:40:14","date_gmt":"2020-10-12T08:40:14","guid":{"rendered":"https:\/\/certisys.poush.be\/?page_id=98"},"modified":"2020-10-12T11:09:30","modified_gmt":"2020-10-12T09:09:30","slug":"confirmation","status":"publish","type":"page","link":"https:\/\/www.certisys.eu\/fr\/confirmation\/","title":{"rendered":"Confirmation"},"content":{"rendered":"<div class=\"wpb-content-wrapper\"><p>[vc_row][vc_column][vc_column_text]<\/p>\n<h1 style=\"text-align: center;\">Merci pour votre demande !<\/h1>\n<p style=\"text-align: center;\">Elle a \u00e9t\u00e9 envoy\u00e9e avec succ\u00e8s. Nous la traitons et revenons vers vous dans les plus brefs d\u00e9lais.<\/p>\n<p>[\/vc_column_text]<div class=\"d-flex justify-content-center \"><a class=\"psh_button btn-69730235\" href=\"https:\/\/www.certisys.eu\/\" alt=\"Accueil\" target=\"\">Revenez \u00e0 la page d\u2019accueil<\/a><\/div>\n        <style>.psh_button.btn-69730235{\n          font-size: 20px;\n          text-transform: none;\n          padding: 10px 25px 10px 25px;\n          border-radius: 80px;\n          border-width: 0px;\n          background-color: #e30613;\n          border-color: ;\n          border-style: solid;\n          color: #ffffff;\n          display: inline-block;\n          \n          transition: all .3s ease-in-out;\n        }\n        .psh_button.btn-69730235:hover{\n          background-color: #f18970;\n          border-color: ;\n          color: #ffffff;\n          transition: all .3s ease-in-out;\n        }<\/style>[\/vc_column][\/vc_row]<\/p>\n<\/div>","protected":false},"excerpt":{"rendered":"<p>[vc_row][vc_column][vc_column_text] Merci pour votre demande ! Elle a \u00e9t\u00e9 envoy\u00e9e avec succ\u00e8s. Nous la traitons et revenons vers vous dans les plus brefs d\u00e9lais. [\/vc_column_text][\/vc_column][\/vc_row]<\/p>\n","protected":false},"author":1,"featured_media":0,"parent":0,"menu_order":100,"comment_status":"closed","ping_status":"closed","template":"","meta":{"_acf_changed":false,"footnotes":""},"class_list":["post-98","page","type-page","status-publish","hentry"],"acf":[],"yoast_head":"<!-- This site is optimized with the Yoast SEO plugin v26.6 - https:\/\/yoast.com\/wordpress\/plugins\/seo\/ -->\n<title>Confirmation - CERTISYS<\/title>\n<meta name=\"robots\" content=\"index, follow, max-snippet:-1, max-image-preview:large, max-video-preview:-1\" \/>\n<link rel=\"canonical\" href=\"https:\/\/www.certisys.eu\/fr\/confirmation\/\" \/>\n<meta property=\"og:locale\" content=\"fr_FR\" \/>\n<meta property=\"og:type\" content=\"article\" \/>\n<meta property=\"og:title\" content=\"Confirmation - CERTISYS\" \/>\n<meta property=\"og:description\" content=\"[vc_row][vc_column][vc_column_text] Merci pour votre demande ! Elle a \u00e9t\u00e9 envoy\u00e9e avec succ\u00e8s. Nous la traitons et revenons vers vous dans les plus brefs d\u00e9lais. [\/vc_column_text][\/vc_column][\/vc_row]\" \/>\n<meta property=\"og:url\" content=\"https:\/\/www.certisys.eu\/fr\/confirmation\/\" \/>\n<meta property=\"og:site_name\" content=\"CERTISYS\" \/>\n<meta property=\"article:modified_time\" content=\"2020-10-12T09:09:30+00:00\" \/>\n<meta name=\"twitter:card\" content=\"summary_large_image\" \/>\n<!-- \/ Yoast SEO plugin. -->","yoast_head_json":{"title":"Confirmation - CERTISYS","robots":{"index":"index","follow":"follow","max-snippet":"max-snippet:-1","max-image-preview":"max-image-preview:large","max-video-preview":"max-video-preview:-1"},"canonical":"https:\/\/www.certisys.eu\/fr\/confirmation\/","og_locale":"fr_FR","og_type":"article","og_title":"Confirmation - CERTISYS","og_description":"[vc_row][vc_column][vc_column_text] Merci pour votre demande ! Elle a \u00e9t\u00e9 envoy\u00e9e avec succ\u00e8s. Nous la traitons et revenons vers vous dans les plus brefs d\u00e9lais. [\/vc_column_text][\/vc_column][\/vc_row]","og_url":"https:\/\/www.certisys.eu\/fr\/confirmation\/","og_site_name":"CERTISYS","article_modified_time":"2020-10-12T09:09:30+00:00","twitter_card":"summary_large_image","schema":{"@context":"https:\/\/schema.org","@graph":[{"@type":"WebPage","@id":"https:\/\/www.certisys.eu\/fr\/confirmation\/","url":"https:\/\/www.certisys.eu\/fr\/confirmation\/","name":"Confirmation - CERTISYS","isPartOf":{"@id":"https:\/\/www.certisys.eu\/fr\/#website"},"datePublished":"2020-10-12T08:40:14+00:00","dateModified":"2020-10-12T09:09:30+00:00","breadcrumb":{"@id":"https:\/\/www.certisys.eu\/fr\/confirmation\/#breadcrumb"},"inLanguage":"fr-FR","potentialAction":[{"@type":"ReadAction","target":["https:\/\/www.certisys.eu\/fr\/confirmation\/"]}]},{"@type":"BreadcrumbList","@id":"https:\/\/www.certisys.eu\/fr\/confirmation\/#breadcrumb","itemListElement":[{"@type":"ListItem","position":1,"name":"Home","item":"https:\/\/www.certisys.eu\/fr\/"},{"@type":"ListItem","position":2,"name":"Confirmation"}]},{"@type":"WebSite","@id":"https:\/\/www.certisys.eu\/fr\/#website","url":"https:\/\/www.certisys.eu\/fr\/","name":"CERTISYS","description":"Bio Certification","potentialAction":[{"@type":"SearchAction","target":{"@type":"EntryPoint","urlTemplate":"https:\/\/www.certisys.eu\/fr\/?s={search_term_string}"},"query-input":{"@type":"PropertyValueSpecification","valueRequired":true,"valueName":"search_term_string"}}],"inLanguage":"fr-FR"}]}},"jetpack_sharing_enabled":true,"_links":{"self":[{"href":"https:\/\/www.certisys.eu\/fr\/wp-json\/wp\/v2\/pages\/98","targetHints":{"allow":["GET"]}}],"collection":[{"href":"https:\/\/www.certisys.eu\/fr\/wp-json\/wp\/v2\/pages"}],"about":[{"href":"https:\/\/www.certisys.eu\/fr\/wp-json\/wp\/v2\/types\/page"}],"author":[{"embeddable":true,"href":"https:\/\/www.certisys.eu\/fr\/wp-json\/wp\/v2\/users\/1"}],"replies":[{"embeddable":true,"href":"https:\/\/www.certisys.eu\/fr\/wp-json\/wp\/v2\/comments?post=98"}],"version-history":[{"count":5,"href":"https:\/\/www.certisys.eu\/fr\/wp-json\/wp\/v2\/pages\/98\/revisions"}],"predecessor-version":[{"id":104,"href":"https:\/\/www.certisys.eu\/fr\/wp-json\/wp\/v2\/pages\/98\/revisions\/104"}],"wp:attachment":[{"href":"https:\/\/www.certisys.eu\/fr\/wp-json\/wp\/v2\/media?parent=98"}],"curies":[{"name":"wp","href":"https:\/\/api.w.org\/{rel}","templated":true}]}}