{"id":94,"date":"2020-10-12T10:35:57","date_gmt":"2020-10-12T08:35:57","guid":{"rendered":"https:\/\/certisys.poush.be\/?page_id=94"},"modified":"2021-06-04T09:37:58","modified_gmt":"2021-06-04T07:37:58","slug":"presse","status":"publish","type":"page","link":"https:\/\/www.certisys.eu\/fr\/presse\/","title":{"rendered":"Espace Presse"},"content":{"rendered":"<div class=\"wpb-content-wrapper\"><p>[vc_row css=\u00a0\u00bb.vc_custom_1605630039270{padding-bottom: 150px !important;background-image: url(https:\/\/www.certisys.eu\/wp-content\/uploads\/2020\/10\/bg-3-1.png?id=892) !important;}\u00a0\u00bb el_class=\u00a0\u00bbcustom-lastrow\u00a0\u00bb][vc_column css=\u00a0\u00bb.vc_custom_1616056778505{padding-top: 0px !important;}\u00a0\u00bb offset=\u00a0\u00bbvc_col-lg-offset-2 vc_col-lg-8 vc_col-md-offset-1 vc_col-md-10&Prime;][vc_column_text]<\/p>\n<h2 style=\"text-align: center;\">Vous \u00eates journaliste et vous voulez en savoir plus sur CERTISYS\u00ae ?<\/h2>\n<p style=\"text-align: center;\">N\u2019h\u00e9sitez pas \u00e0 vous rendre sur notre section \u00e0 propos.<\/p>\n<p>[\/vc_column_text]<div class=\"d-flex justify-content-center vc_custom_1621941737541\"><a class=\"psh_button btn-12913933\" href=\"https:\/\/www.certisys.eu\/a-propos\/\" alt=\"\u00c0 propos\" target=\"\">En savoir plus<\/a><\/div>\n        <style>.psh_button.btn-12913933{\n          font-size: 18px;\n          text-transform: none;\n          padding: 10px 20px 10px 20px;\n          border-radius: 80px;\n          border-width: 0px;\n          background-color: #e30613;\n          border-color: ;\n          border-style: solid;\n          color: #ffffff;\n          display: inline-block;\n          \n          transition: all .3s ease-in-out;\n        }\n        .psh_button.btn-12913933:hover{\n          background-color: #f18970;\n          border-color: ;\n          color: #ffffff;\n          transition: all .3s ease-in-out;\n        }.vc_custom_1621941737541{margin-bottom: 80px !important;}<\/style>[vc_row_inner css=\u00a0\u00bb.vc_custom_1619081200287{margin-bottom: 50px !important;}\u00a0\u00bb][vc_column_inner width=\u00a0\u00bb1\/2&Prime;][vc_column_text]<\/p>\n<h3 style=\"text-align: center;\">Vous avez des questions \u00e0 nous poser ?<\/h3>\n<p style=\"text-align: center;\">N\u2019h\u00e9sitez pas \u00e0 prendre contact avec nous via l\u2019adresse email suivante<\/p>\n<p style=\"text-align: center;\"><a href=\"mailto:press@certisys.eu\" target=\"_blank\" rel=\"noopener\">news@certisys.eu<\/a><\/p>\n<p style=\"text-align: center;\">ou par t\u00e9l\u00e9phone au 32(0)81 60 03 77<\/p>\n<p>[\/vc_column_text][\/vc_column_inner][vc_column_inner width=\u00a0\u00bb1\/2&Prime;][vc_column_text]<\/p>\n<h3 style=\"text-align: center;\">Vous souhaitez utiliser notre logo pour illustrer votre article\u00a0?<\/h3>\n<p style=\"text-align: center;\">Le logo CERTISYS\u00ae est libre d\u2019usage \u00e0 condition de respecter les conditions d\u2019utilisation mentionn\u00e9es dans notre Logobook<br \/>\n<a href=\"https:\/\/www.certisys.eu\/wp-content\/uploads\/2021\/04\/OR3493fr06_1681.pdf\" target=\"_blank\" rel=\"noopener\">LogoBook(pdf)<\/a><\/p>\n<p style=\"text-align: center;\">Vous pouvez t\u00e9l\u00e9charger notre logo \u00a0:<\/p>\n<p style=\"text-align: center;\"><a href=\"https:\/\/www.certisys.eu\/wp-content\/uploads\/2021\/04\/Logo-Certisys-Ecocert_BioCertification-1.png\" target=\"_blank\" rel=\"noopener\">Logo CERTISYS Bio Certification(jpg)<\/a><\/p>\n<p>[\/vc_column_text][\/vc_column_inner][\/vc_row_inner][vc_column_text]<\/p>\n<h2 style=\"text-align: center;\">Envie d\u2019en savoir plus sur notre nouvelle identit\u00e9 visuelle\u00a0?<\/h2>\n<p>[\/vc_column_text]<div class=\"d-flex justify-content-center vc_custom_1620311892483\"><a class=\"psh_button btn-54894799\" href=\"https:\/\/www.certisys.eu\/contact\/\" alt=\"Contact\" target=\"\">Contactez-nous<\/a><\/div>\n        <style>.psh_button.btn-54894799{\n          font-size: 18px;\n          text-transform: none;\n          padding: 10px 20px 10px 20px;\n          border-radius: 80px;\n          border-width: 0px;\n          background-color: #e30613;\n          border-color: ;\n          border-style: solid;\n          color: #ffffff;\n          display: inline-block;\n          \n          transition: all .3s ease-in-out;\n        }\n        .psh_button.btn-54894799:hover{\n          background-color: #f18970;\n          border-color: ;\n          color: #ffffff;\n          transition: all .3s ease-in-out;\n        }.vc_custom_1620311892483{margin-bottom: 50px !important;}<\/style>[vc_column_text]<\/p>\n<h2 style=\"text-align: center;\">Communiqu\u00e9s de presse<\/h2>\n<p>[\/vc_column_text]<div class=\"d-flex justify-content-center \"><a class=\"psh_button btn-37359231\" href=\"https:\/\/www.certisys.eu\/wp-content\/uploads\/2021\/05\/PU5006fr01_62051.pdf\" alt=\"Communiqu\u00e9 de presse\" target=\"\">CERTISYS rejoint le Groupe ECOCERT<\/a><\/div>\n        <style>.psh_button.btn-37359231{\n          font-size: 18px;\n          text-transform: none;\n          padding: 10px 20px 10px 20px;\n          border-radius: 80px;\n          border-width: 0px;\n          background-color: #e30613;\n          border-color: ;\n          border-style: solid;\n          color: #ffffff;\n          display: inline-block;\n          \n          transition: all .3s ease-in-out;\n        }\n        .psh_button.btn-37359231:hover{\n          background-color: #f18970;\n          border-color: ;\n          color: #ffffff;\n          transition: all .3s ease-in-out;\n        }<\/style>[\/vc_column][\/vc_row]<\/p>\n<\/div>","protected":false},"excerpt":{"rendered":"<p>[vc_row css=\u00a0\u00bb.vc_custom_1605630039270{padding-bottom: 150px !important;background-image: url(https:\/\/www.certisys.eu\/wp-content\/uploads\/2020\/10\/bg-3-1.png?id=892) !important;}\u00a0\u00bb el_class=\u00a0\u00bbcustom-lastrow\u00a0\u00bb][vc_column css=\u00a0\u00bb.vc_custom_1616056778505{padding-top: 0px !important;}\u00a0\u00bb offset=\u00a0\u00bbvc_col-lg-offset-2 vc_col-lg-8 vc_col-md-offset-1 vc_col-md-10&Prime;][vc_column_text] Vous \u00eates journaliste et vous voulez en savoir plus sur CERTISYS\u00ae ? N\u2019h\u00e9sitez pas \u00e0 vous rendre sur notre section \u00e0 propos. [\/vc_column_text][vc_row_inner css=\u00a0\u00bb.vc_custom_1619081200287{margin-bottom: 50px !important;}\u00a0\u00bb][vc_column_inner width=\u00a0\u00bb1\/2&Prime;][vc_column_text] Vous avez des questions \u00e0 nous poser ? N\u2019h\u00e9sitez pas \u00e0 prendre contact avec [&hellip;]<\/p>\n","protected":false},"author":1,"featured_media":0,"parent":0,"menu_order":11,"comment_status":"closed","ping_status":"closed","template":"","meta":{"_acf_changed":false,"footnotes":""},"class_list":["post-94","page","type-page","status-publish","hentry"],"acf":[],"yoast_head":"<!-- This site is optimized with the Yoast SEO plugin v27.4 - https:\/\/yoast.com\/product\/yoast-seo-wordpress\/ -->\n<title>Espace Presse - CERTISYS<\/title>\n<meta name=\"robots\" content=\"index, follow, max-snippet:-1, max-image-preview:large, max-video-preview:-1\" \/>\n<link rel=\"canonical\" href=\"https:\/\/www.certisys.eu\/fr\/presse\/\" \/>\n<meta property=\"og:locale\" content=\"fr_FR\" \/>\n<meta property=\"og:type\" content=\"article\" \/>\n<meta property=\"og:title\" content=\"Espace Presse - CERTISYS\" \/>\n<meta property=\"og:description\" content=\"[vc_row css=\u00a0\u00bb.vc_custom_1605630039270{padding-bottom: 150px !important;background-image: url(https:\/\/www.certisys.eu\/wp-content\/uploads\/2020\/10\/bg-3-1.png?id=892) !important;}\u00a0\u00bb el_class=\u00a0\u00bbcustom-lastrow\u00a0\u00bb][vc_column css=\u00a0\u00bb.vc_custom_1616056778505{padding-top: 0px !important;}\u00a0\u00bb offset=\u00a0\u00bbvc_col-lg-offset-2 vc_col-lg-8 vc_col-md-offset-1 vc_col-md-10&Prime;][vc_column_text] Vous \u00eates journaliste et vous voulez en savoir plus sur CERTISYS\u00ae ? N\u2019h\u00e9sitez pas \u00e0 vous rendre sur notre section \u00e0 propos. [\/vc_column_text][vc_row_inner css=\u00a0\u00bb.vc_custom_1619081200287{margin-bottom: 50px !important;}\u00a0\u00bb][vc_column_inner width=\u00a0\u00bb1\/2&Prime;][vc_column_text] Vous avez des questions \u00e0 nous poser ? N\u2019h\u00e9sitez pas \u00e0 prendre contact avec [&hellip;]\" \/>\n<meta property=\"og:url\" content=\"https:\/\/www.certisys.eu\/fr\/presse\/\" \/>\n<meta property=\"og:site_name\" content=\"CERTISYS\" \/>\n<meta property=\"article:modified_time\" content=\"2021-06-04T07:37:58+00:00\" \/>\n<meta name=\"twitter:card\" content=\"summary_large_image\" \/>\n<meta name=\"twitter:label1\" content=\"Dur\u00e9e de lecture estim\u00e9e\" \/>\n\t<meta name=\"twitter:data1\" content=\"1 minute\" \/>\n<!-- \/ Yoast SEO plugin. -->","yoast_head_json":{"title":"Espace Presse - CERTISYS","robots":{"index":"index","follow":"follow","max-snippet":"max-snippet:-1","max-image-preview":"max-image-preview:large","max-video-preview":"max-video-preview:-1"},"canonical":"https:\/\/www.certisys.eu\/fr\/presse\/","og_locale":"fr_FR","og_type":"article","og_title":"Espace Presse - CERTISYS","og_description":"[vc_row css=\u00a0\u00bb.vc_custom_1605630039270{padding-bottom: 150px !important;background-image: url(https:\/\/www.certisys.eu\/wp-content\/uploads\/2020\/10\/bg-3-1.png?id=892) !important;}\u00a0\u00bb el_class=\u00a0\u00bbcustom-lastrow\u00a0\u00bb][vc_column css=\u00a0\u00bb.vc_custom_1616056778505{padding-top: 0px !important;}\u00a0\u00bb offset=\u00a0\u00bbvc_col-lg-offset-2 vc_col-lg-8 vc_col-md-offset-1 vc_col-md-10&Prime;][vc_column_text] Vous \u00eates journaliste et vous voulez en savoir plus sur CERTISYS\u00ae ? N\u2019h\u00e9sitez pas \u00e0 vous rendre sur notre section \u00e0 propos. [\/vc_column_text][vc_row_inner css=\u00a0\u00bb.vc_custom_1619081200287{margin-bottom: 50px !important;}\u00a0\u00bb][vc_column_inner width=\u00a0\u00bb1\/2&Prime;][vc_column_text] Vous avez des questions \u00e0 nous poser ? N\u2019h\u00e9sitez pas \u00e0 prendre contact avec [&hellip;]","og_url":"https:\/\/www.certisys.eu\/fr\/presse\/","og_site_name":"CERTISYS","article_modified_time":"2021-06-04T07:37:58+00:00","twitter_card":"summary_large_image","twitter_misc":{"Dur\u00e9e de lecture estim\u00e9e":"1 minute"},"schema":{"@context":"https:\/\/schema.org","@graph":[{"@type":"WebPage","@id":"https:\/\/www.certisys.eu\/fr\/presse\/","url":"https:\/\/www.certisys.eu\/fr\/presse\/","name":"Espace Presse - CERTISYS","isPartOf":{"@id":"https:\/\/www.certisys.eu\/fr\/#website"},"datePublished":"2020-10-12T08:35:57+00:00","dateModified":"2021-06-04T07:37:58+00:00","breadcrumb":{"@id":"https:\/\/www.certisys.eu\/fr\/presse\/#breadcrumb"},"inLanguage":"fr-FR","potentialAction":[{"@type":"ReadAction","target":["https:\/\/www.certisys.eu\/fr\/presse\/"]}]},{"@type":"BreadcrumbList","@id":"https:\/\/www.certisys.eu\/fr\/presse\/#breadcrumb","itemListElement":[{"@type":"ListItem","position":1,"name":"Home","item":"https:\/\/www.certisys.eu\/fr\/"},{"@type":"ListItem","position":2,"name":"Espace Presse"}]},{"@type":"WebSite","@id":"https:\/\/www.certisys.eu\/fr\/#website","url":"https:\/\/www.certisys.eu\/fr\/","name":"CERTISYS","description":"Bio Certification","potentialAction":[{"@type":"SearchAction","target":{"@type":"EntryPoint","urlTemplate":"https:\/\/www.certisys.eu\/fr\/?s={search_term_string}"},"query-input":{"@type":"PropertyValueSpecification","valueRequired":true,"valueName":"search_term_string"}}],"inLanguage":"fr-FR"}]}},"_links":{"self":[{"href":"https:\/\/www.certisys.eu\/fr\/wp-json\/wp\/v2\/pages\/94","targetHints":{"allow":["GET"]}}],"collection":[{"href":"https:\/\/www.certisys.eu\/fr\/wp-json\/wp\/v2\/pages"}],"about":[{"href":"https:\/\/www.certisys.eu\/fr\/wp-json\/wp\/v2\/types\/page"}],"author":[{"embeddable":true,"href":"https:\/\/www.certisys.eu\/fr\/wp-json\/wp\/v2\/users\/1"}],"replies":[{"embeddable":true,"href":"https:\/\/www.certisys.eu\/fr\/wp-json\/wp\/v2\/comments?post=94"}],"version-history":[{"count":13,"href":"https:\/\/www.certisys.eu\/fr\/wp-json\/wp\/v2\/pages\/94\/revisions"}],"predecessor-version":[{"id":9252,"href":"https:\/\/www.certisys.eu\/fr\/wp-json\/wp\/v2\/pages\/94\/revisions\/9252"}],"wp:attachment":[{"href":"https:\/\/www.certisys.eu\/fr\/wp-json\/wp\/v2\/media?parent=94"}],"curies":[{"name":"wp","href":"https:\/\/api.w.org\/{rel}","templated":true}]}}