{"id":75385,"date":"2025-12-09T09:51:29","date_gmt":"2025-12-09T07:51:29","guid":{"rendered":"https:\/\/www.certisys.eu\/?page_id=75385"},"modified":"2025-12-17T09:00:42","modified_gmt":"2025-12-17T07:00:42","slug":"responsable-de-secteur-controle","status":"publish","type":"page","link":"https:\/\/www.certisys.eu\/fr\/carriere\/responsable-de-secteur-controle\/","title":{"rendered":"Responsable de secteur Contr\u00f4le  (Flandres, Bruxelles &#038; Pays-Bas)"},"content":{"rendered":"<div class=\"wpb-content-wrapper\"><p>[vc_row][vc_column width=\u00a0\u00bb1\/6&Prime;][\/vc_column][vc_column width=\u00a0\u00bb2\/3&Prime;][vc_row_inner gap=\u00a0\u00bb35&Prime;][vc_column_inner width=\u00a0\u00bb2\/3&Prime;][vc_column_text css=\u00a0\u00bb\u00a0\u00bb]<em>\u00a0<\/em><\/p>\n<p><em><strong>CERTISYS est un organisme de contr\u00f4le expert en certifications durables<\/strong><\/em>\u00a0(BIO, Natrue, Cosmos, Rainforest Alliance, &#8230;), pionnier de la certification biologique en\u00a0Belgique, actif dans le B\u00e9n\u00e9lux depuis plus de 30 ans. Nous faisons partie du groupe <strong>Ecocert,<\/strong> leader\u00a0de la certification biologique alimentaire et cosm\u00e9tique au niveau mondial, ce qui enrichit notre v\u00e9ritable ancrage local d&rsquo;une dimension internationale.<\/p>\n<p>Nous sommes \u00e0 la recherche d\u2019un.e[\/vc_column_text][vc_column_text css=\u00a0\u00bb.vc_custom_1765954818088{margin-top: 50px !important;margin-bottom: 50px !important;}\u00a0\u00bb]<\/p>\n<h1>Responsable de secteur Contr\u00f4le<\/h1>\n<h1>(Flandres, Bruxelles &amp; Pays-Bas)<\/h1>\n<p>[\/vc_column_text][vc_column_text css=\u00a0\u00bb\u00a0\u00bb]<\/p>\n<h3>&nbsp;DESCRIPTION DU POSTE<\/h3>\n<p>Sous la responsabilit\u00e9 du Manager des op\u00e9rations, vous assurez la gestion op\u00e9rationnelle du secteur Flandres, Bruxelles et Pays-Bas. Dans l&rsquo;esprit de la vision-mission de l&rsquo;entreprise, vous assurez le bon fonctionnement et l\u2019organisation des contr\u00f4les. Vous assurez le management hi\u00e9rarchique d\u2019une \u00e9quipe de 8 contr\u00f4leurs r\u00e9partis en Flandres et \u00e0 Bruxelles.[\/vc_column_text][vc_column_text css=\u00a0\u00bb\u00a0\u00bb]<\/p>\n<h4>VOS MISSIONS<\/h4>\n<p>Avec le Manager des op\u00e9rations et le Responsable de secteur Wallonie et Luxembourg, vous faites partie du staff du d\u00e9partement contr\u00f4le, qui assure le core business de Certisys.<\/p>\n<ul>\n<li>Vous participez \u00e0 la programmation des contr\u00f4les (audits, \u00e9chantillonnages, contr\u00f4les inopin\u00e9s, \u2026) et fixez les objectifs op\u00e9rationnels de votre secteur<\/li>\n<li>Vous veillez \u00e0 ce que les outils et techniques appropri\u00e9s soient utilis\u00e9s, et participez \u00e0 l\u2019am\u00e9lioration continue des processus<\/li>\n<li>Vous aidez les contr\u00f4leurs dans leur analyse des situations complexes et prenez les initiatives n\u00e9cessaires pour que les solutions ad\u00e9quates soient mises en place<\/li>\n<li>Vous coordonnez l&rsquo;activit\u00e9 des membres de votre \u00e9quipe (formation, coaching) et favorisez la bonne collaboration au sein du service<\/li>\n<li>Vous suivez les KPI et r\u00e9alisez les \u00e9valuations de votre \u00e9quipe de contr\u00f4leurs<\/li>\n<li>Vous vous assurez que la vision-mission et les valeurs de l&rsquo;entreprise soient comprises et respect\u00e9es par votre \u00e9quipe<\/li>\n<\/ul>\n<p>[\/vc_column_text][vc_column_text css=\u00a0\u00bb\u00a0\u00bb]<\/p>\n<h4>VOTRE PROFIL<\/h4>\n<p><strong>\u00a0<\/strong>Vous disposez au minimum d\u2019un master \u00e0 orientation scientifique de type Bioing\u00e9nieur, Ing\u00e9nieur industriel en agronomie, en chimie, ou similaire.<\/p>\n<ul>\n<li>Vous disposez d\u2019une exp\u00e9rience de min 3 ans en tant que Contr\u00f4leur ou Auditeur.<\/li>\n<li>Une exp\u00e9rience probante en gestion d\u2019\u00e9quipe est un atout important.<\/li>\n<li>Vous ma\u00eetrisez parfaitement le n\u00e9erlandais, avez une connaissance active du fran\u00e7ais et de l\u2019anglais.<\/li>\n<li>Vous maitrisez la suite Office.<\/li>\n<li>Vous \u00eates reconnu.e pour vos qualit\u00e9s en termes de rigueur, d\u2019organisation, de communication et gestion d\u2019\u00e9quipe.<\/li>\n<li>Vous avez l\u2019habitude de travailler dans le cadre r\u00e8glementaire et des normes de qualit\u00e9. La connaissance des normes ISO17065 et 17020 sont consid\u00e9r\u00e9es comme un atout.<\/li>\n<li>Vous connaissez le monde de la production biologique, de l\u2019agroalimentaire et\/ou de la certification.<\/li>\n<li>Vous \u00eates int\u00e9ress\u00e9 par les projets durables et un m\u00e9tier qui a du sens.<\/li>\n<\/ul>\n<p>[\/vc_column_text][vc_column_text css=\u00a0\u00bb\u00a0\u00bb]<\/p>\n<h4>NOUS VOUS OFFRONS<\/h4>\n<ul>\n<li>Un contrat CDI.<\/li>\n<li>Un package salarial attractif en ligne avec le secteur (Voiture de soci\u00e9t\u00e9, ch\u00e8ques repas, assurance hospitalisation, 13<sup>\u00e8me<\/sup> mois, \u2026).<\/li>\n<li>La possibilit\u00e9 de faire du t\u00e9l\u00e9travail.<\/li>\n<li>D\u2019int\u00e9grer un secteur d\u2019activit\u00e9 passionnant dans une entreprise dynamique et en pleine \u00e9volution.<\/li>\n<li>Un job vari\u00e9 et stimulant avec des d\u00e9fis et des responsabilit\u00e9s.<\/li>\n<li>Une oreille attentive \u00e0 vos id\u00e9es.<\/li>\n<li>Un trajet de formation continue pour mener \u00e0 bien votre mission et les opportunit\u00e9s futures que vous saisirez.<\/li>\n<li>Un environnement de travail agr\u00e9able \u00e0 Merelbeke.<\/li>\n<\/ul>\n<p>[\/vc_column_text][vc_column_text css=\u00a0\u00bb\u00a0\u00bb]<\/p>\n<h4>CONTACT<\/h4>\n<p>Si vous pensez \u00eatre la personne que nous recherchons, alors aucune h\u00e9sitation \u00e0 avoir, faites-vous connaitre en nous envoyant votre CV et vos motivations \u00e0 Pauline Paque via\u00a0<a href=\"mailto:job@certisys.eu\">job@certisys.eu<\/a>[\/vc_column_text][\/vc_column_inner][vc_column_inner width=\u00a0\u00bb1\/3&Prime; css=\u00a0\u00bb.vc_custom_1718192899620{border-top-width: 1px !important;border-right-width: 1px !important;border-bottom-width: 1px !important;border-left-width: 1px !important;padding-top: 30px !important;padding-right: 30px !important;padding-bottom: 30px !important;padding-left: 30px !important;background-color: #f0f3f1 !important;border-left-style: solid !important;border-right-style: solid !important;border-top-style: solid !important;border-bottom-style: solid !important;border-radius: 4px !important;border-color: #e9e9e9 !important;}\u00a0\u00bb][vc_single_image image=\u00a0\u00bb15908&Prime; img_size=\u00a0\u00bbfull\u00a0\u00bb css=\u00a0\u00bb\u00a0\u00bb][vc_column_text css=\u00a0\u00bb\u00a0\u00bb]<\/p>\n<h3>Type de poste<\/h3>\n<p>Temps plein[\/vc_column_text][vc_column_text css=\u00a0\u00bb\u00a0\u00bb]<\/p>\n<h3>Lieu du poste<\/h3>\n<p>Merelbeke[\/vc_column_text][vc_column_text css=\u00a0\u00bb\u00a0\u00bb]<a class=\"form-jobs\" href=\"#\" target=\"_blank\" rel=\"noopener\">Postuler maintenant<\/a>[\/vc_column_text][vc_raw_html css=\u00a0\u00bb\u00a0\u00bb]JTNDc3R5bGUlM0UuZm9ybS1qb2JzJTdCYmFja2dyb3VuZC1jb2xvciUzQSUyM2UzMDYxNSUzQmJvcmRlci1yYWRpdXMlM0EzNXB4JTNCY29sb3IlM0ElMjNmZmYlM0JwYWRkaW5nJTNBMTJweCUyMDIwcHglM0Jmb250LXdlaWdodCUzQTUwMCUzQmZvbnQtc2l6ZSUzQTE2cHglM0JsaW5lLWhlaWdodCUzQTI1cHglM0J0ZXh0LXRyYW5zZm9ybSUzQXVwcGVyY2FzZSUzQiU3RC5mb3JtLWpvYnMlM0Fob3ZlciU3QmNvbG9yJTNBJTIzZmZmJTIxaW1wb3J0YW50JTNCJTdEJTNDJTJGc3R5bGUlM0U=[\/vc_raw_html][\/vc_column_inner][\/vc_row_inner][\/vc_column][vc_column width=\u00a0\u00bb1\/6&Prime;][\/vc_column][\/vc_row]<\/p>\n<\/div>","protected":false},"excerpt":{"rendered":"<p>[vc_row][vc_column width=\u00a0\u00bb1\/6&Prime;][\/vc_column][vc_column width=\u00a0\u00bb2\/3&Prime;][vc_row_inner gap=\u00a0\u00bb35&Prime;][vc_column_inner width=\u00a0\u00bb2\/3&Prime;][vc_column_text css=\u00a0\u00bb\u00a0\u00bb]\u00a0 CERTISYS est un organisme de contr\u00f4le expert en certifications durables\u00a0(BIO, Natrue, Cosmos, Rainforest Alliance, &#8230;), pionnier de la certification biologique en\u00a0Belgique, actif dans le B\u00e9n\u00e9lux depuis plus de 30 ans. Nous faisons partie du groupe Ecocert, leader\u00a0de la certification biologique alimentaire et cosm\u00e9tique au niveau mondial, ce qui enrichit [&hellip;]<\/p>\n","protected":false},"author":6,"featured_media":0,"parent":21606,"menu_order":0,"comment_status":"closed","ping_status":"closed","template":"","meta":{"_acf_changed":false,"footnotes":""},"class_list":["post-75385","page","type-page","status-publish","hentry"],"acf":[],"yoast_head":"<!-- This site is optimized with the Yoast SEO plugin v26.6 - https:\/\/yoast.com\/wordpress\/plugins\/seo\/ -->\n<title>Responsable de secteur Contr\u00f4le (Flandres, Bruxelles &amp; Pays-Bas) - CERTISYS<\/title>\n<meta name=\"description\" content=\"Responsable de secteur Contr\u00f4le, expert en certifications durables. G\u00e9rez une \u00e9quipe en Flandres\/Bruxelles\/Pays-Bas. CDI, package attractif.\" \/>\n<meta name=\"robots\" content=\"index, follow, max-snippet:-1, max-image-preview:large, max-video-preview:-1\" \/>\n<link rel=\"canonical\" href=\"https:\/\/www.certisys.eu\/fr\/carriere\/responsable-de-secteur-controle\/\" \/>\n<meta property=\"og:locale\" content=\"fr_FR\" \/>\n<meta property=\"og:type\" content=\"article\" \/>\n<meta property=\"og:title\" content=\"Responsable de secteur Contr\u00f4le (Flandres, Bruxelles &amp; Pays-Bas) - CERTISYS\" \/>\n<meta property=\"og:description\" content=\"Responsable de secteur Contr\u00f4le, expert en certifications durables. G\u00e9rez une \u00e9quipe en Flandres\/Bruxelles\/Pays-Bas. CDI, package attractif.\" \/>\n<meta property=\"og:url\" content=\"https:\/\/www.certisys.eu\/fr\/carriere\/responsable-de-secteur-controle\/\" \/>\n<meta property=\"og:site_name\" content=\"CERTISYS\" \/>\n<meta property=\"article:modified_time\" content=\"2025-12-17T07:00:42+00:00\" \/>\n<meta name=\"twitter:card\" content=\"summary_large_image\" \/>\n<meta name=\"twitter:label1\" content=\"Dur\u00e9e de lecture estim\u00e9e\" \/>\n\t<meta name=\"twitter:data1\" content=\"4 minutes\" \/>\n<!-- \/ Yoast SEO plugin. -->","yoast_head_json":{"title":"Responsable de secteur Contr\u00f4le (Flandres, Bruxelles & Pays-Bas) - CERTISYS","description":"Responsable de secteur Contr\u00f4le, expert en certifications durables. G\u00e9rez une \u00e9quipe en Flandres\/Bruxelles\/Pays-Bas. CDI, package attractif.","robots":{"index":"index","follow":"follow","max-snippet":"max-snippet:-1","max-image-preview":"max-image-preview:large","max-video-preview":"max-video-preview:-1"},"canonical":"https:\/\/www.certisys.eu\/fr\/carriere\/responsable-de-secteur-controle\/","og_locale":"fr_FR","og_type":"article","og_title":"Responsable de secteur Contr\u00f4le (Flandres, Bruxelles & Pays-Bas) - CERTISYS","og_description":"Responsable de secteur Contr\u00f4le, expert en certifications durables. G\u00e9rez une \u00e9quipe en Flandres\/Bruxelles\/Pays-Bas. CDI, package attractif.","og_url":"https:\/\/www.certisys.eu\/fr\/carriere\/responsable-de-secteur-controle\/","og_site_name":"CERTISYS","article_modified_time":"2025-12-17T07:00:42+00:00","twitter_card":"summary_large_image","twitter_misc":{"Dur\u00e9e de lecture estim\u00e9e":"4 minutes"},"schema":{"@context":"https:\/\/schema.org","@graph":[{"@type":"WebPage","@id":"https:\/\/www.certisys.eu\/fr\/carriere\/responsable-de-secteur-controle\/","url":"https:\/\/www.certisys.eu\/fr\/carriere\/responsable-de-secteur-controle\/","name":"Responsable de secteur Contr\u00f4le (Flandres, Bruxelles & Pays-Bas) - CERTISYS","isPartOf":{"@id":"https:\/\/www.certisys.eu\/fr\/#website"},"datePublished":"2025-12-09T07:51:29+00:00","dateModified":"2025-12-17T07:00:42+00:00","description":"Responsable de secteur Contr\u00f4le, expert en certifications durables. G\u00e9rez une \u00e9quipe en Flandres\/Bruxelles\/Pays-Bas. CDI, package attractif.","breadcrumb":{"@id":"https:\/\/www.certisys.eu\/fr\/carriere\/responsable-de-secteur-controle\/#breadcrumb"},"inLanguage":"fr-FR","potentialAction":[{"@type":"ReadAction","target":["https:\/\/www.certisys.eu\/fr\/carriere\/responsable-de-secteur-controle\/"]}]},{"@type":"BreadcrumbList","@id":"https:\/\/www.certisys.eu\/fr\/carriere\/responsable-de-secteur-controle\/#breadcrumb","itemListElement":[{"@type":"ListItem","position":1,"name":"Home","item":"https:\/\/www.certisys.eu\/fr\/"},{"@type":"ListItem","position":2,"name":"Carri\u00e8re","item":"https:\/\/www.certisys.eu\/fr\/carriere\/"},{"@type":"ListItem","position":3,"name":"Responsable de secteur Contr\u00f4le (Flandres, Bruxelles &#038; Pays-Bas)"}]},{"@type":"WebSite","@id":"https:\/\/www.certisys.eu\/fr\/#website","url":"https:\/\/www.certisys.eu\/fr\/","name":"CERTISYS","description":"Bio Certification","potentialAction":[{"@type":"SearchAction","target":{"@type":"EntryPoint","urlTemplate":"https:\/\/www.certisys.eu\/fr\/?s={search_term_string}"},"query-input":{"@type":"PropertyValueSpecification","valueRequired":true,"valueName":"search_term_string"}}],"inLanguage":"fr-FR"}]}},"jetpack_sharing_enabled":true,"_links":{"self":[{"href":"https:\/\/www.certisys.eu\/fr\/wp-json\/wp\/v2\/pages\/75385","targetHints":{"allow":["GET"]}}],"collection":[{"href":"https:\/\/www.certisys.eu\/fr\/wp-json\/wp\/v2\/pages"}],"about":[{"href":"https:\/\/www.certisys.eu\/fr\/wp-json\/wp\/v2\/types\/page"}],"author":[{"embeddable":true,"href":"https:\/\/www.certisys.eu\/fr\/wp-json\/wp\/v2\/users\/6"}],"replies":[{"embeddable":true,"href":"https:\/\/www.certisys.eu\/fr\/wp-json\/wp\/v2\/comments?post=75385"}],"version-history":[{"count":6,"href":"https:\/\/www.certisys.eu\/fr\/wp-json\/wp\/v2\/pages\/75385\/revisions"}],"predecessor-version":[{"id":75510,"href":"https:\/\/www.certisys.eu\/fr\/wp-json\/wp\/v2\/pages\/75385\/revisions\/75510"}],"up":[{"embeddable":true,"href":"https:\/\/www.certisys.eu\/fr\/wp-json\/wp\/v2\/pages\/21606"}],"wp:attachment":[{"href":"https:\/\/www.certisys.eu\/fr\/wp-json\/wp\/v2\/media?parent=75385"}],"curies":[{"name":"wp","href":"https:\/\/api.w.org\/{rel}","templated":true}]}}