{"id":7260,"date":"2021-05-07T08:48:43","date_gmt":"2021-05-07T06:48:43","guid":{"rendered":"https:\/\/certisys.poush.be\/?page_id=7260"},"modified":"2025-03-11T15:25:14","modified_gmt":"2025-03-11T13:25:14","slug":"engagement","status":"publish","type":"page","link":"https:\/\/www.certisys.eu\/fr\/a-propos\/engagement\/","title":{"rendered":"Notre engagement"},"content":{"rendered":"<div class=\"wpb-content-wrapper\"><p>[vc_row content_placement=\u00a0\u00bbmiddle\u00a0\u00bb css=\u00a0\u00bb.vc_custom_1605630337493{padding-bottom: 30px !important;}\u00a0\u00bb][vc_column width=\u00a0\u00bb1\/2&Prime; offset=\u00a0\u00bbvc_col-lg-offset-2 vc_col-lg-4&Prime;][vc_column_text]<\/p>\n<h2>Notre vision<\/h2>\n<p><strong><em>S\u2019il existe un projet, nous sommes convaincus qu\u2019il doit \u00eatre durable<\/em><\/strong><\/p>\n<p>Cette phrase symbolise notre vision et notre ambition d\u2019acc\u00e9l\u00e9rer notre impact positif sur l\u2019environnement et la soci\u00e9t\u00e9.<\/p>\n<p>Le monde change. Et avec lui, c\u2019est la prise de conscience de notre impact qui grandit. Aujourd\u2019hui, le maintien de la biodiversit\u00e9, le changement climatique, le respect de l\u2019environnement, la r\u00e9partition \u00e9quitable des ressources sont des enjeux majeurs pour notre soci\u00e9t\u00e9. Plus que jamais, chez CERTISYS, nous sommes convaincus de la n\u00e9cessit\u00e9 de faire \u00e9voluer nos mod\u00e8les.<\/p>\n<p>Le d\u00e9fi est de taille. Mais nous sommes certains que pour le relever, chacun a un r\u00f4le \u00e0 jouer. Pour y prendre part, nous avons d\u2019abord choisi la voie de la certification. En cherchant \u00e0 promouvoir des mod\u00e8les durables, nous nous inscrivons dans la continuit\u00e9 des principes d\u00e9fendus par l\u2019agriculture biologique.<\/p>\n<ul>\n<li><strong>Pour nos clients<\/strong><\/li>\n<\/ul>\n<p>Nous sommes proches de vous, \u00e0 l\u2019\u00e9coute de vos besoins et des sp\u00e9cificit\u00e9s de vos march\u00e9s. Gr\u00e2ce \u00e0 notre pr\u00e9sence mondiale, nous vous proposons des solutions innovantes et int\u00e9gr\u00e9es pour vous aider \u00e0 vous d\u00e9velopper de mani\u00e8re durable.<\/p>\n<ul>\n<li><strong>Pour la Soci\u00e9t\u00e9<\/strong><\/li>\n<\/ul>\n<p>Engag\u00e9s depuis notre cr\u00e9ation dans l\u2019agriculture biologique, nous s\u00e9lectionnons uniquement des garanties qui ont du sens car elles ont un impact positif pour la Soci\u00e9t\u00e9.<\/p>\n<ul>\n<li><strong>Avec notre \u00e9quipe<\/strong><\/li>\n<\/ul>\n<p>Forte en expertise, inspir\u00e9e, diversifi\u00e9e et ambitieuse. Notre engagement pour un monde durable nous unit.<\/p>\n<p>[\/vc_column_text][\/vc_column][vc_column width=\u00a0\u00bb1\/3&Prime;][vc_single_image image=\u00a0\u00bb3689&Prime; img_size=\u00a0\u00bb400&#215;400&Prime; alignment=\u00a0\u00bbcenter\u00a0\u00bb style=\u00a0\u00bbvc_box_circle_2&Prime; css_animation=\u00a0\u00bbfadeInDown\u00a0\u00bb][\/vc_column][\/vc_row][vc_row content_placement=\u00a0\u00bbmiddle\u00a0\u00bb css=\u00a0\u00bb.vc_custom_1614101002332{padding-bottom: 30px !important;}\u00a0\u00bb el_id=\u00a0\u00bbmissions\u00a0\u00bb][vc_column width=\u00a0\u00bb1\/2&Prime;][vc_single_image image=\u00a0\u00bb19037&Prime; img_size=\u00a0\u00bb500&#215;500&Prime; alignment=\u00a0\u00bbcenter\u00a0\u00bb style=\u00a0\u00bbvc_box_circle_2&Prime; css_animation=\u00a0\u00bbfadeInDown\u00a0\u00bb css=\u00a0\u00bb.vc_custom_1673961578547{padding-left: 0px !important;}\u00a0\u00bb][\/vc_column][vc_column width=\u00a0\u00bb1\/2&Prime; offset=\u00a0\u00bbvc_col-lg-4&Prime;][vc_column_text css=\u00a0\u00bb\u00a0\u00bb]<\/p>\n<h2>Notre mission<\/h2>\n<p><em><strong>Notre mission est d\u2019accompagner les clients de diff\u00e9rents secteurs dans leurs d\u00e9marches durables et de leur d\u00e9livrer des certifications garantissant et valorisant leurs bonnes pratiques sociales et environnementales.<\/strong><\/em><\/p>\n<p>Nous sommes n\u00e9s, il y a 40 ans, d\u2019un groupe de pionniers passionn\u00e9s par la terre. Des ing\u00e9nieurs et agronomes qui ont cherch\u00e9 \u00e0 relever le d\u00e9fi d\u2019un <strong>contr\u00f4le et d\u2019une certification fiable et cr\u00e9dible<\/strong> de l\u2019agriculture biologique.<\/p>\n<p>En capitalisant sur cette expertise biologique, nous avons aujourd\u2019hui \u00e9tendu notre action \u00e0 d\u2019autres fili\u00e8res comme les cosm\u00e9tiques et d\u00e9tergents naturels, le commerce \u00e9quitable ou encore les intrants.<\/p>\n<p>Nous d\u00e9fendons des productions respectueuses des \u00e9cosyst\u00e8mes vivants, une meilleure gestion des ressources naturelles (eau, air, fertilit\u00e9 des sols) et de l\u2019\u00e9nergie, des fili\u00e8res socialement responsables, une meilleure qualit\u00e9 et s\u00e9curit\u00e9 des produits. Des \u00e9l\u00e9ments indispensables pour r\u00e9pondre aux enjeux \u00e9conomiques, sociaux et environnementaux actuels afin de construire le monde de demain.<\/p>\n<p>&nbsp;<\/p>\n<div id=\"ConnectiveDocSignExtentionInstalled\" data-extension-version=\"1.0.4\"><\/div>\n<p>[\/vc_column_text]<div class=\"d-flex justify-content-start vc_custom_1620387674024\"><a class=\"psh_button btn-79939540\" href=\"https:\/\/www.certisys.eu\/a-propos\/equipes\/\" alt=\"Nos \u00e9quipes\" target=\"\">D\u00e9couvrez nos \u00e9quipes<\/a><\/div>\n        <style>.psh_button.btn-79939540{\n          font-size: 20px;\n          text-transform: none;\n          padding: 10px 25px 10px 25px;\n          border-radius: 80px;\n          border-width: 0px;\n          background-color: #e30613;\n          border-color: ;\n          border-style: solid;\n          color: #ffffff;\n          display: inline-block;\n          \n          transition: all .3s ease-in-out;\n        }\n        .psh_button.btn-79939540:hover{\n          background-color: #f18970;\n          border-color: ;\n          color: #ffffff;\n          transition: all .3s ease-in-out;\n        }.vc_custom_1620387674024{margin-bottom: 35px !important;}<\/style>[\/vc_column][\/vc_row][vc_row full_width=\u00a0\u00bbstretch_row\u00a0\u00bb css=\u00a0\u00bb.vc_custom_1620370151972{padding-top: 50px !important;padding-bottom: 50px !important;}\u00a0\u00bb][vc_column][vc_row_inner][vc_column_inner width=\u00a0\u00bb1\/6&Prime;][\/vc_column_inner][vc_column_inner width=\u00a0\u00bb2\/3&Prime;][vc_column_text]<\/p>\n<h2 style=\"text-align: center;\">Nos valeurs<\/h2>\n<p style=\"text-align: center;\">Notre travail est sous-tendu par des valeurs fortes qui nous permettent d\u2019entretenir des <strong>relations de confiance<\/strong> entre nos op\u00e9rateurs, les consommateurs, les parties prenantes du secteur BIO et les pouvoirs publics.<\/p>\n<p>[\/vc_column_text][\/vc_column_inner][vc_column_inner width=\u00a0\u00bb1\/6&Prime;][\/vc_column_inner][\/vc_row_inner][vc_row_inner][vc_column_inner width=\u00a0\u00bb1\/5&Prime;][vc_single_image image=\u00a0\u00bb19047&Prime; img_size=\u00a0\u00bb80&#215;80&Prime; alignment=\u00a0\u00bbcenter\u00a0\u00bb css_animation=\u00a0\u00bbfadeInDown\u00a0\u00bb css=\u00a0\u00bb.vc_custom_1673962209754{margin-bottom: 20px !important;}\u00a0\u00bb][vc_column_text]<\/p>\n<p style=\"text-align: center;\">Respect de l&rsquo;humain et de son environnement<\/p>\n<p>[\/vc_column_text][\/vc_column_inner][vc_column_inner width=\u00a0\u00bb1\/5&Prime;][vc_single_image image=\u00a0\u00bb3121&Prime; img_size=\u00a0\u00bb80&#215;80&Prime; alignment=\u00a0\u00bbcenter\u00a0\u00bb css_animation=\u00a0\u00bbfadeInDown\u00a0\u00bb css=\u00a0\u00bb.vc_custom_1614242108693{margin-bottom: 20px !important;}\u00a0\u00bb][vc_column_text]<\/p>\n<p style=\"text-align: center;\">Proximit\u00e9 avec le client et ancrage local<\/p>\n<p>[\/vc_column_text][\/vc_column_inner][vc_column_inner width=\u00a0\u00bb1\/5&Prime;][vc_single_image image=\u00a0\u00bb19043&Prime; img_size=\u00a0\u00bb80&#215;80&Prime; alignment=\u00a0\u00bbcenter\u00a0\u00bb css_animation=\u00a0\u00bbfadeInDown\u00a0\u00bb css=\u00a0\u00bb.vc_custom_1673962318903{margin-bottom: 20px !important;}\u00a0\u00bb][vc_column_text]<\/p>\n<p style=\"text-align: center;\">Expertise et innovation au service du client<\/p>\n<p>[\/vc_column_text][\/vc_column_inner][vc_column_inner width=\u00a0\u00bb1\/5&Prime;][vc_single_image image=\u00a0\u00bb3113&Prime; img_size=\u00a0\u00bb80&#215;80&Prime; alignment=\u00a0\u00bbcenter\u00a0\u00bb css_animation=\u00a0\u00bbfadeInDown\u00a0\u00bb css=\u00a0\u00bb.vc_custom_1614242117512{margin-bottom: 20px !important;}\u00a0\u00bb][vc_column_text]<\/p>\n<p style=\"text-align: center;\">Collaboration et relation de confiance avec nos partenaires<\/p>\n<p>[\/vc_column_text][\/vc_column_inner][vc_column_inner width=\u00a0\u00bb1\/5&Prime;][vc_single_image image=\u00a0\u00bb3125&Prime; img_size=\u00a0\u00bb80&#215;80&Prime; alignment=\u00a0\u00bbcenter\u00a0\u00bb css_animation=\u00a0\u00bbfadeInDown\u00a0\u00bb css=\u00a0\u00bb.vc_custom_1614242138180{margin-bottom: 20px !important;}\u00a0\u00bb][vc_column_text]<\/p>\n<p style=\"text-align: center;\">Int\u00e9grit\u00e9 et transparence<\/p>\n<p>[\/vc_column_text][\/vc_column_inner][\/vc_row_inner][\/vc_column][\/vc_row][vc_row][vc_column][vc_column_text]<\/p>\n<div id=\"ConnectiveDocSignExtentionInstalled\" data-extension-version=\"1.0.4\"><\/div>\n<p>[\/vc_column_text][\/vc_column][\/vc_row]<\/p>\n<\/div>","protected":false},"excerpt":{"rendered":"<p>[vc_row content_placement=\u00a0\u00bbmiddle\u00a0\u00bb css=\u00a0\u00bb.vc_custom_1605630337493{padding-bottom: 30px !important;}\u00a0\u00bb][vc_column width=\u00a0\u00bb1\/2&Prime; offset=\u00a0\u00bbvc_col-lg-offset-2 vc_col-lg-4&Prime;][vc_column_text] Notre vision S\u2019il existe un projet, nous sommes convaincus qu\u2019il doit \u00eatre durable Cette phrase symbolise notre vision et notre ambition d\u2019acc\u00e9l\u00e9rer notre impact positif sur l\u2019environnement et la soci\u00e9t\u00e9. Le monde change. Et avec lui, c\u2019est la prise de conscience de notre impact qui grandit. Aujourd\u2019hui, [&hellip;]<\/p>\n","protected":false},"author":1,"featured_media":0,"parent":12,"menu_order":0,"comment_status":"closed","ping_status":"closed","template":"","meta":{"_acf_changed":false,"footnotes":""},"class_list":["post-7260","page","type-page","status-publish","hentry"],"acf":[],"yoast_head":"<!-- This site is optimized with the Yoast SEO plugin v27.4 - https:\/\/yoast.com\/product\/yoast-seo-wordpress\/ -->\n<title>Les engagements, la vision et la mission de Certisys<\/title>\n<meta name=\"description\" content=\"Notre mission est de garantir la cr\u00e9dibilit\u00e9 du BIO gr\u00e2ce \u00e0 des informations, des contr\u00f4les et des certifications s\u00fbrs et adapt\u00e9s.\" \/>\n<meta name=\"robots\" content=\"index, follow, max-snippet:-1, max-image-preview:large, max-video-preview:-1\" \/>\n<link rel=\"canonical\" href=\"https:\/\/www.certisys.eu\/fr\/a-propos\/engagement\/\" \/>\n<meta property=\"og:locale\" content=\"fr_FR\" \/>\n<meta property=\"og:type\" content=\"article\" \/>\n<meta property=\"og:title\" content=\"Les engagements, la vision et la mission de Certisys\" \/>\n<meta property=\"og:description\" content=\"Notre mission est de garantir la cr\u00e9dibilit\u00e9 du BIO gr\u00e2ce \u00e0 des informations, des contr\u00f4les et des certifications s\u00fbrs et adapt\u00e9s.\" \/>\n<meta property=\"og:url\" content=\"https:\/\/www.certisys.eu\/fr\/a-propos\/engagement\/\" \/>\n<meta property=\"og:site_name\" content=\"CERTISYS\" \/>\n<meta property=\"article:modified_time\" content=\"2025-03-11T13:25:14+00:00\" \/>\n<meta name=\"twitter:card\" content=\"summary_large_image\" \/>\n<meta name=\"twitter:label1\" content=\"Dur\u00e9e de lecture estim\u00e9e\" \/>\n\t<meta name=\"twitter:data1\" content=\"4 minutes\" \/>\n<!-- \/ Yoast SEO plugin. -->","yoast_head_json":{"title":"Les engagements, la vision et la mission de Certisys","description":"Notre mission est de garantir la cr\u00e9dibilit\u00e9 du BIO gr\u00e2ce \u00e0 des informations, des contr\u00f4les et des certifications s\u00fbrs et adapt\u00e9s.","robots":{"index":"index","follow":"follow","max-snippet":"max-snippet:-1","max-image-preview":"max-image-preview:large","max-video-preview":"max-video-preview:-1"},"canonical":"https:\/\/www.certisys.eu\/fr\/a-propos\/engagement\/","og_locale":"fr_FR","og_type":"article","og_title":"Les engagements, la vision et la mission de Certisys","og_description":"Notre mission est de garantir la cr\u00e9dibilit\u00e9 du BIO gr\u00e2ce \u00e0 des informations, des contr\u00f4les et des certifications s\u00fbrs et adapt\u00e9s.","og_url":"https:\/\/www.certisys.eu\/fr\/a-propos\/engagement\/","og_site_name":"CERTISYS","article_modified_time":"2025-03-11T13:25:14+00:00","twitter_card":"summary_large_image","twitter_misc":{"Dur\u00e9e de lecture estim\u00e9e":"4 minutes"},"schema":{"@context":"https:\/\/schema.org","@graph":[{"@type":"WebPage","@id":"https:\/\/www.certisys.eu\/fr\/a-propos\/engagement\/","url":"https:\/\/www.certisys.eu\/fr\/a-propos\/engagement\/","name":"Les engagements, la vision et la mission de Certisys","isPartOf":{"@id":"https:\/\/www.certisys.eu\/fr\/#website"},"datePublished":"2021-05-07T06:48:43+00:00","dateModified":"2025-03-11T13:25:14+00:00","description":"Notre mission est de garantir la cr\u00e9dibilit\u00e9 du BIO gr\u00e2ce \u00e0 des informations, des contr\u00f4les et des certifications s\u00fbrs et adapt\u00e9s.","breadcrumb":{"@id":"https:\/\/www.certisys.eu\/fr\/a-propos\/engagement\/#breadcrumb"},"inLanguage":"fr-FR","potentialAction":[{"@type":"ReadAction","target":["https:\/\/www.certisys.eu\/fr\/a-propos\/engagement\/"]}]},{"@type":"BreadcrumbList","@id":"https:\/\/www.certisys.eu\/fr\/a-propos\/engagement\/#breadcrumb","itemListElement":[{"@type":"ListItem","position":1,"name":"Home","item":"https:\/\/www.certisys.eu\/fr\/"},{"@type":"ListItem","position":2,"name":"\u00c0 propos","item":"https:\/\/www.certisys.eu\/fr\/ueber\/"},{"@type":"ListItem","position":3,"name":"Notre engagement"}]},{"@type":"WebSite","@id":"https:\/\/www.certisys.eu\/fr\/#website","url":"https:\/\/www.certisys.eu\/fr\/","name":"CERTISYS","description":"Bio Certification","potentialAction":[{"@type":"SearchAction","target":{"@type":"EntryPoint","urlTemplate":"https:\/\/www.certisys.eu\/fr\/?s={search_term_string}"},"query-input":{"@type":"PropertyValueSpecification","valueRequired":true,"valueName":"search_term_string"}}],"inLanguage":"fr-FR"}]}},"_links":{"self":[{"href":"https:\/\/www.certisys.eu\/fr\/wp-json\/wp\/v2\/pages\/7260","targetHints":{"allow":["GET"]}}],"collection":[{"href":"https:\/\/www.certisys.eu\/fr\/wp-json\/wp\/v2\/pages"}],"about":[{"href":"https:\/\/www.certisys.eu\/fr\/wp-json\/wp\/v2\/types\/page"}],"author":[{"embeddable":true,"href":"https:\/\/www.certisys.eu\/fr\/wp-json\/wp\/v2\/users\/1"}],"replies":[{"embeddable":true,"href":"https:\/\/www.certisys.eu\/fr\/wp-json\/wp\/v2\/comments?post=7260"}],"version-history":[{"count":9,"href":"https:\/\/www.certisys.eu\/fr\/wp-json\/wp\/v2\/pages\/7260\/revisions"}],"predecessor-version":[{"id":41742,"href":"https:\/\/www.certisys.eu\/fr\/wp-json\/wp\/v2\/pages\/7260\/revisions\/41742"}],"up":[{"embeddable":true,"href":"https:\/\/www.certisys.eu\/fr\/wp-json\/wp\/v2\/pages\/12"}],"wp:attachment":[{"href":"https:\/\/www.certisys.eu\/fr\/wp-json\/wp\/v2\/media?parent=7260"}],"curies":[{"name":"wp","href":"https:\/\/api.w.org\/{rel}","templated":true}]}}