{"id":7095,"date":"2021-05-06T16:46:03","date_gmt":"2021-05-06T14:46:03","guid":{"rendered":"https:\/\/certisys.poush.be\/?page_id=7095"},"modified":"2022-11-03T10:42:47","modified_gmt":"2022-11-03T08:42:47","slug":"politique-cookies","status":"publish","type":"page","link":"https:\/\/www.certisys.eu\/fr\/politique-cookies\/","title":{"rendered":"Politique des Cookies"},"content":{"rendered":"<div class=\"wpb-content-wrapper\"><p>[vc_row][vc_column][vc_column_text]<\/p>\n<h2><strong>Politique de gestion des cookies<\/strong><\/h2>\n<p>CERTISYS\u00ae a fait le choix d\u2019utiliser des cookies recommand\u00e9s par l\u2019APD. Ces cookies sont exempt\u00e9s de consentement.<\/p>\n<p>Lors de la consultation du Site, des cookies sont d\u00e9pos\u00e9s sur votre ordinateur, votre mobile ou votre tablette. La pr\u00e9sente politique vous permet de mieux comprendre ce qu&rsquo;est un cookie, comment cela fonctionne et comment les param\u00e9trer.<\/p>\n<h3>1\/ Qu&rsquo;est-ce qu&rsquo;un cookie ?<\/h3>\n<p>Un \u00ab\u00a0cookie\u00a0\u00bb est une suite d&rsquo;informations, g\u00e9n\u00e9ralement de petite taille et identifi\u00e9 par un nom, qui peut \u00eatre transmis \u00e0 votre navigateur par un site web sur lequel vous vous connectez. Votre navigateur web le conservera pendant une dur\u00e9e r\u00e9glementaire de 13 mois maximum, et le renverra au serveur web chaque fois que vous vous y reconnecterez.<\/p>\n<h3>2\/ A quoi servent les cookies ?<\/h3>\n<p>Les cookies servent \u00e0 l&rsquo;am\u00e9lioration des services qui vous sont destin\u00e9s. De mani\u00e8re g\u00e9n\u00e9rale, les cookies permettent d\u2019enregistrer des informations relatives \u00e0 la navigation de votre ordinateur sur notre Site (le pays, la langue choisie, la date etc.). Ces informations seront lues lors de vos visites ult\u00e9rieures afin de faciliter votre navigation sur le Site et de r\u00e9pondre \u00e0 votre demande de mani\u00e8re cibl\u00e9e et pr\u00e9cise. Les cookies permettent par ailleurs \u00e0 CERTISYS de r\u00e9aliser des statistiques sur la fr\u00e9quentation du site. Seul l\u2019\u00e9metteur d\u2019un cookie peut lire ou modifier les informations qui y sont contenues. Certains cookies sont strictement n\u00e9cessaires au fonctionnement du Site, d&rsquo;autres servent \u00e0 am\u00e9liorer ses performances et votre exp\u00e9rience d&rsquo;Utilisateur.<\/p>\n<h3>3\/ Quels sont les Cookies utilis\u00e9s sur ce site ?<\/h3>\n<p>Diff\u00e9rents types de cookies sont d\u00e9pos\u00e9s sur le Site :<\/p>\n<ul>\n<li>Cookies indispensables au site pour fonctionner :<\/li>\n<\/ul>\n<p>&#8211; Les \u00ab Cookie de session \u00bb contiennent la langue courante de navigation et l\u2019information sur l\u2019administrateur connect\u00e9. Ces cookies sont purement techniques et conserv\u00e9s uniquement le temps de la session.<\/p>\n<ul>\n<li style=\"list-style-type: none;\">\n<ul>\n<li>Cookies d&rsquo;analyse de navigation et de mesure d\u2019audience Matomo :<\/li>\n<\/ul>\n<\/li>\n<\/ul>\n<p>Le d\u00e9p\u00f4t du cookie Matomo est strictement r\u00e9serv\u00e9 \u00e0 la production de statistiques anonymes relatives \u00e0 la fr\u00e9quentation de notre Site.<\/p>\n<p>Ce cookie nous permet d\u2019identifier :<\/p>\n<p>&#8211; Le bon fonctionnement ou non de notre Site<br \/>\n&#8211; La pertinence des contenus publi\u00e9s<br \/>\n&#8211; La performance de notre structure de site afin de vous proposer le meilleur service<\/p>\n<p>Ce cookie ne collecte aucune donn\u00e9e personnelle. Vous pouvez n\u00e9anmoins vous opposer au d\u00e9p\u00f4t de ce cookie (voir ci-dessous).<\/p>\n<ul>\n<li style=\"list-style-type: none;\">\n<ul>\n<li>\n<ul>\n<li>Cookies de suivi des conversions de Facebook Ads (pixel Facebook) (Meta Platforms Ireland Limited)<\/li>\n<\/ul>\n<p>Le suivi des conversions de Facebook Ads (pixel Facebook) est un service d&rsquo;analyse fourni par Meta Platforms Ireland Limited, qui relie les donn\u00e9es du r\u00e9seau publicitaire de Meta aux actions effectu\u00e9es sur www.certisys.eu. Le pixel Facebook suit les conversions pouvant \u00eatre attribu\u00e9es aux publicit\u00e9s sur Facebook, Instagram et l\u2019Audience Network.<\/p>\n<p>Donn\u00e9es personnelles trait\u00e9es : Donn\u00e9es d&rsquo;utilisation et Traqueurs.<\/p>\n<p>Lieu de traitement : Irlande \u2013 <a href=\"https:\/\/www.facebook.com\/about\/privacy\/\">Politique de confidentialit\u00e9<\/a>.<\/p>\n<p>Dur\u00e9e de stockage : fbp: 3 mois<\/li>\n<\/ul>\n<\/li>\n<\/ul>\n<h4>4\/ Comment param\u00e9trer les cookies ?<\/h4>\n<p>\u00ab\u00a0Afin de contr\u00f4ler l&rsquo;utilisation des cookies sur notre Site Internet, nous avons mis en place un Plug-In WordPress appel\u00e9 \u00ab\u00a0GDPR Cookie Consent\u00a0\u00bb, qui vous est fourni lorsque vous visitez notre Site Internet et qui vous permet de configurer les diff\u00e9rents cookies dont vous avez autoris\u00e9 l&rsquo;installation.\u00a0\u00bb<\/p>\n<p>Les cookies publicitaires sont distincts des cookies de navigation.<\/p>\n<p>Vous pouvez modifier vos pr\u00e9f\u00e9rences en mati\u00e8re de cookies \u00e0 tout moment ou les supprimer soit dans les param\u00e8tres de votre navigateur comme indiqu\u00e9 ci-dessous, soit en cliquant sur le bouton pr\u00e9vu \u00e0 cet effet s\u2019agissant du cookie Matomo.<\/p>\n<p>Vous pouvez vous opposer au suivi de votre navigation sur ce site web. Cela prot\u00e9gera votre vie priv\u00e9e, mais emp\u00eachera \u00e9galement le propri\u00e9taire d\u2019apprendre de vos actions et de cr\u00e9er une meilleure exp\u00e9rience pour vous et les autres utilisateurs.<\/p>\n<p>[<a href=\"https:\/\/fr.matomo.org\/faq\/general\/faq_20000\/\">Optout Matomo<\/a>][\/vc_column_text][vc_column_text]La configuration de chaque navigateur est diff\u00e9rente, elle est d\u00e9crite dans le menu d\u2019aide du navigateur qui vous permettra de savoir de quelle mani\u00e8re modifier vos souhaits en mati\u00e8re de cookies :<\/p>\n<ul>\n<li>Pour Internet Explorer\u2122 : ouvrez le menu Outils, puis s\u00e9lectionnez Options internet ; cliquez sur l\u2019onglet Confidentialit\u00e9 puis choisissez le niveau souhait\u00e9,<\/li>\n<li>Pour Firefox\u2122 : ouvrez le menu Outils, puis s\u00e9lectionnez Options ; cliquez sur l\u2019onglet Vie priv\u00e9e puis choisissez les options souhait\u00e9es,<\/li>\n<li>Pour Chrome\u2122 : ouvrez le menu de configuration (logo cl\u00e9 \u00e0 molettes), puis s\u00e9lectionnez Param\u00e8tres ; cliquez sur Param\u00e8tres avanc\u00e9s puis sur Param\u00e8tres de contenu, puis choisissez les options souhait\u00e9es,<\/li>\n<li>Pour Safari\u2122 : choisissez Safari &gt; Pr\u00e9f\u00e9rences puis cliquez sur S\u00e9curit\u00e9 ; cliquez sur Afficher les cookies puis choisissez les options souhait\u00e9es<\/li>\n<\/ul>\n<p>Nous vous informons qu\u2019en param\u00e9trant votre navigateur pour refuser les cookies, certain(e)s fonctionnalit\u00e9s, pages, espaces du Site ne seront pas accessibles, ce dont nous ne saurions \u00eatre responsables.<\/p>\n<p>Nous attirons \u00e9galement votre attention sur le fait que, lorsque vous vous opposez \u00e0 l\u2019installation ou \u00e0 l\u2019utilisation d\u2019un cookie, un cookie de refus est install\u00e9 sur votre \u00e9quipement terminal. Si vous supprimez ce cookie de refus, il ne sera plus possible de vous identifier comme ayant refus\u00e9 l\u2019utilisation de cookies. De m\u00eame, lorsque vous consentez \u00e0 l\u2019installation de cookies, un cookie de consentement est install\u00e9. Les cookies de consentement ou de refus doivent rester sur votre \u00e9quipement terminal.<\/p>\n<p>&nbsp;[\/vc_column_text][\/vc_column][\/vc_row]<\/p>\n<\/div>","protected":false},"excerpt":{"rendered":"<p>[vc_row][vc_column][vc_column_text] Politique de gestion des cookies CERTISYS\u00ae a fait le choix d\u2019utiliser des cookies recommand\u00e9s par l\u2019APD. Ces cookies sont exempt\u00e9s de consentement. Lors de la consultation du Site, des cookies sont d\u00e9pos\u00e9s sur votre ordinateur, votre mobile ou votre tablette. La pr\u00e9sente politique vous permet de mieux comprendre ce qu&rsquo;est un cookie, comment cela [&hellip;]<\/p>\n","protected":false},"author":1,"featured_media":0,"parent":0,"menu_order":102,"comment_status":"closed","ping_status":"closed","template":"","meta":{"_acf_changed":false,"footnotes":""},"class_list":["post-7095","page","type-page","status-publish","hentry"],"acf":[],"yoast_head":"<!-- This site is optimized with the Yoast SEO plugin v27.4 - https:\/\/yoast.com\/product\/yoast-seo-wordpress\/ -->\n<title>Politique des Cookies - CERTISYS<\/title>\n<meta name=\"robots\" content=\"index, follow, max-snippet:-1, max-image-preview:large, max-video-preview:-1\" \/>\n<link rel=\"canonical\" href=\"https:\/\/www.certisys.eu\/fr\/politique-cookies\/\" \/>\n<meta property=\"og:locale\" content=\"fr_FR\" \/>\n<meta property=\"og:type\" content=\"article\" \/>\n<meta property=\"og:title\" content=\"Politique des Cookies - CERTISYS\" \/>\n<meta property=\"og:description\" content=\"[vc_row][vc_column][vc_column_text] Politique de gestion des cookies CERTISYS\u00ae a fait le choix d\u2019utiliser des cookies recommand\u00e9s par l\u2019APD. Ces cookies sont exempt\u00e9s de consentement. Lors de la consultation du Site, des cookies sont d\u00e9pos\u00e9s sur votre ordinateur, votre mobile ou votre tablette. La pr\u00e9sente politique vous permet de mieux comprendre ce qu&rsquo;est un cookie, comment cela [&hellip;]\" \/>\n<meta property=\"og:url\" content=\"https:\/\/www.certisys.eu\/fr\/politique-cookies\/\" \/>\n<meta property=\"og:site_name\" content=\"CERTISYS\" \/>\n<meta property=\"article:modified_time\" content=\"2022-11-03T08:42:47+00:00\" \/>\n<meta name=\"twitter:card\" content=\"summary_large_image\" \/>\n<meta name=\"twitter:label1\" content=\"Dur\u00e9e de lecture estim\u00e9e\" \/>\n\t<meta name=\"twitter:data1\" content=\"3 minutes\" \/>\n<!-- \/ Yoast SEO plugin. -->","yoast_head_json":{"title":"Politique des Cookies - CERTISYS","robots":{"index":"index","follow":"follow","max-snippet":"max-snippet:-1","max-image-preview":"max-image-preview:large","max-video-preview":"max-video-preview:-1"},"canonical":"https:\/\/www.certisys.eu\/fr\/politique-cookies\/","og_locale":"fr_FR","og_type":"article","og_title":"Politique des Cookies - CERTISYS","og_description":"[vc_row][vc_column][vc_column_text] Politique de gestion des cookies CERTISYS\u00ae a fait le choix d\u2019utiliser des cookies recommand\u00e9s par l\u2019APD. Ces cookies sont exempt\u00e9s de consentement. Lors de la consultation du Site, des cookies sont d\u00e9pos\u00e9s sur votre ordinateur, votre mobile ou votre tablette. La pr\u00e9sente politique vous permet de mieux comprendre ce qu&rsquo;est un cookie, comment cela [&hellip;]","og_url":"https:\/\/www.certisys.eu\/fr\/politique-cookies\/","og_site_name":"CERTISYS","article_modified_time":"2022-11-03T08:42:47+00:00","twitter_card":"summary_large_image","twitter_misc":{"Dur\u00e9e de lecture estim\u00e9e":"3 minutes"},"schema":{"@context":"https:\/\/schema.org","@graph":[{"@type":"WebPage","@id":"https:\/\/www.certisys.eu\/fr\/politique-cookies\/","url":"https:\/\/www.certisys.eu\/fr\/politique-cookies\/","name":"Politique des Cookies - CERTISYS","isPartOf":{"@id":"https:\/\/www.certisys.eu\/fr\/#website"},"datePublished":"2021-05-06T14:46:03+00:00","dateModified":"2022-11-03T08:42:47+00:00","breadcrumb":{"@id":"https:\/\/www.certisys.eu\/fr\/politique-cookies\/#breadcrumb"},"inLanguage":"fr-FR","potentialAction":[{"@type":"ReadAction","target":["https:\/\/www.certisys.eu\/fr\/politique-cookies\/"]}]},{"@type":"BreadcrumbList","@id":"https:\/\/www.certisys.eu\/fr\/politique-cookies\/#breadcrumb","itemListElement":[{"@type":"ListItem","position":1,"name":"Home","item":"https:\/\/www.certisys.eu\/fr\/"},{"@type":"ListItem","position":2,"name":"Politique des Cookies"}]},{"@type":"WebSite","@id":"https:\/\/www.certisys.eu\/fr\/#website","url":"https:\/\/www.certisys.eu\/fr\/","name":"CERTISYS","description":"Bio Certification","potentialAction":[{"@type":"SearchAction","target":{"@type":"EntryPoint","urlTemplate":"https:\/\/www.certisys.eu\/fr\/?s={search_term_string}"},"query-input":{"@type":"PropertyValueSpecification","valueRequired":true,"valueName":"search_term_string"}}],"inLanguage":"fr-FR"}]}},"jetpack_sharing_enabled":true,"_links":{"self":[{"href":"https:\/\/www.certisys.eu\/fr\/wp-json\/wp\/v2\/pages\/7095","targetHints":{"allow":["GET"]}}],"collection":[{"href":"https:\/\/www.certisys.eu\/fr\/wp-json\/wp\/v2\/pages"}],"about":[{"href":"https:\/\/www.certisys.eu\/fr\/wp-json\/wp\/v2\/types\/page"}],"author":[{"embeddable":true,"href":"https:\/\/www.certisys.eu\/fr\/wp-json\/wp\/v2\/users\/1"}],"replies":[{"embeddable":true,"href":"https:\/\/www.certisys.eu\/fr\/wp-json\/wp\/v2\/comments?post=7095"}],"version-history":[{"count":12,"href":"https:\/\/www.certisys.eu\/fr\/wp-json\/wp\/v2\/pages\/7095\/revisions"}],"predecessor-version":[{"id":17250,"href":"https:\/\/www.certisys.eu\/fr\/wp-json\/wp\/v2\/pages\/7095\/revisions\/17250"}],"wp:attachment":[{"href":"https:\/\/www.certisys.eu\/fr\/wp-json\/wp\/v2\/media?parent=7095"}],"curies":[{"name":"wp","href":"https:\/\/api.w.org\/{rel}","templated":true}]}}