{"id":64,"date":"2020-10-12T10:31:41","date_gmt":"2020-10-12T08:31:41","guid":{"rendered":"https:\/\/certisys.poush.be\/?page_id=64"},"modified":"2023-10-16T11:17:32","modified_gmt":"2023-10-16T09:17:32","slug":"tarif-par-secteur-dactivite","status":"publish","type":"page","link":"https:\/\/www.certisys.eu\/fr\/tarifs\/tarif-par-secteur-dactivite\/","title":{"rendered":"Tarif par secteur d&rsquo;activit\u00e9"},"content":{"rendered":"<div class=\"wpb-content-wrapper\"><p>[vc_row css=\u00a0\u00bb.vc_custom_1605630039270{padding-bottom: 150px !important;background-image: url(https:\/\/www.certisys.eu\/wp-content\/uploads\/2020\/10\/bg-3-1.png?id=892) !important;}\u00a0\u00bb el_class=\u00a0\u00bbcustom-lastrow\u00a0\u00bb][vc_column css=\u00a0\u00bb.vc_custom_1616056778505{padding-top: 0px !important;}\u00a0\u00bb offset=\u00a0\u00bbvc_col-lg-offset-2 vc_col-lg-8 vc_col-md-offset-1 vc_col-md-10&Prime;][vc_single_image image=\u00a0\u00bb3948&Prime; img_size=\u00a0\u00bb100&#215;145&Prime; alignment=\u00a0\u00bbcenter\u00a0\u00bb css_animation=\u00a0\u00bbfadeInDown\u00a0\u00bb css=\u00a0\u00bb.vc_custom_1621931387577{margin-top: -70px !important;}\u00a0\u00bb][vc_column_text]Ce calculateur vous permet d\u2019avoir une estimation de votre redevance annuelle si vous avez une activit\u00e9 de <strong>pr\u00e9parateur, conditionneur, \u00e9tiqueteur, acheteur de produits en vrac, distributeur\/grossiste\/n\u00e9gociant,<\/strong> <strong>importateur\/exportateur<\/strong>.<\/p>\n<p>Consultez le <a href=\"https:\/\/www.certisys.eu\/wp-content\/uploads\/2026\/01\/TA003-v08_Tarif-Preparateur_W_2026_FR-1.pdf\" target=\"_blank\" rel=\"noopener\"><strong>tarif pr\u00e9parateur \u2013 distributeur \u2013 importateur<\/strong><\/a> pour remplir correctement les informations demand\u00e9es.<\/p>\n<p>Ce calculateur est pr\u00e9vu pour des <strong>cas relativement simples<\/strong>. Le prix ci-dessous vous est donn\u00e9 \u00e0 titre indicatif, il n&rsquo;est <strong>pas contractuel<\/strong>. Si vous avez une activit\u00e9 plus complexe, prenez contact avec CERTISYS \u00e0 <a href=\"mailto:info@certisys.eu\" target=\"_blank\" rel=\"noopener noreferrer\">info@certisys.eu<\/a>. Nous vous fournirons un devis d\u00e9taill\u00e9 et personnalis\u00e9 qui correspond \u00e0 la r\u00e9alit\u00e9 de votre activit\u00e9.[\/vc_column_text][vc_column_text]<form id=\"ajax-form-prepa\"><p><span><input type=\"radio\" id=\"fla2\" name=\"region\" value=\"flandre\"><label for=\"fla2\">Flandre<\/label><\/span><span><input type=\"radio\" id=\"wal2\" name=\"region\" value=\"wallonie\" checked><label for=\"wal2\">Wallonie, Bruxelles, Grand Duch\u00e9 de Luxembourg<\/label><\/span><\/p><p><span><input type=\"radio\" id=\"bio\" name=\"type\" value=\"Bio\" checked><label for=\"bio\">BIO<\/label><\/span><span><input type=\"radio\" id=\"mixte\" name=\"type\" value=\"Mixte\"><label for=\"mixte\">Mixte (m\u00eame produit en bio et non bio)<\/label><\/span><\/p><p>Nouvelle entreprise (deux premiers exercices comptables)<\/p><p><span><input type=\"radio\" id=\"enter_oui\" name=\"newenter\" value=\"Oui\"><label for=\"enter_oui\">Oui<\/label><\/span><span><input style=\"margin-left:20px;\" type=\"radio\" id=\"enter_non\" name=\"newenter\" value=\"Non\" checked><label for=\"enter_non\">Non<\/label><\/span><\/p><strong>Rentrez votre chiffre d\u2019affaires BIO annuel (CAB) :<i style=\"margin-left:7px;\" data-toggle=\"tooltip\" title=\"Chiffre d'affaires annuel de la vente des produits annonc\u00e9s comme biologiques, et qui tombent sous les dispositions du r\u00e8glement (CE) n\u00b0 834\/2007 et 889\/2008 ou des arr\u00eat\u00e9s R\u00e9gionaux BIO et\/ou de la R\u00e9glementation BIO au Grand-Duch\u00e9 de Luxembourg. Ces produits sont identifi\u00e9s dans ce document comme produits finis biologiques\" data-placement=\"right\" class=\"fas fa-info-circle\"><\/i><\/strong><div class='d-flex box_field_wrapper'><div class='box_field'><p><span>Pr\u00e9parateur:<i style=\"margin-left:7px;\" data-toggle=\"tooltip\" title=\"Vous pr\u00e9parez, transformez des produits BIO\" data-placement=\"bottom\" class=\"fas fa-info-circle\"><\/i><\/span><input type=\"number\" placeholder=\"Chiffre d'affaires bio\" name=\"preparateur\" step=\".0001\"\/><\/p><p><span>Conditionneur:<i style=\"margin-left:7px;\" data-toggle=\"tooltip\" title=\"Vous achetez des produits, vous changez l\u2019emballage et vous commercialisez le produit comme BIO\" data-placement=\"bottom\" class=\"fas fa-info-circle\"><\/i><\/span><input type=\"number\" placeholder=\"Chiffre d'affaires bio\" name=\"conditionneur\" step=\".0001\"\/><\/p><p><span>Etiqueteur:<i style=\"margin-left:7px;\" data-toggle=\"tooltip\" title=\"Vous utilisez un \u00e9tiquetage \u00e0 votre nom sur des produits d\u00e9j\u00e0 emball\u00e9s et sur lesquels le nom du fabricant n\u2019appara\u00eet pas\" data-placement=\"bottom\" class=\"fas fa-info-circle\"><\/i><\/span><input type=\"number\" placeholder=\"Chiffre d'affaires bio\" name=\"etiqueteur\" step=\".0001\"\/><\/p><p><span>Achat de produits en VRAC:<i style=\"margin-left:7px;\" data-toggle=\"tooltip\" title=\"Vous r\u00e9ceptionnez des produits vracs ou emball\u00e9s mais non-ferm\u00e9s et vous les commercialisez dans le m\u00eame \u00e9tat\" data-placement=\"bottom\" class=\"fas fa-info-circle\"><\/i><\/span><input type=\"number\" placeholder=\"Chiffre d'affaires bio\" name=\"vrac\" step=\".0001\"\/><\/p><p><span>Distributeur:<i style=\"margin-left:7px;\" data-toggle=\"tooltip\" title=\"Vous achetez et revendez des produits sans en modifier ni l\u2019emballage ni l\u2019\u00e9tiquetage ni le contenu. Vous revendez \u00e0 d\u2019autres entreprises mais pas au consommateur final\" data-placement=\"bottom\" class=\"fas fa-info-circle\"><\/i><\/span><input type=\"number\" placeholder=\"Chiffre d'affaires bio\" name=\"distributeur\" step=\".0001\"\/><\/p><\/div><div class='box_field'><p><span>Importateur:<i style=\"margin-left:7px;\" data-toggle=\"tooltip\" title=\"Vous importez et\/ou exportez des produits de pays hors UE. cfr le R\u00e8glement n\u00b0834\/2007\" data-placement=\"bottom\" class=\"fas fa-info-circle\"><\/i><\/span><input type=\"number\" placeholder=\"Chiffre d'affaires bio\" name=\"importateur\" step=\".0001\"\/><\/p><p class=\"mb-0\"><span>Nombre de sites de production \"suppl\u00e9mentaire\": <\/span><input type=\"number\" placeholder=\"Nombre de sites\" name=\"site\" step=\"1\"\/><\/p><p id=\"beforeing\">Si vous \u00eates \u00e9tiqueteur, ne pas remplir cette case.<\/p><p class=\"mb-0\"><span>Nombre de produits finis biologiques: <\/span><input type=\"number\" placeholder=\"Nombre de produits finis bio\" name=\"produit\" step=\"1\"\/><\/p><p id=\"beforeing\">Si vous \u00eates distributeur ou si vous achetez des produits en vrac, ne pas remplir cette case<\/p><p class=\"mb-0\" id=\"ing\"><span>Nombre d'ingr\u00e9dients biologiques: <\/span><input type=\"number\" placeholder=\"Nombre d'ingr\u00e9dients bio\" name=\"ingredient\" step=\"1\"\/><\/p><p id=\"beforeing\">Uniquement si vous \u00eates un pr\u00e9parateur<\/p><\/div><\/div><input type=\"submit\" name=\"submitprepa\" value=\"Calculer\"\/><a class='reset-btn' onClick='window.location.reload()'>R\u00e9initialiser<\/a><\/form><br\/><div id=\"resultatprepa\"><\/div><script>jQuery(document).ready(function() {jQuery(\"body\").tooltip({ selector: \"[data-toggle=tooltip]\" });});<\/script>[\/vc_column_text][vc_column_text css=\u00a0\u00bb.vc_custom_1644587661238{margin-top: 80px !important;}\u00a0\u00bb]<\/p>\n<h3 style=\"text-align: center;\">Besoin d\u2019aide ou une demande de devis ?<\/h3>\n<p>[\/vc_column_text]<div class=\"d-flex justify-content-center \"><a class=\"psh_button btn-54461133\" href=\"https:\/\/www.certisys.eu\/contact\/\" alt=\"Contact\" target=\"\">Contactez-nous<\/a><\/div>\n        <style>.psh_button.btn-54461133{\n          font-size: 18px;\n          text-transform: none;\n          padding: 10px 20px 10px 20px;\n          border-radius: 80px;\n          border-width: 0px;\n          background-color: #e30613;\n          border-color: ;\n          border-style: solid;\n          color: #ffffff;\n          display: inline-block;\n          \n          transition: all .3s ease-in-out;\n        }\n        .psh_button.btn-54461133:hover{\n          background-color: #f18970;\n          border-color: ;\n          color: #ffffff;\n          transition: all .3s ease-in-out;\n        }<\/style>[\/vc_column][\/vc_row]<\/p>\n<\/div>","protected":false},"excerpt":{"rendered":"<p>[vc_row css=\u00a0\u00bb.vc_custom_1605630039270{padding-bottom: 150px !important;background-image: url(https:\/\/www.certisys.eu\/wp-content\/uploads\/2020\/10\/bg-3-1.png?id=892) !important;}\u00a0\u00bb el_class=\u00a0\u00bbcustom-lastrow\u00a0\u00bb][vc_column css=\u00a0\u00bb.vc_custom_1616056778505{padding-top: 0px !important;}\u00a0\u00bb offset=\u00a0\u00bbvc_col-lg-offset-2 vc_col-lg-8 vc_col-md-offset-1 vc_col-md-10&Prime;][vc_single_image image=\u00a0\u00bb3948&Prime; img_size=\u00a0\u00bb100&#215;145&Prime; alignment=\u00a0\u00bbcenter\u00a0\u00bb css_animation=\u00a0\u00bbfadeInDown\u00a0\u00bb css=\u00a0\u00bb.vc_custom_1621931387577{margin-top: -70px !important;}\u00a0\u00bb][vc_column_text]Ce calculateur vous permet d\u2019avoir une estimation de votre redevance annuelle si vous avez une activit\u00e9 de pr\u00e9parateur, conditionneur, \u00e9tiqueteur, acheteur de produits en vrac, distributeur\/grossiste\/n\u00e9gociant, importateur\/exportateur. Consultez le tarif pr\u00e9parateur \u2013 distributeur \u2013 importateur [&hellip;]<\/p>\n","protected":false},"author":1,"featured_media":0,"parent":20,"menu_order":2,"comment_status":"closed","ping_status":"closed","template":"","meta":{"_acf_changed":false,"footnotes":""},"class_list":["post-64","page","type-page","status-publish","hentry"],"acf":[],"yoast_head":"<!-- This site is optimized with the Yoast SEO plugin v26.6 - https:\/\/yoast.com\/wordpress\/plugins\/seo\/ -->\n<title>Tarif par secteur d&#039;activit\u00e9 - CERTISYS<\/title>\n<meta name=\"robots\" content=\"index, follow, max-snippet:-1, max-image-preview:large, max-video-preview:-1\" \/>\n<link rel=\"canonical\" href=\"https:\/\/www.certisys.eu\/fr\/tarifs\/tarif-par-secteur-dactivite\/\" \/>\n<meta property=\"og:locale\" content=\"fr_FR\" \/>\n<meta property=\"og:type\" content=\"article\" \/>\n<meta property=\"og:title\" content=\"Tarif par secteur d&#039;activit\u00e9 - CERTISYS\" \/>\n<meta property=\"og:description\" content=\"[vc_row css=\u00a0\u00bb.vc_custom_1605630039270{padding-bottom: 150px !important;background-image: url(https:\/\/www.certisys.eu\/wp-content\/uploads\/2020\/10\/bg-3-1.png?id=892) !important;}\u00a0\u00bb el_class=\u00a0\u00bbcustom-lastrow\u00a0\u00bb][vc_column css=\u00a0\u00bb.vc_custom_1616056778505{padding-top: 0px !important;}\u00a0\u00bb offset=\u00a0\u00bbvc_col-lg-offset-2 vc_col-lg-8 vc_col-md-offset-1 vc_col-md-10&Prime;][vc_single_image image=\u00a0\u00bb3948&Prime; img_size=\u00a0\u00bb100&#215;145&Prime; alignment=\u00a0\u00bbcenter\u00a0\u00bb css_animation=\u00a0\u00bbfadeInDown\u00a0\u00bb css=\u00a0\u00bb.vc_custom_1621931387577{margin-top: -70px !important;}\u00a0\u00bb][vc_column_text]Ce calculateur vous permet d\u2019avoir une estimation de votre redevance annuelle si vous avez une activit\u00e9 de pr\u00e9parateur, conditionneur, \u00e9tiqueteur, acheteur de produits en vrac, distributeur\/grossiste\/n\u00e9gociant, importateur\/exportateur. Consultez le tarif pr\u00e9parateur \u2013 distributeur \u2013 importateur [&hellip;]\" \/>\n<meta property=\"og:url\" content=\"https:\/\/www.certisys.eu\/fr\/tarifs\/tarif-par-secteur-dactivite\/\" \/>\n<meta property=\"og:site_name\" content=\"CERTISYS\" \/>\n<meta property=\"article:modified_time\" content=\"2023-10-16T09:17:32+00:00\" \/>\n<meta name=\"twitter:card\" content=\"summary_large_image\" \/>\n<meta name=\"twitter:label1\" content=\"Dur\u00e9e de lecture estim\u00e9e\" \/>\n\t<meta name=\"twitter:data1\" content=\"1 minute\" \/>\n<!-- \/ Yoast SEO plugin. -->","yoast_head_json":{"title":"Tarif par secteur d'activit\u00e9 - CERTISYS","robots":{"index":"index","follow":"follow","max-snippet":"max-snippet:-1","max-image-preview":"max-image-preview:large","max-video-preview":"max-video-preview:-1"},"canonical":"https:\/\/www.certisys.eu\/fr\/tarifs\/tarif-par-secteur-dactivite\/","og_locale":"fr_FR","og_type":"article","og_title":"Tarif par secteur d'activit\u00e9 - CERTISYS","og_description":"[vc_row css=\u00a0\u00bb.vc_custom_1605630039270{padding-bottom: 150px !important;background-image: url(https:\/\/www.certisys.eu\/wp-content\/uploads\/2020\/10\/bg-3-1.png?id=892) !important;}\u00a0\u00bb el_class=\u00a0\u00bbcustom-lastrow\u00a0\u00bb][vc_column css=\u00a0\u00bb.vc_custom_1616056778505{padding-top: 0px !important;}\u00a0\u00bb offset=\u00a0\u00bbvc_col-lg-offset-2 vc_col-lg-8 vc_col-md-offset-1 vc_col-md-10&Prime;][vc_single_image image=\u00a0\u00bb3948&Prime; img_size=\u00a0\u00bb100&#215;145&Prime; alignment=\u00a0\u00bbcenter\u00a0\u00bb css_animation=\u00a0\u00bbfadeInDown\u00a0\u00bb css=\u00a0\u00bb.vc_custom_1621931387577{margin-top: -70px !important;}\u00a0\u00bb][vc_column_text]Ce calculateur vous permet d\u2019avoir une estimation de votre redevance annuelle si vous avez une activit\u00e9 de pr\u00e9parateur, conditionneur, \u00e9tiqueteur, acheteur de produits en vrac, distributeur\/grossiste\/n\u00e9gociant, importateur\/exportateur. Consultez le tarif pr\u00e9parateur \u2013 distributeur \u2013 importateur [&hellip;]","og_url":"https:\/\/www.certisys.eu\/fr\/tarifs\/tarif-par-secteur-dactivite\/","og_site_name":"CERTISYS","article_modified_time":"2023-10-16T09:17:32+00:00","twitter_card":"summary_large_image","twitter_misc":{"Dur\u00e9e de lecture estim\u00e9e":"1 minute"},"schema":{"@context":"https:\/\/schema.org","@graph":[{"@type":"WebPage","@id":"https:\/\/www.certisys.eu\/fr\/tarifs\/tarif-par-secteur-dactivite\/","url":"https:\/\/www.certisys.eu\/fr\/tarifs\/tarif-par-secteur-dactivite\/","name":"Tarif par secteur d'activit\u00e9 - CERTISYS","isPartOf":{"@id":"https:\/\/www.certisys.eu\/fr\/#website"},"datePublished":"2020-10-12T08:31:41+00:00","dateModified":"2023-10-16T09:17:32+00:00","breadcrumb":{"@id":"https:\/\/www.certisys.eu\/fr\/tarifs\/tarif-par-secteur-dactivite\/#breadcrumb"},"inLanguage":"fr-FR","potentialAction":[{"@type":"ReadAction","target":["https:\/\/www.certisys.eu\/fr\/tarifs\/tarif-par-secteur-dactivite\/"]}]},{"@type":"BreadcrumbList","@id":"https:\/\/www.certisys.eu\/fr\/tarifs\/tarif-par-secteur-dactivite\/#breadcrumb","itemListElement":[{"@type":"ListItem","position":1,"name":"Home","item":"https:\/\/www.certisys.eu\/fr\/"},{"@type":"ListItem","position":2,"name":"Tarifs","item":"https:\/\/www.certisys.eu\/fr\/tarieven\/"},{"@type":"ListItem","position":3,"name":"Tarif par secteur d&rsquo;activit\u00e9"}]},{"@type":"WebSite","@id":"https:\/\/www.certisys.eu\/fr\/#website","url":"https:\/\/www.certisys.eu\/fr\/","name":"CERTISYS","description":"Bio Certification","potentialAction":[{"@type":"SearchAction","target":{"@type":"EntryPoint","urlTemplate":"https:\/\/www.certisys.eu\/fr\/?s={search_term_string}"},"query-input":{"@type":"PropertyValueSpecification","valueRequired":true,"valueName":"search_term_string"}}],"inLanguage":"fr-FR"}]}},"jetpack_sharing_enabled":true,"_links":{"self":[{"href":"https:\/\/www.certisys.eu\/fr\/wp-json\/wp\/v2\/pages\/64","targetHints":{"allow":["GET"]}}],"collection":[{"href":"https:\/\/www.certisys.eu\/fr\/wp-json\/wp\/v2\/pages"}],"about":[{"href":"https:\/\/www.certisys.eu\/fr\/wp-json\/wp\/v2\/types\/page"}],"author":[{"embeddable":true,"href":"https:\/\/www.certisys.eu\/fr\/wp-json\/wp\/v2\/users\/1"}],"replies":[{"embeddable":true,"href":"https:\/\/www.certisys.eu\/fr\/wp-json\/wp\/v2\/comments?post=64"}],"version-history":[{"count":18,"href":"https:\/\/www.certisys.eu\/fr\/wp-json\/wp\/v2\/pages\/64\/revisions"}],"predecessor-version":[{"id":30093,"href":"https:\/\/www.certisys.eu\/fr\/wp-json\/wp\/v2\/pages\/64\/revisions\/30093"}],"up":[{"embeddable":true,"href":"https:\/\/www.certisys.eu\/fr\/wp-json\/wp\/v2\/pages\/20"}],"wp:attachment":[{"href":"https:\/\/www.certisys.eu\/fr\/wp-json\/wp\/v2\/media?parent=64"}],"curies":[{"name":"wp","href":"https:\/\/api.w.org\/{rel}","templated":true}]}}