{"id":60,"date":"2020-10-12T10:31:16","date_gmt":"2020-10-12T08:31:16","guid":{"rendered":"https:\/\/certisys.poush.be\/?page_id=60"},"modified":"2025-04-17T13:35:20","modified_gmt":"2025-04-17T11:35:20","slug":"etiquetage","status":"publish","type":"page","link":"https:\/\/www.certisys.eu\/fr\/reglementation-bio\/etiquetage\/","title":{"rendered":"\u00c9tiquetage"},"content":{"rendered":"<div class=\"wpb-content-wrapper\"><p>[vc_row content_placement=\u00a0\u00bbmiddle\u00a0\u00bb css=\u00a0\u00bb.vc_custom_1605630337493{padding-bottom: 30px !important;}\u00a0\u00bb][vc_column width=\u00a0\u00bb1\/2&Prime; offset=\u00a0\u00bbvc_col-lg-offset-2 vc_col-lg-4&Prime;][vc_column_text]<\/p>\n<h2>Logo BIO europ\u00e9en<\/h2>\n<p>Si vous commercialisez des produits biologiques, ceux-ci doivent respecter des <strong>r\u00e8gles d\u2019\u00e9tiquetage sp\u00e9cifiques du label europ\u00e9en<\/strong>.<\/p>\n<p>Le logo BIO europ\u00e9en certifie que les produits BIO sont conformes aux R\u00e8glements sur l\u2019agriculture biologique. Il vise \u00e0 consolider la <strong>confiance<\/strong> des consommateurs quant au contr\u00f4le et \u00e0 la provenance des produits qu\u2019ils consomment et offre une plus grande<strong> visibilit\u00e9<\/strong> et <strong>reconnaissance<\/strong> au BIO. Le logo BIO europ\u00e9en est obligatoire depuis le premier juillet 2010 sur toutes les denr\u00e9es alimentaires BIO pr\u00e9-emball\u00e9es. Des labels nationaux et priv\u00e9s peuvent \u00e9galement \u00eatre utilis\u00e9s sur les produits biologiques \u00e0 c\u00f4t\u00e9 de l\u2019eurofeuille.[\/vc_column_text][\/vc_column][vc_column width=\u00a0\u00bb1\/3&Prime;][vc_single_image image=\u00a0\u00bb7083&Prime; img_size=\u00a0\u00bb250&#215;193&Prime; alignment=\u00a0\u00bbcenter\u00a0\u00bb css_animation=\u00a0\u00bbfadeInDown\u00a0\u00bb]<div class=\"d-flex justify-content-center \"><a class=\"psh_button btn-26843409\" href=\"https:\/\/www.certisys.eu\/wp-content\/uploads\/2021\/05\/EU_Organic_Logo.zip\" alt=\"T\u00e9l\u00e9chargez le logo\" target=\"_blank\">T\u00e9l\u00e9chargez le logo<\/a><\/div>\n        <style>.psh_button.btn-26843409{\n          font-size: 20px;\n          text-transform: none;\n          padding: 10px 25px 10px 25px;\n          border-radius: 80px;\n          border-width: 0px;\n          background-color: #e30613;\n          border-color: ;\n          border-style: solid;\n          color: #ffffff;\n          display: inline-block;\n          \n          transition: all .3s ease-in-out;\n        }\n        .psh_button.btn-26843409:hover{\n          background-color: #f18970;\n          border-color: ;\n          color: #ffffff;\n          transition: all .3s ease-in-out;\n        }<\/style>[\/vc_column][\/vc_row][vc_row content_placement=\u00a0\u00bbmiddle\u00a0\u00bb css=\u00a0\u00bb.vc_custom_1605630337493{padding-bottom: 30px !important;}\u00a0\u00bb][vc_column width=\u00a0\u00bb1\/2&Prime;][vc_single_image image=\u00a0\u00bb5409&Prime; img_size=\u00a0\u00bb400&#215;400&Prime; alignment=\u00a0\u00bbcenter\u00a0\u00bb style=\u00a0\u00bbvc_box_circle_2&Prime; css_animation=\u00a0\u00bbfadeInDown\u00a0\u00bb][vc_column_text]<\/p>\n<p style=\"text-align: center;\">Exemple d\u2019\u00e9tiquette<\/p>\n<p>[\/vc_column_text][\/vc_column][vc_column width=\u00a0\u00bb1\/2&Prime; offset=\u00a0\u00bbvc_col-lg-4&Prime;][vc_column_text]<\/p>\n<h3>Manuel d&rsquo;utilisation et t\u00e9l\u00e9chargement du logo europ\u00e9en<\/h3>\n<p><strong>Consultez le<\/strong> <a href=\"https:\/\/agriculture.ec.europa.eu\/farming\/organic-farming\/organic-logo_fr\" target=\"_blank\" rel=\"noopener noreferrer\"><strong>manuel d&rsquo;utilisation<\/strong><\/a><strong> du logo de l&rsquo;agriculture biologique de l&rsquo;UE. <\/strong>Via ce lien vous pouvez \u00e9galement t\u00e9l\u00e9charger <strong>les diff\u00e9rents formats du logo europ\u00e9en.<\/strong>[\/vc_column_text][\/vc_column][\/vc_row][vc_row css=\u00a0\u00bb.vc_custom_1614846917657{padding-top: 50px !important;padding-bottom: 80px !important;background-color: #f0f3f1 !important;}\u00a0\u00bb][vc_column width=\u00a0\u00bb1\/4&Prime;][\/vc_column][vc_column width=\u00a0\u00bb1\/2&Prime;][vc_column_text css=\u00a0\u00bb\u00a0\u00bb]<\/p>\n<h2 style=\"text-align: center;\">Logo CERTISYS\u00ae<\/h2>\n<p>Votre entreprise ou vos produits sont contr\u00f4l\u00e9s et certifi\u00e9s par CERTISYS\u00ae ?<br \/>\nVous aimeriez utiliser <strong>notre logo sur vos outils de communication<\/strong> ou sur vos emballages ?<\/p>\n<p><strong>Nous avons r\u00e9cemment chang\u00e9 notre identit\u00e9 visuelle ! <\/strong>Notre nouveau logo renforce notre image d&rsquo;entreprise experte du contr\u00f4le et de la certification BIO.<\/p>\n<p>Le logo CERTISYS\u00ae est libre d\u2019usage \u00e0 condition de respecter les <strong>conditions d\u2019utilisation <\/strong>mentionn\u00e9es dans le<strong> <a href=\"https:\/\/www.certisys.eu\/wp-content\/uploads\/2021\/02\/GT040-v03_Logobook-Charte-dutilisation-des-logos-CERTISYS_FR-1.pdf\">logobook<\/a><\/strong> et les r\u00e8gles d\u2019\u00e9tiquetage pr\u00e9vues \u00e0 cet effet.<\/p>\n<p>Vous pouvez t\u00e9l\u00e9charger <strong>nos diff\u00e9rents logos<\/strong> ici :<\/p>\n<ul>\n<li><a href=\"https:\/\/www.certisys.eu\/wp-content\/uploads\/2025\/04\/Logo-Certisys-Ecocert_BioCertification.png\" target=\"_blank\" rel=\"noopener\">Logo CERTISYS Bio Certification<\/a><\/li>\n<li><a href=\"https:\/\/www.certisys.eu\/wp-content\/uploads\/2025\/04\/Logo-Certisys-Ecocert_neutre.png\" target=\"_blank\" rel=\"noopener\">Logo CERTISYS Neutre<\/a><\/li>\n<li><a href=\"https:\/\/www.certisys.eu\/wp-content\/uploads\/2021\/02\/Logo-Certisys-Ecocert_Certification.png\" target=\"_blank\" rel=\"noopener\">Logo CERTISYS Certification<\/a><\/li>\n<\/ul>\n<p>[\/vc_column_text][vc_single_image image=\u00a0\u00bb2697&Prime; img_size=\u00a0\u00bbmedium\u00a0\u00bb alignment=\u00a0\u00bbcenter\u00a0\u00bb css=\u00a0\u00bb\u00a0\u00bb][\/vc_column][vc_column width=\u00a0\u00bb1\/4&Prime;][\/vc_column][\/vc_row][vc_row css=\u00a0\u00bb.vc_custom_1614853263792{padding-top: 50px !important;padding-bottom: 80px !important;background-color: #335439 !important;}\u00a0\u00bb][vc_column width=\u00a0\u00bb1\/4&Prime;][\/vc_column][vc_column width=\u00a0\u00bb1\/2&Prime;][vc_column_text el_class=\u00a0\u00bbcustom-white\u00a0\u00bb]<\/p>\n<h2 style=\"text-align: center;\">Affichette CERTISYS<\/h2>\n<p>Nous avons d\u00e9velopp\u00e9 une affichette avec la mention <strong>\u00ab <em>Nos produits BIO contr\u00f4l\u00e9s et certifi\u00e9s\u00a0\u00bb<\/em><\/strong>. Elle vous permet d\u2019augmenter la cr\u00e9dibilit\u00e9 de vos produits BIO en donnant une meilleure visibilit\u00e9 \u00e0 votre certification BIO. L\u2019affichette\u00a0vient renforcer la communication de votre certificat.<\/p>\n<p>Cette affichette ne peut \u00eatre appos\u00e9e <strong>qu\u2019apr\u00e8s l\u2019obtention de votre certificat BIO<\/strong> qui confirme le statut de vos activit\u00e9s Bio (CEEB \/ CEEL \/ CRBX \/ CRRW). Elle ne peut pas \u00eatre utilis\u00e9e si votre statut n\u2019est pas BIO, par exemple, si votre activit\u00e9 BIO est suspendue pendant une certaine p\u00e9riode. Pour les agriculteurs, l\u2019utilisation de l\u2019affichette n\u2019est <strong>pas compatible avec la p\u00e9riode de conversion<\/strong>.<\/p>\n<p>Cette affichette est un <strong>outil de communication compl\u00e9mentaire<\/strong> et ne peut en aucun cas se substituer \u00e0 votre certificat BIO. Elle est disponible en bilingue fran\u00e7ais-n\u00e9erlandais ou en allemand-anglais. Commandez vos affichettes par t\u00e9l\u00e9phone au 081\/60.03.77 ou via <a href=\"info@certisys.eu%20\" target=\"_blank\" rel=\"noopener noreferrer\">info@certisys.eu<\/a>[\/vc_column_text][vc_single_image image=\u00a0\u00bb8065&Prime; img_size=\u00a0\u00bb200&#215;281&Prime; alignment=\u00a0\u00bbcenter\u00a0\u00bb][\/vc_column][vc_column width=\u00a0\u00bb1\/4&Prime;][\/vc_column][\/vc_row][vc_row full_width=\u00a0\u00bbstretch_row_content_no_spaces\u00a0\u00bb css=\u00a0\u00bb.vc_custom_1616061994242{margin-bottom: 50px !important;padding-top: 300px !important;background-image: url(https:\/\/www.certisys.eu\/wp-content\/uploads\/2021\/03\/2020-10-15-Certisys-0411.jpg?id=3941) !important;background-position: center !important;background-repeat: no-repeat !important;background-size: cover !important;}\u00a0\u00bb][vc_column][\/vc_column][\/vc_row][vc_row css=\u00a0\u00bb.vc_custom_1605630039270{padding-bottom: 150px !important;background-image: url(https:\/\/www.certisys.eu\/wp-content\/uploads\/2020\/10\/bg-3-1.png?id=892) !important;}\u00a0\u00bb el_class=\u00a0\u00bbcustom-lastrow\u00a0\u00bb][vc_column offset=\u00a0\u00bbvc_col-lg-offset-3 vc_col-lg-6 vc_col-md-offset-2 vc_col-md-8&Prime;][vc_column_text]<\/p>\n<h2 style=\"text-align: center;\">Des \u00e9tiquettes \u00e0 votre nom (private label, marque distributeur)<\/h2>\n<p>Vous \u00eates distributeur de produits biologiques et aimeriez r\u00e9\u00e9tiqueter ces produits \u00e0 votre marque ? Pour \u00eatre r\u00e9\u00e9tiquet\u00e9s \u00e0 votre nom, ces produits doivent r\u00e9pondre aux normes officielles BIO.<\/p>\n<p>Vous pouvez nous contacter \u00e0 <a href=\"mailto:controle@certisys.eu\" target=\"_blank\" rel=\"noopener noreferrer\">controle@certisys.eu<\/a> pour plus de renseignements.[\/vc_column_text][\/vc_column][\/vc_row][vc_row][vc_column][vc_column_text]<\/p>\n<div id=\"ConnectiveDocSignExtentionInstalled\" data-extension-version=\"1.0.4\"><\/div>\n<p>[\/vc_column_text][\/vc_column][\/vc_row]<\/p>\n<\/div>","protected":false},"excerpt":{"rendered":"<p>[vc_row content_placement=\u00a0\u00bbmiddle\u00a0\u00bb css=\u00a0\u00bb.vc_custom_1605630337493{padding-bottom: 30px !important;}\u00a0\u00bb][vc_column width=\u00a0\u00bb1\/2&Prime; offset=\u00a0\u00bbvc_col-lg-offset-2 vc_col-lg-4&Prime;][vc_column_text] Logo BIO europ\u00e9en Si vous commercialisez des produits biologiques, ceux-ci doivent respecter des r\u00e8gles d\u2019\u00e9tiquetage sp\u00e9cifiques du label europ\u00e9en. Le logo BIO europ\u00e9en certifie que les produits BIO sont conformes aux R\u00e8glements sur l\u2019agriculture biologique. Il vise \u00e0 consolider la confiance des consommateurs quant au contr\u00f4le et [&hellip;]<\/p>\n","protected":false},"author":1,"featured_media":0,"parent":18,"menu_order":3,"comment_status":"closed","ping_status":"closed","template":"","meta":{"_acf_changed":false,"footnotes":""},"class_list":["post-60","page","type-page","status-publish","hentry"],"acf":[],"yoast_head":"<!-- This site is optimized with the Yoast SEO plugin v26.6 - https:\/\/yoast.com\/wordpress\/plugins\/seo\/ -->\n<title>\u00c9tiquetage - CERTISYS<\/title>\n<meta name=\"robots\" content=\"index, follow, max-snippet:-1, max-image-preview:large, max-video-preview:-1\" \/>\n<link rel=\"canonical\" href=\"https:\/\/www.certisys.eu\/fr\/reglementation-bio\/etiquetage\/\" \/>\n<meta property=\"og:locale\" content=\"fr_FR\" \/>\n<meta property=\"og:type\" content=\"article\" \/>\n<meta property=\"og:title\" content=\"\u00c9tiquetage - CERTISYS\" \/>\n<meta property=\"og:description\" content=\"[vc_row content_placement=\u00a0\u00bbmiddle\u00a0\u00bb css=\u00a0\u00bb.vc_custom_1605630337493{padding-bottom: 30px !important;}\u00a0\u00bb][vc_column width=\u00a0\u00bb1\/2&Prime; offset=\u00a0\u00bbvc_col-lg-offset-2 vc_col-lg-4&Prime;][vc_column_text] Logo BIO europ\u00e9en Si vous commercialisez des produits biologiques, ceux-ci doivent respecter des r\u00e8gles d\u2019\u00e9tiquetage sp\u00e9cifiques du label europ\u00e9en. Le logo BIO europ\u00e9en certifie que les produits BIO sont conformes aux R\u00e8glements sur l\u2019agriculture biologique. Il vise \u00e0 consolider la confiance des consommateurs quant au contr\u00f4le et [&hellip;]\" \/>\n<meta property=\"og:url\" content=\"https:\/\/www.certisys.eu\/fr\/reglementation-bio\/etiquetage\/\" \/>\n<meta property=\"og:site_name\" content=\"CERTISYS\" \/>\n<meta property=\"article:modified_time\" content=\"2025-04-17T11:35:20+00:00\" \/>\n<meta name=\"twitter:card\" content=\"summary_large_image\" \/>\n<meta name=\"twitter:label1\" content=\"Dur\u00e9e de lecture estim\u00e9e\" \/>\n\t<meta name=\"twitter:data1\" content=\"4 minutes\" \/>\n<!-- \/ Yoast SEO plugin. -->","yoast_head_json":{"title":"\u00c9tiquetage - CERTISYS","robots":{"index":"index","follow":"follow","max-snippet":"max-snippet:-1","max-image-preview":"max-image-preview:large","max-video-preview":"max-video-preview:-1"},"canonical":"https:\/\/www.certisys.eu\/fr\/reglementation-bio\/etiquetage\/","og_locale":"fr_FR","og_type":"article","og_title":"\u00c9tiquetage - CERTISYS","og_description":"[vc_row content_placement=\u00a0\u00bbmiddle\u00a0\u00bb css=\u00a0\u00bb.vc_custom_1605630337493{padding-bottom: 30px !important;}\u00a0\u00bb][vc_column width=\u00a0\u00bb1\/2&Prime; offset=\u00a0\u00bbvc_col-lg-offset-2 vc_col-lg-4&Prime;][vc_column_text] Logo BIO europ\u00e9en Si vous commercialisez des produits biologiques, ceux-ci doivent respecter des r\u00e8gles d\u2019\u00e9tiquetage sp\u00e9cifiques du label europ\u00e9en. Le logo BIO europ\u00e9en certifie que les produits BIO sont conformes aux R\u00e8glements sur l\u2019agriculture biologique. Il vise \u00e0 consolider la confiance des consommateurs quant au contr\u00f4le et [&hellip;]","og_url":"https:\/\/www.certisys.eu\/fr\/reglementation-bio\/etiquetage\/","og_site_name":"CERTISYS","article_modified_time":"2025-04-17T11:35:20+00:00","twitter_card":"summary_large_image","twitter_misc":{"Dur\u00e9e de lecture estim\u00e9e":"4 minutes"},"schema":{"@context":"https:\/\/schema.org","@graph":[{"@type":"WebPage","@id":"https:\/\/www.certisys.eu\/fr\/reglementation-bio\/etiquetage\/","url":"https:\/\/www.certisys.eu\/fr\/reglementation-bio\/etiquetage\/","name":"\u00c9tiquetage - CERTISYS","isPartOf":{"@id":"https:\/\/www.certisys.eu\/fr\/#website"},"datePublished":"2020-10-12T08:31:16+00:00","dateModified":"2025-04-17T11:35:20+00:00","breadcrumb":{"@id":"https:\/\/www.certisys.eu\/fr\/reglementation-bio\/etiquetage\/#breadcrumb"},"inLanguage":"fr-FR","potentialAction":[{"@type":"ReadAction","target":["https:\/\/www.certisys.eu\/fr\/reglementation-bio\/etiquetage\/"]}]},{"@type":"BreadcrumbList","@id":"https:\/\/www.certisys.eu\/fr\/reglementation-bio\/etiquetage\/#breadcrumb","itemListElement":[{"@type":"ListItem","position":1,"name":"Home","item":"https:\/\/www.certisys.eu\/fr\/"},{"@type":"ListItem","position":2,"name":"R\u00e8glementation","item":"https:\/\/www.certisys.eu\/fr\/reglementation-bio\/"},{"@type":"ListItem","position":3,"name":"\u00c9tiquetage"}]},{"@type":"WebSite","@id":"https:\/\/www.certisys.eu\/fr\/#website","url":"https:\/\/www.certisys.eu\/fr\/","name":"CERTISYS","description":"Bio Certification","potentialAction":[{"@type":"SearchAction","target":{"@type":"EntryPoint","urlTemplate":"https:\/\/www.certisys.eu\/fr\/?s={search_term_string}"},"query-input":{"@type":"PropertyValueSpecification","valueRequired":true,"valueName":"search_term_string"}}],"inLanguage":"fr-FR"}]}},"jetpack_sharing_enabled":true,"_links":{"self":[{"href":"https:\/\/www.certisys.eu\/fr\/wp-json\/wp\/v2\/pages\/60","targetHints":{"allow":["GET"]}}],"collection":[{"href":"https:\/\/www.certisys.eu\/fr\/wp-json\/wp\/v2\/pages"}],"about":[{"href":"https:\/\/www.certisys.eu\/fr\/wp-json\/wp\/v2\/types\/page"}],"author":[{"embeddable":true,"href":"https:\/\/www.certisys.eu\/fr\/wp-json\/wp\/v2\/users\/1"}],"replies":[{"embeddable":true,"href":"https:\/\/www.certisys.eu\/fr\/wp-json\/wp\/v2\/comments?post=60"}],"version-history":[{"count":33,"href":"https:\/\/www.certisys.eu\/fr\/wp-json\/wp\/v2\/pages\/60\/revisions"}],"predecessor-version":[{"id":45149,"href":"https:\/\/www.certisys.eu\/fr\/wp-json\/wp\/v2\/pages\/60\/revisions\/45149"}],"up":[{"embeddable":true,"href":"https:\/\/www.certisys.eu\/fr\/wp-json\/wp\/v2\/pages\/18"}],"wp:attachment":[{"href":"https:\/\/www.certisys.eu\/fr\/wp-json\/wp\/v2\/media?parent=60"}],"curies":[{"name":"wp","href":"https:\/\/api.w.org\/{rel}","templated":true}]}}