{"id":56,"date":"2020-10-12T10:30:24","date_gmt":"2020-10-12T08:30:24","guid":{"rendered":"https:\/\/certisys.poush.be\/?page_id=56"},"modified":"2023-11-02T11:44:47","modified_gmt":"2023-11-02T09:44:47","slug":"fraudes-et-operateurs-non-controles","status":"publish","type":"page","link":"https:\/\/www.certisys.eu\/fr\/reglementation-bio\/fraudes-et-operateurs-non-controles\/","title":{"rendered":"Fraudes et op\u00e9rateurs non contr\u00f4l\u00e9s"},"content":{"rendered":"<div class=\"wpb-content-wrapper\"><p>[vc_row content_placement=\u00a0\u00bbmiddle\u00a0\u00bb css=\u00a0\u00bb.vc_custom_1616059326651{padding-bottom: 20px !important;}\u00a0\u00bb][vc_column width=\u00a0\u00bb2\/3&Prime; offset=\u00a0\u00bbvc_col-lg-offset-3 vc_col-lg-6&Prime;][vc_column_text]<\/p>\n<p style=\"text-align: center;\">Chaque \u00c9tat-Membre de l\u2019Union Europ\u00e9enne doit communiquer \u00e0 la Commission Europ\u00e9enne les noms, coordonn\u00e9es et le num\u00e9ro de code des organismes de contr\u00f4le reconnus. Vous pouvez retrouver les <strong>organismes de contr\u00f4le agr\u00e9\u00e9s par pays<\/strong> dans la <a href=\"https:\/\/ec.europa.eu\/agriculture\/ofis_public\/actor_cbeu\/ctrl.cfm?targetUrl=home\" target=\"_blank\" rel=\"noopener noreferrer\">liste de la Commission Europ\u00e9enne<\/a>.<\/p>\n<p style=\"text-align: center;\">Afin de lutter contre les fraudes, CERTISYS\u00ae entretient des relations avec les autres <strong>organismes de contr\u00f4le<\/strong> et les <strong>Autorit\u00e9s<\/strong>. Les informations circulent entre ces acteurs en Belgique mais aussi au niveau europ\u00e9en entre les autres Autorit\u00e9s et la Commission Europ\u00e9enne gr\u00e2ce notamment au <a href=\"http:\/\/ec.europa.eu\/food\/safety\/rasff\/index_en.htm\" target=\"_blank\" rel=\"noopener noreferrer\">Rapid Alert System for Food and Feed <\/a>(RASFF).<\/p>\n<p style=\"text-align: center;\">Il existe \u00e9galement une plateforme de coordination des organismes de contr\u00f4le au niveau europ\u00e9en <a href=\"https:\/\/eocc.nu\/\" target=\"_blank\" rel=\"noopener noreferrer\">The European Organic Certifiers Council<\/a> (EOCC) qui vise \u00e0 am\u00e9liorer la <strong>coop\u00e9ration<\/strong> et l\u2019<strong>\u00e9change d\u2019information<\/strong> entre eux.<\/p>\n<p>[\/vc_column_text][\/vc_column][\/vc_row][vc_row css=\u00a0\u00bb.vc_custom_1614846917657{padding-top: 50px !important;padding-bottom: 80px !important;background-color: #f0f3f1 !important;}\u00a0\u00bb][vc_column width=\u00a0\u00bb1\/4&Prime;][\/vc_column][vc_column width=\u00a0\u00bb1\/2&Prime;][vc_column_text]<\/p>\n<h2 style=\"text-align: center;\">Op\u00e9rateurs non certifi\u00e9s qui communiquent sur des produits \u00ab BIO \u00bb<\/h2>\n<p>Comme tout autre secteur, le BIO n\u2019est pas \u00e0 l\u2019abri de manquements ni m\u00eame de fraudes. CERTISYS\u00ae suit le d\u00e9veloppement du BIO et sa <strong>mission<\/strong> est <strong>tout d\u2019abord pr\u00e9ventive<\/strong> afin \u00e9viter les fraudes et si manquements ou fraude il y a, d\u2019intervenir et de sanctionner en fonction.<\/p>\n<p>Le syst\u00e8me BIO europ\u00e9en est transparent et accessible. Il permet \u00e0 tout citoyen de v\u00e9rifier si un op\u00e9rateur ou produit BIO est r\u00e9ellement certifi\u00e9 BIO. C\u2019est un <strong>gage de cr\u00e9dibilit\u00e9 et de confiance<\/strong>. Si vous ne retrouvez pas le nom de l\u2019op\u00e9rateur ni son certificat dans la <a href=\"https:\/\/www.certisys.eu\/recherche-operateur\/\" target=\"_blank\" rel=\"noopener noreferrer\">base de donn\u00e9es de CERTISYS\u00ae<\/a>, c\u2019est soit que cet op\u00e9rateur est contr\u00f4l\u00e9 et certifi\u00e9 par un autre organisme de contr\u00f4le soit que cet op\u00e9rateur n\u2019est pas certifi\u00e9 BIO du tout.[\/vc_column_text][vc_column_text css_animation=\u00a0\u00bbfadeInUp\u00a0\u00bb css=\u00a0\u00bb.vc_custom_1622201945176{margin-bottom: 0px !important;}\u00a0\u00bb]<a style=\"display: flex; align-items: center; background: url('\/wp-content\/uploads\/2021\/04\/radis-pastille.png') no-repeat center; background-size: cover; color: #fff; text-decoration: none; width: 120px; height: 270px; text-align: center; margin-right: auto; margin-left: auto; font-size: 16px; line-height: 22px; padding-top: 40px;\" href=\"https:\/\/www.certisys.eu\/recherche-operateur\/\" target=\"_blank\" rel=\"noopener\">Recherche d&rsquo;op\u00e9rateurs certifi\u00e9s BIO<\/a>[\/vc_column_text][\/vc_column][vc_column width=\u00a0\u00bb1\/4&Prime;][\/vc_column][\/vc_row][vc_row full_width=\u00a0\u00bbstretch_row_content_no_spaces\u00a0\u00bb css=\u00a0\u00bb.vc_custom_1617283866281{padding-top: 300px !important;background-image: url(https:\/\/www.certisys.eu\/wp-content\/uploads\/2021\/04\/shutterstock_107040215.jpg?id=4250) !important;background-position: center !important;background-repeat: no-repeat !important;background-size: cover !important;}\u00a0\u00bb][vc_column][\/vc_column][\/vc_row][vc_row css=\u00a0\u00bb.vc_custom_1605630039270{padding-bottom: 150px !important;background-image: url(https:\/\/www.certisys.eu\/wp-content\/uploads\/2020\/10\/bg-3-1.png?id=892) !important;}\u00a0\u00bb el_class=\u00a0\u00bbcustom-lastrow\u00a0\u00bb][vc_column offset=\u00a0\u00bbvc_col-lg-offset-3 vc_col-lg-6 vc_col-md-offset-2 vc_col-md-8&Prime;][vc_column_text]<\/p>\n<h2 style=\"text-align: center;\">Que faire dans ce cas-l\u00e0 ?<\/h2>\n<p><span style=\"color: #ff0000;\"><strong>Pour la r\u00e9gion wallonne<\/strong><\/span><\/p>\n<p>Rendez-vous sur le <a href=\"https:\/\/agriculture.wallonie.be\/home\/productions-agricoles\/qualite\/production-biologique\/surveillance-du-marche--formulaire-de-plainte.html\">Portail de l&rsquo;agriculture wallonne. <\/a>Vous y trouverez un formulaire \u00e0 compl\u00e9ter et \u00e0 envoyer aux Autorit\u00e9s wallonnes.<\/p>\n<p><span style=\"color: #ff0000;\"><strong>Pour la R\u00e9gion Bruxelles-Capitale et la R\u00e9gion flamande : <\/strong><\/span><\/p>\n<p><strong>Signalez-le \u00e0 la R\u00e9gion concern\u00e9e<\/strong> en envoyant un e-mail :<\/p>\n<ol>\n<li>Mentionnez le nom de la soci\u00e9t\u00e9\/personne<\/li>\n<li>R\u00e9f\u00e9rez \u00e9ventuellement vers un site web\/page Facebook\/Instagram<\/li>\n<li>Id\u00e9alement, ajouter des printscreens<\/li>\n<\/ol>\n<p><strong>Qui contacter dans votre R\u00e9gion\u00a0? <\/strong><\/p>\n<ul>\n<li>Bruxelles : <a href=\"mailto:agriculture@sprb.brussels\">agriculture@sprb.brussels<\/a><\/li>\n<li>Flandre : <a href=\"mailto:bio@lv.vlaanderen.be\" target=\"_blank\" rel=\"noopener noreferrer\">info@lv.vlaanderen.be<\/a><\/li>\n<\/ul>\n<p><strong>Liens vers les op\u00e9rateurs certifi\u00e9s BIO<\/strong> :<\/p>\n<ul>\n<li><a href=\"https:\/\/www.certisys.eu\/recherche-operateur\/\" target=\"_blank\" rel=\"noopener noreferrer\">Liste des op\u00e9rateurs BIO certifi\u00e9s par CERTISYS\u00ae<\/a><\/li>\n<li>Liste de tous les op\u00e9rateurs BIO EU sur <a href=\"https:\/\/webgate.ec.europa.eu\/tracesnt\/directory\/publication\/organic-operator\/index\">TRACES<\/a><\/li>\n<li>Liste des op\u00e9rateurs luxembourgeois accessible sur les sites des <a href=\"https:\/\/agriculture.public.lu\/de\/lebensmittelsicherheit-qualitatszeichen\/biologische-landwirtschaft\/grundlagen-biologischen-landwirtschaft\/allgemeines-bio-landwirtschaft.html\" target=\"_blank\" rel=\"noopener noreferrer\">organismes de contr\u00f4le<\/a><\/li>\n<\/ul>\n<p>[\/vc_column_text][\/vc_column][\/vc_row]<\/p>\n<\/div>","protected":false},"excerpt":{"rendered":"<p>[vc_row content_placement=\u00a0\u00bbmiddle\u00a0\u00bb css=\u00a0\u00bb.vc_custom_1616059326651{padding-bottom: 20px !important;}\u00a0\u00bb][vc_column width=\u00a0\u00bb2\/3&Prime; offset=\u00a0\u00bbvc_col-lg-offset-3 vc_col-lg-6&Prime;][vc_column_text] Chaque \u00c9tat-Membre de l\u2019Union Europ\u00e9enne doit communiquer \u00e0 la Commission Europ\u00e9enne les noms, coordonn\u00e9es et le num\u00e9ro de code des organismes de contr\u00f4le reconnus. Vous pouvez retrouver les organismes de contr\u00f4le agr\u00e9\u00e9s par pays dans la liste de la Commission Europ\u00e9enne. Afin de lutter contre les fraudes, [&hellip;]<\/p>\n","protected":false},"author":1,"featured_media":0,"parent":18,"menu_order":1,"comment_status":"closed","ping_status":"closed","template":"","meta":{"_acf_changed":false,"footnotes":""},"class_list":["post-56","page","type-page","status-publish","hentry"],"acf":[],"yoast_head":"<!-- This site is optimized with the Yoast SEO plugin v26.6 - https:\/\/yoast.com\/wordpress\/plugins\/seo\/ -->\n<title>La gestion des Fraudes et op\u00e9rateurs non contr\u00f4l\u00e9s dans le Bio - CERTISYS<\/title>\n<meta name=\"description\" content=\"Afin de lutter contre les fraudes, CERTISYS\u00ae entretient des relations avec les autres organismes de contr\u00f4le et les Autorit\u00e9s.\" \/>\n<meta name=\"robots\" content=\"index, follow, max-snippet:-1, max-image-preview:large, max-video-preview:-1\" \/>\n<link rel=\"canonical\" href=\"https:\/\/www.certisys.eu\/fr\/reglementation-bio\/fraudes-et-operateurs-non-controles\/\" \/>\n<meta property=\"og:locale\" content=\"fr_FR\" \/>\n<meta property=\"og:type\" content=\"article\" \/>\n<meta property=\"og:title\" content=\"La gestion des Fraudes et op\u00e9rateurs non contr\u00f4l\u00e9s dans le Bio - CERTISYS\" \/>\n<meta property=\"og:description\" content=\"Afin de lutter contre les fraudes, CERTISYS\u00ae entretient des relations avec les autres organismes de contr\u00f4le et les Autorit\u00e9s.\" \/>\n<meta property=\"og:url\" content=\"https:\/\/www.certisys.eu\/fr\/reglementation-bio\/fraudes-et-operateurs-non-controles\/\" \/>\n<meta property=\"og:site_name\" content=\"CERTISYS\" \/>\n<meta property=\"article:modified_time\" content=\"2023-11-02T09:44:47+00:00\" \/>\n<meta name=\"twitter:card\" content=\"summary_large_image\" \/>\n<meta name=\"twitter:label1\" content=\"Dur\u00e9e de lecture estim\u00e9e\" \/>\n\t<meta name=\"twitter:data1\" content=\"2 minutes\" \/>\n<!-- \/ Yoast SEO plugin. -->","yoast_head_json":{"title":"La gestion des Fraudes et op\u00e9rateurs non contr\u00f4l\u00e9s dans le Bio - CERTISYS","description":"Afin de lutter contre les fraudes, CERTISYS\u00ae entretient des relations avec les autres organismes de contr\u00f4le et les Autorit\u00e9s.","robots":{"index":"index","follow":"follow","max-snippet":"max-snippet:-1","max-image-preview":"max-image-preview:large","max-video-preview":"max-video-preview:-1"},"canonical":"https:\/\/www.certisys.eu\/fr\/reglementation-bio\/fraudes-et-operateurs-non-controles\/","og_locale":"fr_FR","og_type":"article","og_title":"La gestion des Fraudes et op\u00e9rateurs non contr\u00f4l\u00e9s dans le Bio - CERTISYS","og_description":"Afin de lutter contre les fraudes, CERTISYS\u00ae entretient des relations avec les autres organismes de contr\u00f4le et les Autorit\u00e9s.","og_url":"https:\/\/www.certisys.eu\/fr\/reglementation-bio\/fraudes-et-operateurs-non-controles\/","og_site_name":"CERTISYS","article_modified_time":"2023-11-02T09:44:47+00:00","twitter_card":"summary_large_image","twitter_misc":{"Dur\u00e9e de lecture estim\u00e9e":"2 minutes"},"schema":{"@context":"https:\/\/schema.org","@graph":[{"@type":"WebPage","@id":"https:\/\/www.certisys.eu\/fr\/reglementation-bio\/fraudes-et-operateurs-non-controles\/","url":"https:\/\/www.certisys.eu\/fr\/reglementation-bio\/fraudes-et-operateurs-non-controles\/","name":"La gestion des Fraudes et op\u00e9rateurs non contr\u00f4l\u00e9s dans le Bio - CERTISYS","isPartOf":{"@id":"https:\/\/www.certisys.eu\/fr\/#website"},"datePublished":"2020-10-12T08:30:24+00:00","dateModified":"2023-11-02T09:44:47+00:00","description":"Afin de lutter contre les fraudes, CERTISYS\u00ae entretient des relations avec les autres organismes de contr\u00f4le et les Autorit\u00e9s.","breadcrumb":{"@id":"https:\/\/www.certisys.eu\/fr\/reglementation-bio\/fraudes-et-operateurs-non-controles\/#breadcrumb"},"inLanguage":"fr-FR","potentialAction":[{"@type":"ReadAction","target":["https:\/\/www.certisys.eu\/fr\/reglementation-bio\/fraudes-et-operateurs-non-controles\/"]}]},{"@type":"BreadcrumbList","@id":"https:\/\/www.certisys.eu\/fr\/reglementation-bio\/fraudes-et-operateurs-non-controles\/#breadcrumb","itemListElement":[{"@type":"ListItem","position":1,"name":"Home","item":"https:\/\/www.certisys.eu\/fr\/"},{"@type":"ListItem","position":2,"name":"R\u00e8glementation","item":"https:\/\/www.certisys.eu\/fr\/reglementation-bio\/"},{"@type":"ListItem","position":3,"name":"Fraudes et op\u00e9rateurs non contr\u00f4l\u00e9s"}]},{"@type":"WebSite","@id":"https:\/\/www.certisys.eu\/fr\/#website","url":"https:\/\/www.certisys.eu\/fr\/","name":"CERTISYS","description":"Bio Certification","potentialAction":[{"@type":"SearchAction","target":{"@type":"EntryPoint","urlTemplate":"https:\/\/www.certisys.eu\/fr\/?s={search_term_string}"},"query-input":{"@type":"PropertyValueSpecification","valueRequired":true,"valueName":"search_term_string"}}],"inLanguage":"fr-FR"}]}},"jetpack_sharing_enabled":true,"_links":{"self":[{"href":"https:\/\/www.certisys.eu\/fr\/wp-json\/wp\/v2\/pages\/56","targetHints":{"allow":["GET"]}}],"collection":[{"href":"https:\/\/www.certisys.eu\/fr\/wp-json\/wp\/v2\/pages"}],"about":[{"href":"https:\/\/www.certisys.eu\/fr\/wp-json\/wp\/v2\/types\/page"}],"author":[{"embeddable":true,"href":"https:\/\/www.certisys.eu\/fr\/wp-json\/wp\/v2\/users\/1"}],"replies":[{"embeddable":true,"href":"https:\/\/www.certisys.eu\/fr\/wp-json\/wp\/v2\/comments?post=56"}],"version-history":[{"count":20,"href":"https:\/\/www.certisys.eu\/fr\/wp-json\/wp\/v2\/pages\/56\/revisions"}],"predecessor-version":[{"id":30121,"href":"https:\/\/www.certisys.eu\/fr\/wp-json\/wp\/v2\/pages\/56\/revisions\/30121"}],"up":[{"embeddable":true,"href":"https:\/\/www.certisys.eu\/fr\/wp-json\/wp\/v2\/pages\/18"}],"wp:attachment":[{"href":"https:\/\/www.certisys.eu\/fr\/wp-json\/wp\/v2\/media?parent=56"}],"curies":[{"name":"wp","href":"https:\/\/api.w.org\/{rel}","templated":true}]}}