{"id":50,"date":"2020-10-12T10:28:41","date_gmt":"2020-10-12T08:28:41","guid":{"rendered":"https:\/\/certisys.poush.be\/?page_id=50"},"modified":"2026-01-06T17:25:07","modified_gmt":"2026-01-06T15:25:07","slug":"cosmetiques-et-nettoyage","status":"publish","type":"page","link":"https:\/\/www.certisys.eu\/fr\/mon-activite\/cosmetiques-et-nettoyage\/","title":{"rendered":"Cosm\u00e9tiques et nettoyage"},"content":{"rendered":"<div class=\"wpb-content-wrapper\"><p>[vc_row content_placement=\u00a0\u00bbmiddle\u00a0\u00bb css=\u00a0\u00bb.vc_custom_1615465707679{padding-bottom: 80px !important;}\u00a0\u00bb][vc_column width=\u00a0\u00bb2\/3&Prime; offset=\u00a0\u00bbvc_col-lg-offset-3 vc_col-lg-6&Prime; css=\u00a0\u00bb.vc_custom_1615465726560{padding-top: 0px !important;}\u00a0\u00bb][vc_single_image image=\u00a0\u00bb1657&Prime; img_size=\u00a0\u00bb100&#215;145&Prime; alignment=\u00a0\u00bbcenter\u00a0\u00bb css_animation=\u00a0\u00bbfadeInDown\u00a0\u00bb css=\u00a0\u00bb.vc_custom_1615480043742{margin-top: -70px !important;}\u00a0\u00bb][vc_column_text]<\/p>\n<p style=\"text-align: center;\">Vous d\u00e9sirez faire certifier vos cosm\u00e9tiques, &#8211; produits pour la maison, parfums d\u2019ambiance avec un label qui permet de valoriser leur composition et mettre votre d\u00e9marche durable en avant\u00a0? Le label BIO europ\u00e9en ne couvre pas ce type de produits. Vous pouvez alors fonctionner avec le <a href=\"https:\/\/ecogarantie.eu\/fr\/\" target=\"_blank\" rel=\"noopener noreferrer\">label <strong>Ecogarantie\u00ae<\/strong><\/a> qui correspond \u00e0 un cahier des charges priv\u00e9 compl\u00e9mentaire \u00e0 la R\u00e9glementation BIO europ\u00e9enne. CERTISYS\u00ae vous propose la certification Ecogarantie\u00ae.<\/p>\n<p>[\/vc_column_text][vc_column_text]<\/p>\n<h2 style=\"text-align: center;\">Quelle est votre activit\u00e9 BIO ?<\/h2>\n<p>[\/vc_column_text][\/vc_column][\/vc_row][vc_row][vc_column width=\u00a0\u00bb1\/2&Prime; css=\u00a0\u00bb.vc_custom_1616681644708{margin-left: 10% !important;}\u00a0\u00bb][vc_column_text]<\/p>\n<p style=\"text-align: left;\">Vous commercialisez des <strong>produits \u00e9cologiques <\/strong>qui ne sont <strong>pas couverts par la R\u00e9glementation europ\u00e9enne<\/strong> mais vous souhaitez les valoriser. Pour ce faire, vous pouvez passer par le <strong>cahier des charges Ecogarantie\u00ae.<\/strong> Il s\u2019agit d\u2019une norme priv\u00e9e qui a \u00e9t\u00e9 d\u00e9velopp\u00e9e pour la certification de cosm\u00e9tiques, articles de nettoyage, sel marin et sprays, vaporisateurs, parfums, etc. Si vous souhaitez une certification Ecogarantie\u00ae, CERTISYS\u00ae r\u00e9alise \u00e0 la fois le contr\u00f4le et la certification de vos produits. CERTISYS\u00ae vous d\u00e9livrera un certificat de conformit\u00e9 et vous pourrez alors y apposer la marque \u00ab Ecogarantie\u00ae \u00bb.<\/p>\n<p style=\"text-align: left;\">Le label Ecogarantie\u00ae \u00e9mane des acteurs du secteur BIO (producteurs, transformateurs, consommateurs et organismes techniques). Il appartient et est g\u00e9r\u00e9 par l\u2019Union professionnelle <strong>Probila-Unitrab<\/strong> qui repr\u00e9sente les int\u00e9r\u00eats des transformateurs et distributeurs du secteur BIO (alimentaire et non-alimentaire).<\/p>\n<p style=\"text-align: left;\">Ecogarantie est expert en protection de la nature. C\u2019est le label \u00e9cologique <strong>le plus exigeant <\/strong>tous les ingr\u00e9dients d\u2019origine v\u00e9g\u00e9tale (huiles essentielles, aloe vera, etc.) sont <strong>100% BIO<\/strong>.<\/p>\n<p>[\/vc_column_text][\/vc_column][vc_column width=\u00a0\u00bb1\/2&Prime;][vc_single_image image=\u00a0\u00bb4110&Prime; img_size=\u00a0\u00bbfull\u00a0\u00bb alignment=\u00a0\u00bbcenter\u00a0\u00bb css=\u00a0\u00bb.vc_custom_1616682028568{margin-top: 10% !important;}\u00a0\u00bb][\/vc_column][\/vc_row][vc_row css=\u00a0\u00bb.vc_custom_1614846917657{padding-top: 50px !important;padding-bottom: 80px !important;background-color: #f0f3f1 !important;}\u00a0\u00bb][vc_column width=\u00a0\u00bb1\/6&Prime;][\/vc_column][vc_column width=\u00a0\u00bb2\/3&Prime;][vc_column_text]<\/p>\n<h2 style=\"text-align: center;\">Quelles sont les informations essentielles \u00e0 savoir pour faire certifier vos cosm\u00e9tiques et produits de nettoyage avec Ecogarantie<sup>\u00ae <\/sup>?<\/h2>\n<p style=\"text-align: center;\">Un produit portant le label Ecogarantie\u00ae garantit au consommateur qu\u2019il r\u00e9pond \u00e0 des exigences strictes en termes de qualit\u00e9 \u00e9cologique. De nombreux aspects sont pris en compte, tels que <strong>l\u2019origine biologique des ingr\u00e9dients<\/strong> d\u2019origine agricole, le <strong>cycle de vie<\/strong> du produit, sa <strong>biod\u00e9gradabilit\u00e9<\/strong>, \u2026<\/p>\n<p>[\/vc_column_text][vc_tta_accordion style=\u00a0\u00bbmodern\u00a0\u00bb shape=\u00a0\u00bbround\u00a0\u00bb color=\u00a0\u00bbwhite\u00a0\u00bb c_position=\u00a0\u00bbright\u00a0\u00bb active_section=\u00a0\u00bb100&Prime; no_fill=\u00a0\u00bbtrue\u00a0\u00bb collapsible_all=\u00a0\u00bbtrue\u00a0\u00bb][vc_tta_section title=\u00a0\u00bbLe respect des cahiers des charges\u00a0\u00bb tab_id=\u00a0\u00bbcahier-des-charges\u00a0\u00bb][vc_row_inner][vc_column_inner width=\u00a0\u00bb1\/2&Prime;][vc_column_text]V\u00e9rifiez d\u2019abord si vos produits r\u00e9pondent aux exigences g\u00e9n\u00e9rales du <a href=\"https:\/\/www.certisys.eu\/wp-content\/uploads\/2021\/03\/06_11_24_CDC_Ecogarantie-1.pdf\" target=\"_blank\" rel=\"noopener noreferrer\">cahier des charges Ecogarantie<\/a>\u00ae.[\/vc_column_text][\/vc_column_inner][vc_column_inner width=\u00a0\u00bb1\/2&Prime;][vc_single_image image=\u00a0\u00bb3232&Prime; img_size=\u00a0\u00bb500&#215;300&Prime;][\/vc_column_inner][\/vc_row_inner][\/vc_tta_section][vc_tta_section title=\u00a0\u00bbLa conformit\u00e9 des recettes\u00a0\u00bb tab_id=\u00a0\u00bbrecettes\u00a0\u00bb][vc_row_inner][vc_column_inner width=\u00a0\u00bb1\/2&Prime;][vc_column_text]Vous devez vous assurer de la conformit\u00e9 de vos recettes\/compositions avec la derni\u00e8re version du cahier des charges Ecogarantie\u00ae. Pour <strong>\u00e9valuer la validit\u00e9 de vos recettes, <\/strong>r\u00e9f\u00e9rez-vous donc bien au <a href=\"https:\/\/www.certisys.eu\/wp-content\/uploads\/2021\/03\/06_11_24_CDC_Ecogarantie-1.pdf\">cahier des charges Ecogarantie\u00ae.<\/a>[\/vc_column_text][\/vc_column_inner][vc_column_inner width=\u00a0\u00bb1\/2&Prime;][vc_single_image image=\u00a0\u00bb3200&Prime; img_size=\u00a0\u00bb500&#215;200&Prime;][\/vc_column_inner][\/vc_row_inner][\/vc_tta_section][vc_tta_section title=\u00a0\u00bbLa conformit\u00e9 des \u00e9tiquettes et emballages\u00a0\u00bb tab_id=\u00a0\u00bbetiquettes-emballages\u00a0\u00bb][vc_row_inner][vc_column_inner width=\u00a0\u00bb1\/2&Prime;][vc_column_text]Vos \u00e9tiquettes et emballages doivent \u00eatre conformes aux r\u00e8gles de l\u2019annexe II du cahier des charges Ecogarantie\u00ae (Logo Book).<\/p>\n<p>Toute <strong>nouvelle \u00e9tiquette<\/strong>, que ce soit pour un nouveau produit ou pour une modification du design, doit \u00eatre <strong>transmise \u00e0 CERTISYS\u00ae. <\/strong>Il est de votre ressort de respecter les dispositions l\u00e9gales en vigueur pour la mise sur le march\u00e9 de produits cosm\u00e9tiques et\/ou de nettoyage.<\/p>\n<p>Nous vous rappelons que ces \u00e9tapes doivent \u00eatre r\u00e9alis\u00e9es <strong>avant la commercialisation<\/strong> d\u2019un produit portant le label Ecogarantie\u00ae. Tout <strong>nouveau produit<\/strong> ne peut \u00eatre mis sur le march\u00e9 <strong>qu\u2019apr\u00e8s \u00e9mission d\u2019un certificat \u00ab\u00a0ECOGARANTIE\u00ae\u00a0\u00bb par CERTISYS\u00ae<\/strong>.[\/vc_column_text][\/vc_column_inner][vc_column_inner width=\u00a0\u00bb1\/2&Prime;][vc_single_image image=\u00a0\u00bb3332&Prime; img_size=\u00a0\u00bb500&#215;450&Prime;][\/vc_column_inner][\/vc_row_inner][\/vc_tta_section][vc_tta_section title=\u00a0\u00bbCommunication de toute modification li\u00e9e \u00e0 votre activit\u00e9\u00a0\u00bb tab_id=\u00a0\u00bbcommunication\u00a0\u00bb][vc_column_text]De m\u00eame, toute modification importante de votre activit\u00e9 doit nous \u00eatre communiqu\u00e9e (<strong>d\u00e9m\u00e9nagement<\/strong>, <strong>changement de la personne<\/strong> en charge du dossier Ecogarantie\u00ae au sein de votre entreprise, processus de fabrication, \u2026). Il en va de m\u00eame pour les modifications de <strong>formule<\/strong>, d<strong>\u2019ingr\u00e9dient<\/strong>, de <strong>fournisseur<\/strong>, d\u2019<strong>\u00e9tiquette <\/strong>ou emballage avant la mise sur le march\u00e9 <strong>du produit modifi\u00e9<\/strong>.[\/vc_column_text][\/vc_tta_section][\/vc_tta_accordion][\/vc_column][vc_column width=\u00a0\u00bb1\/6&Prime;][\/vc_column][\/vc_row][vc_row css=\u00a0\u00bb.vc_custom_1614853263792{padding-top: 50px !important;padding-bottom: 80px !important;background-color: #335439 !important;}\u00a0\u00bb][vc_column width=\u00a0\u00bb1\/6&Prime;][\/vc_column][vc_column width=\u00a0\u00bb2\/3&Prime;][vc_column_text el_class=\u00a0\u00bbcustom-white\u00a0\u00bb]<\/p>\n<h2 style=\"text-align: center;\">Comment se d\u00e9roule votre contr\u00f4le Ecogarantie<sup>\u00ae<\/sup>?<\/h2>\n<p style=\"text-align: center;\">L\u2019un de nos contr\u00f4leurs vous contactera afin de fixer un rendez-vous pour effectuer un premier audit.<\/p>\n<p>[\/vc_column_text][vc_tta_accordion style=\u00a0\u00bbmodern\u00a0\u00bb shape=\u00a0\u00bbround\u00a0\u00bb color=\u00a0\u00bbwhite\u00a0\u00bb c_position=\u00a0\u00bbright\u00a0\u00bb active_section=\u00a0\u00bb100&Prime; no_fill=\u00a0\u00bbtrue\u00a0\u00bb collapsible_all=\u00a0\u00bbtrue\u00a0\u00bb][vc_tta_section title=\u00a0\u00bbQuels sont les points v\u00e9rifi\u00e9s lors de votre contr\u00f4le ?\u00a0\u00bb tab_id=\u00a0\u00bbpoints-verifies\u00a0\u00bb][vc_row_inner][vc_column_inner width=\u00a0\u00bb1\/2&Prime;][vc_column_text el_class=\u00a0\u00bbcustom-white\u00a0\u00bb]<\/p>\n<ul>\n<li>Les <strong>ingr\u00e9dients<\/strong> (les mati\u00e8res premi\u00e8res d\u2019origine agricole doivent \u00eatre d\u2019origine BIO) et les <strong>garanties BIO<\/strong> des fournisseurs. V\u00e9rifiez bien la date de validit\u00e9 des certificats et assurez-vous que chaque mati\u00e8re premi\u00e8re est bien couverte par un certificat.<\/li>\n<li>Les <strong>recettes\/compositions <\/strong>et <strong>processus de fabrication.<\/strong><\/li>\n<li>La correspondance entre la <strong>quantit\u00e9 de produits achet\u00e9s et vendus.<\/strong><\/li>\n<li>La visite des <strong>lieux de production et de stockage.<\/strong><\/li>\n<li>Les <strong>mesures de s\u00e9paration<\/strong> entre les produits certifi\u00e9s et les autres.<\/li>\n<li>Les <strong>\u00e9tiquettes<\/strong> et <strong>emballages<\/strong> (mat\u00e9riaux utilis\u00e9s)<\/li>\n<li>etc.<\/li>\n<\/ul>\n<p><strong>Si vous<\/strong> <strong>sous-traitez<\/strong> tout ou une partie de la fabrication de vos produits \u00e0 une <strong>autre entreprise<\/strong>, celle-ci devra \u00e9galement \u00eatre <strong>soumise au contr\u00f4le<\/strong>.[\/vc_column_text][\/vc_column_inner][vc_column_inner width=\u00a0\u00bb1\/2&Prime;][vc_single_image image=\u00a0\u00bb5614&Prime; img_size=\u00a0\u00bb500&#215;500&Prime;][\/vc_column_inner][\/vc_row_inner][vc_row_inner][vc_column_inner width=\u00a0\u00bb1\/2&Prime;][vc_single_image image=\u00a0\u00bb5610&Prime; img_size=\u00a0\u00bb500&#215;500&Prime;][\/vc_column_inner][vc_column_inner width=\u00a0\u00bb1\/2&Prime;][vc_column_text el_class=\u00a0\u00bbcustom-white\u00a0\u00bb]Des <strong>pr\u00e9l\u00e8vements d&rsquo;\u00e9chantillons<\/strong> peuvent avoir lieu \u00e0 tout moment du processus de fabrication : de la mati\u00e8re premi\u00e8re au produit fini en passant par tous les stades interm\u00e9diaires. Les analyses sont r\u00e9alis\u00e9es par un laboratoire accr\u00e9dit\u00e9 et ind\u00e9pendant.<\/p>\n<p>A l\u2019issue de sa visite, le contr\u00f4leur r\u00e9dige le <strong>rapport de contr\u00f4le<\/strong> et fait le point avec vous sur les demandes d\u2019am\u00e9lioration et les manquements \u00e9ventuels. Apr\u00e8s <strong>signature des deux parties<\/strong>, une copie du rapport vous est remise. Ensuite, le contr\u00f4leur pr\u00e9sente le rapport \u00e0 l&rsquo;\u00e9quipe de certification en vue de prendre une d\u00e9cision et d\u2019\u00e9tablir les certificats.[\/vc_column_text][\/vc_column_inner][\/vc_row_inner][\/vc_tta_section][vc_tta_section title=\u00a0\u00bbQuels documents importants devez-vous compl\u00e9ter et pr\u00e9senter lors de votre contr\u00f4le ?\u00a0\u00bb tab_id=\u00a0\u00bbdocuments\u00a0\u00bb][vc_row_inner][vc_column_inner width=\u00a0\u00bb1\/2&Prime;][vc_column_text el_class=\u00a0\u00bbcustom-white\u00a0\u00bb]<\/p>\n<h3>Une \u00e9valuation des ingr\u00e9dients<\/h3>\n<ul>\n<li>Un <strong>formulaire ingr\u00e9dien<\/strong>t doit \u00eatre compl\u00e9t\u00e9 pour chaque ingr\u00e9dient transform\u00e9. Il est disponible sur simple demande par mail \u00e0 <a href=\"mailto:info@certisys.eu\">info@certisys.eu<\/a>.<\/li>\n<li>Les <strong>copies des fiches techniques<\/strong> (MSDS-Material Safety Data Sheet) de chaque ingr\u00e9dient doivent \u00eatre communiqu\u00e9es.<\/li>\n<li>Les certificats BIO pour chaque ingr\u00e9dient issu de l\u2019agriculture biologique doivent \u00eatre disponibles.<\/li>\n<\/ul>\n<p>[\/vc_column_text][vc_column_text el_class=\u00a0\u00bbcustom-white\u00a0\u00bb]<\/p>\n<h3>Une \u00e9valuation des produits \u00e0 certifier<\/h3>\n<p>Si votre processus de fabrication n\u2019est pas un simple m\u00e9lange, vous devrez compl\u00e9ter un formulaire qui d\u00e9crit vos process de fabrication.[\/vc_column_text][\/vc_column_inner][vc_column_inner width=\u00a0\u00bb1\/2&Prime;][vc_single_image image=\u00a0\u00bb3276&Prime; img_size=\u00a0\u00bb500&#215;500&Prime;][\/vc_column_inner][\/vc_row_inner][vc_row_inner][vc_column_inner width=\u00a0\u00bb1\/2&Prime;][vc_single_image image=\u00a0\u00bb1489&Prime; img_size=\u00a0\u00bb500&#215;500&Prime;][\/vc_column_inner][vc_column_inner width=\u00a0\u00bb1\/2&Prime;][vc_column_text el_class=\u00a0\u00bbcustom-white\u00a0\u00bb]<\/p>\n<h3>Tableaux de suivi des produits et ingr\u00e9dients \u00e0 certifier<\/h3>\n<p>Il s\u2019agit d\u2019un fichier Excel reprenant 4 onglets :<\/p>\n<ul>\n<li><strong>Produits \u00e0 certifier\/ Products to certify<\/strong>: indiquez-y le nom commercial de vos produits tel que vous souhaitez le voir apparaitre sur le certificat.<br \/>\nSi vous d\u00e9sirez un certificat dans une autre langue, compl\u00e9tez la\/les colonnes concern\u00e9es.<\/li>\n<\/ul>\n<ul>\n<li><strong>Mati\u00e8res premi\u00e8res\/ Raw materials<\/strong>: listez-y l\u2019ensemble des ingr\u00e9dients utilis\u00e9s, leur code INCI ou CAS si concern\u00e9, fournisseur.<\/li>\n<li><strong>Mati\u00e8res premi\u00e8res et produits\/ Raw materials and products\u00a0:<\/strong> il s\u2019agit d\u2019un tableau \u00e0 double entr\u00e9e permettant de croiser les informations des 2 tableaux pr\u00e9c\u00e9dents.<br \/>\nIl s\u2019agit de reprendre les lignes des diff\u00e9rents ingr\u00e9dients, en colonnes les num\u00e9ros des diff\u00e9rents produits et d\u2019indiquer \u00e0 l\u2019aide d\u2019une croix quels ingr\u00e9dients sont utilis\u00e9s pour quels produits.<\/li>\n<\/ul>\n<ul>\n<li><strong>Historique des changements\/ Modification history <\/strong>: cet onglet permet de suivre les modifications qui sont apport\u00e9es au document (ajout nouveau produit, remplacement d\u2019un ingr\u00e9dient par un autre, changement de fournisseur, suppression d\u2019un produit\u2026).<br \/>\nLors de changements, nous vous demandons de nous renvoyer ce tableau mis \u00e0 jour, ainsi que le\/les questionnaire(s) concern\u00e9(s) pour que votre demande de validation puisse rapidement \u00eatre trait\u00e9e.<\/li>\n<\/ul>\n<p>[\/vc_column_text][\/vc_column_inner][\/vc_row_inner][\/vc_tta_section][\/vc_tta_accordion][\/vc_column][vc_column width=\u00a0\u00bb1\/6&Prime;][\/vc_column][\/vc_row][vc_row full_width=\u00a0\u00bbstretch_row_content_no_spaces\u00a0\u00bb css=\u00a0\u00bb.vc_custom_1637930591636{margin-bottom: 50px !important;padding-top: 300px !important;background-image: url(https:\/\/www.certisys.eu\/wp-content\/uploads\/2021\/02\/certisys-image-25.jpg?id=3236) !important;background-position: center !important;background-repeat: no-repeat !important;background-size: cover !important;}\u00a0\u00bb el_id=\u00a0\u00bbpack-info\u00a0\u00bb][vc_column][\/vc_column][\/vc_row][vc_row css=\u00a0\u00bb.vc_custom_1605630039270{padding-bottom: 150px !important;background-image: url(https:\/\/www.certisys.eu\/wp-content\/uploads\/2020\/10\/bg-3-1.png?id=892) !important;}\u00a0\u00bb el_class=\u00a0\u00bbcustom-lastrow\u00a0\u00bb][vc_column offset=\u00a0\u00bbvc_col-lg-offset-3 vc_col-lg-6 vc_col-md-offset-2 vc_col-md-8&Prime;][vc_column_text css=\u00a0\u00bb.vc_custom_1767713098334{border-top-width: 6px !important;border-right-width: 6px !important;border-bottom-width: 6px !important;border-left-width: 6px !important;padding-top: 20px !important;padding-right: 20px !important;padding-bottom: 20px !important;padding-left: 20px !important;border-left-style: solid !important;border-right-style: solid !important;border-top-style: solid !important;border-bottom-style: solid !important;border-radius: 2px !important;border-color: #e2001a !important;}\u00a0\u00bb]<\/p>\n<h2>Votre pack info pour faire certifier vos produits Ecogarantie<sup>\u00ae<\/sup><\/h2>\n<div class=\"wpb_text_column wpb_content_element vc_custom_1625228384641\">\n<div class=\"wpb_wrapper\">\n<h4>Quelques infos utiles<\/h4>\n<ul>\n<li><a href=\"https:\/\/www.certisys.eu\/wp-content\/uploads\/2021\/02\/PU4501fr04BrochureCorporateCertisys2017.pdf\">Qui est CERTISYS&nbsp; ?<\/a><\/li>\n<li>Quels sont les chiffres du bio par secteur d\u2019activit\u00e9 chez CERTISYS ? D\u00e9couvrez-le dans <a href=\"https:\/\/www.certisys.eu\/a-propos\/rapports-annuels\/\">notre rapport annuel d&rsquo;activit\u00e9.<\/a><\/li>\n<li>Vous voulez utiliser la marque CERTISYS ? Renseignez-vous dans notre \u00ab <a href=\"https:\/\/www.certisys.eu\/wp-content\/uploads\/2021\/02\/GT040-v03_Logobook-Charte-dutilisation-des-logos-CERTISYS_FR-1.pdf\">Document d\u2019usage de la marque Certisys<\/a> \u00bb.<\/li>\n<li><a href=\"https:\/\/www.certisys.eu\/wp-content\/uploads\/2021\/02\/Controle_Ecogarantie_Version-Francaise.pdf\">Que faut-il savoir pour obtenir le label Ecogarantie ?<\/a><\/li>\n<li>Quel est votre <a href=\"https:\/\/www.certisys.eu\/wp-content\/uploads\/2026\/01\/TA014-v06_Tarif-Prepa-Ecogarantie_2026_FR.pdf\">tarif<\/a> pour la Belgique ? Quel est votre <a href=\"https:\/\/www.certisys.eu\/wp-content\/uploads\/2026\/01\/TA015-v06_Tarif-Preparateur-Etranger_EG_2026_FR.pdf\">tarif<\/a> pour l&rsquo;\u00e9tranger ?<\/li>\n<li>Quel est le montant de vos <a href=\"https:\/\/www.certisys.eu\/wp-content\/uploads\/2021\/06\/NT3897fr04calculRoyaltiesEG1.pdf\">Royalties<\/a> ?<\/li>\n<li>Consultez le <a href=\"https:\/\/www.certisys.eu\/wp-content\/uploads\/2021\/03\/06_11_24_CDC_Ecogarantie-1.pdf\"><strong>cahier des charges g\u00e9n\u00e9ral Ecogarantie\u00ae<\/strong><\/a><\/li>\n<\/ul>\n<h4>Vos documents \u00e0 compl\u00e9ter pour ouvrir votre dossier de certification BIO chez CERTISYS<\/h4>\n<ul>\n<li><a href=\"https:\/\/www.certisys.eu\/wp-content\/uploads\/2021\/02\/QT3620fr01FicheIdentificationAffiliationProbilaUnitrabEcogarantieBiogarantie.doc\">Votre fiche d&rsquo;identit\u00e9 affiliation Probila-Unitrab<\/a><\/li>\n<li><a href=\"https:\/\/www.certisys.eu\/wp-content\/uploads\/2021\/02\/Contrat-Biogarantie-Ecogarantie_FR.pdf\">Votre contrat de prestation de service<\/a><\/li>\n<li><a href=\"https:\/\/www.certisys.eu\/wp-content\/uploads\/2021\/02\/OR3456fr05_Convention-Ecogarantie_2021.pdf\">Votre convention Probila-Unitrab<\/a><\/li>\n<\/ul>\n<h4>Modalit\u00e9s d\u2019envoi :<\/h4>\n<p>Renvoyez-nous <strong>les documents ci-dessus <\/strong>par e-mail <strong>au format PDF obligatoirement <\/strong> \u00e0 <a href=\"mailto:operator@certisys.eu\">info@certisys.eu<\/a><\/p>\n<\/div>\n<\/div>\n<div id=\"ConnectiveDocSignExtentionInstalled\" data-extension-version=\"1.0.4\"><\/div>\n<p>[\/vc_column_text][\/vc_column][vc_column][vc_widget_sidebar sidebar_id=\u00a0\u00bbcta-activite\u00a0\u00bb][\/vc_column][\/vc_row]<\/p>\n<\/div>","protected":false},"excerpt":{"rendered":"<p>[vc_row content_placement=\u00a0\u00bbmiddle\u00a0\u00bb css=\u00a0\u00bb.vc_custom_1615465707679{padding-bottom: 80px !important;}\u00a0\u00bb][vc_column width=\u00a0\u00bb2\/3&Prime; offset=\u00a0\u00bbvc_col-lg-offset-3 vc_col-lg-6&Prime; css=\u00a0\u00bb.vc_custom_1615465726560{padding-top: 0px !important;}\u00a0\u00bb][vc_single_image image=\u00a0\u00bb1657&Prime; img_size=\u00a0\u00bb100&#215;145&Prime; alignment=\u00a0\u00bbcenter\u00a0\u00bb css_animation=\u00a0\u00bbfadeInDown\u00a0\u00bb css=\u00a0\u00bb.vc_custom_1615480043742{margin-top: -70px !important;}\u00a0\u00bb][vc_column_text] Vous d\u00e9sirez faire certifier vos cosm\u00e9tiques, &#8211; produits pour la maison, parfums d\u2019ambiance avec un label qui permet de valoriser leur composition et mettre votre d\u00e9marche durable en avant\u00a0? Le label BIO europ\u00e9en ne couvre pas ce [&hellip;]<\/p>\n","protected":false},"author":1,"featured_media":0,"parent":16,"menu_order":6,"comment_status":"closed","ping_status":"closed","template":"","meta":{"_acf_changed":false,"footnotes":""},"class_list":["post-50","page","type-page","status-publish","hentry"],"acf":[],"yoast_head":"<!-- This site is optimized with the Yoast SEO plugin v26.6 - https:\/\/yoast.com\/wordpress\/plugins\/seo\/ -->\n<title>Cosm\u00e9tiques et nettoyage - CERTISYS<\/title>\n<meta name=\"description\" content=\"Faire certifier bio ses produits cosm\u00e9tiques, de nettoyage, ses parfums d\u2019ambiance et le sel marin! Certisys vous accompagne\" \/>\n<meta name=\"robots\" content=\"index, follow, max-snippet:-1, max-image-preview:large, max-video-preview:-1\" \/>\n<link rel=\"canonical\" href=\"https:\/\/www.certisys.eu\/fr\/mon-activite\/cosmetiques-et-nettoyage\/\" \/>\n<meta property=\"og:locale\" content=\"fr_FR\" \/>\n<meta property=\"og:type\" content=\"article\" \/>\n<meta property=\"og:title\" content=\"Cosm\u00e9tiques et nettoyage - CERTISYS\" \/>\n<meta property=\"og:description\" content=\"Faire certifier bio ses produits cosm\u00e9tiques, de nettoyage, ses parfums d\u2019ambiance et le sel marin! Certisys vous accompagne\" \/>\n<meta property=\"og:url\" content=\"https:\/\/www.certisys.eu\/fr\/mon-activite\/cosmetiques-et-nettoyage\/\" \/>\n<meta property=\"og:site_name\" content=\"CERTISYS\" \/>\n<meta property=\"article:modified_time\" content=\"2026-01-06T15:25:07+00:00\" \/>\n<meta name=\"twitter:card\" content=\"summary_large_image\" \/>\n<meta name=\"twitter:label1\" content=\"Dur\u00e9e de lecture estim\u00e9e\" \/>\n\t<meta name=\"twitter:data1\" content=\"7 minutes\" \/>\n<!-- \/ Yoast SEO plugin. -->","yoast_head_json":{"title":"Cosm\u00e9tiques et nettoyage - CERTISYS","description":"Faire certifier bio ses produits cosm\u00e9tiques, de nettoyage, ses parfums d\u2019ambiance et le sel marin! Certisys vous accompagne","robots":{"index":"index","follow":"follow","max-snippet":"max-snippet:-1","max-image-preview":"max-image-preview:large","max-video-preview":"max-video-preview:-1"},"canonical":"https:\/\/www.certisys.eu\/fr\/mon-activite\/cosmetiques-et-nettoyage\/","og_locale":"fr_FR","og_type":"article","og_title":"Cosm\u00e9tiques et nettoyage - CERTISYS","og_description":"Faire certifier bio ses produits cosm\u00e9tiques, de nettoyage, ses parfums d\u2019ambiance et le sel marin! Certisys vous accompagne","og_url":"https:\/\/www.certisys.eu\/fr\/mon-activite\/cosmetiques-et-nettoyage\/","og_site_name":"CERTISYS","article_modified_time":"2026-01-06T15:25:07+00:00","twitter_card":"summary_large_image","twitter_misc":{"Dur\u00e9e de lecture estim\u00e9e":"7 minutes"},"schema":{"@context":"https:\/\/schema.org","@graph":[{"@type":"WebPage","@id":"https:\/\/www.certisys.eu\/fr\/mon-activite\/cosmetiques-et-nettoyage\/","url":"https:\/\/www.certisys.eu\/fr\/mon-activite\/cosmetiques-et-nettoyage\/","name":"Cosm\u00e9tiques et nettoyage - CERTISYS","isPartOf":{"@id":"https:\/\/www.certisys.eu\/fr\/#website"},"datePublished":"2020-10-12T08:28:41+00:00","dateModified":"2026-01-06T15:25:07+00:00","description":"Faire certifier bio ses produits cosm\u00e9tiques, de nettoyage, ses parfums d\u2019ambiance et le sel marin! Certisys vous accompagne","breadcrumb":{"@id":"https:\/\/www.certisys.eu\/fr\/mon-activite\/cosmetiques-et-nettoyage\/#breadcrumb"},"inLanguage":"fr-FR","potentialAction":[{"@type":"ReadAction","target":["https:\/\/www.certisys.eu\/fr\/mon-activite\/cosmetiques-et-nettoyage\/"]}]},{"@type":"BreadcrumbList","@id":"https:\/\/www.certisys.eu\/fr\/mon-activite\/cosmetiques-et-nettoyage\/#breadcrumb","itemListElement":[{"@type":"ListItem","position":1,"name":"Home","item":"https:\/\/www.certisys.eu\/fr\/"},{"@type":"ListItem","position":2,"name":"Mon activit\u00e9","item":"https:\/\/www.certisys.eu\/fr\/my-activity\/"},{"@type":"ListItem","position":3,"name":"Cosm\u00e9tiques et nettoyage"}]},{"@type":"WebSite","@id":"https:\/\/www.certisys.eu\/fr\/#website","url":"https:\/\/www.certisys.eu\/fr\/","name":"CERTISYS","description":"Bio Certification","potentialAction":[{"@type":"SearchAction","target":{"@type":"EntryPoint","urlTemplate":"https:\/\/www.certisys.eu\/fr\/?s={search_term_string}"},"query-input":{"@type":"PropertyValueSpecification","valueRequired":true,"valueName":"search_term_string"}}],"inLanguage":"fr-FR"}]}},"jetpack_sharing_enabled":true,"_links":{"self":[{"href":"https:\/\/www.certisys.eu\/fr\/wp-json\/wp\/v2\/pages\/50","targetHints":{"allow":["GET"]}}],"collection":[{"href":"https:\/\/www.certisys.eu\/fr\/wp-json\/wp\/v2\/pages"}],"about":[{"href":"https:\/\/www.certisys.eu\/fr\/wp-json\/wp\/v2\/types\/page"}],"author":[{"embeddable":true,"href":"https:\/\/www.certisys.eu\/fr\/wp-json\/wp\/v2\/users\/1"}],"replies":[{"embeddable":true,"href":"https:\/\/www.certisys.eu\/fr\/wp-json\/wp\/v2\/comments?post=50"}],"version-history":[{"count":56,"href":"https:\/\/www.certisys.eu\/fr\/wp-json\/wp\/v2\/pages\/50\/revisions"}],"predecessor-version":[{"id":75803,"href":"https:\/\/www.certisys.eu\/fr\/wp-json\/wp\/v2\/pages\/50\/revisions\/75803"}],"up":[{"embeddable":true,"href":"https:\/\/www.certisys.eu\/fr\/wp-json\/wp\/v2\/pages\/16"}],"wp:attachment":[{"href":"https:\/\/www.certisys.eu\/fr\/wp-json\/wp\/v2\/media?parent=50"}],"curies":[{"name":"wp","href":"https:\/\/api.w.org\/{rel}","templated":true}]}}