{"id":44,"date":"2020-10-12T10:28:00","date_gmt":"2020-10-12T08:28:00","guid":{"rendered":"https:\/\/certisys.poush.be\/?page_id=44"},"modified":"2026-01-06T17:26:44","modified_gmt":"2026-01-06T15:26:44","slug":"distributeurs","status":"publish","type":"page","link":"https:\/\/www.certisys.eu\/fr\/mon-activite\/distributeurs\/","title":{"rendered":"Distributeurs"},"content":{"rendered":"<div class=\"wpb-content-wrapper\"><p>[vc_row content_placement=\u00a0\u00bbmiddle\u00a0\u00bb css=\u00a0\u00bb.vc_custom_1615465707679{padding-bottom: 80px !important;}\u00a0\u00bb][vc_column width=\u00a0\u00bb2\/3&Prime; offset=\u00a0\u00bbvc_col-lg-offset-3 vc_col-lg-6&Prime; css=\u00a0\u00bb.vc_custom_1615465726560{padding-top: 0px !important;}\u00a0\u00bb][vc_single_image image=\u00a0\u00bb1073&Prime; img_size=\u00a0\u00bb100&#215;145&Prime; alignment=\u00a0\u00bbcenter\u00a0\u00bb css_animation=\u00a0\u00bbfadeInDown\u00a0\u00bb css=\u00a0\u00bb.vc_custom_1615478848007{margin-top: -70px !important;}\u00a0\u00bb][vc_column_text]<\/p>\n<p style=\"text-align: center;\">Commercialisez-vous des produits BIO \u00e0 d&rsquo;autres op\u00e9rateurs (d\u00e9taillants, restaurateurs, etc.) au sein de l\u2019Union europ\u00e9enne sans changer le conditionnement ou l&rsquo;\u00e9tiquetage des produits ? V\u00e9rifiez bien la validit\u00e9 des certificats de vos fournisseurs, c\u2019est de votre responsabilit\u00e9. Vous trouverez ces informations et d\u2019autres indispensables \u00e0 l\u2019obtention de votre certification BIO ci-apr\u00e8s.<\/p>\n<p>[\/vc_column_text][vc_column_text]<\/p>\n<h2 style=\"text-align: center;\">Quelle est votre activit\u00e9 BIO\u00a0?<\/h2>\n<p style=\"text-align: center;\">Vous achetez et revendez des produits biologiques au sein de l\u2019Union europ\u00e9enne uniquement \u00e0 d&rsquo;autres entreprises (B2B) sans en modifier le conditionnement ni l\u2019\u00e9tiquetage, \u00e9ventuellement vous les stockez. Vous avez une activit\u00e9 de n\u00e9goce, de distribution et\/ou de commerce de gros.<\/p>\n<p>[\/vc_column_text][\/vc_column][\/vc_row][vc_row css=\u00a0\u00bb.vc_custom_1614846917657{padding-top: 50px !important;padding-bottom: 80px !important;background-color: #f0f3f1 !important;}\u00a0\u00bb][vc_column width=\u00a0\u00bb1\/6&Prime;][\/vc_column][vc_column width=\u00a0\u00bb2\/3&Prime;][vc_column_text]<\/p>\n<h2 style=\"text-align: center;\">Quelles sont les informations essentielles pour lancer votre activit\u00e9 de distributeur BIO?<\/h2>\n<p>[\/vc_column_text][vc_tta_accordion style=\u00a0\u00bbmodern\u00a0\u00bb shape=\u00a0\u00bbround\u00a0\u00bb color=\u00a0\u00bbwhite\u00a0\u00bb c_position=\u00a0\u00bbright\u00a0\u00bb active_section=\u00a0\u00bb100&Prime; no_fill=\u00a0\u00bbtrue\u00a0\u00bb collapsible_all=\u00a0\u00bbtrue\u00a0\u00bb][vc_tta_section title=\u00a0\u00bbQue dit la R\u00e9glementation BIO ?\u00a0\u00bb tab_id=\u00a0\u00bbreglementation-bio\u00a0\u00bb][vc_row_inner][vc_column_inner width=\u00a0\u00bb1\/2&Prime;][vc_column_text]Conform\u00e9ment au R\u00e8glement europ\u00e9en BIO, tout op\u00e9rateur qui pr\u00e9pare, importe ou stocke des produits BIO en vue de leur commercialisation ult\u00e9rieure doit soumettre son entreprise et les diff\u00e9rents sites qui la composent au r\u00e9gime de contr\u00f4le.<\/p>\n<p>En tant que distributeur, vous devez v\u00e9rifier les certificats BIO de vos fournisseurs. En effet, ces marchandises BIO sont s\u00e9lectionn\u00e9es sous votre propre responsabilit\u00e9 et doivent pouvoir \u00eatre garanties BIO. C&rsquo;est pourquoi un contr\u00f4le \u00e0 ce stade de la chaine est indispensable en vue de garantir la fiabilit\u00e9 des produits et des fournisseurs BIO et d&#8217;emp\u00eacher la circulation de produits frauduleux sur le march\u00e9. Un contr\u00f4le est obligatoire pour les produits transport\u00e9s en vrac (c\u00e9r\u00e9ales, fruits et l\u00e9gumes, pains) qui pourraient, faute d\u2019emballage scell\u00e9, \u00eatre m\u00e9lang\u00e9s ou substitu\u00e9s.[\/vc_column_text][\/vc_column_inner][vc_column_inner width=\u00a0\u00bb1\/2&Prime;][vc_single_image image=\u00a0\u00bb3184&Prime; img_size=\u00a0\u00bb500&#215;500&Prime;][\/vc_column_inner][\/vc_row_inner][\/vc_tta_section][vc_tta_section title=\u00a0\u00bbComment calculer votre tarif ?\u00a0\u00bb tab_id=\u00a0\u00bbtarif\u00a0\u00bb][vc_row_inner][vc_column_inner width=\u00a0\u00bb1\/2&Prime;][vc_column_text css=\u00a0\u00bb\u00a0\u00bb]<\/p>\n<ul>\n<li>Vous \u00eates <strong>distributeur \u00e0 Bruxelles <\/strong>? <a href=\"https:\/\/www.certisys.eu\/wp-content\/uploads\/2026\/01\/TA021-v05_Tarif-Preparateur_Bxl_2026_FR.pdf\">D\u00e9couvrez votre tarif<\/a>.<\/li>\n<li>Vous \u00eates <strong>distributeur<\/strong> en <strong>Wallonie <\/strong>? <a href=\"https:\/\/www.certisys.eu\/wp-content\/uploads\/2026\/01\/TA003-v08_Tarif-Preparateur_W_2026_FR-1.pdf\">D\u00e9couvrez votre tarif.<\/a><\/li>\n<li>Vous \u00eates <strong>distributeur<\/strong> au <strong>Grand-Duch\u00e9 du Luxembourg <\/strong>? <a href=\"https:\/\/www.certisys.eu\/wp-content\/uploads\/2026\/01\/TA022-v05_Tarif-Preparateur_GdLux_2026_FR.pdf\">D\u00e9couvrez votre tarif.<\/a><\/li>\n<\/ul>\n<p>&nbsp;<\/p>\n<p>Si vous voulez estimer le montant de la redevance annuelle pour votre activit\u00e9, faites le <a href=\"https:\/\/www.certisys.eu\/tarifs\/#devis\"><strong>test avec le calculateur de redevance.<\/strong><\/a>[\/vc_column_text][\/vc_column_inner][vc_column_inner width=\u00a0\u00bb1\/2&Prime;][vc_single_image image=\u00a0\u00bb3172&Prime; img_size=\u00a0\u00bb500&#215;500&Prime;][\/vc_column_inner][\/vc_row_inner][\/vc_tta_section][vc_tta_section title=\u00a0\u00bbComment se d\u00e9roule votre contr\u00f4le BIO ?\u00a0\u00bb tab_id=\u00a0\u00bbcontrole-bio\u00a0\u00bb][vc_column_text]Les contr\u00f4les BIO r\u00e9alis\u00e9s par un auditeur de CERTISYS\u00ae sont bas\u00e9s sur la R\u00e9glementation europ\u00e9enne et sur les Arr\u00eat\u00e9s r\u00e9gionaux. Ils consistent, entre autres, \u00e0 v\u00e9rifier :<\/p>\n<ul>\n<li>La <strong>garantie BIO des fournisseurs<\/strong> sur base de leurs certificats BIO<strong> : <\/strong>vos fournisseurs sont-ils habilit\u00e9s \u00e0 commercialiser des produits BIO ? Les mati\u00e8res premi\u00e8res sont-elles bien couvertes par un certificat ? La <strong>date de validit\u00e9 du certificat\u00a0<\/strong> n\u2019est-elle pas pass\u00e9e ?\u00a0 Vous pouvez v\u00e9rifier les certificats sur <a href=\"https:\/\/webgate.ec.europa.eu\/tracesnt\/directory\/publication\/organic-operator\/index\">TRACES<\/a>.<\/li>\n<li>La<strong> proc\u00e9dure de r\u00e9ception : <\/strong>CERTISYS\u00ae s&rsquo;assure qu\u2019une proc\u00e9dure est en place. Nous mettons \u00e0 votre disposition un mod\u00e8le de <a href=\"https:\/\/www.certisys.eu\/wp-content\/uploads\/2022\/01\/Note-technique-visant-a-la-mise-en-place-dimplementation-dune-procedure-de-reception.pdf\">proc\u00e9dure de r\u00e9ception<\/a>.<\/li>\n<li>Les<strong> exp\u00e9ditions avec garanties <\/strong>: la garantie BIO est-elle disponible\u00a0sur les bons de livraisons, factures de ventes, \u00e9tiquettes ? V\u00e9rifiez bien que la mention BIO et la r\u00e9f\u00e9rence \u00e0 l&rsquo;organisme de contr\u00f4le\u00a0soient pr\u00e9sentes sur ces documents.<\/li>\n<li>Les<strong> lieux de stockage : <\/strong>le stockage, sur place ou aupr\u00e8s d\u2019un fa\u00e7onnier, se fait-il dans des conditions d&rsquo;identification, de s\u00e9paration \u00e0 l\u2019abri de pollution \u00e9ventuelle et garantit-il la tra\u00e7abilit\u00e9 des produits BIO ? Une proc\u00e9dure de nettoyage est-elle bien pr\u00e9sente, conforme et bien appliqu\u00e9e pour \u00e9viter toute contamination ?<\/li>\n<li>La<strong> correspondance entre les quantit\u00e9s de produits achet\u00e9s et vendus.<\/strong><\/li>\n<li>La<strong> proc\u00e9dure en cas de doute\u00a0<\/strong>: y a-t-il un quelconque doute quant au statut BIO d\u2019un produit\u00a0? Si oui, il est indispensable de faire les v\u00e9rifications n\u00e9cessaires afin de le dissiper avant la mise sur le march\u00e9 dudit produit. Nous mettons \u00e0 votre disposition un <a href=\"https:\/\/www.certisys.eu\/wp-content\/uploads\/2021\/04\/GT008-v02_Note-technique-visant-a-la-mise-en-place-dune-procedure-de-doute-sur-la-conformite-dun-produit_FR.pdf\">mod\u00e8le de proc\u00e9dure<\/a> en cas de doute.<\/li>\n<\/ul>\n<p>Afin de garantir la tra\u00e7abilit\u00e9 de toute la chaine, de d\u00e9celer toute contamination et d&rsquo;identifier tout produit frauduleux, le contr\u00f4leur CERTISYS\u00ae peut proc\u00e9der \u00e0 des pr\u00e9l\u00e8vements d\u2019\u00e9chantillons. Les analyses seront r\u00e9alis\u00e9es par un laboratoire accr\u00e9dit\u00e9. En cas de r\u00e9sultat positif, un plan d&rsquo;action d&rsquo;investigation est mis en place afin de v\u00e9rifier les garanties des fournisseurs, en coop\u00e9ration avec les organismes de contr\u00f4le concern\u00e9s.[\/vc_column_text][\/vc_tta_section][\/vc_tta_accordion][\/vc_column][vc_column width=\u00a0\u00bb1\/6&Prime;][\/vc_column][\/vc_row][vc_row full_width=\u00a0\u00bbstretch_row_content_no_spaces\u00a0\u00bb css=\u00a0\u00bb.vc_custom_1637929420295{margin-bottom: 50px !important;padding-top: 300px !important;background-image: url(https:\/\/www.certisys.eu\/wp-content\/uploads\/2021\/05\/distributeur2.jpg?id=6768) !important;background-position: center !important;background-repeat: no-repeat !important;background-size: cover !important;}\u00a0\u00bb el_id=\u00a0\u00bbpack-info\u00a0\u00bb][vc_column][\/vc_column][\/vc_row][vc_row css=\u00a0\u00bb.vc_custom_1605630039270{padding-bottom: 150px !important;background-image: url(https:\/\/www.certisys.eu\/wp-content\/uploads\/2020\/10\/bg-3-1.png?id=892) !important;}\u00a0\u00bb el_class=\u00a0\u00bbcustom-lastrow\u00a0\u00bb][vc_column offset=\u00a0\u00bbvc_col-lg-offset-3 vc_col-lg-6 vc_col-md-offset-2 vc_col-md-8&Prime;][vc_column_text css=\u00a0\u00bb.vc_custom_1767713198743{border-top-width: 6px !important;border-right-width: 6px !important;border-bottom-width: 6px !important;border-left-width: 6px !important;padding-top: 20px !important;padding-right: 20px !important;padding-bottom: 20px !important;padding-left: 20px !important;border-left-style: solid !important;border-right-style: solid !important;border-top-style: solid !important;border-bottom-style: solid !important;border-radius: 2px !important;border-color: #e2001a !important;}\u00a0\u00bb]<\/p>\n<h2 style=\"text-align: left;\">Votre pack info pour devenir distributeur BIO<\/h2>\n<h4>Quelques infos utiles<\/h4>\n<ul>\n<li><a href=\"https:\/\/www.certisys.eu\/wp-content\/uploads\/2021\/02\/PU4501fr04BrochureCorporateCertisys2017.pdf\">Qui est CERTISYS&nbsp; ?<\/a><\/li>\n<li>Quels sont les chiffres du bio par secteur d&rsquo;activit\u00e9 chez CERTISYS ? D\u00e9couvrez-le dans <a href=\"https:\/\/www.certisys.eu\/a-propos\/rapports-annuels\/\">notre rapport annuel d&rsquo;activit\u00e9.<\/a><\/li>\n<li>Retrouvez <a href=\"https:\/\/www.certisys.eu\/reglementation\/guides-pratiques\/\">nos guides pratiques de vulgarisation de r\u00e9glementation BIO EU<\/a> par secteur d&rsquo;activit\u00e9<\/li>\n<li>Quel est votre <a href=\"https:\/\/www.certisys.eu\/tarifs\/#secteurs\">tarif<\/a> en tant que distributeur BIO ? Simulez <a href=\"https:\/\/www.certisys.eu\/tarifs\/tarif-par-secteur-dactivite\/\">votre devis en ligne !<\/a><\/li>\n<li>Vous voulez utiliser la marque CERTISYS ? Renseignez-vous dans notre \u00ab <a href=\"https:\/\/www.certisys.eu\/wp-content\/uploads\/2021\/02\/GT040-v03_Logobook-Charte-dutilisation-des-logos-CERTISYS_FR-1.pdf\">Document d\u2019usage de la marque Certisys<\/a> \u00bb.<\/li>\n<\/ul>\n<h4>Vos documents \u00e0 compl\u00e9ter pour ouvrir votre dossier de certification BIO chez CERTISYS<\/h4>\n<ul>\n<li>Notre <a href=\"https:\/\/www.certisys.eu\/wp-content\/uploads\/2022\/09\/FO001-v05_Formulaire-de-demande-de-certification-en-production-biologique_FR.pdf\">formulaire de demande de certification en production biologique<\/a><\/li>\n<li><a href=\"https:\/\/www.certisys.eu\/wp-content\/uploads\/2021\/07\/CO001-v02_Contrat-BIO-Belgique_FR.pdf\">Votre contrat de prestation de service&nbsp; (Belgique)<\/a>&nbsp;ou <a href=\"https:\/\/www.certisys.eu\/wp-content\/uploads\/2021\/05\/CO003-v02_Contrat-BIO-Grand-Duche-de-Luxembourg_FR.pdf\">votre contrat de prestation de service (Luxembourg)<\/a><\/li>\n<\/ul>\n<h4>Modalit\u00e9s d&rsquo;envoi :<\/h4>\n<p>Renvoyez-nous <strong>les deux documents ci-dessus <\/strong>par e-mail <strong>au format PDF obligatoirement <\/strong> \u00e0 <a href=\"mailto:info@certisys.eu\">info@certisys.eu<br \/>\n<\/a><\/p>\n<h5><span style=\"color: #ff0000;\"><strong>Attention :<\/strong><\/span><\/h5>\n<p>Notez bien qu\u2019il vous est toujours demand\u00e9 d\u2019introduire<span style=\"color: #ff0000;\"> <strong>votre demande de notification BIO<\/strong>.<\/span><\/p>\n<p>Vous devez pour se faire vous rendre sur le site de l\u2019administration comp\u00e9tente :<\/p>\n<ul>\n<li><a href=\"https:\/\/agriculture.wallonie.be\/avant-de-commencer\">Wallonie<\/a><\/li>\n<li lang=\"fr\"><a href=\"https:\/\/lv.vlaanderen.be\/bio\/kennisgeving-en-controle\/kennisgeving\">Flandre<\/a><\/li>\n<li lang=\"fr\"><a href=\"https:\/\/guichet.public.lu\/fr\/entreprises\/sectoriel\/agriculture-viticulture\/agriculture-biologique.html\">Grand-Duch\u00e9 du Luxembourg <\/a><\/li>\n<\/ul>\n<div id=\"ConnectiveDocSignExtentionInstalled\" data-extension-version=\"1.0.4\"><\/div>\n<p>[\/vc_column_text][vc_column_text css=\u00a0\u00bb\u00a0\u00bb]<\/p>\n<h2>Vos autres documents utiles en tant que distributeur BIO<\/h2>\n<ul>\n<li>Mettez en place une <a href=\"https:\/\/www.certisys.eu\/wp-content\/uploads\/2022\/01\/GT007-v02-Implementation-dune-procedure-de-reception_FR.pdf\">proc\u00e9dure de r\u00e9ception<\/a> de vos produits BIO.<\/li>\n<li>Garantissez la conformit\u00e9 de vos produits. Nous vous proposons un mod\u00e8le de<a href=\"https:\/\/www.certisys.eu\/wp-content\/uploads\/2021\/04\/GT008-v02_Note-technique-visant-a-la-mise-en-place-dune-procedure-de-doute-sur-la-conformite-dun-produit_FR.pdf\"> proc\u00e9dure en cas de doute<\/a>.<\/li>\n<li>Mod\u00e8le de <a href=\"https:\/\/www.certisys.eu\/wp-content\/uploads\/2021\/02\/Registre-Des-Reclamations.docx\">registre des r\u00e9clamations<\/a>.<\/li>\n<li>Vous \u00eates fournisseur de semences et jeunes plantes BIO\u00a0? Nous vous invitons \u00e0 consulter <a href=\"https:\/\/www.certisys.eu\/wp-content\/uploads\/2021\/04\/PU4578fr01GuideOXSpourFournisseursSemencesPlants.pdf\">notre tutoriel pour l\u2019utilisation de la <strong>base de donn\u00e9es OrganicXseeds<\/strong><\/a>.<\/li>\n<\/ul>\n<p>[\/vc_column_text][\/vc_column][vc_column][vc_widget_sidebar sidebar_id=\u00a0\u00bbcta-activite\u00a0\u00bb][\/vc_column][\/vc_row]<\/p>\n<\/div>","protected":false},"excerpt":{"rendered":"<p>[vc_row content_placement=\u00a0\u00bbmiddle\u00a0\u00bb css=\u00a0\u00bb.vc_custom_1615465707679{padding-bottom: 80px !important;}\u00a0\u00bb][vc_column width=\u00a0\u00bb2\/3&Prime; offset=\u00a0\u00bbvc_col-lg-offset-3 vc_col-lg-6&Prime; css=\u00a0\u00bb.vc_custom_1615465726560{padding-top: 0px !important;}\u00a0\u00bb][vc_single_image image=\u00a0\u00bb1073&Prime; img_size=\u00a0\u00bb100&#215;145&Prime; alignment=\u00a0\u00bbcenter\u00a0\u00bb css_animation=\u00a0\u00bbfadeInDown\u00a0\u00bb css=\u00a0\u00bb.vc_custom_1615478848007{margin-top: -70px !important;}\u00a0\u00bb][vc_column_text] Commercialisez-vous des produits BIO \u00e0 d&rsquo;autres op\u00e9rateurs (d\u00e9taillants, restaurateurs, etc.) au sein de l\u2019Union europ\u00e9enne sans changer le conditionnement ou l&rsquo;\u00e9tiquetage des produits ? V\u00e9rifiez bien la validit\u00e9 des certificats de vos fournisseurs, c\u2019est de votre responsabilit\u00e9. [&hellip;]<\/p>\n","protected":false},"author":1,"featured_media":0,"parent":16,"menu_order":4,"comment_status":"closed","ping_status":"closed","template":"","meta":{"_acf_changed":false,"footnotes":""},"class_list":["post-44","page","type-page","status-publish","hentry"],"acf":[],"yoast_head":"<!-- This site is optimized with the Yoast SEO plugin v26.6 - https:\/\/yoast.com\/wordpress\/plugins\/seo\/ -->\n<title>Devenir distributeur bio avec Certisys<\/title>\n<meta name=\"description\" content=\"Commercialisez-vous des produits BIO \u00e0 d\u2019autres op\u00e9rateurs au sein de l\u2019Union europ\u00e9enne sans changer le conditionnement ? C&#039;est possible!\" \/>\n<meta name=\"robots\" content=\"index, follow, max-snippet:-1, max-image-preview:large, max-video-preview:-1\" \/>\n<link rel=\"canonical\" href=\"https:\/\/www.certisys.eu\/fr\/mon-activite\/distributeurs\/\" \/>\n<meta property=\"og:locale\" content=\"fr_FR\" \/>\n<meta property=\"og:type\" content=\"article\" \/>\n<meta property=\"og:title\" content=\"Devenir distributeur bio avec Certisys\" \/>\n<meta property=\"og:description\" content=\"Commercialisez-vous des produits BIO \u00e0 d\u2019autres op\u00e9rateurs au sein de l\u2019Union europ\u00e9enne sans changer le conditionnement ? C&#039;est possible!\" \/>\n<meta property=\"og:url\" content=\"https:\/\/www.certisys.eu\/fr\/mon-activite\/distributeurs\/\" \/>\n<meta property=\"og:site_name\" content=\"CERTISYS\" \/>\n<meta property=\"article:modified_time\" content=\"2026-01-06T15:26:44+00:00\" \/>\n<meta name=\"twitter:card\" content=\"summary_large_image\" \/>\n<meta name=\"twitter:label1\" content=\"Dur\u00e9e de lecture estim\u00e9e\" \/>\n\t<meta name=\"twitter:data1\" content=\"5 minutes\" \/>\n<!-- \/ Yoast SEO plugin. -->","yoast_head_json":{"title":"Devenir distributeur bio avec Certisys","description":"Commercialisez-vous des produits BIO \u00e0 d\u2019autres op\u00e9rateurs au sein de l\u2019Union europ\u00e9enne sans changer le conditionnement ? C'est possible!","robots":{"index":"index","follow":"follow","max-snippet":"max-snippet:-1","max-image-preview":"max-image-preview:large","max-video-preview":"max-video-preview:-1"},"canonical":"https:\/\/www.certisys.eu\/fr\/mon-activite\/distributeurs\/","og_locale":"fr_FR","og_type":"article","og_title":"Devenir distributeur bio avec Certisys","og_description":"Commercialisez-vous des produits BIO \u00e0 d\u2019autres op\u00e9rateurs au sein de l\u2019Union europ\u00e9enne sans changer le conditionnement ? C'est possible!","og_url":"https:\/\/www.certisys.eu\/fr\/mon-activite\/distributeurs\/","og_site_name":"CERTISYS","article_modified_time":"2026-01-06T15:26:44+00:00","twitter_card":"summary_large_image","twitter_misc":{"Dur\u00e9e de lecture estim\u00e9e":"5 minutes"},"schema":{"@context":"https:\/\/schema.org","@graph":[{"@type":"WebPage","@id":"https:\/\/www.certisys.eu\/fr\/mon-activite\/distributeurs\/","url":"https:\/\/www.certisys.eu\/fr\/mon-activite\/distributeurs\/","name":"Devenir distributeur bio avec Certisys","isPartOf":{"@id":"https:\/\/www.certisys.eu\/fr\/#website"},"datePublished":"2020-10-12T08:28:00+00:00","dateModified":"2026-01-06T15:26:44+00:00","description":"Commercialisez-vous des produits BIO \u00e0 d\u2019autres op\u00e9rateurs au sein de l\u2019Union europ\u00e9enne sans changer le conditionnement ? C'est possible!","breadcrumb":{"@id":"https:\/\/www.certisys.eu\/fr\/mon-activite\/distributeurs\/#breadcrumb"},"inLanguage":"fr-FR","potentialAction":[{"@type":"ReadAction","target":["https:\/\/www.certisys.eu\/fr\/mon-activite\/distributeurs\/"]}]},{"@type":"BreadcrumbList","@id":"https:\/\/www.certisys.eu\/fr\/mon-activite\/distributeurs\/#breadcrumb","itemListElement":[{"@type":"ListItem","position":1,"name":"Home","item":"https:\/\/www.certisys.eu\/fr\/"},{"@type":"ListItem","position":2,"name":"Mon activit\u00e9","item":"https:\/\/www.certisys.eu\/fr\/my-activity\/"},{"@type":"ListItem","position":3,"name":"Distributeurs"}]},{"@type":"WebSite","@id":"https:\/\/www.certisys.eu\/fr\/#website","url":"https:\/\/www.certisys.eu\/fr\/","name":"CERTISYS","description":"Bio Certification","potentialAction":[{"@type":"SearchAction","target":{"@type":"EntryPoint","urlTemplate":"https:\/\/www.certisys.eu\/fr\/?s={search_term_string}"},"query-input":{"@type":"PropertyValueSpecification","valueRequired":true,"valueName":"search_term_string"}}],"inLanguage":"fr-FR"}]}},"jetpack_sharing_enabled":true,"_links":{"self":[{"href":"https:\/\/www.certisys.eu\/fr\/wp-json\/wp\/v2\/pages\/44","targetHints":{"allow":["GET"]}}],"collection":[{"href":"https:\/\/www.certisys.eu\/fr\/wp-json\/wp\/v2\/pages"}],"about":[{"href":"https:\/\/www.certisys.eu\/fr\/wp-json\/wp\/v2\/types\/page"}],"author":[{"embeddable":true,"href":"https:\/\/www.certisys.eu\/fr\/wp-json\/wp\/v2\/users\/1"}],"replies":[{"embeddable":true,"href":"https:\/\/www.certisys.eu\/fr\/wp-json\/wp\/v2\/comments?post=44"}],"version-history":[{"count":56,"href":"https:\/\/www.certisys.eu\/fr\/wp-json\/wp\/v2\/pages\/44\/revisions"}],"predecessor-version":[{"id":75805,"href":"https:\/\/www.certisys.eu\/fr\/wp-json\/wp\/v2\/pages\/44\/revisions\/75805"}],"up":[{"embeddable":true,"href":"https:\/\/www.certisys.eu\/fr\/wp-json\/wp\/v2\/pages\/16"}],"wp:attachment":[{"href":"https:\/\/www.certisys.eu\/fr\/wp-json\/wp\/v2\/media?parent=44"}],"curies":[{"name":"wp","href":"https:\/\/api.w.org\/{rel}","templated":true}]}}