{"id":4367,"date":"2021-04-02T11:08:54","date_gmt":"2021-04-02T09:08:54","guid":{"rendered":"https:\/\/certisys.poush.be\/?page_id=4367"},"modified":"2021-05-31T13:52:52","modified_gmt":"2021-05-31T11:52:52","slug":"liens","status":"publish","type":"page","link":"https:\/\/www.certisys.eu\/fr\/liens\/","title":{"rendered":"Liens"},"content":{"rendered":"<div class=\"wpb-content-wrapper\"><p>[vc_row][vc_column width=\u00a0\u00bb1\/6&Prime;][\/vc_column][vc_column width=\u00a0\u00bb2\/3&Prime;]<div class=\"d-flex justify-content-start \"><a class=\"psh_button btn-82141617\" href=\"https:\/\/www.certisys.eu\/wp-content\/uploads\/2021\/05\/Organigramme_secteur_BIO.pdf\" alt=\"Organigramme secteur BIO\" target=\"_blank\">Organigramme secteur BIO<\/a><\/div>\n        <style>.psh_button.btn-82141617{\n          font-size: 20px;\n          text-transform: none;\n          padding: 10px 25px 10px 25px;\n          border-radius: 80px;\n          border-width: 0px;\n          background-color: #e30613;\n          border-color: ;\n          border-style: solid;\n          color: #ffffff;\n          display: inline-block;\n          \n          transition: all .3s ease-in-out;\n        }\n        .psh_button.btn-82141617:hover{\n          background-color: #f18970;\n          border-color: ;\n          color: #ffffff;\n          transition: all .3s ease-in-out;\n        }<\/style>[vc_column_text css=\u00a0\u00bb.vc_custom_1622461968454{margin-top: 30px !important;}\u00a0\u00bb]&nbsp;<\/p>\n<p><em>CERTISYS\u00ae collabore \u00e9troitement avec diff\u00e9rents acteurs dans le secteur BIO, au niveau r\u00e9gional, europ\u00e9en, mais aussi avec des partenaires BIO internationaux. Vous trouverez sur cette page tous les liens vers ces organismes.<\/em><\/p>\n<p>&nbsp;<\/p>\n<h2>Au niveau belge et luxembourgeois<\/h2>\n<p>&nbsp;<\/p>\n<h3><\/h3>\n<h3>Autorit\u00e9s comp\u00e9tentes<\/h3>\n<ul>\n<li><a href=\"https:\/\/agriculture.wallonie.be\/accueil\" target=\"_blank\" rel=\"noopener\">Minist\u00e8re de la R\u00e9gion Wallonne<\/a> &#8211; Direction g\u00e9n\u00e9rale de l&rsquo;agriculture<\/li>\n<li><a href=\"https:\/\/lv.vlaanderen.be\/fr\" target=\"_blank\" rel=\"noopener\">Minist\u00e8re de la R\u00e9gion flamande<\/a> &#8211; Agriculture et p\u00eache<\/li>\n<li><a href=\"http:\/\/werk-economie-emploi.brussels\/fr_FR\/operateurs-bio\" target=\"_blank\" rel=\"noopener\">Minist\u00e8re de la R\u00e9gion Bruxelles Capitale<\/a><\/li>\n<li><a href=\"https:\/\/agriculture.public.lu\/de\/lebensmittelsicherheit-qualitatszeichen\/biologische-landwirtschaft.html\" target=\"_blank\" rel=\"noopener\">Minist\u00e8re de l\u2019agriculture, viticulture et de la protection des consommateurs au Luxembourg<\/a><\/li>\n<\/ul>\n<p>&nbsp;<\/p>\n<h3>Focus secteur BIO belge<\/h3>\n<h4>Promotion de l&rsquo;agriculture BIO :<\/h4>\n<ul>\n<li><a href=\"http:\/\/www.apaqw.be\/\" target=\"_blank\" rel=\"noopener\">ApaqW<\/a>: Agence wallonne pour la promotion d&rsquo;une agriculture de qualit\u00e9<\/li>\n<li><a href=\"https:\/\/www.bioforum.be\/\">BioForum vlaanderen<\/a><\/li>\n<li><a href=\"http:\/\/www.vlam.be\/\" target=\"_blank\" rel=\"noopener\">VLAM<\/a> : Vlaams Centrum voor Agro-en Visserijmarketing<\/li>\n<\/ul>\n<p>&nbsp;<\/p>\n<h4>Repr\u00e9sentants des producteurs :<\/h4>\n<ul>\n<li><a href=\"http:\/\/www.biowallonie.be\/\" target=\"_blank\" rel=\"noopener\">Biowallonie<\/a><\/li>\n<li><a href=\"http:\/\/www.unab-bio.be\/\" target=\"_blank\" rel=\"noopener\">UNAB <\/a>: Union Nationale des agriculteurs bio<\/li>\n<li><a href=\"http:\/\/www.fwa.be\/\" target=\"_blank\" rel=\"noopener\">FWA: <\/a>F\u00e9d\u00e9ration wallonne de l&rsquo;agriculture<\/li>\n<\/ul>\n<p>&nbsp;<\/p>\n<h4>Repr\u00e9sentants des pr\u00e9parateurs &#8211; distributeurs :<\/h4>\n<ul>\n<li><a href=\"http:\/\/www.probila-unitrab.be\/\" target=\"_blank\" rel=\"noopener\">Probila -Unitrab<\/a>:\u00a0 Union nationale des transformateurs et distributeurs des produits de l&rsquo;agriculture biologique<\/li>\n<\/ul>\n<p>&nbsp;<\/p>\n<h4>Repr\u00e9sentants des distributeurs et d\u00e9taillants :<\/h4>\n<ul>\n<li><a href=\"https:\/\/be-sup.be\/\" target=\"_blank\" rel=\"noopener\">Be-sup<\/a> : Repr\u00e9sentant du secteur des compl\u00e9ments alimentaires<\/li>\n<li><a href=\"https:\/\/www.comeos.be\/home\" target=\"_blank\" rel=\"noopener\">Comeos (Fedis)<\/a> : F\u00e9d\u00e9ration belge des entreprises de distribution<\/li>\n<\/ul>\n<p>&nbsp;<\/p>\n<h4>Repr\u00e9sentants des consommateurs :<\/h4>\n<ul>\n<li><a href=\"http:\/\/www.natpro.be\/\" target=\"_blank\" rel=\"noopener\">Nature &amp; Progr\u00e8s Belgique<\/a><\/li>\n<li><a href=\"http:\/\/www.velt.be\" target=\"_blank\" rel=\"noopener\">VELT<\/a> : Vereniging voor Ecologisch Leven en Tuinieren.<\/li>\n<\/ul>\n<p>&nbsp;<\/p>\n<h4>Autres :<\/h4>\n<ul>\n<li><a href=\"http:\/\/www.cra.wallonie.be\/\" target=\"_blank\" rel=\"noopener\">CRA-Wallonie<\/a>: Centre wallon de Recherches agronomiques<\/li>\n<li><a href=\"http:\/\/www.bioguide.be\/\" target=\"_blank\" rel=\"noopener\">Bioguide.be<\/a>: Vos adresses BIO \u00e0 Bruxelles<\/li>\n<\/ul>\n<h3>Agences sp\u00e9cialis\u00e9es<\/h3>\n<ul>\n<li><a href=\"http:\/\/www.favv-afsca.fgov.be\/\" target=\"_blank\" rel=\"noopener\">AFSCA <\/a>: Agence f\u00e9d\u00e9rale pour la s\u00e9curit\u00e9 de la Cha\u00eene alimentaire<\/li>\n<li><a href=\"https:\/\/fytoweb.be\/fr\" target=\"_blank\" rel=\"noopener\">FytoWeb<\/a> : Produits phytosanitaires agr\u00e9\u00e9s en Belgique<\/li>\n<li><a href=\"http:\/\/www.cbip-vet.be\/\" target=\"_blank\" rel=\"noopener\">BFCIvet &#8211; CBIPVet <\/a>: M\u00e9dicaments v\u00e9t\u00e9rinaires agr\u00e9\u00e9s en Belgique<\/li>\n<li><a href=\"http:\/\/www.sante-environnement.be\/-Pesticides-30-\" target=\"_blank\" rel=\"noopener\">Sant\u00e9 et environnement<\/a> Pesticides<\/li>\n<li><a href=\"http:\/\/statbel.fgov.be\/\" target=\"_blank\" rel=\"noopener\">Statbel<\/a> La Belgique en chiffres<\/li>\n<li><a href=\"http:\/\/www.biosafety.be\/\" target=\"_blank\" rel=\"noopener\">Bio safety<\/a> : Belgian Biosafety Server<\/li>\n<\/ul>\n<p>&nbsp;<\/p>\n<h2>Au niveau europ\u00e9en<\/h2>\n<p>&nbsp;<\/p>\n<p><a href=\"https:\/\/ec.europa.eu\/agriculture\/ofis_public\/actor_cbeu\/ctrl.cfm?targetUrl=home\" target=\"_blank\" rel=\"noopener\">Liste des organismes de contr\u00f4le<\/a><\/p>\n<h3>Agences sp\u00e9cialis\u00e9es<\/h3>\n<ul>\n<li><a href=\"https:\/\/ec.europa.eu\/info\/food-farming-fisheries\/farming\/organic-farming\/organics-glance_fr\" target=\"_blank\" rel=\"noopener\">Commission europ\u00e9enne<\/a>: Direction g\u00e9n\u00e9rale de l\u2019agriculture et du d\u00e9veloppement rural<\/li>\n<li><a href=\"http:\/\/www.eocc.nu\/home\/index.php\" target=\"_blank\" rel=\"noopener\">European Organic Certifiers Council<\/a> (EOCC)<\/li>\n<li><a href=\"https:\/\/ec.europa.eu\/eurostat\/web\/main\/home\" target=\"_blank\" rel=\"noopener\">Eurostat<\/a>: statistiques europ\u00e9ennes<\/li>\n<li><a href=\"http:\/\/www.organicxseeds.com\/international\/countryselect?redirect=standard\/loginpage\" target=\"_blank\" rel=\"noopener\">Organicxseeds<\/a>: base de donn\u00e9es semences et plants<\/li>\n<li><a href=\"http:\/\/www.efsa.europa.eu\/\" target=\"_blank\" rel=\"noopener\">EFSA<\/a>: Autorit\u00e9 Europ\u00e9enne de S\u00e9curit\u00e9 des Aliments<\/li>\n<li><a href=\"http:\/\/eur-lex.europa.eu\/homepage.html;ELX_SESSIONID=2wGWTyyXnPRfmVMjgtLdjLN96vGQGz4XKF7JgpNdgBYqHKpXG7BY!330258665?locale=fr\" target=\"_blank\" rel=\"noopener\">Eur-lex<\/a>: Le bureau des publications de l&rsquo;Union Europ\u00e9enne<\/li>\n<li><a href=\"http:\/\/orgprints.org\/\" target=\"_blank\" rel=\"noopener\">Organic eprints<\/a> : Archives internationales pour la documentation et les projets li\u00e9s \u00e0 la recherche en agriculture biologique.<\/li>\n<li><a href=\"http:\/\/www.efrc.com\/\" target=\"_blank\" rel=\"noopener\">Centre de recherche biologique<\/a> (en anglais uniquement)<\/li>\n<\/ul>\n<p>&nbsp;<\/p>\n<h2>Au niveau international<\/h2>\n<ul>\n<li><a href=\"http:\/\/www.certibionet.org\/\" target=\"_blank\" rel=\"noopener\">CertiBioNet<\/a> : association internationale des organismes de contr\u00f4le et certification en agriculture biologique<\/li>\n<li><a href=\"http:\/\/www.ifoam.org\/\" target=\"_blank\" rel=\"noopener\">IFOAM<\/a>:\u00a0 International Federation of Organic Agriculture Movements<\/li>\n<li><a href=\"http:\/\/www.ifoam.bio\/sites\/default\/files\/directory_2016_web.pdf\" target=\"_blank\" rel=\"noopener\">IFOAM E-directory <\/a>\u00a0IFOAM Affiliates (Members, Associates, and Supporters)<\/li>\n<li><a href=\"http:\/\/www.fao.org\/home\/fr\/\" target=\"_blank\" rel=\"noopener\">FAO<\/a>:\u00a0 Organisation des Nations Unies pour l&rsquo;alimentation et l&rsquo;agriculture<\/li>\n<li><a href=\"http:\/\/www.fibl.org\/fr\/portrait\/rapport-activite.html\" target=\"_blank\" rel=\"noopener\">FIBL<\/a> : Institut de recherche de l&rsquo;agriculture biologique<\/li>\n<li><a href=\"http:\/\/www.ams.usda.gov\/AMSv1.0\/nop\" target=\"_blank\" rel=\"noopener\">NOP<\/a>: National Organic Program (USA)<\/li>\n<li><a href=\"http:\/\/www.maff.go.jp\/e\/jas\/specific\/organic.html\" target=\"_blank\" rel=\"noopener\">JAS<\/a> : Ministry of Agriculture, Forestry and Fisheries (Japan)<\/li>\n<\/ul>\n<p>&nbsp;<\/p>\n<h2>Toute l\u2019actualit\u00e9 BIO<\/h2>\n<p>&nbsp;<\/p>\n<p>&nbsp;<\/p>\n<table>\n<thead>\n<tr>\n<th>Francophone<\/th>\n<th>Flamande<\/th>\n<th>Internationale<\/th>\n<\/tr>\n<\/thead>\n<tbody>\n<tr>\n<td><a href=\"http:\/\/www.bio-info.com\/\" target=\"_blank\" rel=\"noopener\">Bioinfo<\/a><\/td>\n<td><a href=\"https:\/\/www.biogezond.be\/\" target=\"_blank\" rel=\"noopener\">BioGezond<\/a><\/td>\n<td><a href=\"http:\/\/www.bioaddict.fr\/\">Bioaddict.fr<\/a><\/td>\n<\/tr>\n<tr>\n<td><a href=\"https:\/\/biotempo.bio\/\">Biotempo<\/a><\/td>\n<td><a href=\"https:\/\/www.boerenbond.be\/kenniscentrum\/publicaties\/boertuinder\" target=\"_blank\" rel=\"noopener\">Boer&amp;Tuinder<\/a><\/td>\n<td><a href=\"http:\/\/www.generations-futures.fr\/\">Generations futures.fr<\/a><\/td>\n<\/tr>\n<tr>\n<td><a href=\"http:\/\/www.sillonbelge.be\/\" target=\"_blank\" rel=\"noopener\">Sillon Belge<\/a><\/td>\n<td><a href=\"https:\/\/www.proeftuinnieuws.be\/\" target=\"_blank\" rel=\"noopener\">proeftuinnieuws<\/a><\/td>\n<td><a href=\"http:\/\/www.reporterre.net\/spip.php?article4920\">Reporterre<u>.fr<\/u><\/a><\/td>\n<\/tr>\n<tr>\n<td><a href=\"http:\/\/www.pleinchamp.com\/\" target=\"_blank\" rel=\"noopener\">Plein Champ<\/a><\/td>\n<td><a href=\"https:\/\/www.landbouwleven.be\" target=\"_blank\" rel=\"noopener\">Landbouwleven<\/a><\/td>\n<td><a href=\"http:\/\/www.bionext.nl\/\" target=\"_blank\" rel=\"noopener\">Bionext.nl<\/a><\/td>\n<\/tr>\n<tr>\n<td><a href=\"http:\/\/www.awenet.be\/awe\/commun\/asbl\/communication\/revue_articles.php\" target=\"_blank\" rel=\"noopener\">Wallonie Elevages<\/a><\/td>\n<td><a href=\"https:\/\/www.groenekring.be\/stiel\" target=\"_blank\" rel=\"noopener\">Stiel<\/a><\/td>\n<td><a href=\"http:\/\/www.coreorganic.org\/research\/projects\/ipopy\/index.html\" target=\"_blank\" rel=\"noopener\">Coreorganic.org<\/a><\/td>\n<\/tr>\n<tr>\n<td><a href=\"https:\/\/www.biowallonie.com\/types_documentations\/itineraires-bio\/\" target=\"_blank\" rel=\"noopener\">Itin\u00e9raires BIO<\/a><\/td>\n<td><a href=\"https:\/\/www.avbs.be\/kenniscentrum\/sierteelt-groenvoorziening\">Sierteler&amp;Groenvoorziening<\/a><\/td>\n<td><a href=\"http:\/\/www.disruptingfood.info\/en\/\">Disruptingfood.en<\/a><\/td>\n<\/tr>\n<tr>\n<td><a href=\"https:\/\/www.bioguide.be\/accueil\" target=\"_blank\" rel=\"noopener\">Bioguide<\/a><\/td>\n<td><a href=\"https:\/\/library.wur.nl\/WebQuery\/groenekennis?catalogus-isn=60285%20OR%201993752\">Management &amp; Techniek<\/a><\/td>\n<td><\/td>\n<\/tr>\n<tr>\n<td><a href=\"https:\/\/www.bionews.be\/fr\">bionews.be<\/a><\/td>\n<td><a href=\"https:\/\/www.bioforum.be\/fr\/nieuws\/bioactief_online\" target=\"_blank\" rel=\"noopener\">Bio Actief<\/a><\/td>\n<td><\/td>\n<\/tr>\n<tr>\n<td><\/td>\n<td><a href=\"http:\/\/www.biozoektboer.be\/\" target=\"_blank\" rel=\"noopener\">Biozoektboer.be<\/a><\/td>\n<td><\/td>\n<\/tr>\n<tr>\n<td><\/td>\n<td><\/td>\n<td><\/td>\n<\/tr>\n<\/tbody>\n<\/table>\n<p>&nbsp;[\/vc_column_text][\/vc_column][vc_column width=\u00a0\u00bb1\/6&Prime;][\/vc_column][\/vc_row]<\/p>\n<\/div>","protected":false},"excerpt":{"rendered":"<p>[vc_row][vc_column width=\u00a0\u00bb1\/6&Prime;][\/vc_column][vc_column width=\u00a0\u00bb2\/3&Prime;][vc_column_text css=\u00a0\u00bb.vc_custom_1622461968454{margin-top: 30px !important;}\u00a0\u00bb]&nbsp; CERTISYS\u00ae collabore \u00e9troitement avec diff\u00e9rents acteurs dans le secteur BIO, au niveau r\u00e9gional, europ\u00e9en, mais aussi avec des partenaires BIO internationaux. Vous trouverez sur cette page tous les liens vers ces organismes. &nbsp; Au niveau belge et luxembourgeois &nbsp; Autorit\u00e9s comp\u00e9tentes Minist\u00e8re de la R\u00e9gion Wallonne &#8211; Direction g\u00e9n\u00e9rale [&hellip;]<\/p>\n","protected":false},"author":1,"featured_media":0,"parent":0,"menu_order":12,"comment_status":"closed","ping_status":"closed","template":"","meta":{"_acf_changed":false,"footnotes":""},"class_list":["post-4367","page","type-page","status-publish","hentry"],"acf":[],"yoast_head":"<!-- This site is optimized with the Yoast SEO plugin v26.6 - https:\/\/yoast.com\/wordpress\/plugins\/seo\/ -->\n<title>Liens - CERTISYS<\/title>\n<meta name=\"robots\" content=\"index, follow, max-snippet:-1, max-image-preview:large, max-video-preview:-1\" \/>\n<link rel=\"canonical\" href=\"https:\/\/www.certisys.eu\/fr\/liens\/\" \/>\n<meta property=\"og:locale\" content=\"fr_FR\" \/>\n<meta property=\"og:type\" content=\"article\" \/>\n<meta property=\"og:title\" content=\"Liens - CERTISYS\" \/>\n<meta property=\"og:description\" content=\"[vc_row][vc_column width=\u00a0\u00bb1\/6&Prime;][\/vc_column][vc_column width=\u00a0\u00bb2\/3&Prime;][vc_column_text css=\u00a0\u00bb.vc_custom_1622461968454{margin-top: 30px !important;}\u00a0\u00bb]&nbsp; CERTISYS\u00ae collabore \u00e9troitement avec diff\u00e9rents acteurs dans le secteur BIO, au niveau r\u00e9gional, europ\u00e9en, mais aussi avec des partenaires BIO internationaux. Vous trouverez sur cette page tous les liens vers ces organismes. &nbsp; Au niveau belge et luxembourgeois &nbsp; Autorit\u00e9s comp\u00e9tentes Minist\u00e8re de la R\u00e9gion Wallonne &#8211; Direction g\u00e9n\u00e9rale [&hellip;]\" \/>\n<meta property=\"og:url\" content=\"https:\/\/www.certisys.eu\/fr\/liens\/\" \/>\n<meta property=\"og:site_name\" content=\"CERTISYS\" \/>\n<meta property=\"article:modified_time\" content=\"2021-05-31T11:52:52+00:00\" \/>\n<meta name=\"twitter:card\" content=\"summary_large_image\" \/>\n<meta name=\"twitter:label1\" content=\"Dur\u00e9e de lecture estim\u00e9e\" \/>\n\t<meta name=\"twitter:data1\" content=\"3 minutes\" \/>\n<!-- \/ Yoast SEO plugin. -->","yoast_head_json":{"title":"Liens - CERTISYS","robots":{"index":"index","follow":"follow","max-snippet":"max-snippet:-1","max-image-preview":"max-image-preview:large","max-video-preview":"max-video-preview:-1"},"canonical":"https:\/\/www.certisys.eu\/fr\/liens\/","og_locale":"fr_FR","og_type":"article","og_title":"Liens - CERTISYS","og_description":"[vc_row][vc_column width=\u00a0\u00bb1\/6&Prime;][\/vc_column][vc_column width=\u00a0\u00bb2\/3&Prime;][vc_column_text css=\u00a0\u00bb.vc_custom_1622461968454{margin-top: 30px !important;}\u00a0\u00bb]&nbsp; CERTISYS\u00ae collabore \u00e9troitement avec diff\u00e9rents acteurs dans le secteur BIO, au niveau r\u00e9gional, europ\u00e9en, mais aussi avec des partenaires BIO internationaux. Vous trouverez sur cette page tous les liens vers ces organismes. &nbsp; Au niveau belge et luxembourgeois &nbsp; Autorit\u00e9s comp\u00e9tentes Minist\u00e8re de la R\u00e9gion Wallonne &#8211; Direction g\u00e9n\u00e9rale [&hellip;]","og_url":"https:\/\/www.certisys.eu\/fr\/liens\/","og_site_name":"CERTISYS","article_modified_time":"2021-05-31T11:52:52+00:00","twitter_card":"summary_large_image","twitter_misc":{"Dur\u00e9e de lecture estim\u00e9e":"3 minutes"},"schema":{"@context":"https:\/\/schema.org","@graph":[{"@type":"WebPage","@id":"https:\/\/www.certisys.eu\/fr\/liens\/","url":"https:\/\/www.certisys.eu\/fr\/liens\/","name":"Liens - CERTISYS","isPartOf":{"@id":"https:\/\/www.certisys.eu\/fr\/#website"},"datePublished":"2021-04-02T09:08:54+00:00","dateModified":"2021-05-31T11:52:52+00:00","breadcrumb":{"@id":"https:\/\/www.certisys.eu\/fr\/liens\/#breadcrumb"},"inLanguage":"fr-FR","potentialAction":[{"@type":"ReadAction","target":["https:\/\/www.certisys.eu\/fr\/liens\/"]}]},{"@type":"BreadcrumbList","@id":"https:\/\/www.certisys.eu\/fr\/liens\/#breadcrumb","itemListElement":[{"@type":"ListItem","position":1,"name":"Home","item":"https:\/\/www.certisys.eu\/fr\/"},{"@type":"ListItem","position":2,"name":"Liens"}]},{"@type":"WebSite","@id":"https:\/\/www.certisys.eu\/fr\/#website","url":"https:\/\/www.certisys.eu\/fr\/","name":"CERTISYS","description":"Bio Certification","potentialAction":[{"@type":"SearchAction","target":{"@type":"EntryPoint","urlTemplate":"https:\/\/www.certisys.eu\/fr\/?s={search_term_string}"},"query-input":{"@type":"PropertyValueSpecification","valueRequired":true,"valueName":"search_term_string"}}],"inLanguage":"fr-FR"}]}},"jetpack_sharing_enabled":true,"_links":{"self":[{"href":"https:\/\/www.certisys.eu\/fr\/wp-json\/wp\/v2\/pages\/4367","targetHints":{"allow":["GET"]}}],"collection":[{"href":"https:\/\/www.certisys.eu\/fr\/wp-json\/wp\/v2\/pages"}],"about":[{"href":"https:\/\/www.certisys.eu\/fr\/wp-json\/wp\/v2\/types\/page"}],"author":[{"embeddable":true,"href":"https:\/\/www.certisys.eu\/fr\/wp-json\/wp\/v2\/users\/1"}],"replies":[{"embeddable":true,"href":"https:\/\/www.certisys.eu\/fr\/wp-json\/wp\/v2\/comments?post=4367"}],"version-history":[{"count":21,"href":"https:\/\/www.certisys.eu\/fr\/wp-json\/wp\/v2\/pages\/4367\/revisions"}],"predecessor-version":[{"id":8787,"href":"https:\/\/www.certisys.eu\/fr\/wp-json\/wp\/v2\/pages\/4367\/revisions\/8787"}],"wp:attachment":[{"href":"https:\/\/www.certisys.eu\/fr\/wp-json\/wp\/v2\/media?parent=4367"}],"curies":[{"name":"wp","href":"https:\/\/api.w.org\/{rel}","templated":true}]}}