{"id":42,"date":"2020-10-12T10:27:47","date_gmt":"2020-10-12T08:27:47","guid":{"rendered":"https:\/\/certisys.poush.be\/?page_id=42"},"modified":"2026-01-06T17:27:26","modified_gmt":"2026-01-06T15:27:26","slug":"points-de-vente","status":"publish","type":"page","link":"https:\/\/www.certisys.eu\/fr\/mon-activite\/points-de-vente\/","title":{"rendered":"Points de vente"},"content":{"rendered":"<div class=\"wpb-content-wrapper\"><p>[vc_row content_placement=\u00a0\u00bbmiddle\u00a0\u00bb css=\u00a0\u00bb.vc_custom_1615465707679{padding-bottom: 80px !important;}\u00a0\u00bb][vc_column width=\u00a0\u00bb2\/3&Prime; offset=\u00a0\u00bbvc_col-lg-offset-3 vc_col-lg-6&Prime; css=\u00a0\u00bb.vc_custom_1615465726560{padding-top: 0px !important;}\u00a0\u00bb][vc_single_image image=\u00a0\u00bb1069&Prime; img_size=\u00a0\u00bb100&#215;145&Prime; alignment=\u00a0\u00bbcenter\u00a0\u00bb css_animation=\u00a0\u00bbfadeInDown\u00a0\u00bb css=\u00a0\u00bb.vc_custom_1615467241329{margin-top: -70px !important;}\u00a0\u00bb][vc_column_text]<\/p>\n<p style=\"text-align: center;\">Vous d\u00e9sirez commercialiser vos produits BIO dans un magasin, sur des march\u00e9s ou en ligne ? Plusieurs cas de figure se pr\u00e9sentent selon que vous vendez des produits emball\u00e9s, du vrac ou que vous \u00eates \u00ab\u00a0multi-activit\u00e9s\u00a0\u00bb. Une dispense de contr\u00f4le est possible dans certains cas pr\u00e9cis et selon votre R\u00e9gion. Nous vous expliquons tout ceci en d\u00e9tails sur cette page.<\/p>\n<p>[\/vc_column_text][vc_column_text]<\/p>\n<h2 style=\"text-align: center;\">Quelle est votre activit\u00e9 BIO\u00a0?<\/h2>\n<p style=\"text-align: center;\">Un point de vente (ou d\u00e9taillant) commercialise des produits finis BIO au <strong>consommateur final<\/strong> dans un magasin, sur un march\u00e9 ou en ligne. Les produits peuvent \u00eatre pr\u00e9emball\u00e9s dans l\u2019emballage d\u2019origine ou en vrac.<\/p>\n<p style=\"text-align: center;\"><strong>Vous \u00eates d\u00e9taillant\u00a0?<\/strong> Dans ce cas, vous commercialisez des produits BIO au consommateur final.<\/p>\n<p style=\"text-align: center;\"><strong>Vous vendez du vrac\u00a0?<\/strong> Dans ce cas, vous commercialisez des produits dans des emballages non-ferm\u00e9s ou en vrac (non-pr\u00e9emball\u00e9s).<\/p>\n<p style=\"text-align: center;\"><strong>Vous \u00eates \u00ab\u00a0multi-activit\u00e9s\u00a0\u00bb ?<\/strong> \u00c7a veut dire que vous produisez, stockez ailleurs que sur le point de vente, distribuez, importez et\/ou exportez en cumulant cela avec une activit\u00e9 de point de vente. \u00a0Dans ces conditions, vous \u00eates soumis au contr\u00f4le point de vente.<\/p>\n<p>[\/vc_column_text][\/vc_column][\/vc_row][vc_row css=\u00a0\u00bb.vc_custom_1614846917657{padding-top: 50px !important;padding-bottom: 80px !important;background-color: #f0f3f1 !important;}\u00a0\u00bb][vc_column width=\u00a0\u00bb1\/6&Prime;][\/vc_column][vc_column width=\u00a0\u00bb2\/3&Prime;][vc_column_text]<\/p>\n<h2 style=\"text-align: center;\">Quelles sont les informations essentielles \u00e0 savoir pour lancer votre activit\u00e9 de point de vente BIO ?<\/h2>\n<p>[\/vc_column_text][vc_tta_accordion style=\u00a0\u00bbmodern\u00a0\u00bb shape=\u00a0\u00bbround\u00a0\u00bb color=\u00a0\u00bbwhite\u00a0\u00bb c_position=\u00a0\u00bbright\u00a0\u00bb active_section=\u00a0\u00bb100&Prime; no_fill=\u00a0\u00bbtrue\u00a0\u00bb collapsible_all=\u00a0\u00bbtrue\u00a0\u00bb][vc_tta_section title=\u00a0\u00bbQue dit la R\u00e9glementation BIO ?\u00a0\u00bb tab_id=\u00a0\u00bbreglementation-bio\u00a0\u00bb][vc_row_inner][vc_column_inner width=\u00a0\u00bb1\/2&Prime;][vc_column_text]<\/p>\n<div>\n<p>La r\u00e9glementation pr\u00e9voit que <b>tous les d\u00e9taillants <\/b>qui commercialisent des produits BIO au consommateur final soient<b> soumis \u00e0 un contr\u00f4le<\/b>.<\/p>\n<p>En Belgique, si vous ne commercialisez que des <strong>denr\u00e9es pr\u00e9emball\u00e9es<\/strong>, vous n\u2019\u00eates <strong>pas soumis au contr\u00f4le<\/strong>. Il existe \u00e9galement une <b>dispense si vous commercialisez du vrac <\/b>en Belgique dans les cas suivants :<\/p>\n<ul>\n<li><b><u>Bruxelles\u202f<\/u><\/b>: si vous commercialisez du vrac pour un <b>chiffre d\u2019achats<\/b> annuel de moins de 5.000 EUR, vous devez simplement notifier votre activit\u00e9 de point de vente BIO aupr\u00e8s des Autorit\u00e9s de votre R\u00e9gion.<\/li>\n<li><b><u>Flandre &amp; Wallonie<\/u><\/b>\u202f: les points de vente qui vendent du vrac (quel que soit leur chiffre d&rsquo;achats) sont soumis \u00e0 un contr\u00f4le.<\/li>\n<\/ul>\n<p>Pour vous aider \u00e0 vous y retrouver plus facilement, nous avons repris les diff\u00e9rents cas de figure dans le <b>sch\u00e9ma<\/b> ci-dessous.<\/div>\n<p>[\/vc_column_text][\/vc_column_inner][vc_column_inner width=\u00a0\u00bb1\/2&Prime;][vc_single_image image=\u00a0\u00bb3600&Prime; img_size=\u00a0\u00bb500&#215;500&Prime; alignment=\u00a0\u00bbcenter\u00a0\u00bb][\/vc_column_inner][vc_column_inner][\/vc_column_inner][\/vc_row_inner][vc_single_image image=\u00a0\u00bb18436&Prime; img_size=\u00a0\u00bb800&#215;600&Prime; alignment=\u00a0\u00bbcenter\u00a0\u00bb onclick=\u00a0\u00bblink_image\u00a0\u00bb][vc_row_inner][vc_column_inner width=\u00a0\u00bb1\/2&Prime;][vc_column_text]<\/p>\n<div>\n<h3>Remarques concernant les produits biologiques pr\u00e9emball\u00e9s<\/h3>\n<ol>\n<li><strong>Point de vente physique sans boutique en ligne<\/strong><\/li>\n<\/ol>\n<ul>\n<li>avec uniquement des ventes B2C<\/li>\n<li>avec uniquement des produits biologiques pr\u00e9emball\u00e9s (y compris les aliments pour animaux)<\/li>\n<\/ul>\n<p><span style=\"color: #ff0000;\"><strong>=&gt; Exemption de l&rsquo;obligation d&rsquo;inspection BIO<\/strong><\/span><\/div>\n<p>[\/vc_column_text][\/vc_column_inner][vc_column_inner width=\u00a0\u00bb1\/2&Prime;][vc_single_image image=\u00a0\u00bb16623&Prime; img_size=\u00a0\u00bb350&#215;350&Prime; alignment=\u00a0\u00bbcenter\u00a0\u00bb][\/vc_column_inner][\/vc_row_inner][vc_row_inner][vc_column_inner width=\u00a0\u00bb1\/2&Prime;][vc_column_text]<\/p>\n<div>\n<ol start=\"2\">\n<li><strong>Point de vente physique avec boutique en ligne<\/strong><\/li>\n<\/ol>\n<ul>\n<li>avec uniquement des ventes B2C<\/li>\n<li>avec uniquement des produits biologiques pr\u00e9emball\u00e9s (y compris les aliments pour animaux)<\/li>\n<\/ul>\n<p><span style=\"color: #ff0000;\"><strong>=&gt; Exemption de l&rsquo;obligation d&rsquo;inspection BIO si la commande en ligne est retir\u00e9e par l&rsquo;acheteur physiquement dans le magasin (c&rsquo;est-\u00e0-dire pas d&rsquo;exp\u00e9dition \u00e0 l&rsquo;acheteur via un interm\u00e9diaire logistique).<\/strong><\/span><\/div>\n<p>[\/vc_column_text][\/vc_column_inner][vc_column_inner width=\u00a0\u00bb1\/2&Prime;][vc_single_image image=\u00a0\u00bb16627&Prime; img_size=\u00a0\u00bb350&#215;350&Prime; alignment=\u00a0\u00bbcenter\u00a0\u00bb][\/vc_column_inner][\/vc_row_inner][vc_row_inner][vc_column_inner width=\u00a0\u00bb1\/2&Prime;][vc_column_text]<\/p>\n<div>\n<ol start=\"3\">\n<li><strong>Point de vente physique avec boutique en ligne<\/strong><\/li>\n<\/ol>\n<ul>\n<li>avec uniquement des ventes B2C<\/li>\n<li>avec uniquement des produits biologiques pr\u00e9emball\u00e9s (y compris les aliments pour animaux)<\/li>\n<\/ul>\n<p><span style=\"color: #ff0000;\"><strong>\u00a0=&gt; Obligation de contr\u00f4le si la commande en ligne est envoy\u00e9e \u00e0 l&rsquo;acheteur par un interm\u00e9diaire logistique.<\/strong><\/span><\/div>\n<p>[\/vc_column_text][\/vc_column_inner][vc_column_inner width=\u00a0\u00bb1\/2&Prime;][vc_single_image image=\u00a0\u00bb16631&Prime; img_size=\u00a0\u00bb350&#215;350&Prime; alignment=\u00a0\u00bbcenter\u00a0\u00bb][\/vc_column_inner][\/vc_row_inner][vc_row_inner][vc_column_inner width=\u00a0\u00bb1\/2&Prime;][vc_column_text]<\/p>\n<div>\n<ol start=\"4\">\n<li><strong>Pas de point de vente physique, uniquement une boutique en ligne.<\/strong><\/li>\n<\/ol>\n<ul>\n<li>Avec uniquement des ventes B2C<\/li>\n<li>Avec uniquement des produits biologiques pr\u00e9emball\u00e9s (y compris les aliments pour animaux)<\/li>\n<\/ul>\n<p><span style=\"color: #ff0000;\"><strong>=&gt; Obligation de contr\u00f4le puisque l&rsquo;entrep\u00f4t n&rsquo;est pas reli\u00e9 au point de vente<\/strong><\/span><\/div>\n<p>[\/vc_column_text][\/vc_column_inner][vc_column_inner width=\u00a0\u00bb1\/2&Prime;][vc_single_image image=\u00a0\u00bb16635&Prime; img_size=\u00a0\u00bb350&#215;350&Prime; alignment=\u00a0\u00bbcenter\u00a0\u00bb][\/vc_column_inner][\/vc_row_inner][\/vc_tta_section][vc_tta_section title=\u00a0\u00bbQuelles sont les d\u00e9marches \u00e0 entreprendre pour vous lancer ?\u00a0\u00bb tab_id=\u00a0\u00bbactivite\u00a0\u00bb][vc_row_inner][vc_column_inner width=\u00a0\u00bb1\/2&Prime;][vc_column_text]Nous vous expliquons toutes les d\u00e9marches \u00e0 suivre pour faire certifier vos produits biologiques et utiliser le label BIO en\u00a0<strong><a href=\"https:\/\/www.certisys.eu\/mon-activite\/\">4 \u00e9tapes<\/a>.<\/strong>[\/vc_column_text][\/vc_column_inner][vc_column_inner width=\u00a0\u00bb1\/2&Prime;][vc_single_image image=\u00a0\u00bb3604&Prime; img_size=\u00a0\u00bb500&#215;500&Prime; alignment=\u00a0\u00bbcenter\u00a0\u00bb][\/vc_column_inner][\/vc_row_inner][\/vc_tta_section][vc_tta_section title=\u00a0\u00bbComment calculer votre tarif ?\u00a0\u00bb tab_id=\u00a0\u00bbtarifs\u00a0\u00bb][vc_row_inner][vc_column_inner width=\u00a0\u00bb1\/2&Prime;][vc_column_text css=\u00a0\u00bb\u00a0\u00bb]Nos tarifs prennent en compte une large possibilit\u00e9 d\u2019activit\u00e9s BIO pour votre point de vente. Nous consid\u00e9rons la nature du magasin, uniquement BIO ou mixte, et votre volume de chiffre d\u2019achats. Vous pouvez estimer vos co\u00fbts de certification gr\u00e2ce \u00e0 notre <a href=\"https:\/\/www.certisys.eu\/fr\/tarifs\/\"><strong>grille de tarification<\/strong><\/a>.[\/vc_column_text][\/vc_column_inner][vc_column_inner width=\u00a0\u00bb1\/2&Prime;][vc_single_image image=\u00a0\u00bb3608&Prime; img_size=\u00a0\u00bb500&#215;500&Prime; alignment=\u00a0\u00bbcenter\u00a0\u00bb][\/vc_column_inner][\/vc_row_inner][\/vc_tta_section][\/vc_tta_accordion][\/vc_column][vc_column width=\u00a0\u00bb1\/6&Prime;][\/vc_column][\/vc_row][vc_row content_placement=\u00a0\u00bbmiddle\u00a0\u00bb css=\u00a0\u00bb.vc_custom_1605630337493{padding-bottom: 30px !important;}\u00a0\u00bb][vc_column width=\u00a0\u00bb1\/2&Prime; offset=\u00a0\u00bbvc_col-lg-offset-2 vc_col-lg-4&Prime;][vc_column_text]<\/p>\n<h2>Comment se d\u00e9roule votre contr\u00f4le BIO ?<\/h2>\n<p>Les contr\u00f4les BIO r\u00e9alis\u00e9s par un auditeur de CERTISYS\u00ae sont bas\u00e9s sur la R\u00e9glementation europ\u00e9enne et sur les Arr\u00eat\u00e9s r\u00e9gionaux. Ils s\u2019articulent autour de <strong>trois axes,<\/strong> \u00e0 savoir le contr\u00f4le documentaire, le contr\u00f4le sur le terrain et le contr\u00f4le de communication.[\/vc_column_text][vc_column_text]L\u2019auditeur CERTISYS\u00ae peut proc\u00e9der \u00e0 des pr\u00e9l\u00e8vements d\u2019\u00e9chantillons. Les analyses seront r\u00e9alis\u00e9es par un laboratoire accr\u00e9dit\u00e9.<\/p>\n<p>Un contr\u00f4le de tous vos sites d\u2019activit\u00e9 doit avoir lieu tous les ans. Vous serez avertis des non-conformit\u00e9s \u00e9ventuelles, des mesures correctives et, le cas \u00e9ch\u00e9ant, de la sanction, fix\u00e9e en fonction de la nature du probl\u00e8me.<\/p>\n<p>Nous attirons votre attention sur le fait qu&rsquo;en cas <strong>de multi-activit\u00e9s, <\/strong>vous \u00eates soumis au <strong>contr\u00f4le pour toutes vos activit\u00e9s<\/strong> dont votre point de vente.[\/vc_column_text][\/vc_column][vc_column width=\u00a0\u00bb1\/3&Prime;][vc_single_image image=\u00a0\u00bb1511&Prime; img_size=\u00a0\u00bb400&#215;400&Prime; alignment=\u00a0\u00bbcenter\u00a0\u00bb style=\u00a0\u00bbvc_box_circle_2&Prime; css_animation=\u00a0\u00bbfadeInDown\u00a0\u00bb][\/vc_column][\/vc_row][vc_row css=\u00a0\u00bb.vc_custom_1614846917657{padding-top: 50px !important;padding-bottom: 80px !important;background-color: #f0f3f1 !important;}\u00a0\u00bb][vc_column width=\u00a0\u00bb1\/4&Prime;][\/vc_column][vc_column width=\u00a0\u00bb1\/2&Prime;][vc_column_text]<\/p>\n<h3 style=\"text-align: center;\">Quels sont les points v\u00e9rifi\u00e9s lors de votre contr\u00f4le ?<\/h3>\n<p>[\/vc_column_text][vc_tta_accordion style=\u00a0\u00bbmodern\u00a0\u00bb shape=\u00a0\u00bbround\u00a0\u00bb color=\u00a0\u00bbwhite\u00a0\u00bb c_position=\u00a0\u00bbright\u00a0\u00bb active_section=\u00a0\u00bb100&Prime; no_fill=\u00a0\u00bbtrue\u00a0\u00bb collapsible_all=\u00a0\u00bbtrue\u00a0\u00bb][vc_tta_section title=\u00a0\u00bbLes documents relatifs \u00e0 votre activit\u00e9 BIO\u00a0\u00bb tab_id=\u00a0\u00bbdocuments\u00a0\u00bb][vc_column_text]<\/p>\n<ul>\n<li>Notification, inscription \u00e0 l\u2019AFSCA, pr\u00e9sence des proc\u00e9dures, etc.<\/li>\n<\/ul>\n<p>[\/vc_column_text][\/vc_tta_section][vc_tta_section title=\u00a0\u00bbLe contr\u00f4le sur le terrain\u00a0\u00bb tab_id=\u00a0\u00bbcontrole-terrain\u00a0\u00bb][vc_column_text]<\/p>\n<ul>\n<li>La <strong>garantie BIO des fournisseurs<\/strong> sur base de leurs certificats : vos fournisseurs sont-ils habilit\u00e9s \u00e0 commercialiser des denr\u00e9es BIO ? Assurez-vous bien que ce que vous achetez soit bien couvert par un certificat valide.<\/li>\n<li>La <strong>proc\u00e9dure de r\u00e9ception de produits BIO<\/strong>\u00a0: cette proc\u00e9dure est-elle en place\u00a0?<\/li>\n<li>La <strong>tra\u00e7abilit\u00e9 des produits<\/strong>\u00a0: la tra\u00e7abilit\u00e9 est-elle respect\u00e9e\u00a0? (Pr\u00e9sence des \u00e9tiquettes d\u2019origine, registre de tra\u00e7abilit\u00e9 des produits en vrac)<\/li>\n<li>Les <strong>lieux de stockage<\/strong> : le stockage se fait-il dans des conditions d&rsquo;identification, de s\u00e9paration et garantit-il la tra\u00e7abilit\u00e9 ? Une proc\u00e9dure de nettoyage est-elle bien pr\u00e9sente, conforme et bien appliqu\u00e9e pour \u00e9viter toute contamination ?<\/li>\n<li>Les <strong>mesures de s\u00e9paration pour les op\u00e9rateurs mixtes<\/strong> : les produits conventionnels et biologiques sont-ils bien s\u00e9par\u00e9s ?<\/li>\n<li>La correspondance entre la quantit\u00e9 de <strong>produits achet\u00e9s et vendus<\/strong><\/li>\n<\/ul>\n<p>[\/vc_column_text][\/vc_tta_section][vc_tta_section title=\u00a0\u00bbLa communication BIO\u00a0\u00bb tab_id=\u00a0\u00bbcommunication\u00a0\u00bb][vc_column_text]<em>Point important couvert par la R\u00e9glementation.<\/em><\/p>\n<p>Le balisage dans le magasin, l\u2019affichage, l\u2019\u00e9tiquette de prix, le ticket de caisse, l\u2019\u00e9tiquette produit portant la mention de l\u2019organisme de contr\u00f4le, \u00ab CERTISYS BE-BIO-01 \u00bb, etc. <a href=\"https:\/\/www.certisys.eu\/reglementation\/etiquetage\/\">Plus d&rsquo;infos.<\/a>[\/vc_column_text][\/vc_tta_section][\/vc_tta_accordion][\/vc_column][vc_column width=\u00a0\u00bb1\/4&Prime;][\/vc_column][\/vc_row][vc_row full_width=\u00a0\u00bbstretch_row_content_no_spaces\u00a0\u00bb css=\u00a0\u00bb.vc_custom_1637924093834{margin-bottom: 50px !important;padding-top: 300px !important;background-image: url(https:\/\/www.certisys.eu\/wp-content\/uploads\/2020\/12\/2020-10-15-Certisys-0395.jpg?id=2060) !important;background-position: center !important;background-repeat: no-repeat !important;background-size: cover !important;}\u00a0\u00bb el_id=\u00a0\u00bbpack-info\u00a0\u00bb][vc_column][\/vc_column][\/vc_row][vc_row css=\u00a0\u00bb.vc_custom_1605630039270{padding-bottom: 150px !important;background-image: url(https:\/\/www.certisys.eu\/wp-content\/uploads\/2020\/10\/bg-3-1.png?id=892) !important;}\u00a0\u00bb el_class=\u00a0\u00bbcustom-lastrow\u00a0\u00bb][vc_column offset=\u00a0\u00bbvc_col-lg-offset-3 vc_col-lg-6 vc_col-md-offset-2 vc_col-md-8&Prime;][vc_column_text css=\u00a0\u00bb.vc_custom_1767713240185{border-top-width: 6px !important;border-right-width: 6px !important;border-bottom-width: 6px !important;border-left-width: 6px !important;padding-top: 20px !important;padding-right: 20px !important;padding-bottom: 20px !important;padding-left: 20px !important;border-left-style: solid !important;border-right-style: solid !important;border-top-style: solid !important;border-bottom-style: solid !important;border-radius: 2px !important;border-color: #e2001a !important;}\u00a0\u00bb]<\/p>\n<h2 style=\"text-align: left;\">Votre pack info pour devenir point de vente BIO<\/h2>\n<h4>Quelques infos utiles<\/h4>\n<ul>\n<li><a href=\"https:\/\/www.certisys.eu\/wp-content\/uploads\/2021\/02\/PU4501fr04BrochureCorporateCertisys2017.pdf\">Qui est CERTISYS&nbsp; ?<\/a><\/li>\n<li>Quels sont les chiffres du bio par secteur d&rsquo;activit\u00e9 chez CERTISYS ? D\u00e9couvrez-le dans <a href=\"https:\/\/www.certisys.eu\/a-propos\/rapports-annuels\/\">notre rapport annuel d&rsquo;activit\u00e9.<\/a><\/li>\n<li>Retrouvez <a href=\"https:\/\/www.certisys.eu\/reglementation\/guides-pratiques\/\">nos guides pratiques de vulgarisation de r\u00e9glementation BIO EU<\/a> par secteur d&rsquo;activit\u00e9<\/li>\n<li>Quel est votre <a href=\"https:\/\/www.certisys.eu\/wp-content\/uploads\/2026\/01\/TA005-v07_Tarif-Pdv_W_2026_FR.pdf\">tarif<\/a> en tant que point de vente BIO ?<\/li>\n<li>Vous voulez utiliser la marque CERTISYS ? Renseignez-vous dans notre \u00ab <a href=\"https:\/\/www.certisys.eu\/wp-content\/uploads\/2021\/02\/GT040-v03_Logobook-Charte-dutilisation-des-logos-CERTISYS_FR-1.pdf\">Document d\u2019usage de la marque Certisys<\/a> \u00bb.<\/li>\n<\/ul>\n<h4>Vos documents \u00e0 compl\u00e9ter pour ouvrir votre dossier de certification BIO chez CERTISYS<\/h4>\n<p>Vous vendez du vrac et souhaitez passer en BIO&nbsp;?<\/p>\n<ul>\n<li>Notre <a href=\"https:\/\/www.certisys.eu\/wp-content\/uploads\/2022\/09\/FO001-v05_Formulaire-de-demande-de-certification-en-production-biologique_FR.pdf\">formulaire de demande de certification en production biologique<\/a><\/li>\n<li><a href=\"https:\/\/www.certisys.eu\/wp-content\/uploads\/2021\/07\/CO001-v02_Contrat-BIO-Belgique_FR.pdf\">Votre contrat de prestation de service&nbsp; (Belgique)<\/a>&nbsp;ou <a href=\"https:\/\/www.certisys.eu\/wp-content\/uploads\/2021\/05\/CO003-v02_Contrat-BIO-Grand-Duche-de-Luxembourg_FR.pdf\">votre contrat de prestation de service (Luxembourg)&nbsp;<\/a>ou <a href=\"https:\/\/www.certisys.eu\/wp-content\/uploads\/2023\/02\/CO007-v03_Contrat-de-prestation-de-service-en-vue-du-controle-de-produits-BIO-Franchises.pdf\" target=\"_blank\" rel=\"noopener\">Contrat de prestation de service en vue du contr\u00f4le de produits BIO \u2013 Franchis\u00e9s (Belgique)<\/a><\/li>\n<\/ul>\n<p>Vous vendez du <strong>vrac<\/strong> \u00e0 <strong>Bruxelles<\/strong> pour un chiffre d\u2019achats annuel de <strong>moins de 5.000 EUR <\/strong>? Notifiez votre activit\u00e9 aupr\u00e8s de le R\u00e9gion Bruxelles-Capitale<\/p>\n<ul>\n<li style=\"list-style-type: none;\">\n<ul>\n<li><a href=\"https:\/\/www.certisys.eu\/wp-content\/uploads\/2020\/11\/OR3464fr01_2467.pdf\">D\u00e9rogation pour d\u00e9taillant&nbsp;<\/a> &#8211; Bruxelles<\/li>\n<\/ul>\n<\/li>\n<\/ul>\n<h4>Modalit\u00e9s d&rsquo;envoi :<\/h4>\n<p>Renvoyez-nous <strong>les documents ci-dessus <\/strong>par e-mail <strong>au format PDF obligatoirement <\/strong> \u00e0 <a href=\"mailto:info@certisys.eu\">info@certisys.eu<\/a><\/p>\n<h5><span style=\"color: #ff0000;\"><strong>Attention :<\/strong><\/span><\/h5>\n<p>Notez bien qu\u2019il vous est toujours demand\u00e9 d\u2019introduire<span style=\"color: #ff0000;\"> <strong>votre demande de notification BIO<\/strong>.<\/span><\/p>\n<p>Vous devez pour se faire vous rendre sur le site de l\u2019administration comp\u00e9tente :<\/p>\n<ul>\n<li><a href=\"https:\/\/agriculture.wallonie.be\/avant-de-commencer\">Wallonie<\/a><\/li>\n<li lang=\"fr\"><a href=\"https:\/\/lv.vlaanderen.be\/bio\/kennisgeving-en-controle\/kennisgeving\">Flandre<\/a><\/li>\n<li lang=\"fr\"><a href=\"https:\/\/guichet.public.lu\/fr\/entreprises\/sectoriel\/agriculture-viticulture\/agriculture-biologique.html\">Grand-Duch\u00e9 du Luxembourg <\/a><\/li>\n<\/ul>\n<div id=\"ConnectiveDocSignExtentionInstalled\" data-extension-version=\"1.0.4\"><\/div>\n<p>[\/vc_column_text][vc_column_text css=\u00a0\u00bb\u00a0\u00bb]<\/p>\n<h2 style=\"text-align: left;\">Vos autres documents utiles en tant que point de vente BIO<\/h2>\n<ul>\n<li>Mettez en place une <a href=\"https:\/\/www.certisys.eu\/wp-content\/uploads\/2022\/01\/GT007-v02-Implementation-dune-procedure-de-reception_FR.pdf\">Proc\u00e9dure de r\u00e9ception produits bio<\/a> de vos produits.<\/li>\n<li>Garantissez la <strong>conformit\u00e9 de vos produits<\/strong>. Nous vous proposons un <a href=\"https:\/\/www.certisys.eu\/wp-content\/uploads\/2021\/04\/GT008-v02_Note-technique-visant-a-la-mise-en-place-dune-procedure-de-doute-sur-la-conformite-dun-produit_FR.pdf\">mod\u00e8le de proc\u00e9dure en cas de doute.<\/a><\/li>\n<li>Mod\u00e8le de <a href=\"https:\/\/www.certisys.eu\/wp-content\/uploads\/2021\/02\/Registre-Des-Reclamations.docx\">registre des r\u00e9clamations.<\/a><\/li>\n<\/ul>\n<p>[\/vc_column_text][\/vc_column][vc_column][vc_widget_sidebar sidebar_id=\u00a0\u00bbcta-activite\u00a0\u00bb][\/vc_column][\/vc_row]<\/p>\n<\/div>","protected":false},"excerpt":{"rendered":"<p>[vc_row content_placement=\u00a0\u00bbmiddle\u00a0\u00bb css=\u00a0\u00bb.vc_custom_1615465707679{padding-bottom: 80px !important;}\u00a0\u00bb][vc_column width=\u00a0\u00bb2\/3&Prime; offset=\u00a0\u00bbvc_col-lg-offset-3 vc_col-lg-6&Prime; css=\u00a0\u00bb.vc_custom_1615465726560{padding-top: 0px !important;}\u00a0\u00bb][vc_single_image image=\u00a0\u00bb1069&Prime; img_size=\u00a0\u00bb100&#215;145&Prime; alignment=\u00a0\u00bbcenter\u00a0\u00bb css_animation=\u00a0\u00bbfadeInDown\u00a0\u00bb css=\u00a0\u00bb.vc_custom_1615467241329{margin-top: -70px !important;}\u00a0\u00bb][vc_column_text] Vous d\u00e9sirez commercialiser vos produits BIO dans un magasin, sur des march\u00e9s ou en ligne ? Plusieurs cas de figure se pr\u00e9sentent selon que vous vendez des produits emball\u00e9s, du vrac ou que vous \u00eates \u00ab\u00a0multi-activit\u00e9s\u00a0\u00bb. Une [&hellip;]<\/p>\n","protected":false},"author":1,"featured_media":0,"parent":16,"menu_order":3,"comment_status":"closed","ping_status":"closed","template":"","meta":{"_acf_changed":false,"footnotes":""},"class_list":["post-42","page","type-page","status-publish","hentry"],"acf":[],"yoast_head":"<!-- This site is optimized with the Yoast SEO plugin v26.6 - https:\/\/yoast.com\/wordpress\/plugins\/seo\/ -->\n<title>Devenir point de vente BIO avec Certisys<\/title>\n<meta name=\"description\" content=\"Vous d\u00e9sirez commercialiser vos produits BIO dans un magasin, sur des march\u00e9s ou en ligne ? Certisys vous aide\" \/>\n<meta name=\"robots\" content=\"index, follow, max-snippet:-1, max-image-preview:large, max-video-preview:-1\" \/>\n<link rel=\"canonical\" href=\"https:\/\/www.certisys.eu\/fr\/mon-activite\/points-de-vente\/\" \/>\n<meta property=\"og:locale\" content=\"fr_FR\" \/>\n<meta property=\"og:type\" content=\"article\" \/>\n<meta property=\"og:title\" content=\"Devenir point de vente BIO avec Certisys\" \/>\n<meta property=\"og:description\" content=\"Vous d\u00e9sirez commercialiser vos produits BIO dans un magasin, sur des march\u00e9s ou en ligne ? Certisys vous aide\" \/>\n<meta property=\"og:url\" content=\"https:\/\/www.certisys.eu\/fr\/mon-activite\/points-de-vente\/\" \/>\n<meta property=\"og:site_name\" content=\"CERTISYS\" \/>\n<meta property=\"article:modified_time\" content=\"2026-01-06T15:27:26+00:00\" \/>\n<meta name=\"twitter:card\" content=\"summary_large_image\" \/>\n<meta name=\"twitter:label1\" content=\"Dur\u00e9e de lecture estim\u00e9e\" \/>\n\t<meta name=\"twitter:data1\" content=\"5 minutes\" \/>\n<!-- \/ Yoast SEO plugin. -->","yoast_head_json":{"title":"Devenir point de vente BIO avec Certisys","description":"Vous d\u00e9sirez commercialiser vos produits BIO dans un magasin, sur des march\u00e9s ou en ligne ? Certisys vous aide","robots":{"index":"index","follow":"follow","max-snippet":"max-snippet:-1","max-image-preview":"max-image-preview:large","max-video-preview":"max-video-preview:-1"},"canonical":"https:\/\/www.certisys.eu\/fr\/mon-activite\/points-de-vente\/","og_locale":"fr_FR","og_type":"article","og_title":"Devenir point de vente BIO avec Certisys","og_description":"Vous d\u00e9sirez commercialiser vos produits BIO dans un magasin, sur des march\u00e9s ou en ligne ? Certisys vous aide","og_url":"https:\/\/www.certisys.eu\/fr\/mon-activite\/points-de-vente\/","og_site_name":"CERTISYS","article_modified_time":"2026-01-06T15:27:26+00:00","twitter_card":"summary_large_image","twitter_misc":{"Dur\u00e9e de lecture estim\u00e9e":"5 minutes"},"schema":{"@context":"https:\/\/schema.org","@graph":[{"@type":"WebPage","@id":"https:\/\/www.certisys.eu\/fr\/mon-activite\/points-de-vente\/","url":"https:\/\/www.certisys.eu\/fr\/mon-activite\/points-de-vente\/","name":"Devenir point de vente BIO avec Certisys","isPartOf":{"@id":"https:\/\/www.certisys.eu\/fr\/#website"},"datePublished":"2020-10-12T08:27:47+00:00","dateModified":"2026-01-06T15:27:26+00:00","description":"Vous d\u00e9sirez commercialiser vos produits BIO dans un magasin, sur des march\u00e9s ou en ligne ? Certisys vous aide","breadcrumb":{"@id":"https:\/\/www.certisys.eu\/fr\/mon-activite\/points-de-vente\/#breadcrumb"},"inLanguage":"fr-FR","potentialAction":[{"@type":"ReadAction","target":["https:\/\/www.certisys.eu\/fr\/mon-activite\/points-de-vente\/"]}]},{"@type":"BreadcrumbList","@id":"https:\/\/www.certisys.eu\/fr\/mon-activite\/points-de-vente\/#breadcrumb","itemListElement":[{"@type":"ListItem","position":1,"name":"Home","item":"https:\/\/www.certisys.eu\/fr\/"},{"@type":"ListItem","position":2,"name":"Mon activit\u00e9","item":"https:\/\/www.certisys.eu\/fr\/my-activity\/"},{"@type":"ListItem","position":3,"name":"Points de vente"}]},{"@type":"WebSite","@id":"https:\/\/www.certisys.eu\/fr\/#website","url":"https:\/\/www.certisys.eu\/fr\/","name":"CERTISYS","description":"Bio Certification","potentialAction":[{"@type":"SearchAction","target":{"@type":"EntryPoint","urlTemplate":"https:\/\/www.certisys.eu\/fr\/?s={search_term_string}"},"query-input":{"@type":"PropertyValueSpecification","valueRequired":true,"valueName":"search_term_string"}}],"inLanguage":"fr-FR"}]}},"jetpack_sharing_enabled":true,"_links":{"self":[{"href":"https:\/\/www.certisys.eu\/fr\/wp-json\/wp\/v2\/pages\/42","targetHints":{"allow":["GET"]}}],"collection":[{"href":"https:\/\/www.certisys.eu\/fr\/wp-json\/wp\/v2\/pages"}],"about":[{"href":"https:\/\/www.certisys.eu\/fr\/wp-json\/wp\/v2\/types\/page"}],"author":[{"embeddable":true,"href":"https:\/\/www.certisys.eu\/fr\/wp-json\/wp\/v2\/users\/1"}],"replies":[{"embeddable":true,"href":"https:\/\/www.certisys.eu\/fr\/wp-json\/wp\/v2\/comments?post=42"}],"version-history":[{"count":102,"href":"https:\/\/www.certisys.eu\/fr\/wp-json\/wp\/v2\/pages\/42\/revisions"}],"predecessor-version":[{"id":75806,"href":"https:\/\/www.certisys.eu\/fr\/wp-json\/wp\/v2\/pages\/42\/revisions\/75806"}],"up":[{"embeddable":true,"href":"https:\/\/www.certisys.eu\/fr\/wp-json\/wp\/v2\/pages\/16"}],"wp:attachment":[{"href":"https:\/\/www.certisys.eu\/fr\/wp-json\/wp\/v2\/media?parent=42"}],"curies":[{"name":"wp","href":"https:\/\/api.w.org\/{rel}","templated":true}]}}