{"id":3889,"date":"2021-03-18T11:23:00","date_gmt":"2021-03-18T09:23:00","guid":{"rendered":"https:\/\/certisys.poush.be\/?page_id=3889"},"modified":"2026-04-02T13:48:30","modified_gmt":"2026-04-02T11:48:30","slug":"guides-pratiques","status":"publish","type":"page","link":"https:\/\/www.certisys.eu\/fr\/reglementation-bio\/guides-pratiques\/","title":{"rendered":"Guides pratiques"},"content":{"rendered":"<div class=\"wpb-content-wrapper\"><p>[vc_row css=\u00a0\u00bb.vc_custom_1727252660029{margin-bottom: 70px !important;}\u00a0\u00bb][vc_column width=\u00a0\u00bb1\/6&Prime;][\/vc_column][vc_column width=\u00a0\u00bb2\/3&Prime;][vc_column_text css=\u00a0\u00bb\u00a0\u00bb]Vous avez une activit\u00e9 BIO ou vous d\u00e9sirez en d\u00e9marrer une et la r\u00e9glementation en la mati\u00e8re vous parait parfois trop vaste \u00e0 explorer ?<\/p>\n<p>Pas de probl\u00e8me ! Notre \u00e9quipe d\u2019experts Certisys a r\u00e9dig\u00e9 pour vous des guides pratiques qui reprennent <strong>l\u2019essentiel de la r\u00e9glementation propre \u00e0 votre secteur d\u2019activit\u00e9<\/strong>.[\/vc_column_text][vc_row_inner equal_height=\u00a0\u00bbyes\u00a0\u00bb el_class=\u00a0\u00bbcustom-col-tablet custom-guides\u00a0\u00bb][vc_column_inner width=\u00a0\u00bb1\/4&Prime;][vc_single_image image=\u00a0\u00bb9955&Prime; img_size=\u00a0\u00bbfull\u00a0\u00bb alignment=\u00a0\u00bbcenter\u00a0\u00bb css=\u00a0\u00bb\u00a0\u00bb el_class=\u00a0\u00bbcustom-shadow\u00a0\u00bb][vc_column_text css=\u00a0\u00bb\u00a0\u00bb]<\/p>\n<h4 class=\"p1\" style=\"text-align: center;\">Guide Pratique Syst\u00e8me de certification<\/h4>\n<p>[\/vc_column_text]<div class=\"d-flex justify-content-center \"><a class=\"psh_button btn-37248510\" href=\"https:\/\/www.certisys.eu\/wp-content\/uploads\/2026\/04\/GT001-v05_GUIDE-PRATIQUE-Systeme-de-certification-Certisys_FR-Apercu.pdf\" alt=\"guide certification\" target=\"_blank\">Aper\u00e7u<\/a><\/div>\n        <style>.psh_button.btn-37248510{\n          font-size: 20px;\n          text-transform: none;\n          padding: 10px 25px 10px 25px;\n          border-radius: 80px;\n          border-width: 0px;\n          background-color: #e30613;\n          border-color: ;\n          border-style: solid;\n          color: #ffffff;\n          display: inline-block;\n          \n          transition: all .3s ease-in-out;\n        }\n        .psh_button.btn-37248510:hover{\n          background-color: #f18970;\n          border-color: ;\n          color: #ffffff;\n          transition: all .3s ease-in-out;\n        }<\/style>[\/vc_column_inner][vc_column_inner width=\u00a0\u00bb1\/4&Prime;][vc_single_image image=\u00a0\u00bb3559&Prime; img_size=\u00a0\u00bbfull\u00a0\u00bb alignment=\u00a0\u00bbcenter\u00a0\u00bb onclick=\u00a0\u00bbcustom_link\u00a0\u00bb img_link_target=\u00a0\u00bb_blank\u00a0\u00bb css=\u00a0\u00bb\u00a0\u00bb el_class=\u00a0\u00bbcustom-shadow\u00a0\u00bb][vc_column_text css=\u00a0\u00bb\u00a0\u00bb]<\/p>\n<h4 class=\"p1\" style=\"text-align: center;\">Guide Pratique<br \/>\nR\u00e8gles d&rsquo;\u00e9tiquetage<\/h4>\n<p>[\/vc_column_text]<div class=\"d-flex justify-content-center \"><a class=\"psh_button btn-86256156\" href=\"https:\/\/www.certisys.eu\/wp-content\/uploads\/2024\/10\/GUIDE-PRATIQUE-ETIQUETAGE_-FR-Preview.pdf\" alt=\"guide etuiqetage\" target=\"_blank\">Aper\u00e7u<\/a><\/div>\n        <style>.psh_button.btn-86256156{\n          font-size: 20px;\n          text-transform: none;\n          padding: 10px 25px 10px 25px;\n          border-radius: 80px;\n          border-width: 0px;\n          background-color: #e30613;\n          border-color: ;\n          border-style: solid;\n          color: #ffffff;\n          display: inline-block;\n          \n          transition: all .3s ease-in-out;\n        }\n        .psh_button.btn-86256156:hover{\n          background-color: #f18970;\n          border-color: ;\n          color: #ffffff;\n          transition: all .3s ease-in-out;\n        }<\/style>[\/vc_column_inner][vc_column_inner width=\u00a0\u00bb1\/4&Prime;][vc_single_image image=\u00a0\u00bb3567&Prime; img_size=\u00a0\u00bbfull\u00a0\u00bb alignment=\u00a0\u00bbcenter\u00a0\u00bb css=\u00a0\u00bb\u00a0\u00bb el_class=\u00a0\u00bbcustom-shadow\u00a0\u00bb][vc_column_text css=\u00a0\u00bb\u00a0\u00bb]<\/p>\n<h4 class=\"p1\" style=\"text-align: center;\">Guide Pratique R\u00e8glementation sur l&rsquo;agriculture biologique pour les producteurs<\/h4>\n<p>[\/vc_column_text]<div class=\"d-flex justify-content-center \"><a class=\"psh_button btn-89778660\" href=\"https:\/\/www.certisys.eu\/wp-content\/uploads\/2024\/10\/GT003-V02-producteur-fr.pdf\" alt=\"guide producteur\" target=\"_blank\">Aper\u00e7u<\/a><\/div>\n        <style>.psh_button.btn-89778660{\n          font-size: 20px;\n          text-transform: none;\n          padding: 10px 25px 10px 25px;\n          border-radius: 80px;\n          border-width: 0px;\n          background-color: #e30613;\n          border-color: ;\n          border-style: solid;\n          color: #ffffff;\n          display: inline-block;\n          \n          transition: all .3s ease-in-out;\n        }\n        .psh_button.btn-89778660:hover{\n          background-color: #f18970;\n          border-color: ;\n          color: #ffffff;\n          transition: all .3s ease-in-out;\n        }<\/style>[\/vc_column_inner][vc_column_inner width=\u00a0\u00bb1\/4&Prime;][vc_single_image image=\u00a0\u00bb30200&Prime; img_size=\u00a0\u00bbfull\u00a0\u00bb alignment=\u00a0\u00bbcenter\u00a0\u00bb css=\u00a0\u00bb\u00a0\u00bb el_class=\u00a0\u00bbcustom-shadow\u00a0\u00bb][vc_column_text css=\u00a0\u00bb\u00a0\u00bb]<\/p>\n<h4 class=\"p1\" style=\"text-align: center;\">Guide Pratique Pr\u00e9parateur<\/h4>\n<p>[\/vc_column_text]<div class=\"d-flex justify-content-center \"><a class=\"psh_button btn-05934227\" href=\"https:\/\/www.certisys.eu\/wp-content\/uploads\/2024\/10\/GT004-v02preparateur-fr.pdf\" alt=\"guide pr\u00e9parateur\" target=\"_blank\">Aper\u00e7u<\/a><\/div>\n        <style>.psh_button.btn-05934227{\n          font-size: 20px;\n          text-transform: none;\n          padding: 10px 25px 10px 25px;\n          border-radius: 80px;\n          border-width: 0px;\n          background-color: #e30613;\n          border-color: ;\n          border-style: solid;\n          color: #ffffff;\n          display: inline-block;\n          \n          transition: all .3s ease-in-out;\n        }\n        .psh_button.btn-05934227:hover{\n          background-color: #f18970;\n          border-color: ;\n          color: #ffffff;\n          transition: all .3s ease-in-out;\n        }<\/style>[\/vc_column_inner][\/vc_row_inner][\/vc_column][vc_column width=\u00a0\u00bb1\/6&Prime;][\/vc_column][\/vc_row][vc_row el_class=\u00a0\u00bbcustom-tablet-100&Prime; el_id=\u00a0\u00bbform-wrapper\u00a0\u00bb css=\u00a0\u00bb.vc_custom_1732001890845{margin-top: 100px !important;}\u00a0\u00bb][vc_column width=\u00a0\u00bb1\/6&Prime;][\/vc_column][vc_column width=\u00a0\u00bb1\/3&Prime;][vc_column_text css=\u00a0\u00bb\u00a0\u00bb]<\/p>\n<h3>Je suis d\u00e9j\u00e0 client Certisys<\/h3>\n<p>J&rsquo;introduis mon num\u00e9ro de client et mon email.<\/p>\n<div id=\"ConnectiveDocSignExtentionInstalled\" data-extension-version=\"1.0.4\"><\/div>\n<p>[\/vc_column_text][vc_column_text css=\u00a0\u00bb\u00a0\u00bb]    \n    <form id=\"operateur-form\" method=\"post\" action=\"#form-wrapper\">\n        <p class=\"field-group\">\n            <label for=\"email\">E-mail <span>*<\/span><\/label>\n            <input type=\"email\" id=\"email\" name=\"email\" required>\n        <\/p>\n        \n        <p class=\"field-group\">\n            <label for=\"numero_operateur\">Num\u00e9ro client <span>*<\/span><\/label>\n            <input type=\"text\" id=\"numero_operateur\" name=\"numero_operateur\" required>\n        <\/p>\n        \n        <p class=\"field-submit\"><input type=\"submit\" name=\"vo_submit\" value=\"Acc\u00e9der aux guides pratiques\"><\/p>\n    <\/form>\n\n    <div id=\"message\">\n            <\/div>\n    \n    [\/vc_column_text][\/vc_column][vc_column width=\u00a0\u00bb1\/3&Prime; el_class=\u00a0\u00bbcustom-tablet-ml\u00a0\u00bb][vc_column_text css=\u00a0\u00bb.vc_custom_1732022391949{margin-bottom: 70px !important;}\u00a0\u00bb]<\/p>\n<h3>Je ne suis pas client Certisys<\/h3>\n<p>[\/vc_column_text][vc_row_inner css=\u00a0\u00bb.vc_custom_1732001352876{border-top-width: 2px !important;border-right-width: 2px !important;border-bottom-width: 2px !important;border-left-width: 2px !important;padding-top: 20px !important;padding-right: 20px !important;padding-bottom: 20px !important;padding-left: 20px !important;border-left-style: solid !important;border-right-style: solid !important;border-top-style: solid !important;border-bottom-style: solid !important;border-radius: 20px !important;border-color: #e31412 !important;}\u00a0\u00bb el_class=\u00a0\u00bbcustom-section-gids\u00a0\u00bb][vc_column_inner css=\u00a0\u00bb.vc_custom_1732000807175{padding-top: 0px !important;padding-right: 0px !important;padding-bottom: 0px !important;padding-left: 0px !important;}\u00a0\u00bb][vc_column_text css=\u00a0\u00bb.vc_custom_1732022031347{margin-bottom: 25px !important;}\u00a0\u00bb]Suivez le lien ci-dessous et obtenez gratuitement notre guide Syst\u00e8me de Certification Certisys.[\/vc_column_text]<div class=\"d-flex justify-content-center \"><a class=\"psh_button btn-09336360\" href=\"https:\/\/forms.sbc31.net\/5a5f3949b85b536a9f4bd68c\/WoS3RTMyTKq-bASR8KQipw\/form.html\" alt=\"Demandez votre guide\" target=\"_blank\">Demandez votre guide<\/a><\/div>\n        <style>.psh_button.btn-09336360{\n          font-size: 20px;\n          text-transform: none;\n          padding: 10px 25px 10px 25px;\n          border-radius: 80px;\n          border-width: 0px;\n          background-color: #e30613;\n          border-color: ;\n          border-style: solid;\n          color: #ffffff;\n          display: inline-block;\n          \n          transition: all .3s ease-in-out;\n        }\n        .psh_button.btn-09336360:hover{\n          background-color: #f18970;\n          border-color: ;\n          color: #ffffff;\n          transition: all .3s ease-in-out;\n        }<\/style>[\/vc_column_inner][\/vc_row_inner][\/vc_column][vc_column width=\u00a0\u00bb1\/6&Prime;][\/vc_column][\/vc_row]<\/p>\n<\/div>","protected":false},"excerpt":{"rendered":"<p>[vc_row css=\u00a0\u00bb.vc_custom_1727252660029{margin-bottom: 70px !important;}\u00a0\u00bb][vc_column width=\u00a0\u00bb1\/6&Prime;][\/vc_column][vc_column width=\u00a0\u00bb2\/3&Prime;][vc_column_text css=\u00a0\u00bb\u00a0\u00bb]Vous avez une activit\u00e9 BIO ou vous d\u00e9sirez en d\u00e9marrer une et la r\u00e9glementation en la mati\u00e8re vous parait parfois trop vaste \u00e0 explorer ? Pas de probl\u00e8me ! Notre \u00e9quipe d\u2019experts Certisys a r\u00e9dig\u00e9 pour vous des guides pratiques qui reprennent l\u2019essentiel de la r\u00e9glementation propre \u00e0 votre [&hellip;]<\/p>\n","protected":false},"author":1,"featured_media":0,"parent":18,"menu_order":2,"comment_status":"closed","ping_status":"closed","template":"","meta":{"_acf_changed":false,"footnotes":""},"class_list":["post-3889","page","type-page","status-publish","hentry"],"acf":[],"yoast_head":"<!-- This site is optimized with the Yoast SEO plugin v27.4 - https:\/\/yoast.com\/product\/yoast-seo-wordpress\/ -->\n<title>Guides pratiques du Bio - CERTISYS<\/title>\n<meta name=\"description\" content=\"Nos guides pratiques reprennent l\u2019essentiel de la r\u00e9glementation propre \u00e0 votre secteur d\u2019activit\u00e9!\" \/>\n<meta name=\"robots\" content=\"index, follow, max-snippet:-1, max-image-preview:large, max-video-preview:-1\" \/>\n<link rel=\"canonical\" href=\"https:\/\/www.certisys.eu\/fr\/reglementation-bio\/guides-pratiques\/\" \/>\n<meta property=\"og:locale\" content=\"fr_FR\" \/>\n<meta property=\"og:type\" content=\"article\" \/>\n<meta property=\"og:title\" content=\"Guides pratiques du Bio - CERTISYS\" \/>\n<meta property=\"og:description\" content=\"Nos guides pratiques reprennent l\u2019essentiel de la r\u00e9glementation propre \u00e0 votre secteur d\u2019activit\u00e9!\" \/>\n<meta property=\"og:url\" content=\"https:\/\/www.certisys.eu\/fr\/reglementation-bio\/guides-pratiques\/\" \/>\n<meta property=\"og:site_name\" content=\"CERTISYS\" \/>\n<meta property=\"article:modified_time\" content=\"2026-04-02T11:48:30+00:00\" \/>\n<meta name=\"twitter:card\" content=\"summary_large_image\" \/>\n<meta name=\"twitter:label1\" content=\"Dur\u00e9e de lecture estim\u00e9e\" \/>\n\t<meta name=\"twitter:data1\" content=\"1 minute\" \/>\n<!-- \/ Yoast SEO plugin. -->","yoast_head_json":{"title":"Guides pratiques du Bio - CERTISYS","description":"Nos guides pratiques reprennent l\u2019essentiel de la r\u00e9glementation propre \u00e0 votre secteur d\u2019activit\u00e9!","robots":{"index":"index","follow":"follow","max-snippet":"max-snippet:-1","max-image-preview":"max-image-preview:large","max-video-preview":"max-video-preview:-1"},"canonical":"https:\/\/www.certisys.eu\/fr\/reglementation-bio\/guides-pratiques\/","og_locale":"fr_FR","og_type":"article","og_title":"Guides pratiques du Bio - CERTISYS","og_description":"Nos guides pratiques reprennent l\u2019essentiel de la r\u00e9glementation propre \u00e0 votre secteur d\u2019activit\u00e9!","og_url":"https:\/\/www.certisys.eu\/fr\/reglementation-bio\/guides-pratiques\/","og_site_name":"CERTISYS","article_modified_time":"2026-04-02T11:48:30+00:00","twitter_card":"summary_large_image","twitter_misc":{"Dur\u00e9e de lecture estim\u00e9e":"1 minute"},"schema":{"@context":"https:\/\/schema.org","@graph":[{"@type":"WebPage","@id":"https:\/\/www.certisys.eu\/fr\/reglementation-bio\/guides-pratiques\/","url":"https:\/\/www.certisys.eu\/fr\/reglementation-bio\/guides-pratiques\/","name":"Guides pratiques du Bio - CERTISYS","isPartOf":{"@id":"https:\/\/www.certisys.eu\/fr\/#website"},"datePublished":"2021-03-18T09:23:00+00:00","dateModified":"2026-04-02T11:48:30+00:00","description":"Nos guides pratiques reprennent l\u2019essentiel de la r\u00e9glementation propre \u00e0 votre secteur d\u2019activit\u00e9!","breadcrumb":{"@id":"https:\/\/www.certisys.eu\/fr\/reglementation-bio\/guides-pratiques\/#breadcrumb"},"inLanguage":"fr-FR","potentialAction":[{"@type":"ReadAction","target":["https:\/\/www.certisys.eu\/fr\/reglementation-bio\/guides-pratiques\/"]}]},{"@type":"BreadcrumbList","@id":"https:\/\/www.certisys.eu\/fr\/reglementation-bio\/guides-pratiques\/#breadcrumb","itemListElement":[{"@type":"ListItem","position":1,"name":"Home","item":"https:\/\/www.certisys.eu\/fr\/"},{"@type":"ListItem","position":2,"name":"R\u00e8glementation","item":"https:\/\/www.certisys.eu\/fr\/reglementation-bio\/"},{"@type":"ListItem","position":3,"name":"Guides pratiques"}]},{"@type":"WebSite","@id":"https:\/\/www.certisys.eu\/fr\/#website","url":"https:\/\/www.certisys.eu\/fr\/","name":"CERTISYS","description":"Bio Certification","potentialAction":[{"@type":"SearchAction","target":{"@type":"EntryPoint","urlTemplate":"https:\/\/www.certisys.eu\/fr\/?s={search_term_string}"},"query-input":{"@type":"PropertyValueSpecification","valueRequired":true,"valueName":"search_term_string"}}],"inLanguage":"fr-FR"}]}},"jetpack_sharing_enabled":true,"_links":{"self":[{"href":"https:\/\/www.certisys.eu\/fr\/wp-json\/wp\/v2\/pages\/3889","targetHints":{"allow":["GET"]}}],"collection":[{"href":"https:\/\/www.certisys.eu\/fr\/wp-json\/wp\/v2\/pages"}],"about":[{"href":"https:\/\/www.certisys.eu\/fr\/wp-json\/wp\/v2\/types\/page"}],"author":[{"embeddable":true,"href":"https:\/\/www.certisys.eu\/fr\/wp-json\/wp\/v2\/users\/1"}],"replies":[{"embeddable":true,"href":"https:\/\/www.certisys.eu\/fr\/wp-json\/wp\/v2\/comments?post=3889"}],"version-history":[{"count":37,"href":"https:\/\/www.certisys.eu\/fr\/wp-json\/wp\/v2\/pages\/3889\/revisions"}],"predecessor-version":[{"id":77074,"href":"https:\/\/www.certisys.eu\/fr\/wp-json\/wp\/v2\/pages\/3889\/revisions\/77074"}],"up":[{"embeddable":true,"href":"https:\/\/www.certisys.eu\/fr\/wp-json\/wp\/v2\/pages\/18"}],"wp:attachment":[{"href":"https:\/\/www.certisys.eu\/fr\/wp-json\/wp\/v2\/media?parent=3889"}],"curies":[{"name":"wp","href":"https:\/\/api.w.org\/{rel}","templated":true}]}}