{"id":36,"date":"2020-10-12T10:26:13","date_gmt":"2020-10-12T08:26:13","guid":{"rendered":"https:\/\/certisys.poush.be\/?page_id=36"},"modified":"2025-07-17T11:01:13","modified_gmt":"2025-07-17T09:01:13","slug":"labels-bio-specialises","status":"publish","type":"page","link":"https:\/\/www.certisys.eu\/fr\/labels-et-certifications\/labels-bio-specialises\/","title":{"rendered":"Labels BIO sp\u00e9cialis\u00e9s"},"content":{"rendered":"<div class=\"wpb-content-wrapper\"><p>[vc_row content_placement=\u00a0\u00bbmiddle\u00a0\u00bb css=\u00a0\u00bb.vc_custom_1605630337493{padding-bottom: 30px !important;}\u00a0\u00bb][vc_column width=\u00a0\u00bb1\/2&Prime; offset=\u00a0\u00bbvc_col-lg-offset-2 vc_col-lg-4&Prime;][vc_column_text]Il existe des<strong> labels sp\u00e9cialis\u00e9s <\/strong>sur les produits alimentaires BIO octroy\u00e9s sur base de <strong>cahiers des charges<\/strong> g\u00e9r\u00e9s par des organismes ou associations de producteurs, transformateurs ou consommateurs.<\/p>\n<p>Ces labels pr\u00e9existent souvent \u00e0 la R\u00e9glementation europ\u00e9enne et couvrent, pour certains d\u2019entre eux, des domaines non couverts par cette derni\u00e8re, tels que les le catering (restauration collective), etc., ou int\u00e8grent certaines <strong>normes plus suppl\u00e9mentaires <\/strong>que le R\u00e8glement BIO europ\u00e9en.[\/vc_column_text][\/vc_column][vc_column width=\u00a0\u00bb1\/3&Prime;][vc_single_image image=\u00a0\u00bb17001&Prime; img_size=\u00a0\u00bb400&#215;400&Prime; alignment=\u00a0\u00bbcenter\u00a0\u00bb style=\u00a0\u00bbvc_box_circle_2&Prime; css_animation=\u00a0\u00bbfadeInDown\u00a0\u00bb][\/vc_column][\/vc_row][vc_row css=\u00a0\u00bb.vc_custom_1619097505310{margin-bottom: 50px !important;padding-top: 50px !important;padding-bottom: 50px !important;background-color: #f0f3f1 !important;}\u00a0\u00bb][vc_column css=\u00a0\u00bb.vc_custom_1619094754273{padding-top: 0px !important;}\u00a0\u00bb offset=\u00a0\u00bbvc_col-lg-offset-1 vc_col-lg-10&Prime;][vc_column_text]<\/p>\n<h2 style=\"text-align: center;\">Vous trouverez ci-dessous les labels les plus demand\u00e9s<\/h2>\n<p>[\/vc_column_text][vc_column_text]<\/p>\n<h3 style=\"text-align: center;\">BELGIQUE<\/h3>\n<p style=\"text-align: center;\"><strong>Biogarantie\u00ae<\/strong><\/p>\n<p>[\/vc_column_text][vc_row_inner equal_height=\u00a0\u00bbyes\u00a0\u00bb gap=\u00a0\u00bb20&Prime;][vc_column_inner width=\u00a0\u00bb1\/2&Prime; offset=\u00a0\u00bbvc_col-lg-offset-3 vc_col-md-offset-3 vc_col-sm-offset-3&Prime;][vc_single_image image=\u00a0\u00bb12265&Prime; img_size=\u00a0\u00bb250&#215;117&Prime; alignment=\u00a0\u00bbcenter\u00a0\u00bb onclick=\u00a0\u00bbcustom_link\u00a0\u00bb css=\u00a0\u00bb.vc_custom_1666943832906{margin-bottom: 25px !important;}\u00a0\u00bb link=\u00a0\u00bbhttps:\/\/biogarantie.be\/\u00a0\u00bb][vc_column_text css=\u00a0\u00bb.vc_custom_1667379222297{margin-bottom: 50px !important;}\u00a0\u00bb]Biogarantie\u00ae est un label belge qui permet de valoriser sa d\u00e9marche BIO en termes de durabilit\u00e9 ; qu\u2019elle soit \u00e9cologique, sociale ou \u00e9conomique. Non seulement Biogarantie\u00ae se base sur la r\u00e8glementation europ\u00e9enne, mais ce label promeut \u00e9galement :<\/p>\n<ul>\n<li>L\u2019application de prix \u00e9quitables<\/li>\n<li>La conservation des ressources (eau, \u00e9nergie, biodiversit\u00e9)<\/li>\n<li>La minimisation du transport, des emballages et des d\u00e9chets<\/li>\n<li>Et la promotion des produits locaux et de saison<\/li>\n<\/ul>\n<p>&nbsp;<\/p>\n<p>L\u2019utilisation du label <a href=\"https:\/\/biogarantie.be\/\">Biogarantie\u00ae<\/a> atteste de votre engagement, en tant que producteur ou pr\u00e9parateur par exemple, dans toutes ces d\u00e9marches durables reprises dans une charte. Pour pouvoir l\u2019utiliser, vous devez respecter <a href=\"https:\/\/www.certisys.eu\/wp-content\/uploads\/2022\/11\/CDCH-BIOGARANTIE_2024_FR.pdf\">le cahier des charges Biogarantie\u00ae<\/a> et signer la charte de durabilit\u00e9 qui l\u2019accompagne.<\/p>\n<p>La gestion du label Biogarantie\u00ae est confi\u00e9e, du c\u00f4t\u00e9 francophone, \u00e0 l\u2019union professionnelle <a href=\"https:\/\/probila-unitrab.be\/\">Probila-Unitrab<\/a> pour les pr\u00e9parateurs\/transformateurs, distributeurs, points de vente et catering et \u00e0 l\u2019UNAB pour les Producteurs. Du c\u00f4t\u00e9 n\u00e9erlandophone, le label Biogarantie\u00ae est g\u00e9r\u00e9 par <a href=\"https:\/\/www.bioforum.be\/\">BioForum Vlaanderen<\/a>.<\/p>\n<p>Envie d\u2019en savoir plus sur Biogarantie\u00ae ?[\/vc_column_text]<div class=\"d-flex justify-content-center vc_custom_1666875456331\"><a class=\"psh_button btn-16138206\" href=\"https:\/\/biogarantie.be\/\" alt=\"Biogarantie\u00ae\" target=\"_blank\">Plus d'informations<\/a><\/div>\n        <style>.psh_button.btn-16138206{\n          font-size: 18px;\n          text-transform: none;\n          padding: 10px 20px 10px 20px;\n          border-radius: 80px;\n          border-width: 0px;\n          background-color: #e30613;\n          border-color: ;\n          border-style: solid;\n          color: #ffffff;\n          display: inline-block;\n          \n          transition: all .3s ease-in-out;\n        }\n        .psh_button.btn-16138206:hover{\n          background-color: #f18970;\n          border-color: ;\n          color: #ffffff;\n          transition: all .3s ease-in-out;\n        }.vc_custom_1666875456331{margin-bottom: 50px !important;}<\/style>[\/vc_column_inner][\/vc_row_inner][\/vc_column][\/vc_row][vc_row css=\u00a0\u00bb.vc_custom_1666875482650{margin-bottom: 50px !important;padding-top: 50px !important;padding-bottom: 50px !important;}\u00a0\u00bb][vc_column css=\u00a0\u00bb.vc_custom_1619094754273{padding-top: 0px !important;}\u00a0\u00bb offset=\u00a0\u00bbvc_col-lg-offset-1 vc_col-lg-10&Prime;][vc_column_text]<\/p>\n<h3 style=\"text-align: center;\">FRANCE<\/h3>\n<p>[\/vc_column_text][vc_row_inner equal_height=\u00a0\u00bbyes\u00a0\u00bb gap=\u00a0\u00bb20&Prime;][vc_column_inner width=\u00a0\u00bb1\/2&Prime;][vc_column_text css=\u00a0\u00bb.vc_custom_1666940151646{margin-bottom: 50px !important;}\u00a0\u00bb]<\/p>\n<p style=\"text-align: center;\">\u00a0<strong>AB<\/strong><\/p>\n<p>[\/vc_column_text][vc_single_image image=\u00a0\u00bb6005&Prime; img_size=\u00a0\u00bb200&#215;129&Prime; alignment=\u00a0\u00bbcenter\u00a0\u00bb onclick=\u00a0\u00bbcustom_link\u00a0\u00bb css=\u00a0\u00bb.vc_custom_1666942580561{margin-bottom: 25px !important;}\u00a0\u00bb link=\u00a0\u00bbhttps:\/\/www.agencebio.org\/\u00a0\u00bb][vc_column_text css=\u00a0\u00bb.vc_custom_1746542662698{margin-bottom: 50px !important;}\u00a0\u00bb]Le logo AB, propri\u00e9t\u00e9 du <a href=\"https:\/\/agriculture.gouv.fr\/la-certification-en-agriculture-biologique\" target=\"_blank\" rel=\"noopener\">Minist\u00e8re fran\u00e7ais de l\u2019Agriculture<\/a>, est facultatif et peut \u00eatre utilis\u00e9 en compl\u00e9ment du logo BIO europ\u00e9en. Il est particuli\u00e8rement reconnu sur le <strong>march\u00e9<\/strong> <strong>fran\u00e7ais<\/strong>. C\u2019est l\u2019<a href=\"https:\/\/www.agencebio.org\/\"><strong>Agence BIO<\/strong><\/a> qui est charg\u00e9e de la gestion de la marque AB pour les supports de communication.<\/p>\n<p>Le premier logo ne s\u2019utilise qu\u2019\u00e0 des fins de communication tandis que le deuxi\u00e8me s\u2019utilise sur l\u2019\u00e9tiquetage d\u2019un produit certifi\u00e9.<\/p>\n<p>Si vous d\u00e9sirez apposer le <strong>logo AB<\/strong> sur vos produits BIO, vous devez dans un premier temps prendre connaissance <a href=\"https:\/\/www.agencebio.org\/vos-outils\/communication-2\/\" target=\"_blank\" rel=\"noopener\"><strong>des r\u00e8gles d\u2019usage du logo<\/strong><\/a>.<\/p>\n<p>Vous devrez ensuite remplir une <a href=\"https:\/\/www.certisys.eu\/wp-content\/uploads\/2021\/02\/Declaration-Utilisation-Logo-AB.pdf\" target=\"_blank\" rel=\"noopener\"><strong>d\u00e9claration d\u2019utilisation de la marque<\/strong><\/a><strong> \u00ab\u00a0AB\u00a0\u00bb <\/strong>\u00e0 des fins de certification aupr\u00e8s de CERTISYS\u00ae.[\/vc_column_text]<div class=\"d-flex justify-content-center vc_custom_1619784613343\"><a class=\"psh_button btn-69806786\" href=\"https:\/\/www.agencebio.org\/\" alt=\"\" target=\"_blank\">Plus d'informations<\/a><\/div>\n        <style>.psh_button.btn-69806786{\n          font-size: 18px;\n          text-transform: none;\n          padding: 10px 20px 10px 20px;\n          border-radius: 80px;\n          border-width: 0px;\n          background-color: #e30613;\n          border-color: ;\n          border-style: solid;\n          color: #ffffff;\n          display: inline-block;\n          \n          transition: all .3s ease-in-out;\n        }\n        .psh_button.btn-69806786:hover{\n          background-color: #f18970;\n          border-color: ;\n          color: #ffffff;\n          transition: all .3s ease-in-out;\n        }.vc_custom_1619784613343{margin-bottom: 50px !important;}<\/style>[\/vc_column_inner][vc_column_inner width=\u00a0\u00bb1\/2&Prime;][vc_column_text css=\u00a0\u00bb.vc_custom_1666940161986{margin-bottom: 50px !important;}\u00a0\u00bb]<\/p>\n<p style=\"text-align: center;\"><strong>Demeter\u00ae<\/strong><\/p>\n<p>[\/vc_column_text][vc_single_image image=\u00a0\u00bb5997&Prime; img_size=\u00a0\u00bb200&#215;129&Prime; alignment=\u00a0\u00bbcenter\u00a0\u00bb onclick=\u00a0\u00bbcustom_link\u00a0\u00bb css=\u00a0\u00bb.vc_custom_1666942562845{margin-bottom: 25px !important;}\u00a0\u00bb link=\u00a0\u00bbhttps:\/\/www.demeter.fr\/\u00a0\u00bb][vc_column_text css=\u00a0\u00bb.vc_custom_1743151390239{margin-bottom: 50px !important;}\u00a0\u00bb]<a href=\"https:\/\/www.demeter.fr\/\"><strong>Demeter\u00ae<\/strong><\/a> est une marque collective des produits alimentaires issus de <strong>l\u2019agriculture biodynamique<\/strong>.<\/p>\n<p>La pr\u00e9sence de ce logo orange sur l\u2019\u00e9tiquette d\u2019un produit garantit que celui-ci est \u00e9labor\u00e9 conform\u00e9ment au <strong>cahier des charges Demeter\u00ae<\/strong>.<\/p>\n<p>L\u2019<strong>agriculture biodynamique <\/strong>est une forme d\u2019agriculture holistique, r\u00e9g\u00e9n\u00e9rative qui consid\u00e8re la ferme et plus g\u00e9n\u00e9ralement la Nature comme un <strong>\u00e9cosyst\u00e8me vivant o\u00f9 l\u2019animal, le v\u00e9g\u00e9tal et l\u2019humain agissent en synergie.<\/strong><\/p>\n<p>Il existe plusieurs associations Demeter\u00ae au niveau mondial et nous travaillons pour les francophones en \u00e9troite collaboration avec <strong>l\u2019association Demeter\u00ae France<\/strong>.<\/p>\n<p>Si vous d\u00e9sirez apposer le logo Demeter<strong>\u00ae<\/strong> sur vos produits BIO, vous devez prendre connaissance de <a href=\"https:\/\/www.demeter.fr\/cahier-des-charges\/\" target=\"_blank\" rel=\"noopener\"><strong>son cahier des charges<\/strong><\/a> et les <a href=\"https:\/\/www.demeter.fr\/demander-la-labellisation-demeter\/\">contacter<\/a> pour vous engager.<\/p>\n<div id=\"ConnectiveDocSignExtentionInstalled\" data-extension-version=\"1.0.4\"><\/div>\n<p>[\/vc_column_text]<div class=\"d-flex justify-content-center vc_custom_1619784667200\"><a class=\"psh_button btn-34704295\" href=\"https:\/\/www.demeter.fr\/\" alt=\"\" target=\"_blank\">Plus d'informations<\/a><\/div>\n        <style>.psh_button.btn-34704295{\n          font-size: 18px;\n          text-transform: none;\n          padding: 10px 20px 10px 20px;\n          border-radius: 80px;\n          border-width: 0px;\n          background-color: #e30613;\n          border-color: ;\n          border-style: solid;\n          color: #ffffff;\n          display: inline-block;\n          \n          transition: all .3s ease-in-out;\n        }\n        .psh_button.btn-34704295:hover{\n          background-color: #f18970;\n          border-color: ;\n          color: #ffffff;\n          transition: all .3s ease-in-out;\n        }.vc_custom_1619784667200{margin-bottom: 50px !important;}<\/style>[\/vc_column_inner][\/vc_row_inner][\/vc_column][\/vc_row][vc_row css=\u00a0\u00bb.vc_custom_1666875538220{margin-bottom: 50px !important;padding-top: 50px !important;padding-bottom: 50px !important;background-color: #f0f3f1 !important;}\u00a0\u00bb][vc_column css=\u00a0\u00bb.vc_custom_1619094754273{padding-top: 0px !important;}\u00a0\u00bb offset=\u00a0\u00bbvc_col-lg-offset-1 vc_col-lg-10&Prime;][vc_column_text]<\/p>\n<h3 style=\"text-align: center;\">SUISSE<\/h3>\n<p>[\/vc_column_text][vc_row_inner equal_height=\u00a0\u00bbyes\u00a0\u00bb gap=\u00a0\u00bb20&Prime;][vc_column_inner width=\u00a0\u00bb1\/2&Prime; offset=\u00a0\u00bbvc_col-lg-offset-3 vc_col-md-offset-3 vc_col-sm-offset-3&Prime;][vc_column_text css=\u00a0\u00bb.vc_custom_1734610992321{margin-bottom: 50px !important;}\u00a0\u00bb]<\/p>\n<p style=\"text-align: center;\"><strong>Bio Suisse<\/strong><\/p>\n<p>[\/vc_column_text][vc_single_image image=\u00a0\u00bb38685&Prime; img_size=\u00a0\u00bb\u00a0\u00bb alignment=\u00a0\u00bbcenter\u00a0\u00bb onclick=\u00a0\u00bbcustom_link\u00a0\u00bb css=\u00a0\u00bb.vc_custom_1734611001055{margin-bottom: 25px !important;}\u00a0\u00bb link=\u00a0\u00bbhttps:\/\/www.bio-suisse.ch\/fr.html\u00a0\u00bb][vc_column_text css=\u00a0\u00bb.vc_custom_1734610851165{margin-bottom: 50px !important;}\u00a0\u00bb]La certification <a href=\"https:\/\/www.bio-suisse.ch\/fr.html\"><strong>Bio Suisse<\/strong><\/a> permet la commercialisation de vos produits biologiques avec le label priv\u00e9 <strong>\u00ab BIOSUISSE ORGANIC \u00bb<\/strong>[\/vc_column_text]<div class=\"d-flex justify-content-center vc_custom_1734611055939\"><a class=\"psh_button btn-42217743\" href=\"https:\/\/www.bio-suisse.ch\/fr\/\" alt=\"\" target=\"_blank\">Plus d'informations<\/a><\/div>\n        <style>.psh_button.btn-42217743{\n          font-size: 18px;\n          text-transform: none;\n          padding: 10px 20px 10px 20px;\n          border-radius: 80px;\n          border-width: 0px;\n          background-color: #e30613;\n          border-color: ;\n          border-style: solid;\n          color: #ffffff;\n          display: inline-block;\n          \n          transition: all .3s ease-in-out;\n        }\n        .psh_button.btn-42217743:hover{\n          background-color: #f18970;\n          border-color: ;\n          color: #ffffff;\n          transition: all .3s ease-in-out;\n        }.vc_custom_1734611055939{margin-bottom: 50px !important;}<\/style>[\/vc_column_inner][\/vc_row_inner][\/vc_column][\/vc_row][vc_row css=\u00a0\u00bb.vc_custom_1752742528116{margin-bottom: 50px !important;padding-top: 50px !important;padding-bottom: 50px !important;background-color: #FFFFFF00 !important;}\u00a0\u00bb][vc_column css=\u00a0\u00bb.vc_custom_1619094754273{padding-top: 0px !important;}\u00a0\u00bb offset=\u00a0\u00bbvc_col-lg-offset-1 vc_col-lg-10&Prime;][vc_column_text css=\u00a0\u00bb\u00a0\u00bb]<\/p>\n<h3 style=\"text-align: center;\">ALLEMAGNE<\/h3>\n<p>[\/vc_column_text][vc_row_inner equal_height=\u00a0\u00bbyes\u00a0\u00bb gap=\u00a0\u00bb20&Prime;][vc_column_inner width=\u00a0\u00bb1\/2&Prime; offset=\u00a0\u00bbvc_col-lg-offset-3 vc_col-md-offset-3 vc_col-sm-offset-3&Prime;][vc_column_text css=\u00a0\u00bb.vc_custom_1734610992321{margin-bottom: 50px !important;}\u00a0\u00bb]<\/p>\n<p style=\"text-align: center;\"><strong>Bio-Siegel<\/strong><\/p>\n<p>[\/vc_column_text][vc_single_image image=\u00a0\u00bb5989&Prime; img_size=\u00a0\u00bb200&#215;129&Prime; alignment=\u00a0\u00bbcenter\u00a0\u00bb onclick=\u00a0\u00bbcustom_link\u00a0\u00bb css=\u00a0\u00bb.vc_custom_1752742780619{margin-bottom: 25px !important;}\u00a0\u00bb link=\u00a0\u00bbhttps:\/\/www.bmel.de\/DE\/themen\/landwirtschaft\/oekologischer-landbau\/bio-siegel.html\u00a0\u00bb][vc_column_text css=\u00a0\u00bb\u00a0\u00bb]Bio-Siegel est le label allemand qui peut \u00eatre appos\u00e9 sur tout produit certifi\u00e9 BIO.[\/vc_column_text]<div class=\"d-flex justify-content-center vc_custom_1619784762640\"><a class=\"psh_button btn-90089348\" href=\"https:\/\/www.bmel.de\/DE\/themen\/landwirtschaft\/oekologischer-landbau\/bio-siegel.html\" alt=\"\" target=\"_blank\">Plus d'informations<\/a><\/div>\n        <style>.psh_button.btn-90089348{\n          font-size: 18px;\n          text-transform: none;\n          padding: 10px 20px 10px 20px;\n          border-radius: 80px;\n          border-width: 0px;\n          background-color: #e30613;\n          border-color: ;\n          border-style: solid;\n          color: #ffffff;\n          display: inline-block;\n          \n          transition: all .3s ease-in-out;\n        }\n        .psh_button.btn-90089348:hover{\n          background-color: #f18970;\n          border-color: ;\n          color: #ffffff;\n          transition: all .3s ease-in-out;\n        }.vc_custom_1619784762640{margin-bottom: 50px !important;}<\/style>[\/vc_column_inner][\/vc_row_inner][\/vc_column][\/vc_row][vc_row css=\u00a0\u00bb.vc_custom_1752742871420{padding-bottom: 150px !important;background: #F0F3F100 url(https:\/\/www.certisys.eu\/wp-content\/uploads\/2020\/10\/bg-3-1.png?id=892) !important;}\u00a0\u00bb el_class=\u00a0\u00bbcustom-lastrow\u00a0\u00bb][vc_column css=\u00a0\u00bb.vc_custom_1619094754273{padding-top: 0px !important;}\u00a0\u00bb offset=\u00a0\u00bbvc_col-lg-offset-1 vc_col-lg-10&Prime;][vc_column_text css=\u00a0\u00bb\u00a0\u00bb]<\/p>\n<p>&nbsp;<\/p>\n<h3 style=\"text-align: center;\">Vous voulez obtenir une certification particuli\u00e8re li\u00e9e \u00e0 l\u2019agriculture biologique<br \/>\nsur vos produits ?<\/h3>\n<h3 style=\"text-align: center;\">Vous d\u00e9sirez obtenir plus d\u2019infos sur une certification li\u00e9e au BIO ?<\/h3>\n<p style=\"text-align: center;\">Nous sommes \u00e0 votre disposition pour vous donner de plus amples informations.<\/p>\n<p>[\/vc_column_text]<div class=\"d-flex justify-content-center vc_custom_1620225666856\"><a class=\"psh_button btn-78139317\" href=\"https:\/\/www.certisys.eu\/contact\/\" alt=\"Contact\" target=\"\">Contactez-nous<\/a><\/div>\n        <style>.psh_button.btn-78139317{\n          font-size: 18px;\n          text-transform: none;\n          padding: 10px 20px 10px 20px;\n          border-radius: 80px;\n          border-width: 0px;\n          background-color: #e30613;\n          border-color: ;\n          border-style: solid;\n          color: #ffffff;\n          display: inline-block;\n          \n          transition: all .3s ease-in-out;\n        }\n        .psh_button.btn-78139317:hover{\n          background-color: #f18970;\n          border-color: ;\n          color: #ffffff;\n          transition: all .3s ease-in-out;\n        }.vc_custom_1620225666856{margin-bottom: 50px !important;}<\/style>[\/vc_column][\/vc_row]<\/p>\n<\/div>","protected":false},"excerpt":{"rendered":"<p>[vc_row content_placement=\u00a0\u00bbmiddle\u00a0\u00bb css=\u00a0\u00bb.vc_custom_1605630337493{padding-bottom: 30px !important;}\u00a0\u00bb][vc_column width=\u00a0\u00bb1\/2&Prime; offset=\u00a0\u00bbvc_col-lg-offset-2 vc_col-lg-4&Prime;][vc_column_text]Il existe des labels sp\u00e9cialis\u00e9s sur les produits alimentaires BIO octroy\u00e9s sur base de cahiers des charges g\u00e9r\u00e9s par des organismes ou associations de producteurs, transformateurs ou consommateurs. Ces labels pr\u00e9existent souvent \u00e0 la R\u00e9glementation europ\u00e9enne et couvrent, pour certains d\u2019entre eux, des domaines non couverts par cette [&hellip;]<\/p>\n","protected":false},"author":1,"featured_media":0,"parent":16804,"menu_order":4,"comment_status":"closed","ping_status":"closed","template":"","meta":{"_acf_changed":false,"footnotes":""},"class_list":["post-36","page","type-page","status-publish","hentry"],"acf":[],"yoast_head":"<!-- This site is optimized with the Yoast SEO plugin v27.4 - https:\/\/yoast.com\/product\/yoast-seo-wordpress\/ -->\n<title>Labels BIO sp\u00e9cialis\u00e9s - CERTISYS<\/title>\n<meta name=\"description\" content=\"Vous voulez apposer un label particulier li\u00e9 \u00e0 l\u2019agriculture biologique sur vos produits? Vous trouverez ici les labels les plus demand\u00e9s\" \/>\n<meta name=\"robots\" content=\"index, follow, max-snippet:-1, max-image-preview:large, max-video-preview:-1\" \/>\n<link rel=\"canonical\" href=\"https:\/\/www.certisys.eu\/fr\/labels-et-certifications\/labels-bio-specialises\/\" \/>\n<meta property=\"og:locale\" content=\"fr_FR\" \/>\n<meta property=\"og:type\" content=\"article\" \/>\n<meta property=\"og:title\" content=\"Labels BIO sp\u00e9cialis\u00e9s - CERTISYS\" \/>\n<meta property=\"og:description\" content=\"Vous voulez apposer un label particulier li\u00e9 \u00e0 l\u2019agriculture biologique sur vos produits? Vous trouverez ici les labels les plus demand\u00e9s\" \/>\n<meta property=\"og:url\" content=\"https:\/\/www.certisys.eu\/fr\/labels-et-certifications\/labels-bio-specialises\/\" \/>\n<meta property=\"og:site_name\" content=\"CERTISYS\" \/>\n<meta property=\"article:modified_time\" content=\"2025-07-17T09:01:13+00:00\" \/>\n<meta name=\"twitter:card\" content=\"summary_large_image\" \/>\n<meta name=\"twitter:label1\" content=\"Dur\u00e9e de lecture estim\u00e9e\" \/>\n\t<meta name=\"twitter:data1\" content=\"4 minutes\" \/>\n<!-- \/ Yoast SEO plugin. -->","yoast_head_json":{"title":"Labels BIO sp\u00e9cialis\u00e9s - CERTISYS","description":"Vous voulez apposer un label particulier li\u00e9 \u00e0 l\u2019agriculture biologique sur vos produits? Vous trouverez ici les labels les plus demand\u00e9s","robots":{"index":"index","follow":"follow","max-snippet":"max-snippet:-1","max-image-preview":"max-image-preview:large","max-video-preview":"max-video-preview:-1"},"canonical":"https:\/\/www.certisys.eu\/fr\/labels-et-certifications\/labels-bio-specialises\/","og_locale":"fr_FR","og_type":"article","og_title":"Labels BIO sp\u00e9cialis\u00e9s - CERTISYS","og_description":"Vous voulez apposer un label particulier li\u00e9 \u00e0 l\u2019agriculture biologique sur vos produits? Vous trouverez ici les labels les plus demand\u00e9s","og_url":"https:\/\/www.certisys.eu\/fr\/labels-et-certifications\/labels-bio-specialises\/","og_site_name":"CERTISYS","article_modified_time":"2025-07-17T09:01:13+00:00","twitter_card":"summary_large_image","twitter_misc":{"Dur\u00e9e de lecture estim\u00e9e":"4 minutes"},"schema":{"@context":"https:\/\/schema.org","@graph":[{"@type":"WebPage","@id":"https:\/\/www.certisys.eu\/fr\/labels-et-certifications\/labels-bio-specialises\/","url":"https:\/\/www.certisys.eu\/fr\/labels-et-certifications\/labels-bio-specialises\/","name":"Labels BIO sp\u00e9cialis\u00e9s - CERTISYS","isPartOf":{"@id":"https:\/\/www.certisys.eu\/fr\/#website"},"datePublished":"2020-10-12T08:26:13+00:00","dateModified":"2025-07-17T09:01:13+00:00","description":"Vous voulez apposer un label particulier li\u00e9 \u00e0 l\u2019agriculture biologique sur vos produits? Vous trouverez ici les labels les plus demand\u00e9s","breadcrumb":{"@id":"https:\/\/www.certisys.eu\/fr\/labels-et-certifications\/labels-bio-specialises\/#breadcrumb"},"inLanguage":"fr-FR","potentialAction":[{"@type":"ReadAction","target":["https:\/\/www.certisys.eu\/fr\/labels-et-certifications\/labels-bio-specialises\/"]}]},{"@type":"BreadcrumbList","@id":"https:\/\/www.certisys.eu\/fr\/labels-et-certifications\/labels-bio-specialises\/#breadcrumb","itemListElement":[{"@type":"ListItem","position":1,"name":"Home","item":"https:\/\/www.certisys.eu\/fr\/"},{"@type":"ListItem","position":2,"name":"Labels et Certifications","item":"https:\/\/www.certisys.eu\/fr\/labels-et-certifications\/"},{"@type":"ListItem","position":3,"name":"Labels BIO sp\u00e9cialis\u00e9s"}]},{"@type":"WebSite","@id":"https:\/\/www.certisys.eu\/fr\/#website","url":"https:\/\/www.certisys.eu\/fr\/","name":"CERTISYS","description":"Bio Certification","potentialAction":[{"@type":"SearchAction","target":{"@type":"EntryPoint","urlTemplate":"https:\/\/www.certisys.eu\/fr\/?s={search_term_string}"},"query-input":{"@type":"PropertyValueSpecification","valueRequired":true,"valueName":"search_term_string"}}],"inLanguage":"fr-FR"}]}},"jetpack_sharing_enabled":true,"_links":{"self":[{"href":"https:\/\/www.certisys.eu\/fr\/wp-json\/wp\/v2\/pages\/36","targetHints":{"allow":["GET"]}}],"collection":[{"href":"https:\/\/www.certisys.eu\/fr\/wp-json\/wp\/v2\/pages"}],"about":[{"href":"https:\/\/www.certisys.eu\/fr\/wp-json\/wp\/v2\/types\/page"}],"author":[{"embeddable":true,"href":"https:\/\/www.certisys.eu\/fr\/wp-json\/wp\/v2\/users\/1"}],"replies":[{"embeddable":true,"href":"https:\/\/www.certisys.eu\/fr\/wp-json\/wp\/v2\/comments?post=36"}],"version-history":[{"count":48,"href":"https:\/\/www.certisys.eu\/fr\/wp-json\/wp\/v2\/pages\/36\/revisions"}],"predecessor-version":[{"id":47782,"href":"https:\/\/www.certisys.eu\/fr\/wp-json\/wp\/v2\/pages\/36\/revisions\/47782"}],"up":[{"embeddable":true,"href":"https:\/\/www.certisys.eu\/fr\/wp-json\/wp\/v2\/pages\/16804"}],"wp:attachment":[{"href":"https:\/\/www.certisys.eu\/fr\/wp-json\/wp\/v2\/media?parent=36"}],"curies":[{"name":"wp","href":"https:\/\/api.w.org\/{rel}","templated":true}]}}