{"id":35559,"date":"2024-10-01T14:08:16","date_gmt":"2024-10-01T12:08:16","guid":{"rendered":"https:\/\/www.certisys.eu\/?page_id=35559"},"modified":"2025-10-28T12:21:31","modified_gmt":"2025-10-28T10:21:31","slug":"cosmetiques-bio-et-naturelles","status":"publish","type":"page","link":"https:\/\/www.certisys.eu\/fr\/labels-et-certifications\/ecoproduits\/cosmetiques-bio-et-naturelles\/","title":{"rendered":"Cosm\u00e9tiques"},"content":{"rendered":"<div class=\"wpb-content-wrapper\"><p>[vc_row content_placement=\u00a0\u00bbmiddle\u00a0\u00bb css=\u00a0\u00bb.vc_custom_1666872337142{padding-bottom: 50px !important;}\u00a0\u00bb][vc_column width=\u00a0\u00bb2\/3&Prime; offset=\u00a0\u00bbvc_col-lg-offset-2 vc_col-lg-8&Prime; css=\u00a0\u00bb.vc_custom_1666692642473{padding-top: 0px !important;}\u00a0\u00bb][vc_column_text css=\u00a0\u00bb\u00a0\u00bb]<\/p>\n<h2 style=\"text-align: center;\">Vous d\u00e9sirez faire certifier vos cosm\u00e9tiques naturels et\/ou biologiques\u00a0?<\/h2>\n<p>[\/vc_column_text][vc_column_text css=\u00a0\u00bb\u00a0\u00bb]<\/p>\n<p style=\"text-align: center;\">CERTISYS\u00ae vous propose plusieurs options.<\/p>\n<p>[\/vc_column_text][\/vc_column][\/vc_row][vc_row css=\u00a0\u00bb.vc_custom_1729512229114{background-color: #f0f3f1 !important;}\u00a0\u00bb][vc_column css=\u00a0\u00bb.vc_custom_1616056778505{padding-top: 0px !important;}\u00a0\u00bb offset=\u00a0\u00bbvc_col-lg-offset-2 vc_col-lg-8 vc_col-md-offset-1 vc_col-md-10&Prime;][vc_single_image image=\u00a0\u00bb36752&Prime; img_size=\u00a0\u00bb150&#215;150&Prime; alignment=\u00a0\u00bbcenter\u00a0\u00bb css=\u00a0\u00bb.vc_custom_1729512755322{margin-bottom: 0px !important;padding-top: 20px !important;padding-right: 20px !important;padding-bottom: 20px !important;padding-left: 20px !important;border-radius: 15px !important;}\u00a0\u00bb][vc_column_text css=\u00a0\u00bb\u00a0\u00bb]<\/p>\n<h3 style=\"text-align: center;\">Association Internationale des Cosm\u00e9tiques Naturels et Biologiques<\/h3>\n<p>[\/vc_column_text][vc_row_inner gap=\u00a0\u00bb25&Prime;][vc_column_inner width=\u00a0\u00bb1\/3&Prime;][vc_column_text css=\u00a0\u00bb\u00a0\u00bb]<em><strong>Quel est l&rsquo;objectif de la certification NATRUE ?<\/strong><\/em>[\/vc_column_text][\/vc_column_inner][vc_column_inner width=\u00a0\u00bb2\/3&Prime;][vc_column_text css=\u00a0\u00bb\u00a0\u00bb]La certification <a href=\"https:\/\/natrue.org\/fr\/\">NATRUE<\/a> vous permet de promouvoir, de prot\u00e9ger et de commercialiser les cosm\u00e9tiques naturels et biologiques dans le monde entier.[\/vc_column_text][\/vc_column_inner][\/vc_row_inner][vc_separator][vc_row_inner gap=\u00a0\u00bb25&Prime;][vc_column_inner width=\u00a0\u00bb1\/3&Prime;][vc_column_text css=\u00a0\u00bb\u00a0\u00bb]<em><strong>Quelles sont les principales garanties de la certification NATRUE ?<\/strong><\/em>[\/vc_column_text][\/vc_column_inner][vc_column_inner width=\u00a0\u00bb2\/3&Prime;][vc_column_text css=\u00a0\u00bb\u00a0\u00bb]<\/p>\n<ul>\n<li>Promouvoir, commercialiser et garantir au consommateur la plus haute qualit\u00e9 en mati\u00e8re de cosm\u00e9tiques naturels et biologiques.<\/li>\n<li>Soutenir l&rsquo;innovation durable et la consommation responsable.<\/li>\n<li>Prot\u00e9ger l&rsquo;environnement et promouvoir la r\u00e9duction des d\u00e9chets.<\/li>\n<li>D\u00e9fendre le bien-\u00eatre des animaux.<\/li>\n<li>Les produits certifi\u00e9s NATRUE sont compos\u00e9s uniquement de substances 100% naturelles, d\u00e9riv\u00e9es naturelles et nature-identiques.<\/li>\n<li>Aucune substance issue d&rsquo;OGM, de silicones, de parab\u00e8nes, de microplastiques, de parfums synth\u00e9tiques ou d&rsquo;huiles min\u00e9rales n&rsquo;est autoris\u00e9e dans la formulation des produits portant le label NATRUE.<\/li>\n<li>Respecter le caract\u00e8re unique des produits : NATRUE distingue 13 cat\u00e9gories afin de garantir des niveaux maximums de contenu naturel et biologique adapt\u00e9.<\/li>\n<li>La transparence : le syst\u00e8me de certification est compl\u00e8tement ind\u00e9pendant. Des certificateurs externes accr\u00e9dit\u00e9s comme Certisys veillent \u00e0 \u00e9valuer les produits afin qu&rsquo;ils respectent les crit\u00e8res rigoureux de NATRUE. De plus, au moins 75% des produits d&rsquo;une marque ou sous-marque doivent remplir les crit\u00e8res du label pour que cette marque soit certifi\u00e9e NATRUE. Cela permet de combattre le greenwashing.<\/li>\n<\/ul>\n<div id=\"ConnectiveDocSignExtentionInstalled\" data-extension-version=\"1.0.4\"><\/div>\n<p>[\/vc_column_text][\/vc_column_inner][\/vc_row_inner][vc_separator][vc_row_inner gap=\u00a0\u00bb25&Prime;][vc_column_inner width=\u00a0\u00bb1\/3&Prime;][vc_column_text css=\u00a0\u00bb\u00a0\u00bb]<em><strong>\u00c0 qui est destin\u00e9 le label NATRUE ?<\/strong><\/em>[\/vc_column_text][\/vc_column_inner][vc_column_inner width=\u00a0\u00bb2\/3&Prime;][vc_column_text css=\u00a0\u00bb\u00a0\u00bb]Le label NATRUE est destin\u00e9 aux producteurs de mati\u00e8res premi\u00e8res, fabricants de cosm\u00e9tiques, marques, formulateurs ou tout autre acteur de l&rsquo;industrie cosm\u00e9tique.[\/vc_column_text][\/vc_column_inner][\/vc_row_inner][vc_separator][vc_row_inner gap=\u00a0\u00bb25&Prime;][vc_column_inner width=\u00a0\u00bb1\/3&Prime;][vc_column_text css=\u00a0\u00bb\u00a0\u00bb]<em><strong>Quelles mati\u00e8res premi\u00e8res choisir ?<\/strong><\/em>[\/vc_column_text][\/vc_column_inner][vc_column_inner width=\u00a0\u00bb2\/3&Prime;][vc_column_text css=\u00a0\u00bb\u00a0\u00bb]Acc\u00e9dez \u00e0 la <a href=\"https:\/\/natrue.org\/fr\/our-standard\/natrue-certified-world\/?database%255Btab%255D=raw-materials&amp;prod%255BpageIndex%255D=1&amp;prod%255Bsearch%255D=\" target=\"_blank\" rel=\"noopener\">base de donn\u00e9es NATRUE<\/a> d&rsquo;ingr\u00e9dients certifi\u00e9s biologiques et de mati\u00e8res premi\u00e8res approuv\u00e9es.<\/p>\n<p>&nbsp;<\/p>\n<p>Vous \u00eates formulateur, fournisseur de mati\u00e8res premi\u00e8res ou fabricant de cosm\u00e9tiques ? Contactez nos experts et augmentez votre visibilit\u00e9.[\/vc_column_text]<div class=\"d-flex justify-content-start vc_custom_1731665384737\"><a class=\"psh_button btn-13950708\" href=\"https:\/\/forms.office.com\/Pages\/ResponsePage.aspx?id=3OwJ-waJjESGh0DTqX2HB-O1h3gaDlhOka7S6Apa_1xUM0tER1o5WDJUUU1XM1M0NVRTSU40MzY2UC4u&embed=true\" alt=\"Demandez un devis\" target=\"_blank\">Demandez un devis<\/a><\/div>\n        <style>.psh_button.btn-13950708{\n          font-size: 20px;\n          text-transform: none;\n          padding: 10px 25px 10px 25px;\n          border-radius: 80px;\n          border-width: 0px;\n          background-color: #e30613;\n          border-color: ;\n          border-style: solid;\n          color: #ffffff;\n          display: inline-block;\n          \n          transition: all .3s ease-in-out;\n        }\n        .psh_button.btn-13950708:hover{\n          background-color: #f18970;\n          border-color: ;\n          color: #ffffff;\n          transition: all .3s ease-in-out;\n        }.vc_custom_1731665384737{padding-bottom: 30px !important;}<\/style>[\/vc_column_inner][\/vc_row_inner][vc_separator][\/vc_column][\/vc_row][vc_row css=\u00a0\u00bb.vc_custom_1729513974508{padding-bottom: 30px !important;}\u00a0\u00bb][vc_column css=\u00a0\u00bb.vc_custom_1616056778505{padding-top: 0px !important;}\u00a0\u00bb offset=\u00a0\u00bbvc_col-lg-offset-2 vc_col-lg-8 vc_col-md-offset-1 vc_col-md-10&Prime;][vc_separator][vc_single_image image=\u00a0\u00bb16857&Prime; img_size=\u00a0\u00bb150&#215;150&Prime; alignment=\u00a0\u00bbcenter\u00a0\u00bb css=\u00a0\u00bb.vc_custom_1729513914107{margin-bottom: 0px !important;padding-top: 20px !important;padding-right: 20px !important;padding-bottom: 20px !important;padding-left: 20px !important;background-color: #ffffff !important;border-radius: 15px !important;}\u00a0\u00bb][vc_column_text css=\u00a0\u00bb\u00a0\u00bb]<\/p>\n<h3 style=\"text-align: center;\">Ecogarantie\u00ae<\/h3>\n<p>[\/vc_column_text][vc_row_inner gap=\u00a0\u00bb25&Prime;][vc_column_inner width=\u00a0\u00bb1\/3&Prime;][vc_column_text css=\u00a0\u00bb\u00a0\u00bb]<\/p>\n<p style=\"text-align: left;\"><span class=\"TextRun Highlight SCXW64322174 BCX2\" lang=\"FR-BE\" xml:lang=\"FR-BE\" data-contrast=\"auto\"><span class=\"NormalTextRun SCXW64322174 BCX2\" data-ccp-parastyle=\"Normal Titre 2\" data-ccp-parastyle-defn=\"{&quot;ObjectId&quot;:&quot;00000000-0000-0000-0000-000000000000|0&quot;,&quot;ClassId&quot;:1073872969,&quot;Properties&quot;:[469775450,&quot;Normal Titre 2&quot;,201340122,&quot;2&quot;,134234082,&quot;true&quot;,134233614,&quot;true&quot;,469778129,&quot;NormalTitre2&quot;,335572020,&quot;1&quot;,201342447,&quot;1&quot;,201342448,&quot;1&quot;,469777842,&quot;Calibri&quot;,469777843,&quot;Calibri&quot;,201341986,&quot;1&quot;,268442635,&quot;20&quot;,335559705,&quot;1033&quot;,335559685,&quot;425&quot;,335559739,&quot;120&quot;,469778325,&quot;[\\&quot;heading 3\\&quot;]&quot;,469777929,&quot;Normal Titre 2 Car&quot;,469778324,&quot;Normal&quot;,469777841,&quot;Gill Sans Nova&quot;,469769226,&quot;Gill Sans Nova,Arial,\u6e38\u660e\u671d&quot;,469777844,&quot;Gill Sans Nova&quot;,201341983,&quot;0&quot;,335559738,&quot;120&quot;,335559740,&quot;240&quot;,335551550,&quot;6&quot;,335551620,&quot;6&quot;]}\" data-ccp-parastyle-linked-defn=\"{&quot;ObjectId&quot;:&quot;00000000-0000-0000-0000-000000000000|0&quot;,&quot;ClassId&quot;:1073872969,&quot;Properties&quot;:[469775450,&quot;Normal Titre 2 Car&quot;,201340122,&quot;1&quot;,134233614,&quot;true&quot;,469778129,&quot;NormalTitre2Car&quot;,335572020,&quot;1&quot;,134231262,&quot;true&quot;,201342447,&quot;1&quot;,469777841,&quot;Gill Sans Nova&quot;,469777842,&quot;Calibri&quot;,469777844,&quot;Gill Sans Nova&quot;,469769226,&quot;Gill Sans Nova,Calibri&quot;,268442635,&quot;20&quot;,469777929,&quot;Normal Titre 2&quot;,469778324,&quot;Default Paragraph Font&quot;,469778325,&quot;[\\&quot;Normal Titre 3 Car\\&quot;]&quot;]}\">Depuis de nombreuses ann\u00e9es, <\/span><span class=\"NormalTextRun SCXW64322174 BCX2\" data-ccp-parastyle=\"Normal Titre 2\">Certisys<\/span><span class=\"NormalTextRun SCXW64322174 BCX2\" data-ccp-parastyle=\"Normal Titre 2\"> vous permet d\u2019obtenir le label <strong>Ecogarantie\u00ae<\/strong>.<\/span><\/span><\/p>\n<p style=\"text-align: left;\">Il s\u2019agit d\u2019une norme priv\u00e9e qui a \u00e9t\u00e9 d\u00e9velopp\u00e9e pour la certification de cosm\u00e9tiques mais \u00e9galement d\u2019articles de nettoyage, sprays, vaporisateurs, parfums, etc.<\/p>\n<p>[\/vc_column_text][\/vc_column_inner][vc_column_inner width=\u00a0\u00bb2\/3&Prime;][vc_column_text css=\u00a0\u00bb\u00a0\u00bb]<\/p>\n<p style=\"text-align: left;\"><strong><em>Que garantit ce label\u00a0? <\/em><\/strong><\/p>\n<ul style=\"text-align: center;\">\n<li style=\"text-align: left;\">Des ingr\u00e9dients d\u2019origine v\u00e9g\u00e9tale (huiles essentielles, aloe vera, etc.)100% BIO.<\/li>\n<li style=\"text-align: left;\">Pas d\u2019OGM<\/li>\n<li style=\"text-align: left;\">Des produits fabriqu\u00e9s \u00e0 base d\u2019un maximum d\u2019ingr\u00e9dients biod\u00e9gradables<\/li>\n<li style=\"text-align: left;\">\u00ab\u00a0L\u2019interdiction de la plupart des ingr\u00e9dients p\u00e9trochimiques\u00a0\u00bb<\/li>\n<\/ul>\n<p>[\/vc_column_text][\/vc_column_inner][\/vc_row_inner][vc_column_text css=\u00a0\u00bb.vc_custom_1727784420785{margin-top: 10px !important;}\u00a0\u00bb]<\/p>\n<p style=\"text-align: center;\">Pour plus d\u2019informations sur le label <strong>Ecogarantie\u00ae, <\/strong>consultez le <a href=\"https:\/\/ecogarantie.eu\/fr\/\" target=\"_blank\" rel=\"noopener\">site web<\/a>.<\/p>\n<p style=\"text-align: center;\">Pour plus d\u2019informations sur comment faire certifier vos produits Ecogarantie\u00ae<strong>, <\/strong><a href=\"https:\/\/www.certisys.eu\/mon-activite\/cosmetiques-et-nettoyage\/\" target=\"_blank\" rel=\"noopener\">cliquez ici<\/a><\/p>\n<p>[\/vc_column_text][\/vc_column][\/vc_row][vc_row css=\u00a0\u00bb.vc_custom_1614846917657{padding-top: 50px !important;padding-bottom: 80px !important;background-color: #f0f3f1 !important;}\u00a0\u00bb][vc_column width=\u00a0\u00bb1\/6&Prime;][\/vc_column][vc_column width=\u00a0\u00bb2\/3&Prime;][vc_row_inner][vc_column_inner width=\u00a0\u00bb1\/2&Prime;][vc_single_image image=\u00a0\u00bb21260&Prime; img_size=\u00a0\u00bb150&#215;150&Prime; alignment=\u00a0\u00bbcenter\u00a0\u00bb css=\u00a0\u00bb.vc_custom_1729849761314{margin-bottom: 0px !important;padding-top: 20px !important;padding-right: 20px !important;padding-bottom: 20px !important;padding-left: 20px !important;}\u00a0\u00bb][vc_column_text css=\u00a0\u00bb\u00a0\u00bb]<\/p>\n<h3 style=\"text-align: center;\">COSMOS organic<\/h3>\n<p>[\/vc_column_text][\/vc_column_inner][vc_column_inner width=\u00a0\u00bb1\/2&Prime;][vc_single_image image=\u00a0\u00bb21259&Prime; img_size=\u00a0\u00bb150&#215;150&Prime; alignment=\u00a0\u00bbcenter\u00a0\u00bb css=\u00a0\u00bb.vc_custom_1729514274019{margin-bottom: 0px !important;padding-top: 20px !important;padding-right: 20px !important;padding-bottom: 20px !important;padding-left: 20px !important;}\u00a0\u00bb][vc_column_text css=\u00a0\u00bb\u00a0\u00bb]<\/p>\n<h3 style=\"text-align: center;\">COSMOS natural<\/h3>\n<p>[\/vc_column_text][\/vc_column_inner][\/vc_row_inner][vc_column_text css=\u00a0\u00bb\u00a0\u00bb]<\/p>\n<p style=\"text-align: center;\">Ce cahier des charges priv\u00e9 d\u00e9finit les crit\u00e8res que les soci\u00e9t\u00e9s doivent respecter pour garantir aux consommateurs que leurs produits sont de v\u00e9ritables cosm\u00e9tiques biologiques ou naturels fabriqu\u00e9s selon les pratiques de durabilit\u00e9 les plus \u00e9lev\u00e9es possibles.\u200b<\/p>\n<p style=\"text-align: center;\">Ecocert Greenlife propose la <a href=\"https:\/\/www.ecocert.com\/fr-FR\/certification\/cosmetiques-biologiques-ou-naturels-cosmos\">certification COSMOS<\/a> au Benelux.<\/p>\n<p>[\/vc_column_text][\/vc_column][vc_column width=\u00a0\u00bb1\/6&Prime;][\/vc_column][\/vc_row][vc_row el_class=\u00a0\u00bbcustom-lastrow\u00a0\u00bb css=\u00a0\u00bb.vc_custom_1728996886457{padding-top: 50px !important;padding-bottom: 150px !important;background-image: url(https:\/\/www.certisys.eu\/wp-content\/uploads\/2021\/12\/bg-3-1.png?id=11277) !important;}\u00a0\u00bb][vc_column][vc_column_text css=\u00a0\u00bb\u00a0\u00bb]<\/p>\n<h2 style=\"text-align: center;\">Besoin de plus amples informations\u00a0?<\/h2>\n<p style=\"text-align: center;\">Notre service clients est l\u00e0 pour vous aider.<\/p>\n<p>[\/vc_column_text]<div class=\"d-flex justify-content-center \"><a class=\"psh_button btn-86719799\" href=\"https:\/\/www.certisys.eu\/fr\/contactez-nos-equipes\/\" alt=\"Contactez-nous\" target=\"\">Contactez-nous<\/a><\/div>\n        <style>.psh_button.btn-86719799{\n          font-size: 20px;\n          text-transform: none;\n          padding: 10px 25px 10px 25px;\n          border-radius: 80px;\n          border-width: 0px;\n          background-color: #e30613;\n          border-color: ;\n          border-style: solid;\n          color: #ffffff;\n          display: inline-block;\n          \n          transition: all .3s ease-in-out;\n        }\n        .psh_button.btn-86719799:hover{\n          background-color: #f18970;\n          border-color: ;\n          color: #ffffff;\n          transition: all .3s ease-in-out;\n        }<\/style>[\/vc_column][\/vc_row]<\/p>\n<\/div>","protected":false},"excerpt":{"rendered":"<p>[vc_row content_placement=\u00a0\u00bbmiddle\u00a0\u00bb css=\u00a0\u00bb.vc_custom_1666872337142{padding-bottom: 50px !important;}\u00a0\u00bb][vc_column width=\u00a0\u00bb2\/3&Prime; offset=\u00a0\u00bbvc_col-lg-offset-2 vc_col-lg-8&Prime; css=\u00a0\u00bb.vc_custom_1666692642473{padding-top: 0px !important;}\u00a0\u00bb][vc_column_text css=\u00a0\u00bb\u00a0\u00bb] Vous d\u00e9sirez faire certifier vos cosm\u00e9tiques naturels et\/ou biologiques\u00a0? [\/vc_column_text][vc_column_text css=\u00a0\u00bb\u00a0\u00bb] CERTISYS\u00ae vous propose plusieurs options. [\/vc_column_text][\/vc_column][\/vc_row][vc_row css=\u00a0\u00bb.vc_custom_1729512229114{background-color: #f0f3f1 !important;}\u00a0\u00bb][vc_column css=\u00a0\u00bb.vc_custom_1616056778505{padding-top: 0px !important;}\u00a0\u00bb offset=\u00a0\u00bbvc_col-lg-offset-2 vc_col-lg-8 vc_col-md-offset-1 vc_col-md-10&Prime;][vc_single_image image=\u00a0\u00bb36752&Prime; img_size=\u00a0\u00bb150&#215;150&Prime; alignment=\u00a0\u00bbcenter\u00a0\u00bb css=\u00a0\u00bb.vc_custom_1729512755322{margin-bottom: 0px !important;padding-top: 20px !important;padding-right: 20px !important;padding-bottom: 20px !important;padding-left: 20px !important;border-radius: 15px !important;}\u00a0\u00bb][vc_column_text [&hellip;]<\/p>\n","protected":false},"author":15,"featured_media":0,"parent":16839,"menu_order":0,"comment_status":"closed","ping_status":"closed","template":"","meta":{"_acf_changed":false,"footnotes":""},"class_list":["post-35559","page","type-page","status-publish","hentry"],"acf":[],"yoast_head":"<!-- This site is optimized with the Yoast SEO plugin v26.6 - https:\/\/yoast.com\/wordpress\/plugins\/seo\/ -->\n<title>Cosm\u00e9tiques - CERTISYS<\/title>\n<meta name=\"description\" content=\"Vous d\u00e9sirez faire certifier vos cosm\u00e9tiques ? CERTISYS vous accompagne dans vos d\u00e9marches. Prenez contact avec nous\" \/>\n<meta name=\"robots\" content=\"index, follow, max-snippet:-1, max-image-preview:large, max-video-preview:-1\" \/>\n<link rel=\"canonical\" href=\"https:\/\/www.certisys.eu\/fr\/labels-et-certifications\/ecoproduits\/cosmetiques-bio-et-naturelles\/\" \/>\n<meta property=\"og:locale\" content=\"fr_FR\" \/>\n<meta property=\"og:type\" content=\"article\" \/>\n<meta property=\"og:title\" content=\"Cosm\u00e9tiques - CERTISYS\" \/>\n<meta property=\"og:description\" content=\"Vous d\u00e9sirez faire certifier vos cosm\u00e9tiques ? CERTISYS vous accompagne dans vos d\u00e9marches. Prenez contact avec nous\" \/>\n<meta property=\"og:url\" content=\"https:\/\/www.certisys.eu\/fr\/labels-et-certifications\/ecoproduits\/cosmetiques-bio-et-naturelles\/\" \/>\n<meta property=\"og:site_name\" content=\"CERTISYS\" \/>\n<meta property=\"article:modified_time\" content=\"2025-10-28T10:21:31+00:00\" \/>\n<meta name=\"twitter:card\" content=\"summary_large_image\" \/>\n<meta name=\"twitter:label1\" content=\"Dur\u00e9e de lecture estim\u00e9e\" \/>\n\t<meta name=\"twitter:data1\" content=\"3 minutes\" \/>\n<!-- \/ Yoast SEO plugin. -->","yoast_head_json":{"title":"Cosm\u00e9tiques - CERTISYS","description":"Vous d\u00e9sirez faire certifier vos cosm\u00e9tiques ? CERTISYS vous accompagne dans vos d\u00e9marches. Prenez contact avec nous","robots":{"index":"index","follow":"follow","max-snippet":"max-snippet:-1","max-image-preview":"max-image-preview:large","max-video-preview":"max-video-preview:-1"},"canonical":"https:\/\/www.certisys.eu\/fr\/labels-et-certifications\/ecoproduits\/cosmetiques-bio-et-naturelles\/","og_locale":"fr_FR","og_type":"article","og_title":"Cosm\u00e9tiques - CERTISYS","og_description":"Vous d\u00e9sirez faire certifier vos cosm\u00e9tiques ? CERTISYS vous accompagne dans vos d\u00e9marches. Prenez contact avec nous","og_url":"https:\/\/www.certisys.eu\/fr\/labels-et-certifications\/ecoproduits\/cosmetiques-bio-et-naturelles\/","og_site_name":"CERTISYS","article_modified_time":"2025-10-28T10:21:31+00:00","twitter_card":"summary_large_image","twitter_misc":{"Dur\u00e9e de lecture estim\u00e9e":"3 minutes"},"schema":{"@context":"https:\/\/schema.org","@graph":[{"@type":"WebPage","@id":"https:\/\/www.certisys.eu\/fr\/labels-et-certifications\/ecoproduits\/cosmetiques-bio-et-naturelles\/","url":"https:\/\/www.certisys.eu\/fr\/labels-et-certifications\/ecoproduits\/cosmetiques-bio-et-naturelles\/","name":"Cosm\u00e9tiques - CERTISYS","isPartOf":{"@id":"https:\/\/www.certisys.eu\/fr\/#website"},"datePublished":"2024-10-01T12:08:16+00:00","dateModified":"2025-10-28T10:21:31+00:00","description":"Vous d\u00e9sirez faire certifier vos cosm\u00e9tiques ? CERTISYS vous accompagne dans vos d\u00e9marches. Prenez contact avec nous","breadcrumb":{"@id":"https:\/\/www.certisys.eu\/fr\/labels-et-certifications\/ecoproduits\/cosmetiques-bio-et-naturelles\/#breadcrumb"},"inLanguage":"fr-FR","potentialAction":[{"@type":"ReadAction","target":["https:\/\/www.certisys.eu\/fr\/labels-et-certifications\/ecoproduits\/cosmetiques-bio-et-naturelles\/"]}]},{"@type":"BreadcrumbList","@id":"https:\/\/www.certisys.eu\/fr\/labels-et-certifications\/ecoproduits\/cosmetiques-bio-et-naturelles\/#breadcrumb","itemListElement":[{"@type":"ListItem","position":1,"name":"Home","item":"https:\/\/www.certisys.eu\/fr\/"},{"@type":"ListItem","position":2,"name":"Labels et Certifications","item":"https:\/\/www.certisys.eu\/fr\/labels-et-certifications\/"},{"@type":"ListItem","position":3,"name":"Ecoproduits","item":"https:\/\/www.certisys.eu\/fr\/labels-et-certifications\/ecoproduits\/"},{"@type":"ListItem","position":4,"name":"Cosm\u00e9tiques"}]},{"@type":"WebSite","@id":"https:\/\/www.certisys.eu\/fr\/#website","url":"https:\/\/www.certisys.eu\/fr\/","name":"CERTISYS","description":"Bio Certification","potentialAction":[{"@type":"SearchAction","target":{"@type":"EntryPoint","urlTemplate":"https:\/\/www.certisys.eu\/fr\/?s={search_term_string}"},"query-input":{"@type":"PropertyValueSpecification","valueRequired":true,"valueName":"search_term_string"}}],"inLanguage":"fr-FR"}]}},"jetpack_sharing_enabled":true,"_links":{"self":[{"href":"https:\/\/www.certisys.eu\/fr\/wp-json\/wp\/v2\/pages\/35559","targetHints":{"allow":["GET"]}}],"collection":[{"href":"https:\/\/www.certisys.eu\/fr\/wp-json\/wp\/v2\/pages"}],"about":[{"href":"https:\/\/www.certisys.eu\/fr\/wp-json\/wp\/v2\/types\/page"}],"author":[{"embeddable":true,"href":"https:\/\/www.certisys.eu\/fr\/wp-json\/wp\/v2\/users\/15"}],"replies":[{"embeddable":true,"href":"https:\/\/www.certisys.eu\/fr\/wp-json\/wp\/v2\/comments?post=35559"}],"version-history":[{"count":19,"href":"https:\/\/www.certisys.eu\/fr\/wp-json\/wp\/v2\/pages\/35559\/revisions"}],"predecessor-version":[{"id":69600,"href":"https:\/\/www.certisys.eu\/fr\/wp-json\/wp\/v2\/pages\/35559\/revisions\/69600"}],"up":[{"embeddable":true,"href":"https:\/\/www.certisys.eu\/fr\/wp-json\/wp\/v2\/pages\/16839"}],"wp:attachment":[{"href":"https:\/\/www.certisys.eu\/fr\/wp-json\/wp\/v2\/media?parent=35559"}],"curies":[{"name":"wp","href":"https:\/\/api.w.org\/{rel}","templated":true}]}}