{"id":35391,"date":"2024-09-25T10:55:38","date_gmt":"2024-09-25T08:55:38","guid":{"rendered":"https:\/\/www.certisys.eu\/?page_id=35391"},"modified":"2025-07-17T16:15:01","modified_gmt":"2025-07-17T14:15:01","slug":"guides-pratiques-client","status":"publish","type":"page","link":"https:\/\/www.certisys.eu\/fr\/reglementation-bio\/guides-pratiques-client\/","title":{"rendered":"Guides pratiques (page compl\u00e8te)"},"content":{"rendered":"<div class=\"wpb-content-wrapper\"><p>[vc_row css=\u00a0\u00bb.vc_custom_1727252660029{margin-bottom: 70px !important;}\u00a0\u00bb][vc_column width=\u00a0\u00bb1\/6&Prime;][\/vc_column][vc_column width=\u00a0\u00bb2\/3&Prime;][vc_column_text css=\u00a0\u00bb\u00a0\u00bb]Vous avez une activit\u00e9 BIO ou vous d\u00e9sirez en d\u00e9marrer une et la r\u00e9glementation en la mati\u00e8re vous parait parfois trop vaste \u00e0 explorer ?<\/p>\n<p>Pas de probl\u00e8me ! Notre \u00e9quipe d\u2019experts Certisys a r\u00e9dig\u00e9 pour vous des guides pratiques qui reprennent <strong>l\u2019essentiel de la r\u00e9glementation propre \u00e0 votre secteur d \u2019activit\u00e9.<br \/>\n<\/strong><\/p>\n<p><em>Pour tout savoir sur la nouvelle R\u00e8glementation EU2018\/848, <\/em><a href=\"https:\/\/www.certisys.eu\/nouvelle-reglementation-bio-2022\/\"><em>rendez-vous sur notre page d\u00e9di\u00e9e.<\/em><\/a>[\/vc_column_text][vc_row_inner equal_height=\u00a0\u00bbyes\u00a0\u00bb el_class=\u00a0\u00bbcustom-col-tablet custom-guides\u00a0\u00bb][vc_column_inner width=\u00a0\u00bb1\/4&Prime;][vc_single_image image=\u00a0\u00bb9955&Prime; img_size=\u00a0\u00bbfull\u00a0\u00bb alignment=\u00a0\u00bbcenter\u00a0\u00bb onclick=\u00a0\u00bbcustom_link\u00a0\u00bb img_link_target=\u00a0\u00bb_blank\u00a0\u00bb css=\u00a0\u00bb\u00a0\u00bb el_class=\u00a0\u00bbcustom-shadow\u00a0\u00bb link=\u00a0\u00bbhttps:\/\/www.certisys.eu\/wp-content\/uploads\/2026\/01\/GT001-v05_GUIDE-PRATIQUE-Systeme-de-certification-Certisys_FR.pdf\u00a0\u00bb][vc_column_text css=\u00a0\u00bb\u00a0\u00bb]<\/p>\n<h4 class=\"p1\" style=\"text-align: center;\">Guide Pratique<br \/>\nSyst\u00e8me De Certification<\/h4>\n<p>[\/vc_column_text][\/vc_column_inner][vc_column_inner width=\u00a0\u00bb1\/4&Prime;][vc_single_image image=\u00a0\u00bb3559&Prime; img_size=\u00a0\u00bbfull\u00a0\u00bb alignment=\u00a0\u00bbcenter\u00a0\u00bb onclick=\u00a0\u00bbcustom_link\u00a0\u00bb img_link_target=\u00a0\u00bb_blank\u00a0\u00bb css=\u00a0\u00bb\u00a0\u00bb el_class=\u00a0\u00bbcustom-shadow\u00a0\u00bb link=\u00a0\u00bbhttps:\/\/www.certisys.eu\/wp-content\/uploads\/2022\/12\/GUIDE-PRATIQUE-ETIQUETAGE_-FR-1.pdf\u00a0\u00bb][vc_column_text css=\u00a0\u00bb\u00a0\u00bb]<\/p>\n<h4 class=\"p1\" style=\"text-align: center;\">Guide Pratique<br \/>\nR\u00e8gles d&rsquo;\u00e9tiquetage<\/h4>\n<p>[\/vc_column_text][\/vc_column_inner][vc_column_inner width=\u00a0\u00bb1\/4&Prime;][vc_single_image image=\u00a0\u00bb3567&Prime; img_size=\u00a0\u00bbfull\u00a0\u00bb alignment=\u00a0\u00bbcenter\u00a0\u00bb onclick=\u00a0\u00bbcustom_link\u00a0\u00bb img_link_target=\u00a0\u00bb_blank\u00a0\u00bb css=\u00a0\u00bb\u00a0\u00bb el_class=\u00a0\u00bbcustom-shadow\u00a0\u00bb link=\u00a0\u00bbhttps:\/\/www.certisys.eu\/wp-content\/uploads\/2025\/07\/GT003-v03_GUIDE-PRATIQUE-Reglementation-de-lagriculture-biologique-pour-les-producteurs_FR.pdf\u00a0\u00bb][vc_column_text css=\u00a0\u00bb\u00a0\u00bb]<\/p>\n<h4 class=\"p1\" style=\"text-align: center;\">Guide Pratique R\u00e8glementation sur l&rsquo;agriculture biologique pour les producteurs<\/h4>\n<p>[\/vc_column_text][\/vc_column_inner][vc_column_inner width=\u00a0\u00bb1\/4&Prime;][vc_single_image image=\u00a0\u00bb30200&Prime; img_size=\u00a0\u00bbfull\u00a0\u00bb alignment=\u00a0\u00bbcenter\u00a0\u00bb onclick=\u00a0\u00bbcustom_link\u00a0\u00bb img_link_target=\u00a0\u00bb_blank\u00a0\u00bb css=\u00a0\u00bb\u00a0\u00bb el_class=\u00a0\u00bbcustom-shadow\u00a0\u00bb link=\u00a0\u00bbhttps:\/\/www.certisys.eu\/wp-content\/uploads\/2023\/12\/GT004-v02_GUIDE-PRATIQUE-reglement-sur-lagriculture-biologique-pour-les-PREPARATEURS_FR.pdf\u00a0\u00bb][vc_column_text css=\u00a0\u00bb\u00a0\u00bb]<\/p>\n<h4 class=\"p1\" style=\"text-align: center;\">Guide Pratique<br \/>\nPr\u00e9parateur<\/h4>\n<p>[\/vc_column_text][\/vc_column_inner][\/vc_row_inner][\/vc_column][vc_column width=\u00a0\u00bb1\/6&Prime;][\/vc_column][\/vc_row]<\/p>\n<\/div>","protected":false},"excerpt":{"rendered":"<p>[vc_row css=\u00a0\u00bb.vc_custom_1727252660029{margin-bottom: 70px !important;}\u00a0\u00bb][vc_column width=\u00a0\u00bb1\/6&Prime;][\/vc_column][vc_column width=\u00a0\u00bb2\/3&Prime;][vc_column_text css=\u00a0\u00bb\u00a0\u00bb]Vous avez une activit\u00e9 BIO ou vous d\u00e9sirez en d\u00e9marrer une et la r\u00e9glementation en la mati\u00e8re vous parait parfois trop vaste \u00e0 explorer ? Pas de probl\u00e8me ! Notre \u00e9quipe d\u2019experts Certisys a r\u00e9dig\u00e9 pour vous des guides pratiques qui reprennent l\u2019essentiel de la r\u00e9glementation propre \u00e0 votre [&hellip;]<\/p>\n","protected":false},"author":3,"featured_media":0,"parent":18,"menu_order":2,"comment_status":"closed","ping_status":"closed","template":"","meta":{"_acf_changed":false,"footnotes":""},"class_list":["post-35391","page","type-page","status-publish","hentry"],"acf":[],"yoast_head":"<!-- This site is optimized with the Yoast SEO plugin v27.4 - https:\/\/yoast.com\/product\/yoast-seo-wordpress\/ -->\n<title>Guides pratiques (page compl\u00e8te) du Bio - CERTISYS<\/title>\n<meta name=\"description\" content=\"Nos guides pratiques reprennent l\u2019essentiel de la r\u00e9glementation propre \u00e0 votre secteur d\u2019activit\u00e9!\" \/>\n<meta name=\"robots\" content=\"index, follow, max-snippet:-1, max-image-preview:large, max-video-preview:-1\" \/>\n<link rel=\"canonical\" href=\"https:\/\/www.certisys.eu\/fr\/reglementation-bio\/guides-pratiques-client\/\" \/>\n<meta property=\"og:locale\" content=\"fr_FR\" \/>\n<meta property=\"og:type\" content=\"article\" \/>\n<meta property=\"og:title\" content=\"Guides pratiques (page compl\u00e8te) du Bio - CERTISYS\" \/>\n<meta property=\"og:description\" content=\"Nos guides pratiques reprennent l\u2019essentiel de la r\u00e9glementation propre \u00e0 votre secteur d\u2019activit\u00e9!\" \/>\n<meta property=\"og:url\" content=\"https:\/\/www.certisys.eu\/fr\/reglementation-bio\/guides-pratiques-client\/\" \/>\n<meta property=\"og:site_name\" content=\"CERTISYS\" \/>\n<meta property=\"article:modified_time\" content=\"2025-07-17T14:15:01+00:00\" \/>\n<meta name=\"twitter:card\" content=\"summary_large_image\" \/>\n<meta name=\"twitter:label1\" content=\"Dur\u00e9e de lecture estim\u00e9e\" \/>\n\t<meta name=\"twitter:data1\" content=\"1 minute\" \/>\n<!-- \/ Yoast SEO plugin. -->","yoast_head_json":{"title":"Guides pratiques (page compl\u00e8te) du Bio - CERTISYS","description":"Nos guides pratiques reprennent l\u2019essentiel de la r\u00e9glementation propre \u00e0 votre secteur d\u2019activit\u00e9!","robots":{"index":"index","follow":"follow","max-snippet":"max-snippet:-1","max-image-preview":"max-image-preview:large","max-video-preview":"max-video-preview:-1"},"canonical":"https:\/\/www.certisys.eu\/fr\/reglementation-bio\/guides-pratiques-client\/","og_locale":"fr_FR","og_type":"article","og_title":"Guides pratiques (page compl\u00e8te) du Bio - CERTISYS","og_description":"Nos guides pratiques reprennent l\u2019essentiel de la r\u00e9glementation propre \u00e0 votre secteur d\u2019activit\u00e9!","og_url":"https:\/\/www.certisys.eu\/fr\/reglementation-bio\/guides-pratiques-client\/","og_site_name":"CERTISYS","article_modified_time":"2025-07-17T14:15:01+00:00","twitter_card":"summary_large_image","twitter_misc":{"Dur\u00e9e de lecture estim\u00e9e":"1 minute"},"schema":{"@context":"https:\/\/schema.org","@graph":[{"@type":"WebPage","@id":"https:\/\/www.certisys.eu\/fr\/reglementation-bio\/guides-pratiques-client\/","url":"https:\/\/www.certisys.eu\/fr\/reglementation-bio\/guides-pratiques-client\/","name":"Guides pratiques (page compl\u00e8te) du Bio - CERTISYS","isPartOf":{"@id":"https:\/\/www.certisys.eu\/fr\/#website"},"datePublished":"2024-09-25T08:55:38+00:00","dateModified":"2025-07-17T14:15:01+00:00","description":"Nos guides pratiques reprennent l\u2019essentiel de la r\u00e9glementation propre \u00e0 votre secteur d\u2019activit\u00e9!","breadcrumb":{"@id":"https:\/\/www.certisys.eu\/fr\/reglementation-bio\/guides-pratiques-client\/#breadcrumb"},"inLanguage":"fr-FR","potentialAction":[{"@type":"ReadAction","target":["https:\/\/www.certisys.eu\/fr\/reglementation-bio\/guides-pratiques-client\/"]}]},{"@type":"BreadcrumbList","@id":"https:\/\/www.certisys.eu\/fr\/reglementation-bio\/guides-pratiques-client\/#breadcrumb","itemListElement":[{"@type":"ListItem","position":1,"name":"Home","item":"https:\/\/www.certisys.eu\/fr\/"},{"@type":"ListItem","position":2,"name":"R\u00e8glementation","item":"https:\/\/www.certisys.eu\/fr\/reglementation-bio\/"},{"@type":"ListItem","position":3,"name":"Guides pratiques (page compl\u00e8te)"}]},{"@type":"WebSite","@id":"https:\/\/www.certisys.eu\/fr\/#website","url":"https:\/\/www.certisys.eu\/fr\/","name":"CERTISYS","description":"Bio Certification","potentialAction":[{"@type":"SearchAction","target":{"@type":"EntryPoint","urlTemplate":"https:\/\/www.certisys.eu\/fr\/?s={search_term_string}"},"query-input":{"@type":"PropertyValueSpecification","valueRequired":true,"valueName":"search_term_string"}}],"inLanguage":"fr-FR"}]}},"_links":{"self":[{"href":"https:\/\/www.certisys.eu\/fr\/wp-json\/wp\/v2\/pages\/35391","targetHints":{"allow":["GET"]}}],"collection":[{"href":"https:\/\/www.certisys.eu\/fr\/wp-json\/wp\/v2\/pages"}],"about":[{"href":"https:\/\/www.certisys.eu\/fr\/wp-json\/wp\/v2\/types\/page"}],"author":[{"embeddable":true,"href":"https:\/\/www.certisys.eu\/fr\/wp-json\/wp\/v2\/users\/3"}],"replies":[{"embeddable":true,"href":"https:\/\/www.certisys.eu\/fr\/wp-json\/wp\/v2\/comments?post=35391"}],"version-history":[{"count":41,"href":"https:\/\/www.certisys.eu\/fr\/wp-json\/wp\/v2\/pages\/35391\/revisions"}],"predecessor-version":[{"id":60052,"href":"https:\/\/www.certisys.eu\/fr\/wp-json\/wp\/v2\/pages\/35391\/revisions\/60052"}],"up":[{"embeddable":true,"href":"https:\/\/www.certisys.eu\/fr\/wp-json\/wp\/v2\/pages\/18"}],"wp:attachment":[{"href":"https:\/\/www.certisys.eu\/fr\/wp-json\/wp\/v2\/media?parent=35391"}],"curies":[{"name":"wp","href":"https:\/\/api.w.org\/{rel}","templated":true}]}}