{"id":33967,"date":"2024-07-01T14:25:37","date_gmt":"2024-07-01T12:25:37","guid":{"rendered":"https:\/\/www.certisys.eu\/?page_id=33967"},"modified":"2024-07-01T14:25:37","modified_gmt":"2024-07-01T12:25:37","slug":"landing-page-guide","status":"publish","type":"page","link":"https:\/\/www.certisys.eu\/fr\/landing-page-guide\/","title":{"rendered":"Landing page guide"},"content":{"rendered":"<div class=\"wpb-content-wrapper\"><p>[vc_row full_width=\u00a0\u00bbstretch_row_content_no_spaces\u00a0\u00bb equal_height=\u00a0\u00bbyes\u00a0\u00bb css=\u00a0\u00bb.vc_custom_1687443782535{margin-left: 0px !important;padding-top: 0px !important;padding-bottom: 0px !important;padding-left: 0px !important;background-color: #f0f3f1 !important;}\u00a0\u00bb][vc_column width=\u00a0\u00bb7\/12&Prime; css=\u00a0\u00bb.vc_custom_1694531523966{padding-top: 70px !important;padding-right: 40px !important;padding-bottom: 40px !important;padding-left: 40px !important;background: #ffffff url(https:\/\/www.certisys.eu\/wp-content\/uploads\/2023\/09\/certisys-agriculture-bio-atout.jpg?id=21850) !important;background-position: center !important;background-repeat: no-repeat !important;background-size: cover !important;}\u00a0\u00bb][vc_column_text css=\u00a0\u00bb.vc_custom_1691680409468{margin-top: 20px !important;margin-bottom: 40px !important;}\u00a0\u00bb el_class=\u00a0\u00bbcustom-white\u00a0\u00bb]<\/p>\n<h3 class=\"h2-size\" style=\"text-align: left;\">Les certifications Certisys, un atout pour votre activit\u00e9<\/h3>\n<p>[\/vc_column_text][vc_row_inner css=\u00a0\u00bb.vc_custom_1688115323143{margin-top: 40px !important;}\u00a0\u00bb][vc_column_inner][vc_column_text css=\u00a0\u00bb\u00a0\u00bb el_class=\u00a0\u00bbcustom-white\u00a0\u00bb]<\/p>\n<p style=\"text-align: left;\">Valoriser vos produits avec des labels respectueux de l\u2019environnement et de la sant\u00e9<\/p>\n<p>[\/vc_column_text][\/vc_column_inner][\/vc_row_inner][\/vc_column][vc_column width=\u00a0\u00bb5\/12&Prime; el_id=\u00a0\u00bbformulaire\u00a0\u00bb css=\u00a0\u00bb.vc_custom_1691419460144{padding-top: 70px !important;padding-right: 40px !important;padding-bottom: 40px !important;padding-left: 40px !important;}\u00a0\u00bb][vc_column_text css=\u00a0\u00bb.vc_custom_1719825472624{margin-bottom: 50px !important;}\u00a0\u00bb]<\/p>\n<h3 style=\"text-align: center;\">T\u00e9l\u00e9chargez notre guide<\/h3>\n<p>[\/vc_column_text][vc_column_text css=\u00a0\u00bb\u00a0\u00bb]<\/p>\n<p style=\"font-size: 14px; text-align: center;\">Remplissez le formulaire et recevez votre guide par mail !<\/p>\n<p>[\/vc_column_text]\n<div class=\"wpcf7 no-js\" id=\"wpcf7-f33980-o1\" lang=\"fr-FR\" dir=\"ltr\" data-wpcf7-id=\"33980\">\n<div class=\"screen-reader-response\"><p role=\"status\" aria-live=\"polite\" aria-atomic=\"true\"><\/p> <ul><\/ul><\/div>\n<form action=\"\/fr\/wp-json\/wp\/v2\/pages\/33967#wpcf7-f33980-o1\" method=\"post\" class=\"wpcf7-form init\" aria-label=\"Formulaire de contact\" novalidate=\"novalidate\" data-status=\"init\">\n<fieldset class=\"hidden-fields-container\"><input type=\"hidden\" name=\"_wpcf7\" value=\"33980\" \/><input type=\"hidden\" name=\"_wpcf7_version\" value=\"6.1.5\" \/><input type=\"hidden\" name=\"_wpcf7_locale\" value=\"fr_FR\" \/><input type=\"hidden\" name=\"_wpcf7_unit_tag\" value=\"wpcf7-f33980-o1\" \/><input type=\"hidden\" name=\"_wpcf7_container_post\" value=\"0\" \/><input type=\"hidden\" name=\"_wpcf7_posted_data_hash\" value=\"\" \/><input type=\"hidden\" name=\"_wpcf7dtx_version\" value=\"5.0.5\" \/><input type=\"hidden\" name=\"_wpcf7_recaptcha_response\" value=\"\" \/>\n<\/fieldset>\n<p><span class=\"wpcf7-form-control-wrap\" data-name=\"genre\"><span class=\"wpcf7-form-control wpcf7-radio\"><span class=\"wpcf7-list-item first\"><label><input type=\"radio\" name=\"genre\" value=\"Madame\" checked=\"checked\" \/><span class=\"wpcf7-list-item-label\">Madame<\/span><\/label><\/span><span class=\"wpcf7-list-item\"><label><input type=\"radio\" name=\"genre\" value=\"Monsieur\" \/><span class=\"wpcf7-list-item-label\">Monsieur<\/span><\/label><\/span><span class=\"wpcf7-list-item last\"><label><input type=\"radio\" name=\"genre\" value=\"X\" \/><span class=\"wpcf7-list-item-label\">X<\/span><\/label><\/span><\/span><\/span>\n<\/p>\n<p><label class=\"required\">Nom<\/label><br \/>\n<span class=\"wpcf7-form-control-wrap\" data-name=\"nom\"><input size=\"40\" maxlength=\"400\" class=\"wpcf7-form-control wpcf7-text wpcf7-validates-as-required\" aria-required=\"true\" aria-invalid=\"false\" value=\"\" type=\"text\" name=\"nom\" \/><\/span>\n<\/p>\n<p><label class=\"required\">Adresse email<\/label><br \/>\n<span class=\"wpcf7-form-control-wrap\" data-name=\"email\"><input size=\"40\" maxlength=\"400\" class=\"wpcf7-form-control wpcf7-email wpcf7-validates-as-required wpcf7-text wpcf7-validates-as-email\" aria-required=\"true\" aria-invalid=\"false\" value=\"\" type=\"email\" name=\"email\" \/><\/span>\n<\/p>\n<p><label class=\"required\">T\u00e9l\u00e9phone<\/label><br \/>\n<span class=\"wpcf7-form-control-wrap\" data-name=\"telephone\"><input size=\"40\" maxlength=\"400\" class=\"wpcf7-form-control wpcf7-tel wpcf7-text wpcf7-validates-as-tel\" aria-invalid=\"false\" value=\"\" type=\"tel\" name=\"telephone\" \/><\/span>\n<\/p>\n<p><span class=\"wpcf7-form-control-wrap\" data-name=\"privacy\"><span class=\"wpcf7-form-control wpcf7-acceptance\"><span class=\"wpcf7-list-item\"><label><input type=\"checkbox\" name=\"privacy\" value=\"1\" aria-invalid=\"false\" \/><span class=\"wpcf7-list-item-label\">Je suis d'accord avec votre politique de confidentialit\u00e9.<\/span><\/label><\/span><\/span><\/span>\n<\/p>\n<p><input class=\"wpcf7-form-control wpcf7-submit has-spinner\" type=\"submit\" value=\"&gt;&gt; Je t\u00e9l\u00e9charge mon guide\" \/>\n<\/p>\n<p class=\"custom-clause\">En soumettant ce formulaire, j\u2019accepte que mes informations soient utilis\u00e9es uniquement dans le cadre de ma demande et de la relation commerciale \u00e9thique et personnalis\u00e9e qui peut en d\u00e9couler. \u00c0 tout moment, je peux demander l\u2019effacement de mes donn\u00e9es personnelles. <a href=\"https:\/\/www.certisys.eu\/politique-de-confidentialite\/\" target=\"_blank\">Voir politique de confidentialit\u00e9<\/a>.\n<\/p>\n<style>\n.grecaptcha-badge{display:block;}\n<\/style><input type='hidden' class='wpcf7-pum' value='{\"closepopup\":false,\"closedelay\":0,\"openpopup\":false,\"openpopup_id\":0}' \/><div class=\"wpcf7-response-output\" aria-hidden=\"true\"><\/div>\n<\/form>\n<\/div>\n[vc_column_text css=\u00a0\u00bb\u00a0\u00bb]<\/p>\n<p style=\"font-size: 14px; text-align: left;\">* : champs obligatoires.<\/p>\n<p>[\/vc_column_text][\/vc_column][\/vc_row][vc_row el_class=\u00a0\u00bbcustom-landing-footer\u00a0\u00bb][vc_column width=\u00a0\u00bb1\/4&Prime; offset=\u00a0\u00bbvc_col-lg-offset-2 vc_col-lg-3&Prime;][vc_single_image image=\u00a0\u00bb15904&Prime; img_size=\u00a0\u00bbfull\u00a0\u00bb][\/vc_column][vc_column width=\u00a0\u00bb3\/4&Prime; offset=\u00a0\u00bbvc_col-lg-5&Prime;][vc_column_text]<\/p>\n<p style=\"text-align: right;\"><strong>Certisys <\/strong>| Rue Joseph Bouch\u00e9 57\/3<br \/>\nB-5310 Bolinne<\/p>\n<p style=\"text-align: right;\"><a href=\"mailto:info@certisys.eu\">info@certisys.eu<\/a><\/p>\n<p style=\"text-align: right;\"><a href=\"https:\/\/www.certisys.eu\/politique-cookies\/\" target=\"_blank\" rel=\"noopener\">Politique des Cookies<\/a> | <a href=\"https:\/\/www.certisys.eu\/politique-de-confidentialite\/\" target=\"_blank\" rel=\"noopener\">Politique de confidentialit\u00e9<\/a> | <a href=\"https:\/\/www.certisys.eu\/mentions-legales\/\" target=\"_blank\" rel=\"noopener\">Mentions l\u00e9gales<\/a><\/p>\n<p>[\/vc_column_text][\/vc_column][\/vc_row]<\/p>\n<\/div>","protected":false},"excerpt":{"rendered":"<p>[vc_row full_width=\u00a0\u00bbstretch_row_content_no_spaces\u00a0\u00bb equal_height=\u00a0\u00bbyes\u00a0\u00bb css=\u00a0\u00bb.vc_custom_1687443782535{margin-left: 0px !important;padding-top: 0px !important;padding-bottom: 0px !important;padding-left: 0px !important;background-color: #f0f3f1 !important;}\u00a0\u00bb][vc_column width=\u00a0\u00bb7\/12&Prime; css=\u00a0\u00bb.vc_custom_1694531523966{padding-top: 70px !important;padding-right: 40px !important;padding-bottom: 40px !important;padding-left: 40px !important;background: #ffffff url(https:\/\/www.certisys.eu\/wp-content\/uploads\/2023\/09\/certisys-agriculture-bio-atout.jpg?id=21850) !important;background-position: center !important;background-repeat: no-repeat !important;background-size: cover !important;}\u00a0\u00bb][vc_column_text css=\u00a0\u00bb.vc_custom_1691680409468{margin-top: 20px !important;margin-bottom: 40px !important;}\u00a0\u00bb el_class=\u00a0\u00bbcustom-white\u00a0\u00bb] Les certifications Certisys, un atout pour votre activit\u00e9 [\/vc_column_text][vc_row_inner css=\u00a0\u00bb.vc_custom_1688115323143{margin-top: 40px !important;}\u00a0\u00bb][vc_column_inner][vc_column_text css=\u00a0\u00bb\u00a0\u00bb el_class=\u00a0\u00bbcustom-white\u00a0\u00bb] Valoriser vos [&hellip;]<\/p>\n","protected":false},"author":15,"featured_media":0,"parent":0,"menu_order":0,"comment_status":"closed","ping_status":"closed","template":"","meta":{"_acf_changed":false,"footnotes":""},"class_list":["post-33967","page","type-page","status-publish","hentry"],"acf":[],"yoast_head":"<!-- This site is optimized with the Yoast SEO plugin v27.4 - https:\/\/yoast.com\/product\/yoast-seo-wordpress\/ -->\n<title>Certification en Landing page guide - CERTISYS, Expert du BIO - Primes BIO<\/title>\n<meta name=\"description\" content=\"Depuis plus de 30 ans, Certisys est LA R\u00e9f\u00e9rence en certification BIO ! Nos experts, bas\u00e9s dans votre r\u00e9gion, oeuvrent au service de votre entreprise. Vous \u00eates \u00e0 la recherche d&#039;un certificat BIO ? Ne cherchez plus !\" \/>\n<meta name=\"robots\" content=\"noindex, nofollow\" \/>\n<meta property=\"og:locale\" content=\"fr_FR\" \/>\n<meta property=\"og:type\" content=\"article\" \/>\n<meta property=\"og:title\" content=\"Certification en Landing page guide - CERTISYS, Expert du BIO - Primes BIO\" \/>\n<meta property=\"og:description\" content=\"Depuis plus de 30 ans, Certisys est LA R\u00e9f\u00e9rence en certification BIO ! Nos experts, bas\u00e9s dans votre r\u00e9gion, oeuvrent au service de votre entreprise. Vous \u00eates \u00e0 la recherche d&#039;un certificat BIO ? Ne cherchez plus !\" \/>\n<meta property=\"og:url\" content=\"https:\/\/www.certisys.eu\/fr\/landing-page-guide\/\" \/>\n<meta property=\"og:site_name\" content=\"CERTISYS\" \/>\n<meta name=\"twitter:card\" content=\"summary_large_image\" \/>\n<meta name=\"twitter:label1\" content=\"Dur\u00e9e de lecture estim\u00e9e\" \/>\n\t<meta name=\"twitter:data1\" content=\"1 minute\" \/>\n<!-- \/ Yoast SEO plugin. -->","yoast_head_json":{"title":"Certification en Landing page guide - CERTISYS, Expert du BIO - Primes BIO","description":"Depuis plus de 30 ans, Certisys est LA R\u00e9f\u00e9rence en certification BIO ! Nos experts, bas\u00e9s dans votre r\u00e9gion, oeuvrent au service de votre entreprise. Vous \u00eates \u00e0 la recherche d'un certificat BIO ? Ne cherchez plus !","robots":{"index":"noindex","follow":"nofollow"},"og_locale":"fr_FR","og_type":"article","og_title":"Certification en Landing page guide - CERTISYS, Expert du BIO - Primes BIO","og_description":"Depuis plus de 30 ans, Certisys est LA R\u00e9f\u00e9rence en certification BIO ! Nos experts, bas\u00e9s dans votre r\u00e9gion, oeuvrent au service de votre entreprise. Vous \u00eates \u00e0 la recherche d'un certificat BIO ? Ne cherchez plus !","og_url":"https:\/\/www.certisys.eu\/fr\/landing-page-guide\/","og_site_name":"CERTISYS","twitter_card":"summary_large_image","twitter_misc":{"Dur\u00e9e de lecture estim\u00e9e":"1 minute"},"schema":{"@context":"https:\/\/schema.org","@graph":[{"@type":"WebPage","@id":"https:\/\/www.certisys.eu\/fr\/landing-page-guide\/","url":"https:\/\/www.certisys.eu\/fr\/landing-page-guide\/","name":"Certification en Landing page guide - CERTISYS, Expert du BIO - Primes BIO","isPartOf":{"@id":"https:\/\/www.certisys.eu\/fr\/#website"},"datePublished":"2024-07-01T12:25:37+00:00","description":"Depuis plus de 30 ans, Certisys est LA R\u00e9f\u00e9rence en certification BIO ! Nos experts, bas\u00e9s dans votre r\u00e9gion, oeuvrent au service de votre entreprise. Vous \u00eates \u00e0 la recherche d'un certificat BIO ? Ne cherchez plus !","breadcrumb":{"@id":"https:\/\/www.certisys.eu\/fr\/landing-page-guide\/#breadcrumb"},"inLanguage":"fr-FR","potentialAction":[{"@type":"ReadAction","target":["https:\/\/www.certisys.eu\/fr\/landing-page-guide\/"]}]},{"@type":"BreadcrumbList","@id":"https:\/\/www.certisys.eu\/fr\/landing-page-guide\/#breadcrumb","itemListElement":[{"@type":"ListItem","position":1,"name":"Home","item":"https:\/\/www.certisys.eu\/fr\/"},{"@type":"ListItem","position":2,"name":"Landing page guide"}]},{"@type":"WebSite","@id":"https:\/\/www.certisys.eu\/fr\/#website","url":"https:\/\/www.certisys.eu\/fr\/","name":"CERTISYS","description":"Bio Certification","potentialAction":[{"@type":"SearchAction","target":{"@type":"EntryPoint","urlTemplate":"https:\/\/www.certisys.eu\/fr\/?s={search_term_string}"},"query-input":{"@type":"PropertyValueSpecification","valueRequired":true,"valueName":"search_term_string"}}],"inLanguage":"fr-FR"}]}},"_links":{"self":[{"href":"https:\/\/www.certisys.eu\/fr\/wp-json\/wp\/v2\/pages\/33967","targetHints":{"allow":["GET"]}}],"collection":[{"href":"https:\/\/www.certisys.eu\/fr\/wp-json\/wp\/v2\/pages"}],"about":[{"href":"https:\/\/www.certisys.eu\/fr\/wp-json\/wp\/v2\/types\/page"}],"author":[{"embeddable":true,"href":"https:\/\/www.certisys.eu\/fr\/wp-json\/wp\/v2\/users\/15"}],"replies":[{"embeddable":true,"href":"https:\/\/www.certisys.eu\/fr\/wp-json\/wp\/v2\/comments?post=33967"}],"version-history":[{"count":19,"href":"https:\/\/www.certisys.eu\/fr\/wp-json\/wp\/v2\/pages\/33967\/revisions"}],"predecessor-version":[{"id":33991,"href":"https:\/\/www.certisys.eu\/fr\/wp-json\/wp\/v2\/pages\/33967\/revisions\/33991"}],"wp:attachment":[{"href":"https:\/\/www.certisys.eu\/fr\/wp-json\/wp\/v2\/media?parent=33967"}],"curies":[{"name":"wp","href":"https:\/\/api.w.org\/{rel}","templated":true}]}}