{"id":33667,"date":"2024-06-12T15:29:13","date_gmt":"2024-06-12T13:29:13","guid":{"rendered":"https:\/\/www.certisys.eu\/?page_id=33667"},"modified":"2025-06-16T14:40:09","modified_gmt":"2025-06-16T12:40:09","slug":"candidature-spontanee","status":"publish","type":"page","link":"https:\/\/www.certisys.eu\/fr\/carriere\/candidature-spontanee\/","title":{"rendered":"Candidature spontan\u00e9e"},"content":{"rendered":"<div class=\"wpb-content-wrapper\"><p>[vc_row][vc_column offset=\u00a0\u00bbvc_col-lg-offset-2 vc_col-lg-8&Prime;][vc_row_inner gap=\u00a0\u00bb35&Prime;][vc_column_inner offset=\u00a0\u00bbvc_col-lg-7&Prime;][vc_column_text css=\u00a0\u00bb.vc_custom_1718198137707{margin-top: 50px !important;margin-bottom: 50px !important;}\u00a0\u00bb]<\/p>\n<h1>Candidature spontan\u00e9e<\/h1>\n<p>[\/vc_column_text][vc_column_text css=\u00a0\u00bb\u00a0\u00bb]Il n\u2019y a pour le moment pas d\u2019offre d\u2019emploi qui correspond \u00e0 ce que vous cherchez ?<\/p>\n<p>Nous engageons r\u00e9guli\u00e8rement de nouveaux collaborateurs. Nous garderons votre CV dans notre base de donn\u00e9es et nous vous recontacterons si votre profil correspond \u00e0 un poste que nous cherchons.[\/vc_column_text][\/vc_column_inner][vc_column_inner css=\u00a0\u00bb.vc_custom_1722411283160{border-top-width: 1px !important;border-right-width: 1px !important;border-bottom-width: 1px !important;border-left-width: 1px !important;padding-top: 15px !important;padding-right: 15px !important;padding-bottom: 15px !important;padding-left: 15px !important;background-color: #f0f3f1 !important;border-left-style: solid !important;border-right-style: solid !important;border-top-style: solid !important;border-bottom-style: solid !important;border-radius: 4px !important;border-color: #e9e9e9 !important;}\u00a0\u00bb offset=\u00a0\u00bbvc_col-lg-5&Prime;][vc_single_image image=\u00a0\u00bb15908&Prime; img_size=\u00a0\u00bb250&#215;93&Prime; css=\u00a0\u00bb\u00a0\u00bb][vc_column_text css=\u00a0\u00bb\u00a0\u00bb]<\/p>\n<h3>Type de poste<\/h3>\n<p>Temps plein[\/vc_column_text][vc_column_text css=\u00a0\u00bb\u00a0\u00bb]<\/p>\n<h3>Lieu du poste<\/h3>\n<p>Bolinne ou Merelbeke[\/vc_column_text][vc_column_text css=\u00a0\u00bb\u00a0\u00bb]<a class=\"form-jobs\" href=\"#\" target=\"_blank\" rel=\"noopener\">Postuler maintenant<\/a>[\/vc_column_text][vc_raw_html css=\u00a0\u00bb\u00a0\u00bb]JTNDc3R5bGUlM0UuZm9ybS1qb2JzJTdCYmFja2dyb3VuZC1jb2xvciUzQSUyM2UzMDYxNSUzQmJvcmRlci1yYWRpdXMlM0EzNXB4JTNCY29sb3IlM0ElMjNmZmYlM0JwYWRkaW5nJTNBMTJweCUyMDIwcHglM0Jmb250LXdlaWdodCUzQTUwMCUzQmZvbnQtc2l6ZSUzQTE0cHglM0JsaW5lLWhlaWdodCUzQTI1cHglM0J0ZXh0LXRyYW5zZm9ybSUzQXVwcGVyY2FzZSUzQiU3RC5mb3JtLWpvYnMlM0Fob3ZlciU3QmNvbG9yJTNBJTIzZmZmJTIxaW1wb3J0YW50JTNCd2hpdGUtc3BhY2UlM0ElMjBub3dyYXAlM0IlN0QlM0MlMkZzdHlsZSUzRQ==[\/vc_raw_html][\/vc_column_inner][\/vc_row_inner][\/vc_column][\/vc_row]<\/p>\n<\/div>","protected":false},"excerpt":{"rendered":"<p>[vc_row][vc_column offset=\u00a0\u00bbvc_col-lg-offset-2 vc_col-lg-8&Prime;][vc_row_inner gap=\u00a0\u00bb35&Prime;][vc_column_inner offset=\u00a0\u00bbvc_col-lg-7&Prime;][vc_column_text css=\u00a0\u00bb.vc_custom_1718198137707{margin-top: 50px !important;margin-bottom: 50px !important;}\u00a0\u00bb] Candidature spontan\u00e9e [\/vc_column_text][vc_column_text css=\u00a0\u00bb\u00a0\u00bb]Il n\u2019y a pour le moment pas d\u2019offre d\u2019emploi qui correspond \u00e0 ce que vous cherchez ? Nous engageons r\u00e9guli\u00e8rement de nouveaux collaborateurs. Nous garderons votre CV dans notre base de donn\u00e9es et nous vous recontacterons si votre profil correspond \u00e0 un [&hellip;]<\/p>\n","protected":false},"author":3,"featured_media":0,"parent":21606,"menu_order":0,"comment_status":"closed","ping_status":"closed","template":"","meta":{"_acf_changed":false,"footnotes":""},"class_list":["post-33667","page","type-page","status-publish","hentry"],"acf":[],"yoast_head":"<!-- This site is optimized with the Yoast SEO plugin v26.6 - https:\/\/yoast.com\/wordpress\/plugins\/seo\/ -->\n<title>Candidature spontan\u00e9e - CERTISYS<\/title>\n<meta name=\"robots\" content=\"index, follow, max-snippet:-1, max-image-preview:large, max-video-preview:-1\" \/>\n<link rel=\"canonical\" href=\"https:\/\/www.certisys.eu\/fr\/carriere\/candidature-spontanee\/\" \/>\n<meta property=\"og:locale\" content=\"fr_FR\" \/>\n<meta property=\"og:type\" content=\"article\" \/>\n<meta property=\"og:title\" content=\"Candidature spontan\u00e9e - CERTISYS\" \/>\n<meta property=\"og:description\" content=\"[vc_row][vc_column offset=\u00a0\u00bbvc_col-lg-offset-2 vc_col-lg-8&Prime;][vc_row_inner gap=\u00a0\u00bb35&Prime;][vc_column_inner offset=\u00a0\u00bbvc_col-lg-7&Prime;][vc_column_text css=\u00a0\u00bb.vc_custom_1718198137707{margin-top: 50px !important;margin-bottom: 50px !important;}\u00a0\u00bb] Candidature spontan\u00e9e [\/vc_column_text][vc_column_text css=\u00a0\u00bb\u00a0\u00bb]Il n\u2019y a pour le moment pas d\u2019offre d\u2019emploi qui correspond \u00e0 ce que vous cherchez ? Nous engageons r\u00e9guli\u00e8rement de nouveaux collaborateurs. Nous garderons votre CV dans notre base de donn\u00e9es et nous vous recontacterons si votre profil correspond \u00e0 un [&hellip;]\" \/>\n<meta property=\"og:url\" content=\"https:\/\/www.certisys.eu\/fr\/carriere\/candidature-spontanee\/\" \/>\n<meta property=\"og:site_name\" content=\"CERTISYS\" \/>\n<meta property=\"article:modified_time\" content=\"2025-06-16T12:40:09+00:00\" \/>\n<meta name=\"twitter:card\" content=\"summary_large_image\" \/>\n<meta name=\"twitter:label1\" content=\"Dur\u00e9e de lecture estim\u00e9e\" \/>\n\t<meta name=\"twitter:data1\" content=\"1 minute\" \/>\n<!-- \/ Yoast SEO plugin. -->","yoast_head_json":{"title":"Candidature spontan\u00e9e - CERTISYS","robots":{"index":"index","follow":"follow","max-snippet":"max-snippet:-1","max-image-preview":"max-image-preview:large","max-video-preview":"max-video-preview:-1"},"canonical":"https:\/\/www.certisys.eu\/fr\/carriere\/candidature-spontanee\/","og_locale":"fr_FR","og_type":"article","og_title":"Candidature spontan\u00e9e - CERTISYS","og_description":"[vc_row][vc_column offset=\u00a0\u00bbvc_col-lg-offset-2 vc_col-lg-8&Prime;][vc_row_inner gap=\u00a0\u00bb35&Prime;][vc_column_inner offset=\u00a0\u00bbvc_col-lg-7&Prime;][vc_column_text css=\u00a0\u00bb.vc_custom_1718198137707{margin-top: 50px !important;margin-bottom: 50px !important;}\u00a0\u00bb] Candidature spontan\u00e9e [\/vc_column_text][vc_column_text css=\u00a0\u00bb\u00a0\u00bb]Il n\u2019y a pour le moment pas d\u2019offre d\u2019emploi qui correspond \u00e0 ce que vous cherchez ? Nous engageons r\u00e9guli\u00e8rement de nouveaux collaborateurs. Nous garderons votre CV dans notre base de donn\u00e9es et nous vous recontacterons si votre profil correspond \u00e0 un [&hellip;]","og_url":"https:\/\/www.certisys.eu\/fr\/carriere\/candidature-spontanee\/","og_site_name":"CERTISYS","article_modified_time":"2025-06-16T12:40:09+00:00","twitter_card":"summary_large_image","twitter_misc":{"Dur\u00e9e de lecture estim\u00e9e":"1 minute"},"schema":{"@context":"https:\/\/schema.org","@graph":[{"@type":"WebPage","@id":"https:\/\/www.certisys.eu\/fr\/carriere\/candidature-spontanee\/","url":"https:\/\/www.certisys.eu\/fr\/carriere\/candidature-spontanee\/","name":"Candidature spontan\u00e9e - CERTISYS","isPartOf":{"@id":"https:\/\/www.certisys.eu\/fr\/#website"},"datePublished":"2024-06-12T13:29:13+00:00","dateModified":"2025-06-16T12:40:09+00:00","breadcrumb":{"@id":"https:\/\/www.certisys.eu\/fr\/carriere\/candidature-spontanee\/#breadcrumb"},"inLanguage":"fr-FR","potentialAction":[{"@type":"ReadAction","target":["https:\/\/www.certisys.eu\/fr\/carriere\/candidature-spontanee\/"]}]},{"@type":"BreadcrumbList","@id":"https:\/\/www.certisys.eu\/fr\/carriere\/candidature-spontanee\/#breadcrumb","itemListElement":[{"@type":"ListItem","position":1,"name":"Home","item":"https:\/\/www.certisys.eu\/fr\/"},{"@type":"ListItem","position":2,"name":"Carri\u00e8re","item":"https:\/\/www.certisys.eu\/fr\/carriere\/"},{"@type":"ListItem","position":3,"name":"Candidature spontan\u00e9e"}]},{"@type":"WebSite","@id":"https:\/\/www.certisys.eu\/fr\/#website","url":"https:\/\/www.certisys.eu\/fr\/","name":"CERTISYS","description":"Bio Certification","potentialAction":[{"@type":"SearchAction","target":{"@type":"EntryPoint","urlTemplate":"https:\/\/www.certisys.eu\/fr\/?s={search_term_string}"},"query-input":{"@type":"PropertyValueSpecification","valueRequired":true,"valueName":"search_term_string"}}],"inLanguage":"fr-FR"}]}},"jetpack_sharing_enabled":true,"_links":{"self":[{"href":"https:\/\/www.certisys.eu\/fr\/wp-json\/wp\/v2\/pages\/33667","targetHints":{"allow":["GET"]}}],"collection":[{"href":"https:\/\/www.certisys.eu\/fr\/wp-json\/wp\/v2\/pages"}],"about":[{"href":"https:\/\/www.certisys.eu\/fr\/wp-json\/wp\/v2\/types\/page"}],"author":[{"embeddable":true,"href":"https:\/\/www.certisys.eu\/fr\/wp-json\/wp\/v2\/users\/3"}],"replies":[{"embeddable":true,"href":"https:\/\/www.certisys.eu\/fr\/wp-json\/wp\/v2\/comments?post=33667"}],"version-history":[{"count":4,"href":"https:\/\/www.certisys.eu\/fr\/wp-json\/wp\/v2\/pages\/33667\/revisions"}],"predecessor-version":[{"id":53531,"href":"https:\/\/www.certisys.eu\/fr\/wp-json\/wp\/v2\/pages\/33667\/revisions\/53531"}],"up":[{"embeddable":true,"href":"https:\/\/www.certisys.eu\/fr\/wp-json\/wp\/v2\/pages\/21606"}],"wp:attachment":[{"href":"https:\/\/www.certisys.eu\/fr\/wp-json\/wp\/v2\/media?parent=33667"}],"curies":[{"name":"wp","href":"https:\/\/api.w.org\/{rel}","templated":true}]}}