{"id":32805,"date":"2024-05-07T13:55:10","date_gmt":"2024-05-07T11:55:10","guid":{"rendered":"https:\/\/www.certisys.eu\/?page_id=32805"},"modified":"2024-08-26T09:21:28","modified_gmt":"2024-08-26T07:21:28","slug":"intrants","status":"publish","type":"page","link":"https:\/\/www.certisys.eu\/fr\/labels-et-certifications\/agriculture-biologique\/intrants\/","title":{"rendered":"Intrants"},"content":{"rendered":"<div class=\"wpb-content-wrapper\"><p>[vc_row content_placement=\u00a0\u00bbmiddle\u00a0\u00bb css=\u00a0\u00bb.vc_custom_1713339081707{margin-top: 80px !important;padding-bottom: 80px !important;}\u00a0\u00bb][vc_column width=\u00a0\u00bb1\/2&Prime; offset=\u00a0\u00bbvc_col-lg-offset-2 vc_col-lg-4&Prime;][vc_column_text]<\/p>\n<p style=\"text-align: left;\">Certisys vous propose deux niveaux de garantie pour valoriser la conformit\u00e9 de vos intrants utilisables en agriculture biologique\u00a0:<\/p>\n<ul class=\"ul1\">\n<li class=\"li1\">La Revue Documentaire<\/li>\n<li class=\"li1\">L\u2019Attestation d\u2019Intrants<\/li>\n<\/ul>\n<p>[\/vc_column_text][\/vc_column][vc_column width=\u00a0\u00bb1\/3&Prime;][vc_single_image image=\u00a0\u00bb21759&Prime; img_size=\u00a0\u00bbfull\u00a0\u00bb alignment=\u00a0\u00bbcenter\u00a0\u00bb css_animation=\u00a0\u00bbfadeInDown\u00a0\u00bb][\/vc_column][\/vc_row][vc_row content_placement=\u00a0\u00bbmiddle\u00a0\u00bb css=\u00a0\u00bb.vc_custom_1605630337493{padding-bottom: 30px !important;}\u00a0\u00bb][vc_column width=\u00a0\u00bb1\/2&Prime; offset=\u00a0\u00bbvc_col-lg-offset-2 vc_col-lg-4&Prime;][vc_single_image image=\u00a0\u00bb32792&Prime; img_size=\u00a0\u00bb4000&#215;400&Prime; alignment=\u00a0\u00bbcenter\u00a0\u00bb style=\u00a0\u00bbvc_box_circle_2&Prime; css_animation=\u00a0\u00bbfadeInDown\u00a0\u00bb css=\u00a0\u00bb\u00a0\u00bb][\/vc_column][vc_column width=\u00a0\u00bb1\/3&Prime;][vc_column_text]<\/p>\n<h2>Qu\u2019est-ce qu\u2019un intrant\u00a0?<\/h2>\n<p class=\"p1\">Les intrants sont par d\u00e9finition des produits qui interviennent dans le processus de fabrication d\u2019un produit certifi\u00e9 en Agriculture Biologique, mais qui ne font pas eux-m\u00eames l\u2019objet d\u2019une certification en agriculture biologique.<\/p>\n<p class=\"p1\">On y retrouve\u00a0:<\/p>\n<ul class=\"ul1\">\n<li class=\"li2\">Les fertilisants<\/li>\n<li class=\"li2\">Les produits de protection des cultures<\/li>\n<li class=\"li2\">Les produits de nettoyage et de d\u00e9sinfection<\/li>\n<li class=\"li2\">Les intrants \u0153nologiques<\/li>\n<li class=\"li2\">Les additifs et auxiliaires pour l\u2019alimentation humaine et animale<\/li>\n<\/ul>\n<p>[\/vc_column_text][\/vc_column][\/vc_row][vc_row css=\u00a0\u00bb.vc_custom_1614846917657{padding-top: 50px !important;padding-bottom: 80px !important;background-color: #f0f3f1 !important;}\u00a0\u00bb][vc_column width=\u00a0\u00bb1\/6&Prime;][\/vc_column][vc_column width=\u00a0\u00bb2\/3&Prime;][vc_column_text]<\/p>\n<h2 style=\"text-align: center;\">Comment savoir si un intrant est UAB (utilisable en Agriculture Biologique)\u00a0?<\/h2>\n<p>[\/vc_column_text][vc_column_text]<\/p>\n<p class=\"p1\" style=\"text-align: center;\">Les intrants UAB sont rep\u00e9rables \u00e0 la mention \u00ab\u00a0produit utilisable en Agriculture Biologique\u00a0\u00bb indiqu\u00e9e sur les \u00e9tiquettes et fiches techniques des produits.<\/p>\n<p class=\"p1\" style=\"text-align: center;\">Le <b>logo eurofeuille ne peut pas \u00eatre utilis\u00e9<\/b> pour les intrants et mati\u00e8res premi\u00e8res. Seuls les produits simples ou transform\u00e9s certifi\u00e9s bio peuvent en b\u00e9n\u00e9ficier.<\/p>\n<p>[\/vc_column_text][\/vc_column][vc_column width=\u00a0\u00bb1\/6&Prime;][\/vc_column][\/vc_row][vc_row css=\u00a0\u00bb.vc_custom_1713339559497{padding-top: 50px !important;padding-bottom: 80px !important;}\u00a0\u00bb][vc_column width=\u00a0\u00bb1\/6&Prime;][\/vc_column][vc_column width=\u00a0\u00bb2\/3&Prime;][vc_column_text css=\u00a0\u00bb.vc_custom_1713339602713{padding-bottom: 30px !important;}\u00a0\u00bb]<\/p>\n<h2 style=\"text-align: center;\">Deux niveaux de garantie pour vos intrants agricoles<\/h2>\n<p>[\/vc_column_text][vc_row_inner][vc_column_inner width=\u00a0\u00bb1\/2&Prime;][vc_single_image image=\u00a0\u00bb32799&Prime; img_size=\u00a0\u00bb88&#215;100&Prime; alignment=\u00a0\u00bbcenter\u00a0\u00bb css_animation=\u00a0\u00bbfadeInDown\u00a0\u00bb css=\u00a0\u00bb\u00a0\u00bb][vc_column_text css=\u00a0\u00bb\u00a0\u00bb]<\/p>\n<h3 style=\"text-align: center;\">La Revue Documentaire<\/h3>\n<p style=\"text-align: left;\">Elle consiste en la v\u00e9rification des formules de vos produits, des ingr\u00e9dients et des \u00e9tiquettes. Si votre intrant est conforme, il sera r\u00e9f\u00e9renc\u00e9 sur le site <a href=\"https:\/\/www.intrants.bio\" target=\"_blank\" rel=\"noopener\">www.intrants.bio<\/a> et vous pourrez apposer la mention \u00ab\u00a0Produit utilisable en agriculture biologique\u00a0\u00bb sur les \u00e9tiquettes et emballages de vos produits.<\/p>\n<div id=\"ConnectiveDocSignExtentionInstalled\" data-extension-version=\"1.0.4\"><\/div>\n<p>[\/vc_column_text][\/vc_column_inner][vc_column_inner width=\u00a0\u00bb1\/2&Prime;][vc_single_image image=\u00a0\u00bb21759&Prime; img_size=\u00a0\u00bb166&#215;100&Prime; alignment=\u00a0\u00bbcenter\u00a0\u00bb css_animation=\u00a0\u00bbfadeInDown\u00a0\u00bb][vc_column_text css=\u00a0\u00bb\u00a0\u00bb]<\/p>\n<h3 style=\"text-align: center;\">L\u2019Attestation d\u2019Intrants<\/h3>\n<p><strong>Une garantie suppl\u00e9mentaire de tra\u00e7abilit\u00e9, de qualit\u00e9 et de visibilit\u00e9\u00a0pour vos intrants !<\/strong><\/p>\n<p>L\u2019Attestation d\u2019Intrants d\u00e9bute \u00e9galement par l\u2019\u00e9tape de la revue documentaire mais est suivie d\u2019un audit sur site pour v\u00e9rifier l\u2019authenticit\u00e9 de la d\u00e9claration faite, le syst\u00e8me de qualit\u00e9 et la tra\u00e7abilit\u00e9.<\/p>\n<p>A la suite de ce contr\u00f4le complet, si votre intrant est conforme il sera list\u00e9 comme \u00ab attest\u00e9 \u00bb sur le site<a href=\"http:\/\/www.intrants.bio\"> www.intrants.bio<\/a> et vous pourrez apposer notre logo \u00ab Ecocert Intrants \u00bb sur vos \u00e9tiquettes et emballages.<\/p>\n<p>Vous recevrez une \u00ab Attestation Commerciale \u00bb garantissant la conformit\u00e9 de vos produits.<\/p>\n<div id=\"ConnectiveDocSignExtentionInstalled\" data-extension-version=\"1.0.4\"><\/div>\n<p>[\/vc_column_text][\/vc_column_inner][\/vc_row_inner][\/vc_column][vc_column width=\u00a0\u00bb1\/6&Prime;][\/vc_column][\/vc_row][vc_row full_width=\u00a0\u00bbstretch_row_content_no_spaces\u00a0\u00bb css=\u00a0\u00bb.vc_custom_1712841935245{margin-bottom: 50px !important;padding-top: 300px !important;background-image: url(https:\/\/certisys.poush-dev.be\/wp-content\/uploads\/2024\/04\/AB-Production-47.jpg?id=32366) !important;background-position: center !important;background-repeat: no-repeat !important;background-size: cover !important;}\u00a0\u00bb][vc_column][\/vc_column][\/vc_row][vc_row content_placement=\u00a0\u00bbmiddle\u00a0\u00bb css=\u00a0\u00bb.vc_custom_1713339950391{padding-bottom: 150px !important;background-image: url(https:\/\/certisys.poush-dev.be\/wp-content\/uploads\/2021\/12\/bg-3-1.png?id=11277) !important;}\u00a0\u00bb el_class=\u00a0\u00bbcustom-lastrow\u00a0\u00bb][vc_column width=\u00a0\u00bb1\/2&Prime; offset=\u00a0\u00bbvc_col-lg-offset-2 vc_col-lg-5&Prime;][vc_column_text]<\/p>\n<h2>Les avantages de la mention UAB et de nos prestations<\/h2>\n<p>[\/vc_column_text][vc_column_text css=\u00a0\u00bb\u00a0\u00bb]<\/p>\n<ul class=\"ul1\">\n<li class=\"li1\">Une garantie sur la conformit\u00e9 de l\u2019intrant que vous mettez sur le march\u00e9.<\/li>\n<li class=\"li1\">Un gage de s\u00e9curit\u00e9 pour les distributeurs et les producteurs utilisant cet intrant. Vous leur facilitez l\u2019obtention de leur certification en agriculture biologique.<\/li>\n<li class=\"li1\">Une <b>base de donn\u00e9es <\/b><a href=\"http:\/\/www.intrants.bio\" target=\"_blank\" rel=\"noopener\"><span class=\"s2\"><b>www.intrants.bio<\/b><\/span><\/a> \u00e0 votre disposition o\u00f9 vous pouvez facilement retrouver plus de <b>10.000 r\u00e9f\u00e9rences<\/b> commerciales UAB valid\u00e9es pour plus de 1.100 entreprises dans le monde.<\/li>\n<\/ul>\n<p>[\/vc_column_text][\/vc_column][vc_column width=\u00a0\u00bb1\/4&Prime;][vc_single_image image=\u00a0\u00bb32793&Prime; img_size=\u00a0\u00bb4000&#215;400&Prime; alignment=\u00a0\u00bbcenter\u00a0\u00bb style=\u00a0\u00bbvc_box_circle_2&Prime; css_animation=\u00a0\u00bbfadeInDown\u00a0\u00bb css=\u00a0\u00bb\u00a0\u00bb][\/vc_column][vc_column css=\u00a0\u00bb.vc_custom_1713339975213{margin-top: 50px !important;}\u00a0\u00bb][vc_widget_sidebar sidebar_id=\u00a0\u00bbcta-activite\u00a0\u00bb][\/vc_column][\/vc_row]<\/p>\n<\/div>","protected":false},"excerpt":{"rendered":"<p>[vc_row content_placement=\u00a0\u00bbmiddle\u00a0\u00bb css=\u00a0\u00bb.vc_custom_1713339081707{margin-top: 80px !important;padding-bottom: 80px !important;}\u00a0\u00bb][vc_column width=\u00a0\u00bb1\/2&Prime; offset=\u00a0\u00bbvc_col-lg-offset-2 vc_col-lg-4&Prime;][vc_column_text] Certisys vous propose deux niveaux de garantie pour valoriser la conformit\u00e9 de vos intrants utilisables en agriculture biologique\u00a0: La Revue Documentaire L\u2019Attestation d\u2019Intrants [\/vc_column_text][\/vc_column][vc_column width=\u00a0\u00bb1\/3&Prime;][vc_single_image image=\u00a0\u00bb21759&Prime; img_size=\u00a0\u00bbfull\u00a0\u00bb alignment=\u00a0\u00bbcenter\u00a0\u00bb css_animation=\u00a0\u00bbfadeInDown\u00a0\u00bb][\/vc_column][\/vc_row][vc_row content_placement=\u00a0\u00bbmiddle\u00a0\u00bb css=\u00a0\u00bb.vc_custom_1605630337493{padding-bottom: 30px !important;}\u00a0\u00bb][vc_column width=\u00a0\u00bb1\/2&Prime; offset=\u00a0\u00bbvc_col-lg-offset-2 vc_col-lg-4&Prime;][vc_single_image image=\u00a0\u00bb32792&Prime; img_size=\u00a0\u00bb4000&#215;400&Prime; alignment=\u00a0\u00bbcenter\u00a0\u00bb style=\u00a0\u00bbvc_box_circle_2&Prime; css_animation=\u00a0\u00bbfadeInDown\u00a0\u00bb css=\u00a0\u00bb\u00a0\u00bb][\/vc_column][vc_column width=\u00a0\u00bb1\/3&Prime;][vc_column_text] Qu\u2019est-ce qu\u2019un [&hellip;]<\/p>\n","protected":false},"author":3,"featured_media":0,"parent":16833,"menu_order":0,"comment_status":"closed","ping_status":"closed","template":"","meta":{"_acf_changed":false,"footnotes":""},"class_list":["post-32805","page","type-page","status-publish","hentry"],"acf":[],"yoast_head":"<!-- This site is optimized with the Yoast SEO plugin v26.6 - https:\/\/yoast.com\/wordpress\/plugins\/seo\/ -->\n<title>Intrants - CERTISYS<\/title>\n<meta name=\"robots\" content=\"index, follow, max-snippet:-1, max-image-preview:large, max-video-preview:-1\" \/>\n<link rel=\"canonical\" href=\"https:\/\/www.certisys.eu\/fr\/labels-et-certifications\/agriculture-biologique\/intrants\/\" \/>\n<meta property=\"og:locale\" content=\"fr_FR\" \/>\n<meta property=\"og:type\" content=\"article\" \/>\n<meta property=\"og:title\" content=\"Intrants - CERTISYS\" \/>\n<meta property=\"og:description\" content=\"[vc_row content_placement=\u00a0\u00bbmiddle\u00a0\u00bb css=\u00a0\u00bb.vc_custom_1713339081707{margin-top: 80px !important;padding-bottom: 80px !important;}\u00a0\u00bb][vc_column width=\u00a0\u00bb1\/2&Prime; offset=\u00a0\u00bbvc_col-lg-offset-2 vc_col-lg-4&Prime;][vc_column_text] Certisys vous propose deux niveaux de garantie pour valoriser la conformit\u00e9 de vos intrants utilisables en agriculture biologique\u00a0: La Revue Documentaire L\u2019Attestation d\u2019Intrants [\/vc_column_text][\/vc_column][vc_column width=\u00a0\u00bb1\/3&Prime;][vc_single_image image=\u00a0\u00bb21759&Prime; img_size=\u00a0\u00bbfull\u00a0\u00bb alignment=\u00a0\u00bbcenter\u00a0\u00bb css_animation=\u00a0\u00bbfadeInDown\u00a0\u00bb][\/vc_column][\/vc_row][vc_row content_placement=\u00a0\u00bbmiddle\u00a0\u00bb css=\u00a0\u00bb.vc_custom_1605630337493{padding-bottom: 30px !important;}\u00a0\u00bb][vc_column width=\u00a0\u00bb1\/2&Prime; offset=\u00a0\u00bbvc_col-lg-offset-2 vc_col-lg-4&Prime;][vc_single_image image=\u00a0\u00bb32792&Prime; img_size=\u00a0\u00bb4000&#215;400&Prime; alignment=\u00a0\u00bbcenter\u00a0\u00bb style=\u00a0\u00bbvc_box_circle_2&Prime; css_animation=\u00a0\u00bbfadeInDown\u00a0\u00bb css=\u00a0\u00bb\u00a0\u00bb][\/vc_column][vc_column width=\u00a0\u00bb1\/3&Prime;][vc_column_text] Qu\u2019est-ce qu\u2019un [&hellip;]\" \/>\n<meta property=\"og:url\" content=\"https:\/\/www.certisys.eu\/fr\/labels-et-certifications\/agriculture-biologique\/intrants\/\" \/>\n<meta property=\"og:site_name\" content=\"CERTISYS\" \/>\n<meta property=\"article:modified_time\" content=\"2024-08-26T07:21:28+00:00\" \/>\n<meta name=\"twitter:card\" content=\"summary_large_image\" \/>\n<meta name=\"twitter:label1\" content=\"Dur\u00e9e de lecture estim\u00e9e\" \/>\n\t<meta name=\"twitter:data1\" content=\"4 minutes\" \/>\n<!-- \/ Yoast SEO plugin. -->","yoast_head_json":{"title":"Intrants - CERTISYS","robots":{"index":"index","follow":"follow","max-snippet":"max-snippet:-1","max-image-preview":"max-image-preview:large","max-video-preview":"max-video-preview:-1"},"canonical":"https:\/\/www.certisys.eu\/fr\/labels-et-certifications\/agriculture-biologique\/intrants\/","og_locale":"fr_FR","og_type":"article","og_title":"Intrants - CERTISYS","og_description":"[vc_row content_placement=\u00a0\u00bbmiddle\u00a0\u00bb css=\u00a0\u00bb.vc_custom_1713339081707{margin-top: 80px !important;padding-bottom: 80px !important;}\u00a0\u00bb][vc_column width=\u00a0\u00bb1\/2&Prime; offset=\u00a0\u00bbvc_col-lg-offset-2 vc_col-lg-4&Prime;][vc_column_text] Certisys vous propose deux niveaux de garantie pour valoriser la conformit\u00e9 de vos intrants utilisables en agriculture biologique\u00a0: La Revue Documentaire L\u2019Attestation d\u2019Intrants [\/vc_column_text][\/vc_column][vc_column width=\u00a0\u00bb1\/3&Prime;][vc_single_image image=\u00a0\u00bb21759&Prime; img_size=\u00a0\u00bbfull\u00a0\u00bb alignment=\u00a0\u00bbcenter\u00a0\u00bb css_animation=\u00a0\u00bbfadeInDown\u00a0\u00bb][\/vc_column][\/vc_row][vc_row content_placement=\u00a0\u00bbmiddle\u00a0\u00bb css=\u00a0\u00bb.vc_custom_1605630337493{padding-bottom: 30px !important;}\u00a0\u00bb][vc_column width=\u00a0\u00bb1\/2&Prime; offset=\u00a0\u00bbvc_col-lg-offset-2 vc_col-lg-4&Prime;][vc_single_image image=\u00a0\u00bb32792&Prime; img_size=\u00a0\u00bb4000&#215;400&Prime; alignment=\u00a0\u00bbcenter\u00a0\u00bb style=\u00a0\u00bbvc_box_circle_2&Prime; css_animation=\u00a0\u00bbfadeInDown\u00a0\u00bb css=\u00a0\u00bb\u00a0\u00bb][\/vc_column][vc_column width=\u00a0\u00bb1\/3&Prime;][vc_column_text] Qu\u2019est-ce qu\u2019un [&hellip;]","og_url":"https:\/\/www.certisys.eu\/fr\/labels-et-certifications\/agriculture-biologique\/intrants\/","og_site_name":"CERTISYS","article_modified_time":"2024-08-26T07:21:28+00:00","twitter_card":"summary_large_image","twitter_misc":{"Dur\u00e9e de lecture estim\u00e9e":"4 minutes"},"schema":{"@context":"https:\/\/schema.org","@graph":[{"@type":"WebPage","@id":"https:\/\/www.certisys.eu\/fr\/labels-et-certifications\/agriculture-biologique\/intrants\/","url":"https:\/\/www.certisys.eu\/fr\/labels-et-certifications\/agriculture-biologique\/intrants\/","name":"Intrants - CERTISYS","isPartOf":{"@id":"https:\/\/www.certisys.eu\/fr\/#website"},"datePublished":"2024-05-07T11:55:10+00:00","dateModified":"2024-08-26T07:21:28+00:00","breadcrumb":{"@id":"https:\/\/www.certisys.eu\/fr\/labels-et-certifications\/agriculture-biologique\/intrants\/#breadcrumb"},"inLanguage":"fr-FR","potentialAction":[{"@type":"ReadAction","target":["https:\/\/www.certisys.eu\/fr\/labels-et-certifications\/agriculture-biologique\/intrants\/"]}]},{"@type":"BreadcrumbList","@id":"https:\/\/www.certisys.eu\/fr\/labels-et-certifications\/agriculture-biologique\/intrants\/#breadcrumb","itemListElement":[{"@type":"ListItem","position":1,"name":"Home","item":"https:\/\/www.certisys.eu\/fr\/"},{"@type":"ListItem","position":2,"name":"Labels et Certifications","item":"https:\/\/www.certisys.eu\/fr\/labels-et-certifications\/"},{"@type":"ListItem","position":3,"name":"Agriculture biologique","item":"https:\/\/www.certisys.eu\/fr\/labels-et-certifications\/agriculture-biologique\/"},{"@type":"ListItem","position":4,"name":"Intrants"}]},{"@type":"WebSite","@id":"https:\/\/www.certisys.eu\/fr\/#website","url":"https:\/\/www.certisys.eu\/fr\/","name":"CERTISYS","description":"Bio Certification","potentialAction":[{"@type":"SearchAction","target":{"@type":"EntryPoint","urlTemplate":"https:\/\/www.certisys.eu\/fr\/?s={search_term_string}"},"query-input":{"@type":"PropertyValueSpecification","valueRequired":true,"valueName":"search_term_string"}}],"inLanguage":"fr-FR"}]}},"jetpack_sharing_enabled":true,"_links":{"self":[{"href":"https:\/\/www.certisys.eu\/fr\/wp-json\/wp\/v2\/pages\/32805","targetHints":{"allow":["GET"]}}],"collection":[{"href":"https:\/\/www.certisys.eu\/fr\/wp-json\/wp\/v2\/pages"}],"about":[{"href":"https:\/\/www.certisys.eu\/fr\/wp-json\/wp\/v2\/types\/page"}],"author":[{"embeddable":true,"href":"https:\/\/www.certisys.eu\/fr\/wp-json\/wp\/v2\/users\/3"}],"replies":[{"embeddable":true,"href":"https:\/\/www.certisys.eu\/fr\/wp-json\/wp\/v2\/comments?post=32805"}],"version-history":[{"count":6,"href":"https:\/\/www.certisys.eu\/fr\/wp-json\/wp\/v2\/pages\/32805\/revisions"}],"predecessor-version":[{"id":34592,"href":"https:\/\/www.certisys.eu\/fr\/wp-json\/wp\/v2\/pages\/32805\/revisions\/34592"}],"up":[{"embeddable":true,"href":"https:\/\/www.certisys.eu\/fr\/wp-json\/wp\/v2\/pages\/16833"}],"wp:attachment":[{"href":"https:\/\/www.certisys.eu\/fr\/wp-json\/wp\/v2\/media?parent=32805"}],"curies":[{"name":"wp","href":"https:\/\/api.w.org\/{rel}","templated":true}]}}