{"id":32452,"date":"2024-04-15T15:01:39","date_gmt":"2024-04-15T13:01:39","guid":{"rendered":"https:\/\/www.certisys.eu\/?page_id=32452"},"modified":"2025-12-16T09:45:41","modified_gmt":"2025-12-16T07:45:41","slug":"uber-uns","status":"publish","type":"page","link":"https:\/\/www.certisys.eu\/fr\/uber-uns\/","title":{"rendered":"\u00dcber uns"},"content":{"rendered":"<div class=\"wpb-content-wrapper\"><p>[vc_row full_width=\u00a0\u00bbstretch_row\u00a0\u00bb css=\u00a0\u00bb.vc_custom_1614242522066{padding-top: 50px !important;padding-bottom: 50px !important;background-color: #f0f3f1 !important;}\u00a0\u00bb][vc_column width=\u00a0\u00bb1\/6&Prime;][\/vc_column][vc_column width=\u00a0\u00bb2\/3&Prime;][vc_column_text]<\/p>\n<h2 style=\"text-align: center;\"><\/h2>\n<h2 style=\"text-align: center;\">CERTISYS\u00ae, ist DIE Referenz in Sachen biologische und nachhaltige Zertifizierungen<\/h2>\n<p>[\/vc_column_text][vc_column_text css=\u00a0\u00bb\u00a0\u00bb]<\/p>\n<p style=\"text-align: center;\">CERTISYS\u00ae wurde 1980 gegr\u00fcndet und ist ein echter <strong>Pionier, <\/strong>wenn es um<strong> BIO-Zertifizierungen <\/strong>in Belgien geht<strong>.<\/strong> Unser <strong>Fachwissen<\/strong> und unser <strong>100%iger Einsatz f\u00fcr BIO<\/strong> machen uns zu Ihrem bevorzugten Ansprechpartner f\u00fcr all Ihre BIO-Projekte. Mit diesem starken Fachwissen im BIO-Bereich begleiten wir Sie ebenfalls bei der <strong>Entwicklung Ihrer nachhaltigen Vorhaben<\/strong> in Belgien und dem Gro\u00dfherzogtum Luxemburg. Wir kontrollieren und zertifizieren zahlreiche offizielle europ\u00e4ische und internationale Systeme aus der biologischen Landwirtschaft (JAS, BIO Schweiz, Canada Organic, NOP\u2026) sowie private Spezifikationen im Bereich Kosmetik und Reinigungsprodukte (COSMOS Organic, COSMOS Natural, Ecogarantie\u00ae, Ecodetergent), fairer Handel (Rainforest Alliance, Fair for Life, MSC\u2026) und Catering.<\/p>\n<p>[\/vc_column_text][vc_column_text]<\/p>\n<h2 style=\"text-align: center;\">Wir sind die Benelux-Filiale der internationalen Ecocert-Gruppe, dem weltweiten Spezialisten f\u00fcr die Zertifizierung nachhaltiger Praktiken.<\/h2>\n<p>[\/vc_column_text][vc_column_text]<\/p>\n<p style=\"text-align: center;\">\u00dcber die Ecocert-Gruppe sind wir in mehr als 130 L\u00e4ndern an Ihrer Seite. Dank unserer Standorte \u00fcberall auf der Welt profitieren Sie auf lokaler Ebene vom Fachwissen unserer Expertenteams, die sich bestens mit Ihrer Branche und Ihrer T\u00e4tigkeit auskennen. Wir begleiten anhand von Zertifizierung, Beratung und Weiterbildung zahlreiche Organisationen beim Aufbau und der Aufwertung nachhaltiger Praktiken. Die Zertifizierungsmarke Ecocert ist unter Verbrauchern international bekannt f\u00fcr ihre Wahl strenger Lastenhefte und f\u00fcr die Qualit\u00e4t ihrer Garantien.<\/p>\n<p>[\/vc_column_text][vc_row_inner][vc_column_inner width=\u00a0\u00bb1\/4&Prime;][\/vc_column_inner][vc_column_inner width=\u00a0\u00bb1\/4&Prime;][vc_single_image image=\u00a0\u00bb8658&Prime; img_size=\u00a0\u00bb500 x 300&Prime;][\/vc_column_inner][vc_column_inner width=\u00a0\u00bb1\/4&Prime;][vc_single_image image=\u00a0\u00bb8662&Prime; img_size=\u00a0\u00bb500 x 300&Prime;][\/vc_column_inner][vc_column_inner width=\u00a0\u00bb1\/4&Prime;][\/vc_column_inner][\/vc_row_inner]<div class=\"d-flex justify-content-center \"><a class=\"psh_button btn-84077625\" href=\"https:\/\/www.certisys.eu\/wp-content\/uploads\/2021\/02\/LEAFLET-CORPORATE-CERTISYS-DE.pdf\" alt=\"Pr\u00e4sentationsbrosch\u00fcre\" target=\"_blank\">Werfen Sie einen Blick in unsere Pr\u00e4sentationsbrosch\u00fcre<\/a><\/div>\n        <style>.psh_button.btn-84077625{\n          font-size: 20px;\n          text-transform: none;\n          padding: 10px 25px 10px 25px;\n          border-radius: 80px;\n          border-width: 0px;\n          background-color: #e30613;\n          border-color: ;\n          border-style: solid;\n          color: #ffffff;\n          display: inline-block;\n          \n          transition: all .3s ease-in-out;\n        }\n        .psh_button.btn-84077625:hover{\n          background-color: #f18970;\n          border-color: ;\n          color: #ffffff;\n          transition: all .3s ease-in-out;\n        }<\/style>[\/vc_column][vc_column width=\u00a0\u00bb1\/6&Prime;][\/vc_column][\/vc_row][vc_row full_width=\u00a0\u00bbstretch_row\u00a0\u00bb css=\u00a0\u00bb.vc_custom_1614242503876{padding-top: 50px !important;padding-bottom: 50px !important;background-color: #325338 !important;}\u00a0\u00bb][vc_column][vc_column_text el_class=\u00a0\u00bbcustom-white\u00a0\u00bb]<\/p>\n<h2 style=\"text-align: center;\">CERTISYS in zahlen<\/h2>\n<p>[\/vc_column_text][vc_row_inner][vc_column_inner width=\u00a0\u00bb1\/5&Prime;][vc_single_image image=\u00a0\u00bb3112&Prime; img_size=\u00a0\u00bb80&#215;80&Prime; alignment=\u00a0\u00bbcenter\u00a0\u00bb css_animation=\u00a0\u00bbfadeInDown\u00a0\u00bb css=\u00a0\u00bb.vc_custom_1614242177664{margin-bottom: 20px !important;}\u00a0\u00bb][vc_column_text css=\u00a0\u00bb\u00a0\u00bb el_class=\u00a0\u00bbcustom-white\u00a0\u00bb]<\/p>\n<h3 style=\"text-align: center;\">Mehr als 3.800 Unternehmen<\/h3>\n<p style=\"text-align: center;\">Mehr als 53% der belgischen BIO-Landwirte schenken uns ihr Vertrauen<\/p>\n<p>[\/vc_column_text][\/vc_column_inner][vc_column_inner width=\u00a0\u00bb1\/5&Prime;][vc_single_image image=\u00a0\u00bb3100&Prime; img_size=\u00a0\u00bb80&#215;80&Prime; alignment=\u00a0\u00bbcenter\u00a0\u00bb css_animation=\u00a0\u00bbfadeInDown\u00a0\u00bb css=\u00a0\u00bb.vc_custom_1614242189139{margin-bottom: 20px !important;}\u00a0\u00bb][vc_column_text css=\u00a0\u00bb\u00a0\u00bb el_class=\u00a0\u00bbcustom-white\u00a0\u00bb]<\/p>\n<h3 style=\"text-align: center;\">Fast 5.000 Audits<br \/>\npro Jahr<\/h3>\n<p>[\/vc_column_text][\/vc_column_inner][vc_column_inner width=\u00a0\u00bb1\/5&Prime;][vc_single_image image=\u00a0\u00bb3628&Prime; img_size=\u00a0\u00bb80&#215;80&Prime; alignment=\u00a0\u00bbcenter\u00a0\u00bb css_animation=\u00a0\u00bbfadeInDown\u00a0\u00bb css=\u00a0\u00bb.vc_custom_1615472152583{margin-bottom: 20px !important;}\u00a0\u00bb][vc_column_text css=\u00a0\u00bb\u00a0\u00bb el_class=\u00a0\u00bbcustom-white\u00a0\u00bb]<\/p>\n<h3 style=\"text-align: center;\">J\u00e4hrlich mehr als 1.900 entnommene und analysierte Proben<\/h3>\n<p>[\/vc_column_text][\/vc_column_inner][vc_column_inner width=\u00a0\u00bb1\/5&Prime;][vc_single_image image=\u00a0\u00bb4339&Prime; img_size=\u00a0\u00bb80&#215;80&Prime; alignment=\u00a0\u00bbcenter\u00a0\u00bb css_animation=\u00a0\u00bbfadeInDown\u00a0\u00bb css=\u00a0\u00bb.vc_custom_1617352644810{margin-bottom: 20px !important;}\u00a0\u00bb][vc_column_text el_class=\u00a0\u00bbcustom-white\u00a0\u00bb]<\/p>\n<h3 style=\"text-align: center;\">3 B\u00fcros<\/h3>\n<p style=\"text-align: center;\">1 in jeder Region<\/p>\n<p>[\/vc_column_text][\/vc_column_inner][vc_column_inner width=\u00a0\u00bb1\/5&Prime;][vc_single_image image=\u00a0\u00bb3108&Prime; img_size=\u00a0\u00bb80&#215;80&Prime; alignment=\u00a0\u00bbcenter\u00a0\u00bb css_animation=\u00a0\u00bbfadeInDown\u00a0\u00bb css=\u00a0\u00bb.vc_custom_1614242215507{margin-bottom: 20px !important;}\u00a0\u00bb][vc_column_text el_class=\u00a0\u00bbcustom-white\u00a0\u00bb]<\/p>\n<h3 style=\"text-align: center;\">\u00a0Mehr als 25 lokale Auditoren<\/h3>\n<p>[\/vc_column_text][\/vc_column_inner][\/vc_row_inner][\/vc_column][\/vc_row][vc_row css=\u00a0\u00bb.vc_custom_1615473502802{padding-top: 50px !important;}\u00a0\u00bb el_class=\u00a0\u00bbcustom-lastrow\u00a0\u00bb][vc_column][vc_column_text]<\/p>\n<h2 style=\"text-align: center;\">Erfahren sie mehr \u00fcber unsere geschichte<\/h2>\n<p>[\/vc_column_text][vc_row_inner][vc_column_inner offset=\u00a0\u00bbvc_col-lg-offset-2 vc_col-lg-4 vc_col-md-offset-2 vc_col-md-4&Prime;][vc_single_image image=\u00a0\u00bb1609&Prime; img_size=\u00a0\u00bb30&#215;68&Prime; alignment=\u00a0\u00bbcenter\u00a0\u00bb css=\u00a0\u00bb.vc_custom_1617352223882{margin-bottom: 10px !important;}\u00a0\u00bb][vc_column_text css=\u00a0\u00bb.vc_custom_1620305802119{margin-bottom: 0px !important;}\u00a0\u00bb]<\/p>\n<h3 style=\"text-align: center; color: #e30613;\">1980<\/h3>\n<p style=\"text-align: center;\">Eine <strong>Gruppe von Pionieren <\/strong>mit einer Leidenschaft f\u00fcr den Landbau und \u00fcberzeugt von der Notwendigkeit, den Boden und die biologische Vielfalt zu sch\u00fctzen, <strong>ruft die Bewegung des \u00f6kologischen Landbaus ins Leben<\/strong>. Zu diesem Zeitpunkt ist von BIO-Richtlinien noch keine Rede. Alles muss zun\u00e4chst erstellt und eingerichtet werden! Diese BIO-Pioniere wirken an der Ausarbeitung von europ\u00e4ischen Verordnung und nationalen privaten Spezifikationen mit.<\/p>\n<p>[\/vc_column_text][\/vc_column_inner][\/vc_row_inner][vc_single_image image=\u00a0\u00bb5547&Prime; img_size=\u00a0\u00bb1200&#215;150&Prime; alignment=\u00a0\u00bbcenter\u00a0\u00bb css=\u00a0\u00bb.vc_custom_1619007349120{margin-bottom: 0px !important;}\u00a0\u00bb][vc_row_inner][vc_column_inner offset=\u00a0\u00bbvc_col-lg-offset-6 vc_col-lg-4 vc_col-md-offset-6 vc_col-md-4&Prime; css=\u00a0\u00bb.vc_custom_1615473091947{padding-top: 0px !important;}\u00a0\u00bb][vc_single_image image=\u00a0\u00bb1609&Prime; img_size=\u00a0\u00bb30&#215;68&Prime; alignment=\u00a0\u00bbcenter\u00a0\u00bb css=\u00a0\u00bb.vc_custom_1617352223882{margin-bottom: 10px !important;}\u00a0\u00bb][vc_column_text css=\u00a0\u00bb.vc_custom_1620305816641{margin-bottom: 0px !important;}\u00a0\u00bb]<\/p>\n<h3 style=\"text-align: center; color: #e30613;\">1991<\/h3>\n<p style=\"text-align: center;\">Die europ\u00e4ische \u00d6ko-Verordnung entsteht. <strong>Blaise Hommelen gr\u00fcndet das Unternehmen \u201eECOCERT BELGIUM\u201c<\/strong>, um sich der Herausforderung einer zuverl\u00e4ssigen und glaubw\u00fcrdigen Kontrolle und Zertifizierung des \u00f6kologischen Landbaus zu stellen und den Betreibern die M\u00f6glichkeit zu geben, ihre Produkte besser sichtbar zu machen.<\/p>\n<p>[\/vc_column_text][\/vc_column_inner][\/vc_row_inner][vc_single_image image=\u00a0\u00bb5551&Prime; img_size=\u00a0\u00bb1200&#215;150&Prime; alignment=\u00a0\u00bbcenter\u00a0\u00bb css=\u00a0\u00bb.vc_custom_1619007357914{margin-bottom: 0px !important;}\u00a0\u00bb][vc_row_inner][vc_column_inner offset=\u00a0\u00bbvc_col-lg-offset-2 vc_col-lg-4 vc_col-md-offset-2 vc_col-md-4&Prime; css=\u00a0\u00bb.vc_custom_1615473118845{padding-top: 0px !important;}\u00a0\u00bb][vc_single_image image=\u00a0\u00bb1609&Prime; img_size=\u00a0\u00bb30&#215;68&Prime; alignment=\u00a0\u00bbcenter\u00a0\u00bb css=\u00a0\u00bb.vc_custom_1617352223882{margin-bottom: 10px !important;}\u00a0\u00bb][vc_column_text css=\u00a0\u00bb.vc_custom_1620305829883{margin-bottom: 0px !important;}\u00a0\u00bb]<\/p>\n<h3 style=\"text-align: center; color: #e30613;\">2000<\/h3>\n<p style=\"text-align: center;\">ECOCERT BELGIUM erh\u00e4lt die Zulassung zur <strong>Kontrolle und Zertifizierung im Gro\u00dfherzogtum Luxemburg<\/strong>. Zu dieser Zeit kontrolliert das Unternehmen \u00fcber 700 Betreiber.<\/p>\n<p>[\/vc_column_text][\/vc_column_inner][\/vc_row_inner][vc_single_image image=\u00a0\u00bb5555&Prime; img_size=\u00a0\u00bb1200&#215;150&Prime; alignment=\u00a0\u00bbcenter\u00a0\u00bb css=\u00a0\u00bb.vc_custom_1619007365702{margin-bottom: 0px !important;}\u00a0\u00bb][vc_row_inner][vc_column_inner offset=\u00a0\u00bbvc_col-lg-offset-6 vc_col-lg-4 vc_col-md-offset-6 vc_col-md-4&Prime; css=\u00a0\u00bb.vc_custom_1615473091947{padding-top: 0px !important;}\u00a0\u00bb][vc_single_image image=\u00a0\u00bb1609&Prime; img_size=\u00a0\u00bb30&#215;68&Prime; alignment=\u00a0\u00bbcenter\u00a0\u00bb css=\u00a0\u00bb.vc_custom_1617352223882{margin-bottom: 10px !important;}\u00a0\u00bb][vc_column_text css=\u00a0\u00bb.vc_custom_1622207521694{margin-bottom: 0px !important;}\u00a0\u00bb]<\/p>\n<h3 style=\"text-align: center; color: #e30613;\">2007<\/h3>\n<p style=\"text-align: center;\"><strong>ECOCERT BELGIUM wird zu CERTISYS\u00ae.<\/strong> Das Unternehmen hat nun 24 Mitarbeiter. Ein auf der Risikoanalyse basierendes Kontrollsystem wird entwickelt, um die Kontrollen vor Ort gezielter durchf\u00fchren zu k\u00f6nnen.<\/p>\n<p>[\/vc_column_text][\/vc_column_inner][\/vc_row_inner][vc_single_image image=\u00a0\u00bb5551&Prime; img_size=\u00a0\u00bb1200&#215;150&Prime; alignment=\u00a0\u00bbcenter\u00a0\u00bb css=\u00a0\u00bb.vc_custom_1619007376131{margin-bottom: 0px !important;}\u00a0\u00bb][vc_row_inner][vc_column_inner offset=\u00a0\u00bbvc_col-lg-offset-2 vc_col-lg-4 vc_col-md-offset-2 vc_col-md-4&Prime; css=\u00a0\u00bb.vc_custom_1615473118845{padding-top: 0px !important;}\u00a0\u00bb][vc_single_image image=\u00a0\u00bb1609&Prime; img_size=\u00a0\u00bb30&#215;68&Prime; alignment=\u00a0\u00bbcenter\u00a0\u00bb css=\u00a0\u00bb.vc_custom_1617352223882{margin-bottom: 10px !important;}\u00a0\u00bb][vc_column_text css=\u00a0\u00bb.vc_custom_1621934307762{margin-bottom: 0px !important;}\u00a0\u00bb]<\/p>\n<h3 style=\"text-align: center; color: #e30613;\">2021<\/h3>\n<p style=\"text-align: center;\">CERTISYS\u00ae festigt seine Position als f\u00fchrende Bio-Zertifizierungsstelle in Belgien und setzt seine Gesch\u00e4ftsentwicklung in den Benelux-L\u00e4ndern durch den <strong>Beitritt zur ECOCERT-Gruppe fort.<\/strong><\/p>\n<p>[\/vc_column_text][\/vc_column_inner][\/vc_row_inner][\/vc_column][\/vc_row][vc_row css=\u00a0\u00bb.vc_custom_1620370884352{padding-top: 50px !important;padding-bottom: 150px !important;background-image: url(https:\/\/www.certisys.eu\/wp-content\/uploads\/2020\/10\/bg-3-1.png?id=892) !important;}\u00a0\u00bb el_class=\u00a0\u00bbcustom-lastrow\u00a0\u00bb][vc_column css=\u00a0\u00bb.vc_custom_1616056778505{padding-top: 0px !important;}\u00a0\u00bb offset=\u00a0\u00bbvc_col-lg-offset-2 vc_col-lg-8 vc_col-md-offset-1 vc_col-md-10&Prime;][vc_column_text]<\/p>\n<h2 style=\"text-align: center;\">Mehr Informationen<\/h2>\n<p>[\/vc_column_text][vc_row_inner][vc_column_inner width=\u00a0\u00bb1\/2&Prime;]<div class=\"d-flex justify-content-center vc_custom_1620371356202\"><a class=\"psh_button btn-93874722\" href=\"https:\/\/www.certisys.eu\/de\/ueber\/engagement\/\" alt=\"Unser engagement\" target=\"\">Unser engagement<\/a><\/div>\n        <style>.psh_button.btn-93874722{\n          font-size: 18px;\n          text-transform: none;\n          padding: 10px 20px 10px 20px;\n          border-radius: 80px;\n          border-width: 0px;\n          background-color: #e30613;\n          border-color: ;\n          border-style: solid;\n          color: #ffffff;\n          display: inline-block;\n          width:250px;\n          transition: all .3s ease-in-out;\n        }\n        .psh_button.btn-93874722:hover{\n          background-color: #f18970;\n          border-color: ;\n          color: #ffffff;\n          transition: all .3s ease-in-out;\n        }.vc_custom_1620371356202{margin-bottom: 15px !important;}<\/style><div class=\"d-flex justify-content-center vc_custom_1620387949535\"><a class=\"psh_button btn-89833938\" href=\"https:\/\/www.certisys.eu\/de\/ueber\/teams\/\" alt=\"Unser Teams\" target=\"\">Unsere Teams<\/a><\/div>\n        <style>.psh_button.btn-89833938{\n          font-size: 18px;\n          text-transform: none;\n          padding: 10px 20px 10px 20px;\n          border-radius: 80px;\n          border-width: 0px;\n          background-color: #e30613;\n          border-color: ;\n          border-style: solid;\n          color: #ffffff;\n          display: inline-block;\n          width:250px;\n          transition: all .3s ease-in-out;\n        }\n        .psh_button.btn-89833938:hover{\n          background-color: #f18970;\n          border-color: ;\n          color: #ffffff;\n          transition: all .3s ease-in-out;\n        }.vc_custom_1620387949535{margin-bottom: 15px !important;}<\/style>[\/vc_column_inner][vc_column_inner width=\u00a0\u00bb1\/2&Prime;]<div class=\"d-flex justify-content-center vc_custom_1620371397580\"><a class=\"psh_button btn-56844750\" href=\"https:\/\/www.certisys.eu\/de\/ueber\/zulassungen\/\" alt=\"Unsere zulassungen\" target=\"\">Unsere zulassungen<\/a><\/div>\n        <style>.psh_button.btn-56844750{\n          font-size: 18px;\n          text-transform: none;\n          padding: 10px 20px 10px 20px;\n          border-radius: 80px;\n          border-width: 0px;\n          background-color: #e30613;\n          border-color: ;\n          border-style: solid;\n          color: #ffffff;\n          display: inline-block;\n          width:250px;\n          transition: all .3s ease-in-out;\n        }\n        .psh_button.btn-56844750:hover{\n          background-color: #f18970;\n          border-color: ;\n          color: #ffffff;\n          transition: all .3s ease-in-out;\n        }.vc_custom_1620371397580{margin-bottom: 15px !important;}<\/style><div class=\"d-flex justify-content-center vc_custom_1620387528331\"><a class=\"psh_button btn-98790845\" href=\"https:\/\/www.certisys.eu\/de\/ueber\/geschaeftsbericht\/\" alt=\"Unsere Gesch\u00e4ftsbericht\" target=\"\">Unsere gesch\u00e4ftsberichte<\/a><\/div>\n        <style>.psh_button.btn-98790845{\n          font-size: 18px;\n          text-transform: none;\n          padding: 10px 20px 10px 20px;\n          border-radius: 80px;\n          border-width: 0px;\n          background-color: #e30613;\n          border-color: ;\n          border-style: solid;\n          color: #ffffff;\n          display: inline-block;\n          width:250px;\n          transition: all .3s ease-in-out;\n        }\n        .psh_button.btn-98790845:hover{\n          background-color: #f18970;\n          border-color: ;\n          color: #ffffff;\n          transition: all .3s ease-in-out;\n        }.vc_custom_1620387528331{margin-bottom: 15px !important;}<\/style>[\/vc_column_inner][\/vc_row_inner][\/vc_column][\/vc_row]<\/p>\n<\/div>","protected":false},"excerpt":{"rendered":"<p>[vc_row full_width=\u00a0\u00bbstretch_row\u00a0\u00bb css=\u00a0\u00bb.vc_custom_1614242522066{padding-top: 50px !important;padding-bottom: 50px !important;background-color: #f0f3f1 !important;}\u00a0\u00bb][vc_column width=\u00a0\u00bb1\/6&Prime;][\/vc_column][vc_column width=\u00a0\u00bb2\/3&Prime;][vc_column_text] CERTISYS\u00ae, ist DIE Referenz in Sachen biologische und nachhaltige Zertifizierungen [\/vc_column_text][vc_column_text css=\u00a0\u00bb\u00a0\u00bb] CERTISYS\u00ae wurde 1980 gegr\u00fcndet und ist ein echter Pionier, wenn es um BIO-Zertifizierungen in Belgien geht. Unser Fachwissen und unser 100%iger Einsatz f\u00fcr BIO machen uns zu Ihrem bevorzugten Ansprechpartner f\u00fcr all [&hellip;]<\/p>\n","protected":false},"author":6,"featured_media":0,"parent":0,"menu_order":2,"comment_status":"closed","ping_status":"closed","template":"","meta":{"_acf_changed":false,"footnotes":""},"class_list":["post-32452","page","type-page","status-publish","hentry"],"acf":[],"yoast_head":"<!-- This site is optimized with the Yoast SEO plugin v27.4 - https:\/\/yoast.com\/product\/yoast-seo-wordpress\/ -->\n<title>\u00dcber uns - CERTISYS<\/title>\n<meta name=\"description\" content=\"Unser Fachwissen und unser unerm\u00fcdliches Engagement f\u00fcr den \u00f6kologischen Landbau machen uns zu einem f\u00fchrenden Unternehmen in diesem Bereich. Wir unterst\u00fctzen die Entwicklung Ihrer Bio-Aktivit\u00e4ten in Belgien, dem Gro\u00dfherzogtum Luxemburg und Afrika.\" \/>\n<meta name=\"robots\" content=\"index, follow, max-snippet:-1, max-image-preview:large, max-video-preview:-1\" \/>\n<link rel=\"canonical\" href=\"https:\/\/www.certisys.eu\/fr\/uber-uns\/\" \/>\n<meta property=\"og:locale\" content=\"fr_FR\" \/>\n<meta property=\"og:type\" content=\"article\" \/>\n<meta property=\"og:title\" content=\"\u00dcber uns - CERTISYS\" \/>\n<meta property=\"og:description\" content=\"Unser Fachwissen und unser unerm\u00fcdliches Engagement f\u00fcr den \u00f6kologischen Landbau machen uns zu einem f\u00fchrenden Unternehmen in diesem Bereich. Wir unterst\u00fctzen die Entwicklung Ihrer Bio-Aktivit\u00e4ten in Belgien, dem Gro\u00dfherzogtum Luxemburg und Afrika.\" \/>\n<meta property=\"og:url\" content=\"https:\/\/www.certisys.eu\/fr\/uber-uns\/\" \/>\n<meta property=\"og:site_name\" content=\"CERTISYS\" \/>\n<meta property=\"article:modified_time\" content=\"2025-12-16T07:45:41+00:00\" \/>\n<meta name=\"twitter:card\" content=\"summary_large_image\" \/>\n<meta name=\"twitter:label1\" content=\"Dur\u00e9e de lecture estim\u00e9e\" \/>\n\t<meta name=\"twitter:data1\" content=\"7 minutes\" \/>\n<!-- \/ Yoast SEO plugin. -->","yoast_head_json":{"title":"\u00dcber uns - CERTISYS","description":"Unser Fachwissen und unser unerm\u00fcdliches Engagement f\u00fcr den \u00f6kologischen Landbau machen uns zu einem f\u00fchrenden Unternehmen in diesem Bereich. Wir unterst\u00fctzen die Entwicklung Ihrer Bio-Aktivit\u00e4ten in Belgien, dem Gro\u00dfherzogtum Luxemburg und Afrika.","robots":{"index":"index","follow":"follow","max-snippet":"max-snippet:-1","max-image-preview":"max-image-preview:large","max-video-preview":"max-video-preview:-1"},"canonical":"https:\/\/www.certisys.eu\/fr\/uber-uns\/","og_locale":"fr_FR","og_type":"article","og_title":"\u00dcber uns - CERTISYS","og_description":"Unser Fachwissen und unser unerm\u00fcdliches Engagement f\u00fcr den \u00f6kologischen Landbau machen uns zu einem f\u00fchrenden Unternehmen in diesem Bereich. Wir unterst\u00fctzen die Entwicklung Ihrer Bio-Aktivit\u00e4ten in Belgien, dem Gro\u00dfherzogtum Luxemburg und Afrika.","og_url":"https:\/\/www.certisys.eu\/fr\/uber-uns\/","og_site_name":"CERTISYS","article_modified_time":"2025-12-16T07:45:41+00:00","twitter_card":"summary_large_image","twitter_misc":{"Dur\u00e9e de lecture estim\u00e9e":"7 minutes"},"schema":{"@context":"https:\/\/schema.org","@graph":[{"@type":"WebPage","@id":"https:\/\/www.certisys.eu\/fr\/uber-uns\/","url":"https:\/\/www.certisys.eu\/fr\/uber-uns\/","name":"\u00dcber uns - CERTISYS","isPartOf":{"@id":"https:\/\/www.certisys.eu\/fr\/#website"},"datePublished":"2024-04-15T13:01:39+00:00","dateModified":"2025-12-16T07:45:41+00:00","description":"Unser Fachwissen und unser unerm\u00fcdliches Engagement f\u00fcr den \u00f6kologischen Landbau machen uns zu einem f\u00fchrenden Unternehmen in diesem Bereich. Wir unterst\u00fctzen die Entwicklung Ihrer Bio-Aktivit\u00e4ten in Belgien, dem Gro\u00dfherzogtum Luxemburg und Afrika.","breadcrumb":{"@id":"https:\/\/www.certisys.eu\/fr\/uber-uns\/#breadcrumb"},"inLanguage":"fr-FR","potentialAction":[{"@type":"ReadAction","target":["https:\/\/www.certisys.eu\/fr\/uber-uns\/"]}]},{"@type":"BreadcrumbList","@id":"https:\/\/www.certisys.eu\/fr\/uber-uns\/#breadcrumb","itemListElement":[{"@type":"ListItem","position":1,"name":"Home","item":"https:\/\/www.certisys.eu\/fr\/"},{"@type":"ListItem","position":2,"name":"\u00dcber uns"}]},{"@type":"WebSite","@id":"https:\/\/www.certisys.eu\/fr\/#website","url":"https:\/\/www.certisys.eu\/fr\/","name":"CERTISYS","description":"Bio Certification","potentialAction":[{"@type":"SearchAction","target":{"@type":"EntryPoint","urlTemplate":"https:\/\/www.certisys.eu\/fr\/?s={search_term_string}"},"query-input":{"@type":"PropertyValueSpecification","valueRequired":true,"valueName":"search_term_string"}}],"inLanguage":"fr-FR"}]}},"_links":{"self":[{"href":"https:\/\/www.certisys.eu\/fr\/wp-json\/wp\/v2\/pages\/32452","targetHints":{"allow":["GET"]}}],"collection":[{"href":"https:\/\/www.certisys.eu\/fr\/wp-json\/wp\/v2\/pages"}],"about":[{"href":"https:\/\/www.certisys.eu\/fr\/wp-json\/wp\/v2\/types\/page"}],"author":[{"embeddable":true,"href":"https:\/\/www.certisys.eu\/fr\/wp-json\/wp\/v2\/users\/6"}],"replies":[{"embeddable":true,"href":"https:\/\/www.certisys.eu\/fr\/wp-json\/wp\/v2\/comments?post=32452"}],"version-history":[{"count":2,"href":"https:\/\/www.certisys.eu\/fr\/wp-json\/wp\/v2\/pages\/32452\/revisions"}],"predecessor-version":[{"id":75500,"href":"https:\/\/www.certisys.eu\/fr\/wp-json\/wp\/v2\/pages\/32452\/revisions\/75500"}],"wp:attachment":[{"href":"https:\/\/www.certisys.eu\/fr\/wp-json\/wp\/v2\/media?parent=32452"}],"curies":[{"name":"wp","href":"https:\/\/api.w.org\/{rel}","templated":true}]}}