{"id":32,"date":"2020-10-12T10:24:52","date_gmt":"2020-10-12T08:24:52","guid":{"rendered":"https:\/\/certisys.poush.be\/?page_id=32"},"modified":"2025-05-06T16:41:44","modified_gmt":"2025-05-06T14:41:44","slug":"certifications-bio-internationales","status":"publish","type":"page","link":"https:\/\/www.certisys.eu\/fr\/labels-et-certifications\/certifications-bio-internationales\/","title":{"rendered":"Les certifications BIO internationales"},"content":{"rendered":"<div class=\"wpb-content-wrapper\"><p>[vc_row content_placement=\u00a0\u00bbmiddle\u00a0\u00bb css=\u00a0\u00bb.vc_custom_1605630337493{padding-bottom: 30px !important;}\u00a0\u00bb][vc_column width=\u00a0\u00bb1\/2&Prime; offset=\u00a0\u00bbvc_col-lg-offset-2 vc_col-lg-4&Prime;][vc_column_text]Pour commercialiser vos produits BIO sur des march\u00e9s <strong>hors Europe<\/strong>, un label international officiel peut \u00eatre <strong>obligatoire ou n\u00e9cessaire<\/strong> pour \u00eatre reconnu par les consommateurs locaux.<\/p>\n<p>Il peut \u00e9galement \u00eatre utile pour faciliter les \u00e9changes en diminuant certaines d\u00e9marches administratives. La palette d\u2019exigences est aussi large que le nombre de pays vers lesquels exporter\u00a0!<\/p>\n<p>Renseignez-vous, d\u00e8s lors, <strong>aupr\u00e8s de votre importateur<\/strong> sur les <strong>exigences<\/strong> requises par le pays d\u2019importation avant d\u2019exporter vos produits. Elles varient d\u2019un pays \u00e0 l\u2019autre et \u00e9voluent avec le temps.<\/p>\n<p>Vous trouverez \u00e9galement des informations sp\u00e9cifiques sur l\u2019exportation par pays sur <a href=\"https:\/\/www.organicexport.info\/about.html\" target=\"_blank\" rel=\"noopener\">OrganicExport.info<\/a>.[\/vc_column_text][\/vc_column][vc_column width=\u00a0\u00bb1\/3&Prime;][vc_single_image image=\u00a0\u00bb3575&Prime; img_size=\u00a0\u00bb400&#215;400&Prime; alignment=\u00a0\u00bbcenter\u00a0\u00bb style=\u00a0\u00bbvc_box_circle_2&Prime; css_animation=\u00a0\u00bbfadeInDown\u00a0\u00bb][\/vc_column][\/vc_row][vc_row css=\u00a0\u00bb.vc_custom_1605630039270{padding-bottom: 150px !important;background-image: url(https:\/\/www.certisys.eu\/wp-content\/uploads\/2020\/10\/bg-3-1.png?id=892) !important;}\u00a0\u00bb el_class=\u00a0\u00bbcustom-lastrow\u00a0\u00bb][vc_column css=\u00a0\u00bb.vc_custom_1619094754273{padding-top: 0px !important;}\u00a0\u00bb offset=\u00a0\u00bbvc_col-lg-offset-1 vc_col-lg-10&Prime;][vc_column_text]<\/p>\n<h2 style=\"text-align: center;\">Vous trouverez ci-dessous un aper\u00e7u des certifications les plus demand\u00e9es par pays :<\/h2>\n<p>[\/vc_column_text][vc_row_inner equal_height=\u00a0\u00bbyes\u00a0\u00bb gap=\u00a0\u00bb20&Prime;][vc_column_inner width=\u00a0\u00bb1\/3&Prime;][vc_column_text css=\u00a0\u00bb.vc_custom_1666878583627{margin-bottom: 50px !important;}\u00a0\u00bb]<\/p>\n<h3 style=\"text-align: center;\">USA :<\/h3>\n<p style=\"text-align: center;\"><strong>NOP \u2013 logo USDA<\/strong><\/p>\n<p>[\/vc_column_text][vc_single_image image=\u00a0\u00bb5972&Prime; img_size=\u00a0\u00bb100&#215;100&Prime; alignment=\u00a0\u00bbcenter\u00a0\u00bb onclick=\u00a0\u00bbcustom_link\u00a0\u00bb css=\u00a0\u00bb.vc_custom_1621237602443{margin-bottom: 25px !important;}\u00a0\u00bb link=\u00a0\u00bbhttps:\/\/www.ams.usda.gov\/about-ams\/programs-offices\/national-organic-program\u00a0\u00bb][vc_column_text css=\u00a0\u00bb.vc_custom_1746542499140{margin-bottom: 50px !important;}\u00a0\u00bb]<\/p>\n<p style=\"text-align: center;\">La <strong>certification NOP<\/strong> est la certification <strong>officielle aux USA<\/strong> pour les produits <strong>biologiques<\/strong>.<\/p>\n<p style=\"text-align: center;\">CERTISYS\u00ae propose aussi l\u2019acc\u00e8s \u00e0 la certification NOP pour les op\u00e9rateurs d\u00e9j\u00e0 certifi\u00e9s en Belgique en agriculture biologique chez CERTISYS\u00ae gr\u00e2ce \u00e0 une collaboration avec <a href=\"https:\/\/www.ecocert.com\/fr\/home\">Ecocert<\/a>, dont nous sommes la filiale Benelux.<\/p>\n<p>[\/vc_column_text]<div class=\"d-flex justify-content-center \"><a class=\"psh_button btn-85981133\" href=\"https:\/\/www.certisys.eu\/wp-content\/uploads\/2026\/01\/GT061-v02_Fiche-EXPORT-USA_FR.pdf\" alt=\"\" target=\"_blank\">Fiche Export USA<\/a><\/div>\n        <style>.psh_button.btn-85981133{\n          font-size: 18px;\n          text-transform: none;\n          padding: 10px 20px 10px 20px;\n          border-radius: 80px;\n          border-width: 0px;\n          background-color: #e30613;\n          border-color: ;\n          border-style: solid;\n          color: #ffffff;\n          display: inline-block;\n          \n          transition: all .3s ease-in-out;\n        }\n        .psh_button.btn-85981133:hover{\n          background-color: #f18970;\n          border-color: ;\n          color: #ffffff;\n          transition: all .3s ease-in-out;\n        }<\/style>[vc_empty_space][\/vc_column_inner][vc_column_inner width=\u00a0\u00bb1\/3&Prime;][vc_column_text css=\u00a0\u00bb.vc_custom_1666878682186{margin-bottom: 50px !important;}\u00a0\u00bb]<\/p>\n<h3 style=\"text-align: center;\">JAPON :<\/h3>\n<p style=\"text-align: center;\"><strong>JAS \u2013 Japanese Agriculture Standard<\/strong><\/p>\n<p>[\/vc_column_text][vc_single_image image=\u00a0\u00bb5964&Prime; img_size=\u00a0\u00bb100&#215;100&Prime; alignment=\u00a0\u00bbcenter\u00a0\u00bb onclick=\u00a0\u00bbcustom_link\u00a0\u00bb css=\u00a0\u00bb.vc_custom_1621238204353{margin-bottom: 25px !important;}\u00a0\u00bb link=\u00a0\u00bbhttps:\/\/www.maff.go.jp\/e\/policies\/standard\/jas\/\u00a0\u00bb][vc_column_text css=\u00a0\u00bb.vc_custom_1746542413997{margin-bottom: 50px !important;}\u00a0\u00bb]<\/p>\n<p style=\"text-align: center;\">Vous ne pouvez pas utiliser le logo JAS sur vos produits SAUF si votre importateur au Japon est certifi\u00e9 JAS ou si vous \u00eates titulaire de la certification JAS.<\/p>\n<p style=\"text-align: center;\">Plus d\u2019information sur le site du <a href=\"https:\/\/www.maff.go.jp\/e\/policies\/standard\/jas\/specific\/Organic_equivalency.html\" target=\"_blank\" rel=\"noopener\">MAFF<\/a> (Ministery of Agriculture, Forestry and Fisheries).<\/p>\n<p>[\/vc_column_text]<div class=\"d-flex justify-content-center \"><a class=\"psh_button btn-64265650\" href=\"https:\/\/www.certisys.eu\/wp-content\/uploads\/2026\/01\/GT062-v02_Fiche-EXPORT-Japon_FR.pdf\" alt=\"\" target=\"_blank\">Fiche Export Japon<\/a><\/div>\n        <style>.psh_button.btn-64265650{\n          font-size: 18px;\n          text-transform: none;\n          padding: 10px 20px 10px 20px;\n          border-radius: 80px;\n          border-width: 0px;\n          background-color: #e30613;\n          border-color: ;\n          border-style: solid;\n          color: #ffffff;\n          display: inline-block;\n          \n          transition: all .3s ease-in-out;\n        }\n        .psh_button.btn-64265650:hover{\n          background-color: #f18970;\n          border-color: ;\n          color: #ffffff;\n          transition: all .3s ease-in-out;\n        }<\/style>[vc_empty_space][\/vc_column_inner][vc_column_inner width=\u00a0\u00bb1\/3&Prime;][vc_column_text css=\u00a0\u00bb.vc_custom_1666878765568{margin-bottom: 50px !important;}\u00a0\u00bb]<\/p>\n<h3 style=\"text-align: center;\">CANADA :<\/h3>\n<p style=\"text-align: center;\"><strong>COR \u2013 Canadian Organic Regime<\/strong><\/p>\n<p>[\/vc_column_text][vc_single_image image=\u00a0\u00bb5960&Prime; img_size=\u00a0\u00bb100&#215;100&Prime; alignment=\u00a0\u00bbcenter\u00a0\u00bb onclick=\u00a0\u00bbcustom_link\u00a0\u00bb css=\u00a0\u00bb.vc_custom_1621257914956{margin-bottom: 25px !important;}\u00a0\u00bb link=\u00a0\u00bbhttps:\/\/www.canada-organic.ca\/fr\u00a0\u00bb][vc_column_text css=\u00a0\u00bb.vc_custom_1746542244457{margin-bottom: 50px !important;}\u00a0\u00bb]<\/p>\n<p style=\"text-align: center;\">Les produits certifi\u00e9s BIO export\u00e9s au Canada peuvent porter <strong>le logo BIO canadien.<\/strong><\/p>\n<p style=\"text-align: center;\">Plus d\u2019infos sur le site du <a href=\"https:\/\/inspection.canada.ca\/fr\/etiquetage-aliment\/produits-biologiques\/ententes-dequivalence\/eebuec-apercu\" target=\"_blank\" rel=\"noopener\">Gouvernement du Canada<\/a>.<\/p>\n<p>&nbsp;<\/p>\n<p>[\/vc_column_text]<div class=\"d-flex justify-content-center \"><a class=\"psh_button btn-80386587\" href=\"https:\/\/www.certisys.eu\/wp-content\/uploads\/2022\/06\/GT059-v01_Fiche-EXPORT-Canada_FR.pdf\" alt=\"\" target=\"_blank\">Fiche Export Canada<\/a><\/div>\n        <style>.psh_button.btn-80386587{\n          font-size: 18px;\n          text-transform: none;\n          padding: 10px 20px 10px 20px;\n          border-radius: 80px;\n          border-width: 0px;\n          background-color: #e30613;\n          border-color: ;\n          border-style: solid;\n          color: #ffffff;\n          display: inline-block;\n          \n          transition: all .3s ease-in-out;\n        }\n        .psh_button.btn-80386587:hover{\n          background-color: #f18970;\n          border-color: ;\n          color: #ffffff;\n          transition: all .3s ease-in-out;\n        }<\/style>[vc_empty_space][\/vc_column_inner][vc_column_inner width=\u00a0\u00bb1\/3&Prime;][vc_column_text css=\u00a0\u00bb.vc_custom_1666878804053{margin-bottom: 50px !important;}\u00a0\u00bb]<\/p>\n<h3 style=\"text-align: center;\">COR\u00c9E DU SUD :<\/h3>\n<p style=\"text-align: center;\"><strong>MAFRA \u2013 Organic Korea<\/strong><\/p>\n<p>[\/vc_column_text][vc_single_image image=\u00a0\u00bb5968&Prime; img_size=\u00a0\u00bb100&#215;100&Prime; alignment=\u00a0\u00bbcenter\u00a0\u00bb onclick=\u00a0\u00bbcustom_link\u00a0\u00bb css=\u00a0\u00bb.vc_custom_1621326861364{margin-bottom: 25px !important;}\u00a0\u00bb link=\u00a0\u00bbhttps:\/\/www.mafra.go.kr\/english\/index.do\u00a0\u00bb][vc_column_text css=\u00a0\u00bb.vc_custom_1666939095007{margin-bottom: 50px !important;}\u00a0\u00bb]<\/p>\n<p style=\"text-align: center;\">Il existe une <strong>\u00e9quivalence<\/strong> entre le BIO europ\u00e9en et le BIO cor\u00e9en. Vous pouvez donc exportez vos produits transform\u00e9s BIO <strong>vers la Cor\u00e9e du Sud<\/strong> sous certaines conditions d\u2019\u00e9tiquetage.<\/p>\n<p style=\"text-align: center;\">Plus d\u2019information sur le site du <a href=\"https:\/\/www.mafra.go.kr\/english\/index.do\" target=\"_blank\" rel=\"noopener\">MAFRA<\/a> (Ministery of Agriculture, Food and Rural Affairs).<\/p>\n<p>[\/vc_column_text]<div class=\"d-flex justify-content-center \"><a class=\"psh_button btn-44118296\" href=\"https:\/\/www.certisys.eu\/wp-content\/uploads\/2022\/06\/GT060-v01_Fiche-EXPORT-Coree-du-sud_FR.pdf\" alt=\"\" target=\"_blank\">Fiche Export Cor\u00e9e du Sud<\/a><\/div>\n        <style>.psh_button.btn-44118296{\n          font-size: 18px;\n          text-transform: none;\n          padding: 10px 20px 10px 20px;\n          border-radius: 80px;\n          border-width: 0px;\n          background-color: #e30613;\n          border-color: ;\n          border-style: solid;\n          color: #ffffff;\n          display: inline-block;\n          \n          transition: all .3s ease-in-out;\n        }\n        .psh_button.btn-44118296:hover{\n          background-color: #f18970;\n          border-color: ;\n          color: #ffffff;\n          transition: all .3s ease-in-out;\n        }<\/style>[vc_empty_space][\/vc_column_inner][vc_column_inner width=\u00a0\u00bb1\/3&Prime;][vc_column_text]<\/p>\n<h3 style=\"text-align: center;\">CHINE :<\/h3>\n<p style=\"text-align: center;\"><strong>Agriculture biologique chinoise<\/strong><\/p>\n<p>[\/vc_column_text][vc_single_image image=\u00a0\u00bb5956&Prime; img_size=\u00a0\u00bb100&#215;100&Prime; alignment=\u00a0\u00bbcenter\u00a0\u00bb css=\u00a0\u00bb.vc_custom_1619095489288{margin-bottom: 25px !important;}\u00a0\u00bb][vc_column_text]<\/p>\n<p style=\"text-align: center;\">Nous pouvons vous mettre en relation avec <a href=\"https:\/\/www.ecocert.com\/zh-CN\/%E6%9D%A1%E6%AC%BE%E6%B8%85%E5%8D%95?id=5091263\" target=\"_blank\" rel=\"noopener\">ECOCERT Chine<\/a> pour obtenir la certification BIO chinoise n\u00e9cessaire \u00e0 l\u2019exportation de tout produit BIO vers la Chine.<\/p>\n<p style=\"text-align: center;\">Plus d\u2019information sur la <a href=\"https:\/\/www.ecocert.com\/fr-CA\/article\/5091263\" target=\"_blank\" rel=\"noopener\">norme biologique chinoise GB\/T 19630-2019<\/a><\/p>\n<p>[\/vc_column_text][\/vc_column_inner][vc_column_inner width=\u00a0\u00bb1\/3&Prime;][vc_column_text]<\/p>\n<h3 style=\"text-align: center;\">MEXIQUE :<\/h3>\n<p style=\"text-align: center;\"><strong>LPO : Ley de los Productos Organicos<\/strong><\/p>\n<p>[\/vc_column_text][vc_single_image image=\u00a0\u00bb16961&Prime; img_size=\u00a0\u00bb100&#215;100&Prime; alignment=\u00a0\u00bbcenter\u00a0\u00bb css=\u00a0\u00bb.vc_custom_1666938989095{margin-bottom: 25px !important;}\u00a0\u00bb][vc_column_text]<\/p>\n<p style=\"text-align: center;\">Nous pouvons vous mettre en relation avec <a href=\"https:\/\/www.ecocert.com\/es-MX\/lista-de-articulos?id=5091263\" target=\"_blank\" rel=\"noopener\">ECOCERT Mexique<\/a>. L\u2019audit sera r\u00e9alis\u00e9 par un auditeur CERTISYS et la certification par ECOCERT Mexique.<\/p>\n<p style=\"text-align: center;\">Il n\u2019existe pas d\u2019accord d\u2019\u00e9quivalence entre le LPO et d\u2019autres R\u00e8glements BIO. Cela signifie qu\u2019une certification LPO est indispensable pour exporter des produits biologiques vers le Mexique.<\/p>\n<p>[\/vc_column_text]<div class=\"d-flex justify-content-center \"><a class=\"psh_button btn-72949095\" href=\"https:\/\/www.certisys.eu\/wp-content\/uploads\/2022\/09\/GT063-v01_Fiche-EXPORT-MEXIQUE_FR.pdf\" alt=\"\" target=\"_blank\">Fiche Export Mexique<\/a><\/div>\n        <style>.psh_button.btn-72949095{\n          font-size: 18px;\n          text-transform: none;\n          padding: 10px 20px 10px 20px;\n          border-radius: 80px;\n          border-width: 0px;\n          background-color: #e30613;\n          border-color: ;\n          border-style: solid;\n          color: #ffffff;\n          display: inline-block;\n          \n          transition: all .3s ease-in-out;\n        }\n        .psh_button.btn-72949095:hover{\n          background-color: #f18970;\n          border-color: ;\n          color: #ffffff;\n          transition: all .3s ease-in-out;\n        }<\/style>[\/vc_column_inner][\/vc_row_inner][vc_empty_space][vc_row_inner][vc_column_inner][vc_column_text]<\/p>\n<h2 style=\"text-align: center;\">Vous souhaitez exporter vers d\u2019autres pays\u00a0?<\/h2>\n<p style=\"text-align: center;\">Notre \u00e9quipe est l\u00e0 pour vous aider, <a href=\"https:\/\/www.certisys.eu\/contact\/\">contactez-nous<\/a>.<\/p>\n<p>[\/vc_column_text]<div class=\"d-flex justify-content-center vc_custom_1619094829996\"><a class=\"psh_button btn-09753341\" href=\"https:\/\/www.certisys.eu\/mon-activite\/importateurs-et-exportateurs-de-produits-hors-ue\/\" alt=\"Importateurs et exportateurs de produits hors UE\" target=\"\">Importateurs et exportateurs de produits hors UE<\/a><\/div>\n        <style>.psh_button.btn-09753341{\n          font-size: 18px;\n          text-transform: none;\n          padding: 10px 20px 10px 20px;\n          border-radius: 80px;\n          border-width: 0px;\n          background-color: #e30613;\n          border-color: ;\n          border-style: solid;\n          color: #ffffff;\n          display: inline-block;\n          \n          transition: all .3s ease-in-out;\n        }\n        .psh_button.btn-09753341:hover{\n          background-color: #f18970;\n          border-color: ;\n          color: #ffffff;\n          transition: all .3s ease-in-out;\n        }.vc_custom_1619094829996{margin-bottom: 50px !important;}<\/style>[\/vc_column_inner][\/vc_row_inner][\/vc_column][\/vc_row]<\/p>\n<\/div>","protected":false},"excerpt":{"rendered":"<p>[vc_row content_placement=\u00a0\u00bbmiddle\u00a0\u00bb css=\u00a0\u00bb.vc_custom_1605630337493{padding-bottom: 30px !important;}\u00a0\u00bb][vc_column width=\u00a0\u00bb1\/2&Prime; offset=\u00a0\u00bbvc_col-lg-offset-2 vc_col-lg-4&Prime;][vc_column_text]Pour commercialiser vos produits BIO sur des march\u00e9s hors Europe, un label international officiel peut \u00eatre obligatoire ou n\u00e9cessaire pour \u00eatre reconnu par les consommateurs locaux. Il peut \u00e9galement \u00eatre utile pour faciliter les \u00e9changes en diminuant certaines d\u00e9marches administratives. La palette d\u2019exigences est aussi large que le [&hellip;]<\/p>\n","protected":false},"author":1,"featured_media":0,"parent":16804,"menu_order":2,"comment_status":"closed","ping_status":"closed","template":"","meta":{"_acf_changed":false,"footnotes":""},"class_list":["post-32","page","type-page","status-publish","hentry"],"acf":[],"yoast_head":"<!-- This site is optimized with the Yoast SEO plugin v26.6 - https:\/\/yoast.com\/wordpress\/plugins\/seo\/ -->\n<title>Les certifications BIO internationales - CERTISYS -Belgique<\/title>\n<meta name=\"description\" content=\"Vous d\u00e9sirez commercialiser vos produits BIO sur des march\u00e9s hors Europe, un label international officiel peut \u00eatre obligatoire ou n\u00e9cessaire\" \/>\n<meta name=\"robots\" content=\"index, follow, max-snippet:-1, max-image-preview:large, max-video-preview:-1\" \/>\n<link rel=\"canonical\" href=\"https:\/\/www.certisys.eu\/fr\/labels-et-certifications\/certifications-bio-internationales\/\" \/>\n<meta property=\"og:locale\" content=\"fr_FR\" \/>\n<meta property=\"og:type\" content=\"article\" \/>\n<meta property=\"og:title\" content=\"Les certifications BIO internationales - CERTISYS -Belgique\" \/>\n<meta property=\"og:description\" content=\"Vous d\u00e9sirez commercialiser vos produits BIO sur des march\u00e9s hors Europe, un label international officiel peut \u00eatre obligatoire ou n\u00e9cessaire\" \/>\n<meta property=\"og:url\" content=\"https:\/\/www.certisys.eu\/fr\/labels-et-certifications\/certifications-bio-internationales\/\" \/>\n<meta property=\"og:site_name\" content=\"CERTISYS\" \/>\n<meta property=\"article:modified_time\" content=\"2025-05-06T14:41:44+00:00\" \/>\n<meta name=\"twitter:card\" content=\"summary_large_image\" \/>\n<meta name=\"twitter:label1\" content=\"Dur\u00e9e de lecture estim\u00e9e\" \/>\n\t<meta name=\"twitter:data1\" content=\"3 minutes\" \/>\n<!-- \/ Yoast SEO plugin. -->","yoast_head_json":{"title":"Les certifications BIO internationales - CERTISYS -Belgique","description":"Vous d\u00e9sirez commercialiser vos produits BIO sur des march\u00e9s hors Europe, un label international officiel peut \u00eatre obligatoire ou n\u00e9cessaire","robots":{"index":"index","follow":"follow","max-snippet":"max-snippet:-1","max-image-preview":"max-image-preview:large","max-video-preview":"max-video-preview:-1"},"canonical":"https:\/\/www.certisys.eu\/fr\/labels-et-certifications\/certifications-bio-internationales\/","og_locale":"fr_FR","og_type":"article","og_title":"Les certifications BIO internationales - CERTISYS -Belgique","og_description":"Vous d\u00e9sirez commercialiser vos produits BIO sur des march\u00e9s hors Europe, un label international officiel peut \u00eatre obligatoire ou n\u00e9cessaire","og_url":"https:\/\/www.certisys.eu\/fr\/labels-et-certifications\/certifications-bio-internationales\/","og_site_name":"CERTISYS","article_modified_time":"2025-05-06T14:41:44+00:00","twitter_card":"summary_large_image","twitter_misc":{"Dur\u00e9e de lecture estim\u00e9e":"3 minutes"},"schema":{"@context":"https:\/\/schema.org","@graph":[{"@type":"WebPage","@id":"https:\/\/www.certisys.eu\/fr\/labels-et-certifications\/certifications-bio-internationales\/","url":"https:\/\/www.certisys.eu\/fr\/labels-et-certifications\/certifications-bio-internationales\/","name":"Les certifications BIO internationales - CERTISYS -Belgique","isPartOf":{"@id":"https:\/\/www.certisys.eu\/fr\/#website"},"datePublished":"2020-10-12T08:24:52+00:00","dateModified":"2025-05-06T14:41:44+00:00","description":"Vous d\u00e9sirez commercialiser vos produits BIO sur des march\u00e9s hors Europe, un label international officiel peut \u00eatre obligatoire ou n\u00e9cessaire","breadcrumb":{"@id":"https:\/\/www.certisys.eu\/fr\/labels-et-certifications\/certifications-bio-internationales\/#breadcrumb"},"inLanguage":"fr-FR","potentialAction":[{"@type":"ReadAction","target":["https:\/\/www.certisys.eu\/fr\/labels-et-certifications\/certifications-bio-internationales\/"]}]},{"@type":"BreadcrumbList","@id":"https:\/\/www.certisys.eu\/fr\/labels-et-certifications\/certifications-bio-internationales\/#breadcrumb","itemListElement":[{"@type":"ListItem","position":1,"name":"Home","item":"https:\/\/www.certisys.eu\/fr\/"},{"@type":"ListItem","position":2,"name":"Labels et Certifications","item":"https:\/\/www.certisys.eu\/fr\/labels-et-certifications\/"},{"@type":"ListItem","position":3,"name":"Les certifications BIO internationales"}]},{"@type":"WebSite","@id":"https:\/\/www.certisys.eu\/fr\/#website","url":"https:\/\/www.certisys.eu\/fr\/","name":"CERTISYS","description":"Bio Certification","potentialAction":[{"@type":"SearchAction","target":{"@type":"EntryPoint","urlTemplate":"https:\/\/www.certisys.eu\/fr\/?s={search_term_string}"},"query-input":{"@type":"PropertyValueSpecification","valueRequired":true,"valueName":"search_term_string"}}],"inLanguage":"fr-FR"}]}},"jetpack_sharing_enabled":true,"_links":{"self":[{"href":"https:\/\/www.certisys.eu\/fr\/wp-json\/wp\/v2\/pages\/32","targetHints":{"allow":["GET"]}}],"collection":[{"href":"https:\/\/www.certisys.eu\/fr\/wp-json\/wp\/v2\/pages"}],"about":[{"href":"https:\/\/www.certisys.eu\/fr\/wp-json\/wp\/v2\/types\/page"}],"author":[{"embeddable":true,"href":"https:\/\/www.certisys.eu\/fr\/wp-json\/wp\/v2\/users\/1"}],"replies":[{"embeddable":true,"href":"https:\/\/www.certisys.eu\/fr\/wp-json\/wp\/v2\/comments?post=32"}],"version-history":[{"count":47,"href":"https:\/\/www.certisys.eu\/fr\/wp-json\/wp\/v2\/pages\/32\/revisions"}],"predecessor-version":[{"id":47780,"href":"https:\/\/www.certisys.eu\/fr\/wp-json\/wp\/v2\/pages\/32\/revisions\/47780"}],"up":[{"embeddable":true,"href":"https:\/\/www.certisys.eu\/fr\/wp-json\/wp\/v2\/pages\/16804"}],"wp:attachment":[{"href":"https:\/\/www.certisys.eu\/fr\/wp-json\/wp\/v2\/media?parent=32"}],"curies":[{"name":"wp","href":"https:\/\/api.w.org\/{rel}","templated":true}]}}