{"id":3082,"date":"2021-02-23T19:28:12","date_gmt":"2021-02-23T17:28:12","guid":{"rendered":"https:\/\/certisys.poush.be\/?page_id=3082"},"modified":"2026-02-16T17:04:19","modified_gmt":"2026-02-16T15:04:19","slug":"agrements-accreditations","status":"publish","type":"page","link":"https:\/\/www.certisys.eu\/fr\/a-propos\/agrements-accreditations\/","title":{"rendered":"Nos accr\u00e9ditations &#038; agr\u00e9ments"},"content":{"rendered":"<div class=\"wpb-content-wrapper\"><p>[vc_row][vc_column width=\u00a0\u00bb1\/6&Prime;][\/vc_column][vc_column width=\u00a0\u00bb2\/6&Prime;][vc_column_text css=\u00a0\u00bb\u00a0\u00bb]<\/p>\n<h2>Nos accr\u00e9ditations<\/h2>\n<p>Certisys est accr\u00e9dit\u00e9 ISO 17065 par <strong>BELAC<\/strong> ainsi que par <strong>l\u2019IOAS<\/strong>.<br \/>\nCes accr\u00e9ditations garantissent la <strong>fiabilit\u00e9<\/strong> et la <strong>cr\u00e9dibilit\u00e9<\/strong> de nos certifications, tant pour nos clients que pour les consommateurs.<\/p>\n<p>Nos activit\u00e9s font r\u00e9guli\u00e8rement l\u2019objet d\u2019audits externes qui portent sur des aspects essentiels : notre<strong> impartialit\u00e9, <\/strong>nos<strong> comp\u00e9tences<\/strong> et notre <strong>transparence<\/strong>.[\/vc_column_text][\/vc_column][vc_column width=\u00a0\u00bb1\/6&Prime;][vc_single_image image=\u00a0\u00bb4135&Prime; img_size=\u00a0\u00bb600&#215;600&Prime; css=\u00a0\u00bb\u00a0\u00bb][vc_column_text css=\u00a0\u00bb\u00a0\u00bb]<a href=\"https:\/\/economie.fgov.be\/fr\/themes\/qualite-securite\/accreditation-belac\/organismes-accredites\/organismes-de-certification\">Consultez notre certificat d\u2019accr\u00e9ditation BELAC<\/a>[\/vc_column_text][\/vc_column][vc_column width=\u00a0\u00bb1\/6&Prime;][vc_single_image image=\u00a0\u00bb75027&Prime; img_size=\u00a0\u00bb600&#215;600&Prime; css=\u00a0\u00bb\u00a0\u00bb][vc_column_text css=\u00a0\u00bb\u00a0\u00bb]<a href=\"https:\/\/www.certisys.eu\/wp-content\/uploads\/2026\/02\/Certisys-NATRUE-Certificate.pdf\">Consultez notre certificat d\u2019accr\u00e9ditation IOAS&nbsp;<\/a>[\/vc_column_text][\/vc_column][vc_column width=\u00a0\u00bb1\/6&Prime;][\/vc_column][\/vc_row][vc_row][vc_column width=\u00a0\u00bb1\/6&Prime;][\/vc_column][vc_column width=\u00a0\u00bb4\/6&Prime;][vc_column_text css=\u00a0\u00bb\u00a0\u00bb]<\/p>\n<h2>Nos agr\u00e9ments<\/h2>\n<p>Certisys est <strong>agr\u00e9\u00e9 <\/strong>par les<strong> autorit\u00e9s r\u00e9gionales belges (flamandes, wallonnes et bruxelloises) <\/strong>et<strong> luxembourgeoises<\/strong> comme organisme de contr\u00f4le pour la production biologique, conform\u00e9ment au <a href=\"https:\/\/european-union.europa.eu\/index_fr\"><strong>R\u00e8glement (UE) 2018\/848<\/strong><\/a>.<\/p>\n<p>Nous sommes \u00e9galement <strong>agr\u00e9\u00e9s par l\u2019<a href=\"https:\/\/natrue.org\/fr\/\">aisbl NATRUE<\/a><\/strong> pour la <strong>certification des produits cosm\u00e9tiques naturels et biologiques<\/strong>.[\/vc_column_text][vc_separator css=\u00a0\u00bb\u00a0\u00bb][\/vc_column][vc_column width=\u00a0\u00bb1\/6&Prime;][\/vc_column][\/vc_row][vc_row][vc_column width=\u00a0\u00bb1\/6&Prime;][\/vc_column][vc_column width=\u00a0\u00bb4\/6&Prime;][vc_column_text css=\u00a0\u00bb\u00a0\u00bb]<\/p>\n<h3><\/h3>\n<h3 style=\"text-align: center;\">Envie d&rsquo;en savoir plus sur nos agr\u00e9ments et accr\u00e9ditations ?<\/h3>\n<p style=\"text-align: center;\">D\u00e9couvrez ici nos agr\u00e9ments et nos accr\u00e9ditations officielles et les garanties qu\u2019elles offrent \u00e0 nos clients et partenaires.<\/p>\n<p>[\/vc_column_text][\/vc_column][vc_column width=\u00a0\u00bb1\/6&Prime;][\/vc_column][\/vc_row][vc_row][vc_column width=\u00a0\u00bb1\/4&Prime;][\/vc_column][vc_column width=\u00a0\u00bb1\/2&Prime;][vc_tta_accordion c_align=\u00a0\u00bbleft\u00a0\u00bb active_section=\u00a0\u00bb0&Prime;][vc_tta_section title=\u00a0\u00bbNos agr\u00e9ments\u00a0\u00bb tab_id=\u00a0\u00bb1762180478052-e32821fc-2657&Prime;][vc_column_text css=\u00a0\u00bb\u00a0\u00bb]<\/p>\n<h4>Qu\u2019est-ce qu\u2019un agr\u00e9ment\u00a0?<\/h4>\n<p>Dans un programme de certification, <strong>l\u2019agr\u00e9ment<\/strong> est une <strong>autorisation officielle<\/strong> d\u00e9livr\u00e9e par le <strong>propri\u00e9taire du programme<\/strong>.<\/p>\n<p>Autrement dit, \u00eatre agr\u00e9\u00e9 signifie que l\u2019organisation a d\u00e9montr\u00e9 qu\u2019elle <strong>respecte les exigences de qualit\u00e9, de comp\u00e9tence et de conformit\u00e9<\/strong> d\u00e9finies par le propri\u00e9taire du programme.<\/p>\n<h5><\/h5>\n<h5><span style=\"color: #ff0000;\"><strong>Pour la certification en Agriculture biologique :<\/strong><\/span><\/h5>\n<p>Il est d\u00e9livr\u00e9\u00a0 pour exercer une activit\u00e9 r\u00e9glement\u00e9e ; le contr\u00f4le et la certification des produits BIO.<\/p>\n<ul>\n<li><strong>Pour la Belgique :<\/strong> BE-BIO-01 CERTISYS<\/li>\n<li><strong>Pour le Grand-Duch\u00e9 du Luxembourg : <\/strong>LU-BIO-06 CERTISYS<\/li>\n<\/ul>\n<p>Ces codes figurent sur les emballages des produits certifi\u00e9s BIO par Certisys<br \/>\nIls garantissent que le produit est conforme \u00e0 la r\u00e9glementation europ\u00e9enne en mati\u00e8re de production biologique et qu\u2019il a fait l\u2019objet d\u2019une certification officielle.<\/p>\n<h5 style=\"padding-left: 40px;\">Le cadre r\u00e9glementaire europ\u00e9en<\/h5>\n<p style=\"padding-left: 40px;\">Depuis l\u2019adoption du R\u00e8glement (CEE) n\u00b0 2092\/91 du 24 juin 1991, l\u2019appellation <em>\u00ab agriculture biologique \u00bb<\/em> est devenue une appellation officiellement prot\u00e9g\u00e9e au sein de l\u2019Union europ\u00e9enne.<\/p>\n<p style=\"padding-left: 40px;\">Toute personne souhaitant utiliser cette appellation pour qualifier des produits doit les soumettre \u00e0 un contr\u00f4ler\u00e9alis\u00e9s par une autorit\u00e9 ou un organisme ind\u00e9pendant (Certisys)\u00a0 agr\u00e9\u00e9 par les \u00c9tats membres pour obtenir la certification biologique de ses produits..<\/p>\n<p><strong>Pour exercer cette mission, CERTISYS est <\/strong>agr\u00e9\u00e9 par les pouvoirs publics, c\u2019est-\u00e0-dire :<\/p>\n<ul>\n<li>En Belgique: les minist\u00e8res de l\u2019Agriculture des trois R\u00e9gions<\/li>\n<li>Au Grand-Duch\u00e9 de Luxembourg: le minist\u00e8re de l\u2019Agriculture (ASTA).<\/li>\n<\/ul>\n<p>&nbsp;<\/p>\n<h5><strong><span style=\"color: #ff0000;\">Pour la certification NATRUE :<\/span><\/strong><\/h5>\n<p><strong>Pour exercer cette mission, CERTISYS est <\/strong>agr\u00e9\u00e9 par NATRUE aisbl.[\/vc_column_text][\/vc_tta_section][vc_tta_section title=\u00a0\u00bbNos accr\u00e9ditations\u00a0\u00bb tab_id=\u00a0\u00bb1762180478078-f468072b-ce7b\u00a0\u00bb][vc_column_text css=\u00a0\u00bb\u00a0\u00bb]<\/p>\n<h4>Qu\u2019est-ce qu\u2019une accr\u00e9ditation ?<\/h4>\n<p>Une accr\u00e9ditation est une reconnaissance officielle d\u00e9livr\u00e9e par un organisme ind\u00e9pendant.<\/p>\n<p>Elle atteste qu\u2019un organisme de certification comme CERTISYS agit selon des normes garantissant :<\/p>\n<ul>\n<li>L\u2019impartialit\u00e9 dans les d\u00e9cisions,<\/li>\n<li>La comp\u00e9tence technique des \u00e9quipes,<\/li>\n<li>La transparence et la fiabilit\u00e9 des proc\u00e9dures de contr\u00f4le.<\/li>\n<\/ul>\n<p>Concr\u00e8tement, une accr\u00e9ditation confirme que les certifications d\u00e9livr\u00e9es par CERTISYS sont reconnues, cr\u00e9dibles et tra\u00e7ables, selon des crit\u00e8res \u00e9tablis au niveau europ\u00e9en et international.<\/p>\n<p>Nous sommes accr\u00e9dit\u00e9s par deux organismes ind\u00e9pendants d&rsquo;accr\u00e9ditations : BELAC et l&rsquo;IOAS[\/vc_column_text][vc_row_inner][vc_column_inner width=\u00a0\u00bb1\/2&Prime;][vc_column_text css=\u00a0\u00bb\u00a0\u00bb]<strong>\u00a0Accr\u00e9ditation BELAC \u2013 Certification BIO<\/strong><\/p>\n<p>CERTISYS est accr\u00e9dit\u00e9 par BELAC, l\u2019organisme belge d\u2019accr\u00e9ditation, pour ses activit\u00e9s de certification en agriculture biologique, selon la norme ISO\/IEC 17065.<\/p>\n<p>Cette accr\u00e9ditation confirme notre ind\u00e9pendance, notre comp\u00e9tence technique et notre respect des exigences internationales.[\/vc_column_text]<div class=\"d-flex justify-content-center \"><a class=\"psh_button btn-92629127\" href=\"https:\/\/economie.fgov.be\/fr\/themes\/qualite-securite\/accreditation-belac\/organismes-accredites\/organismes-de-certification\" alt=\"BELAC\" target=\"\">Consulter le certificat BELAC<\/a><\/div>\n        <style>.psh_button.btn-92629127{\n          font-size: 14px;\n          text-transform: ;\n          padding: 8px 16px 8px 16px;\n          border-radius: 80px;\n          border-width: 0px;\n          background-color: #DD3333;\n          border-color: ;\n          border-style: solid;\n          color: #ffffff;\n          display: inline-block;\n          \n          transition: all .3s ease-in-out;\n        }\n        .psh_button.btn-92629127:hover{\n          background-color: #f18a71;\n          border-color: ;\n          color: #ffffff;\n          transition: all .3s ease-in-out;\n        }<\/style>[\/vc_column_inner][vc_column_inner width=\u00a0\u00bb1\/2&Prime;][vc_column_text css=\u00a0\u00bb\u00a0\u00bb]<strong>Accr\u00e9ditation IOAS \u2013 Certification NATRUE<\/strong><\/p>\n<p>Depuis 2025, CERTISYS est \u00e9galement accr\u00e9dit\u00e9 par l\u2019IOAS (International Organic Accreditation Service), un organisme international reconnu.<\/p>\n<p>Cette accr\u00e9ditation couvre la certification NATRUE, d\u00e9di\u00e9e aux cosm\u00e9tiques naturels et biologiques.<\/p>\n<p>Elle garantit que CERTISYS r\u00e9pond aux standards internationaux de qualit\u00e9, d\u2019impartialit\u00e9 et de comp\u00e9tence.[\/vc_column_text]<div class=\"d-flex justify-content-center \"><a class=\"psh_button btn-06055341\" href=\"https:\/\/ioas.org\/accredited-certification-bodies\/\" alt=\"IOAS\" target=\"\">Consulter le certificat IOAS<\/a><\/div>\n        <style>.psh_button.btn-06055341{\n          font-size: 14px;\n          text-transform: ;\n          padding: 8px 16px 8px 16px;\n          border-radius: 80px;\n          border-width: 0px;\n          background-color: #DD3333;\n          border-color: ;\n          border-style: solid;\n          color: #ffffff;\n          display: inline-block;\n          \n          transition: all .3s ease-in-out;\n        }\n        .psh_button.btn-06055341:hover{\n          background-color: #f18a71;\n          border-color: ;\n          color: #ffffff;\n          transition: all .3s ease-in-out;\n        }<\/style>[\/vc_column_inner][\/vc_row_inner][vc_column_text css=\u00a0\u00bb\u00a0\u00bb][\/vc_column_text][\/vc_tta_section][vc_tta_section title=\u00a0\u00bbEn r\u00e9sum\u00e9\u00a0\u00bb tab_id=\u00a0\u00bb1762180478188-d0c351f3-ba50&Prime;][vc_single_image image=\u00a0\u00bb74797&Prime; img_size=\u00a0\u00bbLarge\u00a0\u00bb css=\u00a0\u00bb\u00a0\u00bb][\/vc_tta_section][\/vc_tta_accordion][\/vc_column][vc_column width=\u00a0\u00bb1\/4&Prime;][\/vc_column][\/vc_row][vc_row][vc_column width=\u00a0\u00bb1\/6&Prime;][\/vc_column][vc_column width=\u00a0\u00bb2\/3&Prime;][vc_separator css=\u00a0\u00bb\u00a0\u00bb][vc_column_text css=\u00a0\u00bb\u00a0\u00bb]<\/p>\n<h3 style=\"text-align: center;\">Une m\u00eame exigence : la confiance<\/h3>\n<p style=\"text-align: center;\"><span data-contrast=\"auto\">Les accr\u00e9ditations et agr\u00e9ments de <\/span><b><span data-contrast=\"auto\">CERTISYS<\/span><\/b><span data-contrast=\"auto\"> garantissent \u00e0 nos clients, partenaires et consommateurs une <\/span><b><span data-contrast=\"auto\">certification fiable, ind\u00e9pendante et reconnue<\/span><\/b><span data-contrast=\"auto\">.<\/span><span data-ccp-props=\"{}\">\u00a0<\/span><\/p>\n<p style=\"text-align: center;\"><span data-contrast=\"auto\">Elles t\u00e9moignent de notre engagement constant pour une <\/span><b><span data-contrast=\"auto\">\u00e9valuation rigoureuse<\/span><\/b><span data-contrast=\"auto\"> et une <\/span><b><span data-contrast=\"auto\">approche durable<\/span><\/b><span data-contrast=\"auto\"> au service du BIO et des produits naturels.<\/span><span data-ccp-props=\"{}\">\u00a0<\/span><\/p>\n<p>[\/vc_column_text][\/vc_column][vc_column width=\u00a0\u00bb1\/6&Prime;][\/vc_column][\/vc_row]<\/p>\n<\/div>","protected":false},"excerpt":{"rendered":"<p>[vc_row][vc_column width=\u00a0\u00bb1\/6&Prime;][\/vc_column][vc_column width=\u00a0\u00bb2\/6&Prime;][vc_column_text css=\u00a0\u00bb\u00a0\u00bb] Nos accr\u00e9ditations Certisys est accr\u00e9dit\u00e9 ISO 17065 par BELAC ainsi que par l\u2019IOAS. Ces accr\u00e9ditations garantissent la fiabilit\u00e9 et la cr\u00e9dibilit\u00e9 de nos certifications, tant pour nos clients que pour les consommateurs. Nos activit\u00e9s font r\u00e9guli\u00e8rement l\u2019objet d\u2019audits externes qui portent sur des aspects essentiels : notre impartialit\u00e9, nos comp\u00e9tences et [&hellip;]<\/p>\n","protected":false},"author":1,"featured_media":0,"parent":12,"menu_order":4,"comment_status":"closed","ping_status":"closed","template":"","meta":{"_acf_changed":false,"footnotes":""},"class_list":["post-3082","page","type-page","status-publish","hentry"],"acf":[],"yoast_head":"<!-- This site is optimized with the Yoast SEO plugin v26.6 - https:\/\/yoast.com\/wordpress\/plugins\/seo\/ -->\n<title>Les accr\u00e9ditations &amp; agr\u00e9ments Certisys<\/title>\n<meta name=\"description\" content=\"CERTISYS est un organisme de certification agr\u00e9\u00e9 et accr\u00e9dit\u00e9 en Belgique, au Luxembourg et \u00e0 l\u2019international.\" \/>\n<meta name=\"robots\" content=\"index, follow, max-snippet:-1, max-image-preview:large, max-video-preview:-1\" \/>\n<link rel=\"canonical\" href=\"https:\/\/www.certisys.eu\/fr\/a-propos\/agrements-accreditations\/\" \/>\n<meta property=\"og:locale\" content=\"fr_FR\" \/>\n<meta property=\"og:type\" content=\"article\" \/>\n<meta property=\"og:title\" content=\"Les accr\u00e9ditations &amp; agr\u00e9ments Certisys\" \/>\n<meta property=\"og:description\" content=\"CERTISYS est un organisme de certification agr\u00e9\u00e9 et accr\u00e9dit\u00e9 en Belgique, au Luxembourg et \u00e0 l\u2019international.\" \/>\n<meta property=\"og:url\" content=\"https:\/\/www.certisys.eu\/fr\/a-propos\/agrements-accreditations\/\" \/>\n<meta property=\"og:site_name\" content=\"CERTISYS\" \/>\n<meta property=\"article:modified_time\" content=\"2026-02-16T15:04:19+00:00\" \/>\n<meta name=\"twitter:card\" content=\"summary_large_image\" \/>\n<meta name=\"twitter:label1\" content=\"Dur\u00e9e de lecture estim\u00e9e\" \/>\n\t<meta name=\"twitter:data1\" content=\"5 minutes\" \/>\n<!-- \/ Yoast SEO plugin. -->","yoast_head_json":{"title":"Les accr\u00e9ditations & agr\u00e9ments Certisys","description":"CERTISYS est un organisme de certification agr\u00e9\u00e9 et accr\u00e9dit\u00e9 en Belgique, au Luxembourg et \u00e0 l\u2019international.","robots":{"index":"index","follow":"follow","max-snippet":"max-snippet:-1","max-image-preview":"max-image-preview:large","max-video-preview":"max-video-preview:-1"},"canonical":"https:\/\/www.certisys.eu\/fr\/a-propos\/agrements-accreditations\/","og_locale":"fr_FR","og_type":"article","og_title":"Les accr\u00e9ditations & agr\u00e9ments Certisys","og_description":"CERTISYS est un organisme de certification agr\u00e9\u00e9 et accr\u00e9dit\u00e9 en Belgique, au Luxembourg et \u00e0 l\u2019international.","og_url":"https:\/\/www.certisys.eu\/fr\/a-propos\/agrements-accreditations\/","og_site_name":"CERTISYS","article_modified_time":"2026-02-16T15:04:19+00:00","twitter_card":"summary_large_image","twitter_misc":{"Dur\u00e9e de lecture estim\u00e9e":"5 minutes"},"schema":{"@context":"https:\/\/schema.org","@graph":[{"@type":"WebPage","@id":"https:\/\/www.certisys.eu\/fr\/a-propos\/agrements-accreditations\/","url":"https:\/\/www.certisys.eu\/fr\/a-propos\/agrements-accreditations\/","name":"Les accr\u00e9ditations & agr\u00e9ments Certisys","isPartOf":{"@id":"https:\/\/www.certisys.eu\/fr\/#website"},"datePublished":"2021-02-23T17:28:12+00:00","dateModified":"2026-02-16T15:04:19+00:00","description":"CERTISYS est un organisme de certification agr\u00e9\u00e9 et accr\u00e9dit\u00e9 en Belgique, au Luxembourg et \u00e0 l\u2019international.","breadcrumb":{"@id":"https:\/\/www.certisys.eu\/fr\/a-propos\/agrements-accreditations\/#breadcrumb"},"inLanguage":"fr-FR","potentialAction":[{"@type":"ReadAction","target":["https:\/\/www.certisys.eu\/fr\/a-propos\/agrements-accreditations\/"]}]},{"@type":"BreadcrumbList","@id":"https:\/\/www.certisys.eu\/fr\/a-propos\/agrements-accreditations\/#breadcrumb","itemListElement":[{"@type":"ListItem","position":1,"name":"Home","item":"https:\/\/www.certisys.eu\/fr\/"},{"@type":"ListItem","position":2,"name":"\u00c0 propos","item":"https:\/\/www.certisys.eu\/fr\/ueber\/"},{"@type":"ListItem","position":3,"name":"Nos accr\u00e9ditations &#038; agr\u00e9ments"}]},{"@type":"WebSite","@id":"https:\/\/www.certisys.eu\/fr\/#website","url":"https:\/\/www.certisys.eu\/fr\/","name":"CERTISYS","description":"Bio Certification","potentialAction":[{"@type":"SearchAction","target":{"@type":"EntryPoint","urlTemplate":"https:\/\/www.certisys.eu\/fr\/?s={search_term_string}"},"query-input":{"@type":"PropertyValueSpecification","valueRequired":true,"valueName":"search_term_string"}}],"inLanguage":"fr-FR"}]}},"jetpack_sharing_enabled":true,"_links":{"self":[{"href":"https:\/\/www.certisys.eu\/fr\/wp-json\/wp\/v2\/pages\/3082","targetHints":{"allow":["GET"]}}],"collection":[{"href":"https:\/\/www.certisys.eu\/fr\/wp-json\/wp\/v2\/pages"}],"about":[{"href":"https:\/\/www.certisys.eu\/fr\/wp-json\/wp\/v2\/types\/page"}],"author":[{"embeddable":true,"href":"https:\/\/www.certisys.eu\/fr\/wp-json\/wp\/v2\/users\/1"}],"replies":[{"embeddable":true,"href":"https:\/\/www.certisys.eu\/fr\/wp-json\/wp\/v2\/comments?post=3082"}],"version-history":[{"count":59,"href":"https:\/\/www.certisys.eu\/fr\/wp-json\/wp\/v2\/pages\/3082\/revisions"}],"predecessor-version":[{"id":76217,"href":"https:\/\/www.certisys.eu\/fr\/wp-json\/wp\/v2\/pages\/3082\/revisions\/76217"}],"up":[{"embeddable":true,"href":"https:\/\/www.certisys.eu\/fr\/wp-json\/wp\/v2\/pages\/12"}],"wp:attachment":[{"href":"https:\/\/www.certisys.eu\/fr\/wp-json\/wp\/v2\/media?parent=3082"}],"curies":[{"name":"wp","href":"https:\/\/api.w.org\/{rel}","templated":true}]}}