{"id":3079,"date":"2021-02-23T19:27:26","date_gmt":"2021-02-23T17:27:26","guid":{"rendered":"https:\/\/certisys.poush.be\/?page_id=3079"},"modified":"2025-12-02T13:35:48","modified_gmt":"2025-12-02T11:35:48","slug":"equipes","status":"publish","type":"page","link":"https:\/\/www.certisys.eu\/fr\/a-propos\/equipes\/","title":{"rendered":"Nos \u00e9quipes"},"content":{"rendered":"<div class=\"wpb-content-wrapper\"><p>[vc_row css=\u00a0\u00bb.vc_custom_1614101238577{padding-top: 50px !important;padding-bottom: 50px !important;}\u00a0\u00bb][vc_column width=\u00a0\u00bb1\/6&Prime;][\/vc_column][vc_column width=\u00a0\u00bb2\/3&Prime;][vc_column_text]<\/p>\n<h2 style=\"text-align: center;\">Derri\u00e8re CERTISYS\u00ae, il y a une \u00e9quipe de plus de 50 personnes engag\u00e9es pour un monde durable<\/h2>\n<p>[\/vc_column_text][vc_column_text]Nos collaborateurs vous accompagnent dans vos d\u00e9marches BIO et\/ou durables ou tout simplement pour vous fournir de l\u2019information. Notre <strong>service Relation clients <\/strong>\u00a0<strong>multilingue et <\/strong>\u00a0vous aidera dans vos d\u00e9marches. Il vous orientera \u00e9galement dans le choix de certifications adapt\u00e9es \u00e0 vos besoins. <strong>Nos auditeurs<\/strong> sont des <strong>experts de la r\u00e9glementation BIO et des cahiers des charges durables<\/strong>. Ils sont r\u00e9partis sur tout le territoire pour vous garantir une bonne connaissance des sp\u00e9cificit\u00e9s de votre r\u00e9gion. <strong>Nos charg\u00e9s de certification<\/strong> \u00e9tudient de mani\u00e8re ind\u00e9pendante votre rapport d\u2019audit et vous remettent votre certificat pour valoriser vos engagements vers la durabilit\u00e9.[\/vc_column_text][vc_column_text]CERTISYS\u00ae est disponible et reste <strong>en dialogue permanent<\/strong> avec vous \u00e0 travers ses \u00e9quipes et ses outils de communication que nous ne cessons de faire \u00e9voluer avec le temps pour vous offrir un service toujours plus qualitatif.<\/p>\n<p>Nos processus sont digitalis\u00e9s pour vous garantir plus de s\u00e9curit\u00e9 et de rapidit\u00e9 dans le traitement de vos documents tout en restant accessibles et proches de vous. \u00a0Nos <strong>contr\u00f4les fr\u00e9quents <\/strong>constituent \u00e0 la fois une forme de pr\u00e9vention et l\u2019opportunit\u00e9 de rester en contact avec vous. Vous pouvez \u00e9galement nous retrouver sur des foires, des salons, lors de journ\u00e9es d\u2019information aux op\u00e9rateurs ou encore lors de formations que nous prodiguons sur le BIO. Nous mettons de nombreuses <strong>informations \u00e0 votre disposition<\/strong> \u00e0 travers nos guides pratiques, nos publications, nos e-mailings et bien s\u00fbr sur notre site web. Vous y retrouvez facilement les informations et les actualit\u00e9s dont vous avez besoin pour votre secteur d\u2019activit\u00e9.[\/vc_column_text][\/vc_column][vc_column width=\u00a0\u00bb1\/6&Prime;][\/vc_column][\/vc_row][vc_row css=\u00a0\u00bb.vc_custom_1605630039270{padding-bottom: 150px !important;background-image: url(https:\/\/www.certisys.eu\/wp-content\/uploads\/2020\/10\/bg-3-1.png?id=892) !important;}\u00a0\u00bb el_class=\u00a0\u00bbcustom-lastrow\u00a0\u00bb][vc_column width=\u00a0\u00bb1\/6&Prime;][\/vc_column][vc_column width=\u00a0\u00bb2\/3&Prime;][vc_column_text]<\/p>\n<h2 class=\"p1\" style=\"text-align: center;\">Plus de <strong>50 collaborateurs<\/strong> dont <strong>50% d&rsquo;auditeurs<\/strong><\/h2>\n<p>[\/vc_column_text][vc_single_image image=\u00a0\u00bb75090&Prime; img_size=\u00a0\u00bblarge\u00a0\u00bb alignment=\u00a0\u00bbcenter\u00a0\u00bb css=\u00a0\u00bb\u00a0\u00bb][\/vc_column][vc_column width=\u00a0\u00bb1\/6&Prime;][\/vc_column][\/vc_row]<\/p>\n<\/div>","protected":false},"excerpt":{"rendered":"<p>[vc_row css=\u00a0\u00bb.vc_custom_1614101238577{padding-top: 50px !important;padding-bottom: 50px !important;}\u00a0\u00bb][vc_column width=\u00a0\u00bb1\/6&Prime;][\/vc_column][vc_column width=\u00a0\u00bb2\/3&Prime;][vc_column_text] Derri\u00e8re CERTISYS\u00ae, il y a une \u00e9quipe de plus de 50 personnes engag\u00e9es pour un monde durable [\/vc_column_text][vc_column_text]Nos collaborateurs vous accompagnent dans vos d\u00e9marches BIO et\/ou durables ou tout simplement pour vous fournir de l\u2019information. Notre service Relation clients \u00a0multilingue et \u00a0vous aidera dans vos d\u00e9marches. Il [&hellip;]<\/p>\n","protected":false},"author":1,"featured_media":0,"parent":12,"menu_order":2,"comment_status":"closed","ping_status":"closed","template":"","meta":{"_acf_changed":false,"footnotes":""},"class_list":["post-3079","page","type-page","status-publish","hentry"],"acf":[],"yoast_head":"<!-- This site is optimized with the Yoast SEO plugin v26.6 - https:\/\/yoast.com\/wordpress\/plugins\/seo\/ -->\n<title>Certisys | Une \u00e9quipe engag\u00e9e \u00e0 votre service<\/title>\n<meta name=\"description\" content=\"Derri\u00e8re CERTISYS\u00ae, il y a une \u00e9quipe de plus de 50 personnes passionn\u00e9es par le BIO qui est \u00e0 votre service\" \/>\n<meta name=\"robots\" content=\"index, follow, max-snippet:-1, max-image-preview:large, max-video-preview:-1\" \/>\n<link rel=\"canonical\" href=\"https:\/\/www.certisys.eu\/fr\/a-propos\/equipes\/\" \/>\n<meta property=\"og:locale\" content=\"fr_FR\" \/>\n<meta property=\"og:type\" content=\"article\" \/>\n<meta property=\"og:title\" content=\"Certisys | Une \u00e9quipe engag\u00e9e \u00e0 votre service\" \/>\n<meta property=\"og:description\" content=\"Derri\u00e8re CERTISYS\u00ae, il y a une \u00e9quipe de plus de 50 personnes passionn\u00e9es par le BIO qui est \u00e0 votre service\" \/>\n<meta property=\"og:url\" content=\"https:\/\/www.certisys.eu\/fr\/a-propos\/equipes\/\" \/>\n<meta property=\"og:site_name\" content=\"CERTISYS\" \/>\n<meta property=\"article:modified_time\" content=\"2025-12-02T11:35:48+00:00\" \/>\n<meta name=\"twitter:card\" content=\"summary_large_image\" \/>\n<meta name=\"twitter:label1\" content=\"Dur\u00e9e de lecture estim\u00e9e\" \/>\n\t<meta name=\"twitter:data1\" content=\"2 minutes\" \/>\n<!-- \/ Yoast SEO plugin. -->","yoast_head_json":{"title":"Certisys | Une \u00e9quipe engag\u00e9e \u00e0 votre service","description":"Derri\u00e8re CERTISYS\u00ae, il y a une \u00e9quipe de plus de 50 personnes passionn\u00e9es par le BIO qui est \u00e0 votre service","robots":{"index":"index","follow":"follow","max-snippet":"max-snippet:-1","max-image-preview":"max-image-preview:large","max-video-preview":"max-video-preview:-1"},"canonical":"https:\/\/www.certisys.eu\/fr\/a-propos\/equipes\/","og_locale":"fr_FR","og_type":"article","og_title":"Certisys | Une \u00e9quipe engag\u00e9e \u00e0 votre service","og_description":"Derri\u00e8re CERTISYS\u00ae, il y a une \u00e9quipe de plus de 50 personnes passionn\u00e9es par le BIO qui est \u00e0 votre service","og_url":"https:\/\/www.certisys.eu\/fr\/a-propos\/equipes\/","og_site_name":"CERTISYS","article_modified_time":"2025-12-02T11:35:48+00:00","twitter_card":"summary_large_image","twitter_misc":{"Dur\u00e9e de lecture estim\u00e9e":"2 minutes"},"schema":{"@context":"https:\/\/schema.org","@graph":[{"@type":"WebPage","@id":"https:\/\/www.certisys.eu\/fr\/a-propos\/equipes\/","url":"https:\/\/www.certisys.eu\/fr\/a-propos\/equipes\/","name":"Certisys | Une \u00e9quipe engag\u00e9e \u00e0 votre service","isPartOf":{"@id":"https:\/\/www.certisys.eu\/fr\/#website"},"datePublished":"2021-02-23T17:27:26+00:00","dateModified":"2025-12-02T11:35:48+00:00","description":"Derri\u00e8re CERTISYS\u00ae, il y a une \u00e9quipe de plus de 50 personnes passionn\u00e9es par le BIO qui est \u00e0 votre service","breadcrumb":{"@id":"https:\/\/www.certisys.eu\/fr\/a-propos\/equipes\/#breadcrumb"},"inLanguage":"fr-FR","potentialAction":[{"@type":"ReadAction","target":["https:\/\/www.certisys.eu\/fr\/a-propos\/equipes\/"]}]},{"@type":"BreadcrumbList","@id":"https:\/\/www.certisys.eu\/fr\/a-propos\/equipes\/#breadcrumb","itemListElement":[{"@type":"ListItem","position":1,"name":"Home","item":"https:\/\/www.certisys.eu\/fr\/"},{"@type":"ListItem","position":2,"name":"\u00c0 propos","item":"https:\/\/www.certisys.eu\/fr\/ueber\/"},{"@type":"ListItem","position":3,"name":"Nos \u00e9quipes"}]},{"@type":"WebSite","@id":"https:\/\/www.certisys.eu\/fr\/#website","url":"https:\/\/www.certisys.eu\/fr\/","name":"CERTISYS","description":"Bio Certification","potentialAction":[{"@type":"SearchAction","target":{"@type":"EntryPoint","urlTemplate":"https:\/\/www.certisys.eu\/fr\/?s={search_term_string}"},"query-input":{"@type":"PropertyValueSpecification","valueRequired":true,"valueName":"search_term_string"}}],"inLanguage":"fr-FR"}]}},"jetpack_sharing_enabled":true,"_links":{"self":[{"href":"https:\/\/www.certisys.eu\/fr\/wp-json\/wp\/v2\/pages\/3079","targetHints":{"allow":["GET"]}}],"collection":[{"href":"https:\/\/www.certisys.eu\/fr\/wp-json\/wp\/v2\/pages"}],"about":[{"href":"https:\/\/www.certisys.eu\/fr\/wp-json\/wp\/v2\/types\/page"}],"author":[{"embeddable":true,"href":"https:\/\/www.certisys.eu\/fr\/wp-json\/wp\/v2\/users\/1"}],"replies":[{"embeddable":true,"href":"https:\/\/www.certisys.eu\/fr\/wp-json\/wp\/v2\/comments?post=3079"}],"version-history":[{"count":33,"href":"https:\/\/www.certisys.eu\/fr\/wp-json\/wp\/v2\/pages\/3079\/revisions"}],"predecessor-version":[{"id":75091,"href":"https:\/\/www.certisys.eu\/fr\/wp-json\/wp\/v2\/pages\/3079\/revisions\/75091"}],"up":[{"embeddable":true,"href":"https:\/\/www.certisys.eu\/fr\/wp-json\/wp\/v2\/pages\/12"}],"wp:attachment":[{"href":"https:\/\/www.certisys.eu\/fr\/wp-json\/wp\/v2\/media?parent=3079"}],"curies":[{"name":"wp","href":"https:\/\/api.w.org\/{rel}","templated":true}]}}