{"id":3075,"date":"2021-02-23T19:25:32","date_gmt":"2021-02-23T17:25:32","guid":{"rendered":"https:\/\/certisys.poush.be\/?page_id=3075"},"modified":"2024-06-04T09:47:09","modified_gmt":"2024-06-04T07:47:09","slug":"rapports-annuels","status":"publish","type":"page","link":"https:\/\/www.certisys.eu\/fr\/a-propos\/rapports-annuels\/","title":{"rendered":"Nos rapports annuels"},"content":{"rendered":"<div class=\"wpb-content-wrapper\"><p>[vc_row content_placement=\u00a0\u00bbmiddle\u00a0\u00bb css=\u00a0\u00bb.vc_custom_1605630337493{padding-bottom: 30px !important;}\u00a0\u00bb][vc_column width=\u00a0\u00bb1\/2&Prime;][vc_single_image image=\u00a0\u00bb33519&Prime; img_size=\u00a0\u00bb524&#215;421&Prime; alignment=\u00a0\u00bbcenter\u00a0\u00bb style=\u00a0\u00bbvc_box_shadow\u00a0\u00bb onclick=\u00a0\u00bbcustom_link\u00a0\u00bb css_animation=\u00a0\u00bbfadeInDown\u00a0\u00bb css=\u00a0\u00bb\u00a0\u00bb link=\u00a0\u00bbhttps:\/\/www.certisys.eu\/wp-content\/uploads\/2024\/06\/RA-2023-FR-OCT2024.pdf\u00a0\u00bb]<div class=\"d-flex justify-content-center vc_custom_1717486841052\"><a class=\"psh_button btn-05213543\" href=\"https:\/\/www.certisys.eu\/wp-content\/uploads\/2024\/06\/RA-2023-FR-OCT2024.pdf\" alt=\"Rapport annuel 2023\" target=\"_blank\">Rapport annuel 2023<\/a><\/div>\n        <style>.psh_button.btn-05213543{\n          font-size: 20px;\n          text-transform: none;\n          padding: 10px 25px 10px 25px;\n          border-radius: 80px;\n          border-width: 0px;\n          background-color: #e30613;\n          border-color: ;\n          border-style: solid;\n          color: #ffffff;\n          display: inline-block;\n          width:px;\n          transition: all .3s ease-in-out;\n        }\n        .psh_button.btn-05213543:hover{\n          background-color: #f18970;\n          border-color: ;\n          color: #ffffff;\n          transition: all .3s ease-in-out;\n        }.vc_custom_1717486841052{margin-bottom: 15px !important;}<\/style>[\/vc_column][vc_column width=\u00a0\u00bb1\/2&Prime; offset=\u00a0\u00bbvc_col-lg-4&Prime;][vc_column_text]Les rapports annuels rendent compte en toute transparence de <strong>l\u2019\u00e9volution de notre activit\u00e9<\/strong> au fil des ann\u00e9es. C\u2019est une <strong>d\u00e9marche volontaire<\/strong> de notre part.<\/p>\n<p>En 10 ans, CERTISYS\u00ae a vu le nombre de ses clients BIO doubler et de ses collaborateurs tripler\u00a0! Vous trouverez dans ces rapports annuels des informations sur les superficies et animaux BIO que nous contr\u00f4lons ainsi que le nombre de contr\u00f4les et analyses r\u00e9alis\u00e9s par an et par op\u00e9rateur. Nous y mentionnons \u00e9galement en toute transparence les sanctions et les non-conformit\u00e9s que nous rencontrons.[\/vc_column_text][\/vc_column][\/vc_row][vc_row css=\u00a0\u00bb.vc_custom_1605630039270{padding-bottom: 150px !important;background-image: url(https:\/\/www.certisys.eu\/wp-content\/uploads\/2020\/10\/bg-3-1.png?id=892) !important;}\u00a0\u00bb el_class=\u00a0\u00bbcustom-lastrow\u00a0\u00bb][vc_column][vc_column_text]<\/p>\n<h2 style=\"text-align: center;\">Rapports annuels des ann\u00e9es pr\u00e9c\u00e9dentes<\/h2>\n<p>[\/vc_column_text][vc_row_inner][vc_column_inner width=\u00a0\u00bb1\/2&Prime;][vc_single_image image=\u00a0\u00bb20375&Prime; img_size=\u00a0\u00bb250&#215;355&Prime; alignment=\u00a0\u00bbcenter\u00a0\u00bb style=\u00a0\u00bbvc_box_shadow\u00a0\u00bb onclick=\u00a0\u00bbcustom_link\u00a0\u00bb css_animation=\u00a0\u00bbfadeInDown\u00a0\u00bb link=\u00a0\u00bbhttps:\/\/www.certisys.eu\/wp-content\/uploads\/2023\/04\/Certisys-RA-LAYOUT-A5-2022-FR-livret-1.pdf\u00a0\u00bb]<div class=\"d-flex justify-content-center vc_custom_1681978665816\"><a class=\"psh_button btn-73559016\" href=\"https:\/\/www.certisys.eu\/wp-content\/uploads\/2023\/04\/Certisys-RA-LAYOUT-A5-2022-FR-livret-1.pdf\" alt=\"Rapport annuel 2022\" target=\"_blank\">Rapport annuel 2022<\/a><\/div>\n        <style>.psh_button.btn-73559016{\n          font-size: 20px;\n          text-transform: none;\n          padding: 10px 25px 10px 25px;\n          border-radius: 80px;\n          border-width: 0px;\n          background-color: #e30613;\n          border-color: ;\n          border-style: solid;\n          color: #ffffff;\n          display: inline-block;\n          width:px;\n          transition: all .3s ease-in-out;\n        }\n        .psh_button.btn-73559016:hover{\n          background-color: #f18970;\n          border-color: ;\n          color: #ffffff;\n          transition: all .3s ease-in-out;\n        }.vc_custom_1681978665816{margin-bottom: 15px !important;}<\/style>[\/vc_column_inner][vc_column_inner width=\u00a0\u00bb1\/2&Prime;][vc_single_image image=\u00a0\u00bb12845&Prime; img_size=\u00a0\u00bb250&#215;355&Prime; alignment=\u00a0\u00bbcenter\u00a0\u00bb style=\u00a0\u00bbvc_box_shadow\u00a0\u00bb onclick=\u00a0\u00bbcustom_link\u00a0\u00bb css_animation=\u00a0\u00bbfadeInDown\u00a0\u00bb link=\u00a0\u00bbhttps:\/\/www.certisys.eu\/wp-content\/uploads\/2021\/05\/Certisys-rapport-annuel-A5-FR.pdf\u00a0\u00bb]<div class=\"d-flex justify-content-center vc_custom_1681978542177\"><a class=\"psh_button btn-35815061\" href=\"https:\/\/www.certisys.eu\/wp-content\/uploads\/2022\/03\/Rapport-Annuel-Certisys-2021.pdf\" alt=\"Rapport annuel 2021\" target=\"_blank\">Rapport annuel 2021<\/a><\/div>\n        <style>.psh_button.btn-35815061{\n          font-size: 20px;\n          text-transform: none;\n          padding: 10px 25px 10px 25px;\n          border-radius: 80px;\n          border-width: 0px;\n          background-color: #e30613;\n          border-color: ;\n          border-style: solid;\n          color: #ffffff;\n          display: inline-block;\n          width:px;\n          transition: all .3s ease-in-out;\n        }\n        .psh_button.btn-35815061:hover{\n          background-color: #f18970;\n          border-color: ;\n          color: #ffffff;\n          transition: all .3s ease-in-out;\n        }.vc_custom_1681978542177{margin-bottom: 15px !important;}<\/style>[\/vc_column_inner][\/vc_row_inner][vc_column_text css=\u00a0\u00bb.vc_custom_1615474416118{margin-bottom: 20px !important;}\u00a0\u00bb]<\/p>\n<p style=\"text-align: center;\">&#8230;<\/p>\n<p>[\/vc_column_text]<div class=\"d-flex justify-content-center vc_custom_1621327479146\"><a class=\"psh_button btn-55144199\" href=\"https:\/\/www.certisys.eu\/wp-content\/uploads\/2021\/02\/PU4489fr01_2466-2007.pdf\" alt=\"Rapport annuel 2007\" target=\"_blank\">Rapport annuel 2007<\/a><\/div>\n        <style>.psh_button.btn-55144199{\n          font-size: 20px;\n          text-transform: none;\n          padding: 10px 25px 10px 25px;\n          border-radius: 80px;\n          border-width: 0px;\n          background-color: #e30613;\n          border-color: ;\n          border-style: solid;\n          color: #ffffff;\n          display: inline-block;\n          width:px;\n          transition: all .3s ease-in-out;\n        }\n        .psh_button.btn-55144199:hover{\n          background-color: #f18970;\n          border-color: ;\n          color: #ffffff;\n          transition: all .3s ease-in-out;\n        }.vc_custom_1621327479146{margin-bottom: 15px !important;}<\/style>[\/vc_column][\/vc_row]<\/p>\n<\/div>","protected":false},"excerpt":{"rendered":"<p>[vc_row content_placement=\u00a0\u00bbmiddle\u00a0\u00bb css=\u00a0\u00bb.vc_custom_1605630337493{padding-bottom: 30px !important;}\u00a0\u00bb][vc_column width=\u00a0\u00bb1\/2&Prime;][vc_single_image image=\u00a0\u00bb33519&Prime; img_size=\u00a0\u00bb524&#215;421&Prime; alignment=\u00a0\u00bbcenter\u00a0\u00bb style=\u00a0\u00bbvc_box_shadow\u00a0\u00bb onclick=\u00a0\u00bbcustom_link\u00a0\u00bb css_animation=\u00a0\u00bbfadeInDown\u00a0\u00bb css=\u00a0\u00bb\u00a0\u00bb link=\u00a0\u00bbhttps:\/\/www.certisys.eu\/wp-content\/uploads\/2024\/06\/RA-2023-FR-OCT2024.pdf\u00a0\u00bb][\/vc_column][vc_column width=\u00a0\u00bb1\/2&Prime; offset=\u00a0\u00bbvc_col-lg-4&Prime;][vc_column_text]Les rapports annuels rendent compte en toute transparence de l\u2019\u00e9volution de notre activit\u00e9 au fil des ann\u00e9es. C\u2019est une d\u00e9marche volontaire de notre part. En 10 ans, CERTISYS\u00ae a vu le nombre de ses clients BIO doubler et de ses [&hellip;]<\/p>\n","protected":false},"author":1,"featured_media":0,"parent":12,"menu_order":5,"comment_status":"closed","ping_status":"closed","template":"","meta":{"_acf_changed":false,"footnotes":""},"class_list":["post-3075","page","type-page","status-publish","hentry"],"acf":[],"yoast_head":"<!-- This site is optimized with the Yoast SEO plugin v26.6 - https:\/\/yoast.com\/wordpress\/plugins\/seo\/ -->\n<title>Nos rapports annuels - CERTISYS<\/title>\n<meta name=\"description\" content=\"Les rapports annuels rendent compte en toute transparence de l\u2019\u00e9volution de notre activit\u00e9 au fil des ann\u00e9es.\" \/>\n<meta name=\"robots\" content=\"index, follow, max-snippet:-1, max-image-preview:large, max-video-preview:-1\" \/>\n<link rel=\"canonical\" href=\"https:\/\/www.certisys.eu\/fr\/a-propos\/rapports-annuels\/\" \/>\n<meta property=\"og:locale\" content=\"fr_FR\" \/>\n<meta property=\"og:type\" content=\"article\" \/>\n<meta property=\"og:title\" content=\"Nos rapports annuels - CERTISYS\" \/>\n<meta property=\"og:description\" content=\"Les rapports annuels rendent compte en toute transparence de l\u2019\u00e9volution de notre activit\u00e9 au fil des ann\u00e9es.\" \/>\n<meta property=\"og:url\" content=\"https:\/\/www.certisys.eu\/fr\/a-propos\/rapports-annuels\/\" \/>\n<meta property=\"og:site_name\" content=\"CERTISYS\" \/>\n<meta property=\"article:modified_time\" content=\"2024-06-04T07:47:09+00:00\" \/>\n<meta name=\"twitter:card\" content=\"summary_large_image\" \/>\n<meta name=\"twitter:label1\" content=\"Dur\u00e9e de lecture estim\u00e9e\" \/>\n\t<meta name=\"twitter:data1\" content=\"1 minute\" \/>\n<!-- \/ Yoast SEO plugin. -->","yoast_head_json":{"title":"Nos rapports annuels - CERTISYS","description":"Les rapports annuels rendent compte en toute transparence de l\u2019\u00e9volution de notre activit\u00e9 au fil des ann\u00e9es.","robots":{"index":"index","follow":"follow","max-snippet":"max-snippet:-1","max-image-preview":"max-image-preview:large","max-video-preview":"max-video-preview:-1"},"canonical":"https:\/\/www.certisys.eu\/fr\/a-propos\/rapports-annuels\/","og_locale":"fr_FR","og_type":"article","og_title":"Nos rapports annuels - CERTISYS","og_description":"Les rapports annuels rendent compte en toute transparence de l\u2019\u00e9volution de notre activit\u00e9 au fil des ann\u00e9es.","og_url":"https:\/\/www.certisys.eu\/fr\/a-propos\/rapports-annuels\/","og_site_name":"CERTISYS","article_modified_time":"2024-06-04T07:47:09+00:00","twitter_card":"summary_large_image","twitter_misc":{"Dur\u00e9e de lecture estim\u00e9e":"1 minute"},"schema":{"@context":"https:\/\/schema.org","@graph":[{"@type":"WebPage","@id":"https:\/\/www.certisys.eu\/fr\/a-propos\/rapports-annuels\/","url":"https:\/\/www.certisys.eu\/fr\/a-propos\/rapports-annuels\/","name":"Nos rapports annuels - CERTISYS","isPartOf":{"@id":"https:\/\/www.certisys.eu\/fr\/#website"},"datePublished":"2021-02-23T17:25:32+00:00","dateModified":"2024-06-04T07:47:09+00:00","description":"Les rapports annuels rendent compte en toute transparence de l\u2019\u00e9volution de notre activit\u00e9 au fil des ann\u00e9es.","breadcrumb":{"@id":"https:\/\/www.certisys.eu\/fr\/a-propos\/rapports-annuels\/#breadcrumb"},"inLanguage":"fr-FR","potentialAction":[{"@type":"ReadAction","target":["https:\/\/www.certisys.eu\/fr\/a-propos\/rapports-annuels\/"]}]},{"@type":"BreadcrumbList","@id":"https:\/\/www.certisys.eu\/fr\/a-propos\/rapports-annuels\/#breadcrumb","itemListElement":[{"@type":"ListItem","position":1,"name":"Home","item":"https:\/\/www.certisys.eu\/fr\/"},{"@type":"ListItem","position":2,"name":"\u00c0 propos","item":"https:\/\/www.certisys.eu\/fr\/ueber\/"},{"@type":"ListItem","position":3,"name":"Nos rapports annuels"}]},{"@type":"WebSite","@id":"https:\/\/www.certisys.eu\/fr\/#website","url":"https:\/\/www.certisys.eu\/fr\/","name":"CERTISYS","description":"Bio Certification","potentialAction":[{"@type":"SearchAction","target":{"@type":"EntryPoint","urlTemplate":"https:\/\/www.certisys.eu\/fr\/?s={search_term_string}"},"query-input":{"@type":"PropertyValueSpecification","valueRequired":true,"valueName":"search_term_string"}}],"inLanguage":"fr-FR"}]}},"jetpack_sharing_enabled":true,"_links":{"self":[{"href":"https:\/\/www.certisys.eu\/fr\/wp-json\/wp\/v2\/pages\/3075","targetHints":{"allow":["GET"]}}],"collection":[{"href":"https:\/\/www.certisys.eu\/fr\/wp-json\/wp\/v2\/pages"}],"about":[{"href":"https:\/\/www.certisys.eu\/fr\/wp-json\/wp\/v2\/types\/page"}],"author":[{"embeddable":true,"href":"https:\/\/www.certisys.eu\/fr\/wp-json\/wp\/v2\/users\/1"}],"replies":[{"embeddable":true,"href":"https:\/\/www.certisys.eu\/fr\/wp-json\/wp\/v2\/comments?post=3075"}],"version-history":[{"count":22,"href":"https:\/\/www.certisys.eu\/fr\/wp-json\/wp\/v2\/pages\/3075\/revisions"}],"predecessor-version":[{"id":33521,"href":"https:\/\/www.certisys.eu\/fr\/wp-json\/wp\/v2\/pages\/3075\/revisions\/33521"}],"up":[{"embeddable":true,"href":"https:\/\/www.certisys.eu\/fr\/wp-json\/wp\/v2\/pages\/12"}],"wp:attachment":[{"href":"https:\/\/www.certisys.eu\/fr\/wp-json\/wp\/v2\/media?parent=3075"}],"curies":[{"name":"wp","href":"https:\/\/api.w.org\/{rel}","templated":true}]}}