{"id":30,"date":"2020-10-12T10:24:36","date_gmt":"2020-10-12T08:24:36","guid":{"rendered":"https:\/\/certisys.poush.be\/?page_id=30"},"modified":"2023-09-26T13:37:32","modified_gmt":"2023-09-26T11:37:32","slug":"certification-bio-europeenne","status":"publish","type":"page","link":"https:\/\/www.certisys.eu\/fr\/labels-et-certifications\/certification-bio-europeenne\/","title":{"rendered":"La certification BIO europ\u00e9enne"},"content":{"rendered":"<div class=\"wpb-content-wrapper\"><p>[vc_row content_placement=\u00a0\u00bbmiddle\u00a0\u00bb css=\u00a0\u00bb.vc_custom_1605630337493{padding-bottom: 30px !important;}\u00a0\u00bb][vc_column width=\u00a0\u00bb1\/2&Prime; offset=\u00a0\u00bbvc_col-lg-offset-2 vc_col-lg-4&Prime;][vc_column_text]Le<strong> logo BIO europ\u00e9en<\/strong> certifie que les produits vendus sous la certification BIO sont <strong>conformes aux R\u00e8glements EU sur l\u2019agriculture biologique<\/strong>. Il donne une <strong>identit\u00e9 visuelle coh\u00e9rente<\/strong> et <strong>reconnaissable par tous<\/strong> aux produits biologiques.<\/p>\n<p>Il vise \u00e0 consolider la <strong>confiance<\/strong> des consommateurs quant au contr\u00f4le et \u00e0 la provenance des produits qu\u2019ils consomment et offre une plus grande<strong> visibilit\u00e9<\/strong> et <strong>reconnaissance<\/strong> au BIO.<\/p>\n<p>Le <strong>logo BIO europ\u00e9en<\/strong> est <strong>obligatoire<\/strong> depuis le 1er juillet 2010 sur toutes les denr\u00e9es alimentaires BIO europ\u00e9ennes pr\u00e9emball\u00e9es \u00e0 destination du consommateur final.[\/vc_column_text][\/vc_column][vc_column width=\u00a0\u00bb1\/3&Prime;][vc_single_image image=\u00a0\u00bb17085&Prime; img_size=\u00a0\u00bbmedium\u00a0\u00bb alignment=\u00a0\u00bbcenter\u00a0\u00bb css_animation=\u00a0\u00bbfadeInDown\u00a0\u00bb][vc_column_text]<\/p>\n<p style=\"text-align: center;\">BE-BIO-01<\/p>\n<p style=\"text-align: center;\">LU-BIO-06<\/p>\n<p>[\/vc_column_text][\/vc_column][\/vc_row][vc_row content_placement=\u00a0\u00bbmiddle\u00a0\u00bb css=\u00a0\u00bb.vc_custom_1619094121978{padding-bottom: 60px !important;}\u00a0\u00bb][vc_column width=\u00a0\u00bb1\/3&Prime; offset=\u00a0\u00bbvc_col-lg-offset-2&Prime;][vc_single_image image=\u00a0\u00bb5935&Prime; img_size=\u00a0\u00bb400&#215;400&Prime; alignment=\u00a0\u00bbcenter\u00a0\u00bb style=\u00a0\u00bbvc_box_circle_2&Prime; css_animation=\u00a0\u00bbfadeInDown\u00a0\u00bb][\/vc_column][vc_column width=\u00a0\u00bb1\/2&Prime; offset=\u00a0\u00bbvc_col-lg-4&Prime;][vc_column_text]<strong>CERTISYS\u00ae<\/strong> est reconnu en <strong>Belgique (BE-BIO-01) <\/strong>et au <strong>Grand-Duch\u00e9 de Luxembourg (LU-BIO-06)<\/strong> par les Autorit\u00e9s officielles comme organisme de <strong>contr\u00f4le BIO<\/strong>.<\/p>\n<p><span data-contrast=\"auto\">CERTISYS<span class=\"TextRun SCXW250296802 BCX2\" lang=\"FR-BE\" xml:lang=\"FR-BE\" data-contrast=\"auto\"><span class=\"NormalTextRun SCXW250296802 BCX2\" data-ccp-parastyle=\"Normal (Web)\">\u00ae<\/span><\/span> a<\/span><span data-contrast=\"auto\"> \u00e9galement<\/span><span data-contrast=\"auto\"> \u00e9t\u00e9 actif pendant de nombreuses ann\u00e9es en Afrique de l\u2019Ouest. Aujourd\u2019hui, c\u2019est \u00e0 travers les activit\u00e9s internationales du <a href=\"https:\/\/www.ecocert.com\/fr\/home\">Groupe Ecocert<\/a>, dont nous faisons partie, que nous<\/span><span data-contrast=\"auto\"> pouvons vous donner acc\u00e8s \u00e0 ces march\u00e9s<\/span><span data-contrast=\"auto\">.<\/span><span data-ccp-props=\"{&quot;134233117&quot;:true,&quot;134233118&quot;:true,&quot;201341983&quot;:0,&quot;335551550&quot;:6,&quot;335551620&quot;:6,&quot;335559685&quot;:357,&quot;335559738&quot;:120,&quot;335559739&quot;:0,&quot;335559740&quot;:240}\">\u00a0<\/span><\/p>\n<p><span data-contrast=\"auto\">Pour plus<\/span><span data-contrast=\"auto\"> d\u2019informations, <\/span><span data-contrast=\"auto\">vous pouvez contacter nos coll\u00e8gues Ecocert bas\u00e9s au Burkina Faso au <\/span><span data-contrast=\"auto\">+<\/span><span data-contrast=\"auto\">226 25 37 44 45 <\/span><span data-contrast=\"auto\">ou<\/span> <a href=\"mailto:office.burkinafaso@ecocert.com\"><span data-contrast=\"none\">office.burkinafaso@ecocert.com<\/span><\/a> <span data-contrast=\"auto\">ou<\/span> <span data-contrast=\"auto\">compl\u00e9tez<\/span><span data-contrast=\"auto\"> une <a href=\"https:\/\/www.certisys.eu\/wp-content\/uploads\/2022\/10\/formulaire-de-demande-NOP-BF-1.doc\">demande de certification<\/a> et la renvoyer \u00e0 l&rsquo;adresse <a href=\"mailto:office.burkinafaso@ecocert.com\">office.burkinafaso@ecocert.com<\/a><br \/>\n<\/span>[\/vc_column_text][\/vc_column][\/vc_row][vc_row css=\u00a0\u00bb.vc_custom_1605630039270{padding-bottom: 150px !important;background-image: url(https:\/\/www.certisys.eu\/wp-content\/uploads\/2020\/10\/bg-3-1.png?id=892) !important;}\u00a0\u00bb el_class=\u00a0\u00bbcustom-lastrow\u00a0\u00bb][vc_column css=\u00a0\u00bb.vc_custom_1616056778505{padding-top: 0px !important;}\u00a0\u00bb offset=\u00a0\u00bbvc_col-lg-offset-2 vc_col-lg-8 vc_col-md-offset-1 vc_col-md-10&Prime;][vc_column_text]<\/p>\n<h2 style=\"text-align: center;\">Pour en savoir plus sur les r\u00e8gles \u00e0 respecter pour utiliser le logo biologique europ\u00e9en<\/h2>\n<p>[\/vc_column_text]<div class=\"d-flex justify-content-center \"><a class=\"psh_button btn-91165110\" href=\"https:\/\/www.certisys.eu\/reglementation\/etiquetage\/\" alt=\"R\u00e8gles d\u2019\u00e9tiquetage agriculture biologique\" target=\"_blank\">R\u00e8glementation \u2013 \u00c9tiquetage<\/a><\/div>\n        <style>.psh_button.btn-91165110{\n          font-size: 18px;\n          text-transform: none;\n          padding: 10px 20px 10px 20px;\n          border-radius: 80px;\n          border-width: 0px;\n          background-color: #e30613;\n          border-color: ;\n          border-style: solid;\n          color: #ffffff;\n          display: inline-block;\n          \n          transition: all .3s ease-in-out;\n        }\n        .psh_button.btn-91165110:hover{\n          background-color: #f18970;\n          border-color: ;\n          color: #ffffff;\n          transition: all .3s ease-in-out;\n        }<\/style>[\/vc_column][\/vc_row]<\/p>\n<\/div>","protected":false},"excerpt":{"rendered":"<p>[vc_row content_placement=\u00a0\u00bbmiddle\u00a0\u00bb css=\u00a0\u00bb.vc_custom_1605630337493{padding-bottom: 30px !important;}\u00a0\u00bb][vc_column width=\u00a0\u00bb1\/2&Prime; offset=\u00a0\u00bbvc_col-lg-offset-2 vc_col-lg-4&Prime;][vc_column_text]Le logo BIO europ\u00e9en certifie que les produits vendus sous la certification BIO sont conformes aux R\u00e8glements EU sur l\u2019agriculture biologique. Il donne une identit\u00e9 visuelle coh\u00e9rente et reconnaissable par tous aux produits biologiques. Il vise \u00e0 consolider la confiance des consommateurs quant au contr\u00f4le et \u00e0 la [&hellip;]<\/p>\n","protected":false},"author":1,"featured_media":0,"parent":16804,"menu_order":1,"comment_status":"closed","ping_status":"closed","template":"","meta":{"_acf_changed":false,"footnotes":""},"class_list":["post-30","page","type-page","status-publish","hentry"],"acf":[],"yoast_head":"<!-- This site is optimized with the Yoast SEO plugin v27.4 - https:\/\/yoast.com\/product\/yoast-seo-wordpress\/ -->\n<title>Label Bio europ\u00e9en - Certisys - Belgique<\/title>\n<meta name=\"description\" content=\"Le logo BIO europ\u00e9en certifie que les produits vendus sous le label BIO sont conformes aux R\u00e8glements EU sur l\u2019agriculture biologique.\" \/>\n<meta name=\"robots\" content=\"index, follow, max-snippet:-1, max-image-preview:large, max-video-preview:-1\" \/>\n<link rel=\"canonical\" href=\"https:\/\/www.certisys.eu\/fr\/labels-et-certifications\/certification-bio-europeenne\/\" \/>\n<meta property=\"og:locale\" content=\"fr_FR\" \/>\n<meta property=\"og:type\" content=\"article\" \/>\n<meta property=\"og:title\" content=\"Label Bio europ\u00e9en - Certisys - Belgique\" \/>\n<meta property=\"og:description\" content=\"Le logo BIO europ\u00e9en certifie que les produits vendus sous le label BIO sont conformes aux R\u00e8glements EU sur l\u2019agriculture biologique.\" \/>\n<meta property=\"og:url\" content=\"https:\/\/www.certisys.eu\/fr\/labels-et-certifications\/certification-bio-europeenne\/\" \/>\n<meta property=\"og:site_name\" content=\"CERTISYS\" \/>\n<meta property=\"article:modified_time\" content=\"2023-09-26T11:37:32+00:00\" \/>\n<meta name=\"twitter:card\" content=\"summary_large_image\" \/>\n<meta name=\"twitter:label1\" content=\"Dur\u00e9e de lecture estim\u00e9e\" \/>\n\t<meta name=\"twitter:data1\" content=\"2 minutes\" \/>\n<!-- \/ Yoast SEO plugin. -->","yoast_head_json":{"title":"Label Bio europ\u00e9en - Certisys - Belgique","description":"Le logo BIO europ\u00e9en certifie que les produits vendus sous le label BIO sont conformes aux R\u00e8glements EU sur l\u2019agriculture biologique.","robots":{"index":"index","follow":"follow","max-snippet":"max-snippet:-1","max-image-preview":"max-image-preview:large","max-video-preview":"max-video-preview:-1"},"canonical":"https:\/\/www.certisys.eu\/fr\/labels-et-certifications\/certification-bio-europeenne\/","og_locale":"fr_FR","og_type":"article","og_title":"Label Bio europ\u00e9en - Certisys - Belgique","og_description":"Le logo BIO europ\u00e9en certifie que les produits vendus sous le label BIO sont conformes aux R\u00e8glements EU sur l\u2019agriculture biologique.","og_url":"https:\/\/www.certisys.eu\/fr\/labels-et-certifications\/certification-bio-europeenne\/","og_site_name":"CERTISYS","article_modified_time":"2023-09-26T11:37:32+00:00","twitter_card":"summary_large_image","twitter_misc":{"Dur\u00e9e de lecture estim\u00e9e":"2 minutes"},"schema":{"@context":"https:\/\/schema.org","@graph":[{"@type":"WebPage","@id":"https:\/\/www.certisys.eu\/fr\/labels-et-certifications\/certification-bio-europeenne\/","url":"https:\/\/www.certisys.eu\/fr\/labels-et-certifications\/certification-bio-europeenne\/","name":"Label Bio europ\u00e9en - Certisys - Belgique","isPartOf":{"@id":"https:\/\/www.certisys.eu\/fr\/#website"},"datePublished":"2020-10-12T08:24:36+00:00","dateModified":"2023-09-26T11:37:32+00:00","description":"Le logo BIO europ\u00e9en certifie que les produits vendus sous le label BIO sont conformes aux R\u00e8glements EU sur l\u2019agriculture biologique.","breadcrumb":{"@id":"https:\/\/www.certisys.eu\/fr\/labels-et-certifications\/certification-bio-europeenne\/#breadcrumb"},"inLanguage":"fr-FR","potentialAction":[{"@type":"ReadAction","target":["https:\/\/www.certisys.eu\/fr\/labels-et-certifications\/certification-bio-europeenne\/"]}]},{"@type":"BreadcrumbList","@id":"https:\/\/www.certisys.eu\/fr\/labels-et-certifications\/certification-bio-europeenne\/#breadcrumb","itemListElement":[{"@type":"ListItem","position":1,"name":"Home","item":"https:\/\/www.certisys.eu\/fr\/"},{"@type":"ListItem","position":2,"name":"Labels et Certifications","item":"https:\/\/www.certisys.eu\/fr\/labels-et-certifications\/"},{"@type":"ListItem","position":3,"name":"La certification BIO europ\u00e9enne"}]},{"@type":"WebSite","@id":"https:\/\/www.certisys.eu\/fr\/#website","url":"https:\/\/www.certisys.eu\/fr\/","name":"CERTISYS","description":"Bio Certification","potentialAction":[{"@type":"SearchAction","target":{"@type":"EntryPoint","urlTemplate":"https:\/\/www.certisys.eu\/fr\/?s={search_term_string}"},"query-input":{"@type":"PropertyValueSpecification","valueRequired":true,"valueName":"search_term_string"}}],"inLanguage":"fr-FR"}]}},"_links":{"self":[{"href":"https:\/\/www.certisys.eu\/fr\/wp-json\/wp\/v2\/pages\/30","targetHints":{"allow":["GET"]}}],"collection":[{"href":"https:\/\/www.certisys.eu\/fr\/wp-json\/wp\/v2\/pages"}],"about":[{"href":"https:\/\/www.certisys.eu\/fr\/wp-json\/wp\/v2\/types\/page"}],"author":[{"embeddable":true,"href":"https:\/\/www.certisys.eu\/fr\/wp-json\/wp\/v2\/users\/1"}],"replies":[{"embeddable":true,"href":"https:\/\/www.certisys.eu\/fr\/wp-json\/wp\/v2\/comments?post=30"}],"version-history":[{"count":20,"href":"https:\/\/www.certisys.eu\/fr\/wp-json\/wp\/v2\/pages\/30\/revisions"}],"predecessor-version":[{"id":22163,"href":"https:\/\/www.certisys.eu\/fr\/wp-json\/wp\/v2\/pages\/30\/revisions\/22163"}],"up":[{"embeddable":true,"href":"https:\/\/www.certisys.eu\/fr\/wp-json\/wp\/v2\/pages\/16804"}],"wp:attachment":[{"href":"https:\/\/www.certisys.eu\/fr\/wp-json\/wp\/v2\/media?parent=30"}],"curies":[{"name":"wp","href":"https:\/\/api.w.org\/{rel}","templated":true}]}}