{"id":3,"date":"2020-10-12T06:54:04","date_gmt":"2020-10-12T04:54:04","guid":{"rendered":"https:\/\/certisys.poush.be\/?page_id=3"},"modified":"2022-03-14T10:04:31","modified_gmt":"2022-03-14T08:04:31","slug":"politique-de-confidentialite","status":"publish","type":"page","link":"https:\/\/www.certisys.eu\/fr\/politique-de-confidentialite\/","title":{"rendered":"Politique de confidentialit\u00e9"},"content":{"rendered":"<div class=\"wpb-content-wrapper\"><p>[vc_row css=\u00a0\u00bb.vc_custom_1609753500760{padding-right: 30px !important;padding-left: 30px !important;}\u00a0\u00bb][vc_column][vc_column_text]<\/p>\n<h2 style=\"text-align: center;\"><strong>Politique de protection des donn\u00e9es personnelles li\u00e9e \u00e0 l&rsquo;utilisation du site<\/strong><\/h2>\n<p>&nbsp;<\/p>\n<p>CERTISYS s&rsquo;engage \u00e0 ce que les donn\u00e9es personnelles qu&rsquo;elle aura pu recueillir dans le cadre de l&rsquo;utilisation du Site, ou encore de la prise de contact par t\u00e9l\u00e9phone, par courriel ou via le formulaire de contact disponible sur le Site, soient trait\u00e9es conform\u00e9ment au R\u00e8glement G\u00e9n\u00e9ral sur la Protection des Donn\u00e9es (\u00ab\u00a0RGPD\u00a0\u00bb)<\/p>\n<h3>PREAMBULE<\/h3>\n<p>La pr\u00e9sente politique de protection des donn\u00e9es personnelles li\u00e9e \u00e0 l\u2019utilisation du site a vocation \u00e0 d\u00e9crire\u00a0:<\/p>\n<ul>\n<li>Les types de donn\u00e9es personnelles que CERTISYS peut \u00eatre amen\u00e9e \u00e0 collecter lors de l&rsquo;utilisation du Site, ou encore de la prise de contact par t\u00e9l\u00e9phone, par courriel ou via le formulaire de contact disponible sur le Site,<\/li>\n<li>Les finalit\u00e9s du traitement qu\u2019elle op\u00e8re ainsi que sa base juridique,<\/li>\n<li>Les destinataires \u00e9ventuels des donn\u00e9es personnelles,<\/li>\n<li>La dur\u00e9e de conservation des donn\u00e9es \u00e0 caract\u00e8re personnel, ainsi que<\/li>\n<li>Les droits attach\u00e9s \u00e0 vos donn\u00e9es personnelles.<\/li>\n<\/ul>\n<h3><\/h3>\n<h3>1\/ TYPES DE DONNEES PERSONNELLES COLLECTEES ET SOURCES<\/h3>\n<p>CERTISYS veille \u00e0 ne collecter et ne traiter que des donn\u00e9es strictement n\u00e9cessaires\u00a0au regard de la finalit\u00e9 pour laquelle elles sont trait\u00e9es (minimisation des donn\u00e9es).<\/p>\n<p>Dans le cadre de l\u2019acc\u00e8s et de l&rsquo;utilisation du Site, ou encore de votre prise de contact par t\u00e9l\u00e9phone, par courriel ou via le formulaire disponible sur le Site, CERTISYS est susceptible d&rsquo;avoir acc\u00e8s aux donn\u00e9es suivantes :<\/p>\n<ul>\n<li>Vos nom(s) et pr\u00e9nom(s)<\/li>\n<li>Votre adresse email personnelle et\/ou professionnelle<\/li>\n<li>Votre num\u00e9ro de t\u00e9l\u00e9phone personnel et\/ou professionnel<\/li>\n<li>Votre adresse postale\/ votre localisation dans le monde<\/li>\n<li>Toute donn\u00e9e \u00e0 caract\u00e8re personnel transmise de plein gr\u00e9 par l\u2019utilisateur lui-m\u00eame<\/li>\n<\/ul>\n<h3><\/h3>\n<h3>2\/ FINALITES ET LICEITE DES TRAITEMENTS<\/h3>\n<p>Les traitements mis en \u0153uvre par CERTISYS r\u00e9pondent \u00e0 une finalit\u00e9 explicite, l\u00e9gitime et d\u00e9termin\u00e9e.<\/p>\n<p>Vos donn\u00e9es sont trait\u00e9es par CERTISYS pour les finalit\u00e9s suivantes\u00a0:<\/p>\n<ul>\n<li>R\u00e9pondre \u00e0 la demande que vous lui avez transmise aux termes du formulaire de contact, par t\u00e9l\u00e9phone ou bien par email. Dans cette hypoth\u00e8se, le traitement de vos donn\u00e9es personnelles s\u2019inscrit dans le cadre d\u2019un int\u00e9r\u00eat l\u00e9gitime que poursuit CERTISYS, \u00e0 savoir donner suite \u00e0 votre prise de contact\u00a0;<\/li>\n<li>Faire fonctionner de mani\u00e8re optimale son Site. Si vous ne souhaitez pas \u00eatre inclus dans les donn\u00e9es statistiques du Site, vous pouvez modifier votre pr\u00e9f\u00e9rence sur la page de <a href=\"https:\/\/www.certisys.eu\/politique-cookies\/\">politique sp\u00e9cifique \u00e0 la gestion des cookies disponible sur le Site<\/a><\/li>\n<\/ul>\n<h3><\/h3>\n<h3>3\/ DUREE DE CONSERVATION DE VOS DONNEES PERSONNELLES<\/h3>\n<p>CERTISYS conserve vos donn\u00e9es pendant toute la dur\u00e9e n\u00e9cessaire \u00e0 l\u2019accomplissement de l\u2019objectif poursuivi lors de leur collecte. A supposer que l\u2019utilisation de vos donn\u00e9es soit rendue n\u00e9cessaire pour une finalit\u00e9 diff\u00e9rente de celle pour laquelle vos donn\u00e9es personnelles ont initialement \u00e9t\u00e9 collect\u00e9es, CERTISYS s\u2019engage \u00e0 vous en informer, et \u00e0 recueillir, le cas \u00e9ch\u00e9ant, votre consentement pr\u00e9alable.<\/p>\n<h3><\/h3>\n<h3>4\/ TRANSMISSION DE VOS DONNEES PERSONNELLES HORS UE<\/h3>\n<p>CERTISYS s\u2019engage \u00e0 ne transmettre vos donn\u00e9es personnelles \u00e0 des entit\u00e9s du Groupe ECOCERT, ou \u00e0 des soci\u00e9t\u00e9s sous-traitantes, situ\u00e9es hors Union-Europ\u00e9enne, que dans le but de r\u00e9pondre \u00e0 votre demande.<\/p>\n<h3><\/h3>\n<h3>5\/ VOS DROITS RELATIFS A VOS DONNEES PERSONNELLES ET LA PROCEDURE APPLICABLE<\/h3>\n<p>En application du RGPD, vous disposez de droits sur vos donn\u00e9es personnelles : un droit\u00a0d\u2019acc\u00e8s, de rectification, d\u2019effacement, de limitation du traitement, un droit \u00e0 la portabilit\u00e9 et le droit de d\u00e9finir le sort de vos donn\u00e9es apr\u00e8s votre d\u00e9c\u00e8s. Ces droits s\u2019exercent aupr\u00e8s du D\u00e9l\u00e9gu\u00e9 \u00e0 la protection des donn\u00e9es\u00a0(DPD)\u00a0:<\/p>\n<ul>\n<li>Par courrier \u00e9lectronique \u00e0 l\u2019adresse suivante\u00a0: <a href=\"mailto:personaldata@certisys.eu\">personaldata@certisys.eu<\/a><\/li>\n<li>Ou par courrier postal \u00e0 l\u2019adresse suivante\u00a0:<strong><br \/>\nCERTISYS<br \/>\nA l&rsquo;attention du d\u00e9l\u00e9gu\u00e9 \u00e0 la protection des donn\u00e9es (DPD)<\/strong><br \/>\nRue Joseph Bouch\u00e9, 57\/3<br \/>\n5310 BOLINNE<br \/>\nBELGIQUE<\/li>\n<\/ul>\n<p>Toute demande doit n\u00e9cessairement \u00eatre accompagn\u00e9e d\u2019un justificatif d\u2019identit\u00e9 valide.<\/p>\n<p>Si vous ne parvenez pas \u00e0 exercer vos\u00a0droits en utilisant la proc\u00e9dure d\u00e9crite ci-dessus et que vous consid\u00e9rez que le traitement de vos donn\u00e9es \u00e0 caract\u00e8re personnel constitue une violation \u00e0 la r\u00e9glementation, vous pourrez introduire une r\u00e9clamation directement aupr\u00e8s de <strong>l\u2019Autorit\u00e9 de protection des donn\u00e9es<\/strong> (APD), soit par le biais d&rsquo;un formulaire accessible sur son site internet <a href=\"https:\/\/www.autoriteprotectiondonnees.be\/citoyen\">https:\/\/www.autoriteprotectiondonnees.be\/citoyen<\/a>, soit par courrier adress\u00e9 \u00e0 l&rsquo;attention de son d\u00e9l\u00e9gu\u00e9 \u00e0 la protection des donn\u00e9es (DPD) \u00e0\u00a0l\u2019<em>adresse postale disponible sur le site<\/em> <a href=\"https:\/\/www.autoriteprotectiondonnees.be\/citoyen\">https:\/\/www.autoriteprotectiondonnees.be\/citoyen<\/a>.[\/vc_column_text][\/vc_column][\/vc_row]<\/p>\n<\/div>","protected":false},"excerpt":{"rendered":"<p>[vc_row css=\u00a0\u00bb.vc_custom_1609753500760{padding-right: 30px !important;padding-left: 30px !important;}\u00a0\u00bb][vc_column][vc_column_text] Politique de protection des donn\u00e9es personnelles li\u00e9e \u00e0 l&rsquo;utilisation du site &nbsp; CERTISYS s&rsquo;engage \u00e0 ce que les donn\u00e9es personnelles qu&rsquo;elle aura pu recueillir dans le cadre de l&rsquo;utilisation du Site, ou encore de la prise de contact par t\u00e9l\u00e9phone, par courriel ou via le formulaire de contact disponible [&hellip;]<\/p>\n","protected":false},"author":1,"featured_media":0,"parent":0,"menu_order":101,"comment_status":"closed","ping_status":"closed","template":"","meta":{"_acf_changed":false,"footnotes":""},"class_list":["post-3","page","type-page","status-publish","hentry"],"acf":[],"yoast_head":"<!-- This site is optimized with the Yoast SEO plugin v27.4 - https:\/\/yoast.com\/product\/yoast-seo-wordpress\/ -->\n<title>Politique de confidentialit\u00e9 - CERTISYS<\/title>\n<meta name=\"robots\" content=\"index, follow, max-snippet:-1, max-image-preview:large, max-video-preview:-1\" \/>\n<link rel=\"canonical\" href=\"https:\/\/www.certisys.eu\/fr\/politique-de-confidentialite\/\" \/>\n<meta property=\"og:locale\" content=\"fr_FR\" \/>\n<meta property=\"og:type\" content=\"article\" \/>\n<meta property=\"og:title\" content=\"Politique de confidentialit\u00e9 - CERTISYS\" \/>\n<meta property=\"og:description\" content=\"[vc_row css=\u00a0\u00bb.vc_custom_1609753500760{padding-right: 30px !important;padding-left: 30px !important;}\u00a0\u00bb][vc_column][vc_column_text] Politique de protection des donn\u00e9es personnelles li\u00e9e \u00e0 l&rsquo;utilisation du site &nbsp; CERTISYS s&rsquo;engage \u00e0 ce que les donn\u00e9es personnelles qu&rsquo;elle aura pu recueillir dans le cadre de l&rsquo;utilisation du Site, ou encore de la prise de contact par t\u00e9l\u00e9phone, par courriel ou via le formulaire de contact disponible [&hellip;]\" \/>\n<meta property=\"og:url\" content=\"https:\/\/www.certisys.eu\/fr\/politique-de-confidentialite\/\" \/>\n<meta property=\"og:site_name\" content=\"CERTISYS\" \/>\n<meta property=\"article:modified_time\" content=\"2022-03-14T08:04:31+00:00\" \/>\n<meta name=\"twitter:card\" content=\"summary_large_image\" \/>\n<meta name=\"twitter:label1\" content=\"Dur\u00e9e de lecture estim\u00e9e\" \/>\n\t<meta name=\"twitter:data1\" content=\"3 minutes\" \/>\n<!-- \/ Yoast SEO plugin. -->","yoast_head_json":{"title":"Politique de confidentialit\u00e9 - CERTISYS","robots":{"index":"index","follow":"follow","max-snippet":"max-snippet:-1","max-image-preview":"max-image-preview:large","max-video-preview":"max-video-preview:-1"},"canonical":"https:\/\/www.certisys.eu\/fr\/politique-de-confidentialite\/","og_locale":"fr_FR","og_type":"article","og_title":"Politique de confidentialit\u00e9 - CERTISYS","og_description":"[vc_row css=\u00a0\u00bb.vc_custom_1609753500760{padding-right: 30px !important;padding-left: 30px !important;}\u00a0\u00bb][vc_column][vc_column_text] Politique de protection des donn\u00e9es personnelles li\u00e9e \u00e0 l&rsquo;utilisation du site &nbsp; CERTISYS s&rsquo;engage \u00e0 ce que les donn\u00e9es personnelles qu&rsquo;elle aura pu recueillir dans le cadre de l&rsquo;utilisation du Site, ou encore de la prise de contact par t\u00e9l\u00e9phone, par courriel ou via le formulaire de contact disponible [&hellip;]","og_url":"https:\/\/www.certisys.eu\/fr\/politique-de-confidentialite\/","og_site_name":"CERTISYS","article_modified_time":"2022-03-14T08:04:31+00:00","twitter_card":"summary_large_image","twitter_misc":{"Dur\u00e9e de lecture estim\u00e9e":"3 minutes"},"schema":{"@context":"https:\/\/schema.org","@graph":[{"@type":"WebPage","@id":"https:\/\/www.certisys.eu\/fr\/politique-de-confidentialite\/","url":"https:\/\/www.certisys.eu\/fr\/politique-de-confidentialite\/","name":"Politique de confidentialit\u00e9 - CERTISYS","isPartOf":{"@id":"https:\/\/www.certisys.eu\/fr\/#website"},"datePublished":"2020-10-12T04:54:04+00:00","dateModified":"2022-03-14T08:04:31+00:00","breadcrumb":{"@id":"https:\/\/www.certisys.eu\/fr\/politique-de-confidentialite\/#breadcrumb"},"inLanguage":"fr-FR","potentialAction":[{"@type":"ReadAction","target":["https:\/\/www.certisys.eu\/fr\/politique-de-confidentialite\/"]}]},{"@type":"BreadcrumbList","@id":"https:\/\/www.certisys.eu\/fr\/politique-de-confidentialite\/#breadcrumb","itemListElement":[{"@type":"ListItem","position":1,"name":"Home","item":"https:\/\/www.certisys.eu\/fr\/"},{"@type":"ListItem","position":2,"name":"Politique de confidentialit\u00e9"}]},{"@type":"WebSite","@id":"https:\/\/www.certisys.eu\/fr\/#website","url":"https:\/\/www.certisys.eu\/fr\/","name":"CERTISYS","description":"Bio Certification","potentialAction":[{"@type":"SearchAction","target":{"@type":"EntryPoint","urlTemplate":"https:\/\/www.certisys.eu\/fr\/?s={search_term_string}"},"query-input":{"@type":"PropertyValueSpecification","valueRequired":true,"valueName":"search_term_string"}}],"inLanguage":"fr-FR"}]}},"jetpack_sharing_enabled":true,"_links":{"self":[{"href":"https:\/\/www.certisys.eu\/fr\/wp-json\/wp\/v2\/pages\/3","targetHints":{"allow":["GET"]}}],"collection":[{"href":"https:\/\/www.certisys.eu\/fr\/wp-json\/wp\/v2\/pages"}],"about":[{"href":"https:\/\/www.certisys.eu\/fr\/wp-json\/wp\/v2\/types\/page"}],"author":[{"embeddable":true,"href":"https:\/\/www.certisys.eu\/fr\/wp-json\/wp\/v2\/users\/1"}],"replies":[{"embeddable":true,"href":"https:\/\/www.certisys.eu\/fr\/wp-json\/wp\/v2\/comments?post=3"}],"version-history":[{"count":12,"href":"https:\/\/www.certisys.eu\/fr\/wp-json\/wp\/v2\/pages\/3\/revisions"}],"predecessor-version":[{"id":12641,"href":"https:\/\/www.certisys.eu\/fr\/wp-json\/wp\/v2\/pages\/3\/revisions\/12641"}],"wp:attachment":[{"href":"https:\/\/www.certisys.eu\/fr\/wp-json\/wp\/v2\/media?parent=3"}],"curies":[{"name":"wp","href":"https:\/\/api.w.org\/{rel}","templated":true}]}}