{"id":28,"date":"2020-10-12T10:24:18","date_gmt":"2020-10-12T08:24:18","guid":{"rendered":"https:\/\/certisys.poush.be\/?page_id=28"},"modified":"2022-06-27T15:05:26","modified_gmt":"2022-06-27T13:05:26","slug":"jobs-old","status":"publish","type":"page","link":"https:\/\/www.certisys.eu\/fr\/jobs-old\/","title":{"rendered":"Jobs"},"content":{"rendered":"<div class=\"wpb-content-wrapper\"><p>[vc_row content_placement=\u00a0\u00bbmiddle\u00a0\u00bb css=\u00a0\u00bb.vc_custom_1616070621948{padding-bottom: 50px !important;}\u00a0\u00bb][vc_column width=\u00a0\u00bb5\/6&Prime; offset=\u00a0\u00bbvc_col-lg-offset-2 vc_col-lg-8&Prime;][vc_column_text]<\/p>\n<h2 style=\"text-align: center;\">Bienvenue chez CERTISYS\u00ae !<\/h2>\n<p style=\"text-align: center;\"><strong>Garantir la cr\u00e9dibilit\u00e9 du BIO<\/strong> et <strong>valoriser les produits de nos op\u00e9rateurs<\/strong>, c\u2019est notre moteur chez CERTISYS\u00ae depuis 40 ans. Le BIO est au c\u0153ur de notre m\u00e9tier. Nous avons l\u2019ambition de rester <strong>l\u2019Expert du BIO<\/strong> pour accompagner le d\u00e9veloppement des activit\u00e9s de nos op\u00e9rateurs et pour continuer \u00e0 am\u00e9liorer les pratiques de l\u2019agriculture biologique. <strong>Blaise Hommelen<\/strong>, fondateur de CERTISYS\u00ae, a toujours \u00e9t\u00e9 mu par cette volont\u00e9 de relever les d\u00e9fis du BIO\u00a0: \u00ab\u00a0<em>Nous sommes intimement convaincus qu\u2019ensemble, avec tous les acteurs de la fili\u00e8re BIO, nous pouvons contribuer \u00e0 un avenir plus durable.\u00a0\u00bb<\/em><\/p>\n<p style=\"text-align: center;\">Si comme nous, vous \u00eates passionn\u00e9s par le BIO et son d\u00e9veloppement et que vous avez envie d\u2019apporter votre pierre \u00e0 l\u2019\u00e9difice d\u2019un secteur innovant en pleine expansion, vous \u00eates au bon endroit\u00a0! Nous sommes r\u00e9guli\u00e8rement \u00e0 la recherche de nouveaux collaborateurs pour renforcer nos \u00e9quipes.<\/p>\n<p>[\/vc_column_text][\/vc_column][\/vc_row][vc_row css=\u00a0\u00bb.vc_custom_1614846917657{padding-top: 50px !important;padding-bottom: 80px !important;background-color: #f0f3f1 !important;}\u00a0\u00bb][vc_column width=\u00a0\u00bb1\/4&Prime;][\/vc_column][vc_column width=\u00a0\u00bb1\/2&Prime;][vc_column_text]<\/p>\n<h2 style=\"text-align: center;\">D\u00e9couvrez nos postes vacants<\/h2>\n<p>[\/vc_column_text][vc_tta_accordion style=\u00a0\u00bbmodern\u00a0\u00bb shape=\u00a0\u00bbround\u00a0\u00bb color=\u00a0\u00bbwhite\u00a0\u00bb c_position=\u00a0\u00bbright\u00a0\u00bb active_section=\u00a0\u00bb100&Prime; no_fill=\u00a0\u00bbtrue\u00a0\u00bb collapsible_all=\u00a0\u00bbtrue\u00a0\u00bb][vc_tta_section title=\u00a0\u00bbCharg\u00e9.e Facturation\u00a0\u00bb tab_id=\u00a0\u00bb1646046099754-78b69070-4204&Prime;][vc_column_text]<strong><em>CERTISYS est un organisme de contr\u00f4le et de certification sp\u00e9cialis\u00e9 dans les produits BIO<\/em><\/strong><em>, actif en Belgique, au Luxembourg et en Afrique. Notre expertise fait de nous le leader de notre secteur depuis plus de 30 ans. <\/em><\/p>\n<p><em>En 2021, nous avons rejoint le groupe ECOCERT, un acteur majeur dans le contr\u00f4le et la certification BIO au niveau international.<\/em><\/p>\n<p><em>Dans le cadre du renforcement de l\u2019\u00e9quipe de facturation, nous sommes actuellement \u00e0 la recherche d\u2019un.e<\/em><\/p>\n<h2><strong>Charg\u00e9.e Facturation<\/strong><\/h2>\n<p><strong>\u00a0<\/strong><\/p>\n<p><strong>VOTRE FONCTION<\/strong><\/p>\n<p><strong>\u00a0<\/strong>Au sein d\u2019une \u00e9quipe de 3 personnes\u00a0:<strong>\u00a0<\/strong><\/p>\n<ul>\n<li>Vous \u00eates la personne de contact pour la facturation pour un portefeuille de clients d\u00e9fini<\/li>\n<li>Vous travaillez dans le respect des proc\u00e9dures et optimisez notre facturation<\/li>\n<li>Vous mettez nos tarifs \u00e0 jour annuellement<\/li>\n<\/ul>\n<ul>\n<li>Vous collectez les \u00e9l\u00e9ments n\u00e9cessaires \u00e0 la facturation<\/li>\n<li>Vous facturez diff\u00e9rentes cat\u00e9gories de clients\u00a0: des producteurs, des pr\u00e9parateurs, des points de vente, des ouvertures de dossiers, \u2026<\/li>\n<li>Vous faites un suivi r\u00e9gulier des paiements<\/li>\n<li>Vous g\u00e9rez les notes de cr\u00e9dit, les plans de paiement et les contentieux de votre portefeuille clients<\/li>\n<li>Vous d\u00e9veloppez un service aux clients (devis, explications, suivi de la facturation des dossiers)<\/li>\n<li>Vous participez au suivi des indicateurs en collectant et pr\u00e9sentant les donn\u00e9es de facturation<\/li>\n<li>Vous contribuez activement \u00e0 l\u2019am\u00e9lioration continue de nos proc\u00e9dures<\/li>\n<li>Vous participez activement aux r\u00e9unions de service<\/li>\n<\/ul>\n<p>&nbsp;<\/p>\n<p><strong>VOTRE PROFIL<\/strong><\/p>\n<ul>\n<li><strong>\u00a0<\/strong>Vous disposez d\u2019un Bac (secr\u00e9tariat, comptabilit\u00e9, langues, \u2026) ou d\u2019une exp\u00e9rience de minimum 2 ans dans une fonction similaire<\/li>\n<li>Vous ma\u00eetrisez le fran\u00e7ais et le n\u00e9erlandais tant \u00e0 l\u2019oral qu\u2019\u00e0 l\u2019\u00e9crit. La connaissance de l&rsquo;allemand et de l\u2019anglais sont des atouts<\/li>\n<li>Vous maitrisez la suite Office et surtout les fonctions avanc\u00e9es dans Excel (tri, recherche, statistique, tableau crois\u00e9 dynamique, etc)<\/li>\n<li>Vous \u00eates reconnu.e pour votre sens de l\u2019analyse et votre capacit\u00e9 de jugement<\/li>\n<li>Vous aimez le contact client, vous avez le sens du service<\/li>\n<li>Vous respectez le devoir de confidentialit\u00e9<\/li>\n<li>Vous respectez les proc\u00e9dures dans un esprit d\u2019am\u00e9lioration continue<\/li>\n<li>Vous souhaitez contribuer au d\u00e9veloppement de notre entreprise, engag\u00e9e dans un secteur qui fait sens<\/li>\n<\/ul>\n<p><strong>\u00a0<\/strong><\/p>\n<p><strong>NOUS VOUS OFFRONS<\/strong><\/p>\n<ul>\n<li>Un contrat CDI<\/li>\n<li>De rejoindre vos 50 nouveaux coll\u00e8gues le plus rapidement possible<\/li>\n<li>D\u2019int\u00e9grer un secteur d\u2019activit\u00e9 passionnant et en pleine expansion<\/li>\n<li>D\u2019exercer un job vari\u00e9 et stimulant avec des d\u00e9fis et des responsabilit\u00e9s<\/li>\n<li>Une oreille attentive \u00e0 vos super id\u00e9es<\/li>\n<li>Un trajet de formation continue pour mener \u00e0 bien votre mission et les opportunit\u00e9s futures que vous saisirez<\/li>\n<li>Un environnement de travail agr\u00e9able et champ\u00eatre au c\u0153ur du village de Bolinne (Eghez\u00e9e) ou un bureau \u00e0 deux pas de la gare de Gand<\/li>\n<li>La possibilit\u00e9 de t\u00e9l\u00e9travailler 2 jours par semaine<\/li>\n<li>Un package salarial attractif (Ch\u00e8ques repas, 13<sup>\u00e8me<\/sup> mois, \u2026)<\/li>\n<\/ul>\n<p>&nbsp;<\/p>\n<p>Si vous pensez \u00eatre la personne que nous recherchons, alors aucune h\u00e9sitation \u00e0 avoir, faites-vous connaitre en nous envoyant votre CV et vos motivations \u00e0 Brigitte Desaedeleer via <a href=\"mailto:job@certisys.eu\">job@certisys.eu<\/a>.<\/p>\n<div id=\"ConnectiveDocSignExtentionInstalled\" data-extension-version=\"1.0.4\"><\/div>\n<p>[\/vc_column_text][\/vc_tta_section][vc_tta_section title=\u00a0\u00bbVous souhaitez effectuer votre stage chez CERTISYS\u00ae ?\u00a0\u00bb tab_id=\u00a0\u00bbstage\u00a0\u00bb][vc_column_text]CERTISYS est ouvert aux demandes de stages sous certaines conditions :<\/p>\n<ul>\n<li>que le projet soit cibl\u00e9 et <strong>li\u00e9 \u00e0 l&rsquo;agriculture biologique<\/strong>,<\/li>\n<li>que la dur\u00e9e du projet soit de <strong>min 3 mois<\/strong>,<\/li>\n<li>qu&rsquo;il soit effectu\u00e9 dans le cadre d&rsquo;une <strong>convention scolaire<\/strong>,<\/li>\n<li>qu&rsquo;il soit accompagn\u00e9 d&rsquo;une lettre de motivation \u00e0 envoyer \u00e0 <strong><a href=\"mailto:job@certisys.eu\">job@certisys.eu<\/a>.<\/strong><\/li>\n<\/ul>\n<div id=\"ConnectiveDocSignExtentionInstalled\" data-extension-version=\"1.0.4\"><\/div>\n<p>[\/vc_column_text][\/vc_tta_section][\/vc_tta_accordion][vc_column_text]<\/p>\n<p style=\"text-align: center;\">Il n\u2019y a pour le moment pas d\u2019offre d\u2019emploi qui correspond \u00e0 ce que vous cherchez ? Envoyez-nous une candidature spontan\u00e9e \u00e0 <a href=\"mailto:job@certisys.eu\">job@certisys.eu<\/a>. Nous engageons r\u00e9guli\u00e8rement de nouveaux collaborateurs. Nous garderons votre CV dans notre base de donn\u00e9es et nous vous recontacterons si votre profil correspond \u00e0 un poste que nous cherchons.<\/p>\n<p>[\/vc_column_text][\/vc_column][vc_column width=\u00a0\u00bb1\/4&Prime;][\/vc_column][\/vc_row][vc_row full_width=\u00a0\u00bbstretch_row_content_no_spaces\u00a0\u00bb css=\u00a0\u00bb.vc_custom_1616070889359{margin-bottom: 50px !important;padding-top: 300px !important;background-image: url(https:\/\/www.certisys.eu\/wp-content\/uploads\/2021\/03\/2020-10-15-Certisys-0004.jpg?id=3975) !important;background-position: center !important;background-repeat: no-repeat !important;background-size: cover !important;}\u00a0\u00bb][vc_column][\/vc_column][\/vc_row][vc_row css=\u00a0\u00bb.vc_custom_1605630039270{padding-bottom: 150px !important;background-image: url(https:\/\/www.certisys.eu\/wp-content\/uploads\/2020\/10\/bg-3-1.png?id=892) !important;}\u00a0\u00bb el_class=\u00a0\u00bbcustom-lastrow\u00a0\u00bb][vc_column offset=\u00a0\u00bbvc_col-lg-offset-3 vc_col-lg-6 vc_col-md-offset-2 vc_col-md-8&Prime;][vc_column_text]<\/p>\n<h2 style=\"text-align: center;\">Il y a beaucoup de bonnes raisons de rejoindre CERTISYS !<\/h2>\n<ol>\n<li>Vous travaillerez pour une entreprise <strong>engag\u00e9e \u00e0<\/strong> <strong>100% dans le BIO<\/strong>, tant au niveau local qu\u2019international, avec des convictions et des valeurs fortes. Vous mettrez vos comp\u00e9tences au service de m\u00e9tiers qui ont du sens.<\/li>\n<li>Vous rejoindrez une <strong>PME\u00a0\u00e0 taille humaine<\/strong> o\u00f9 vous pouvez faire la diff\u00e9rence\u00a0! Vous verrez rapidement l\u2019impact de votre travail sur le d\u00e9veloppement de l\u2019entreprise et des activit\u00e9s de nos op\u00e9rateurs.<\/li>\n<li>Vous b\u00e9n\u00e9ficierez d\u2019un <strong>plan de formation en continu<\/strong> et vous aurez le plaisir de travailler dans une ambiance conviviale avec des coll\u00e8gues enthousiastes et passionn\u00e9s, pr\u00eats \u00e0 vous soutenir.<\/li>\n<li>Nous mesurons notre performance avant tout \u00e0 <strong>l\u2019am\u00e9lioration de la qualit\u00e9 du service<\/strong> que nous rendons \u00e0 nos op\u00e9rateurs. Pour la Charg\u00e9e des Ressources Humaines, c\u2019est un \u00e9l\u00e9ment qui est particuli\u00e8rement valoris\u00e9 par les candidats qui nous rejoignent :<br \/>\n\u00ab\u00a0<em>C\u2019est un vrai \u00e9l\u00e9ment de diff\u00e9renciation quand nous recrutons. La course au profit et la r\u00e9duction des co\u00fbts ne sont pas une finalit\u00e9 en soi. Dans le monde actuel, peu d\u2019entreprises peuvent se targuer de faire passer la qualit\u00e9 de service avant la maximisation du profit.<\/em>\u00a0\u00bb<\/li>\n<li>Vous \u00e9voluerez dans un cadre de travail agr\u00e9able dans nos bureaux de Bolinne, pr\u00e8s d\u2019Eghez\u00e9e. Si vous rejoignez l\u2019\u00e9quipe de nos contr\u00f4leurs, vous travaillerez dans votre r\u00e9gion, pr\u00e8s de chez vous. Nous attachons beaucoup d\u2019importance \u00e0 <strong>l\u2019ancrage local<\/strong> et <strong>l\u2019\u00e9quilibre vie priv\u00e9e \u2013 vie professionnelle<\/strong>.<\/li>\n<\/ol>\n<p>[\/vc_column_text][\/vc_column][\/vc_row]<\/p>\n<\/div>","protected":false},"excerpt":{"rendered":"<p>[vc_row content_placement=\u00a0\u00bbmiddle\u00a0\u00bb css=\u00a0\u00bb.vc_custom_1616070621948{padding-bottom: 50px !important;}\u00a0\u00bb][vc_column width=\u00a0\u00bb5\/6&Prime; offset=\u00a0\u00bbvc_col-lg-offset-2 vc_col-lg-8&Prime;][vc_column_text] Bienvenue chez CERTISYS\u00ae ! Garantir la cr\u00e9dibilit\u00e9 du BIO et valoriser les produits de nos op\u00e9rateurs, c\u2019est notre moteur chez CERTISYS\u00ae depuis 40 ans. Le BIO est au c\u0153ur de notre m\u00e9tier. Nous avons l\u2019ambition de rester l\u2019Expert du BIO pour accompagner le d\u00e9veloppement des activit\u00e9s de [&hellip;]<\/p>\n","protected":false},"author":1,"featured_media":0,"parent":0,"menu_order":10,"comment_status":"closed","ping_status":"closed","template":"","meta":{"_acf_changed":false,"footnotes":""},"class_list":["post-28","page","type-page","status-publish","hentry"],"acf":[],"yoast_head":"<!-- This site is optimized with the Yoast SEO plugin v26.6 - https:\/\/yoast.com\/wordpress\/plugins\/seo\/ -->\n<title>Vous cherchez un job ? Rejoignez l\u2019aventure CERTISYS\u00ae<\/title>\n<meta name=\"description\" content=\"Vous \u00eates passionn\u00e9s par le BIO et son d\u00e9veloppement ? D\u00e9couvrez nos postes vacants chez Certisys!\" \/>\n<meta name=\"robots\" content=\"index, follow, max-snippet:-1, max-image-preview:large, max-video-preview:-1\" \/>\n<link rel=\"canonical\" href=\"https:\/\/www.certisys.eu\/fr\/jobs-old\/\" \/>\n<meta property=\"og:locale\" content=\"fr_FR\" \/>\n<meta property=\"og:type\" content=\"article\" \/>\n<meta property=\"og:title\" content=\"Vous cherchez un job ? Rejoignez l\u2019aventure CERTISYS\u00ae\" \/>\n<meta property=\"og:description\" content=\"Vous \u00eates passionn\u00e9s par le BIO et son d\u00e9veloppement ? D\u00e9couvrez nos postes vacants chez Certisys!\" \/>\n<meta property=\"og:url\" content=\"https:\/\/www.certisys.eu\/fr\/jobs-old\/\" \/>\n<meta property=\"og:site_name\" content=\"CERTISYS\" \/>\n<meta property=\"article:modified_time\" content=\"2022-06-27T13:05:26+00:00\" \/>\n<meta name=\"twitter:card\" content=\"summary_large_image\" \/>\n<meta name=\"twitter:label1\" content=\"Dur\u00e9e de lecture estim\u00e9e\" \/>\n\t<meta name=\"twitter:data1\" content=\"8 minutes\" \/>\n<!-- \/ Yoast SEO plugin. -->","yoast_head_json":{"title":"Vous cherchez un job ? Rejoignez l\u2019aventure CERTISYS\u00ae","description":"Vous \u00eates passionn\u00e9s par le BIO et son d\u00e9veloppement ? D\u00e9couvrez nos postes vacants chez Certisys!","robots":{"index":"index","follow":"follow","max-snippet":"max-snippet:-1","max-image-preview":"max-image-preview:large","max-video-preview":"max-video-preview:-1"},"canonical":"https:\/\/www.certisys.eu\/fr\/jobs-old\/","og_locale":"fr_FR","og_type":"article","og_title":"Vous cherchez un job ? Rejoignez l\u2019aventure CERTISYS\u00ae","og_description":"Vous \u00eates passionn\u00e9s par le BIO et son d\u00e9veloppement ? D\u00e9couvrez nos postes vacants chez Certisys!","og_url":"https:\/\/www.certisys.eu\/fr\/jobs-old\/","og_site_name":"CERTISYS","article_modified_time":"2022-06-27T13:05:26+00:00","twitter_card":"summary_large_image","twitter_misc":{"Dur\u00e9e de lecture estim\u00e9e":"8 minutes"},"schema":{"@context":"https:\/\/schema.org","@graph":[{"@type":"WebPage","@id":"https:\/\/www.certisys.eu\/fr\/jobs-old\/","url":"https:\/\/www.certisys.eu\/fr\/jobs-old\/","name":"Vous cherchez un job ? Rejoignez l\u2019aventure CERTISYS\u00ae","isPartOf":{"@id":"https:\/\/www.certisys.eu\/fr\/#website"},"datePublished":"2020-10-12T08:24:18+00:00","dateModified":"2022-06-27T13:05:26+00:00","description":"Vous \u00eates passionn\u00e9s par le BIO et son d\u00e9veloppement ? D\u00e9couvrez nos postes vacants chez Certisys!","breadcrumb":{"@id":"https:\/\/www.certisys.eu\/fr\/jobs-old\/#breadcrumb"},"inLanguage":"fr-FR","potentialAction":[{"@type":"ReadAction","target":["https:\/\/www.certisys.eu\/fr\/jobs-old\/"]}]},{"@type":"BreadcrumbList","@id":"https:\/\/www.certisys.eu\/fr\/jobs-old\/#breadcrumb","itemListElement":[{"@type":"ListItem","position":1,"name":"Home","item":"https:\/\/www.certisys.eu\/fr\/"},{"@type":"ListItem","position":2,"name":"Jobs"}]},{"@type":"WebSite","@id":"https:\/\/www.certisys.eu\/fr\/#website","url":"https:\/\/www.certisys.eu\/fr\/","name":"CERTISYS","description":"Bio Certification","potentialAction":[{"@type":"SearchAction","target":{"@type":"EntryPoint","urlTemplate":"https:\/\/www.certisys.eu\/fr\/?s={search_term_string}"},"query-input":{"@type":"PropertyValueSpecification","valueRequired":true,"valueName":"search_term_string"}}],"inLanguage":"fr-FR"}]}},"jetpack_sharing_enabled":true,"_links":{"self":[{"href":"https:\/\/www.certisys.eu\/fr\/wp-json\/wp\/v2\/pages\/28","targetHints":{"allow":["GET"]}}],"collection":[{"href":"https:\/\/www.certisys.eu\/fr\/wp-json\/wp\/v2\/pages"}],"about":[{"href":"https:\/\/www.certisys.eu\/fr\/wp-json\/wp\/v2\/types\/page"}],"author":[{"embeddable":true,"href":"https:\/\/www.certisys.eu\/fr\/wp-json\/wp\/v2\/users\/1"}],"replies":[{"embeddable":true,"href":"https:\/\/www.certisys.eu\/fr\/wp-json\/wp\/v2\/comments?post=28"}],"version-history":[{"count":57,"href":"https:\/\/www.certisys.eu\/fr\/wp-json\/wp\/v2\/pages\/28\/revisions"}],"predecessor-version":[{"id":9858,"href":"https:\/\/www.certisys.eu\/fr\/wp-json\/wp\/v2\/pages\/28\/revisions\/9858"}],"wp:attachment":[{"href":"https:\/\/www.certisys.eu\/fr\/wp-json\/wp\/v2\/media?parent=28"}],"curies":[{"name":"wp","href":"https:\/\/api.w.org\/{rel}","templated":true}]}}