{"id":22,"date":"2020-10-12T10:23:28","date_gmt":"2020-10-12T08:23:28","guid":{"rendered":"https:\/\/certisys.poush.be\/?page_id=22"},"modified":"2026-04-16T17:56:05","modified_gmt":"2026-04-16T15:56:05","slug":"documents","status":"publish","type":"page","link":"https:\/\/www.certisys.eu\/fr\/documents\/","title":{"rendered":"Documents"},"content":{"rendered":"<div class=\"wpb-content-wrapper\"><p>[vc_row css=\u00a0\u00bb.vc_custom_1617284310686{padding-top: 100px !important;padding-bottom: 100px !important;background: #325338 url(https:\/\/www.certisys.eu\/wp-content\/uploads\/2021\/04\/2020-10-15-Certisys-0425.jpg?id=4266) !important;background-position: center !important;background-repeat: no-repeat !important;background-size: cover !important;}\u00a0\u00bb][vc_column width=\u00a0\u00bb1\/6&Prime;][\/vc_column][vc_column width=\u00a0\u00bb2\/3&Prime;][vc_column_text]<\/p>\n<h1 style=\"text-align: center; color: #fff;\">Rechercher un document<\/h1>\n<p>[\/vc_column_text][\/vc_column][vc_column width=\u00a0\u00bb1\/6&Prime;][\/vc_column][\/vc_row][vc_row][vc_column width=\u00a0\u00bb1\/6&Prime;][\/vc_column][vc_column width=\u00a0\u00bb2\/3&Prime;][vc_column_text]<\/p>\n<h2>Documents notification &amp; contrats<\/h2>\n<p><em>Tous les documents n\u00e9cessaires pour d\u00e9marrer votre collaboration avec Certisys sont rassembl\u00e9s ici<\/em>[\/vc_column_text][vc_column_text]<form data-min-no-for-search=3 data-result-box-max-height=400 data-form-id=2980 class=\"is-search-form is-disable-submit is-form-style is-form-style-3 is-form-id-2980 is-ajax-search\" action=\"https:\/\/www.certisys.eu\/fr\/\" method=\"get\" role=\"search\" ><label for=\"is-search-input-2980\"><span class=\"is-screen-reader-text\">Search for:<\/span><input  type=\"search\" id=\"is-search-input-2980\" name=\"s\" value=\"\" class=\"is-search-input\" placeholder=\"Rechercher ici...\" autocomplete=off \/><span class=\"is-loader-image\" style=\"display: none;background-image:url(https:\/\/www.certisys.eu\/wp-content\/plugins\/add-search-to-menu\/public\/images\/spinner.gif);\" ><\/span><\/label><button type=\"submit\" class=\"is-search-submit\"><span class=\"is-screen-reader-text\">Search Button<\/span><span class=\"is-search-icon\"><svg focusable=\"false\" aria-label=\"Search\" xmlns=\"http:\/\/www.w3.org\/2000\/svg\" viewBox=\"0 0 24 24\" width=\"24px\"><path d=\"M15.5 14h-.79l-.28-.27C15.41 12.59 16 11.11 16 9.5 16 5.91 13.09 3 9.5 3S3 5.91 3 9.5 5.91 16 9.5 16c1.61 0 3.09-.59 4.23-1.57l.27.28v.79l5 4.99L20.49 19l-4.99-5zm-6 0C7.01 14 5 11.99 5 9.5S7.01 5 9.5 5 14 7.01 14 9.5 11.99 14 9.5 14z\"><\/path><\/svg><\/span><\/button><input type=\"hidden\" name=\"id\" value=\"2980\" \/><input type=\"hidden\" name=\"post_type\" value=\"document\" \/><\/form>[\/vc_column_text][vc_column_text]<\/p>\n<h3>Label BIO europ\u00e9en<\/h3>\n<p><strong>Syst\u00e8mes officiels en Belgique et au Grand-Duch\u00e9 de Luxembourg\u00a0:<\/strong>[\/vc_column_text][vc_column_text]<ul><li><a href=\"https:\/\/www.certisys.eu\/wp-content\/uploads\/2021\/07\/CO001-v02_Contrat-BIO-Belgique_FR.pdf\" target=\"_blank\">Contrat de base CERTISYS Belgique<\/a><\/li><li><a href=\"https:\/\/www.certisys.eu\/wp-content\/uploads\/2021\/05\/CO003-v02_Contrat-BIO-Grand-Duche-de-Luxembourg_FR.pdf\" target=\"_blank\">Contrat de base CERTISYS Grand-Duch\u00e9 de Luxembourg<\/a><\/li><li><a href=\"https:\/\/www.certisys.eu\/wp-content\/uploads\/2022\/09\/FO001-v05_Formulaire-de-demande-de-certification-en-production-biologique_FR.pdf\" target=\"_blank\">Formulaire de demande de certification<\/a><\/li><li><a href=\"https:\/\/www.certisys.eu\/wp-content\/uploads\/2022\/12\/FO068-v03_Formulaire-de-mise-a-jour-donnees-client_FR.pdf\" target=\"_blank\">Formulaire de mise \u00e0 jour donn\u00e9es client (comprend : Annexe 1 : Production animale et Annexe 2 : Notification de parcelles)<\/a><\/li><li><a href=\"https:\/\/www.certisys.eu\/wp-content\/uploads\/2022\/12\/Formulaire-de-notification-des-parcelles_FR.pdf\" target=\"_blank\">Formulaire de notification de parcelles<\/a><\/li><li><a href=\"https:\/\/www.certisys.eu\/wp-content\/uploads\/2023\/02\/CO007-v03_Contrat-de-prestation-de-service-en-vue-du-controle-de-produits-BIO-Franchises.pdf\" target=\"_blank\">Contrat de prestation de service en vue du contr\u00f4le de produits BIO &#8211; Franchis\u00e9s &#8211; Belgique<\/a><\/li><li><a href=\"https:\/\/www.certisys.eu\/wp-content\/uploads\/2024\/02\/FO089-v03_Mesures-de-precaution-en-agriculture-biologique_FR.pdf\" target=\"_blank\">Mesures de pr\u00e9caution en agriculture biologique<\/a><\/li><li><a href=\"https:\/\/www.certisys.eu\/wp-content\/uploads\/2025\/10\/FO111-v01_Formulaire-de-demande-de-resiliation-de-contrat_FR.pdf\" target=\"_blank\">Formulaire de demande de r\u00e9siliation de contrat<\/a><\/li><\/ul>[\/vc_column_text][vc_column_text css=\u00a0\u00bb\u00a0\u00bb]<\/p>\n<h5><strong>Attention :<\/strong><\/h5>\n<p>Notez bien qu\u2019il vous est toujours demand\u00e9 d\u2019introduire <strong>votre demande de notification BIO<\/strong>.<\/p>\n<p>Vous devez pour ce faire vous rendre sur le site de l\u2019administration comp\u00e9tente :<\/p>\n<ul>\n<li><a href=\"https:\/\/agriculture.wallonie.be\/avant-de-commencer\">Wallonie<\/a><\/li>\n<li lang=\"fr\"><a href=\"https:\/\/lv.vlaanderen.be\/bio\/kennisgeving-en-controle\/kennisgeving\">Flandre<\/a><\/li>\n<li lang=\"fr\"><a href=\"https:\/\/guichet.public.lu\/fr\/entreprises\/sectoriel\/agriculture-viticulture\/agriculture-biologique\/agriculture-biologique-notification-activite.html\">Grand-Duch\u00e9 du Luxembourg <\/a><\/li>\n<\/ul>\n<p>[\/vc_column_text][vc_column_text css=\u00a0\u00bb\u00a0\u00bb]<\/p>\n<h3>Autres labels<\/h3>\n<p><strong>Autres cahiers des charges<\/strong>[\/vc_column_text][vc_column_text]<ul><li><a href=\"https:\/\/www.certisys.eu\/wp-content\/uploads\/2021\/02\/Declaration-Utilisation-Logo-AB.pdf\" target=\"_blank\">D\u00e9claration d&rsquo;usage de la marque AB<\/a><\/li><li><a href=\"https:\/\/www.certisys.eu\/wp-content\/uploads\/2021\/02\/Contrat-Biogarantie-Ecogarantie_FR.pdf\" target=\"_blank\">Contrat Biogarantie \/ Ecogarantie\u00ae<\/a><\/li><li><a href=\"https:\/\/www.certisys.eu\/wp-content\/uploads\/2025\/02\/CO011-v02_Contrat-Biosuisse_FR.pdf\" target=\"_blank\">Contrat BIOSUISSE<\/a><\/li><li><a href=\"https:\/\/www.certisys.eu\/wp-content\/uploads\/2021\/02\/OR3456fr05_Convention-Ecogarantie_2021.pdf\" target=\"_blank\">Convention pour l&rsquo;usage de la marque Ecogarantie\u00ae<\/a><\/li><li><a href=\"https:\/\/www.certisys.eu\/wp-content\/uploads\/2021\/06\/NT3897fr04calculRoyaltiesEG1.pdf\" target=\"_blank\">Calcul des Royalties ECOGARANTIE\u00ae<\/a><\/li><li><a href=\"https:\/\/www.certisys.eu\/wp-content\/uploads\/2026\/01\/2026-BG-BGBEL-convention.pdf\" target=\"_blank\">Convention pour l\u2019usage de la marque Biogarantie\u00ae<\/a><\/li><li><a href=\"https:\/\/www.certisys.eu\/wp-content\/uploads\/2026\/01\/F06IUv07fr_Formulaire-de-renseignements.xlsx\" target=\"_blank\">Revue documentaire Intrants : Formulaire de renseignements<\/a><\/li><li><a href=\"https:\/\/www.certisys.eu\/wp-content\/uploads\/2026\/01\/F12IUv11fr_Questionnaire-devaluation.xlsx\" target=\"_blank\">Attestation d\u2019Intrants : Questionnaire d\u2019\u00e9valuation<\/a><\/li><\/ul>[\/vc_column_text][vc_column_text]<\/p>\n<h2>Documents utiles pour un op\u00e9rateur Certisys<\/h2>\n<p>[\/vc_column_text][vc_column_text]<\/p>\n<h3>D\u00e9rogations<\/h3>\n<p><em>Sous certaines conditions tr\u00e8s strictes des d\u00e9rogations cadr\u00e9es par la r\u00e8glementation BIO europ\u00e9enne peuvent \u00eatre obtenues. <\/em><\/p>\n<p><em>Pour cela, divers formulaires sont mis \u00e0 votre disposition par les Autorit\u00e9s comp\u00e9tentes ou par CERTISYS. <\/em><\/p>\n<p><em><strong><span style=\"color: #ff0000;\">Tous ces formulaires de d\u00e9rogation sont \u00e0 renvoyer \u00e0 CERTISYS<\/span> <\/strong>\u00e0 l&rsquo;adresse<strong><a href=\"mailto:info@certisys.eu\"> client@certisys.eu<\/a><\/strong><br \/>\n<\/em><\/p>\n<p><em>Nous nous chargeons de les v\u00e9rifier et de les introduire aupr\u00e8s des Autorit\u00e9s comp\u00e9tentes. <\/em><em>Nous revenons ensuite vers vous avec la d\u00e9cision d\u2019octroi ou de refus de la part des Autorit\u00e9s.<\/em>[\/vc_column_text][vc_column_text]<strong>Producteurs<\/strong>[\/vc_column_text][vc_column_text]<ul><li><a href=\"https:\/\/www.certisys.eu\/wp-content\/uploads\/2021\/08\/FO051-v02_Formulaire-de-demande-pour-lutilisation-de-semences-ou-plants-de-pomme-de-terre-conventionnels-BXL-et-LUX_FR.pdf\" target=\"_blank\">Demande de d\u00e9rogation semences ou plants de pomme de terre conventionnels Bruxelles &#8211; Luxembourg<\/a><\/li><li><a href=\"https:\/\/www.certisys.eu\/wp-content\/uploads\/2022\/05\/FO054-v02_Formulaire-Demande-Approbation-Production-parallele-culture-perenne_FR.pdf\" target=\"_blank\">Formulaire de demande d\u2019approbation pour cultures parall\u00e8les dans le cas de cultures p\u00e9rennes<\/a><\/li><li><a href=\"https:\/\/www.certisys.eu\/wp-content\/uploads\/2023\/07\/Demande-de-derogation-en-cas-de-non-disponibilite-exceptionnelle-de-produits-biologiques.pdf\" target=\"_blank\">Demande de d\u00e9rogation en cas de non-disponibilit\u00e9 exceptionnelle de produits biologiques (R\u00e9gion wallonne)<\/a><\/li><li><a href=\"https:\/\/www.certisys.eu\/wp-content\/uploads\/2024\/01\/FO088-v02_Demande-de-reconnaissance-retroactive-de-periode-de-conversion-a-lagriculture-biologique_FR.pdf\" target=\"_blank\">Demande de reconnaissance r\u00e9troactive de p\u00e9riode de conversion \u00e0 l&rsquo;agriculture biologique \u2013 R\u00e9gion Bruxelloise et Grand-Duch\u00e9 du Luxembourg<\/a><\/li><li><a href=\"https:\/\/www.certisys.eu\/wp-content\/uploads\/2024\/12\/FO079-v01_Formulaire-de-demande-pour-lutilisation-de-semences-ou-plants-de-pomme-de-terre-conventionnels-REGION-WALLONNE_FR.pdf\" target=\"_blank\">Demande de d\u00e9rogation semences ou plants de pomme de terre conventionnels R\u00e9gion Wallonne<\/a><\/li><\/ul>[\/vc_column_text][vc_column_text]<\/p>\n<ul>\n<li><strong>D\u00e9rogations li\u00e9es \u00e0 l\u2019\u00e9levage d\u2019animaux et aux parcelles en Wallonie : <\/strong><a href=\"https:\/\/agriculture.wallonie.be\/derogation-bio\">Les formulaires sont disponibles sur le portail de l&rsquo;agriculture wallonne.<\/a>\n<ul>\n<li>La demande de reconnaissance r\u00e9troactive de p\u00e9riode de conversion \u00e0 l&rsquo;agriculture biologique (D01)<\/li>\n<li>L\u2019introduction d\u2019animaux non biologiques en vue de la constitution initiale d\u2019un troupeau\u00a0 (D06a)<\/li>\n<li>L\u2019introduction d\u2019animaux non biologiques dans un troupeau existant\u00a0 (D06b)<\/li>\n<li>L\u2019autorisation de coupe des queues chez des ovins \u00e0 titre exceptionnel (D07a)<\/li>\n<li>L\u2019autorisation d\u2019\u00e9pointage du bec de volailles \u00e0 titre exceptionnel\u00a0 (D07b)<\/li>\n<li>L\u2019autorisation d\u2019\u00e9cornage de bovins \u00e0 titre exceptionnel\u00a0 (D07c)<\/li>\n<li>L\u2019autorisation d\u2019ablation de bourgeons de corne\u00a0 (D07d)<\/li>\n<\/ul>\n<\/li>\n<\/ul>\n<p>[\/vc_column_text][vc_column_text]<strong>Pr\u00e9parateurs<\/strong>[\/vc_column_text][vc_column_text css=\u00a0\u00bb\u00a0\u00bb]<ul><li><a href=\"https:\/\/www.certisys.eu\/wp-content\/uploads\/2021\/02\/Formulaire-derogation-Demande-Autorisation-Ingredient-Non-BIO_FR.pdf\" target=\"_blank\">Demande d\u2019autorisation ingr\u00e9dients non-BIO Wallonie-Bruxelles-Luxembourg<\/a><\/li><li><a href=\"https:\/\/www.certisys.eu\/wp-content\/uploads\/2022\/03\/GT056_v04_Declaration-Non-OGM-Nano-Ionisation_FR.pdf\" target=\"_blank\">D\u00e9claration Non-OGM Nano Ionisation FOOD<\/a><\/li><\/ul><\/p>\n<ul>\n<li>D\u00e9rogations li\u00e9es \u00e0 la pr\u00e9paration en Wallonie : <a href=\"https:\/\/agriculture.wallonie.be\/derogation-bio\">Les formulaires sont disponibles sur le portail de l&rsquo;agriculture wallonne<\/a>.\n<ul>\n<li>Demande d&rsquo;utilisation de E250 (nitrite de sodium) et E252 (nitrate de potassium) dans les produits \u00e0 base de viande (D10)<\/li>\n<\/ul>\n<\/li>\n<\/ul>\n<p>[\/vc_column_text][vc_column_text]<strong>D\u00e9taillants<\/strong>[\/vc_column_text][vc_column_text]<ul><li><a href=\"https:\/\/www.certisys.eu\/wp-content\/uploads\/2020\/11\/OR3464fr01_2467.pdf\" target=\"_blank\">D\u00e9rogation dispense de contr\u00f4le pour les petits d\u00e9taillants BIO \u00e0 Bruxelles<\/a><\/li><\/ul>[\/vc_column_text][vc_column_text]<strong>Exportateurs<\/strong>[\/vc_column_text][vc_column_text]<ul><li><a href=\"https:\/\/www.certisys.eu\/wp-content\/uploads\/2024\/07\/F70NOPv03fr-Formulaire-de-demande-de-NOPIC.xlsm\" target=\"_blank\">Formulaire de demande de NOPIC<\/a><\/li><\/ul>[\/vc_column_text][vc_column_text css=\u00a0\u00bb\u00a0\u00bb][\/vc_column_text][vc_column_text]<\/p>\n<h3>Guides pratiques<\/h3>\n<p>Retrouvez nos guides pratiques <a href=\"https:\/\/www.certisys.eu\/reglementation\/guides-pratiques\/\">ici<\/a>.[\/vc_column_text][vc_column_text]<\/p>\n<h3>Mod\u00e8les<\/h3>\n<p class=\"p1\"><i>CERTISYS a d\u00e9velopp\u00e9 des mod\u00e8les de formulaires, communication, proc\u00e9dures types afin de vous faciliter la mise en place de votre syst\u00e8me et r\u00e9pondre aux exigences de la r\u00e8glementation BIO.<\/i><\/p>\n<p>[\/vc_column_text][vc_column_text]<ul><li><a href=\"https:\/\/www.certisys.eu\/wp-content\/uploads\/2021\/02\/Mise-en-Place-Procedure-Import_FR.pdf\" target=\"_blank\">Proc\u00e9dure concernant l\u2019importation de produits BIO<\/a><\/li><li><a href=\"https:\/\/www.certisys.eu\/wp-content\/uploads\/2021\/04\/GT008-v02_Note-technique-visant-a-la-mise-en-place-dune-procedure-de-doute-sur-la-conformite-dun-produit_FR.pdf\" target=\"_blank\">Proc\u00e9dure en cas de doute sur la conformit\u00e9 d\u2019un produit<\/a><\/li><li><a href=\"https:\/\/www.certisys.eu\/wp-content\/uploads\/2021\/02\/OR3310fr02CarnetDeCulture.pdf\" target=\"_blank\">Carnet de culture<\/a><\/li><li><a href=\"https:\/\/www.certisys.eu\/wp-content\/uploads\/2021\/02\/OR3319fr06FicheTechniquePouletDeChair.ods\" target=\"_blank\">Suivi technique de poulets BIO<\/a><\/li><li><a href=\"https:\/\/www.certisys.eu\/wp-content\/uploads\/2021\/02\/PU4556fr03MesuresDePrecautionsBIO.pdf\" target=\"_blank\">Lettre pour agriculteur voisin non-BIO<\/a><\/li><li><a href=\"https:\/\/www.certisys.eu\/wp-content\/uploads\/2021\/02\/GT043_v03_Accord-ecrit-entre-le-faconnier-et-le-commanditaire_FR.pdf\" target=\"_blank\">Accord \u00e9crit Fa\u00e7onnier Sous-Traitant commanditaire<\/a><\/li><li><a href=\"https:\/\/www.certisys.eu\/wp-content\/uploads\/2022\/01\/GT007-v02-Implementation-dune-procedure-de-reception_FR.pdf\" target=\"_blank\">Proc\u00e9dure de r\u00e9ception produits bio<\/a><\/li><\/ul>[\/vc_column_text][vc_column_text]<\/p>\n<h2>Documents informatifs<\/h2>\n<p>[\/vc_column_text][vc_column_text]<\/p>\n<h3>Pr\u00e9sentations CERTISYS (ppt, brochure, \u2026)<\/h3>\n<p><em> Si vous vous posez des questions sur notre fonctionnement, notre accr\u00e9ditation, l\u2019utilisation de notre logo, \u2026 les documents rassembl\u00e9s ici devraient y r\u00e9pondre. <\/em>[\/vc_column_text][vc_column_text]<ul><li><a href=\"https:\/\/www.certisys.eu\/wp-content\/uploads\/2024\/11\/093-PROD-15-F-N-E.pdf\" target=\"_blank\">Certificat d\u2019accr\u00e9ditation BELAC 093-PROD<\/a><\/li><li><a href=\"https:\/\/www.certisys.eu\/a-propos\/equipes\/\" target=\"_blank\">Organigramme CERTISYS<\/a><\/li><li><a href=\"https:\/\/www.certisys.eu\/wp-content\/uploads\/2021\/02\/GT040-v03_Logobook-Charte-dutilisation-des-logos-CERTISYS_FR.pdf\" target=\"_blank\">Logo Book CERTISYS<\/a><\/li><li><a href=\"https:\/\/www.certisys.eu\/wp-content\/uploads\/2025\/04\/Logo-Certisys-Ecocert_BioCertification.png\" target=\"_blank\">Logos CERTISYS BIO certification<\/a><\/li><li><a href=\"https:\/\/www.certisys.eu\/wp-content\/uploads\/2021\/02\/Logo-Certisys-Ecocert_neutre.jpg\" target=\"_blank\">Logo CERTISYS Neutre<\/a><\/li><li><a href=\"https:\/\/www.certisys.eu\/wp-content\/uploads\/2021\/02\/Logo-Certisys-Ecocert_Certification-1.png\" target=\"_blank\">Logo CERTISYS certification<\/a><\/li><li><a href=\"https:\/\/www.certisys.eu\/a-propos\/rapports-annuels\/\" target=\"_blank\">Rapport annuel CERTISYS<\/a><\/li><\/ul>[\/vc_column_text][vc_column_text]<\/p>\n<h3>Modes d\u2019emploi \u2013 Instructions<\/h3>\n<p>[\/vc_column_text][vc_column_text]<strong>Producteurs<\/strong>[\/vc_column_text][vc_column_text]<ul><li><a href=\"https:\/\/www.certisys.eu\/wp-content\/uploads\/2021\/04\/Instruction-Utilisation-Banque-donnees-Organicxseeds.pdf\" target=\"_blank\">Instructions utilisation base de donn\u00e9es Organicxseeds<\/a><\/li><li><a href=\"https:\/\/www.certisys.eu\/wp-content\/uploads\/2021\/04\/PU4578fr01GuideOXSpourFournisseursSemencesPlants.pdf\" target=\"_blank\">Instruction utilisation base de donn\u00e9es Organicxseeds pour les fournisseurs de semences et jeune plants<\/a><\/li><li><a href=\"https:\/\/www.certisys.eu\/wp-content\/uploads\/2022\/05\/FO054-v02_Formulaire-Demande-Approbation-Production-parallele-culture-perenne_FR.pdf\" target=\"_blank\">Formulaire de demande d\u2019approbation pour cultures parall\u00e8les dans le cas de cultures p\u00e9rennes<\/a><\/li><\/ul>[\/vc_column_text][vc_column_text]<strong>Pr\u00e9parateurs<\/strong>[\/vc_column_text][vc_column_text]<ul><li><a href=\"https:\/\/webgate.ec.europa.eu\/IMSOC\/tracesnt-help\/Content\/en\/getting-started.html#UUID-5e5bcea2-4d32-7c59-2f1c-bcabbb6e61aa_section-idm4678725410006433506808454425\" target=\"_blank\">FAQ use of TRACES<\/a><\/li><\/ul>[\/vc_column_text][\/vc_column][vc_column width=\u00a0\u00bb1\/6&Prime;][\/vc_column][\/vc_row][vc_row][vc_column][vc_column_text][vc_row][vc_column width=\u00a0\u00bb1\/1&Prime;][vc_column_text]<\/p>\n<div id=\"ConnectiveDocSignExtentionInstalled\" data-extension-version=\"1.0.4\"><\/div>\n<p>[\/vc_column_text][\/vc_column][\/vc_row][vc_row][vc_column][vc_column_text][vc_row][vc_column width=\u00a0\u00bb1\/1&Prime;][vc_column_text]<\/p>\n<div id=\"ConnectiveDocSignExtentionInstalled\" data-extension-version=\"1.0.4\"><\/div>\n<p>[\/vc_column_text][\/vc_column][\/vc_row][vc_row][vc_column][vc_column_text][vc_row][vc_column width=\u00a0\u00bb1\/1&Prime;][vc_column_text]<\/p>\n<div id=\"ConnectiveDocSignExtentionInstalled\" data-extension-version=\"1.0.4\"><\/div>\n<p>[\/vc_column_text][\/vc_column][\/vc_row][vc_row][vc_column][vc_column_text]<\/p>\n<div id=\"ConnectiveDocSignExtentionInstalled\" data-extension-version=\"1.0.4\"><\/div>\n<p>[\/vc_column_text][\/vc_column][\/vc_row]<\/p>\n<\/div>","protected":false},"excerpt":{"rendered":"<p>[vc_row css=\u00a0\u00bb.vc_custom_1617284310686{padding-top: 100px !important;padding-bottom: 100px !important;background: #325338 url(https:\/\/www.certisys.eu\/wp-content\/uploads\/2021\/04\/2020-10-15-Certisys-0425.jpg?id=4266) !important;background-position: center !important;background-repeat: no-repeat !important;background-size: cover !important;}\u00a0\u00bb][vc_column width=\u00a0\u00bb1\/6&Prime;][\/vc_column][vc_column width=\u00a0\u00bb2\/3&Prime;][vc_column_text] Rechercher un document [\/vc_column_text][\/vc_column][vc_column width=\u00a0\u00bb1\/6&Prime;][\/vc_column][\/vc_row][vc_row][vc_column width=\u00a0\u00bb1\/6&Prime;][\/vc_column][vc_column width=\u00a0\u00bb2\/3&Prime;][vc_column_text] Documents notification &amp; contrats Tous les documents n\u00e9cessaires pour d\u00e9marrer votre collaboration avec Certisys sont rassembl\u00e9s ici[\/vc_column_text][vc_column_text][\/vc_column_text][vc_column_text] Label BIO europ\u00e9en Syst\u00e8mes officiels en Belgique et au Grand-Duch\u00e9 de Luxembourg\u00a0:[\/vc_column_text][vc_column_text][\/vc_column_text][vc_column_text css=\u00a0\u00bb\u00a0\u00bb] Attention [&hellip;]<\/p>\n","protected":false},"author":1,"featured_media":0,"parent":0,"menu_order":7,"comment_status":"closed","ping_status":"closed","template":"","meta":{"_acf_changed":false,"footnotes":""},"class_list":["post-22","page","type-page","status-publish","hentry"],"acf":[],"yoast_head":"<!-- This site is optimized with the Yoast SEO plugin v27.4 - https:\/\/yoast.com\/product\/yoast-seo-wordpress\/ -->\n<title>Rechercher un document sur Certisys.eu<\/title>\n<meta name=\"description\" content=\"Faites d&#039;une document sur Certisys.eu. Contrat, logo, Label, etc\" \/>\n<meta name=\"robots\" content=\"index, follow, max-snippet:-1, max-image-preview:large, max-video-preview:-1\" \/>\n<link rel=\"canonical\" href=\"https:\/\/www.certisys.eu\/fr\/documents\/\" \/>\n<meta property=\"og:locale\" content=\"fr_FR\" \/>\n<meta property=\"og:type\" content=\"article\" \/>\n<meta property=\"og:title\" content=\"Rechercher un document sur Certisys.eu\" \/>\n<meta property=\"og:description\" content=\"Faites d&#039;une document sur Certisys.eu. Contrat, logo, Label, etc\" \/>\n<meta property=\"og:url\" content=\"https:\/\/www.certisys.eu\/fr\/documents\/\" \/>\n<meta property=\"og:site_name\" content=\"CERTISYS\" \/>\n<meta property=\"article:modified_time\" content=\"2026-04-16T15:56:05+00:00\" \/>\n<meta name=\"twitter:card\" content=\"summary_large_image\" \/>\n<meta name=\"twitter:label1\" content=\"Dur\u00e9e de lecture estim\u00e9e\" \/>\n\t<meta name=\"twitter:data1\" content=\"2 minutes\" \/>\n<!-- \/ Yoast SEO plugin. -->","yoast_head_json":{"title":"Rechercher un document sur Certisys.eu","description":"Faites d'une document sur Certisys.eu. Contrat, logo, Label, etc","robots":{"index":"index","follow":"follow","max-snippet":"max-snippet:-1","max-image-preview":"max-image-preview:large","max-video-preview":"max-video-preview:-1"},"canonical":"https:\/\/www.certisys.eu\/fr\/documents\/","og_locale":"fr_FR","og_type":"article","og_title":"Rechercher un document sur Certisys.eu","og_description":"Faites d'une document sur Certisys.eu. Contrat, logo, Label, etc","og_url":"https:\/\/www.certisys.eu\/fr\/documents\/","og_site_name":"CERTISYS","article_modified_time":"2026-04-16T15:56:05+00:00","twitter_card":"summary_large_image","twitter_misc":{"Dur\u00e9e de lecture estim\u00e9e":"2 minutes"},"schema":{"@context":"https:\/\/schema.org","@graph":[{"@type":"WebPage","@id":"https:\/\/www.certisys.eu\/fr\/documents\/","url":"https:\/\/www.certisys.eu\/fr\/documents\/","name":"Rechercher un document sur Certisys.eu","isPartOf":{"@id":"https:\/\/www.certisys.eu\/fr\/#website"},"datePublished":"2020-10-12T08:23:28+00:00","dateModified":"2026-04-16T15:56:05+00:00","description":"Faites d'une document sur Certisys.eu. Contrat, logo, Label, etc","breadcrumb":{"@id":"https:\/\/www.certisys.eu\/fr\/documents\/#breadcrumb"},"inLanguage":"fr-FR","potentialAction":[{"@type":"ReadAction","target":["https:\/\/www.certisys.eu\/fr\/documents\/"]}]},{"@type":"BreadcrumbList","@id":"https:\/\/www.certisys.eu\/fr\/documents\/#breadcrumb","itemListElement":[{"@type":"ListItem","position":1,"name":"Home","item":"https:\/\/www.certisys.eu\/fr\/"},{"@type":"ListItem","position":2,"name":"Documents"}]},{"@type":"WebSite","@id":"https:\/\/www.certisys.eu\/fr\/#website","url":"https:\/\/www.certisys.eu\/fr\/","name":"CERTISYS","description":"Bio Certification","potentialAction":[{"@type":"SearchAction","target":{"@type":"EntryPoint","urlTemplate":"https:\/\/www.certisys.eu\/fr\/?s={search_term_string}"},"query-input":{"@type":"PropertyValueSpecification","valueRequired":true,"valueName":"search_term_string"}}],"inLanguage":"fr-FR"}]}},"_links":{"self":[{"href":"https:\/\/www.certisys.eu\/fr\/wp-json\/wp\/v2\/pages\/22","targetHints":{"allow":["GET"]}}],"collection":[{"href":"https:\/\/www.certisys.eu\/fr\/wp-json\/wp\/v2\/pages"}],"about":[{"href":"https:\/\/www.certisys.eu\/fr\/wp-json\/wp\/v2\/types\/page"}],"author":[{"embeddable":true,"href":"https:\/\/www.certisys.eu\/fr\/wp-json\/wp\/v2\/users\/1"}],"replies":[{"embeddable":true,"href":"https:\/\/www.certisys.eu\/fr\/wp-json\/wp\/v2\/comments?post=22"}],"version-history":[{"count":40,"href":"https:\/\/www.certisys.eu\/fr\/wp-json\/wp\/v2\/pages\/22\/revisions"}],"predecessor-version":[{"id":77602,"href":"https:\/\/www.certisys.eu\/fr\/wp-json\/wp\/v2\/pages\/22\/revisions\/77602"}],"wp:attachment":[{"href":"https:\/\/www.certisys.eu\/fr\/wp-json\/wp\/v2\/media?parent=22"}],"curies":[{"name":"wp","href":"https:\/\/api.w.org\/{rel}","templated":true}]}}