{"id":21792,"date":"2023-09-07T10:48:57","date_gmt":"2023-09-07T08:48:57","guid":{"rendered":"https:\/\/www.certisys.eu\/?page_id=21792"},"modified":"2023-09-07T10:50:26","modified_gmt":"2023-09-07T08:50:26","slug":"confirmation-devis-securite-alimentaire","status":"publish","type":"page","link":"https:\/\/www.certisys.eu\/fr\/confirmation-devis-securite-alimentaire\/","title":{"rendered":"Confirmation devis s\u00e9curit\u00e9 alimentaire"},"content":{"rendered":"<div class=\"wpb-content-wrapper\"><p>[vc_row][vc_column][vc_column_text]<\/p>\n<h1 style=\"text-align: center;\">Merci pour votre demande de devis<\/h1>\n<div style=\"text-align: center;\">Elle nous a \u00e9t\u00e9 envoy\u00e9e avec succ\u00e8s. Notre service client se charge de la traiter dans les plus brefs d\u00e9lais et de vous recontacter.<\/div>\n<p>[\/vc_column_text]<div class=\"d-flex justify-content-center \"><a class=\"psh_button btn-41432455\" href=\"https:\/\/www.certisys.eu\/\" alt=\"Accueil\" target=\"\">Revenez \u00e0 la page d\u2019accueil<\/a><\/div>\n        <style>.psh_button.btn-41432455{\n          font-size: 20px;\n          text-transform: none;\n          padding: 10px 25px 10px 25px;\n          border-radius: 80px;\n          border-width: 0px;\n          background-color: #e30613;\n          border-color: ;\n          border-style: solid;\n          color: #ffffff;\n          display: inline-block;\n          \n          transition: all .3s ease-in-out;\n        }\n        .psh_button.btn-41432455:hover{\n          background-color: #f18970;\n          border-color: ;\n          color: #ffffff;\n          transition: all .3s ease-in-out;\n        }<\/style>[\/vc_column][\/vc_row][vc_row][vc_column][vc_empty_space height=\u00a0\u00bb800px\u00a0\u00bb][\/vc_column][\/vc_row]<\/p>\n<\/div>","protected":false},"excerpt":{"rendered":"<p>[vc_row][vc_column][vc_column_text] Merci pour votre demande de devis Elle nous a \u00e9t\u00e9 envoy\u00e9e avec succ\u00e8s. Notre service client se charge de la traiter dans les plus brefs d\u00e9lais et de vous recontacter. [\/vc_column_text][\/vc_column][\/vc_row][vc_row][vc_column][vc_empty_space height=\u00a0\u00bb800px\u00a0\u00bb][\/vc_column][\/vc_row]<\/p>\n","protected":false},"author":4,"featured_media":0,"parent":0,"menu_order":100,"comment_status":"closed","ping_status":"closed","template":"","meta":{"_acf_changed":false,"footnotes":""},"class_list":["post-21792","page","type-page","status-publish","hentry"],"acf":[],"yoast_head":"<!-- This site is optimized with the Yoast SEO plugin v26.6 - https:\/\/yoast.com\/wordpress\/plugins\/seo\/ -->\n<title>Confirmation devis s\u00e9curit\u00e9 alimentaire - CERTISYS<\/title>\n<meta name=\"robots\" content=\"index, follow, max-snippet:-1, max-image-preview:large, max-video-preview:-1\" \/>\n<link rel=\"canonical\" href=\"https:\/\/www.certisys.eu\/fr\/confirmation-devis-securite-alimentaire\/\" \/>\n<meta property=\"og:locale\" content=\"fr_FR\" \/>\n<meta property=\"og:type\" content=\"article\" \/>\n<meta property=\"og:title\" content=\"Confirmation devis s\u00e9curit\u00e9 alimentaire - CERTISYS\" \/>\n<meta property=\"og:description\" content=\"[vc_row][vc_column][vc_column_text] Merci pour votre demande de devis Elle nous a \u00e9t\u00e9 envoy\u00e9e avec succ\u00e8s. Notre service client se charge de la traiter dans les plus brefs d\u00e9lais et de vous recontacter. [\/vc_column_text][\/vc_column][\/vc_row][vc_row][vc_column][vc_empty_space height=\u00a0\u00bb800px\u00a0\u00bb][\/vc_column][\/vc_row]\" \/>\n<meta property=\"og:url\" content=\"https:\/\/www.certisys.eu\/fr\/confirmation-devis-securite-alimentaire\/\" \/>\n<meta property=\"og:site_name\" content=\"CERTISYS\" \/>\n<meta property=\"article:modified_time\" content=\"2023-09-07T08:50:26+00:00\" \/>\n<meta name=\"twitter:card\" content=\"summary_large_image\" \/>\n<meta name=\"twitter:label1\" content=\"Dur\u00e9e de lecture estim\u00e9e\" \/>\n\t<meta name=\"twitter:data1\" content=\"1 minute\" \/>\n<!-- \/ Yoast SEO plugin. -->","yoast_head_json":{"title":"Confirmation devis s\u00e9curit\u00e9 alimentaire - CERTISYS","robots":{"index":"index","follow":"follow","max-snippet":"max-snippet:-1","max-image-preview":"max-image-preview:large","max-video-preview":"max-video-preview:-1"},"canonical":"https:\/\/www.certisys.eu\/fr\/confirmation-devis-securite-alimentaire\/","og_locale":"fr_FR","og_type":"article","og_title":"Confirmation devis s\u00e9curit\u00e9 alimentaire - CERTISYS","og_description":"[vc_row][vc_column][vc_column_text] Merci pour votre demande de devis Elle nous a \u00e9t\u00e9 envoy\u00e9e avec succ\u00e8s. Notre service client se charge de la traiter dans les plus brefs d\u00e9lais et de vous recontacter. [\/vc_column_text][\/vc_column][\/vc_row][vc_row][vc_column][vc_empty_space height=\u00a0\u00bb800px\u00a0\u00bb][\/vc_column][\/vc_row]","og_url":"https:\/\/www.certisys.eu\/fr\/confirmation-devis-securite-alimentaire\/","og_site_name":"CERTISYS","article_modified_time":"2023-09-07T08:50:26+00:00","twitter_card":"summary_large_image","twitter_misc":{"Dur\u00e9e de lecture estim\u00e9e":"1 minute"},"schema":{"@context":"https:\/\/schema.org","@graph":[{"@type":"WebPage","@id":"https:\/\/www.certisys.eu\/fr\/confirmation-devis-securite-alimentaire\/","url":"https:\/\/www.certisys.eu\/fr\/confirmation-devis-securite-alimentaire\/","name":"Confirmation devis s\u00e9curit\u00e9 alimentaire - CERTISYS","isPartOf":{"@id":"https:\/\/www.certisys.eu\/fr\/#website"},"datePublished":"2023-09-07T08:48:57+00:00","dateModified":"2023-09-07T08:50:26+00:00","breadcrumb":{"@id":"https:\/\/www.certisys.eu\/fr\/confirmation-devis-securite-alimentaire\/#breadcrumb"},"inLanguage":"fr-FR","potentialAction":[{"@type":"ReadAction","target":["https:\/\/www.certisys.eu\/fr\/confirmation-devis-securite-alimentaire\/"]}]},{"@type":"BreadcrumbList","@id":"https:\/\/www.certisys.eu\/fr\/confirmation-devis-securite-alimentaire\/#breadcrumb","itemListElement":[{"@type":"ListItem","position":1,"name":"Home","item":"https:\/\/www.certisys.eu\/fr\/"},{"@type":"ListItem","position":2,"name":"Confirmation devis s\u00e9curit\u00e9 alimentaire"}]},{"@type":"WebSite","@id":"https:\/\/www.certisys.eu\/fr\/#website","url":"https:\/\/www.certisys.eu\/fr\/","name":"CERTISYS","description":"Bio Certification","potentialAction":[{"@type":"SearchAction","target":{"@type":"EntryPoint","urlTemplate":"https:\/\/www.certisys.eu\/fr\/?s={search_term_string}"},"query-input":{"@type":"PropertyValueSpecification","valueRequired":true,"valueName":"search_term_string"}}],"inLanguage":"fr-FR"}]}},"jetpack_sharing_enabled":true,"_links":{"self":[{"href":"https:\/\/www.certisys.eu\/fr\/wp-json\/wp\/v2\/pages\/21792","targetHints":{"allow":["GET"]}}],"collection":[{"href":"https:\/\/www.certisys.eu\/fr\/wp-json\/wp\/v2\/pages"}],"about":[{"href":"https:\/\/www.certisys.eu\/fr\/wp-json\/wp\/v2\/types\/page"}],"author":[{"embeddable":true,"href":"https:\/\/www.certisys.eu\/fr\/wp-json\/wp\/v2\/users\/4"}],"replies":[{"embeddable":true,"href":"https:\/\/www.certisys.eu\/fr\/wp-json\/wp\/v2\/comments?post=21792"}],"version-history":[{"count":3,"href":"https:\/\/www.certisys.eu\/fr\/wp-json\/wp\/v2\/pages\/21792\/revisions"}],"predecessor-version":[{"id":21798,"href":"https:\/\/www.certisys.eu\/fr\/wp-json\/wp\/v2\/pages\/21792\/revisions\/21798"}],"wp:attachment":[{"href":"https:\/\/www.certisys.eu\/fr\/wp-json\/wp\/v2\/media?parent=21792"}],"curies":[{"name":"wp","href":"https:\/\/api.w.org\/{rel}","templated":true}]}}