{"id":20550,"date":"2023-04-25T16:21:19","date_gmt":"2023-04-25T14:21:19","guid":{"rendered":"https:\/\/www.certisys.eu\/?page_id=20550"},"modified":"2023-04-25T16:21:19","modified_gmt":"2023-04-25T14:21:19","slug":"confirmation-plainte","status":"publish","type":"page","link":"https:\/\/www.certisys.eu\/fr\/confirmation-plainte\/","title":{"rendered":"Confirmation plainte"},"content":{"rendered":"<div class=\"wpb-content-wrapper\"><p>[vc_row][vc_column][vc_column_text]<\/p>\n<h1 style=\"text-align: center;\">Votre plainte a bien \u00e9t\u00e9 envoy\u00e9e \u00e0 CERTISYS<\/h1>\n<div style=\"text-align: center;\">D\u00e8s que celle-ci sera prise en charge par un collaborateur CERTISYS, vous recevrez un accus\u00e9 de r\u00e9ception.<\/div>\n<p>[\/vc_column_text]<div class=\"d-flex justify-content-center \"><a class=\"psh_button btn-29476778\" href=\"https:\/\/www.certisys.eu\/\" alt=\"Accueil\" target=\"\">Revenez \u00e0 la page d\u2019accueil<\/a><\/div>\n        <style>.psh_button.btn-29476778{\n          font-size: 20px;\n          text-transform: none;\n          padding: 10px 25px 10px 25px;\n          border-radius: 80px;\n          border-width: 0px;\n          background-color: #e30613;\n          border-color: ;\n          border-style: solid;\n          color: #ffffff;\n          display: inline-block;\n          \n          transition: all .3s ease-in-out;\n        }\n        .psh_button.btn-29476778:hover{\n          background-color: #f18970;\n          border-color: ;\n          color: #ffffff;\n          transition: all .3s ease-in-out;\n        }<\/style>[\/vc_column][\/vc_row]<\/p>\n<\/div>","protected":false},"excerpt":{"rendered":"<p>[vc_row][vc_column][vc_column_text] Votre plainte a bien \u00e9t\u00e9 envoy\u00e9e \u00e0 CERTISYS D\u00e8s que celle-ci sera prise en charge par un collaborateur CERTISYS, vous recevrez un accus\u00e9 de r\u00e9ception. [\/vc_column_text][\/vc_column][\/vc_row]<\/p>\n","protected":false},"author":3,"featured_media":0,"parent":0,"menu_order":100,"comment_status":"closed","ping_status":"closed","template":"","meta":{"_acf_changed":false,"footnotes":""},"class_list":["post-20550","page","type-page","status-publish","hentry"],"acf":[],"yoast_head":"<!-- This site is optimized with the Yoast SEO plugin v27.4 - https:\/\/yoast.com\/product\/yoast-seo-wordpress\/ -->\n<title>Confirmation plainte - CERTISYS<\/title>\n<meta name=\"robots\" content=\"index, follow, max-snippet:-1, max-image-preview:large, max-video-preview:-1\" \/>\n<link rel=\"canonical\" href=\"https:\/\/www.certisys.eu\/fr\/confirmation-plainte\/\" \/>\n<meta property=\"og:locale\" content=\"fr_FR\" \/>\n<meta property=\"og:type\" content=\"article\" \/>\n<meta property=\"og:title\" content=\"Confirmation plainte - CERTISYS\" \/>\n<meta property=\"og:description\" content=\"[vc_row][vc_column][vc_column_text] Votre plainte a bien \u00e9t\u00e9 envoy\u00e9e \u00e0 CERTISYS D\u00e8s que celle-ci sera prise en charge par un collaborateur CERTISYS, vous recevrez un accus\u00e9 de r\u00e9ception. [\/vc_column_text][\/vc_column][\/vc_row]\" \/>\n<meta property=\"og:url\" content=\"https:\/\/www.certisys.eu\/fr\/confirmation-plainte\/\" \/>\n<meta property=\"og:site_name\" content=\"CERTISYS\" \/>\n<meta name=\"twitter:card\" content=\"summary_large_image\" \/>\n<meta name=\"twitter:label1\" content=\"Dur\u00e9e de lecture estim\u00e9e\" \/>\n\t<meta name=\"twitter:data1\" content=\"1 minute\" \/>\n<!-- \/ Yoast SEO plugin. -->","yoast_head_json":{"title":"Confirmation plainte - CERTISYS","robots":{"index":"index","follow":"follow","max-snippet":"max-snippet:-1","max-image-preview":"max-image-preview:large","max-video-preview":"max-video-preview:-1"},"canonical":"https:\/\/www.certisys.eu\/fr\/confirmation-plainte\/","og_locale":"fr_FR","og_type":"article","og_title":"Confirmation plainte - CERTISYS","og_description":"[vc_row][vc_column][vc_column_text] Votre plainte a bien \u00e9t\u00e9 envoy\u00e9e \u00e0 CERTISYS D\u00e8s que celle-ci sera prise en charge par un collaborateur CERTISYS, vous recevrez un accus\u00e9 de r\u00e9ception. [\/vc_column_text][\/vc_column][\/vc_row]","og_url":"https:\/\/www.certisys.eu\/fr\/confirmation-plainte\/","og_site_name":"CERTISYS","twitter_card":"summary_large_image","twitter_misc":{"Dur\u00e9e de lecture estim\u00e9e":"1 minute"},"schema":{"@context":"https:\/\/schema.org","@graph":[{"@type":"WebPage","@id":"https:\/\/www.certisys.eu\/fr\/confirmation-plainte\/","url":"https:\/\/www.certisys.eu\/fr\/confirmation-plainte\/","name":"Confirmation plainte - CERTISYS","isPartOf":{"@id":"https:\/\/www.certisys.eu\/fr\/#website"},"datePublished":"2023-04-25T14:21:19+00:00","breadcrumb":{"@id":"https:\/\/www.certisys.eu\/fr\/confirmation-plainte\/#breadcrumb"},"inLanguage":"fr-FR","potentialAction":[{"@type":"ReadAction","target":["https:\/\/www.certisys.eu\/fr\/confirmation-plainte\/"]}]},{"@type":"BreadcrumbList","@id":"https:\/\/www.certisys.eu\/fr\/confirmation-plainte\/#breadcrumb","itemListElement":[{"@type":"ListItem","position":1,"name":"Home","item":"https:\/\/www.certisys.eu\/fr\/"},{"@type":"ListItem","position":2,"name":"Confirmation plainte"}]},{"@type":"WebSite","@id":"https:\/\/www.certisys.eu\/fr\/#website","url":"https:\/\/www.certisys.eu\/fr\/","name":"CERTISYS","description":"Bio Certification","potentialAction":[{"@type":"SearchAction","target":{"@type":"EntryPoint","urlTemplate":"https:\/\/www.certisys.eu\/fr\/?s={search_term_string}"},"query-input":{"@type":"PropertyValueSpecification","valueRequired":true,"valueName":"search_term_string"}}],"inLanguage":"fr-FR"}]}},"_links":{"self":[{"href":"https:\/\/www.certisys.eu\/fr\/wp-json\/wp\/v2\/pages\/20550","targetHints":{"allow":["GET"]}}],"collection":[{"href":"https:\/\/www.certisys.eu\/fr\/wp-json\/wp\/v2\/pages"}],"about":[{"href":"https:\/\/www.certisys.eu\/fr\/wp-json\/wp\/v2\/types\/page"}],"author":[{"embeddable":true,"href":"https:\/\/www.certisys.eu\/fr\/wp-json\/wp\/v2\/users\/3"}],"replies":[{"embeddable":true,"href":"https:\/\/www.certisys.eu\/fr\/wp-json\/wp\/v2\/comments?post=20550"}],"version-history":[{"count":1,"href":"https:\/\/www.certisys.eu\/fr\/wp-json\/wp\/v2\/pages\/20550\/revisions"}],"predecessor-version":[{"id":20554,"href":"https:\/\/www.certisys.eu\/fr\/wp-json\/wp\/v2\/pages\/20550\/revisions\/20554"}],"wp:attachment":[{"href":"https:\/\/www.certisys.eu\/fr\/wp-json\/wp\/v2\/media?parent=20550"}],"curies":[{"name":"wp","href":"https:\/\/api.w.org\/{rel}","templated":true}]}}