{"id":18,"date":"2020-10-12T10:22:59","date_gmt":"2020-10-12T08:22:59","guid":{"rendered":"https:\/\/certisys.poush.be\/?page_id=18"},"modified":"2026-04-17T09:46:25","modified_gmt":"2026-04-17T07:46:25","slug":"reglementation-bio","status":"publish","type":"page","link":"https:\/\/www.certisys.eu\/fr\/reglementation-bio\/","title":{"rendered":"R\u00e8glementation"},"content":{"rendered":"<div class=\"wpb-content-wrapper\"><p>[vc_row content_placement=\u00a0\u00bbmiddle\u00a0\u00bb css=\u00a0\u00bb.vc_custom_1616059326651{padding-bottom: 20px !important;}\u00a0\u00bb][vc_column width=\u00a0\u00bb2\/3&Prime; offset=\u00a0\u00bbvc_col-lg-offset-3 vc_col-lg-6&Prime;][vc_column_text]<\/p>\n<p style=\"text-align: center;\">Le march\u00e9 BIO de l\u2019Union europ\u00e9enne est <strong>prot\u00e9g\u00e9 par des R\u00e8glements europ\u00e9ens<\/strong>. Il existe en compl\u00e9ment des <strong>mesures d\u2019application au niveau r\u00e9gional<\/strong> <strong>belge<\/strong>.<\/p>\n<p style=\"text-align: center;\">Il existe aussi des <strong>cahiers des charges nationaux et priv\u00e9s<\/strong> qui couvrent des domaines non couverts par la R\u00e9glementation europ\u00e9enne.<\/p>\n<p>[\/vc_column_text][\/vc_column][\/vc_row][vc_row disable_element=\u00a0\u00bbyes\u00a0\u00bb css=\u00a0\u00bb.vc_custom_1767700157185{margin-bottom: 30px !important;padding-right: 50px !important;padding-left: 50px !important;}\u00a0\u00bb el_class=\u00a0\u00bbhotnews\u00a0\u00bb][vc_column][vc_column_text]<\/p>\n<h3 style=\"text-align: left; color: #e30614;\">Hot news<\/h3>\n<p>[\/vc_column_text][vc_column_text css=\u00a0\u00bb.vc_custom_1733402136445{border-top-width: 4px !important;border-right-width: 4px !important;border-bottom-width: 4px !important;border-left-width: 4px !important;padding-top: 20px !important;padding-right: 20px !important;padding-bottom: 20px !important;padding-left: 20px !important;border-left-style: solid !important;border-right-style: solid !important;border-top-style: solid !important;border-bottom-style: solid !important;border-radius: 2px !important;border-color: #e30614 !important;}\u00a0\u00bb]<\/p>\n<ul>\n<li><strong>Importation BIO\u00a0: Changement important \u00e0 partir du 1\u00b0 janvier 2025\u00a0!<\/strong><\/li>\n<\/ul>\n<p>A partir du <strong>1\/1\/2025<\/strong>, les organismes de certification situ\u00e9s hors de l\u2019Union Europ\u00e9enne devront \u00eatre reconnus pour leur <strong>\u00ab\u00a0conformit\u00e9\u00a0\u00bb<\/strong> \u00e0 la nouvelle R\u00e9glementation europ\u00e9enne. L\u2019ancien syst\u00e8me o\u00f9 les organismes de certification \u00e9taient reconnus pour leur \u00e9quivalence prend fin le <strong>31\/12\/2024.<\/strong><\/p>\n<p>V\u00e9rifiez donc que tout est en ordre avec vos fournisseurs \u00e9trangers et soyez vigilants \u00e0 la conformit\u00e9 des produits que vous importez. V\u00e9rifiez si les organismes de contr\u00f4le figurent sur la liste de <strong>\u00ab<\/strong> <strong>conformit\u00e9 \u00bb <\/strong>de l\u2019Annexe II du<strong> r\u00e8glement <\/strong><a href=\"https:\/\/eur-lex.europa.eu\/legal-content\/EN\/TXT\/?uri=CELEX%3A02021R1378-20241107\"><strong>2021\/1378<\/strong><\/a><strong>.<\/strong>[\/vc_column_text][vc_column_text css=\u00a0\u00bb.vc_custom_1734962431454{border-top-width: 4px !important;border-right-width: 4px !important;border-bottom-width: 4px !important;border-left-width: 4px !important;padding-top: 20px !important;padding-right: 20px !important;padding-bottom: 20px !important;padding-left: 20px !important;border-left-style: solid !important;border-right-style: solid !important;border-top-style: solid !important;border-bottom-style: solid !important;border-radius: 2px !important;border-color: #e30614 !important;}\u00a0\u00bb]<\/p>\n<ul>\n<li><strong>Modification de l\u2019AGW \u2013 23\/12\/2024<\/strong><\/li>\n<\/ul>\n<p><span data-contrast=\"auto\">Ces changements concernent :<\/span><span data-ccp-props=\"{}\">\u00a0<\/span><\/p>\n<ul>\n<li data-leveltext=\"\uf0b7\" data-font=\"Symbol\" data-listid=\"1\" data-list-defn-props=\"{&quot;335552541&quot;:1,&quot;335559685&quot;:720,&quot;335559991&quot;:360,&quot;469769226&quot;:&quot;Symbol&quot;,&quot;469769242&quot;:[8226],&quot;469777803&quot;:&quot;left&quot;,&quot;469777804&quot;:&quot;\uf0b7&quot;,&quot;469777815&quot;:&quot;multilevel&quot;}\" aria-setsize=\"-1\" data-aria-posinset=\"1\" data-aria-level=\"1\"><strong>Tous les op\u00e9rateurs wallons<\/strong><span data-contrast=\"auto\"><strong> :<\/strong> clarification des seuils de d\u00e9classement.<\/span><span data-ccp-props=\"{}\">\u00a0<\/span><\/li>\n<\/ul>\n<ul>\n<li data-leveltext=\"\uf0b7\" data-font=\"Symbol\" data-listid=\"1\" data-list-defn-props=\"{&quot;335552541&quot;:1,&quot;335559685&quot;:720,&quot;335559991&quot;:360,&quot;469769226&quot;:&quot;Symbol&quot;,&quot;469769242&quot;:[8226],&quot;469777803&quot;:&quot;left&quot;,&quot;469777804&quot;:&quot;\uf0b7&quot;,&quot;469777815&quot;:&quot;multilevel&quot;}\" aria-setsize=\"-1\" data-aria-posinset=\"2\" data-aria-level=\"1\"><strong>Les \u00e9leveurs de volailles<\/strong><span data-contrast=\"auto\"><strong> :<\/strong> nouvelles exigences pour les parcours ext\u00e9rieurs de volailles BIO.\u00a0<\/span><span data-ccp-props=\"{}\">\u00a0<\/span><\/li>\n<\/ul>\n<ul>\n<li data-leveltext=\"\uf0b7\" data-font=\"Symbol\" data-listid=\"1\" data-list-defn-props=\"{&quot;335552541&quot;:1,&quot;335559685&quot;:720,&quot;335559991&quot;:360,&quot;469769226&quot;:&quot;Symbol&quot;,&quot;469769242&quot;:[8226],&quot;469777803&quot;:&quot;left&quot;,&quot;469777804&quot;:&quot;\uf0b7&quot;,&quot;469777815&quot;:&quot;multilevel&quot;}\" aria-setsize=\"-1\" data-aria-posinset=\"3\" data-aria-level=\"1\"><strong>Les \u00e9leveurs de porcs et volailles et les fournisseurs d\u2019aliments pour animaux d\u2019\u00e9levage<\/strong><span data-contrast=\"auto\"><strong>\u202f: <\/strong>garanties de r\u00e9gionalit\u00e9 des aliments.<\/span><span data-ccp-props=\"{}\">\u00a0<\/span><\/li>\n<\/ul>\n<ul>\n<li data-leveltext=\"\uf0b7\" data-font=\"Symbol\" data-listid=\"1\" data-list-defn-props=\"{&quot;335552541&quot;:1,&quot;335559685&quot;:720,&quot;335559991&quot;:360,&quot;469769226&quot;:&quot;Symbol&quot;,&quot;469769242&quot;:[8226],&quot;469777803&quot;:&quot;left&quot;,&quot;469777804&quot;:&quot;\uf0b7&quot;,&quot;469777815&quot;:&quot;multilevel&quot;}\" aria-setsize=\"-1\" data-aria-posinset=\"4\" data-aria-level=\"1\"><strong>Les pr\u00e9parateurs de denr\u00e9es alimentaires<\/strong><span data-contrast=\"auto\"><strong> :<\/strong> clarification des obligations relatives \u00e0 l\u2019absence de nanomat\u00e9riaux.<\/span><span data-ccp-props=\"{}\">\u00a0<\/span><\/li>\n<\/ul>\n<p><a href=\"https:\/\/www.certisys.eu\/fr\/hot-news-modification-de-lagw-23-12-2024\/\">Plus d&rsquo;info ici<\/a>[\/vc_column_text][\/vc_column][\/vc_row][vc_row css=\u00a0\u00bb.vc_custom_1614846917657{padding-top: 50px !important;padding-bottom: 80px !important;background-color: #f0f3f1 !important;}\u00a0\u00bb][vc_column width=\u00a0\u00bb1\/4&Prime;][\/vc_column][vc_column width=\u00a0\u00bb1\/2&Prime;][vc_column_text]<\/p>\n<h2 style=\"text-align: center;\">R\u00e8glements officiels<\/h2>\n<p>[\/vc_column_text][vc_column_text css=\u00a0\u00bb\u00a0\u00bb]<\/p>\n<p style=\"text-align: center;\"><img loading=\"lazy\" decoding=\"async\" class=\"wp-image-19938 alignnone aligncenter\" src=\"https:\/\/www.certisys.eu\/wp-content\/uploads\/2023\/03\/Sans-titre2-e1679322486770.png\" alt=\"\" width=\"47\" height=\"47\" \/> \u00a0 D\u00e9couvrez <a href=\"https:\/\/www.certisys.eu\/wp-content\/uploads\/2023\/03\/Consulter-un-reglement-en-ligne-sur-le-site-EUR-LEX.pdf\">ici<\/a> la marche \u00e0 suivre pour consulter un R\u00e8glement officiel sur le <a href=\"https:\/\/eur-lex.europa.eu\/homepage.html\"><span style=\"color: #3366ff;\"><strong>site Eur-Lex\u00a0<\/strong><\/span><\/a><\/p>\n<p>[\/vc_column_text][vc_tta_accordion style=\u00a0\u00bbmodern\u00a0\u00bb shape=\u00a0\u00bbround\u00a0\u00bb color=\u00a0\u00bbwhite\u00a0\u00bb c_position=\u00a0\u00bbright\u00a0\u00bb active_section=\u00a0\u00bb100&Prime; no_fill=\u00a0\u00bbtrue\u00a0\u00bb collapsible_all=\u00a0\u00bbtrue\u00a0\u00bb][vc_tta_section title=\u00a0\u00bbR\u00e8glements europ\u00e9ens d\u2019application \u00e0 partir du 01\/01\/2022&Prime; tab_id=\u00a0\u00bbeurope-01012022&Prime;][vc_column_text css=\u00a0\u00bb.vc_custom_1703085080925{border-top-width: 2px !important;border-right-width: 2px !important;border-bottom-width: 2px !important;border-left-width: 2px !important;padding-top: 20px !important;padding-right: 20px !important;padding-bottom: 20px !important;padding-left: 20px !important;border-left-color: #e30614 !important;border-left-style: dashed !important;border-right-color: #e30614 !important;border-right-style: dashed !important;border-top-color: #e30614 !important;border-top-style: dashed !important;border-bottom-color: #e30614 !important;border-bottom-style: dashed !important;}\u00a0\u00bb]<a href=\"https:\/\/eur-lex.europa.eu\/legal-content\/FR\/TXT\/?qid=1684914485734&amp;uri=CELEX%3A32018R0848\"><strong>R\u00e8glement (EU) n\u00b0 2018\/848<\/strong><\/a><strong> version consolid\u00e9e<\/strong><\/p>\n<p>Ce R\u00e8glement <strong>remplace le R\u00e8glement de base 834\/2007<\/strong> \u00e0 partir du <strong>1 janvier 2022,<\/strong> selon le <a href=\"https:\/\/eur-lex.europa.eu\/legal-content\/FR\/TXT\/HTML\/?uri=CELEX:32021R0269&amp;from=FR\" target=\"_blank\" rel=\"noopener noreferrer\">R\u00e8glement n\u00b02021\/269<\/a><\/p>\n<p>Il reprend les <strong>principes et<\/strong> les <strong>r\u00e8gles de base<\/strong> pour l\u2019agriculture, la pr\u00e9paration des denr\u00e9es alimentaires et aliments BIO pour animaux, la distribution, les importations ainsi que l\u2019\u00e9tiquetage et le contr\u00f4le.<\/p>\n<p><a href=\"https:\/\/www.certisys.eu\/wp-content\/uploads\/2023\/12\/GT028-v04_Nouvelle-Reglementation-EU-2022-Annexe-2-Actes-secondaires_FR.pdf\">Retrouvez ici la liste des actes d&rsquo;ex\u00e9cution et des actes d\u00e9l\u00e9gu\u00e9s li\u00e9s au R\u00e8glement (EU) 2018\/848<\/a>[\/vc_column_text][\/vc_tta_section][vc_tta_section title=\u00a0\u00bbR\u00e8glements EU pour les Importations\u00a0\u00bb tab_id=\u00a0\u00bbImportations\u00a0\u00bb][vc_column_text css=\u00a0\u00bb.vc_custom_1735207129941{border-top-width: 2px !important;border-right-width: 2px !important;border-bottom-width: 2px !important;border-left-width: 2px !important;padding-top: 20px !important;padding-right: 20px !important;padding-bottom: 20px !important;padding-left: 20px !important;border-left-style: dashed !important;border-right-style: dashed !important;border-top-style: dashed !important;border-bottom-style: dashed !important;border-color: #e30614 !important;}\u00a0\u00bb]Les produits biologiques provenant d&rsquo;un exportateur d&rsquo;un pays tiers (pays hors de l&rsquo;Union europ\u00e9enne) peuvent \u00eatre vendus, \u00e9tiquet\u00e9s et pr\u00e9sent\u00e9s comme biologiques au sein de l&rsquo;espace \u00e9conomique europ\u00e9en, \u00e0 condition qu&rsquo;ils aient \u00e9t\u00e9 import\u00e9s dans l&rsquo;UE selon un des 4 r\u00e9gimes d\u2019importation\u00a0:<\/p>\n<p>1.R\u00e9gime de <strong>conformit\u00e9<\/strong> (article 46 du R. 2018\/848)<\/p>\n<ul>\n<li>La liste des organismes certificateurs reconnus pour la conformit\u00e9 est disponible sur <a href=\"https:\/\/eur-lex.europa.eu\/legal-content\/EN\/TXT\/?uri=CELEX%3A32021R1378&amp;qid=1683539713796\">ce lien<\/a> (R. 2021\/1378 &#8211; derni\u00e8re version consolid\u00e9e)<\/li>\n<\/ul>\n<p>2.R\u00e9gime avec <strong>accord sp\u00e9cial<\/strong> \u00a0(article 47 du R. 2018\/848)<\/p>\n<ul>\n<li>La liste des pays concern\u00e9s par cet accord sp\u00e9cial est disponible sur ce lien <a href=\"https:\/\/agriculture.ec.europa.eu\/farming\/organic-farming\/trade\/agreements-trade-organic-products_en\">Agreements on trade in organic products &#8211; European Commission<\/a><\/li>\n<\/ul>\n<p>3.R\u00e9gime <strong>\u00e9quivalence<\/strong> <strong><u>par organisme de contr\u00f4le<\/u><\/strong> (article 57 du R. 2018\/848)<\/p>\n<ul>\n<li>La liste des organismes certificateurs reconnus pour l\u2019\u00e9quivalence est disponible \u00e0 l\u2019annexe 2 du <a href=\"https:\/\/eur-lex.europa.eu\/legal-content\/FR\/TXT\/?uri=CELEX%3A32021R2325\">R. 2021\/2325 <\/a>(derni\u00e8re version consolid\u00e9e).<\/li>\n<li>Ce syst\u00e8me n\u2019est plus valable \u00e0 partir du <u>31-12-2024<\/u><\/li>\n<\/ul>\n<p>4.R\u00e9gime <strong>\u00e9quivalence<\/strong> <strong><u>par Pays Tiers<\/u><\/strong> (article 48 du R. 2018\/848\u00a0 )<\/p>\n<ul>\n<li>La liste des pays-tiers reconnus pour l\u2019\u00e9quivalence est disponible \u00e0 l\u2019annexe 1 \u00a0<a href=\"https:\/\/eur-lex.europa.eu\/legal-content\/FR\/TXT\/?uri=CELEX%3A32021R2325\">R. 2021\/2325 <\/a>(derni\u00e8re version consolid\u00e9e).<\/li>\n<li>Ce syst\u00e8me est valable jusqu\u2019au <u>31-12-2026<\/u><\/li>\n<\/ul>\n<p>[\/vc_column_text][\/vc_tta_section][vc_tta_section title=\u00a0\u00bbListe des organismes et\/ou autorit\u00e9s de contr\u00f4le agr\u00e9\u00e9s par la Commission Europ\u00e9enne\u00a0\u00bb tab_id=\u00a0\u00bborganismes\u00a0\u00bb][vc_column_text]Vous pouvez consulter la <a href=\"https:\/\/ec.europa.eu\/agriculture\/ofis_public\/actor_cbeu\/ctrl.cfm?targetUrl=home\" target=\"_blank\" rel=\"noopener noreferrer\">liste des organismes et\/ou autorit\u00e9s de contr\u00f4le agr\u00e9\u00e9s<\/a> au sein de l\u2019Union Europ\u00e9enne.[\/vc_column_text][\/vc_tta_section][vc_tta_section title=\u00a0\u00bbBelgique\u00a0\u00bb tab_id=\u00a0\u00bbBelgique\u00a0\u00bb][vc_single_image image=\u00a0\u00bb1823&Prime; img_size=\u00a0\u00bb800&#215;300&Prime; alignment=\u00a0\u00bbcenter\u00a0\u00bb][vc_column_text css=\u00a0\u00bb\u00a0\u00bb]<\/p>\n<h3>Wallonie<\/h3>\n<ul>\n<li><strong>Arr\u00eat\u00e9s gouvernementaux et minist\u00e9riels wallons<\/strong>\n<ul>\n<li><a href=\"https:\/\/wallex.wallonie.be\/eli\/arrete\/2022\/10\/13\/2022206901\/2023\/12\/10\" target=\"_blank\" rel=\"noopener noreferrer\">Arr\u00eat\u00e9 gouvernemental wallon relatif au <strong>mode de production et \u00e9tiquetage<\/strong> des produits biologiques<\/a> du 13\/10\/2022.<\/li>\n<li><a href=\"https:\/\/www.stradalex.com\/fr\/sl_src_publ_leg_be_moniteur\/toc\/leg_be_moniteur_fr_02102015_1\/doc\/mb2015204326\" target=\"_blank\" rel=\"noopener noreferrer\">Arr\u00eat\u00e9 Minist\u00e9riel wallon relatif aux <strong>aides \u00e0 l\u2019agriculture biologique<\/strong><\/a> du 3\/09\/2015.<\/li>\n<li><a href=\"https:\/\/www.certisys.eu\/wp-content\/uploads\/2020\/11\/RX2166fr01_7711.pdf\">Arr\u00eat\u00e9 Minist\u00e9riel wallon du 3\/09\/2015 modifiant l\u2019arr\u00eat\u00e9 du 3\/04\/2014\u00a0relatif \u00e0 l\u2019octroi de <strong>primes BIO<\/strong><\/a><\/li>\n<\/ul>\n<\/li>\n<\/ul>\n<p>Retrouvez toutes les informations concernant l\u2019agriculture BIO wallonne sur le site du <a href=\"https:\/\/agriculture.wallonie.be\/home\/productions-agricoles\/qualite\/production-biologique.html\" target=\"_blank\" rel=\"noopener noreferrer\">SPW Agriculture <\/a>dont le <a title=\"https:\/\/agriculture.wallonie.be\/files\/accueil\/Produits\/Qualit%c3%a9%20et%20certification%20des%20productions\/Production%20biologique\/20250929_Guide%20de%20lecture.pdf\" href=\"https:\/\/agriculture.wallonie.be\/files\/accueil\/Produits\/Qualit%c3%a9%20et%20certification%20des%20productions\/Production%20biologique\/20250929_Guide%20de%20lecture.pdf\" data-auth=\"NotApplicable\" data-linkindex=\"2\">guide de lecture<\/a> de la r\u00e9glementation europ\u00e9enne \u00e9dit\u00e9 par le SPW.<\/p>\n<p>&nbsp;<\/p>\n<h3>Bruxelles<\/h3>\n<ul>\n<li>Arr\u00eat\u00e9 du Gouvernement de la R\u00e9gion de Bruxelles-Capitale\u00a0relatif \u00e0 la <a href=\"https:\/\/www.certisys.eu\/wp-content\/uploads\/2020\/11\/RX2063fr01_1541.pdf\"><strong>production et \u00e9tiquetage des produits biologiques<\/strong><\/a> du 3\/12\/2009.<\/li>\n<li>Arr\u00eat\u00e9 Minist\u00e9riel de la R\u00e9gion de Bruxelles-Capitale du 5\/06\/2013 pour <a href=\"http:\/\/www.ejustice.just.fgov.be\/cgi_loi\/change_lg.pl?language=fr&amp;la=F&amp;cn=2013051302&amp;table_name=loi\" target=\"_blank\" rel=\"noopener noreferrer\"><strong>l\u2019approbation du cahier des charges \u00ab\u00a0catering\u00a0\u00bb (Biogarantie)<\/strong><\/a><\/li>\n<\/ul>\n<p>&nbsp;<\/p>\n<h3>Flandre<\/h3>\n<ul>\n<li><a href=\"https:\/\/lv.vlaanderen.be\/nl\/bio\/wetgeving-biologische-productie\">Toutes les infos sur la R\u00e8glementation BIO sp\u00e9cifique \u00e0 la R\u00e9gion flamande<\/a><\/li>\n<\/ul>\n<p>Retrouvez toutes les informations concernant l\u2019agriculture flamande sur le site des<a href=\"https:\/\/lv.vlaanderen.be\/nl\/bio\" target=\"_blank\" rel=\"noopener noreferrer\"> Autorit\u00e9s flamandes<\/a>.[\/vc_column_text][\/vc_tta_section][vc_tta_section title=\u00a0\u00bbGrand-Duch\u00e9 du Luxembourg\u00a0\u00bb tab_id=\u00a0\u00bbluxembourg\u00a0\u00bb][vc_single_image image=\u00a0\u00bb4241&Prime; img_size=\u00a0\u00bb800&#215;300&Prime; alignment=\u00a0\u00bbcenter\u00a0\u00bb][vc_column_text css=\u00a0\u00bb\u00a0\u00bb]CERTISYS est agr\u00e9\u00e9 au Grand-Duch\u00e9 de Luxembourg <strong>(LU-BIO-06)<\/strong> et vous assiste dans votre d\u00e9marche de certification de vos produits<\/p>\n<ul>\n<li><a href=\"https:\/\/www.certisys.eu\/wp-content\/uploads\/2020\/11\/RX2061fr02_9341.pdf\">R\u00e8glement grand-ducal<\/a><\/li>\n<li><a href=\"https:\/\/agriculture.public.lu\/de\/ernaehrung\/biologische-landwirtschaft.html\" target=\"_blank\" rel=\"noopener noreferrer\">Informations sur l\u2019agriculture biologique au Grand-Duch\u00e9 de Luxembourg<\/a> (en allemand)<\/li>\n<\/ul>\n<p>Retrouvez les formalit\u00e9s et d\u00e9marches pour lancer votre activit\u00e9 biologique au Grand-Duch\u00e9 de Luxembourg <a href=\"https:\/\/logistics.public.lu\/fr\/formalities-procedures\/type-goods\/food-feed\/organic-products.html\" target=\"_blank\" rel=\"noopener noreferrer\">ici.<\/a>[\/vc_column_text][\/vc_tta_section][\/vc_tta_accordion][\/vc_column][vc_column width=\u00a0\u00bb1\/4&Prime;][\/vc_column][\/vc_row][vc_row full_width=\u00a0\u00bbstretch_row_content_no_spaces\u00a0\u00bb css=\u00a0\u00bb.vc_custom_1619011192493{padding-top: 300px !important;background-image: url(https:\/\/www.certisys.eu\/wp-content\/uploads\/2021\/04\/2020-10-15-Certisys-0143.jpg?id=4255) !important;background-position: center !important;background-repeat: no-repeat !important;background-size: cover !important;}\u00a0\u00bb][vc_column][\/vc_column][\/vc_row]<\/p>\n<\/div>","protected":false},"excerpt":{"rendered":"<p>[vc_row content_placement=\u00a0\u00bbmiddle\u00a0\u00bb css=\u00a0\u00bb.vc_custom_1616059326651{padding-bottom: 20px !important;}\u00a0\u00bb][vc_column width=\u00a0\u00bb2\/3&Prime; offset=\u00a0\u00bbvc_col-lg-offset-3 vc_col-lg-6&Prime;][vc_column_text] Le march\u00e9 BIO de l\u2019Union europ\u00e9enne est prot\u00e9g\u00e9 par des R\u00e8glements europ\u00e9ens. Il existe en compl\u00e9ment des mesures d\u2019application au niveau r\u00e9gional belge. Il existe aussi des cahiers des charges nationaux et priv\u00e9s qui couvrent des domaines non couverts par la R\u00e9glementation europ\u00e9enne. [\/vc_column_text][\/vc_column][\/vc_row][vc_row disable_element=\u00a0\u00bbyes\u00a0\u00bb css=\u00a0\u00bb.vc_custom_1767700157185{margin-bottom: 30px [&hellip;]<\/p>\n","protected":false},"author":1,"featured_media":21318,"parent":0,"menu_order":5,"comment_status":"closed","ping_status":"closed","template":"","meta":{"_acf_changed":false,"footnotes":""},"class_list":["post-18","page","type-page","status-publish","has-post-thumbnail","hentry"],"acf":[],"yoast_head":"<!-- This site is optimized with the Yoast SEO plugin v27.4 - https:\/\/yoast.com\/product\/yoast-seo-wordpress\/ -->\n<title>Tout savoir sur les R\u00e8glements Europ\u00e9ens BIO<\/title>\n<meta name=\"description\" content=\"D\u00e9couvrez la r\u00e9glementation Bio europ\u00e9enne et nationale. Nos experts Certisys, ancr\u00e9s localement, vous accompagne tout au long de votre d\u00e9marche BIO.\" \/>\n<meta name=\"robots\" content=\"index, follow, max-snippet:-1, max-image-preview:large, max-video-preview:-1\" \/>\n<link rel=\"canonical\" href=\"https:\/\/www.certisys.eu\/fr\/reglementation-bio\/\" \/>\n<meta property=\"og:locale\" content=\"fr_FR\" \/>\n<meta property=\"og:type\" content=\"article\" \/>\n<meta property=\"og:title\" content=\"Tout savoir sur les R\u00e8glements Europ\u00e9ens BIO\" \/>\n<meta property=\"og:description\" content=\"D\u00e9couvrez la r\u00e9glementation Bio europ\u00e9enne et nationale. Nos experts Certisys, ancr\u00e9s localement, vous accompagne tout au long de votre d\u00e9marche BIO.\" \/>\n<meta property=\"og:url\" content=\"https:\/\/www.certisys.eu\/fr\/reglementation-bio\/\" \/>\n<meta property=\"og:site_name\" content=\"CERTISYS\" \/>\n<meta property=\"article:modified_time\" content=\"2026-04-17T07:46:25+00:00\" \/>\n<meta property=\"og:image\" content=\"https:\/\/www.certisys.eu\/wp-content\/uploads\/2023\/06\/be-bio-certisys.png\" \/>\n\t<meta property=\"og:image:width\" content=\"320\" \/>\n\t<meta property=\"og:image:height\" content=\"320\" \/>\n\t<meta property=\"og:image:type\" content=\"image\/png\" \/>\n<meta name=\"twitter:card\" content=\"summary_large_image\" \/>\n<meta name=\"twitter:label1\" content=\"Dur\u00e9e de lecture estim\u00e9e\" \/>\n\t<meta name=\"twitter:data1\" content=\"6 minutes\" \/>\n<!-- \/ Yoast SEO plugin. -->","yoast_head_json":{"title":"Tout savoir sur les R\u00e8glements Europ\u00e9ens BIO","description":"D\u00e9couvrez la r\u00e9glementation Bio europ\u00e9enne et nationale. Nos experts Certisys, ancr\u00e9s localement, vous accompagne tout au long de votre d\u00e9marche BIO.","robots":{"index":"index","follow":"follow","max-snippet":"max-snippet:-1","max-image-preview":"max-image-preview:large","max-video-preview":"max-video-preview:-1"},"canonical":"https:\/\/www.certisys.eu\/fr\/reglementation-bio\/","og_locale":"fr_FR","og_type":"article","og_title":"Tout savoir sur les R\u00e8glements Europ\u00e9ens BIO","og_description":"D\u00e9couvrez la r\u00e9glementation Bio europ\u00e9enne et nationale. Nos experts Certisys, ancr\u00e9s localement, vous accompagne tout au long de votre d\u00e9marche BIO.","og_url":"https:\/\/www.certisys.eu\/fr\/reglementation-bio\/","og_site_name":"CERTISYS","article_modified_time":"2026-04-17T07:46:25+00:00","og_image":[{"width":320,"height":320,"url":"https:\/\/www.certisys.eu\/wp-content\/uploads\/2023\/06\/be-bio-certisys.png","type":"image\/png"}],"twitter_card":"summary_large_image","twitter_misc":{"Dur\u00e9e de lecture estim\u00e9e":"6 minutes"},"schema":{"@context":"https:\/\/schema.org","@graph":[{"@type":"WebPage","@id":"https:\/\/www.certisys.eu\/fr\/reglementation-bio\/","url":"https:\/\/www.certisys.eu\/fr\/reglementation-bio\/","name":"Tout savoir sur les R\u00e8glements Europ\u00e9ens BIO","isPartOf":{"@id":"https:\/\/www.certisys.eu\/fr\/#website"},"primaryImageOfPage":{"@id":"https:\/\/www.certisys.eu\/fr\/reglementation-bio\/#primaryimage"},"image":{"@id":"https:\/\/www.certisys.eu\/fr\/reglementation-bio\/#primaryimage"},"thumbnailUrl":"https:\/\/www.certisys.eu\/wp-content\/uploads\/2023\/06\/be-bio-certisys.png","datePublished":"2020-10-12T08:22:59+00:00","dateModified":"2026-04-17T07:46:25+00:00","description":"D\u00e9couvrez la r\u00e9glementation Bio europ\u00e9enne et nationale. Nos experts Certisys, ancr\u00e9s localement, vous accompagne tout au long de votre d\u00e9marche BIO.","breadcrumb":{"@id":"https:\/\/www.certisys.eu\/fr\/reglementation-bio\/#breadcrumb"},"inLanguage":"fr-FR","potentialAction":[{"@type":"ReadAction","target":["https:\/\/www.certisys.eu\/fr\/reglementation-bio\/"]}]},{"@type":"ImageObject","inLanguage":"fr-FR","@id":"https:\/\/www.certisys.eu\/fr\/reglementation-bio\/#primaryimage","url":"https:\/\/www.certisys.eu\/wp-content\/uploads\/2023\/06\/be-bio-certisys.png","contentUrl":"https:\/\/www.certisys.eu\/wp-content\/uploads\/2023\/06\/be-bio-certisys.png","width":320,"height":320,"caption":"Logo BIO Europ\u00e9en"},{"@type":"BreadcrumbList","@id":"https:\/\/www.certisys.eu\/fr\/reglementation-bio\/#breadcrumb","itemListElement":[{"@type":"ListItem","position":1,"name":"Home","item":"https:\/\/www.certisys.eu\/fr\/"},{"@type":"ListItem","position":2,"name":"R\u00e8glementation"}]},{"@type":"WebSite","@id":"https:\/\/www.certisys.eu\/fr\/#website","url":"https:\/\/www.certisys.eu\/fr\/","name":"CERTISYS","description":"Bio Certification","potentialAction":[{"@type":"SearchAction","target":{"@type":"EntryPoint","urlTemplate":"https:\/\/www.certisys.eu\/fr\/?s={search_term_string}"},"query-input":{"@type":"PropertyValueSpecification","valueRequired":true,"valueName":"search_term_string"}}],"inLanguage":"fr-FR"}]}},"_links":{"self":[{"href":"https:\/\/www.certisys.eu\/fr\/wp-json\/wp\/v2\/pages\/18","targetHints":{"allow":["GET"]}}],"collection":[{"href":"https:\/\/www.certisys.eu\/fr\/wp-json\/wp\/v2\/pages"}],"about":[{"href":"https:\/\/www.certisys.eu\/fr\/wp-json\/wp\/v2\/types\/page"}],"author":[{"embeddable":true,"href":"https:\/\/www.certisys.eu\/fr\/wp-json\/wp\/v2\/users\/1"}],"replies":[{"embeddable":true,"href":"https:\/\/www.certisys.eu\/fr\/wp-json\/wp\/v2\/comments?post=18"}],"version-history":[{"count":95,"href":"https:\/\/www.certisys.eu\/fr\/wp-json\/wp\/v2\/pages\/18\/revisions"}],"predecessor-version":[{"id":77623,"href":"https:\/\/www.certisys.eu\/fr\/wp-json\/wp\/v2\/pages\/18\/revisions\/77623"}],"wp:featuredmedia":[{"embeddable":true,"href":"https:\/\/www.certisys.eu\/fr\/wp-json\/wp\/v2\/media\/21318"}],"wp:attachment":[{"href":"https:\/\/www.certisys.eu\/fr\/wp-json\/wp\/v2\/media?parent=18"}],"curies":[{"name":"wp","href":"https:\/\/api.w.org\/{rel}","templated":true}]}}