{"id":16895,"date":"2022-10-27T12:30:39","date_gmt":"2022-10-27T10:30:39","guid":{"rendered":"https:\/\/www.certisys.eu\/?page_id=16895"},"modified":"2023-05-17T15:28:22","modified_gmt":"2023-05-17T13:28:22","slug":"ecodetergents","status":"publish","type":"page","link":"https:\/\/www.certisys.eu\/fr\/labels-et-certifications\/ecoproduits\/ecodetergents\/","title":{"rendered":"Ecod\u00e9tergents"},"content":{"rendered":"<div class=\"wpb-content-wrapper\"><p>[vc_row content_placement=\u00a0\u00bbmiddle\u00a0\u00bb css=\u00a0\u00bb.vc_custom_1619094121978{padding-bottom: 60px !important;}\u00a0\u00bb][vc_column width=\u00a0\u00bb3\/5&Prime; offset=\u00a0\u00bbvc_col-lg-offset-2&Prime;][vc_column_text]<\/p>\n<h3 style=\"text-align: center;\">Vous d\u00e9sirez faire certifier vos produits d\u2019entretien pour la maison, parfums d\u2019ambiance ?<\/h3>\n<h3 style=\"text-align: center;\">CERTISYS\u00ae vous propose deux certifications : Ecogarantie\u00ae et Ecocert Ecod\u00e9tergent.<\/h3>\n<p>[\/vc_column_text][\/vc_column][\/vc_row][vc_row content_placement=\u00a0\u00bbmiddle\u00a0\u00bb css=\u00a0\u00bb.vc_custom_1619094121978{padding-bottom: 60px !important;}\u00a0\u00bb][vc_column width=\u00a0\u00bb1\/3&Prime; offset=\u00a0\u00bbvc_col-lg-offset-2&Prime;][vc_single_image image=\u00a0\u00bb16845&Prime; img_size=\u00a0\u00bb180&#215;180&Prime; alignment=\u00a0\u00bbcenter\u00a0\u00bb css_animation=\u00a0\u00bbfadeInDown\u00a0\u00bb][\/vc_column][vc_column width=\u00a0\u00bb1\/2&Prime; offset=\u00a0\u00bbvc_col-lg-4&Prime;][vc_column_text]<\/p>\n<h2>Ecocert Ecod\u00e9tergent<\/h2>\n<p>Cette certification permet la commercialisation de vos\u00a0<strong>produits d\u2019entretien d\u2019origine naturelle ou biologique<\/strong>\u00a0dans le\u00a0<strong>monde entier.<\/strong><\/p>\n<p><strong><em>Que garantit ce label\u00a0?<\/em><\/strong><\/p>\n<ul>\n<li>Des proc\u00e9d\u00e9s de production et de transformation respectueux de l\u2019environnement<\/li>\n<li>La promotion de l\u2019utilisation d\u2019ingr\u00e9dients d\u2019origine naturelle ou biologique<\/li>\n<li>Une gestion responsable des ressources naturelles<\/li>\n<li>L\u2019interdiction de la plupart des ingr\u00e9dients p\u00e9trochimiques<\/li>\n<\/ul>\n<p>[\/vc_column_text]<div class=\"d-flex justify-content-center \"><a class=\"psh_button btn-90088264\" href=\"https:\/\/www.certisys.eu\/demander-un-devis\/\" alt=\"Demander un devis\" target=\"_blank\">Demandez un devis en 5 minutes<\/a><\/div>\n        <style>.psh_button.btn-90088264{\n          font-size: 18px;\n          text-transform: none;\n          padding: 10px 20px 10px 20px;\n          border-radius: 80px;\n          border-width: 0px;\n          background-color: #e30613;\n          border-color: ;\n          border-style: solid;\n          color: #ffffff;\n          display: inline-block;\n          \n          transition: all .3s ease-in-out;\n        }\n        .psh_button.btn-90088264:hover{\n          background-color: #f18970;\n          border-color: ;\n          color: #ffffff;\n          transition: all .3s ease-in-out;\n        }<\/style>[\/vc_column][\/vc_row][vc_row content_placement=\u00a0\u00bbmiddle\u00a0\u00bb css=\u00a0\u00bb.vc_custom_1605630337493{padding-bottom: 30px !important;}\u00a0\u00bb][vc_column width=\u00a0\u00bb1\/2&Prime; offset=\u00a0\u00bbvc_col-lg-offset-2 vc_col-lg-4&Prime;][vc_column_text]<\/p>\n<h2>Ecogarantie\u00ae<\/h2>\n<p><span class=\"TextRun Highlight SCXW166308573 BCX2\" lang=\"FR-BE\" xml:lang=\"FR-BE\" data-contrast=\"auto\"><span class=\"NormalTextRun SCXW166308573 BCX2\" data-ccp-parastyle=\"Normal Titre 2\" data-ccp-parastyle-defn=\"{&quot;ObjectId&quot;:&quot;00000000-0000-0000-0000-000000000000|0&quot;,&quot;ClassId&quot;:1073872969,&quot;Properties&quot;:[469775450,&quot;Normal Titre 2&quot;,201340122,&quot;2&quot;,134234082,&quot;true&quot;,134233614,&quot;true&quot;,469778129,&quot;NormalTitre2&quot;,335572020,&quot;1&quot;,201342447,&quot;1&quot;,201342448,&quot;1&quot;,469777842,&quot;Calibri&quot;,469777843,&quot;Calibri&quot;,201341986,&quot;1&quot;,268442635,&quot;20&quot;,335559705,&quot;1033&quot;,335559685,&quot;425&quot;,335559739,&quot;120&quot;,469778325,&quot;[\\&quot;heading 3\\&quot;]&quot;,469777929,&quot;Normal Titre 2 Car&quot;,469778324,&quot;Normal&quot;,469777841,&quot;Gill Sans Nova&quot;,469769226,&quot;Gill Sans Nova,Arial,\u6e38\u660e\u671d&quot;,469777844,&quot;Gill Sans Nova&quot;,201341983,&quot;0&quot;,335559738,&quot;120&quot;,335559740,&quot;240&quot;,335551550,&quot;6&quot;,335551620,&quot;6&quot;]}\" data-ccp-parastyle-linked-defn=\"{&quot;ObjectId&quot;:&quot;00000000-0000-0000-0000-000000000000|0&quot;,&quot;ClassId&quot;:1073872969,&quot;Properties&quot;:[469775450,&quot;Normal Titre 2 Car&quot;,201340122,&quot;1&quot;,134233614,&quot;true&quot;,469778129,&quot;NormalTitre2Car&quot;,335572020,&quot;1&quot;,134231262,&quot;true&quot;,201342447,&quot;1&quot;,469777841,&quot;Gill Sans Nova&quot;,469777842,&quot;Calibri&quot;,469777844,&quot;Gill Sans Nova&quot;,469769226,&quot;Gill Sans Nova,Calibri&quot;,268442635,&quot;20&quot;,469777929,&quot;Normal Titre 2&quot;,469778324,&quot;Default Paragraph Font&quot;,469778325,&quot;[\\&quot;Normal Titre 3 Car\\&quot;]&quot;]}\">Depuis de nombreuses ann\u00e9es, <\/span><span class=\"NormalTextRun SCXW166308573 BCX2\" data-ccp-parastyle=\"Normal Titre 2\">Certisys<\/span><\/span>\u00ae<span class=\"TextRun Highlight SCXW166308573 BCX2\" lang=\"FR-BE\" xml:lang=\"FR-BE\" data-contrast=\"auto\"><span class=\"NormalTextRun SCXW166308573 BCX2\" data-ccp-parastyle=\"Normal Titre 2\"> vous permet d\u2019obtenir le label <\/span><\/span><strong>Ecogarantie\u00ae<\/strong><\/p>\n<p>Il s\u2019agit d\u2019une norme priv\u00e9e qui a \u00e9t\u00e9 d\u00e9velopp\u00e9e pour la certification de cosm\u00e9tiques, articles de nettoyage, sprays, vaporisateurs, parfums, etc.<\/p>\n<p><strong><em>Que garantit ce label\u00a0?<\/em><\/strong><\/p>\n<ul>\n<li>Des ingr\u00e9dients d\u2019origine v\u00e9g\u00e9tale (huiles essentielles, aloe vera, etc.)100% BIO.<\/li>\n<li>Pas d\u2019OGM<\/li>\n<li>Des produits fabriqu\u00e9s \u00e0 base d\u2019un maximum d\u2019ingr\u00e9dients biod\u00e9gradables<\/li>\n<li>\u00ab\u00a0L\u2019interdiction de la plupart des ingr\u00e9dients p\u00e9trochimiques\u00a0\u00bb<\/li>\n<\/ul>\n<p>Pour plus d\u2019informations sur le label <strong>Ecogarantie\u00ae, <\/strong>consultez le <a href=\"https:\/\/ecogarantie.eu\/fr\/\" target=\"_blank\" rel=\"noopener\">site web<\/a>.<\/p>\n<p>Pour plus d\u2019informations sur comment faire certifier vos produits Ecogarantie\u00ae<strong>, <\/strong><a href=\"https:\/\/www.certisys.eu\/mon-activite\/cosmetiques-et-nettoyage\/\" target=\"_blank\" rel=\"noopener\">cliquez ici<\/a>[\/vc_column_text][\/vc_column][vc_column width=\u00a0\u00bb1\/3&Prime;][vc_single_image image=\u00a0\u00bb16857&Prime; img_size=\u00a0\u00bb180&#215;180&Prime; alignment=\u00a0\u00bbcenter\u00a0\u00bb css_animation=\u00a0\u00bbfadeInDown\u00a0\u00bb][\/vc_column][\/vc_row][vc_row css=\u00a0\u00bb.vc_custom_1605630039270{padding-bottom: 150px !important;background-image: url(https:\/\/www.certisys.eu\/wp-content\/uploads\/2020\/10\/bg-3-1.png?id=892) !important;}\u00a0\u00bb el_class=\u00a0\u00bbcustom-lastrow\u00a0\u00bb][vc_column css=\u00a0\u00bb.vc_custom_1616056778505{padding-top: 0px !important;}\u00a0\u00bb offset=\u00a0\u00bbvc_col-lg-offset-2 vc_col-lg-8 vc_col-md-offset-1 vc_col-md-10&Prime;][vc_column_text]<\/p>\n<h2 style=\"text-align: center;\">Besoin de plus amples informations ?<\/h2>\n<p style=\"text-align: center;\">Notre \u00e9quipe est l\u00e0 pour vous aider.<\/p>\n<p>[\/vc_column_text]<div class=\"d-flex justify-content-center \"><a class=\"psh_button btn-36066480\" href=\"https:\/\/www.certisys.eu\/contact\/\" alt=\"Contact\" target=\"\">Contactez-nous<\/a><\/div>\n        <style>.psh_button.btn-36066480{\n          font-size: 18px;\n          text-transform: none;\n          padding: 10px 20px 10px 20px;\n          border-radius: 80px;\n          border-width: 0px;\n          background-color: #e30613;\n          border-color: ;\n          border-style: solid;\n          color: #ffffff;\n          display: inline-block;\n          \n          transition: all .3s ease-in-out;\n        }\n        .psh_button.btn-36066480:hover{\n          background-color: #f18970;\n          border-color: ;\n          color: #ffffff;\n          transition: all .3s ease-in-out;\n        }<\/style>[\/vc_column][\/vc_row][vc_row][vc_column][\/vc_column][\/vc_row]<\/p>\n<\/div>","protected":false},"excerpt":{"rendered":"<p>[vc_row content_placement=\u00a0\u00bbmiddle\u00a0\u00bb css=\u00a0\u00bb.vc_custom_1619094121978{padding-bottom: 60px !important;}\u00a0\u00bb][vc_column width=\u00a0\u00bb3\/5&Prime; offset=\u00a0\u00bbvc_col-lg-offset-2&Prime;][vc_column_text] Vous d\u00e9sirez faire certifier vos produits d\u2019entretien pour la maison, parfums d\u2019ambiance ? CERTISYS\u00ae vous propose deux certifications : Ecogarantie\u00ae et Ecocert Ecod\u00e9tergent. [\/vc_column_text][\/vc_column][\/vc_row][vc_row content_placement=\u00a0\u00bbmiddle\u00a0\u00bb css=\u00a0\u00bb.vc_custom_1619094121978{padding-bottom: 60px !important;}\u00a0\u00bb][vc_column width=\u00a0\u00bb1\/3&Prime; offset=\u00a0\u00bbvc_col-lg-offset-2&Prime;][vc_single_image image=\u00a0\u00bb16845&Prime; img_size=\u00a0\u00bb180&#215;180&Prime; alignment=\u00a0\u00bbcenter\u00a0\u00bb css_animation=\u00a0\u00bbfadeInDown\u00a0\u00bb][\/vc_column][vc_column width=\u00a0\u00bb1\/2&Prime; offset=\u00a0\u00bbvc_col-lg-4&Prime;][vc_column_text] Ecocert Ecod\u00e9tergent Cette certification permet la commercialisation de vos\u00a0produits d\u2019entretien d\u2019origine naturelle [&hellip;]<\/p>\n","protected":false},"author":1,"featured_media":0,"parent":16839,"menu_order":0,"comment_status":"closed","ping_status":"closed","template":"","meta":{"_acf_changed":false,"footnotes":""},"class_list":["post-16895","page","type-page","status-publish","hentry"],"acf":[],"yoast_head":"<!-- This site is optimized with the Yoast SEO plugin v26.6 - https:\/\/yoast.com\/wordpress\/plugins\/seo\/ -->\n<title>Ecod\u00e9tergents - CERTISYS<\/title>\n<meta name=\"robots\" content=\"index, follow, max-snippet:-1, max-image-preview:large, max-video-preview:-1\" \/>\n<link rel=\"canonical\" href=\"https:\/\/www.certisys.eu\/fr\/labels-et-certifications\/ecoproduits\/ecodetergents\/\" \/>\n<meta property=\"og:locale\" content=\"fr_FR\" \/>\n<meta property=\"og:type\" content=\"article\" \/>\n<meta property=\"og:title\" content=\"Ecod\u00e9tergents - CERTISYS\" \/>\n<meta property=\"og:description\" content=\"[vc_row content_placement=\u00a0\u00bbmiddle\u00a0\u00bb css=\u00a0\u00bb.vc_custom_1619094121978{padding-bottom: 60px !important;}\u00a0\u00bb][vc_column width=\u00a0\u00bb3\/5&Prime; offset=\u00a0\u00bbvc_col-lg-offset-2&Prime;][vc_column_text] Vous d\u00e9sirez faire certifier vos produits d\u2019entretien pour la maison, parfums d\u2019ambiance ? CERTISYS\u00ae vous propose deux certifications : Ecogarantie\u00ae et Ecocert Ecod\u00e9tergent. [\/vc_column_text][\/vc_column][\/vc_row][vc_row content_placement=\u00a0\u00bbmiddle\u00a0\u00bb css=\u00a0\u00bb.vc_custom_1619094121978{padding-bottom: 60px !important;}\u00a0\u00bb][vc_column width=\u00a0\u00bb1\/3&Prime; offset=\u00a0\u00bbvc_col-lg-offset-2&Prime;][vc_single_image image=\u00a0\u00bb16845&Prime; img_size=\u00a0\u00bb180&#215;180&Prime; alignment=\u00a0\u00bbcenter\u00a0\u00bb css_animation=\u00a0\u00bbfadeInDown\u00a0\u00bb][\/vc_column][vc_column width=\u00a0\u00bb1\/2&Prime; offset=\u00a0\u00bbvc_col-lg-4&Prime;][vc_column_text] Ecocert Ecod\u00e9tergent Cette certification permet la commercialisation de vos\u00a0produits d\u2019entretien d\u2019origine naturelle [&hellip;]\" \/>\n<meta property=\"og:url\" content=\"https:\/\/www.certisys.eu\/fr\/labels-et-certifications\/ecoproduits\/ecodetergents\/\" \/>\n<meta property=\"og:site_name\" content=\"CERTISYS\" \/>\n<meta property=\"article:modified_time\" content=\"2023-05-17T13:28:22+00:00\" \/>\n<meta name=\"twitter:card\" content=\"summary_large_image\" \/>\n<meta name=\"twitter:label1\" content=\"Dur\u00e9e de lecture estim\u00e9e\" \/>\n\t<meta name=\"twitter:data1\" content=\"1 minute\" \/>\n<!-- \/ Yoast SEO plugin. -->","yoast_head_json":{"title":"Ecod\u00e9tergents - CERTISYS","robots":{"index":"index","follow":"follow","max-snippet":"max-snippet:-1","max-image-preview":"max-image-preview:large","max-video-preview":"max-video-preview:-1"},"canonical":"https:\/\/www.certisys.eu\/fr\/labels-et-certifications\/ecoproduits\/ecodetergents\/","og_locale":"fr_FR","og_type":"article","og_title":"Ecod\u00e9tergents - CERTISYS","og_description":"[vc_row content_placement=\u00a0\u00bbmiddle\u00a0\u00bb css=\u00a0\u00bb.vc_custom_1619094121978{padding-bottom: 60px !important;}\u00a0\u00bb][vc_column width=\u00a0\u00bb3\/5&Prime; offset=\u00a0\u00bbvc_col-lg-offset-2&Prime;][vc_column_text] Vous d\u00e9sirez faire certifier vos produits d\u2019entretien pour la maison, parfums d\u2019ambiance ? CERTISYS\u00ae vous propose deux certifications : Ecogarantie\u00ae et Ecocert Ecod\u00e9tergent. [\/vc_column_text][\/vc_column][\/vc_row][vc_row content_placement=\u00a0\u00bbmiddle\u00a0\u00bb css=\u00a0\u00bb.vc_custom_1619094121978{padding-bottom: 60px !important;}\u00a0\u00bb][vc_column width=\u00a0\u00bb1\/3&Prime; offset=\u00a0\u00bbvc_col-lg-offset-2&Prime;][vc_single_image image=\u00a0\u00bb16845&Prime; img_size=\u00a0\u00bb180&#215;180&Prime; alignment=\u00a0\u00bbcenter\u00a0\u00bb css_animation=\u00a0\u00bbfadeInDown\u00a0\u00bb][\/vc_column][vc_column width=\u00a0\u00bb1\/2&Prime; offset=\u00a0\u00bbvc_col-lg-4&Prime;][vc_column_text] Ecocert Ecod\u00e9tergent Cette certification permet la commercialisation de vos\u00a0produits d\u2019entretien d\u2019origine naturelle [&hellip;]","og_url":"https:\/\/www.certisys.eu\/fr\/labels-et-certifications\/ecoproduits\/ecodetergents\/","og_site_name":"CERTISYS","article_modified_time":"2023-05-17T13:28:22+00:00","twitter_card":"summary_large_image","twitter_misc":{"Dur\u00e9e de lecture estim\u00e9e":"1 minute"},"schema":{"@context":"https:\/\/schema.org","@graph":[{"@type":"WebPage","@id":"https:\/\/www.certisys.eu\/fr\/labels-et-certifications\/ecoproduits\/ecodetergents\/","url":"https:\/\/www.certisys.eu\/fr\/labels-et-certifications\/ecoproduits\/ecodetergents\/","name":"Ecod\u00e9tergents - CERTISYS","isPartOf":{"@id":"https:\/\/www.certisys.eu\/fr\/#website"},"datePublished":"2022-10-27T10:30:39+00:00","dateModified":"2023-05-17T13:28:22+00:00","breadcrumb":{"@id":"https:\/\/www.certisys.eu\/fr\/labels-et-certifications\/ecoproduits\/ecodetergents\/#breadcrumb"},"inLanguage":"fr-FR","potentialAction":[{"@type":"ReadAction","target":["https:\/\/www.certisys.eu\/fr\/labels-et-certifications\/ecoproduits\/ecodetergents\/"]}]},{"@type":"BreadcrumbList","@id":"https:\/\/www.certisys.eu\/fr\/labels-et-certifications\/ecoproduits\/ecodetergents\/#breadcrumb","itemListElement":[{"@type":"ListItem","position":1,"name":"Home","item":"https:\/\/www.certisys.eu\/fr\/"},{"@type":"ListItem","position":2,"name":"Labels et Certifications","item":"https:\/\/www.certisys.eu\/fr\/labels-et-certifications\/"},{"@type":"ListItem","position":3,"name":"Ecoproduits","item":"https:\/\/www.certisys.eu\/fr\/labels-et-certifications\/ecoproduits\/"},{"@type":"ListItem","position":4,"name":"Ecod\u00e9tergents"}]},{"@type":"WebSite","@id":"https:\/\/www.certisys.eu\/fr\/#website","url":"https:\/\/www.certisys.eu\/fr\/","name":"CERTISYS","description":"Bio Certification","potentialAction":[{"@type":"SearchAction","target":{"@type":"EntryPoint","urlTemplate":"https:\/\/www.certisys.eu\/fr\/?s={search_term_string}"},"query-input":{"@type":"PropertyValueSpecification","valueRequired":true,"valueName":"search_term_string"}}],"inLanguage":"fr-FR"}]}},"jetpack_sharing_enabled":true,"_links":{"self":[{"href":"https:\/\/www.certisys.eu\/fr\/wp-json\/wp\/v2\/pages\/16895","targetHints":{"allow":["GET"]}}],"collection":[{"href":"https:\/\/www.certisys.eu\/fr\/wp-json\/wp\/v2\/pages"}],"about":[{"href":"https:\/\/www.certisys.eu\/fr\/wp-json\/wp\/v2\/types\/page"}],"author":[{"embeddable":true,"href":"https:\/\/www.certisys.eu\/fr\/wp-json\/wp\/v2\/users\/1"}],"replies":[{"embeddable":true,"href":"https:\/\/www.certisys.eu\/fr\/wp-json\/wp\/v2\/comments?post=16895"}],"version-history":[{"count":5,"href":"https:\/\/www.certisys.eu\/fr\/wp-json\/wp\/v2\/pages\/16895\/revisions"}],"predecessor-version":[{"id":20881,"href":"https:\/\/www.certisys.eu\/fr\/wp-json\/wp\/v2\/pages\/16895\/revisions\/20881"}],"up":[{"embeddable":true,"href":"https:\/\/www.certisys.eu\/fr\/wp-json\/wp\/v2\/pages\/16839"}],"wp:attachment":[{"href":"https:\/\/www.certisys.eu\/fr\/wp-json\/wp\/v2\/media?parent=16895"}],"curies":[{"name":"wp","href":"https:\/\/api.w.org\/{rel}","templated":true}]}}