{"id":16839,"date":"2022-10-25T11:49:48","date_gmt":"2022-10-25T09:49:48","guid":{"rendered":"https:\/\/www.certisys.eu\/?page_id=16839"},"modified":"2025-11-20T14:00:30","modified_gmt":"2025-11-20T12:00:30","slug":"ecoproduits","status":"publish","type":"page","link":"https:\/\/www.certisys.eu\/fr\/labels-et-certifications\/ecoproduits\/","title":{"rendered":"Ecoproduits"},"content":{"rendered":"<div class=\"wpb-content-wrapper\"><p>[vc_row content_placement=\u00a0\u00bbmiddle\u00a0\u00bb css=\u00a0\u00bb.vc_custom_1605630337493{padding-bottom: 30px !important;}\u00a0\u00bb][vc_column width=\u00a0\u00bb1\/2&Prime; offset=\u00a0\u00bbvc_col-lg-offset-2 vc_col-lg-4&Prime;][vc_column_text]<\/p>\n<div class=\"wpb_text_column wpb_content_element \">\n<div class=\"wpb_wrapper\">\n<p>La certification de cosm\u00e9tiques, d\u00e9tergents et intrants ne rentre pas dans le champ d\u2019application de la R\u00e8glementation BIO europ\u00e9enne.<\/p>\n<p>Il existe cependant plusieurs labels vous permettant de valoriser leur composition respectueuse de la sant\u00e9 et de l\u2019environnement, et de mettre votre d\u00e9marche durable en avant.<\/p>\n<p>CERTISYS, filiale Benelux du <a href=\"https:\/\/www.ecocert.com\/fr\/home\">Groupe ECOCERT<\/a>, leader mondial en agriculture et cosm\u00e9tique biologique et durable, vous propose ces diff\u00e9rentes certifications.<\/div>\n<\/div>\n<p>[\/vc_column_text][\/vc_column][vc_column width=\u00a0\u00bb1\/3&Prime;][vc_single_image image=\u00a0\u00bb3232&Prime; img_size=\u00a0\u00bb400&#215;400&Prime; alignment=\u00a0\u00bbcenter\u00a0\u00bb style=\u00a0\u00bbvc_box_circle_2&Prime; css_animation=\u00a0\u00bbfadeInDown\u00a0\u00bb][\/vc_column][\/vc_row][vc_row full_width=\u00a0\u00bbstretch_row\u00a0\u00bb css=\u00a0\u00bb.vc_custom_1620370151972{padding-top: 50px !important;padding-bottom: 50px !important;}\u00a0\u00bb][vc_column offset=\u00a0\u00bbvc_col-lg-offset-2 vc_col-lg-8 vc_col-md-offset-1 vc_col-md-10&Prime;][vc_column_text]<\/p>\n<h2 style=\"text-align: center;\">Nos labels et certifications<\/h2>\n<p>[\/vc_column_text]<div class=\"d-flex justify-content-center vc_custom_1763639683143\"><a class=\"psh_button btn-87581024\" href=\"https:\/\/www.certisys.eu\/fr\/labels-et-certifications\/ecoproduits\/cosmetiques-bio-et-naturelles\/\" alt=\"Cosm\u00e9tiques\" target=\"\">Cosm\u00e9tiques<\/a><\/div>\n        <style>.psh_button.btn-87581024{\n          font-size: 18px;\n          text-transform: none;\n          padding: 10px 20px 10px 20px;\n          border-radius: 80px;\n          border-width: 0px;\n          background-color: #e30613;\n          border-color: ;\n          border-style: solid;\n          color: #ffffff;\n          display: inline-block;\n          width:300px;\n          transition: all .3s ease-in-out;\n        }\n        .psh_button.btn-87581024:hover{\n          background-color: #f18970;\n          border-color: ;\n          color: #ffffff;\n          transition: all .3s ease-in-out;\n        }.vc_custom_1763639683143{margin-bottom: 35px !important;}<\/style><div class=\"d-flex justify-content-center vc_custom_1669799026334\"><a class=\"psh_button btn-56410723\" href=\"https:\/\/www.certisys.eu\/labels-et-certifications\/ecoproduits\/ecodetergents\/\" alt=\"Ecod\u00e9tergents\" target=\"\">Ecod\u00e9tergents<\/a><\/div>\n        <style>.psh_button.btn-56410723{\n          font-size: 18px;\n          text-transform: none;\n          padding: 10px 20px 10px 20px;\n          border-radius: 80px;\n          border-width: 0px;\n          background-color: #e30613;\n          border-color: ;\n          border-style: solid;\n          color: #ffffff;\n          display: inline-block;\n          width:300px;\n          transition: all .3s ease-in-out;\n        }\n        .psh_button.btn-56410723:hover{\n          background-color: #f18970;\n          border-color: ;\n          color: #ffffff;\n          transition: all .3s ease-in-out;\n        }.vc_custom_1669799026334{margin-bottom: 35px !important;}<\/style>[\/vc_column][\/vc_row]<\/p>\n<\/div>","protected":false},"excerpt":{"rendered":"<p>[vc_row content_placement=\u00a0\u00bbmiddle\u00a0\u00bb css=\u00a0\u00bb.vc_custom_1605630337493{padding-bottom: 30px !important;}\u00a0\u00bb][vc_column width=\u00a0\u00bb1\/2&Prime; offset=\u00a0\u00bbvc_col-lg-offset-2 vc_col-lg-4&Prime;][vc_column_text] La certification de cosm\u00e9tiques, d\u00e9tergents et intrants ne rentre pas dans le champ d\u2019application de la R\u00e8glementation BIO europ\u00e9enne. Il existe cependant plusieurs labels vous permettant de valoriser leur composition respectueuse de la sant\u00e9 et de l\u2019environnement, et de mettre votre d\u00e9marche durable en avant. CERTISYS, filiale [&hellip;]<\/p>\n","protected":false},"author":1,"featured_media":0,"parent":16804,"menu_order":0,"comment_status":"closed","ping_status":"closed","template":"","meta":{"_acf_changed":false,"footnotes":""},"class_list":["post-16839","page","type-page","status-publish","hentry"],"acf":[],"yoast_head":"<!-- This site is optimized with the Yoast SEO plugin v26.6 - https:\/\/yoast.com\/wordpress\/plugins\/seo\/ -->\n<title>Ecoproduits - CERTISYS<\/title>\n<meta name=\"robots\" content=\"index, follow, max-snippet:-1, max-image-preview:large, max-video-preview:-1\" \/>\n<link rel=\"canonical\" href=\"https:\/\/www.certisys.eu\/fr\/labels-et-certifications\/ecoproduits\/\" \/>\n<meta property=\"og:locale\" content=\"fr_FR\" \/>\n<meta property=\"og:type\" content=\"article\" \/>\n<meta property=\"og:title\" content=\"Ecoproduits - CERTISYS\" \/>\n<meta property=\"og:description\" content=\"[vc_row content_placement=\u00a0\u00bbmiddle\u00a0\u00bb css=\u00a0\u00bb.vc_custom_1605630337493{padding-bottom: 30px !important;}\u00a0\u00bb][vc_column width=\u00a0\u00bb1\/2&Prime; offset=\u00a0\u00bbvc_col-lg-offset-2 vc_col-lg-4&Prime;][vc_column_text] La certification de cosm\u00e9tiques, d\u00e9tergents et intrants ne rentre pas dans le champ d\u2019application de la R\u00e8glementation BIO europ\u00e9enne. Il existe cependant plusieurs labels vous permettant de valoriser leur composition respectueuse de la sant\u00e9 et de l\u2019environnement, et de mettre votre d\u00e9marche durable en avant. CERTISYS, filiale [&hellip;]\" \/>\n<meta property=\"og:url\" content=\"https:\/\/www.certisys.eu\/fr\/labels-et-certifications\/ecoproduits\/\" \/>\n<meta property=\"og:site_name\" content=\"CERTISYS\" \/>\n<meta property=\"article:modified_time\" content=\"2025-11-20T12:00:30+00:00\" \/>\n<meta name=\"twitter:card\" content=\"summary_large_image\" \/>\n<meta name=\"twitter:label1\" content=\"Dur\u00e9e de lecture estim\u00e9e\" \/>\n\t<meta name=\"twitter:data1\" content=\"1 minute\" \/>\n<!-- \/ Yoast SEO plugin. -->","yoast_head_json":{"title":"Ecoproduits - CERTISYS","robots":{"index":"index","follow":"follow","max-snippet":"max-snippet:-1","max-image-preview":"max-image-preview:large","max-video-preview":"max-video-preview:-1"},"canonical":"https:\/\/www.certisys.eu\/fr\/labels-et-certifications\/ecoproduits\/","og_locale":"fr_FR","og_type":"article","og_title":"Ecoproduits - CERTISYS","og_description":"[vc_row content_placement=\u00a0\u00bbmiddle\u00a0\u00bb css=\u00a0\u00bb.vc_custom_1605630337493{padding-bottom: 30px !important;}\u00a0\u00bb][vc_column width=\u00a0\u00bb1\/2&Prime; offset=\u00a0\u00bbvc_col-lg-offset-2 vc_col-lg-4&Prime;][vc_column_text] La certification de cosm\u00e9tiques, d\u00e9tergents et intrants ne rentre pas dans le champ d\u2019application de la R\u00e8glementation BIO europ\u00e9enne. Il existe cependant plusieurs labels vous permettant de valoriser leur composition respectueuse de la sant\u00e9 et de l\u2019environnement, et de mettre votre d\u00e9marche durable en avant. CERTISYS, filiale [&hellip;]","og_url":"https:\/\/www.certisys.eu\/fr\/labels-et-certifications\/ecoproduits\/","og_site_name":"CERTISYS","article_modified_time":"2025-11-20T12:00:30+00:00","twitter_card":"summary_large_image","twitter_misc":{"Dur\u00e9e de lecture estim\u00e9e":"1 minute"},"schema":{"@context":"https:\/\/schema.org","@graph":[{"@type":"WebPage","@id":"https:\/\/www.certisys.eu\/fr\/labels-et-certifications\/ecoproduits\/","url":"https:\/\/www.certisys.eu\/fr\/labels-et-certifications\/ecoproduits\/","name":"Ecoproduits - CERTISYS","isPartOf":{"@id":"https:\/\/www.certisys.eu\/fr\/#website"},"datePublished":"2022-10-25T09:49:48+00:00","dateModified":"2025-11-20T12:00:30+00:00","breadcrumb":{"@id":"https:\/\/www.certisys.eu\/fr\/labels-et-certifications\/ecoproduits\/#breadcrumb"},"inLanguage":"fr-FR","potentialAction":[{"@type":"ReadAction","target":["https:\/\/www.certisys.eu\/fr\/labels-et-certifications\/ecoproduits\/"]}]},{"@type":"BreadcrumbList","@id":"https:\/\/www.certisys.eu\/fr\/labels-et-certifications\/ecoproduits\/#breadcrumb","itemListElement":[{"@type":"ListItem","position":1,"name":"Home","item":"https:\/\/www.certisys.eu\/fr\/"},{"@type":"ListItem","position":2,"name":"Labels et Certifications","item":"https:\/\/www.certisys.eu\/fr\/labels-et-certifications\/"},{"@type":"ListItem","position":3,"name":"Ecoproduits"}]},{"@type":"WebSite","@id":"https:\/\/www.certisys.eu\/fr\/#website","url":"https:\/\/www.certisys.eu\/fr\/","name":"CERTISYS","description":"Bio Certification","potentialAction":[{"@type":"SearchAction","target":{"@type":"EntryPoint","urlTemplate":"https:\/\/www.certisys.eu\/fr\/?s={search_term_string}"},"query-input":{"@type":"PropertyValueSpecification","valueRequired":true,"valueName":"search_term_string"}}],"inLanguage":"fr-FR"}]}},"jetpack_sharing_enabled":true,"_links":{"self":[{"href":"https:\/\/www.certisys.eu\/fr\/wp-json\/wp\/v2\/pages\/16839","targetHints":{"allow":["GET"]}}],"collection":[{"href":"https:\/\/www.certisys.eu\/fr\/wp-json\/wp\/v2\/pages"}],"about":[{"href":"https:\/\/www.certisys.eu\/fr\/wp-json\/wp\/v2\/types\/page"}],"author":[{"embeddable":true,"href":"https:\/\/www.certisys.eu\/fr\/wp-json\/wp\/v2\/users\/1"}],"replies":[{"embeddable":true,"href":"https:\/\/www.certisys.eu\/fr\/wp-json\/wp\/v2\/comments?post=16839"}],"version-history":[{"count":18,"href":"https:\/\/www.certisys.eu\/fr\/wp-json\/wp\/v2\/pages\/16839\/revisions"}],"predecessor-version":[{"id":75041,"href":"https:\/\/www.certisys.eu\/fr\/wp-json\/wp\/v2\/pages\/16839\/revisions\/75041"}],"up":[{"embeddable":true,"href":"https:\/\/www.certisys.eu\/fr\/wp-json\/wp\/v2\/pages\/16804"}],"wp:attachment":[{"href":"https:\/\/www.certisys.eu\/fr\/wp-json\/wp\/v2\/media?parent=16839"}],"curies":[{"name":"wp","href":"https:\/\/api.w.org\/{rel}","templated":true}]}}