{"id":16833,"date":"2022-10-25T11:28:30","date_gmt":"2022-10-25T09:28:30","guid":{"rendered":"https:\/\/www.certisys.eu\/?page_id=16833"},"modified":"2026-02-10T12:45:47","modified_gmt":"2026-02-10T10:45:47","slug":"agriculture-biologique","status":"publish","type":"page","link":"https:\/\/www.certisys.eu\/fr\/labels-et-certifications\/agriculture-biologique\/","title":{"rendered":"Agriculture biologique"},"content":{"rendered":"<div class=\"wpb-content-wrapper\"><p>[vc_row content_placement=\u00a0\u00bbmiddle\u00a0\u00bb css=\u00a0\u00bb.vc_custom_1605630337493{padding-bottom: 30px !important;}\u00a0\u00bb][vc_column width=\u00a0\u00bb1\/2&Prime; offset=\u00a0\u00bbvc_col-lg-offset-2 vc_col-lg-4&Prime;][vc_column_text]L\u2019<strong>utilisation du terme \u00ab\u00a0BIO\u00a0\u00bb ou \u00ab\u00a0biologique\u00a0\u00bb<\/strong> pour les produits alimentaires est l\u00e9galement <strong>prot\u00e9g\u00e9e<\/strong> sur tout le territoire europ\u00e9en par un R\u00e8glement, le <a href=\"https:\/\/www.certisys.eu\/reglementation\/\">RE 2018\/848<\/a>.<\/p>\n<p>Si vous d\u00e9sirez <strong>commercialiser<\/strong> des produits alimentaires sous <strong>l\u2019appellation biologique<\/strong> vous devez obligatoirement vous soumettre au contr\u00f4le d\u2019un <strong>organisme agr\u00e9\u00e9<\/strong> pour le BIO, comme <strong>CERTISYS<\/strong>\u00ae.<\/p>\n<p>\u00c0 c\u00f4t\u00e9 du <strong>label BIO europ\u00e9en<\/strong>, il existe \u00e9galement des <strong>labels internationaux et priv\u00e9s<\/strong>, issus d\u2019initiatives priv\u00e9es ou publiques.<\/p>\n<p>Pour la plupart de ces labels, il vous faut, au pr\u00e9alable, \u00eatre certifi\u00e9 aux normes BIO europ\u00e9ennes pour pouvoir les obtenir.<\/p>\n<p>Ceux-ci peuvent venir s\u2019ajouter au label BIO europ\u00e9en et\/ou <strong>couvrir des domaines non r\u00e9glement\u00e9s par la R\u00e8glementation BIO europ\u00e9enne<\/strong> comme c\u2019est le cas, par exemple, du label Biogarantie\u00ae.[\/vc_column_text][\/vc_column][vc_column width=\u00a0\u00bb1\/3&Prime;][vc_single_image image=\u00a0\u00bb16933&Prime; img_size=\u00a0\u00bb400&#215;400&Prime; alignment=\u00a0\u00bbcenter\u00a0\u00bb style=\u00a0\u00bbvc_box_circle_2&Prime; css_animation=\u00a0\u00bbfadeInDown\u00a0\u00bb][vc_column_text]<\/p>\n<h3 style=\"text-align: center;\"><strong>Vous \u00eates producteur d&rsquo;intrants ?<\/strong><\/h3>\n<p>[\/vc_column_text]<div class=\"d-flex justify-content-center vc_custom_1666950950592\"><a class=\"psh_button btn-59097335\" href=\"https:\/\/www.certisys.eu\/mon-activite\/intrants-et-matieres-premieres\/\" alt=\"\" target=\"_blank\">Retrouvez ici toutes les informations li\u00e9es \u00e0 votre activit\u00e9<\/a><\/div>\n        <style>.psh_button.btn-59097335{\n          font-size: 18px;\n          text-transform: none;\n          padding: 10px 20px 10px 20px;\n          border-radius: 80px;\n          border-width: 0px;\n          background-color: #e30613;\n          border-color: ;\n          border-style: solid;\n          color: #ffffff;\n          display: inline-block;\n          \n          transition: all .3s ease-in-out;\n        }\n        .psh_button.btn-59097335:hover{\n          background-color: #f18970;\n          border-color: ;\n          color: #ffffff;\n          transition: all .3s ease-in-out;\n        }.vc_custom_1666950950592{margin-bottom: 50px !important;}<\/style>[\/vc_column][vc_column][\/vc_column][\/vc_row][vc_row content_placement=\u00a0\u00bbmiddle\u00a0\u00bb css=\u00a0\u00bb.vc_custom_1614101002332{padding-bottom: 30px !important;}\u00a0\u00bb el_id=\u00a0\u00bbmissions\u00a0\u00bb][vc_column width=\u00a0\u00bb1\/2&Prime;][vc_single_image image=\u00a0\u00bb3256&Prime; img_size=\u00a0\u00bb400&#215;400&Prime; alignment=\u00a0\u00bbcenter\u00a0\u00bb style=\u00a0\u00bbvc_box_circle_2&Prime; css_animation=\u00a0\u00bbfadeInDown\u00a0\u00bb css=\u00a0\u00bb.vc_custom_1618840158776{padding-left: 0px !important;}\u00a0\u00bb][\/vc_column][vc_column width=\u00a0\u00bb1\/2&Prime; offset=\u00a0\u00bbvc_col-lg-4&Prime;][vc_column_text]Certains de ces labels ont vu le jour bien avant la R\u00e8glementation europ\u00e9enne. Ils proposent des points de contr\u00f4les suppl\u00e9mentaires pour vos produits biologiques tels que la provenance belge d\u2019ingr\u00e9dients (Biogarantie\u00ae belge), le respect des conditions de travail (Naturland), le respect de pratiques agricoles biodynamiques (Demeter), etc.<\/p>\n<p>Ils peuvent vous permettre de <strong>promouvoir<\/strong> aupr\u00e8s de vos clients des <strong>caract\u00e9ristiques compl\u00e9mentaires<\/strong> de vos produits biologiques et d\u2019<strong>atteindre de nouveaux march\u00e9s<\/strong>.<\/p>\n<p><strong>\u00a0<\/strong>Nous pouvons vous mettre en relation ou vous orienter pour obtenir des certifications internationales officielles en dehors de l\u2019Europe comme le <strong>JAS <\/strong>au <strong>Japon<\/strong>, l\u2019agriculture biologique en <strong>Chine<\/strong>, en <strong>Cor\u00e9e du Sud<\/strong>, au <strong>Mexique<\/strong>, au <strong>Canada<\/strong>\u2026 Nous proposons \u00e9galement \u00e0 nos op\u00e9rateurs d\u00e9j\u00e0 certifi\u00e9s en Belgique en agriculture biologique chez CERTISYS\u00ae la certification NOP (USA).[\/vc_column_text][\/vc_column][\/vc_row][vc_row full_width=\u00a0\u00bbstretch_row\u00a0\u00bb css=\u00a0\u00bb.vc_custom_1620370151972{padding-top: 50px !important;padding-bottom: 50px !important;}\u00a0\u00bb][vc_column offset=\u00a0\u00bbvc_col-lg-offset-2 vc_col-lg-8 vc_col-md-offset-1 vc_col-md-10&Prime;][vc_column_text]<\/p>\n<h2 style=\"text-align: center;\">Nos labels et certifications BIO<\/h2>\n<p>[\/vc_column_text][vc_row_inner][vc_column_inner width=\u00a0\u00bb1\/3&Prime;]<div class=\"d-flex justify-content-center vc_custom_1669798231344\"><a class=\"psh_button btn-53753195\" href=\"https:\/\/www.certisys.eu\/labels-et-certifications\/label-bio-europeen\/\" alt=\"Label BIO europ\u00e9en\" target=\"\">Label BIO europ\u00e9en<\/a><\/div>\n        <style>.psh_button.btn-53753195{\n          font-size: 18px;\n          text-transform: none;\n          padding: 10px 20px 10px 20px;\n          border-radius: 80px;\n          border-width: 0px;\n          background-color: #e30613;\n          border-color: ;\n          border-style: solid;\n          color: #ffffff;\n          display: inline-block;\n          width:300px;\n          transition: all .3s ease-in-out;\n        }\n        .psh_button.btn-53753195:hover{\n          background-color: #f18970;\n          border-color: ;\n          color: #ffffff;\n          transition: all .3s ease-in-out;\n        }.vc_custom_1669798231344{margin-bottom: 35px !important;}<\/style>[\/vc_column_inner][vc_column_inner width=\u00a0\u00bb1\/3&Prime;]<div class=\"d-flex justify-content-center vc_custom_1669798254150\"><a class=\"psh_button btn-32838778\" href=\"https:\/\/www.certisys.eu\/labels-et-certifications\/labels-bio-internationaux\/\" alt=\"Labels BIO internationaux\" target=\"\">Labels BIO internationaux<\/a><\/div>\n        <style>.psh_button.btn-32838778{\n          font-size: 18px;\n          text-transform: none;\n          padding: 10px 20px 10px 20px;\n          border-radius: 80px;\n          border-width: 0px;\n          background-color: #e30613;\n          border-color: ;\n          border-style: solid;\n          color: #ffffff;\n          display: inline-block;\n          width:300px;\n          transition: all .3s ease-in-out;\n        }\n        .psh_button.btn-32838778:hover{\n          background-color: #f18970;\n          border-color: ;\n          color: #ffffff;\n          transition: all .3s ease-in-out;\n        }.vc_custom_1669798254150{margin-bottom: 35px !important;}<\/style>[\/vc_column_inner][vc_column_inner width=\u00a0\u00bb1\/3&Prime;]<div class=\"d-flex justify-content-center vc_custom_1669798270026\"><a class=\"psh_button btn-77462870\" href=\"https:\/\/www.certisys.eu\/labels-et-certifications\/labels-bio-prives\/\" alt=\"Labels BIO priv\u00e9s\" target=\"\">Labels BIO priv\u00e9s<\/a><\/div>\n        <style>.psh_button.btn-77462870{\n          font-size: 18px;\n          text-transform: none;\n          padding: 10px 20px 10px 20px;\n          border-radius: 80px;\n          border-width: 0px;\n          background-color: #e30613;\n          border-color: ;\n          border-style: solid;\n          color: #ffffff;\n          display: inline-block;\n          width:300px;\n          transition: all .3s ease-in-out;\n        }\n        .psh_button.btn-77462870:hover{\n          background-color: #f18970;\n          border-color: ;\n          color: #ffffff;\n          transition: all .3s ease-in-out;\n        }.vc_custom_1669798270026{margin-bottom: 35px !important;}<\/style>[\/vc_column_inner][\/vc_row_inner][\/vc_column][\/vc_row]<\/p>\n<\/div>","protected":false},"excerpt":{"rendered":"<p>[vc_row content_placement=\u00a0\u00bbmiddle\u00a0\u00bb css=\u00a0\u00bb.vc_custom_1605630337493{padding-bottom: 30px !important;}\u00a0\u00bb][vc_column width=\u00a0\u00bb1\/2&Prime; offset=\u00a0\u00bbvc_col-lg-offset-2 vc_col-lg-4&Prime;][vc_column_text]L\u2019utilisation du terme \u00ab\u00a0BIO\u00a0\u00bb ou \u00ab\u00a0biologique\u00a0\u00bb pour les produits alimentaires est l\u00e9galement prot\u00e9g\u00e9e sur tout le territoire europ\u00e9en par un R\u00e8glement, le RE 2018\/848. Si vous d\u00e9sirez commercialiser des produits alimentaires sous l\u2019appellation biologique vous devez obligatoirement vous soumettre au contr\u00f4le d\u2019un organisme agr\u00e9\u00e9 pour le BIO, comme [&hellip;]<\/p>\n","protected":false},"author":1,"featured_media":0,"parent":16804,"menu_order":0,"comment_status":"closed","ping_status":"closed","template":"","meta":{"_acf_changed":false,"footnotes":""},"class_list":["post-16833","page","type-page","status-publish","hentry"],"acf":[],"yoast_head":"<!-- This site is optimized with the Yoast SEO plugin v26.6 - https:\/\/yoast.com\/wordpress\/plugins\/seo\/ -->\n<title>Agriculture biologique - CERTISYS<\/title>\n<meta name=\"robots\" content=\"index, follow, max-snippet:-1, max-image-preview:large, max-video-preview:-1\" \/>\n<link rel=\"canonical\" href=\"https:\/\/www.certisys.eu\/fr\/labels-et-certifications\/agriculture-biologique\/\" \/>\n<meta property=\"og:locale\" content=\"fr_FR\" \/>\n<meta property=\"og:type\" content=\"article\" \/>\n<meta property=\"og:title\" content=\"Agriculture biologique - CERTISYS\" \/>\n<meta property=\"og:description\" content=\"[vc_row content_placement=\u00a0\u00bbmiddle\u00a0\u00bb css=\u00a0\u00bb.vc_custom_1605630337493{padding-bottom: 30px !important;}\u00a0\u00bb][vc_column width=\u00a0\u00bb1\/2&Prime; offset=\u00a0\u00bbvc_col-lg-offset-2 vc_col-lg-4&Prime;][vc_column_text]L\u2019utilisation du terme \u00ab\u00a0BIO\u00a0\u00bb ou \u00ab\u00a0biologique\u00a0\u00bb pour les produits alimentaires est l\u00e9galement prot\u00e9g\u00e9e sur tout le territoire europ\u00e9en par un R\u00e8glement, le RE 2018\/848. Si vous d\u00e9sirez commercialiser des produits alimentaires sous l\u2019appellation biologique vous devez obligatoirement vous soumettre au contr\u00f4le d\u2019un organisme agr\u00e9\u00e9 pour le BIO, comme [&hellip;]\" \/>\n<meta property=\"og:url\" content=\"https:\/\/www.certisys.eu\/fr\/labels-et-certifications\/agriculture-biologique\/\" \/>\n<meta property=\"og:site_name\" content=\"CERTISYS\" \/>\n<meta property=\"article:modified_time\" content=\"2026-02-10T10:45:47+00:00\" \/>\n<meta name=\"twitter:card\" content=\"summary_large_image\" \/>\n<meta name=\"twitter:label1\" content=\"Dur\u00e9e de lecture estim\u00e9e\" \/>\n\t<meta name=\"twitter:data1\" content=\"2 minutes\" \/>\n<!-- \/ Yoast SEO plugin. -->","yoast_head_json":{"title":"Agriculture biologique - CERTISYS","robots":{"index":"index","follow":"follow","max-snippet":"max-snippet:-1","max-image-preview":"max-image-preview:large","max-video-preview":"max-video-preview:-1"},"canonical":"https:\/\/www.certisys.eu\/fr\/labels-et-certifications\/agriculture-biologique\/","og_locale":"fr_FR","og_type":"article","og_title":"Agriculture biologique - CERTISYS","og_description":"[vc_row content_placement=\u00a0\u00bbmiddle\u00a0\u00bb css=\u00a0\u00bb.vc_custom_1605630337493{padding-bottom: 30px !important;}\u00a0\u00bb][vc_column width=\u00a0\u00bb1\/2&Prime; offset=\u00a0\u00bbvc_col-lg-offset-2 vc_col-lg-4&Prime;][vc_column_text]L\u2019utilisation du terme \u00ab\u00a0BIO\u00a0\u00bb ou \u00ab\u00a0biologique\u00a0\u00bb pour les produits alimentaires est l\u00e9galement prot\u00e9g\u00e9e sur tout le territoire europ\u00e9en par un R\u00e8glement, le RE 2018\/848. Si vous d\u00e9sirez commercialiser des produits alimentaires sous l\u2019appellation biologique vous devez obligatoirement vous soumettre au contr\u00f4le d\u2019un organisme agr\u00e9\u00e9 pour le BIO, comme [&hellip;]","og_url":"https:\/\/www.certisys.eu\/fr\/labels-et-certifications\/agriculture-biologique\/","og_site_name":"CERTISYS","article_modified_time":"2026-02-10T10:45:47+00:00","twitter_card":"summary_large_image","twitter_misc":{"Dur\u00e9e de lecture estim\u00e9e":"2 minutes"},"schema":{"@context":"https:\/\/schema.org","@graph":[{"@type":"WebPage","@id":"https:\/\/www.certisys.eu\/fr\/labels-et-certifications\/agriculture-biologique\/","url":"https:\/\/www.certisys.eu\/fr\/labels-et-certifications\/agriculture-biologique\/","name":"Agriculture biologique - CERTISYS","isPartOf":{"@id":"https:\/\/www.certisys.eu\/fr\/#website"},"datePublished":"2022-10-25T09:28:30+00:00","dateModified":"2026-02-10T10:45:47+00:00","breadcrumb":{"@id":"https:\/\/www.certisys.eu\/fr\/labels-et-certifications\/agriculture-biologique\/#breadcrumb"},"inLanguage":"fr-FR","potentialAction":[{"@type":"ReadAction","target":["https:\/\/www.certisys.eu\/fr\/labels-et-certifications\/agriculture-biologique\/"]}]},{"@type":"BreadcrumbList","@id":"https:\/\/www.certisys.eu\/fr\/labels-et-certifications\/agriculture-biologique\/#breadcrumb","itemListElement":[{"@type":"ListItem","position":1,"name":"Home","item":"https:\/\/www.certisys.eu\/fr\/"},{"@type":"ListItem","position":2,"name":"Labels et Certifications","item":"https:\/\/www.certisys.eu\/fr\/labels-et-certifications\/"},{"@type":"ListItem","position":3,"name":"Agriculture biologique"}]},{"@type":"WebSite","@id":"https:\/\/www.certisys.eu\/fr\/#website","url":"https:\/\/www.certisys.eu\/fr\/","name":"CERTISYS","description":"Bio Certification","potentialAction":[{"@type":"SearchAction","target":{"@type":"EntryPoint","urlTemplate":"https:\/\/www.certisys.eu\/fr\/?s={search_term_string}"},"query-input":{"@type":"PropertyValueSpecification","valueRequired":true,"valueName":"search_term_string"}}],"inLanguage":"fr-FR"}]}},"jetpack_sharing_enabled":true,"_links":{"self":[{"href":"https:\/\/www.certisys.eu\/fr\/wp-json\/wp\/v2\/pages\/16833","targetHints":{"allow":["GET"]}}],"collection":[{"href":"https:\/\/www.certisys.eu\/fr\/wp-json\/wp\/v2\/pages"}],"about":[{"href":"https:\/\/www.certisys.eu\/fr\/wp-json\/wp\/v2\/types\/page"}],"author":[{"embeddable":true,"href":"https:\/\/www.certisys.eu\/fr\/wp-json\/wp\/v2\/users\/1"}],"replies":[{"embeddable":true,"href":"https:\/\/www.certisys.eu\/fr\/wp-json\/wp\/v2\/comments?post=16833"}],"version-history":[{"count":15,"href":"https:\/\/www.certisys.eu\/fr\/wp-json\/wp\/v2\/pages\/16833\/revisions"}],"predecessor-version":[{"id":18148,"href":"https:\/\/www.certisys.eu\/fr\/wp-json\/wp\/v2\/pages\/16833\/revisions\/18148"}],"up":[{"embeddable":true,"href":"https:\/\/www.certisys.eu\/fr\/wp-json\/wp\/v2\/pages\/16804"}],"wp:attachment":[{"href":"https:\/\/www.certisys.eu\/fr\/wp-json\/wp\/v2\/media?parent=16833"}],"curies":[{"name":"wp","href":"https:\/\/api.w.org\/{rel}","templated":true}]}}