{"id":16804,"date":"2022-10-25T11:14:29","date_gmt":"2022-10-25T09:14:29","guid":{"rendered":"https:\/\/www.certisys.eu\/?page_id=16804"},"modified":"2026-02-10T12:49:52","modified_gmt":"2026-02-10T10:49:52","slug":"labels-et-certifications","status":"publish","type":"page","link":"https:\/\/www.certisys.eu\/fr\/labels-et-certifications\/","title":{"rendered":"Labels et Certifications"},"content":{"rendered":"<div class=\"wpb-content-wrapper\"><p>[vc_row full_width=\u00a0\u00bbstretch_row\u00a0\u00bb css=\u00a0\u00bb.vc_custom_1614242522066{padding-top: 50px !important;padding-bottom: 50px !important;background-color: #f0f3f1 !important;}\u00a0\u00bb][vc_column width=\u00a0\u00bb1\/6&Prime;][\/vc_column][vc_column width=\u00a0\u00bb2\/3&Prime;][vc_column_text css=\u00a0\u00bb\u00a0\u00bb]<\/p>\n<h2 style=\"text-align: center;\">Vous voulez vous inscrire dans<br \/>\nune d\u00e9marche durable ?<\/h2>\n<p>[\/vc_column_text][vc_column_text css=\u00a0\u00bb\u00a0\u00bb]<\/p>\n<p style=\"text-align: center;\">Chez CERTISYS\u00ae, filiale Benelux du <a href=\"https:\/\/www.ecocert.com\/fr\/home\">Groupe ECOCERT<\/a>, nous sommes experts dans la certification biologique et durable.<\/p>\n<p style=\"text-align: center;\">Forts de cette expertise, nous vous accompagnons dans vos <strong>initiatives durables <\/strong>que vous soyez agriculteur, pr\u00e9parateur, distributeur&#8230; en vous proposant des certifications adapt\u00e9es \u00e0 vos besoins garantissant et valorisant les meilleures pratiques sociales et environnementales.<\/p>\n<p>[\/vc_column_text]<div class=\"d-flex justify-content-center vc_custom_1666687765951\"><a class=\"psh_button btn-40286219\" href=\"https:\/\/www.certisys.eu\/contact\/\" alt=\"Contact\" target=\"\">Contactez-nous<\/a><\/div>\n        <style>.psh_button.btn-40286219{\n          font-size: 18px;\n          text-transform: none;\n          padding: 10px 20px 10px 20px;\n          border-radius: 80px;\n          border-width: 0px;\n          background-color: #e30613;\n          border-color: ;\n          border-style: solid;\n          color: #ffffff;\n          display: inline-block;\n          \n          transition: all .3s ease-in-out;\n        }\n        .psh_button.btn-40286219:hover{\n          background-color: #f18970;\n          border-color: ;\n          color: #ffffff;\n          transition: all .3s ease-in-out;\n        }.vc_custom_1666687765951{margin-bottom: 15px !important;}<\/style>[\/vc_column][vc_column width=\u00a0\u00bb1\/6&Prime;][\/vc_column][\/vc_row][vc_row full_width=\u00a0\u00bbstretch_row\u00a0\u00bb css=\u00a0\u00bb.vc_custom_1614242503876{padding-top: 50px !important;padding-bottom: 50px !important;background-color: #325338 !important;}\u00a0\u00bb][vc_column][vc_column_text el_class=\u00a0\u00bbcustom-white\u00a0\u00bb]<\/p>\n<h2 style=\"text-align: center;\">CERTISYS\u00ae, un large choix de certifications durables et \u00e9quitables<\/h2>\n<p>[\/vc_column_text][vc_row_inner equal_height=\u00a0\u00bbyes\u00a0\u00bb gap=\u00a0\u00bb20&Prime; el_class=\u00a0\u00bbcustom-certifs-btn\u00a0\u00bb][vc_column_inner width=\u00a0\u00bb1\/4&Prime; css=\u00a0\u00bb.vc_custom_1715152957492{margin-top: 60px !important;padding-right: 30px !important;padding-bottom: 30px !important;padding-left: 30px !important;background-color: #ffffff !important;border-radius: 15px !important;}\u00a0\u00bb]<div class=\"d-flex justify-content-center vc_custom_1666874965981\"><a class=\"psh_button btn-66671074\" href=\"https:\/\/www.certisys.eu\/labels-et-certifications\/agriculture-biologique\/\" alt=\"Agriculture biologique\" target=\"\">Agriculture biologique<\/a><\/div>\n        <style>.psh_button.btn-66671074{\n          font-size: 18px;\n          text-transform: uppercase;\n          padding: 15px 20px 15px 20px;\n          border-radius: 80px;\n          border-width: 0px;\n          background-color: #75af2a;\n          border-color: ;\n          border-style: solid;\n          color: #ffffff;\n          display: inline-block;\n          \n          transition: all .3s ease-in-out;\n        }\n        .psh_button.btn-66671074:hover{\n          background-color: #e2001a;\n          border-color: ;\n          color: #ffffff;\n          transition: all .3s ease-in-out;\n        }.vc_custom_1666874965981{margin-top: -80px !important;}<\/style>[vc_single_image image=\u00a0\u00bb32893&Prime; img_size=\u00a0\u00bb260&#215;340&Prime; alignment=\u00a0\u00bbcenter\u00a0\u00bb css=\u00a0\u00bb.vc_custom_1715152578749{margin-top: 35px !important;margin-bottom: 0px !important;}\u00a0\u00bb][\/vc_column_inner][vc_column_inner width=\u00a0\u00bb1\/4&Prime; css=\u00a0\u00bb.vc_custom_1666687952936{margin-top: 60px !important;padding-right: 30px !important;padding-bottom: 30px !important;padding-left: 30px !important;background-color: #ffffff !important;border-radius: 15px !important;}\u00a0\u00bb]<div class=\"d-flex justify-content-center vc_custom_1717664174179\"><a class=\"psh_button btn-65899154\" href=\"https:\/\/www.certisys.eu\/labels-et-certifications\/ecoproduits\/\" alt=\"Ecoproduits\" target=\"\">Ecoproduits<\/a><\/div>\n        <style>.psh_button.btn-65899154{\n          font-size: 18px;\n          text-transform: uppercase;\n          padding: 15px 25px 15px 25px;\n          border-radius: 80px;\n          border-width: 0px;\n          background-color: #3dbead;\n          border-color: ;\n          border-style: solid;\n          color: #ffffff;\n          display: inline-block;\n          \n          transition: all .3s ease-in-out;\n        }\n        .psh_button.btn-65899154:hover{\n          background-color: #e2001a;\n          border-color: ;\n          color: #ffffff;\n          transition: all .3s ease-in-out;\n        }.vc_custom_1717664174179{margin-top: -80px !important;}<\/style>[vc_single_image image=\u00a0\u00bb38588&Prime; img_size=\u00a0\u00bb260&#215;340&Prime; alignment=\u00a0\u00bbcenter\u00a0\u00bb css=\u00a0\u00bb.vc_custom_1734334516387{margin-top: 35px !important;margin-bottom: 0px !important;}\u00a0\u00bb][\/vc_column_inner][vc_column_inner width=\u00a0\u00bb1\/4&Prime; css=\u00a0\u00bb.vc_custom_1741270219788{margin-top: 50px !important;padding-right: 30px !important;padding-bottom: 30px !important;padding-left: 30px !important;background-color: #ffffff !important;border-radius: 15px !important;}\u00a0\u00bb offset=\u00a0\u00bbvc_hidden-lg vc_hidden-md vc_hidden-sm vc_hidden-xs\u00a0\u00bb]<div class=\"d-flex justify-content-center vc_custom_1666875033292\"><a class=\"psh_button btn-08677105\" href=\"https:\/\/www.certisys.eu\/labels-et-certifications\/food-safety\/\" alt=\"Food Safety\" target=\"\">S\u00e9curit\u00e9 alimentaire<\/a><\/div>\n        <style>.psh_button.btn-08677105{\n          font-size: 18px;\n          text-transform: uppercase;\n          padding: 15px 20px 15px 20px;\n          border-radius: 80px;\n          border-width: 0px;\n          background-color: #d79a2b;\n          border-color: ;\n          border-style: solid;\n          color: #ffffff;\n          display: inline-block;\n          \n          transition: all .3s ease-in-out;\n        }\n        .psh_button.btn-08677105:hover{\n          background-color: #e2001a;\n          border-color: ;\n          color: #ffffff;\n          transition: all .3s ease-in-out;\n        }.vc_custom_1666875033292{margin-top: -80px !important;}<\/style>[vc_single_image image=\u00a0\u00bb33580&Prime; img_size=\u00a0\u00bb260&#215;340&Prime; alignment=\u00a0\u00bbcenter\u00a0\u00bb css=\u00a0\u00bb.vc_custom_1717665148308{margin-top: 35px !important;margin-bottom: 0px !important;}\u00a0\u00bb][\/vc_column_inner][vc_column_inner width=\u00a0\u00bb1\/4&Prime; css=\u00a0\u00bb.vc_custom_1666688795798{margin-top: 50px !important;padding-right: 30px !important;padding-bottom: 30px !important;padding-left: 30px !important;background-color: #ffffff !important;border-radius: 15px !important;}\u00a0\u00bb]<div class=\"d-flex justify-content-center vc_custom_1669381289241\"><a class=\"psh_button btn-03519729\" href=\"https:\/\/www.certisys.eu\/labels-et-certifications\/commerce-equitable-et-durable\/\" alt=\"Commerce equitable et durable\" target=\"\">Commerce \u00e9quitable et durable<\/a><\/div>\n        <style>.psh_button.btn-03519729{\n          font-size: 18px;\n          text-transform: uppercase;\n          padding: 15px 20px 15px 20px;\n          border-radius: 80px;\n          border-width: 0px;\n          background-color: #dfcc00;\n          border-color: ;\n          border-style: solid;\n          color: #ffffff;\n          display: inline-block;\n          \n          transition: all .3s ease-in-out;\n        }\n        .psh_button.btn-03519729:hover{\n          background-color: #e2001a;\n          border-color: ;\n          color: #ffffff;\n          transition: all .3s ease-in-out;\n        }.vc_custom_1669381289241{margin-top: -80px !important;}<\/style>[vc_single_image image=\u00a0\u00bb48120&Prime; img_size=\u00a0\u00bb260&#215;340&Prime; alignment=\u00a0\u00bbcenter\u00a0\u00bb css=\u00a0\u00bb.vc_custom_1746796774095{margin-top: 35px !important;margin-bottom: 0px !important;}\u00a0\u00bb][\/vc_column_inner][vc_column_inner width=\u00a0\u00bb1\/4&Prime; css=\u00a0\u00bb.vc_custom_1715152973025{margin-top: 60px !important;padding-right: 30px !important;padding-bottom: 30px !important;padding-left: 30px !important;background-color: #ffffff !important;border-radius: 15px !important;}\u00a0\u00bb]<div class=\"d-flex justify-content-center vc_custom_1715152855028\"><a class=\"psh_button btn-19233652\" href=\"https:\/\/www.certisys.eu\/labels-et-certifications\/agriculture-biologique\/intrants\/\" alt=\"Intrants\" target=\"\">Intrants<\/a><\/div>\n        <style>.psh_button.btn-19233652{\n          font-size: 18px;\n          text-transform: uppercase;\n          padding: 15px 20px 15px 20px;\n          border-radius: 80px;\n          border-width: 0px;\n          background-color: #943147;\n          border-color: ;\n          border-style: solid;\n          color: #ffffff;\n          display: inline-block;\n          \n          transition: all .3s ease-in-out;\n        }\n        .psh_button.btn-19233652:hover{\n          background-color: #e2001a;\n          border-color: ;\n          color: #ffffff;\n          transition: all .3s ease-in-out;\n        }.vc_custom_1715152855028{margin-top: -80px !important;}<\/style>[vc_single_image image=\u00a0\u00bb42378&Prime; img_size=\u00a0\u00bb260&#215;340&Prime; alignment=\u00a0\u00bbcenter\u00a0\u00bb css=\u00a0\u00bb.vc_custom_1742285799641{margin-top: 35px !important;margin-bottom: 0px !important;}\u00a0\u00bb][\/vc_column_inner][\/vc_row_inner][\/vc_column][\/vc_row][vc_row css=\u00a0\u00bb.vc_custom_1620370884352{padding-top: 50px !important;padding-bottom: 150px !important;background-image: url(https:\/\/www.certisys.eu\/wp-content\/uploads\/2020\/10\/bg-3-1.png?id=892) !important;}\u00a0\u00bb el_class=\u00a0\u00bbcustom-lastrow\u00a0\u00bb][vc_column css=\u00a0\u00bb.vc_custom_1616056778505{padding-top: 0px !important;}\u00a0\u00bb offset=\u00a0\u00bbvc_col-lg-offset-2 vc_col-lg-8 vc_col-md-offset-1 vc_col-md-10&Prime;][vc_column_text]<\/p>\n<h2 style=\"text-align: center;\">Contactez-nous et voyons ensemble quelles sont les solutions les plus adapt\u00e9es \u00e0 votre activit\u00e9 !<\/h2>\n<p>[\/vc_column_text]<div class=\"d-flex justify-content-center vc_custom_1666687765951\"><a class=\"psh_button btn-52848802\" href=\"https:\/\/www.certisys.eu\/contact\/\" alt=\"Contact\" target=\"\">Contactez-nous<\/a><\/div>\n        <style>.psh_button.btn-52848802{\n          font-size: 18px;\n          text-transform: none;\n          padding: 10px 20px 10px 20px;\n          border-radius: 80px;\n          border-width: 0px;\n          background-color: #e30613;\n          border-color: ;\n          border-style: solid;\n          color: #ffffff;\n          display: inline-block;\n          \n          transition: all .3s ease-in-out;\n        }\n        .psh_button.btn-52848802:hover{\n          background-color: #f18970;\n          border-color: ;\n          color: #ffffff;\n          transition: all .3s ease-in-out;\n        }.vc_custom_1666687765951{margin-bottom: 15px !important;}<\/style>[\/vc_column][\/vc_row]<\/p>\n<\/div>","protected":false},"excerpt":{"rendered":"<p>[vc_row full_width=\u00a0\u00bbstretch_row\u00a0\u00bb css=\u00a0\u00bb.vc_custom_1614242522066{padding-top: 50px !important;padding-bottom: 50px !important;background-color: #f0f3f1 !important;}\u00a0\u00bb][vc_column width=\u00a0\u00bb1\/6&Prime;][\/vc_column][vc_column width=\u00a0\u00bb2\/3&Prime;][vc_column_text css=\u00a0\u00bb\u00a0\u00bb] Vous voulez vous inscrire dans une d\u00e9marche durable ? [\/vc_column_text][vc_column_text css=\u00a0\u00bb\u00a0\u00bb] Chez CERTISYS\u00ae, filiale Benelux du Groupe ECOCERT, nous sommes experts dans la certification biologique et durable. Forts de cette expertise, nous vous accompagnons dans vos initiatives durables que vous soyez agriculteur, pr\u00e9parateur, [&hellip;]<\/p>\n","protected":false},"author":1,"featured_media":0,"parent":0,"menu_order":3,"comment_status":"closed","ping_status":"closed","template":"","meta":{"_acf_changed":false,"footnotes":""},"class_list":["post-16804","page","type-page","status-publish","hentry"],"acf":[],"yoast_head":"<!-- This site is optimized with the Yoast SEO plugin v26.6 - https:\/\/yoast.com\/wordpress\/plugins\/seo\/ -->\n<title>Labels Bio et Durables - Belgique - Certisys<\/title>\n<meta name=\"description\" content=\"Labels Bio et durables Belgique - BIO \/\/ COSMOS \/\/ Eco d\u00e9tergent \/\/ Rainforest Alliance \/\/ Vegaplan \/\/ CoDiPlan \/\/ G-040 - Expertise\" \/>\n<meta name=\"robots\" content=\"index, follow, max-snippet:-1, max-image-preview:large, max-video-preview:-1\" \/>\n<link rel=\"canonical\" href=\"https:\/\/www.certisys.eu\/fr\/labels-et-certifications\/\" \/>\n<meta property=\"og:locale\" content=\"fr_FR\" \/>\n<meta property=\"og:type\" content=\"article\" \/>\n<meta property=\"og:title\" content=\"Labels Bio et Durables - Belgique - Certisys\" \/>\n<meta property=\"og:description\" content=\"Labels Bio et durables Belgique - BIO \/\/ COSMOS \/\/ Eco d\u00e9tergent \/\/ Rainforest Alliance \/\/ Vegaplan \/\/ CoDiPlan \/\/ G-040 - Expertise\" \/>\n<meta property=\"og:url\" content=\"https:\/\/www.certisys.eu\/fr\/labels-et-certifications\/\" \/>\n<meta property=\"og:site_name\" content=\"CERTISYS\" \/>\n<meta property=\"article:modified_time\" content=\"2026-02-10T10:49:52+00:00\" \/>\n<meta name=\"twitter:card\" content=\"summary_large_image\" \/>\n<meta name=\"twitter:label1\" content=\"Dur\u00e9e de lecture estim\u00e9e\" \/>\n\t<meta name=\"twitter:data1\" content=\"2 minutes\" \/>\n<!-- \/ Yoast SEO plugin. -->","yoast_head_json":{"title":"Labels Bio et Durables - Belgique - Certisys","description":"Labels Bio et durables Belgique - BIO \/\/ COSMOS \/\/ Eco d\u00e9tergent \/\/ Rainforest Alliance \/\/ Vegaplan \/\/ CoDiPlan \/\/ G-040 - Expertise","robots":{"index":"index","follow":"follow","max-snippet":"max-snippet:-1","max-image-preview":"max-image-preview:large","max-video-preview":"max-video-preview:-1"},"canonical":"https:\/\/www.certisys.eu\/fr\/labels-et-certifications\/","og_locale":"fr_FR","og_type":"article","og_title":"Labels Bio et Durables - Belgique - Certisys","og_description":"Labels Bio et durables Belgique - BIO \/\/ COSMOS \/\/ Eco d\u00e9tergent \/\/ Rainforest Alliance \/\/ Vegaplan \/\/ CoDiPlan \/\/ G-040 - Expertise","og_url":"https:\/\/www.certisys.eu\/fr\/labels-et-certifications\/","og_site_name":"CERTISYS","article_modified_time":"2026-02-10T10:49:52+00:00","twitter_card":"summary_large_image","twitter_misc":{"Dur\u00e9e de lecture estim\u00e9e":"2 minutes"},"schema":{"@context":"https:\/\/schema.org","@graph":[{"@type":"WebPage","@id":"https:\/\/www.certisys.eu\/fr\/labels-et-certifications\/","url":"https:\/\/www.certisys.eu\/fr\/labels-et-certifications\/","name":"Labels Bio et Durables - Belgique - Certisys","isPartOf":{"@id":"https:\/\/www.certisys.eu\/fr\/#website"},"datePublished":"2022-10-25T09:14:29+00:00","dateModified":"2026-02-10T10:49:52+00:00","description":"Labels Bio et durables Belgique - BIO \/\/ COSMOS \/\/ Eco d\u00e9tergent \/\/ Rainforest Alliance \/\/ Vegaplan \/\/ CoDiPlan \/\/ G-040 - Expertise","breadcrumb":{"@id":"https:\/\/www.certisys.eu\/fr\/labels-et-certifications\/#breadcrumb"},"inLanguage":"fr-FR","potentialAction":[{"@type":"ReadAction","target":["https:\/\/www.certisys.eu\/fr\/labels-et-certifications\/"]}]},{"@type":"BreadcrumbList","@id":"https:\/\/www.certisys.eu\/fr\/labels-et-certifications\/#breadcrumb","itemListElement":[{"@type":"ListItem","position":1,"name":"Home","item":"https:\/\/www.certisys.eu\/fr\/"},{"@type":"ListItem","position":2,"name":"Labels et Certifications"}]},{"@type":"WebSite","@id":"https:\/\/www.certisys.eu\/fr\/#website","url":"https:\/\/www.certisys.eu\/fr\/","name":"CERTISYS","description":"Bio Certification","potentialAction":[{"@type":"SearchAction","target":{"@type":"EntryPoint","urlTemplate":"https:\/\/www.certisys.eu\/fr\/?s={search_term_string}"},"query-input":{"@type":"PropertyValueSpecification","valueRequired":true,"valueName":"search_term_string"}}],"inLanguage":"fr-FR"}]}},"jetpack_sharing_enabled":true,"_links":{"self":[{"href":"https:\/\/www.certisys.eu\/fr\/wp-json\/wp\/v2\/pages\/16804","targetHints":{"allow":["GET"]}}],"collection":[{"href":"https:\/\/www.certisys.eu\/fr\/wp-json\/wp\/v2\/pages"}],"about":[{"href":"https:\/\/www.certisys.eu\/fr\/wp-json\/wp\/v2\/types\/page"}],"author":[{"embeddable":true,"href":"https:\/\/www.certisys.eu\/fr\/wp-json\/wp\/v2\/users\/1"}],"replies":[{"embeddable":true,"href":"https:\/\/www.certisys.eu\/fr\/wp-json\/wp\/v2\/comments?post=16804"}],"version-history":[{"count":37,"href":"https:\/\/www.certisys.eu\/fr\/wp-json\/wp\/v2\/pages\/16804\/revisions"}],"predecessor-version":[{"id":48121,"href":"https:\/\/www.certisys.eu\/fr\/wp-json\/wp\/v2\/pages\/16804\/revisions\/48121"}],"wp:attachment":[{"href":"https:\/\/www.certisys.eu\/fr\/wp-json\/wp\/v2\/media?parent=16804"}],"curies":[{"name":"wp","href":"https:\/\/api.w.org\/{rel}","templated":true}]}}