{"id":12658,"date":"2022-03-14T12:24:51","date_gmt":"2022-03-14T10:24:51","guid":{"rendered":"https:\/\/www.certisys.eu\/?page_id=12658"},"modified":"2023-09-12T14:00:47","modified_gmt":"2023-09-12T12:00:47","slug":"mentions-legales","status":"publish","type":"page","link":"https:\/\/www.certisys.eu\/fr\/mentions-legales\/","title":{"rendered":"Mentions l\u00e9gales"},"content":{"rendered":"<div class=\"wpb-content-wrapper\"><p>[vc_row][vc_column][vc_column_text]<\/p>\n<h2>\u00c9DITEUR<\/h2>\n<p><strong>CERTISYS<\/strong><strong><br \/>\n<\/strong>Soci\u00e9t\u00e9 \u00e0 responsabilit\u00e9 limit\u00e9e au capital de 50.000 \u20ac<br \/>\nSi\u00e8ge social : Square de Mee\u00fbs, 35 \u2013 1000 Bruxelles (Belgique)<br \/>\nN\u00b0 TVA BE 0445.344.915<\/p>\n<p><strong>Contact\u00a0:\u00a0<\/strong><br \/>\nN\u00b0 de t\u00e9l\u00e9phone : +32 (0)81 60 03 77<br \/>\nEmail : info@certisys.eu<br \/>\nDirecteur de la publication : Monsieur Franck BRASSEUR, Directeur G\u00e9n\u00e9ral<br \/>\nResponsable de la r\u00e9daction : Service communication<\/p>\n<h2>H\u00c9BERGEUR<\/h2>\n<p>P4x<br \/>\nSi\u00e8ge social\u00a0: Avenue des Thuyas, 5 \u2013 4121 Neupr\u00e9 (Belgique)<br \/>\nN\u00b0 TVA BE 0867.709.540<\/p>\n<h2>ACCR\u00c9DITATION<\/h2>\n<p>La certification est une\u00a0activit\u00e9 encadr\u00e9e par les Autorit\u00e9s<\/p>\n<ul>\n<li><strong>CERTISYS\u00a0<\/strong>SRL : Accr\u00e9ditation N\u00b0 093-PROD pour la certification de Produits biologiques, port\u00e9e disponible sur\u00a0<a href=\"https:\/\/economie.fgov.be\/belac\">belac.be<\/a>.<\/li>\n<\/ul>\n<p>[\/vc_column_text][\/vc_column][\/vc_row]<\/p>\n<\/div>","protected":false},"excerpt":{"rendered":"<p>[vc_row][vc_column][vc_column_text] \u00c9DITEUR CERTISYS Soci\u00e9t\u00e9 \u00e0 responsabilit\u00e9 limit\u00e9e au capital de 50.000 \u20ac Si\u00e8ge social : Square de Mee\u00fbs, 35 \u2013 1000 Bruxelles (Belgique) N\u00b0 TVA BE 0445.344.915 Contact\u00a0:\u00a0 N\u00b0 de t\u00e9l\u00e9phone : +32 (0)81 60 03 77 Email : info@certisys.eu Directeur de la publication : Monsieur Franck BRASSEUR, Directeur G\u00e9n\u00e9ral Responsable de la r\u00e9daction : [&hellip;]<\/p>\n","protected":false},"author":3,"featured_media":0,"parent":0,"menu_order":0,"comment_status":"closed","ping_status":"closed","template":"","meta":{"_acf_changed":false,"footnotes":""},"class_list":["post-12658","page","type-page","status-publish","hentry"],"acf":[],"yoast_head":"<!-- This site is optimized with the Yoast SEO plugin v27.4 - https:\/\/yoast.com\/product\/yoast-seo-wordpress\/ -->\n<title>Mentions l\u00e9gales - CERTISYS<\/title>\n<meta name=\"robots\" content=\"index, follow, max-snippet:-1, max-image-preview:large, max-video-preview:-1\" \/>\n<link rel=\"canonical\" href=\"https:\/\/www.certisys.eu\/fr\/mentions-legales\/\" \/>\n<meta property=\"og:locale\" content=\"fr_FR\" \/>\n<meta property=\"og:type\" content=\"article\" \/>\n<meta property=\"og:title\" content=\"Mentions l\u00e9gales - CERTISYS\" \/>\n<meta property=\"og:description\" content=\"[vc_row][vc_column][vc_column_text] \u00c9DITEUR CERTISYS Soci\u00e9t\u00e9 \u00e0 responsabilit\u00e9 limit\u00e9e au capital de 50.000 \u20ac Si\u00e8ge social : Square de Mee\u00fbs, 35 \u2013 1000 Bruxelles (Belgique) N\u00b0 TVA BE 0445.344.915 Contact\u00a0:\u00a0 N\u00b0 de t\u00e9l\u00e9phone : +32 (0)81 60 03 77 Email : info@certisys.eu Directeur de la publication : Monsieur Franck BRASSEUR, Directeur G\u00e9n\u00e9ral Responsable de la r\u00e9daction : [&hellip;]\" \/>\n<meta property=\"og:url\" content=\"https:\/\/www.certisys.eu\/fr\/mentions-legales\/\" \/>\n<meta property=\"og:site_name\" content=\"CERTISYS\" \/>\n<meta property=\"article:modified_time\" content=\"2023-09-12T12:00:47+00:00\" \/>\n<meta name=\"twitter:card\" content=\"summary_large_image\" \/>\n<meta name=\"twitter:label1\" content=\"Dur\u00e9e de lecture estim\u00e9e\" \/>\n\t<meta name=\"twitter:data1\" content=\"1 minute\" \/>\n<!-- \/ Yoast SEO plugin. -->","yoast_head_json":{"title":"Mentions l\u00e9gales - CERTISYS","robots":{"index":"index","follow":"follow","max-snippet":"max-snippet:-1","max-image-preview":"max-image-preview:large","max-video-preview":"max-video-preview:-1"},"canonical":"https:\/\/www.certisys.eu\/fr\/mentions-legales\/","og_locale":"fr_FR","og_type":"article","og_title":"Mentions l\u00e9gales - CERTISYS","og_description":"[vc_row][vc_column][vc_column_text] \u00c9DITEUR CERTISYS Soci\u00e9t\u00e9 \u00e0 responsabilit\u00e9 limit\u00e9e au capital de 50.000 \u20ac Si\u00e8ge social : Square de Mee\u00fbs, 35 \u2013 1000 Bruxelles (Belgique) N\u00b0 TVA BE 0445.344.915 Contact\u00a0:\u00a0 N\u00b0 de t\u00e9l\u00e9phone : +32 (0)81 60 03 77 Email : info@certisys.eu Directeur de la publication : Monsieur Franck BRASSEUR, Directeur G\u00e9n\u00e9ral Responsable de la r\u00e9daction : [&hellip;]","og_url":"https:\/\/www.certisys.eu\/fr\/mentions-legales\/","og_site_name":"CERTISYS","article_modified_time":"2023-09-12T12:00:47+00:00","twitter_card":"summary_large_image","twitter_misc":{"Dur\u00e9e de lecture estim\u00e9e":"1 minute"},"schema":{"@context":"https:\/\/schema.org","@graph":[{"@type":"WebPage","@id":"https:\/\/www.certisys.eu\/fr\/mentions-legales\/","url":"https:\/\/www.certisys.eu\/fr\/mentions-legales\/","name":"Mentions l\u00e9gales - CERTISYS","isPartOf":{"@id":"https:\/\/www.certisys.eu\/fr\/#website"},"datePublished":"2022-03-14T10:24:51+00:00","dateModified":"2023-09-12T12:00:47+00:00","breadcrumb":{"@id":"https:\/\/www.certisys.eu\/fr\/mentions-legales\/#breadcrumb"},"inLanguage":"fr-FR","potentialAction":[{"@type":"ReadAction","target":["https:\/\/www.certisys.eu\/fr\/mentions-legales\/"]}]},{"@type":"BreadcrumbList","@id":"https:\/\/www.certisys.eu\/fr\/mentions-legales\/#breadcrumb","itemListElement":[{"@type":"ListItem","position":1,"name":"Home","item":"https:\/\/www.certisys.eu\/fr\/"},{"@type":"ListItem","position":2,"name":"Mentions l\u00e9gales"}]},{"@type":"WebSite","@id":"https:\/\/www.certisys.eu\/fr\/#website","url":"https:\/\/www.certisys.eu\/fr\/","name":"CERTISYS","description":"Bio Certification","potentialAction":[{"@type":"SearchAction","target":{"@type":"EntryPoint","urlTemplate":"https:\/\/www.certisys.eu\/fr\/?s={search_term_string}"},"query-input":{"@type":"PropertyValueSpecification","valueRequired":true,"valueName":"search_term_string"}}],"inLanguage":"fr-FR"}]}},"_links":{"self":[{"href":"https:\/\/www.certisys.eu\/fr\/wp-json\/wp\/v2\/pages\/12658","targetHints":{"allow":["GET"]}}],"collection":[{"href":"https:\/\/www.certisys.eu\/fr\/wp-json\/wp\/v2\/pages"}],"about":[{"href":"https:\/\/www.certisys.eu\/fr\/wp-json\/wp\/v2\/types\/page"}],"author":[{"embeddable":true,"href":"https:\/\/www.certisys.eu\/fr\/wp-json\/wp\/v2\/users\/3"}],"replies":[{"embeddable":true,"href":"https:\/\/www.certisys.eu\/fr\/wp-json\/wp\/v2\/comments?post=12658"}],"version-history":[{"count":4,"href":"https:\/\/www.certisys.eu\/fr\/wp-json\/wp\/v2\/pages\/12658\/revisions"}],"predecessor-version":[{"id":21847,"href":"https:\/\/www.certisys.eu\/fr\/wp-json\/wp\/v2\/pages\/12658\/revisions\/21847"}],"wp:attachment":[{"href":"https:\/\/www.certisys.eu\/fr\/wp-json\/wp\/v2\/media?parent=12658"}],"curies":[{"name":"wp","href":"https:\/\/api.w.org\/{rel}","templated":true}]}}