{"id":12333,"date":"2022-02-18T11:24:49","date_gmt":"2022-02-18T09:24:49","guid":{"rendered":"https:\/\/www.certisys.eu\/?page_id=12333"},"modified":"2023-05-03T15:52:37","modified_gmt":"2023-05-03T13:52:37","slug":"jobs","status":"publish","type":"page","link":"https:\/\/www.certisys.eu\/fr\/jobs\/","title":{"rendered":"Jobs"},"content":{"rendered":"<div class=\"wpb-content-wrapper\"><p>[vc_row content_placement=\u00a0\u00bbmiddle\u00a0\u00bb css=\u00a0\u00bb.vc_custom_1616070621948{padding-bottom: 50px !important;}\u00a0\u00bb][vc_column width=\u00a0\u00bb5\/6&Prime; offset=\u00a0\u00bbvc_col-lg-offset-2 vc_col-lg-8&Prime;][vc_column_text]<\/p>\n<h2 style=\"text-align: center;\">Bienvenue chez CERTISYS\u00ae !<\/h2>\n<p style=\"text-align: center;\"><strong>Garantir la cr\u00e9dibilit\u00e9 du BIO<\/strong> et <strong>valoriser les produits de nos op\u00e9rateurs<\/strong>, c\u2019est notre moteur chez CERTISYS\u00ae depuis 40 ans. Le BIO est au c\u0153ur de notre m\u00e9tier. Nous avons l\u2019ambition de rester <strong>l\u2019Expert du BIO<\/strong> pour accompagner le d\u00e9veloppement des activit\u00e9s de nos op\u00e9rateurs et pour continuer \u00e0 am\u00e9liorer les pratiques de l\u2019agriculture biologique. <strong>Blaise Hommelen<\/strong>, fondateur de CERTISYS\u00ae, a toujours \u00e9t\u00e9 mu par cette volont\u00e9 de relever les d\u00e9fis du BIO\u00a0: \u00ab\u00a0<em>Nous sommes intimement convaincus qu\u2019ensemble, avec tous les acteurs de la fili\u00e8re BIO, nous pouvons contribuer \u00e0 un avenir plus durable.\u00a0\u00bb<\/em><\/p>\n<p style=\"text-align: center;\">Si comme nous, vous \u00eates passionn\u00e9s par le BIO et son d\u00e9veloppement et que vous avez envie d\u2019apporter votre pierre \u00e0 l\u2019\u00e9difice d\u2019un secteur innovant en pleine expansion, vous \u00eates au bon endroit\u00a0! Nous sommes r\u00e9guli\u00e8rement \u00e0 la recherche de nouveaux collaborateurs pour renforcer nos \u00e9quipes.<\/p>\n<p>[\/vc_column_text][\/vc_column][\/vc_row][vc_row css=\u00a0\u00bb.vc_custom_1614846917657{padding-top: 50px !important;padding-bottom: 80px !important;background-color: #f0f3f1 !important;}\u00a0\u00bb][vc_column width=\u00a0\u00bb1\/4&Prime;][\/vc_column][vc_column width=\u00a0\u00bb1\/2&Prime;][vc_column_text]<\/p>\n<h2 style=\"text-align: center;\">D\u00e9couvrez nos postes vacants<\/h2>\n<p>[\/vc_column_text][vc_column_text]<div class=\"job_listings\" data-location=\"\" data-keywords=\"\" data-show_filters=\"true\" data-show_pagination=\"false\" data-per_page=\"10\" data-orderby=\"date\" data-order=\"asc\" data-categories=\"\" data-disable-form-state-storage=\"\" data-featured_first=\"false\" data-post_id=\"12333\" >\n<form class=\"job_filters\">\n\t\n\t<div class=\"search_jobs\">\n\t\t\n\t\t<div class=\"search_keywords\">\n\t\t\t<label for=\"search_keywords\">Mots-cl\u00e9s<\/label>\n\t\t\t<input type=\"text\" name=\"search_keywords\" id=\"search_keywords\" placeholder=\"Mots-cl\u00e9s\" value=\"\" \/>\n\t\t<\/div>\n\n\t\t<div class=\"search_location\">\n\t\t\t<label for=\"search_location\">Localisation<\/label>\n\t\t\t<input type=\"text\" name=\"search_location\" id=\"search_location\" placeholder=\"Localisation\" value=\"\" \/>\n\t\t<\/div>\n\n\t\t\t\t\t<div class=\"search_remote_position\">\n\t\t\t\t<input type=\"checkbox\" class=\"input-checkbox\" name=\"remote_position\" id=\"remote_position\" placeholder=\"Localisation\" value=\"1\"  \/>\n\t\t\t\t<label for=\"remote_position\" id=\"remote_position_label\">Postes en t\u00e9l\u00e9travail uniquement<\/label>\n\t\t\t<\/div>\n\t\t\n\t\t<div style=\"clear: both\"><\/div>\n\n\t\t\n\t\t\t\t\t<div class=\"search_submit\">\n\t\t\t\t<input type=\"submit\" value=\"Rechercher des offres d\u2019emploi\">\n\t\t\t<\/div>\n\t\t\n\t\t\t<\/div>\n\n\t\t<ul class=\"job_types\">\n\t\t\t\t\t<li><label for=\"job_type_independant\" class=\"independant\"><input type=\"checkbox\" name=\"filter_job_type[]\" value=\"independant\"  checked='checked' id=\"job_type_independant\" \/> Ind\u00e9pendant<\/label><\/li>\n\t\t\t\t\t<li><label for=\"job_type_spontanee\" class=\"spontanee\"><input type=\"checkbox\" name=\"filter_job_type[]\" value=\"spontanee\"  checked='checked' id=\"job_type_spontanee\" \/> Spontan\u00e9e<\/label><\/li>\n\t\t\t\t\t<li><label for=\"job_type_stage\" class=\"stage\"><input type=\"checkbox\" name=\"filter_job_type[]\" value=\"stage\"  checked='checked' id=\"job_type_stage\" \/> Stage<\/label><\/li>\n\t\t\t\t\t<li><label for=\"job_type_temporaire\" class=\"temporaire\"><input type=\"checkbox\" name=\"filter_job_type[]\" value=\"temporaire\"  checked='checked' id=\"job_type_temporaire\" \/> Temporaire<\/label><\/li>\n\t\t\t\t\t<li><label for=\"job_type_temps-partiel\" class=\"temps-partiel\"><input type=\"checkbox\" name=\"filter_job_type[]\" value=\"temps-partiel\"  checked='checked' id=\"job_type_temps-partiel\" \/> Temps partiel<\/label><\/li>\n\t\t\t\t\t<li><label for=\"job_type_temps-plein\" class=\"temps-plein\"><input type=\"checkbox\" name=\"filter_job_type[]\" value=\"temps-plein\"  checked='checked' id=\"job_type_temps-plein\" \/> Temps plein<\/label><\/li>\n\t\t\t<\/ul>\n\t<input type=\"hidden\" name=\"filter_job_type[]\" value=\"\" \/>\n<div class=\"showing_jobs\"><\/div><\/form>\n\n\n<noscript>Votre navigateur ne supporte pas JavaScript, ou bien JavaScript est d\u00e9sactiv\u00e9. JavaScript doit \u00eatre activ\u00e9 pour pouvoir visualiser des postes.<\/noscript>\n<ul class=\"job_listings\">\n<\/ul>\n<a class=\"load_more_jobs\" href=\"#\" style=\"display:none;\"><strong>Afficher plus d\u2019offres<\/strong><\/a><\/div>[\/vc_column_text][\/vc_column][vc_column width=\u00a0\u00bb1\/4&Prime;][\/vc_column][\/vc_row][vc_row full_width=\u00a0\u00bbstretch_row_content_no_spaces\u00a0\u00bb css=\u00a0\u00bb.vc_custom_1616070889359{margin-bottom: 50px !important;padding-top: 300px !important;background-image: url(https:\/\/www.certisys.eu\/wp-content\/uploads\/2021\/03\/2020-10-15-Certisys-0004.jpg?id=3975) !important;background-position: center !important;background-repeat: no-repeat !important;background-size: cover !important;}\u00a0\u00bb][vc_column][\/vc_column][\/vc_row][vc_row css=\u00a0\u00bb.vc_custom_1605630039270{padding-bottom: 150px !important;background-image: url(https:\/\/www.certisys.eu\/wp-content\/uploads\/2020\/10\/bg-3-1.png?id=892) !important;}\u00a0\u00bb el_class=\u00a0\u00bbcustom-lastrow\u00a0\u00bb][vc_column offset=\u00a0\u00bbvc_col-lg-offset-3 vc_col-lg-6 vc_col-md-offset-2 vc_col-md-8&Prime;][vc_column_text]<\/p>\n<h2 style=\"text-align: center;\">Il y a beaucoup de bonnes raisons de rejoindre CERTISYS !<\/h2>\n<ol>\n<li>Vous travaillerez pour une entreprise <strong>engag\u00e9e \u00e0<\/strong> <strong>100% dans le BIO<\/strong>, tant au niveau local qu\u2019international, avec des convictions et des valeurs fortes. Vous mettrez vos comp\u00e9tences au service de m\u00e9tiers qui ont du sens.<\/li>\n<li>Vous rejoindrez une <strong>PME\u00a0\u00e0 taille humaine<\/strong> o\u00f9 vous pouvez faire la diff\u00e9rence\u00a0! Vous verrez rapidement l\u2019impact de votre travail sur le d\u00e9veloppement de l\u2019entreprise et des activit\u00e9s de nos op\u00e9rateurs.<\/li>\n<li>Vous b\u00e9n\u00e9ficierez d\u2019un <strong>plan de formation en continu<\/strong> et vous aurez le plaisir de travailler dans une ambiance conviviale avec des coll\u00e8gues enthousiastes et passionn\u00e9s, pr\u00eats \u00e0 vous soutenir.<\/li>\n<li>Nous mesurons notre performance avant tout \u00e0 <strong>l\u2019am\u00e9lioration de la qualit\u00e9 du service<\/strong> que nous rendons \u00e0 nos op\u00e9rateurs. Pour la Charg\u00e9e des Ressources Humaines, c\u2019est un \u00e9l\u00e9ment qui est particuli\u00e8rement valoris\u00e9 par les candidats qui nous rejoignent :<br \/>\n\u00ab\u00a0<em>C\u2019est un vrai \u00e9l\u00e9ment de diff\u00e9renciation quand nous recrutons. La course au profit et la r\u00e9duction des co\u00fbts ne sont pas une finalit\u00e9 en soi. Dans le monde actuel, peu d\u2019entreprises peuvent se targuer de faire passer la qualit\u00e9 de service avant la maximisation du profit.<\/em>\u00a0\u00bb<\/li>\n<li>Vous \u00e9voluerez dans un cadre de travail agr\u00e9able dans nos bureaux de Bolinne, pr\u00e8s d\u2019Eghez\u00e9e. Si vous rejoignez l\u2019\u00e9quipe de nos contr\u00f4leurs, vous travaillerez dans votre r\u00e9gion, pr\u00e8s de chez vous. Nous attachons beaucoup d\u2019importance \u00e0 <strong>l\u2019ancrage local<\/strong> et <strong>l\u2019\u00e9quilibre vie priv\u00e9e \u2013 vie professionnelle<\/strong>.<\/li>\n<\/ol>\n<p>[\/vc_column_text][\/vc_column][\/vc_row]<\/p>\n<\/div>","protected":false},"excerpt":{"rendered":"<p>[vc_row content_placement=\u00a0\u00bbmiddle\u00a0\u00bb css=\u00a0\u00bb.vc_custom_1616070621948{padding-bottom: 50px !important;}\u00a0\u00bb][vc_column width=\u00a0\u00bb5\/6&Prime; offset=\u00a0\u00bbvc_col-lg-offset-2 vc_col-lg-8&Prime;][vc_column_text] Bienvenue chez CERTISYS\u00ae ! Garantir la cr\u00e9dibilit\u00e9 du BIO et valoriser les produits de nos op\u00e9rateurs, c\u2019est notre moteur chez CERTISYS\u00ae depuis 40 ans. Le BIO est au c\u0153ur de notre m\u00e9tier. Nous avons l\u2019ambition de rester l\u2019Expert du BIO pour accompagner le d\u00e9veloppement des activit\u00e9s de [&hellip;]<\/p>\n","protected":false},"author":3,"featured_media":0,"parent":0,"menu_order":10,"comment_status":"closed","ping_status":"closed","template":"","meta":{"_acf_changed":false,"footnotes":""},"class_list":["post-12333","page","type-page","status-publish","hentry"],"acf":[],"yoast_head":"<!-- This site is optimized with the Yoast SEO plugin v26.6 - https:\/\/yoast.com\/wordpress\/plugins\/seo\/ -->\n<title>Vous cherchez un job ? Rejoignez l\u2019aventure CERTISYS\u00ae<\/title>\n<meta name=\"description\" content=\"Vous \u00eates passionn\u00e9s par le BIO et son d\u00e9veloppement ? D\u00e9couvrez nos postes vacants chez Certisys!\" \/>\n<meta name=\"robots\" content=\"index, follow, max-snippet:-1, max-image-preview:large, max-video-preview:-1\" \/>\n<link rel=\"canonical\" href=\"https:\/\/www.certisys.eu\/fr\/jobs\/\" \/>\n<meta property=\"og:locale\" content=\"fr_FR\" \/>\n<meta property=\"og:type\" content=\"article\" \/>\n<meta property=\"og:title\" content=\"Vous cherchez un job ? Rejoignez l\u2019aventure CERTISYS\u00ae\" \/>\n<meta property=\"og:description\" content=\"Vous \u00eates passionn\u00e9s par le BIO et son d\u00e9veloppement ? D\u00e9couvrez nos postes vacants chez Certisys!\" \/>\n<meta property=\"og:url\" content=\"https:\/\/www.certisys.eu\/fr\/jobs\/\" \/>\n<meta property=\"og:site_name\" content=\"CERTISYS\" \/>\n<meta property=\"article:modified_time\" content=\"2023-05-03T13:52:37+00:00\" \/>\n<meta name=\"twitter:card\" content=\"summary_large_image\" \/>\n<meta name=\"twitter:label1\" content=\"Dur\u00e9e de lecture estim\u00e9e\" \/>\n\t<meta name=\"twitter:data1\" content=\"2 minutes\" \/>\n<!-- \/ Yoast SEO plugin. -->","yoast_head_json":{"title":"Vous cherchez un job ? Rejoignez l\u2019aventure CERTISYS\u00ae","description":"Vous \u00eates passionn\u00e9s par le BIO et son d\u00e9veloppement ? D\u00e9couvrez nos postes vacants chez Certisys!","robots":{"index":"index","follow":"follow","max-snippet":"max-snippet:-1","max-image-preview":"max-image-preview:large","max-video-preview":"max-video-preview:-1"},"canonical":"https:\/\/www.certisys.eu\/fr\/jobs\/","og_locale":"fr_FR","og_type":"article","og_title":"Vous cherchez un job ? Rejoignez l\u2019aventure CERTISYS\u00ae","og_description":"Vous \u00eates passionn\u00e9s par le BIO et son d\u00e9veloppement ? D\u00e9couvrez nos postes vacants chez Certisys!","og_url":"https:\/\/www.certisys.eu\/fr\/jobs\/","og_site_name":"CERTISYS","article_modified_time":"2023-05-03T13:52:37+00:00","twitter_card":"summary_large_image","twitter_misc":{"Dur\u00e9e de lecture estim\u00e9e":"2 minutes"},"schema":{"@context":"https:\/\/schema.org","@graph":[{"@type":"WebPage","@id":"https:\/\/www.certisys.eu\/fr\/jobs\/","url":"https:\/\/www.certisys.eu\/fr\/jobs\/","name":"Vous cherchez un job ? Rejoignez l\u2019aventure CERTISYS\u00ae","isPartOf":{"@id":"https:\/\/www.certisys.eu\/fr\/#website"},"datePublished":"2022-02-18T09:24:49+00:00","dateModified":"2023-05-03T13:52:37+00:00","description":"Vous \u00eates passionn\u00e9s par le BIO et son d\u00e9veloppement ? D\u00e9couvrez nos postes vacants chez Certisys!","breadcrumb":{"@id":"https:\/\/www.certisys.eu\/fr\/jobs\/#breadcrumb"},"inLanguage":"fr-FR","potentialAction":[{"@type":"ReadAction","target":["https:\/\/www.certisys.eu\/fr\/jobs\/"]}]},{"@type":"BreadcrumbList","@id":"https:\/\/www.certisys.eu\/fr\/jobs\/#breadcrumb","itemListElement":[{"@type":"ListItem","position":1,"name":"Home","item":"https:\/\/www.certisys.eu\/fr\/"},{"@type":"ListItem","position":2,"name":"Jobs"}]},{"@type":"WebSite","@id":"https:\/\/www.certisys.eu\/fr\/#website","url":"https:\/\/www.certisys.eu\/fr\/","name":"CERTISYS","description":"Bio Certification","potentialAction":[{"@type":"SearchAction","target":{"@type":"EntryPoint","urlTemplate":"https:\/\/www.certisys.eu\/fr\/?s={search_term_string}"},"query-input":{"@type":"PropertyValueSpecification","valueRequired":true,"valueName":"search_term_string"}}],"inLanguage":"fr-FR"}]}},"jetpack_sharing_enabled":true,"_links":{"self":[{"href":"https:\/\/www.certisys.eu\/fr\/wp-json\/wp\/v2\/pages\/12333","targetHints":{"allow":["GET"]}}],"collection":[{"href":"https:\/\/www.certisys.eu\/fr\/wp-json\/wp\/v2\/pages"}],"about":[{"href":"https:\/\/www.certisys.eu\/fr\/wp-json\/wp\/v2\/types\/page"}],"author":[{"embeddable":true,"href":"https:\/\/www.certisys.eu\/fr\/wp-json\/wp\/v2\/users\/3"}],"replies":[{"embeddable":true,"href":"https:\/\/www.certisys.eu\/fr\/wp-json\/wp\/v2\/comments?post=12333"}],"version-history":[{"count":6,"href":"https:\/\/www.certisys.eu\/fr\/wp-json\/wp\/v2\/pages\/12333\/revisions"}],"predecessor-version":[{"id":12684,"href":"https:\/\/www.certisys.eu\/fr\/wp-json\/wp\/v2\/pages\/12333\/revisions\/12684"}],"wp:attachment":[{"href":"https:\/\/www.certisys.eu\/fr\/wp-json\/wp\/v2\/media?parent=12333"}],"curies":[{"name":"wp","href":"https:\/\/api.w.org\/{rel}","templated":true}]}}