{"id":12138,"date":"2022-02-02T11:09:41","date_gmt":"2022-02-02T09:09:41","guid":{"rendered":"https:\/\/www.certisys.eu\/?page_id=12138"},"modified":"2025-06-16T11:25:29","modified_gmt":"2025-06-16T09:25:29","slug":"demande-de-devis","status":"publish","type":"page","link":"https:\/\/www.certisys.eu\/fr\/demande-de-devis\/","title":{"rendered":"Demande de devis"},"content":{"rendered":"<div class=\"wpb-content-wrapper\"><p>[vc_row css=\u00a0\u00bb.vc_custom_1602658467292{padding-top: 50px !important;padding-bottom: 50px !important;background-color: #f0f3f1 !important;}\u00a0\u00bb][vc_column][vc_column_text css=\u00a0\u00bb\u00a0\u00bb]<\/p>\n<h2 style=\"text-align: center;\">Envoyez nous votre demande de devis<\/h2>\n<p>[\/vc_column_text][\/vc_column][vc_column width=\u00a0\u00bb2\/3&Prime; offset=\u00a0\u00bbvc_col-lg-offset-4 vc_col-lg-4 vc_col-md-offset-3 vc_col-md-6&Prime;]\n<div class=\"wpcf7 no-js\" id=\"wpcf7-f12147-o1\" lang=\"fr-FR\" dir=\"ltr\" data-wpcf7-id=\"12147\">\n<div class=\"screen-reader-response\"><p role=\"status\" aria-live=\"polite\" aria-atomic=\"true\"><\/p> <ul><\/ul><\/div>\n<form action=\"\/fr\/wp-json\/wp\/v2\/pages\/12138#wpcf7-f12147-o1\" method=\"post\" class=\"wpcf7-form init\" aria-label=\"Formulaire de contact\" novalidate=\"novalidate\" data-status=\"init\">\n<fieldset class=\"hidden-fields-container\"><input type=\"hidden\" name=\"_wpcf7\" value=\"12147\" \/><input type=\"hidden\" name=\"_wpcf7_version\" value=\"6.1.4\" \/><input type=\"hidden\" name=\"_wpcf7_locale\" value=\"fr_FR\" \/><input type=\"hidden\" name=\"_wpcf7_unit_tag\" value=\"wpcf7-f12147-o1\" \/><input type=\"hidden\" name=\"_wpcf7_container_post\" value=\"0\" \/><input type=\"hidden\" name=\"_wpcf7_posted_data_hash\" value=\"\" \/><input type=\"hidden\" name=\"_wpcf7dtx_version\" value=\"5.0.4\" \/><input type=\"hidden\" name=\"_wpcf7_recaptcha_response\" value=\"\" \/>\n<\/fieldset>\n<h3>Votre profil\n<\/h3>\n<p><label>Votre profil *<\/label><br \/>\n<span class=\"wpcf7-form-control-wrap\" data-name=\"profil\"><select class=\"wpcf7-form-control wpcf7-select wpcf7-validates-as-required\" aria-required=\"true\" aria-invalid=\"false\" name=\"profil\"><option value=\"Producteurs\">Producteurs<\/option><option value=\"Pr\u00e9parateurs\">Pr\u00e9parateurs<\/option><option value=\"Points de vente\">Points de vente<\/option><option value=\"Distributeurs\">Distributeurs<\/option><option value=\"Importateurs \/ exportateurs de produits hors UE\">Importateurs \/ exportateurs de produits hors UE<\/option><option value=\"Projet international\">Projet international<\/option><option value=\"Cosm\u00e9tiques et nettoyage\">Cosm\u00e9tiques et nettoyage<\/option><option value=\"Intrants et Mati\u00e8res premi\u00e8res\">Intrants et Mati\u00e8res premi\u00e8res<\/option><option value=\"Catering\">Catering<\/option><\/select><\/span>\n<\/p>\n<h3>Vos coordonn\u00e9es\n<\/h3>\n<p><label>Raison sociale *<\/label><br \/>\n<span class=\"wpcf7-form-control-wrap\" data-name=\"sociale\"><input size=\"40\" maxlength=\"400\" class=\"wpcf7-form-control wpcf7-text wpcf7-validates-as-required\" aria-required=\"true\" aria-invalid=\"false\" value=\"\" type=\"text\" name=\"sociale\" \/><\/span>\n<\/p>\n<p><label>Adresse *<\/label><br \/>\n<span class=\"wpcf7-form-control-wrap\" data-name=\"adresse\"><input size=\"40\" maxlength=\"400\" class=\"wpcf7-form-control wpcf7-text wpcf7-validates-as-required\" aria-required=\"true\" aria-invalid=\"false\" value=\"\" type=\"text\" name=\"adresse\" \/><\/span>\n<\/p>\n<p><label>Code postal \/ Post *<\/label><br \/>\n<span class=\"wpcf7-form-control-wrap\" data-name=\"codepostal\"><input size=\"40\" maxlength=\"400\" class=\"wpcf7-form-control wpcf7-text wpcf7-validates-as-required\" aria-required=\"true\" aria-invalid=\"false\" value=\"\" type=\"text\" name=\"codepostal\" \/><\/span>\n<\/p>\n<p><label>Ville *<\/label><br \/>\n<span class=\"wpcf7-form-control-wrap\" data-name=\"ville\"><input size=\"40\" maxlength=\"400\" class=\"wpcf7-form-control wpcf7-text wpcf7-validates-as-required\" aria-required=\"true\" aria-invalid=\"false\" value=\"\" type=\"text\" name=\"ville\" \/><\/span>\n<\/p>\n<p><label>Pays *<\/label><br \/>\n<span class=\"wpcf7-form-control-wrap\" data-name=\"pays\"><input size=\"40\" maxlength=\"400\" class=\"wpcf7-form-control wpcf7-text wpcf7-validates-as-required\" aria-required=\"true\" aria-invalid=\"false\" value=\"\" type=\"text\" name=\"pays\" \/><\/span>\n<\/p>\n<p><label>N\u00b0 TVA<\/label><br \/>\n<span class=\"wpcf7-form-control-wrap\" data-name=\"numerodetva\"><input size=\"40\" maxlength=\"400\" class=\"wpcf7-form-control wpcf7-text\" aria-invalid=\"false\" value=\"\" type=\"text\" name=\"numerodetva\" \/><\/span>\n<\/p>\n<h4>Vos informations\n<\/h4>\n<p><span class=\"wpcf7-form-control-wrap\" data-name=\"genre\"><span class=\"wpcf7-form-control wpcf7-radio\"><span class=\"wpcf7-list-item first\"><label><input type=\"radio\" name=\"genre\" value=\"Madame\" checked=\"checked\" \/><span class=\"wpcf7-list-item-label\">Madame<\/span><\/label><\/span><span class=\"wpcf7-list-item\"><label><input type=\"radio\" name=\"genre\" value=\"Monsieur\" \/><span class=\"wpcf7-list-item-label\">Monsieur<\/span><\/label><\/span><span class=\"wpcf7-list-item last\"><label><input type=\"radio\" name=\"genre\" value=\"X\" \/><span class=\"wpcf7-list-item-label\">X<\/span><\/label><\/span><\/span><\/span>\n<\/p>\n<p><label>Pr\u00e9nom *<\/label><br \/>\n<span class=\"wpcf7-form-control-wrap\" data-name=\"prenom\"><input size=\"40\" maxlength=\"400\" class=\"wpcf7-form-control wpcf7-text wpcf7-validates-as-required\" aria-required=\"true\" aria-invalid=\"false\" value=\"\" type=\"text\" name=\"prenom\" \/><\/span>\n<\/p>\n<p><label>Nom *<\/label><br \/>\n<span class=\"wpcf7-form-control-wrap\" data-name=\"nom\"><input size=\"40\" maxlength=\"400\" class=\"wpcf7-form-control wpcf7-text wpcf7-validates-as-required\" aria-required=\"true\" aria-invalid=\"false\" value=\"\" type=\"text\" name=\"nom\" \/><\/span>\n<\/p>\n<p><label>Adresse email *<\/label><br \/>\n<span class=\"wpcf7-form-control-wrap\" data-name=\"email\"><input size=\"40\" maxlength=\"400\" class=\"wpcf7-form-control wpcf7-email wpcf7-validates-as-required wpcf7-text wpcf7-validates-as-email\" aria-required=\"true\" aria-invalid=\"false\" value=\"\" type=\"email\" name=\"email\" \/><\/span>\n<\/p>\n<p><label>T\u00e9l\u00e9phone<\/label><br \/>\n<span class=\"wpcf7-form-control-wrap\" data-name=\"telephone\"><input size=\"40\" maxlength=\"400\" class=\"wpcf7-form-control wpcf7-tel wpcf7-text wpcf7-validates-as-tel\" aria-invalid=\"false\" value=\"\" type=\"tel\" name=\"telephone\" \/><\/span>\n<\/p>\n<p><label>Informations suppl\u00e9mentaires *<\/label><br \/>\n<span class=\"wpcf7-form-control-wrap\" data-name=\"message\"><textarea cols=\"1\" rows=\"3\" maxlength=\"2000\" class=\"wpcf7-form-control wpcf7-textarea wpcf7-validates-as-required\" aria-required=\"true\" aria-invalid=\"false\" name=\"message\"><\/textarea><\/span>\n<\/p>\n<p>En soumettant ce formulaire, j\u2019accepte que mes informations soient utilis\u00e9es uniquement dans le cadre de ma demande et de la relation commerciale \u00e9thique et personnalis\u00e9e qui peut en d\u00e9couler. \u00c0 tout moment, je peux demander l\u2019effacement de mes donn\u00e9es personnelles. <a href=\"https:\/\/www.certisys.eu\/politique-de-confidentialite\/\" target=\"_blank\">Voir politique de confidentialit\u00e9<\/a>.\n<\/p>\n<p><span class=\"wpcf7-form-control-wrap\" data-name=\"privacy\"><span class=\"wpcf7-form-control wpcf7-acceptance\"><span class=\"wpcf7-list-item\"><label><input type=\"checkbox\" name=\"privacy\" value=\"1\" aria-invalid=\"false\" \/><span class=\"wpcf7-list-item-label\">Oui, je donne mon consentement<\/span><\/label><\/span><\/span><\/span>\n<\/p>\n<p><input class=\"wpcf7-form-control wpcf7-submit has-spinner\" type=\"submit\" value=\"Envoyer ma demande\" \/>\n<\/p>\n<style>\n.grecaptcha-badge{display:block;}\n<\/style><input type='hidden' class='wpcf7-pum' value='{\"closepopup\":false,\"closedelay\":0,\"openpopup\":false,\"openpopup_id\":0}' \/><div class=\"wpcf7-response-output\" aria-hidden=\"true\"><\/div>\n<\/form>\n<\/div>\n[\/vc_column][\/vc_row][vc_row gap=\u00a0\u00bb25&Prime; css=\u00a0\u00bb.vc_custom_1605695420669{padding-top: 50px !important;padding-bottom: 150px !important;background-image: url(https:\/\/www.certisys.eu\/wp-content\/uploads\/2020\/10\/bg-3-1.png?id=892) !important;}\u00a0\u00bb el_class=\u00a0\u00bbcustom-lastrow\u00a0\u00bb][vc_column][vc_column_text css=\u00a0\u00bb.vc_custom_1606924851586{margin-bottom: 0px !important;}\u00a0\u00bb]<\/p>\n<h2 style=\"text-align: center;\">O\u00f9 nous trouver ?<\/h2>\n<p>[\/vc_column_text][\/vc_column][vc_column width=\u00a0\u00bb1\/2&Prime;][vc_column_text css=\u00a0\u00bb.vc_custom_1605695398348{margin-bottom: 70px !important;}\u00a0\u00bb]<\/p>\n<h3 style=\"text-align: center;\">Bureau d&rsquo;exploitation<\/h3>\n<p style=\"text-align: center;\">Koningin Maria Hendrikaplein 5-6<br \/>\nB-9000 Gent<br \/>\n<a href=\"mailto:info@certisys.eu\">info@certisys.eu<\/a><br \/>\nTEL 32(0)9 245 82 36[\/vc_column_text][vc_gmaps link=\u00a0\u00bb#E-8_JTNDaWZyYW1lJTIwc3JjJTNEJTIyaHR0cHMlM0ElMkYlMkZ3d3cuZ29vZ2xlLmNvbSUyRm1hcHMlMkZlbWJlZCUzRnBiJTNEJTIxMW0xOCUyMTFtMTIlMjExbTMlMjExZDI1MDguODczMzI2NzUxNzQ3MyUyMTJkMy43MTAwOTE5MTYwMzg1MDg0JTIxM2Q1MS4wMzY5NjAyNzk1NjA3MjQlMjEybTMlMjExZjAlMjEyZjAlMjEzZjAlMjEzbTIlMjExaTEwMjQlMjEyaTc2OCUyMTRmMTMuMSUyMTNtMyUyMTFtMiUyMTFzMHg0N2MzNzE2MDAyMmZmZmZmJTI1M0EweDdiNzUxMjgxOGJmNWZhNjAlMjEyc0tvbi4lMjUyME1hcmlhJTI1MjBIZW5kcmlrYXBsZWluJTI1MjA1JTI1MkMlMjUyMDkwMDAlMjUyMEdlbnQlMjE1ZTAlMjEzbTIlMjExc2ZyJTIxMnNiZSUyMTR2MTYwNTY5NTI2NDI5MCUyMTVtMiUyMTFzZnIlMjEyc2JlJTIyJTIwd2lkdGglM0QlMjI0MDAlMjIlMjBoZWlnaHQlM0QlMjIzMDAlMjIlMjBmcmFtZWJvcmRlciUzRCUyMjAlMjIlMjBzdHlsZSUzRCUyMmJvcmRlciUzQTAlM0IlMjIlMjBhbGxvd2Z1bGxzY3JlZW4lM0QlMjIlMjIlMjBhcmlhLWhpZGRlbiUzRCUyMmZhbHNlJTIyJTIwdGFiaW5kZXglM0QlMjIwJTIyJTNFJTNDJTJGaWZyYW1lJTNF\u00a0\u00bb][\/vc_column][vc_column width=\u00a0\u00bb1\/2&Prime;][vc_column_text css=\u00a0\u00bb.vc_custom_1606998417483{margin-bottom: 42px !important;}\u00a0\u00bb]<\/p>\n<h3 style=\"text-align: center;\">Bureau d\u2019exploitation<\/h3>\n<p style=\"text-align: center;\">Rue Joseph Bouch\u00e9 57\/3<br \/>\nB-5310 Bolinne<br \/>\n<a href=\"mailto:info@certisys.eu\">info@certisys.eu<\/a><br \/>\nTEL 32(0)81 60 03 77<br \/>\nFAX 32(0)81 60 03 13[\/vc_column_text][vc_gmaps link=\u00a0\u00bb#E-8_JTNDaWZyYW1lJTIwc3JjJTNEJTIyaHR0cHMlM0ElMkYlMkZ3d3cuZ29vZ2xlLmNvbSUyRm1hcHMlMkZlbWJlZCUzRnBiJTNEJTIxMW0xOCUyMTFtMTIlMjExbTMlMjExZDI1MzIuMzQ2Nzc4OTM5MjU1MyUyMTJkNC45MjU1ODI1MTYwMjUzNDMlMjEzZDUwLjYwMjA5MzQ3OTQ5NjU3JTIxMm0zJTIxMWYwJTIxMmYwJTIxM2YwJTIxM20yJTIxMWkxMDI0JTIxMmk3NjglMjE0ZjEzLjElMjEzbTMlMjExbTIlMjExczB4NDdjMTc1MGU4ZmNkZjYwOSUyNTNBMHhjMThkMzY3YmI0YjNjMDU5JTIxMnNSdWUlMjUyMEpvc2VwaCUyNTIwQm91Y2glMjVDMyUyNUE5JTI1MjA1NyUyNTJDJTI1MjA1MzEwJTI1MjBCb2xpbm5lJTIxNWUwJTIxM20yJTIxMXNmciUyMTJzYmUlMjE0djE2MDU2OTUxNzk0OTglMjE1bTIlMjExc2ZyJTIxMnNiZSUyMiUyMHdpZHRoJTNEJTIyNDAwJTIyJTIwaGVpZ2h0JTNEJTIyMzAwJTIyJTIwZnJhbWVib3JkZXIlM0QlMjIwJTIyJTIwc3R5bGUlM0QlMjJib3JkZXIlM0EwJTNCJTIyJTIwYWxsb3dmdWxsc2NyZWVuJTNEJTIyJTIyJTIwYXJpYS1oaWRkZW4lM0QlMjJmYWxzZSUyMiUyMHRhYmluZGV4JTNEJTIyMCUyMiUzRSUzQyUyRmlmcmFtZSUzRQ==\u00a0\u00bb][\/vc_column][vc_column][vc_column_text css=\u00a0\u00bb.vc_custom_1621235143591{margin-bottom: 70px !important;}\u00a0\u00bb]<\/p>\n<h3 style=\"text-align: center;\">Si\u00e8ge social<\/h3>\n<p style=\"text-align: center;\">Square de Mee\u00fbs, 35<br \/>\nB-1000 Bruxelles<br \/>\n<a href=\"mailto:info@certisys.eu\">info@certisys.eu<\/a><br \/>\nTVA BE0445.344.915[\/vc_column_text][\/vc_column][\/vc_row]<\/p>\n<\/div>","protected":false},"excerpt":{"rendered":"<p>[vc_row css=\u00a0\u00bb.vc_custom_1602658467292{padding-top: 50px !important;padding-bottom: 50px !important;background-color: #f0f3f1 !important;}\u00a0\u00bb][vc_column][vc_column_text css=\u00a0\u00bb\u00a0\u00bb] Envoyez nous votre demande de devis [\/vc_column_text][\/vc_column][vc_column width=\u00a0\u00bb2\/3&Prime; offset=\u00a0\u00bbvc_col-lg-offset-4 vc_col-lg-4 vc_col-md-offset-3 vc_col-md-6&Prime;][\/vc_column][\/vc_row][vc_row gap=\u00a0\u00bb25&Prime; css=\u00a0\u00bb.vc_custom_1605695420669{padding-top: 50px !important;padding-bottom: 150px !important;background-image: url(https:\/\/www.certisys.eu\/wp-content\/uploads\/2020\/10\/bg-3-1.png?id=892) !important;}\u00a0\u00bb el_class=\u00a0\u00bbcustom-lastrow\u00a0\u00bb][vc_column][vc_column_text css=\u00a0\u00bb.vc_custom_1606924851586{margin-bottom: 0px !important;}\u00a0\u00bb] O\u00f9 nous trouver ? [\/vc_column_text][\/vc_column][vc_column width=\u00a0\u00bb1\/2&Prime;][vc_column_text css=\u00a0\u00bb.vc_custom_1605695398348{margin-bottom: 70px !important;}\u00a0\u00bb] Bureau d&rsquo;exploitation Koningin Maria Hendrikaplein 5-6 B-9000 Gent info@certisys.eu TEL 32(0)9 245 82 [&hellip;]<\/p>\n","protected":false},"author":3,"featured_media":0,"parent":0,"menu_order":8,"comment_status":"closed","ping_status":"closed","template":"","meta":{"_acf_changed":false,"footnotes":""},"class_list":["post-12138","page","type-page","status-publish","hentry"],"acf":[],"yoast_head":"<!-- This site is optimized with the Yoast SEO plugin v26.6 - https:\/\/yoast.com\/wordpress\/plugins\/seo\/ -->\n<title>Demander un devis Certisys<\/title>\n<meta name=\"description\" content=\"Vous d\u00e9sirez obtenir plus d\u2019information sur le contr\u00f4le et la certification BIO? Vous avez besoin de documents, de mat\u00e9riel ? Contactez-nous!\" \/>\n<meta name=\"robots\" content=\"index, follow, max-snippet:-1, max-image-preview:large, max-video-preview:-1\" \/>\n<link rel=\"canonical\" href=\"https:\/\/www.certisys.eu\/fr\/demande-de-devis\/\" \/>\n<meta property=\"og:locale\" content=\"fr_FR\" \/>\n<meta property=\"og:type\" content=\"article\" \/>\n<meta property=\"og:title\" content=\"Demander un devis Certisys\" \/>\n<meta property=\"og:description\" content=\"Vous d\u00e9sirez obtenir plus d\u2019information sur le contr\u00f4le et la certification BIO? Vous avez besoin de documents, de mat\u00e9riel ? Contactez-nous!\" \/>\n<meta property=\"og:url\" content=\"https:\/\/www.certisys.eu\/fr\/demande-de-devis\/\" \/>\n<meta property=\"og:site_name\" content=\"CERTISYS\" \/>\n<meta property=\"article:modified_time\" content=\"2025-06-16T09:25:29+00:00\" \/>\n<meta name=\"twitter:card\" content=\"summary_large_image\" \/>\n<meta name=\"twitter:label1\" content=\"Dur\u00e9e de lecture estim\u00e9e\" \/>\n\t<meta name=\"twitter:data1\" content=\"1 minute\" \/>\n<!-- \/ Yoast SEO plugin. -->","yoast_head_json":{"title":"Demander un devis Certisys","description":"Vous d\u00e9sirez obtenir plus d\u2019information sur le contr\u00f4le et la certification BIO? Vous avez besoin de documents, de mat\u00e9riel ? Contactez-nous!","robots":{"index":"index","follow":"follow","max-snippet":"max-snippet:-1","max-image-preview":"max-image-preview:large","max-video-preview":"max-video-preview:-1"},"canonical":"https:\/\/www.certisys.eu\/fr\/demande-de-devis\/","og_locale":"fr_FR","og_type":"article","og_title":"Demander un devis Certisys","og_description":"Vous d\u00e9sirez obtenir plus d\u2019information sur le contr\u00f4le et la certification BIO? Vous avez besoin de documents, de mat\u00e9riel ? Contactez-nous!","og_url":"https:\/\/www.certisys.eu\/fr\/demande-de-devis\/","og_site_name":"CERTISYS","article_modified_time":"2025-06-16T09:25:29+00:00","twitter_card":"summary_large_image","twitter_misc":{"Dur\u00e9e de lecture estim\u00e9e":"1 minute"},"schema":{"@context":"https:\/\/schema.org","@graph":[{"@type":"WebPage","@id":"https:\/\/www.certisys.eu\/fr\/demande-de-devis\/","url":"https:\/\/www.certisys.eu\/fr\/demande-de-devis\/","name":"Demander un devis Certisys","isPartOf":{"@id":"https:\/\/www.certisys.eu\/fr\/#website"},"datePublished":"2022-02-02T09:09:41+00:00","dateModified":"2025-06-16T09:25:29+00:00","description":"Vous d\u00e9sirez obtenir plus d\u2019information sur le contr\u00f4le et la certification BIO? Vous avez besoin de documents, de mat\u00e9riel ? Contactez-nous!","breadcrumb":{"@id":"https:\/\/www.certisys.eu\/fr\/demande-de-devis\/#breadcrumb"},"inLanguage":"fr-FR","potentialAction":[{"@type":"ReadAction","target":["https:\/\/www.certisys.eu\/fr\/demande-de-devis\/"]}]},{"@type":"BreadcrumbList","@id":"https:\/\/www.certisys.eu\/fr\/demande-de-devis\/#breadcrumb","itemListElement":[{"@type":"ListItem","position":1,"name":"Home","item":"https:\/\/www.certisys.eu\/fr\/"},{"@type":"ListItem","position":2,"name":"Demande de devis"}]},{"@type":"WebSite","@id":"https:\/\/www.certisys.eu\/fr\/#website","url":"https:\/\/www.certisys.eu\/fr\/","name":"CERTISYS","description":"Bio Certification","potentialAction":[{"@type":"SearchAction","target":{"@type":"EntryPoint","urlTemplate":"https:\/\/www.certisys.eu\/fr\/?s={search_term_string}"},"query-input":{"@type":"PropertyValueSpecification","valueRequired":true,"valueName":"search_term_string"}}],"inLanguage":"fr-FR"}]}},"jetpack_sharing_enabled":true,"_links":{"self":[{"href":"https:\/\/www.certisys.eu\/fr\/wp-json\/wp\/v2\/pages\/12138","targetHints":{"allow":["GET"]}}],"collection":[{"href":"https:\/\/www.certisys.eu\/fr\/wp-json\/wp\/v2\/pages"}],"about":[{"href":"https:\/\/www.certisys.eu\/fr\/wp-json\/wp\/v2\/types\/page"}],"author":[{"embeddable":true,"href":"https:\/\/www.certisys.eu\/fr\/wp-json\/wp\/v2\/users\/3"}],"replies":[{"embeddable":true,"href":"https:\/\/www.certisys.eu\/fr\/wp-json\/wp\/v2\/comments?post=12138"}],"version-history":[{"count":5,"href":"https:\/\/www.certisys.eu\/fr\/wp-json\/wp\/v2\/pages\/12138\/revisions"}],"predecessor-version":[{"id":53517,"href":"https:\/\/www.certisys.eu\/fr\/wp-json\/wp\/v2\/pages\/12138\/revisions\/53517"}],"wp:attachment":[{"href":"https:\/\/www.certisys.eu\/fr\/wp-json\/wp\/v2\/media?parent=12138"}],"curies":[{"name":"wp","href":"https:\/\/api.w.org\/{rel}","templated":true}]}}