{"id":12,"date":"2020-10-12T10:22:07","date_gmt":"2020-10-12T08:22:07","guid":{"rendered":"https:\/\/certisys.poush.be\/?page_id=12"},"modified":"2026-01-06T17:04:25","modified_gmt":"2026-01-06T15:04:25","slug":"a-propos","status":"publish","type":"page","link":"https:\/\/www.certisys.eu\/fr\/a-propos\/","title":{"rendered":"\u00c0 propos"},"content":{"rendered":"<div class=\"wpb-content-wrapper\"><p>[vc_row full_width=\u00a0\u00bbstretch_row\u00a0\u00bb css=\u00a0\u00bb.vc_custom_1614242522066{padding-top: 50px !important;padding-bottom: 50px !important;background-color: #f0f3f1 !important;}\u00a0\u00bb][vc_column width=\u00a0\u00bb1\/6&Prime;][\/vc_column][vc_column width=\u00a0\u00bb2\/3&Prime;][vc_column_text]<\/p>\n<h2 style=\"text-align: center;\">CERTISYS\u00ae, LA r\u00e9f\u00e9rence en mati\u00e8re de certifications BIO et durables<\/h2>\n<p>[\/vc_column_text][vc_column_text css=\u00a0\u00bb\u00a0\u00bb]<\/p>\n<p style=\"text-align: center;\">Actif depuis 1980, CERTISYS\u00ae est le <strong>pionnier de la certification BIO<\/strong> en Belgique. Notre <strong>expertise<\/strong> et notre <strong>engagement BIO<\/strong> et durable font de nous votre contact privil\u00e9gi\u00e9 pour vous accompagner dans vos d\u00e9marches bio et durables en Belgique, en Hollande et au Grand-Duch\u00e9 du Luxembourg . Nous vous proposons de &nbsp;nombreux syst\u00e8mes officiels europ\u00e9ens et internationaux de l\u2019agriculture biologique (JAS, BIO Suisse, Canada Organic, NOP\u2026) ainsi que des cahiers des charges priv\u00e9s dans le domaine de la cosm\u00e9tique et des d\u00e9tergents (Ecogarantie\u00ae, Ecocert Ecod\u00e9tergent&#8230;), du commerce durable et \u00e9quitable (Rainforest Alliance, Fair for Life, MSC\u2026) et du catering.<\/p>\n<h3 style=\"text-align: center;\">Nous sommes la filiale Benelux du <a href=\"https:\/\/www.ecocert.com\/fr\/home\">Groupe international Ecocert<\/a>,&nbsp;le sp\u00e9cialiste mondial de la certification des pratiques durables.<\/h3>\n<p style=\"text-align: center;\">A travers le Groupe Ecocert, nous intervenons \u00e0 vos c\u00f4t\u00e9s dans plus de 130 pays. Gr\u00e2ce \u00e0 nos implantations partout dans le monde, vous b\u00e9n\u00e9ficiez localement de l\u2019expertise de nos \u00e9quipes sp\u00e9cialistes de votre fili\u00e8re et votre activit\u00e9. Nous accompagnons de nombreuses organisations dans le d\u00e9ploiement et la valorisation de pratiques durables \u00e0 travers la certification, le conseil et la formation. &nbsp;La marque de certification ECOCERT est mondialement reconnue par les consommateurs pour ses choix de r\u00e9f\u00e9rentiels exigeants et pour la qualit\u00e9 de ses garanties.<\/p>\n<div id=\"ConnectiveDocSignExtentionInstalled\" data-extension-version=\"1.0.4\"><\/div>\n<p>[\/vc_column_text][vc_row_inner][vc_column_inner width=\u00a0\u00bb1\/4&Prime;][\/vc_column_inner][vc_column_inner width=\u00a0\u00bb1\/4&Prime;][vc_single_image image=\u00a0\u00bb8655&Prime; img_size=\u00a0\u00bb500 x 300&Prime; alignment=\u00a0\u00bbcenter\u00a0\u00bb][\/vc_column_inner][vc_column_inner width=\u00a0\u00bb1\/4&Prime;][vc_single_image image=\u00a0\u00bb8643&Prime; img_size=\u00a0\u00bb500 x 300&Prime;][\/vc_column_inner][vc_column_inner width=\u00a0\u00bb1\/4&Prime;][\/vc_column_inner][\/vc_row_inner][\/vc_column][vc_column width=\u00a0\u00bb1\/6&Prime;][\/vc_column][\/vc_row][vc_row full_width=\u00a0\u00bbstretch_row\u00a0\u00bb css=\u00a0\u00bb.vc_custom_1614242503876{padding-top: 50px !important;padding-bottom: 50px !important;background-color: #325338 !important;}\u00a0\u00bb][vc_column][vc_column_text el_class=\u00a0\u00bbcustom-white\u00a0\u00bb]<\/p>\n<h2 style=\"text-align: center;\">CERTISYS\u00ae en quelques chiffres<\/h2>\n<p>[\/vc_column_text][vc_row_inner][vc_column_inner width=\u00a0\u00bb1\/5&Prime;][vc_single_image image=\u00a0\u00bb3109&Prime; img_size=\u00a0\u00bb80&#215;80&Prime; alignment=\u00a0\u00bbcenter\u00a0\u00bb css_animation=\u00a0\u00bbfadeInDown\u00a0\u00bb css=\u00a0\u00bb.vc_custom_1614242177664{margin-bottom: 20px !important;}\u00a0\u00bb][vc_column_text css=\u00a0\u00bb\u00a0\u00bb el_class=\u00a0\u00bbcustom-white\u00a0\u00bb]<\/p>\n<h3 style=\"text-align: center;\">+\/-&nbsp;3.500 clients<\/h3>\n<p style=\"text-align: center;\">soit 59% <span data-teams=\"true\"> des exploitations belges bio certifi\u00e9es <\/span> nous font d\u00e9j\u00e0 confiance<\/p>\n<p>[\/vc_column_text][\/vc_column_inner][vc_column_inner width=\u00a0\u00bb1\/5&Prime;][vc_single_image image=\u00a0\u00bb3097&Prime; img_size=\u00a0\u00bb80&#215;80&Prime; alignment=\u00a0\u00bbcenter\u00a0\u00bb css_animation=\u00a0\u00bbfadeInDown\u00a0\u00bb css=\u00a0\u00bb.vc_custom_1614242189139{margin-bottom: 20px !important;}\u00a0\u00bb][vc_column_text css=\u00a0\u00bb\u00a0\u00bb el_class=\u00a0\u00bbcustom-white\u00a0\u00bb]<\/p>\n<h3 style=\"text-align: center;\">+ de 10 000 audits<br \/>\npar an<\/h3>\n<p>[\/vc_column_text][\/vc_column_inner][vc_column_inner width=\u00a0\u00bb1\/5&Prime;][vc_single_image image=\u00a0\u00bb3625&Prime; img_size=\u00a0\u00bb80&#215;80&Prime; alignment=\u00a0\u00bbcenter\u00a0\u00bb css_animation=\u00a0\u00bbfadeInDown\u00a0\u00bb css=\u00a0\u00bb.vc_custom_1615472152583{margin-bottom: 20px !important;}\u00a0\u00bb][vc_column_text css=\u00a0\u00bb\u00a0\u00bb el_class=\u00a0\u00bbcustom-white\u00a0\u00bb]<\/p>\n<h3 style=\"text-align: center;\">+ de 1.700<\/h3>\n<h3 style=\"text-align: center;\">\u00e9chantillons pr\u00e9lev\u00e9s<\/h3>\n<h3 style=\"text-align: center;\">et analyses par an<\/h3>\n<p>[\/vc_column_text][\/vc_column_inner][vc_column_inner width=\u00a0\u00bb1\/5&Prime;][vc_single_image image=\u00a0\u00bb4338&Prime; img_size=\u00a0\u00bb80&#215;80&Prime; alignment=\u00a0\u00bbcenter\u00a0\u00bb css_animation=\u00a0\u00bbfadeInDown\u00a0\u00bb css=\u00a0\u00bb.vc_custom_1617352644810{margin-bottom: 20px !important;}\u00a0\u00bb][vc_column_text el_class=\u00a0\u00bbcustom-white\u00a0\u00bb]<\/p>\n<h3 style=\"text-align: center;\">3 bureaux<\/h3>\n<p style=\"text-align: center;\">1 dans chaque R\u00e9gion<\/p>\n<p>[\/vc_column_text][\/vc_column_inner][vc_column_inner width=\u00a0\u00bb1\/5&Prime;][vc_single_image image=\u00a0\u00bb3105&Prime; img_size=\u00a0\u00bb80&#215;80&Prime; alignment=\u00a0\u00bbcenter\u00a0\u00bb css_animation=\u00a0\u00bbfadeInDown\u00a0\u00bb css=\u00a0\u00bb.vc_custom_1614242215507{margin-bottom: 20px !important;}\u00a0\u00bb][vc_column_text el_class=\u00a0\u00bbcustom-white\u00a0\u00bb]<\/p>\n<h3 style=\"text-align: center;\">+ de 25 auditeurs locaux<\/h3>\n<p>[\/vc_column_text][\/vc_column_inner][\/vc_row_inner][\/vc_column][\/vc_row][vc_row css=\u00a0\u00bb.vc_custom_1615473502802{padding-top: 50px !important;}\u00a0\u00bb el_class=\u00a0\u00bbcustom-lastrow\u00a0\u00bb][vc_column][vc_column_text]<\/p>\n<h2 style=\"text-align: center;\">Aux origines de notre engagement<\/h2>\n<p>[\/vc_column_text][vc_row_inner][vc_column_inner offset=\u00a0\u00bbvc_col-lg-offset-2 vc_col-lg-4 vc_col-md-offset-2 vc_col-md-4&Prime;][vc_single_image image=\u00a0\u00bb1606&Prime; img_size=\u00a0\u00bb30&#215;68&Prime; alignment=\u00a0\u00bbcenter\u00a0\u00bb css=\u00a0\u00bb.vc_custom_1617352223882{margin-bottom: 10px !important;}\u00a0\u00bb][vc_column_text css=\u00a0\u00bb.vc_custom_1621933962063{margin-bottom: 0px !important;}\u00a0\u00bb]<\/p>\n<h3 style=\"text-align: center; color: #e30613;\">1980<\/h3>\n<p style=\"text-align: center;\">Un <strong>groupe de pionniers<\/strong> passionn\u00e9s par la terre, conscients de la n\u00e9cessit\u00e9 de prot\u00e9ger les sols et la biodiversit\u00e9, <strong>initie le mouvement de l\u2019agriculture biologique<\/strong>.\u00a0 \u00c0 cette \u00e9poque, il n\u2019existe pas encore de cahiers des charges BIO. Tout est \u00e0 mettre en place ! Ces pionniers du BIO participeront \u00e0 la r\u00e9daction de la r\u00e9glementation europ\u00e9enne et de cahiers des charges priv\u00e9s nationaux.<\/p>\n<p>[\/vc_column_text][\/vc_column_inner][\/vc_row_inner][vc_single_image image=\u00a0\u00bb5546&Prime; img_size=\u00a0\u00bb1200&#215;150&Prime; alignment=\u00a0\u00bbcenter\u00a0\u00bb css=\u00a0\u00bb.vc_custom_1619007349120{margin-bottom: 0px !important;}\u00a0\u00bb][vc_row_inner][vc_column_inner offset=\u00a0\u00bbvc_col-lg-offset-6 vc_col-lg-4 vc_col-md-offset-6 vc_col-md-4&Prime; css=\u00a0\u00bb.vc_custom_1615473091947{padding-top: 0px !important;}\u00a0\u00bb][vc_single_image image=\u00a0\u00bb1606&Prime; img_size=\u00a0\u00bb30&#215;68&Prime; alignment=\u00a0\u00bbcenter\u00a0\u00bb css=\u00a0\u00bb.vc_custom_1617352223882{margin-bottom: 10px !important;}\u00a0\u00bb][vc_column_text css=\u00a0\u00bb.vc_custom_1621933977625{margin-bottom: 0px !important;}\u00a0\u00bb]<\/p>\n<h3 style=\"text-align: center; color: #e30613;\">1991<\/h3>\n<p style=\"text-align: center;\">Le R\u00e8glement BIO europ\u00e9en voit le jour. <strong>Blaise Hommelen cr\u00e9e la soci\u00e9t\u00e9 \u00ab ECOCERT BELGIUM \u00bb<\/strong> pour relever le d\u00e9fi d&rsquo;un contr\u00f4le et d&rsquo;une certification fiables et cr\u00e9dibles de l&rsquo;agriculture biologique et permettre aux op\u00e9rateurs de valoriser au mieux leurs produits.<\/p>\n<p>[\/vc_column_text][\/vc_column_inner][\/vc_row_inner][vc_single_image image=\u00a0\u00bb5550&Prime; img_size=\u00a0\u00bb1200&#215;150&Prime; alignment=\u00a0\u00bbcenter\u00a0\u00bb css=\u00a0\u00bb.vc_custom_1619007357914{margin-bottom: 0px !important;}\u00a0\u00bb][vc_row_inner][vc_column_inner offset=\u00a0\u00bbvc_col-lg-offset-2 vc_col-lg-4 vc_col-md-offset-2 vc_col-md-4&Prime; css=\u00a0\u00bb.vc_custom_1615473118845{padding-top: 0px !important;}\u00a0\u00bb][vc_single_image image=\u00a0\u00bb1606&Prime; img_size=\u00a0\u00bb30&#215;68&Prime; alignment=\u00a0\u00bbcenter\u00a0\u00bb css=\u00a0\u00bb.vc_custom_1617352223882{margin-bottom: 10px !important;}\u00a0\u00bb][vc_column_text css=\u00a0\u00bb.vc_custom_1673961079920{margin-bottom: 0px !important;}\u00a0\u00bb]<\/p>\n<h3 style=\"text-align: center; color: #e30613;\">2000<\/h3>\n<p style=\"text-align: center;\">ECOCERT BELGIUM re\u00e7oit son agr\u00e9ment pour <strong>contr\u00f4ler et certifier au Grand-Duch\u00e9 du Luxembourg<\/strong>. La soci\u00e9t\u00e9 contr\u00f4le \u00e0 cette \u00e9poque plus de 700 op\u00e9rateur<\/p>\n<p>[\/vc_column_text][\/vc_column_inner][\/vc_row_inner][vc_single_image image=\u00a0\u00bb5554&Prime; img_size=\u00a0\u00bb1200&#215;150&Prime; alignment=\u00a0\u00bbcenter\u00a0\u00bb css=\u00a0\u00bb.vc_custom_1619007365702{margin-bottom: 0px !important;}\u00a0\u00bb][vc_row_inner][vc_column_inner offset=\u00a0\u00bbvc_col-lg-offset-6 vc_col-lg-4 vc_col-md-offset-6 vc_col-md-4&Prime; css=\u00a0\u00bb.vc_custom_1615473091947{padding-top: 0px !important;}\u00a0\u00bb][vc_single_image image=\u00a0\u00bb1606&Prime; img_size=\u00a0\u00bb30&#215;68&Prime; alignment=\u00a0\u00bbcenter\u00a0\u00bb css=\u00a0\u00bb.vc_custom_1617352223882{margin-bottom: 10px !important;}\u00a0\u00bb][vc_column_text css=\u00a0\u00bb.vc_custom_1673961108216{margin-bottom: 0px !important;}\u00a0\u00bb]<\/p>\n<h3 style=\"text-align: center; color: #e30613;\">2007<\/h3>\n<p style=\"text-align: center;\"><strong>ECOCERT BELGIUM change de nom et devient CERTISYS\u00ae<\/strong>. La soci\u00e9t\u00e9 compte 24 collaborateurs. Un syst\u00e8me de contr\u00f4le bas\u00e9 sur des analyses de risque est d\u00e9velopp\u00e9 permettant de mieux cibler les contr\u00f4les sur le terrain.<\/p>\n<p>[\/vc_column_text][\/vc_column_inner][\/vc_row_inner][vc_single_image image=\u00a0\u00bb5550&Prime; img_size=\u00a0\u00bb1200&#215;150&Prime; alignment=\u00a0\u00bbcenter\u00a0\u00bb css=\u00a0\u00bb.vc_custom_1619007376131{margin-bottom: 0px !important;}\u00a0\u00bb][vc_row_inner][vc_column_inner offset=\u00a0\u00bbvc_col-lg-offset-2 vc_col-lg-4 vc_col-md-offset-2 vc_col-md-4&Prime; css=\u00a0\u00bb.vc_custom_1615473118845{padding-top: 0px !important;}\u00a0\u00bb][vc_single_image image=\u00a0\u00bb1606&Prime; img_size=\u00a0\u00bb30&#215;68&Prime; alignment=\u00a0\u00bbcenter\u00a0\u00bb css=\u00a0\u00bb.vc_custom_1617352223882{margin-bottom: 10px !important;}\u00a0\u00bb][vc_column_text css=\u00a0\u00bb.vc_custom_1673961151134{margin-bottom: 0px !important;}\u00a0\u00bb]<\/p>\n<h3 style=\"text-align: center; color: #e30613;\">2021<\/h3>\n<p style=\"text-align: center;\">CERTISYS\u00ae renforce sa position de leader du contr\u00f4le et de la certification BIO et poursuit son expansion<strong> en rejoignant le groupe ECOCERT<\/strong>.<\/p>\n<p>[\/vc_column_text][\/vc_column_inner][\/vc_row_inner][\/vc_column][\/vc_row][vc_row css=\u00a0\u00bb.vc_custom_1620370884352{padding-top: 50px !important;padding-bottom: 150px !important;background-image: url(https:\/\/www.certisys.eu\/wp-content\/uploads\/2020\/10\/bg-3-1.png?id=892) !important;}\u00a0\u00bb el_class=\u00a0\u00bbcustom-lastrow\u00a0\u00bb][vc_column css=\u00a0\u00bb.vc_custom_1616056778505{padding-top: 0px !important;}\u00a0\u00bb offset=\u00a0\u00bbvc_col-lg-offset-2 vc_col-lg-8 vc_col-md-offset-1 vc_col-md-10&Prime;][vc_column_text]<\/p>\n<h2 style=\"text-align: center;\">Plus d&rsquo;informations<\/h2>\n<p>[\/vc_column_text][vc_row_inner][vc_column_inner width=\u00a0\u00bb1\/2&Prime;]<div class=\"d-flex justify-content-center vc_custom_1620370738215\"><a class=\"psh_button btn-58236582\" href=\"https:\/\/www.certisys.eu\/a-propos\/engagement\/\" alt=\"Notre engagement\" target=\"\">Notre engagement<\/a><\/div>\n        <style>.psh_button.btn-58236582{\n          font-size: 18px;\n          text-transform: none;\n          padding: 10px 20px 10px 20px;\n          border-radius: 80px;\n          border-width: 0px;\n          background-color: #e30613;\n          border-color: ;\n          border-style: solid;\n          color: #ffffff;\n          display: inline-block;\n          width:250px;\n          transition: all .3s ease-in-out;\n        }\n        .psh_button.btn-58236582:hover{\n          background-color: #f18970;\n          border-color: ;\n          color: #ffffff;\n          transition: all .3s ease-in-out;\n        }.vc_custom_1620370738215{margin-bottom: 15px !important;}<\/style><div class=\"d-flex justify-content-center vc_custom_1620387718756\"><a class=\"psh_button btn-17162717\" href=\"https:\/\/www.certisys.eu\/a-propos\/equipes\/\" alt=\"Nos \u00e9quipes\" target=\"\">Nos \u00e9quipes<\/a><\/div>\n        <style>.psh_button.btn-17162717{\n          font-size: 18px;\n          text-transform: none;\n          padding: 10px 20px 10px 20px;\n          border-radius: 80px;\n          border-width: 0px;\n          background-color: #e30613;\n          border-color: ;\n          border-style: solid;\n          color: #ffffff;\n          display: inline-block;\n          width:250px;\n          transition: all .3s ease-in-out;\n        }\n        .psh_button.btn-17162717:hover{\n          background-color: #f18970;\n          border-color: ;\n          color: #ffffff;\n          transition: all .3s ease-in-out;\n        }.vc_custom_1620387718756{margin-bottom: 15px !important;}<\/style>[\/vc_column_inner][vc_column_inner width=\u00a0\u00bb1\/2&Prime;]<div class=\"d-flex justify-content-center vc_custom_1620370852071\"><a class=\"psh_button btn-93805913\" href=\"https:\/\/www.certisys.eu\/a-propos\/accreditations\/\" alt=\"Nos accr\u00e9ditations\" target=\"\">Nos accr\u00e9ditations<\/a><\/div>\n        <style>.psh_button.btn-93805913{\n          font-size: 18px;\n          text-transform: none;\n          padding: 10px 20px 10px 20px;\n          border-radius: 80px;\n          border-width: 0px;\n          background-color: #e30613;\n          border-color: ;\n          border-style: solid;\n          color: #ffffff;\n          display: inline-block;\n          width:250px;\n          transition: all .3s ease-in-out;\n        }\n        .psh_button.btn-93805913:hover{\n          background-color: #f18970;\n          border-color: ;\n          color: #ffffff;\n          transition: all .3s ease-in-out;\n        }.vc_custom_1620370852071{margin-bottom: 15px !important;}<\/style><div class=\"d-flex justify-content-center vc_custom_1620370816297\"><a class=\"psh_button btn-98800569\" href=\"https:\/\/www.certisys.eu\/a-propos\/rapports-annuels\/\" alt=\"Nos rapports annuels\" target=\"\">Nos rapports annuels<\/a><\/div>\n        <style>.psh_button.btn-98800569{\n          font-size: 18px;\n          text-transform: none;\n          padding: 10px 20px 10px 20px;\n          border-radius: 80px;\n          border-width: 0px;\n          background-color: #e30613;\n          border-color: ;\n          border-style: solid;\n          color: #ffffff;\n          display: inline-block;\n          width:250px;\n          transition: all .3s ease-in-out;\n        }\n        .psh_button.btn-98800569:hover{\n          background-color: #f18970;\n          border-color: ;\n          color: #ffffff;\n          transition: all .3s ease-in-out;\n        }.vc_custom_1620370816297{margin-bottom: 15px !important;}<\/style>[\/vc_column_inner][\/vc_row_inner][\/vc_column][\/vc_row]<\/p>\n<\/div>","protected":false},"excerpt":{"rendered":"<p>[vc_row full_width=\u00a0\u00bbstretch_row\u00a0\u00bb css=\u00a0\u00bb.vc_custom_1614242522066{padding-top: 50px !important;padding-bottom: 50px !important;background-color: #f0f3f1 !important;}\u00a0\u00bb][vc_column width=\u00a0\u00bb1\/6&Prime;][\/vc_column][vc_column width=\u00a0\u00bb2\/3&Prime;][vc_column_text] CERTISYS\u00ae, LA r\u00e9f\u00e9rence en mati\u00e8re de certifications BIO et durables [\/vc_column_text][vc_column_text css=\u00a0\u00bb\u00a0\u00bb] Actif depuis 1980, CERTISYS\u00ae est le pionnier de la certification BIO en Belgique. Notre expertise et notre engagement BIO et durable font de nous votre contact privil\u00e9gi\u00e9 pour vous accompagner dans vos [&hellip;]<\/p>\n","protected":false},"author":1,"featured_media":0,"parent":0,"menu_order":2,"comment_status":"closed","ping_status":"closed","template":"","meta":{"_acf_changed":false,"footnotes":""},"class_list":["post-12","page","type-page","status-publish","hentry"],"acf":[],"yoast_head":"<!-- This site is optimized with the Yoast SEO plugin v26.6 - https:\/\/yoast.com\/wordpress\/plugins\/seo\/ -->\n<title>CERTISYS\u00ae est le pionnier de la certification BIO en Belgique<\/title>\n<meta name=\"description\" content=\"Notre expertise et notre engagement 100% BIO font de nous le leader sur le march\u00e9 Belge.\" \/>\n<meta name=\"robots\" content=\"index, follow, max-snippet:-1, max-image-preview:large, max-video-preview:-1\" \/>\n<link rel=\"canonical\" href=\"https:\/\/www.certisys.eu\/fr\/a-propos\/\" \/>\n<meta property=\"og:locale\" content=\"fr_FR\" \/>\n<meta property=\"og:type\" content=\"article\" \/>\n<meta property=\"og:title\" content=\"CERTISYS\u00ae est le pionnier de la certification BIO en Belgique\" \/>\n<meta property=\"og:description\" content=\"Notre expertise et notre engagement 100% BIO font de nous le leader sur le march\u00e9 Belge.\" \/>\n<meta property=\"og:url\" content=\"https:\/\/www.certisys.eu\/fr\/a-propos\/\" \/>\n<meta property=\"og:site_name\" content=\"CERTISYS\" \/>\n<meta property=\"article:modified_time\" content=\"2026-01-06T15:04:25+00:00\" \/>\n<meta name=\"twitter:card\" content=\"summary_large_image\" \/>\n<meta name=\"twitter:label1\" content=\"Dur\u00e9e de lecture estim\u00e9e\" \/>\n\t<meta name=\"twitter:data1\" content=\"4 minutes\" \/>\n<!-- \/ Yoast SEO plugin. -->","yoast_head_json":{"title":"CERTISYS\u00ae est le pionnier de la certification BIO en Belgique","description":"Notre expertise et notre engagement 100% BIO font de nous le leader sur le march\u00e9 Belge.","robots":{"index":"index","follow":"follow","max-snippet":"max-snippet:-1","max-image-preview":"max-image-preview:large","max-video-preview":"max-video-preview:-1"},"canonical":"https:\/\/www.certisys.eu\/fr\/a-propos\/","og_locale":"fr_FR","og_type":"article","og_title":"CERTISYS\u00ae est le pionnier de la certification BIO en Belgique","og_description":"Notre expertise et notre engagement 100% BIO font de nous le leader sur le march\u00e9 Belge.","og_url":"https:\/\/www.certisys.eu\/fr\/a-propos\/","og_site_name":"CERTISYS","article_modified_time":"2026-01-06T15:04:25+00:00","twitter_card":"summary_large_image","twitter_misc":{"Dur\u00e9e de lecture estim\u00e9e":"4 minutes"},"schema":{"@context":"https:\/\/schema.org","@graph":[{"@type":"WebPage","@id":"https:\/\/www.certisys.eu\/fr\/a-propos\/","url":"https:\/\/www.certisys.eu\/fr\/a-propos\/","name":"CERTISYS\u00ae est le pionnier de la certification BIO en Belgique","isPartOf":{"@id":"https:\/\/www.certisys.eu\/fr\/#website"},"datePublished":"2020-10-12T08:22:07+00:00","dateModified":"2026-01-06T15:04:25+00:00","description":"Notre expertise et notre engagement 100% BIO font de nous le leader sur le march\u00e9 Belge.","breadcrumb":{"@id":"https:\/\/www.certisys.eu\/fr\/a-propos\/#breadcrumb"},"inLanguage":"fr-FR","potentialAction":[{"@type":"ReadAction","target":["https:\/\/www.certisys.eu\/fr\/a-propos\/"]}]},{"@type":"BreadcrumbList","@id":"https:\/\/www.certisys.eu\/fr\/a-propos\/#breadcrumb","itemListElement":[{"@type":"ListItem","position":1,"name":"Home","item":"https:\/\/www.certisys.eu\/fr\/"},{"@type":"ListItem","position":2,"name":"\u00c0 propos"}]},{"@type":"WebSite","@id":"https:\/\/www.certisys.eu\/fr\/#website","url":"https:\/\/www.certisys.eu\/fr\/","name":"CERTISYS","description":"Bio Certification","potentialAction":[{"@type":"SearchAction","target":{"@type":"EntryPoint","urlTemplate":"https:\/\/www.certisys.eu\/fr\/?s={search_term_string}"},"query-input":{"@type":"PropertyValueSpecification","valueRequired":true,"valueName":"search_term_string"}}],"inLanguage":"fr-FR"}]}},"jetpack_sharing_enabled":true,"_links":{"self":[{"href":"https:\/\/www.certisys.eu\/fr\/wp-json\/wp\/v2\/pages\/12","targetHints":{"allow":["GET"]}}],"collection":[{"href":"https:\/\/www.certisys.eu\/fr\/wp-json\/wp\/v2\/pages"}],"about":[{"href":"https:\/\/www.certisys.eu\/fr\/wp-json\/wp\/v2\/types\/page"}],"author":[{"embeddable":true,"href":"https:\/\/www.certisys.eu\/fr\/wp-json\/wp\/v2\/users\/1"}],"replies":[{"embeddable":true,"href":"https:\/\/www.certisys.eu\/fr\/wp-json\/wp\/v2\/comments?post=12"}],"version-history":[{"count":96,"href":"https:\/\/www.certisys.eu\/fr\/wp-json\/wp\/v2\/pages\/12\/revisions"}],"predecessor-version":[{"id":75795,"href":"https:\/\/www.certisys.eu\/fr\/wp-json\/wp\/v2\/pages\/12\/revisions\/75795"}],"wp:attachment":[{"href":"https:\/\/www.certisys.eu\/fr\/wp-json\/wp\/v2\/media?parent=12"}],"curies":[{"name":"wp","href":"https:\/\/api.w.org\/{rel}","templated":true}]}}