{"id":6879,"date":"2021-04-02T11:08:54","date_gmt":"2021-04-02T09:08:54","guid":{"rendered":"https:\/\/certisys.poush.be\/liens\/"},"modified":"2021-06-09T15:04:54","modified_gmt":"2021-06-09T13:04:54","slug":"links","status":"publish","type":"page","link":"https:\/\/www.certisys.eu\/en\/links\/","title":{"rendered":"Links"},"content":{"rendered":"<div class=\"wpb-content-wrapper\"><p>[vc_row][vc_column width=&#8221;1\/6&#8243;][\/vc_column][vc_column width=&#8221;2\/3&#8243;]<div class=\"d-flex justify-content-start \"><a class=\"psh_button btn-02712391\" href=\"https:\/\/www.certisys.eu\/wp-content\/uploads\/2021\/05\/Organigramme_secteur_BIO.pdf\" alt=\"Organigram BIO sector\" target=\"_blank\">Organigram BIO sector<\/a><\/div>\n        <style>.psh_button.btn-02712391{\n          font-size: 20px;\n          text-transform: none;\n          padding: 10px 25px 10px 25px;\n          border-radius: 80px;\n          border-width: 0px;\n          background-color: #e30613;\n          border-color: ;\n          border-style: solid;\n          color: #ffffff;\n          display: inline-block;\n          \n          transition: all .3s ease-in-out;\n        }\n        .psh_button.btn-02712391:hover{\n          background-color: #f18970;\n          border-color: ;\n          color: #ffffff;\n          transition: all .3s ease-in-out;\n        }<\/style>[vc_column_text css=&#8221;.vc_custom_1622463348870{margin-top: 30px !important;}&#8221;]<\/p>\n<p><em>CERTISYS\u00ae\u00a0works closely with the various stakeholders in the organic sector, at European and regional levels, as well as with international organic partners. This page contains all the links to these bodies.<\/em><\/p>\n<p>&nbsp;<\/p>\n<h2>At Belgian and Luxembourg level<\/h2>\n<p>&nbsp;<\/p>\n<h3>Authorities<\/h3>\n<ul>\n<li><a href=\"https:\/\/agriculture.wallonie.be\/accueil\" target=\"_blank\" rel=\"noopener\">Minist\u00e8re de la R\u00e9gion Wallonne<\/a> &#8211; Direction g\u00e9n\u00e9rale de l&#8217;agriculture<\/li>\n<li><a href=\"https:\/\/lv.vlaanderen.be\/fr\" target=\"_blank\" rel=\"noopener\">Minist\u00e8re de la R\u00e9gion flamande<\/a> &#8211; Agriculture et p\u00eache<\/li>\n<li><a href=\"http:\/\/werk-economie-emploi.brussels\/fr_FR\/operateurs-bio\" target=\"_blank\" rel=\"noopener\">Minist\u00e8re de la R\u00e9gion Bruxelles Capitale<\/a><\/li>\n<li><a href=\"https:\/\/agriculture.public.lu\/de\/lebensmittelsicherheit-qualitatszeichen\/biologische-landwirtschaft.html\" target=\"_blank\" rel=\"noopener\">Minist\u00e8re de l\u2019agriculture, viticulture et de la protection des consommateurs au Luxembourg<\/a><\/li>\n<\/ul>\n<p>&nbsp;<\/p>\n<h3>Belgian organic sector<\/h3>\n<h4>Promotion of organic farming :<\/h4>\n<ul>\n<li><a href=\"http:\/\/www.apaqw.be\/\" target=\"_blank\" rel=\"noopener\">ApaqW<\/a>: Agence wallonne pour la promotion d&#8217;une agriculture de qualit\u00e9<\/li>\n<li><a href=\"https:\/\/www.bioforum.be\/\">BioForum vlaanderen<\/a><\/li>\n<li><a href=\"http:\/\/www.vlam.be\/\" target=\"_blank\" rel=\"noopener\">VLAM<\/a> : Vlaams Centrum voor Agro-en Visserijmarketing<\/li>\n<\/ul>\n<p>&nbsp;<\/p>\n<h4>Representatives of producers:<\/h4>\n<ul>\n<li><a href=\"http:\/\/www.biowallonie.be\/\" target=\"_blank\" rel=\"noopener\">Biowallonie<\/a><\/li>\n<li><a href=\"http:\/\/www.unab-bio.be\/\" target=\"_blank\" rel=\"noopener\">UNAB <\/a>: Union Nationale des agriculteurs bio<\/li>\n<li><a href=\"http:\/\/www.fwa.be\/\" target=\"_blank\" rel=\"noopener\">FWA: <\/a>F\u00e9d\u00e9ration wallonne de l&#8217;agriculture<\/li>\n<\/ul>\n<p>&nbsp;<\/p>\n<h4>Representatives of manufacturers &#8211; distributors:<\/h4>\n<ul>\n<li><a href=\"http:\/\/www.probila-unitrab.be\/\" target=\"_blank\" rel=\"noopener\">Probila -Unitrab<\/a>:\u00a0 Union nationale des transformateurs et distributeurs des produits de l&#8217;agriculture biologique<\/li>\n<\/ul>\n<p>&nbsp;<\/p>\n<h4>Representatives of distributors and retailers:<\/h4>\n<ul>\n<li><a href=\"https:\/\/be-sup.be\/\" target=\"_blank\" rel=\"noopener\">Be-sup<\/a> : Repr\u00e9sentant du secteur des compl\u00e9ments alimentaires<\/li>\n<li><a href=\"http:\/\/www.comeos.be\/\" target=\"_blank\" rel=\"noopener\">Comeos (Fedis)<\/a> : F\u00e9d\u00e9ration belge des entreprises de distribution<\/li>\n<\/ul>\n<p>&nbsp;<\/p>\n<h4>Consumer representatives:<\/h4>\n<ul>\n<li><a href=\"http:\/\/www.natpro.be\/\" target=\"_blank\" rel=\"noopener\">Nature &amp; Progr\u00e8s Belgique<\/a><\/li>\n<li><a href=\"http:\/\/www.velt.be\" target=\"_blank\" rel=\"noopener\">VELT<\/a> : Vereniging voor Ecologisch Leven en Tuinieren.<\/li>\n<\/ul>\n<p>&nbsp;<\/p>\n<h4>Others:<\/h4>\n<ul>\n<li><a href=\"http:\/\/www.cra.wallonie.be\/\" target=\"_blank\" rel=\"noopener\">CRA-Wallonie<\/a>: Centre wallon de Recherches agronomiques<\/li>\n<li><a href=\"http:\/\/www.bioguide.be\/\" target=\"_blank\" rel=\"noopener\">Bioguide.be<\/a>: Vos adresses BIO \u00e0 Bruxelles<\/li>\n<\/ul>\n<p>&nbsp;<\/p>\n<h3>Specialized Agencies<\/h3>\n<ul>\n<li><a href=\"http:\/\/www.favv-afsca.fgov.be\/\" target=\"_blank\" rel=\"noopener\">AFSCA<\/a>: Federal Agency for the Safety of the Food Chain<\/li>\n<li><a href=\"https:\/\/fytoweb.be\/en\" target=\"_blank\" rel=\"noopener\">FytoWeb<\/a>: Plant protection and fertilising products approved in Belgium<\/li>\n<li><a href=\"http:\/\/www.cbip-vet.be\/\" target=\"_blank\" rel=\"noopener\">BFCIvet &#8211; CBIPVet<\/a>: Veterinary medicinal products approved in Belgium<\/li>\n<li><a href=\"http:\/\/www.sante-environnement.be\/-Pesticides-30-\" target=\"_blank\" rel=\"noopener\">Sant\u00e9 et environnement<\/a> Pesticides<\/li>\n<li><a href=\"https:\/\/statbel.fgov.be\/en\" target=\"_blank\" rel=\"noopener\">Statbel<\/a>: \u00a0Belgium in figures<\/li>\n<li><a href=\"http:\/\/www.biosafety.be\/\" target=\"_blank\" rel=\"noopener\">Bio safety<\/a>: Belgian Biosafety Server<\/li>\n<\/ul>\n<p>&nbsp;<\/p>\n<p>&nbsp;<\/p>\n<h2>At European level<\/h2>\n<p>&nbsp;<\/p>\n<p><a href=\"https:\/\/ec.europa.eu\/agriculture\/ofis_public\/actor_cbeu\/ctrl.cfm?targetUrl=home\" target=\"_blank\" rel=\"noopener\">List of inspection bodies<\/a><\/p>\n<h3>Specialized Agencies<\/h3>\n<ul>\n<li><a href=\"https:\/\/ec.europa.eu\/info\/food-farming-fisheries\/farming\/organic-farming\/organics-glance_en\">European Commission<\/a>: Directorate-General for Agriculture and Rural Development<\/li>\n<li><a href=\"http:\/\/www.eocc.nu\/home\/index.php\" target=\"_blank\" rel=\"noopener\">European Organic Certifiers Council<\/a> (EOCC)<\/li>\n<li><a href=\"https:\/\/ec.europa.eu\/eurostat\/web\/main\/home\" target=\"_blank\" rel=\"noopener\">Eurostat<\/a>: European statistics<\/li>\n<li><a href=\"http:\/\/www.organicxseeds.com\/international\/countryselect?redirect=standard\/loginpage\" target=\"_blank\" rel=\"noopener\">Organicxseeds<\/a>: database of organic seed availability<\/li>\n<li><a href=\"http:\/\/www.efsa.europa.eu\/\" target=\"_blank\" rel=\"noopener\">EFSA<\/a>: European Food Safety Authority<\/li>\n<li><a href=\"https:\/\/eur-lex.europa.eu\/homepage.html;ELX_SESSIONID=2wGWTyyXnPRfmVMjgtLdjLN96vGQGz4XKF7JgpNdgBYqHKpXG7BY!330258665?locale=en\" target=\"_blank\" rel=\"noopener\">Eur-lex<\/a>: Access to European Union Law<\/li>\n<li><a href=\"http:\/\/orgprints.org\/\" target=\"_blank\" rel=\"noopener\">Organic eprints<\/a> : Open access archive for papers and projects related to research in organic food and farming.<\/li>\n<li><a href=\"https:\/\/www.organicresearchcentre.com\/\">Organic Research Center<\/a><\/li>\n<\/ul>\n<p>&nbsp;<\/p>\n<h2>At international level<\/h2>\n<p>&nbsp;<\/p>\n<ul>\n<li><a href=\"http:\/\/www.certibionet.org\/\" target=\"_blank\" rel=\"noopener\">CertiBioNet<\/a> : International Association of Inspection and Certification Bodies in Organic Farming<\/li>\n<li><a href=\"http:\/\/www.ifoam.org\/\" target=\"_blank\" rel=\"noopener\">IFOAM<\/a>:\u00a0 International Federation of Organic Agriculture Movements<\/li>\n<li><a href=\"http:\/\/www.ifoam.bio\/sites\/default\/files\/directory_2016_web.pdf\" target=\"_blank\" rel=\"noopener\">IFOAM E-directory <\/a>\u00a0IFOAM Affiliates (Members, Associates, and Supporters)<\/li>\n<li><a href=\"http:\/\/www.fao.org\/home\/en\/\" target=\"_blank\" rel=\"noopener\">FAO<\/a>:\u00a0 Food and Agriculture Organization of the United Nations <a href=\"http:\/\/www.fibl.org\/fr\/portrait\/rapport-activite.html\" target=\"_blank\" rel=\"noopener\">FIBL<\/a> : Research Institute of Organic Agriculture<\/li>\n<li><a href=\"http:\/\/www.ams.usda.gov\/AMSv1.0\/nop\" target=\"_blank\" rel=\"noopener\">NOP<\/a>: National Organic Program (USA)<\/li>\n<li><a href=\"http:\/\/www.maff.go.jp\/e\/jas\/specific\/organic.html\" target=\"_blank\" rel=\"noopener\">JAS<\/a> : Ministry of Agriculture, Forestry and Fisheries (Japan)<\/li>\n<\/ul>\n<p>&nbsp;<\/p>\n<h2>Organic news<\/h2>\n<p>&nbsp;<\/p>\n<p>&nbsp;<\/p>\n<table>\n<thead>\n<tr>\n<th>French<\/th>\n<th>Dutch<\/th>\n<th>International<\/th>\n<\/tr>\n<\/thead>\n<tbody>\n<tr>\n<td><a href=\"http:\/\/www.bio-info.com\/\" target=\"_blank\" rel=\"noopener\">Bioinfo<\/a><\/td>\n<td><a href=\"https:\/\/www.biogezond.be\/\" target=\"_blank\" rel=\"noopener\">BioGezond<\/a><\/td>\n<td><a href=\"http:\/\/www.bioaddict.fr\/\">Bioaddict.fr<\/a><\/td>\n<\/tr>\n<tr>\n<td><a href=\"https:\/\/biotempo.bio\/\">Biotempo<\/a><\/td>\n<td><a href=\"https:\/\/www.boerenbond.be\/kenniscentrum\/publicaties\/boertuinder\" target=\"_blank\" rel=\"noopener\">Boer&amp;Tuinder<\/a><\/td>\n<td><a href=\"http:\/\/www.generations-futures.fr\/\">Generations futures.fr<\/a><\/td>\n<\/tr>\n<tr>\n<td><a href=\"http:\/\/www.sillonbelge.be\/\" target=\"_blank\" rel=\"noopener\">Sillon Belge<\/a><\/td>\n<td><a href=\"https:\/\/www.proeftuinnieuws.be\/\" target=\"_blank\" rel=\"noopener\">proeftuinnieuws<\/a><\/td>\n<td><a href=\"http:\/\/www.reporterre.net\/spip.php?article4920\">Reporterre<u>.fr<\/u><\/a><\/td>\n<\/tr>\n<tr>\n<td><a href=\"http:\/\/www.pleinchamp.com\/\" target=\"_blank\" rel=\"noopener\">Plein Champ<\/a><\/td>\n<td><a href=\"https:\/\/www.landbouwleven.be\" target=\"_blank\" rel=\"noopener\">Landbouwleven<\/a><\/td>\n<td><a href=\"http:\/\/www.bionext.nl\/\" target=\"_blank\" rel=\"noopener\">Bionext.nl<\/a><\/td>\n<\/tr>\n<tr>\n<td><a href=\"http:\/\/www.awenet.be\/awe\/commun\/asbl\/communication\/revue_articles.php\" target=\"_blank\" rel=\"noopener\">Wallonie Elevages<\/a><\/td>\n<td><a href=\"https:\/\/www.groenekring.be\/stiel\" target=\"_blank\" rel=\"noopener\">Stiel<\/a><\/td>\n<td><a href=\"http:\/\/www.coreorganic.org\/research\/projects\/ipopy\/index.html\" target=\"_blank\" rel=\"noopener\">Coreorganic.org<\/a><\/td>\n<\/tr>\n<tr>\n<td><a href=\"https:\/\/www.biowallonie.com\/types_documentations\/itineraires-bio\/\" target=\"_blank\" rel=\"noopener\">Itin\u00e9raires BIO<\/a><\/td>\n<td><a href=\"https:\/\/www.avbs.be\/kenniscentrum\/sierteelt-groenvoorziening\">Sierteler&amp;Groenvoorziening<\/a><\/td>\n<td><a href=\"http:\/\/www.disruptingfood.info\/en\/\">Disruptingfood.en<\/a><\/td>\n<\/tr>\n<tr>\n<td><a href=\"https:\/\/www.bioguide.be\/accueil\" target=\"_blank\" rel=\"noopener\">Bioguide<\/a><\/td>\n<td><a href=\"https:\/\/library.wur.nl\/WebQuery\/groenekennis?catalogus-isn=60285%20OR%201993752\">Management &amp; Techniek<\/a><\/td>\n<td><\/td>\n<\/tr>\n<tr>\n<td><a href=\"http:\/\/www.bionews.be\/fr\" target=\"_blank\" rel=\"noopener\">Bionews.be<\/a><\/td>\n<td><a href=\"https:\/\/www.bioforum.be\/fr\/nieuws\/bioactief_online\" target=\"_blank\" rel=\"noopener\">Bio Actief<\/a><\/td>\n<td><\/td>\n<\/tr>\n<tr>\n<td><\/td>\n<td><a href=\"http:\/\/www.biozoektboer.be\/\" target=\"_blank\" rel=\"noopener\">Biozoektboer.be<\/a><\/td>\n<td><\/td>\n<\/tr>\n<tr>\n<td><\/td>\n<td><\/td>\n<td><\/td>\n<\/tr>\n<\/tbody>\n<\/table>\n<p>[\/vc_column_text][\/vc_column][vc_column width=&#8221;1\/6&#8243;][\/vc_column][\/vc_row]<\/p>\n<\/div>","protected":false},"excerpt":{"rendered":"<p>[vc_row][vc_column width=&#8221;1\/6&#8243;][\/vc_column][vc_column width=&#8221;2\/3&#8243;][vc_column_text css=&#8221;.vc_custom_1622463348870{margin-top: 30px !important;}&#8221;] CERTISYS\u00ae\u00a0works closely with the various stakeholders in the organic sector, at European and regional levels, as well as with international organic partners. This page contains all the links to these bodies. &nbsp; At Belgian and Luxembourg level &nbsp; Authorities Minist\u00e8re de la R\u00e9gion Wallonne &#8211; Direction g\u00e9n\u00e9rale de l&#8217;agriculture [&hellip;]<\/p>\n","protected":false},"author":1,"featured_media":0,"parent":0,"menu_order":12,"comment_status":"closed","ping_status":"closed","template":"","meta":{"_acf_changed":false,"footnotes":""},"class_list":["post-6879","page","type-page","status-publish","hentry"],"acf":[],"yoast_head":"<!-- This site is optimized with the Yoast SEO plugin v26.6 - https:\/\/yoast.com\/wordpress\/plugins\/seo\/ -->\n<title>Links - CERTISYS<\/title>\n<meta name=\"description\" content=\"Certisys\u00ae works closely with the various players in the organic sector. On this page you will find all the links to these organisations.\" \/>\n<meta name=\"robots\" content=\"index, follow, max-snippet:-1, max-image-preview:large, max-video-preview:-1\" \/>\n<link rel=\"canonical\" href=\"https:\/\/www.certisys.eu\/en\/links\/\" \/>\n<meta property=\"og:locale\" content=\"en_US\" \/>\n<meta property=\"og:type\" content=\"article\" \/>\n<meta property=\"og:title\" content=\"Links - CERTISYS\" \/>\n<meta property=\"og:description\" content=\"Certisys\u00ae works closely with the various players in the organic sector. On this page you will find all the links to these organisations.\" \/>\n<meta property=\"og:url\" content=\"https:\/\/www.certisys.eu\/en\/links\/\" \/>\n<meta property=\"og:site_name\" content=\"CERTISYS\" \/>\n<meta property=\"article:modified_time\" content=\"2021-06-09T13:04:54+00:00\" \/>\n<meta name=\"twitter:card\" content=\"summary_large_image\" \/>\n<meta name=\"twitter:label1\" content=\"Est. reading time\" \/>\n\t<meta name=\"twitter:data1\" content=\"2 minutes\" \/>\n<!-- \/ Yoast SEO plugin. -->","yoast_head_json":{"title":"Links - CERTISYS","description":"Certisys\u00ae works closely with the various players in the organic sector. On this page you will find all the links to these organisations.","robots":{"index":"index","follow":"follow","max-snippet":"max-snippet:-1","max-image-preview":"max-image-preview:large","max-video-preview":"max-video-preview:-1"},"canonical":"https:\/\/www.certisys.eu\/en\/links\/","og_locale":"en_US","og_type":"article","og_title":"Links - CERTISYS","og_description":"Certisys\u00ae works closely with the various players in the organic sector. On this page you will find all the links to these organisations.","og_url":"https:\/\/www.certisys.eu\/en\/links\/","og_site_name":"CERTISYS","article_modified_time":"2021-06-09T13:04:54+00:00","twitter_card":"summary_large_image","twitter_misc":{"Est. reading time":"2 minutes"},"schema":{"@context":"https:\/\/schema.org","@graph":[{"@type":"WebPage","@id":"https:\/\/www.certisys.eu\/en\/links\/","url":"https:\/\/www.certisys.eu\/en\/links\/","name":"Links - CERTISYS","isPartOf":{"@id":"https:\/\/www.certisys.eu\/en\/#website"},"datePublished":"2021-04-02T09:08:54+00:00","dateModified":"2021-06-09T13:04:54+00:00","description":"Certisys\u00ae works closely with the various players in the organic sector. On this page you will find all the links to these organisations.","breadcrumb":{"@id":"https:\/\/www.certisys.eu\/en\/links\/#breadcrumb"},"inLanguage":"en-US","potentialAction":[{"@type":"ReadAction","target":["https:\/\/www.certisys.eu\/en\/links\/"]}]},{"@type":"BreadcrumbList","@id":"https:\/\/www.certisys.eu\/en\/links\/#breadcrumb","itemListElement":[{"@type":"ListItem","position":1,"name":"Home","item":"https:\/\/www.certisys.eu\/en\/"},{"@type":"ListItem","position":2,"name":"Links"}]},{"@type":"WebSite","@id":"https:\/\/www.certisys.eu\/en\/#website","url":"https:\/\/www.certisys.eu\/en\/","name":"CERTISYS","description":"Bio Certification","potentialAction":[{"@type":"SearchAction","target":{"@type":"EntryPoint","urlTemplate":"https:\/\/www.certisys.eu\/en\/?s={search_term_string}"},"query-input":{"@type":"PropertyValueSpecification","valueRequired":true,"valueName":"search_term_string"}}],"inLanguage":"en-US"}]}},"jetpack_sharing_enabled":true,"_links":{"self":[{"href":"https:\/\/www.certisys.eu\/en\/wp-json\/wp\/v2\/pages\/6879","targetHints":{"allow":["GET"]}}],"collection":[{"href":"https:\/\/www.certisys.eu\/en\/wp-json\/wp\/v2\/pages"}],"about":[{"href":"https:\/\/www.certisys.eu\/en\/wp-json\/wp\/v2\/types\/page"}],"author":[{"embeddable":true,"href":"https:\/\/www.certisys.eu\/en\/wp-json\/wp\/v2\/users\/1"}],"replies":[{"embeddable":true,"href":"https:\/\/www.certisys.eu\/en\/wp-json\/wp\/v2\/comments?post=6879"}],"version-history":[{"count":11,"href":"https:\/\/www.certisys.eu\/en\/wp-json\/wp\/v2\/pages\/6879\/revisions"}],"predecessor-version":[{"id":9531,"href":"https:\/\/www.certisys.eu\/en\/wp-json\/wp\/v2\/pages\/6879\/revisions\/9531"}],"wp:attachment":[{"href":"https:\/\/www.certisys.eu\/en\/wp-json\/wp\/v2\/media?parent=6879"}],"curies":[{"name":"wp","href":"https:\/\/api.w.org\/{rel}","templated":true}]}}