{"id":5241,"date":"2020-10-12T10:31:16","date_gmt":"2020-10-12T08:31:16","guid":{"rendered":"https:\/\/certisys.poush.be\/reglementation\/etiquetage\/"},"modified":"2025-04-17T13:34:14","modified_gmt":"2025-04-17T11:34:14","slug":"labelling","status":"publish","type":"page","link":"https:\/\/www.certisys.eu\/en\/regulations\/labelling\/","title":{"rendered":"Labelling"},"content":{"rendered":"<div class=\"wpb-content-wrapper\"><p>[vc_row content_placement=&#8221;middle&#8221; css=&#8221;.vc_custom_1605630337493{padding-bottom: 30px !important;}&#8221;][vc_column width=&#8221;1\/2&#8243; offset=&#8221;vc_col-lg-offset-2 vc_col-lg-4&#8243;][vc_column_text]<\/p>\n<h2>European Organic Label<\/h2>\n<p>If you are selling organic products, they must respect the <strong>labelling rules specific to the European label<\/strong>.<\/p>\n<p>The European Organic label certifies that Organic products comply with Regulations relating to organic farming. It aims to secure consumer <strong>trust<\/strong> that the products they are consuming have been properly controlled and that their origin is as advertised, as well as offering greater <strong>\u00a0visibility<\/strong> and <strong>recognition<\/strong> for Organic products. The European Organic logo has been mandatory since 1 July 2010 for all pre-packed Organic food products for the final consumer. National and private labels may also be used on organic products next to the &#8220;Euroleaf&#8221;.[\/vc_column_text][\/vc_column][vc_column width=&#8221;1\/3&#8243;][vc_single_image image=&#8221;7081&#8243; img_size=&#8221;250&#215;193&#8243; alignment=&#8221;center&#8221; css_animation=&#8221;fadeInDown&#8221;]<div class=\"d-flex justify-content-center \"><a class=\"psh_button btn-85603110\" href=\"https:\/\/www.certisys.eu\/wp-content\/uploads\/2021\/05\/EU_Organic_Logo.zip\" alt=\"Download the logo\" target=\"_blank\">Download the logo<\/a><\/div>\n        <style>.psh_button.btn-85603110{\n          font-size: 20px;\n          text-transform: none;\n          padding: 10px 25px 10px 25px;\n          border-radius: 80px;\n          border-width: 0px;\n          background-color: #e30613;\n          border-color: ;\n          border-style: solid;\n          color: #ffffff;\n          display: inline-block;\n          \n          transition: all .3s ease-in-out;\n        }\n        .psh_button.btn-85603110:hover{\n          background-color: #f18970;\n          border-color: ;\n          color: #ffffff;\n          transition: all .3s ease-in-out;\n        }<\/style>[\/vc_column][\/vc_row][vc_row content_placement=&#8221;middle&#8221; css=&#8221;.vc_custom_1605630337493{padding-bottom: 30px !important;}&#8221;][vc_column width=&#8221;1\/2&#8243;][vc_single_image image=&#8221;5407&#8243; img_size=&#8221;400&#215;400&#8243; alignment=&#8221;center&#8221; style=&#8221;vc_box_circle_2&#8243; css_animation=&#8221;fadeInDown&#8221;][vc_column_text]<\/p>\n<p style=\"text-align: center;\">Example of labelling<\/p>\n<p>[\/vc_column_text][\/vc_column][vc_column width=&#8221;1\/2&#8243; offset=&#8221;vc_col-lg-4&#8243;][vc_column_text]<\/p>\n<h3>European logo user manual and downloads<\/h3>\n<p><strong>Consult the<\/strong> <a href=\"https:\/\/agriculture.ec.europa.eu\/farming\/organic-farming\/organic-logo_en#displayingthelogo\" target=\"_blank\" rel=\"noopener\"><strong>user manual<\/strong><\/a><strong> for the EU Organic produce logo<\/strong><strong>.<\/strong> Using this link, you can also download <strong>the European logo in different formats<\/strong><strong>.<\/strong><\/p>\n<p>[\/vc_column_text][\/vc_column][\/vc_row][vc_row css=&#8221;.vc_custom_1614846917657{padding-top: 50px !important;padding-bottom: 80px !important;background-color: #f0f3f1 !important;}&#8221;][vc_column width=&#8221;1\/4&#8243;][\/vc_column][vc_column width=&#8221;1\/2&#8243;][vc_column_text css=&#8221;&#8221;]<\/p>\n<h2 style=\"text-align: center;\">CERTISYS Logo<\/h2>\n<p>Are your company or your products controlled and certified by CERTISYS?<br \/>\nWould you like to use <strong>our logo on your communication tools<\/strong> or on your packaging?<\/p>\n<p><strong>We have recently changed our visual identity! <\/strong>Our new logo builds on our image as a company with expertise in controlling and certifying Organic products.<\/p>\n<p>The CERTISYS logo is free to use so long as the <strong>conditions for use <\/strong>mentioned in the <a href=\"https:\/\/www.certisys.eu\/wp-content\/uploads\/2021\/02\/GT040-v03_Logobook-Charte-dutilisation-des-logos-CERTISYS_FR-1.pdf\" target=\"_blank\" rel=\"noopener\">logobook<\/a> and the related labelling rules are respected.<\/p>\n<p>You can download <strong>our different logos<\/strong> here:<\/p>\n<ul>\n<li><a href=\"https:\/\/www.certisys.eu\/wp-content\/uploads\/2021\/04\/Logo-Certisys-Ecocert_BioCertification-1.png\" target=\"_blank\" rel=\"noopener\">CERTISYS Organic Certification Logo<\/a><\/li>\n<li><a href=\"https:\/\/www.certisys.eu\/wp-content\/uploads\/2025\/04\/Logo-Certisys-Ecocert_neutre-3.png\" target=\"_blank\" rel=\"noopener\">CERTISYS Neutral Logo<\/a><\/li>\n<li><a href=\"https:\/\/www.certisys.eu\/wp-content\/uploads\/2021\/04\/Logo-Certisys-Ecocert_Certification.png\" target=\"_blank\" rel=\"noopener\">CERTISYS Certification Logo<\/a><\/li>\n<\/ul>\n<div id=\"ConnectiveDocSignExtentionInstalled\" data-extension-version=\"1.0.4\"><\/div>\n<p>[\/vc_column_text][vc_single_image image=&#8221;45147&#8243; img_size=&#8221;medium&#8221; alignment=&#8221;center&#8221; css=&#8221;&#8221;][\/vc_column][vc_column width=&#8221;1\/4&#8243;][\/vc_column][\/vc_row][vc_row css=&#8221;.vc_custom_1614853263792{padding-top: 50px !important;padding-bottom: 80px !important;background-color: #335439 !important;}&#8221;][vc_column width=&#8221;1\/4&#8243;][\/vc_column][vc_column width=&#8221;1\/2&#8243;][vc_column_text el_class=&#8221;custom-white&#8221;]<\/p>\n<h2 style=\"text-align: center;\">CERTISYS Notice<\/h2>\n<p>We have developed a notice with the tag line &#8220;<em><strong>Nos produits BIO contr\u00f4l\u00e9s et certifi\u00e9s&#8221;<\/strong><\/em>(Our controlled and certified Organic products). This enables you to increase the credibility of your Organic products by making your Organic certification more visible. The notice highlights that you have been certified.<\/p>\n<p>This notice may only be used <strong>after obtaining your Organic certification<\/strong>, which confirms the status of your Organic activities (CEEB \/ CEEL \/ CRBX \/ CRRW). It cannot be used if you do not have Organic certification (for example, if your Organic activity has been suspended for a given period). For farmers, the use of this notice is <strong>not compatible with the conversion period<\/strong>.<\/p>\n<p>This notice represents <strong>an additional communication tool<\/strong> and may not be used as a substitute for your Organic certificate. Bilingual versions are available in French-Dutch and German-English. You can order your notices over the phone by calling 081\/60.03.77 or by contacting <a href=\"mailto:info@certisys.eu\">info@certisys.eu<\/a>[\/vc_column_text][vc_single_image image=&#8221;8059&#8243; img_size=&#8221;200&#215;281&#8243; alignment=&#8221;center&#8221;][\/vc_column][vc_column width=&#8221;1\/4&#8243;][\/vc_column][\/vc_row][vc_row full_width=&#8221;stretch_row_content_no_spaces&#8221; css=&#8221;.vc_custom_1616061994242{margin-bottom: 50px !important;padding-top: 300px !important;background-image: url(https:\/\/www.certisys.eu\/wp-content\/uploads\/2021\/03\/2020-10-15-Certisys-0411.jpg?id=3941) !important;background-position: center !important;background-repeat: no-repeat !important;background-size: cover !important;}&#8221;][vc_column][\/vc_column][\/vc_row][vc_row css=&#8221;.vc_custom_1605630039270{padding-bottom: 150px !important;background-image: url(https:\/\/www.certisys.eu\/wp-content\/uploads\/2020\/10\/bg-3-1.png?id=892) !important;}&#8221; el_class=&#8221;custom-lastrow&#8221;][vc_column offset=&#8221;vc_col-lg-offset-3 vc_col-lg-6 vc_col-md-offset-2 vc_col-md-8&#8243;][vc_column_text]<\/p>\n<h2 style=\"text-align: center;\">Labels in your name (private label, distributor brand)<\/h2>\n<p>Do you distribute Organic products and would like to re-label these products with your branding? To be re-labelled in your name, these products must meet official Organic standards.<\/p>\n<p>You can also contact us at <a href=\"controle@certisys.eu\" target=\"_blank\" rel=\"noopener\">controle@certisys.eu<\/a> to find out more.[\/vc_column_text][\/vc_column][\/vc_row]<\/p>\n<\/div>","protected":false},"excerpt":{"rendered":"<p>[vc_row content_placement=&#8221;middle&#8221; css=&#8221;.vc_custom_1605630337493{padding-bottom: 30px !important;}&#8221;][vc_column width=&#8221;1\/2&#8243; offset=&#8221;vc_col-lg-offset-2 vc_col-lg-4&#8243;][vc_column_text] European Organic Label If you are selling organic products, they must respect the labelling rules specific to the European label. The European Organic label certifies that Organic products comply with Regulations relating to organic farming. It aims to secure consumer trust that the products they are consuming [&hellip;]<\/p>\n","protected":false},"author":1,"featured_media":0,"parent":5219,"menu_order":3,"comment_status":"closed","ping_status":"closed","template":"","meta":{"_acf_changed":false,"footnotes":""},"class_list":["post-5241","page","type-page","status-publish","hentry"],"acf":[],"yoast_head":"<!-- This site is optimized with the Yoast SEO plugin v27.4 - https:\/\/yoast.com\/product\/yoast-seo-wordpress\/ -->\n<title>Labelling - CERTISYS<\/title>\n<meta name=\"description\" content=\"Do you sell organic products? Then these products must follow the specific labelling rules of the European label.\" \/>\n<meta name=\"robots\" content=\"index, follow, max-snippet:-1, max-image-preview:large, max-video-preview:-1\" \/>\n<link rel=\"canonical\" href=\"https:\/\/www.certisys.eu\/en\/regulations\/labelling\/\" \/>\n<meta property=\"og:locale\" content=\"en_US\" \/>\n<meta property=\"og:type\" content=\"article\" \/>\n<meta property=\"og:title\" content=\"Labelling - CERTISYS\" \/>\n<meta property=\"og:description\" content=\"Do you sell organic products? Then these products must follow the specific labelling rules of the European label.\" \/>\n<meta property=\"og:url\" content=\"https:\/\/www.certisys.eu\/en\/regulations\/labelling\/\" \/>\n<meta property=\"og:site_name\" content=\"CERTISYS\" \/>\n<meta property=\"article:modified_time\" content=\"2025-04-17T11:34:14+00:00\" \/>\n<meta name=\"twitter:card\" content=\"summary_large_image\" \/>\n<meta name=\"twitter:label1\" content=\"Est. reading time\" \/>\n\t<meta name=\"twitter:data1\" content=\"4 minutes\" \/>\n<!-- \/ Yoast SEO plugin. -->","yoast_head_json":{"title":"Labelling - CERTISYS","description":"Do you sell organic products? Then these products must follow the specific labelling rules of the European label.","robots":{"index":"index","follow":"follow","max-snippet":"max-snippet:-1","max-image-preview":"max-image-preview:large","max-video-preview":"max-video-preview:-1"},"canonical":"https:\/\/www.certisys.eu\/en\/regulations\/labelling\/","og_locale":"en_US","og_type":"article","og_title":"Labelling - CERTISYS","og_description":"Do you sell organic products? Then these products must follow the specific labelling rules of the European label.","og_url":"https:\/\/www.certisys.eu\/en\/regulations\/labelling\/","og_site_name":"CERTISYS","article_modified_time":"2025-04-17T11:34:14+00:00","twitter_card":"summary_large_image","twitter_misc":{"Est. reading time":"4 minutes"},"schema":{"@context":"https:\/\/schema.org","@graph":[{"@type":"WebPage","@id":"https:\/\/www.certisys.eu\/en\/regulations\/labelling\/","url":"https:\/\/www.certisys.eu\/en\/regulations\/labelling\/","name":"Labelling - CERTISYS","isPartOf":{"@id":"https:\/\/www.certisys.eu\/en\/#website"},"datePublished":"2020-10-12T08:31:16+00:00","dateModified":"2025-04-17T11:34:14+00:00","description":"Do you sell organic products? Then these products must follow the specific labelling rules of the European label.","breadcrumb":{"@id":"https:\/\/www.certisys.eu\/en\/regulations\/labelling\/#breadcrumb"},"inLanguage":"en-US","potentialAction":[{"@type":"ReadAction","target":["https:\/\/www.certisys.eu\/en\/regulations\/labelling\/"]}]},{"@type":"BreadcrumbList","@id":"https:\/\/www.certisys.eu\/en\/regulations\/labelling\/#breadcrumb","itemListElement":[{"@type":"ListItem","position":1,"name":"Home","item":"https:\/\/www.certisys.eu\/en\/"},{"@type":"ListItem","position":2,"name":"Regulations","item":"https:\/\/www.certisys.eu\/en\/reglementation-bio\/"},{"@type":"ListItem","position":3,"name":"Labelling"}]},{"@type":"WebSite","@id":"https:\/\/www.certisys.eu\/en\/#website","url":"https:\/\/www.certisys.eu\/en\/","name":"CERTISYS","description":"Bio Certification","potentialAction":[{"@type":"SearchAction","target":{"@type":"EntryPoint","urlTemplate":"https:\/\/www.certisys.eu\/en\/?s={search_term_string}"},"query-input":{"@type":"PropertyValueSpecification","valueRequired":true,"valueName":"search_term_string"}}],"inLanguage":"en-US"}]}},"_links":{"self":[{"href":"https:\/\/www.certisys.eu\/en\/wp-json\/wp\/v2\/pages\/5241","targetHints":{"allow":["GET"]}}],"collection":[{"href":"https:\/\/www.certisys.eu\/en\/wp-json\/wp\/v2\/pages"}],"about":[{"href":"https:\/\/www.certisys.eu\/en\/wp-json\/wp\/v2\/types\/page"}],"author":[{"embeddable":true,"href":"https:\/\/www.certisys.eu\/en\/wp-json\/wp\/v2\/users\/1"}],"replies":[{"embeddable":true,"href":"https:\/\/www.certisys.eu\/en\/wp-json\/wp\/v2\/comments?post=5241"}],"version-history":[{"count":24,"href":"https:\/\/www.certisys.eu\/en\/wp-json\/wp\/v2\/pages\/5241\/revisions"}],"predecessor-version":[{"id":45148,"href":"https:\/\/www.certisys.eu\/en\/wp-json\/wp\/v2\/pages\/5241\/revisions\/45148"}],"up":[{"embeddable":true,"href":"https:\/\/www.certisys.eu\/en\/wp-json\/wp\/v2\/pages\/5219"}],"wp:attachment":[{"href":"https:\/\/www.certisys.eu\/en\/wp-json\/wp\/v2\/media?parent=5241"}],"curies":[{"name":"wp","href":"https:\/\/api.w.org\/{rel}","templated":true}]}}