{"id":7384,"date":"2020-10-12T10:23:28","date_gmt":"2020-10-12T08:23:28","guid":{"rendered":"https:\/\/certisys.poush.be\/documents\/"},"modified":"2026-03-03T11:33:44","modified_gmt":"2026-03-03T09:33:44","slug":"dokumente","status":"publish","type":"page","link":"https:\/\/www.certisys.eu\/de\/dokumente\/","title":{"rendered":"Dokumente"},"content":{"rendered":"<div class=\"wpb-content-wrapper\"><p>[vc_row css=&#8220;.vc_custom_1617284310686{padding-top: 100px !important;padding-bottom: 100px !important;background: #325338 url(https:\/\/www.certisys.eu\/wp-content\/uploads\/2021\/04\/2020-10-15-Certisys-0425.jpg?id=4266) !important;background-position: center !important;background-repeat: no-repeat !important;background-size: cover !important;}&#8220;][vc_column width=&#8220;1\/6&#8243;][\/vc_column][vc_column width=&#8220;2\/3&#8243;][vc_column_text]<\/p>\n<h1 style=\"text-align: center; color: #fff;\">Suche nach einem Dokument<\/h1>\n<p>[\/vc_column_text][\/vc_column][vc_column width=&#8220;1\/6&#8243;][\/vc_column][\/vc_row][vc_row][vc_column width=&#8220;1\/6&#8243;][\/vc_column][vc_column width=&#8220;2\/3&#8243;][vc_column_text]<\/p>\n<h2>Dokumente anmeldung und vertr\u00e4ge<\/h2>\n<p><em>Hier finden Sie alle notwendigen Dokumente f\u00fcr den Beginn Ihrer Zusammenarbeit mit CERTISYS\u00ae.<\/em>[\/vc_column_text][vc_column_text]<form data-min-no-for-search=3 data-result-box-max-height=400 data-form-id=2980 class=\"is-search-form is-disable-submit is-form-style is-form-style-3 is-form-id-2980 is-ajax-search\" action=\"https:\/\/www.certisys.eu\/de\/\" method=\"get\" role=\"search\" ><label for=\"is-search-input-2980\"><span class=\"is-screen-reader-text\">Search for:<\/span><input  type=\"search\" id=\"is-search-input-2980\" name=\"s\" value=\"\" class=\"is-search-input\" placeholder=\"Hier suchen...\" autocomplete=off \/><span class=\"is-loader-image\" style=\"display: none;background-image:url(https:\/\/www.certisys.eu\/wp-content\/plugins\/add-search-to-menu\/public\/images\/spinner.gif);\" ><\/span><\/label><button type=\"submit\" class=\"is-search-submit\"><span class=\"is-screen-reader-text\">Search Button<\/span><span class=\"is-search-icon\"><svg focusable=\"false\" aria-label=\"Search\" xmlns=\"http:\/\/www.w3.org\/2000\/svg\" viewBox=\"0 0 24 24\" width=\"24px\"><path d=\"M15.5 14h-.79l-.28-.27C15.41 12.59 16 11.11 16 9.5 16 5.91 13.09 3 9.5 3S3 5.91 3 9.5 5.91 16 9.5 16c1.61 0 3.09-.59 4.23-1.57l.27.28v.79l5 4.99L20.49 19l-4.99-5zm-6 0C7.01 14 5 11.99 5 9.5S7.01 5 9.5 5 14 7.01 14 9.5 11.99 14 9.5 14z\"><\/path><\/svg><\/span><\/button><input type=\"hidden\" name=\"id\" value=\"2980\" \/><input type=\"hidden\" name=\"post_type\" value=\"document\" \/><\/form>[\/vc_column_text][vc_column_text]<\/p>\n<h3>BIO-Siegel der EU<\/h3>\n<p><strong>Offizielle Systeme in Belgien und im Gro\u00dfherzogtum Luxemburg\u00a0:<\/strong>[\/vc_column_text][vc_column_text]<ul><li><a href=\"https:\/\/www.certisys.eu\/wp-content\/uploads\/2021\/07\/CO001-v02_Vertrag-BIO-Belgien_DE.pdf\" target=\"_blank\">Dienstleistungsvertrag CERTISYS Belgien<\/a><\/li><li><a href=\"https:\/\/www.certisys.eu\/wp-content\/uploads\/2021\/05\/CO003-v02_Vertag-Grosherzogtum-Luxemburg_DE-1.pdf\" target=\"_blank\">Dienstleistungsvertrag CERTISYS Gro\u00dfherzogtum von Luxemburg<\/a><\/li><li><a href=\"https:\/\/www.certisys.eu\/wp-content\/uploads\/2022\/12\/Meldeformular-der-parzellen_DE.pdf\" target=\"_blank\">Meldeformular der parzellen<\/a><\/li><li><a href=\"https:\/\/www.certisys.eu\/wp-content\/uploads\/2023\/12\/FO001-v05_Formular-fur-den-Antrag-auf-Zertifizierung-in-der-BIO-Produktion_DE.pdf\" target=\"_blank\">Formular f\u00fcr den Antrag auf Zertifizierung in der BIO Produktion<\/a><\/li><li><a href=\"https:\/\/www.certisys.eu\/wp-content\/uploads\/2023\/02\/CO007-v03_Contrat-de-prestation-de-service-en-vue-du-controle-de-produits-BIO-Franchises.pdf\" target=\"_blank\">Contrat de prestation de service en vue du contr\u00f4le de produits BIO &#8211; Franchis\u00e9s (Franz\u00f6sische Version) &#8211; Belgien<\/a><\/li><li><a href=\"https:\/\/www.certisys.eu\/wp-content\/uploads\/2023\/02\/FO068-v02_Formular-zur-Aktualisierung-Ihrer-Unternehmerdaten_DE.pdf\" target=\"_blank\">Formular zur Aktualisierung Ihrer Unternehmerdaten<\/a><\/li><li><a href=\"https:\/\/www.certisys.eu\/wp-content\/uploads\/2024\/03\/FO089-v01_Vorsichtsmasnahmen-in-der-biologischen-Produktion_DE.pdf\" target=\"_blank\">Vorsichtsma\u00dfnahmen in der biologischen Produktion<\/a><\/li><li><a href=\"https:\/\/www.certisys.eu\/wp-content\/uploads\/2025\/10\/FO111-v01_Formular-fur-die-Kundigung-des-Vertrags_DE.pdf\" target=\"_blank\">Formular f\u00fcr die K\u00fcndigung des Vertrags<\/a><\/li><\/ul>[\/vc_column_text][vc_column_text css=&#8220;&#8220;]<\/p>\n<h5><span style=\"color: #ff0000;\"><strong>Achtung :<\/strong><\/span><\/h5>\n<p>Beachten Sie, dass Sie immer noch aufgefordert werden, einen <strong>Antrag auf BIO-Meldung<\/strong> zu stellen.<\/p>\n<p>Dazu m\u00fcssen Sie auf die Website der zust\u00e4ndigen Beh\u00f6rde gehen:<\/p>\n<ul>\n<li><a href=\"https:\/\/agriculture.wallonie.be\/avant-de-commencer\">Wallonie<\/a><\/li>\n<li><a href=\"https:\/\/lv.vlaanderen.be\/bio\/kennisgeving-en-controle\/kennisgeving\">Flandern<\/a><\/li>\n<li><a href=\"https:\/\/guichet.public.lu\/fr\/entreprises\/sectoriel\/agriculture-viticulture\/agriculture-biologique\/agriculture-biologique-notification-activite.html\">Gro\u00dfherzogtum Luxemburg<\/a><\/li>\n<\/ul>\n<p>[\/vc_column_text][vc_column_text]<\/p>\n<h3>Andere Labels<\/h3>\n<p><strong>Andere Spezifikationen<\/strong>[\/vc_column_text][vc_column_text]<ul><li><a href=\"https:\/\/www.certisys.eu\/wp-content\/uploads\/2021\/02\/Declaration-Utilisation-Logo-AB.pdf\" target=\"_blank\">Erkl\u00e4rung zur Verwendung des AB-Zeichens<\/a><\/li><li><a href=\"https:\/\/www.certisys.eu\/wp-content\/uploads\/2021\/02\/CO002-v01_Vertag-Biogarantie-Ecogarantie_DE.pdf\" target=\"_blank\">Biogarantie \/ Ecogarantie\u00ae-Vertrag<\/a><\/li><li><a href=\"https:\/\/www.certisys.eu\/wp-content\/uploads\/2021\/02\/Agreement-Ecogarantie_2021.pdf\" target=\"_blank\">Agreement for the use of the label Ecogarantie\u00ae<\/a><\/li><li><a href=\"https:\/\/www.certisys.eu\/wp-content\/uploads\/2021\/02\/Contrat-Biosuisse-Franse-Versie.pdf\" target=\"_blank\">BIOSUISSE Service provision contract<\/a><\/li><li><a href=\"https:\/\/www.certisys.eu\/wp-content\/uploads\/2021\/06\/2024_Convention-BG_EN-1.pdf\" target=\"_blank\">Agreement for the use of the label Biogarantie\u00ae<\/a><\/li><li><a href=\"https:\/\/www.certisys.eu\/wp-content\/uploads\/2021\/06\/NT3897en02calculRoyaltiesEG1.pdf\" target=\"_blank\">Berechnung der Ecogarantie\u00ae Lizenzgeb\u00fchren<\/a><\/li><\/ul>[\/vc_column_text][vc_column_text]<\/p>\n<h2>N\u00fctzliche dokumente f\u00fcr ein CERTISYS-unternehmen<\/h2>\n<p>[\/vc_column_text][vc_column_text]<\/p>\n<h3>Ausnahmeregelungen<\/h3>\n<p><em>Unter bestimmten, sehr strengen Bedingungen k\u00f6nnen im Rahmen der europ\u00e4ischen \u00d6ko-Verordnung Ausnahmeregelungen erwirkt werden. Hierf\u00fcr sind bei den zust\u00e4ndigen Beh\u00f6rden oder bei CERTISYS\u00ae verschiedene Formulare erh\u00e4ltlich.<\/em>[\/vc_column_text][vc_column_text]<strong>Erzeuger<\/strong>[\/vc_column_text][vc_column_text]<ul><li><a href=\"https:\/\/www.certisys.eu\/wp-content\/uploads\/2021\/02\/FO051-v02_Formulaire-de-demande-pour-lutilisation-de-semences-ou-plants-de-pomme-de-terre-conventionnels-BXL-et-LUX_FR.pdf\" target=\"_blank\">Antrag auf Genehmigung des Einsatzes von konventionellem Saatgut oder Pflanzartoffeln (Franz\u00f6sische Version)<\/a><\/li><li><a href=\"https:\/\/www.certisys.eu\/wp-content\/uploads\/2022\/05\/FO054-v02_Formulaire-Demande-Approbation-Production-parallele-culture-perenne_FR.pdf\" target=\"_blank\">Formulaire Demande Approbation Production parall\u00e8le culture p\u00e9renne<\/a><\/li><li><a href=\"\" target=\"_blank\">Demande de d\u00e9rogation en cas de non-disponibilit\u00e9 exceptionnelle de produits biologiques (R\u00e9gion wallonne)<\/a><\/li><li><a href=\"https:\/\/www.certisys.eu\/wp-content\/uploads\/2024\/12\/FO079-v01_Antrag-auf-Verwendung-von-konventionellem-Saatgut-oder-konventionellem-Kartoffelpflanzgut-WALLONIEN_DE.pdf\" target=\"_blank\">Antrag auf Verwendung von konventionellem Saatgut oder konventionellem Kartoffelpflanzgut-WALLONIEN<\/a><\/li><\/ul>[\/vc_column_text][vc_column_text]<\/p>\n<ul>\n<li><strong>Ausnahmen in Verbindung mit der Tierhaltung:<\/strong> Die Formulare sind auf dem <a href=\"https:\/\/agriculture.wallonie.be\/derogation-bio\" target=\"_blank\" rel=\"noopener\">Portal der wallonischen Landwirtschaft<\/a> verf\u00fcgbar.\n<ul>\n<li>Einbringung nicht-\u00f6kologischer Tiere f\u00fcr den erstmaligen Aufbau einer Herde (D06a)<\/li>\n<li>Einbringung von nicht-\u00f6kologischen Tieren in eine bestehende Herde (D06b)<\/li>\n<li>Ausnahmebewilligung f\u00fcr das Kupieren der Schw\u00e4nze bei Schafen (D07a)<\/li>\n<li>Ausnahmebewilligung zum Stutzen der Schn\u00e4bel von Gefl\u00fcgel (D07b)<\/li>\n<li>Ausnahmebewilligung zum Enthornen von Rindern (D07c)<\/li>\n<li>Genehmigung zur Entfernung von Hornknospen (D07d)<\/li>\n<\/ul>\n<\/li>\n<\/ul>\n<p>[\/vc_column_text][vc_column_text]<strong>Verarbeiter<\/strong>[\/vc_column_text][vc_column_text css=&#8220;&#8220;]<ul><li><a href=\"https:\/\/www.certisys.eu\/wp-content\/uploads\/2021\/02\/Demande-Autorisation-Ingredient-Non-BIO.pdf\" target=\"_blank\">Anfrage zur Genehmigung von nicht biologischen Zutaten<\/a><\/li><\/ul><\/p>\n<ul>\n<li>Ausnahmeregelung f\u00fcr die Zubereitung in der Wallonie: <a href=\"https:\/\/agriculture.wallonie.be\/derogation-bio\">Die Formulare sind auf dem Wallonischen Landwirtschaftsportal verf\u00fcgbar<\/a>.\n<ul>\n<li>Antrag f\u00fcr die Verwendung von E250 (Natriumnitrit) und E252 (Kaliumnitrat) in fleischbasierten Erzeugnissen (D10).<\/li>\n<\/ul>\n<\/li>\n<\/ul>\n<p>[\/vc_column_text][vc_column_text css=&#8220;&#8220;][\/vc_column_text][vc_column_text]<\/p>\n<h3>Praktische Anleitungen<\/h3>\n<p>[\/vc_column_text][vc_column_text]Entdecken Sie <a href=\"https:\/\/www.certisys.eu\/de\/vorschriften\/praxisleitfaeden\/\">hier<\/a> unsere praktischen Leitf\u00e4den[\/vc_column_text][vc_column_text]<\/p>\n<h3>Vorlagen<\/h3>\n<p class=\"p1\"><i> CERTISYS\u00ae hat Vorlagen f\u00fcr Formulare, Mitteilungen und Standardverfahren entwickelt, um sie bei der Einrichtung Ihres Systems und der Erf\u00fcllung der Anforderungen der \u00d6ko-Verordnung zu unterst\u00fctzen. <\/i><\/p>\n<p>[\/vc_column_text][vc_column_text]<ul><li><a href=\"https:\/\/www.certisys.eu\/wp-content\/uploads\/2021\/02\/GT008-v02_Technischer-Hinweisur-Verfahren-Zweifel-Konformitat-Erzeugnisses_DE.pdf\" target=\"_blank\">Verfahren bei Zweifeln an der Konformit\u00e4t eines Erzeugnisses<\/a><\/li><li><a href=\"https:\/\/www.certisys.eu\/wp-content\/uploads\/2021\/04\/OR3310de02CarnetDeCulture.pdf\" target=\"_blank\">Schlagkartei<\/a><\/li><li><a href=\"https:\/\/www.certisys.eu\/wp-content\/uploads\/2021\/04\/GT007-v02_Implementierung-eines-Annahmeverfahrens_DE.pdf\" target=\"_blank\">Implementierung eines Annahmeverfahrens<\/a><\/li><li><a href=\"https:\/\/www.certisys.eu\/wp-content\/uploads\/2021\/02\/GT044-v02_Modele-Registre-Des-Reclamations-Klachtenregister-Reklamationsregister_FR-NL-DE.pdf\" target=\"_blank\">Reklamationsregister<\/a><\/li><\/ul>[\/vc_column_text][vc_column_text]<\/p>\n<h2>Informationsmaterial<\/h2>\n<p>[\/vc_column_text][vc_column_text]<\/p>\n<h3>CERTISYS-Pr\u00e4sentationen (PPT, Brosch\u00fcre usw.)<\/h3>\n<p><em> Fragen zu unserer Arbeitsweise, unserer Zulassung, der Verwendung unseres Siegels usw. sollten in den hier aufgef\u00fchrten Dokumenten beantwortet werden.<\/em>[\/vc_column_text][vc_column_text]<ul><li><a href=\"https:\/\/www.certisys.eu\/wp-content\/uploads\/2021\/02\/093-PROD-15-F-N-E-1.pdf\" target=\"_blank\">Akkreditierungszertifikat BELAC 093-PROD<\/a><\/li><li><a href=\"https:\/\/www.certisys.eu\/de\/ueber\/teams\/\" target=\"_blank\">CERTISYS organigramme<\/a><\/li><li><a href=\"https:\/\/www.certisys.eu\/wp-content\/uploads\/2021\/02\/GT040-v03_Logobook_Leitfaden-zur-Nutzung-der-CERTISYS\u00ae-Logos_DE-1.pdf\" target=\"_blank\">CERTISYS Logo Book<\/a><\/li><li><a href=\"https:\/\/i0.wp.com\/www.certisys.eu\/wp-content\/uploads\/2021\/04\/Logo-Certisys-Ecocert_BioCertification-1.png?fit=513%2C188&ssl=1\" target=\"_blank\">CERTISYS BIO Certification logo<\/a><\/li><li><a href=\"https:\/\/i0.wp.com\/www.certisys.eu\/wp-content\/uploads\/2021\/04\/Logo-Certisys-Ecocert_neutre.jpg?fit=1200%2C420&ssl=1\" target=\"_blank\">Neutrales CERTISYS-Logo<\/a><\/li><li><a href=\"https:\/\/i0.wp.com\/www.certisys.eu\/wp-content\/uploads\/2021\/04\/Logo-Certisys-Ecocert_Certification-1.png?fit=1200%2C451&ssl=1\" target=\"_blank\">CERTISYS Certification logo<\/a><\/li><li><a href=\"https:\/\/www.certisys.eu\/de\/ueber\/geschaeftsbericht\/\" target=\"_blank\">CERTISYS Jahresberichte<\/a><\/li><li><a href=\"\" target=\"_blank\">Poster &#8211; Unsere Bio-Produkte sind zertifiziert<\/a><\/li><\/ul>[\/vc_column_text][vc_column_text]<\/p>\n<h3>Gebrauchsanweisungen &#8211; anleitungen<\/h3>\n<p><span style=\"color: #ff0000;\"><strong>ALL diese Formulare f\u00fcr Genehmigungsantr\u00e4ge m\u00fcssen an CERTISYS an die Adresse<\/strong><\/span>\u00a0<a href=\"mailto:info@certisys.eu\">info@certisys.eu<\/a>\u00a0<strong><span style=\"color: #ff0000;\">gesendet werden.<\/span><\/strong><\/p>\n<p>Wir \u00fcberpr\u00fcfen sie und reichen sie dann bei den zust\u00e4ndigen Beh\u00f6rden ein.<\/p>\n<p>Wir informieren Sie dann dar\u00fcber, ob die Beh\u00f6rden Ihren Antrag genehmigt oder abgelehnt haben.[\/vc_column_text][vc_column_text]<strong> Erzeuger <\/strong>[\/vc_column_text][vc_column_text]<ul><li><a href=\"https:\/\/www.certisys.eu\/wp-content\/uploads\/2021\/04\/Hinweise-zur-Nutzung-der-Datenbank-OrganicXseeds.pdf\" target=\"_blank\">Hinweise zur Nutzung der Datenbank OrganicXseeds f\u00fcr Landwirte<\/a><\/li><li><a href=\"https:\/\/www.certisys.eu\/wp-content\/uploads\/2021\/04\/PU4578fr01GuideOXSpourFournisseursSemencesPlants.pdf\" target=\"_blank\">Hinweise zur Nutzung der Datenbank OrganicXseeds f\u00fcr Saat\u2010 und Pflanzgutanbieter<\/a><\/li><li><a href=\"https:\/\/www.certisys.eu\/wp-content\/uploads\/2021\/04\/OR3241de05ModeEmploiFicheTransaction.docx\" target=\"_blank\">Gebrauchsanweisung Transaktionspapier f\u00fcr Tiere<\/a><\/li><li><a href=\"https:\/\/www.certisys.eu\/wp-content\/uploads\/2022\/05\/FO054-v02_Formulaire-Demande-Approbation-Production-parallele-culture-perenne_FR.pdf\" target=\"_blank\">Formulaire Demande Approbation Production parall\u00e8le culture p\u00e9renne<\/a><\/li><\/ul>[\/vc_column_text][vc_column_text]<strong> Verarbeiter <\/strong>[\/vc_column_text][vc_column_text]<ul><li><a href=\"https:\/\/webgate.ec.europa.eu\/IMSOC\/tracesnt-help\/Content\/en\/getting-started.html#UUID-5e5bcea2-4d32-7c59-2f1c-bcabbb6e61aa_section-idm4678725410006433506808454425\" target=\"_blank\">FAQ use of TRACES<\/a><\/li><li><a href=\"https:\/\/www.certisys.eu\/wp-content\/uploads\/2021\/04\/NT3911fr02DemandeCertificatLotModeEmploi.pdf\" target=\"_blank\">Gebruiksaanwijzing Verhandelingsbon voor dieren<\/a><\/li><\/ul>[\/vc_column_text][vc_column_text]<\/p>\n<h3>Verschiedenes<\/h3>\n<p>[\/vc_column_text][vc_column_text]<ul><li><a href=\"https:\/\/www.certisys.eu\/wp-content\/uploads\/2021\/04\/PU4427de04AgriNoteExplicativeConseils-pratiques.pdf\" target=\"_blank\">Praktisch Ratschl\u00e4ge zur Wareneinganspr\u00fcfung von Betriebsmitteln die auf Ihrem BIO-Betrieb Eingesetzt werden<\/a><\/li><li><a href=\"https:\/\/www.certisys.eu\/wp-content\/uploads\/2021\/04\/Update-Brexit-Importations-Exportations-1-Januar-2021.pdf\" target=\"_blank\">BREXIT &#8211; Import und Export von BIO-produkten ab dem 1. Januar 2021<\/a><\/li><\/ul>[\/vc_column_text][\/vc_column][vc_column width=&#8220;1\/6&#8243;][\/vc_column][\/vc_row]<\/p>\n<\/div>","protected":false},"excerpt":{"rendered":"<p>[vc_row css=&#8220;.vc_custom_1617284310686{padding-top: 100px !important;padding-bottom: 100px !important;background: #325338 url(https:\/\/www.certisys.eu\/wp-content\/uploads\/2021\/04\/2020-10-15-Certisys-0425.jpg?id=4266) !important;background-position: center !important;background-repeat: no-repeat !important;background-size: cover !important;}&#8220;][vc_column width=&#8220;1\/6&#8243;][\/vc_column][vc_column width=&#8220;2\/3&#8243;][vc_column_text] Suche nach einem Dokument [\/vc_column_text][\/vc_column][vc_column width=&#8220;1\/6&#8243;][\/vc_column][\/vc_row][vc_row][vc_column width=&#8220;1\/6&#8243;][\/vc_column][vc_column width=&#8220;2\/3&#8243;][vc_column_text] Dokumente anmeldung und vertr\u00e4ge Hier finden Sie alle notwendigen Dokumente f\u00fcr den Beginn Ihrer Zusammenarbeit mit CERTISYS\u00ae.[\/vc_column_text][vc_column_text][\/vc_column_text][vc_column_text] BIO-Siegel der EU Offizielle Systeme in Belgien und im Gro\u00dfherzogtum Luxemburg\u00a0:[\/vc_column_text][vc_column_text][\/vc_column_text][vc_column_text css=&#8220;&#8220;] Achtung [&hellip;]<\/p>\n","protected":false},"author":1,"featured_media":0,"parent":0,"menu_order":7,"comment_status":"closed","ping_status":"closed","template":"","meta":{"_acf_changed":false,"footnotes":""},"class_list":["post-7384","page","type-page","status-publish","hentry"],"acf":[],"yoast_head":"<!-- This site is optimized with the Yoast SEO plugin v26.6 - https:\/\/yoast.com\/wordpress\/plugins\/seo\/ -->\n<title>Dokumente - CERTISYS<\/title>\n<meta name=\"description\" content=\"Alle Dokumente, die Sie f\u00fcr den Start Ihrer Zusammenarbeit mit CERTISYS\u00ae ben\u00f6tigen, finden Sie hier.\" \/>\n<meta name=\"robots\" content=\"index, follow, max-snippet:-1, max-image-preview:large, max-video-preview:-1\" \/>\n<link rel=\"canonical\" href=\"https:\/\/www.certisys.eu\/de\/dokumente\/\" \/>\n<meta property=\"og:locale\" content=\"de_DE\" \/>\n<meta property=\"og:type\" content=\"article\" \/>\n<meta property=\"og:title\" content=\"Dokumente - CERTISYS\" \/>\n<meta property=\"og:description\" content=\"Alle Dokumente, die Sie f\u00fcr den Start Ihrer Zusammenarbeit mit CERTISYS\u00ae ben\u00f6tigen, finden Sie hier.\" \/>\n<meta property=\"og:url\" content=\"https:\/\/www.certisys.eu\/de\/dokumente\/\" \/>\n<meta property=\"og:site_name\" content=\"CERTISYS\" \/>\n<meta property=\"article:modified_time\" content=\"2026-03-03T09:33:44+00:00\" \/>\n<meta name=\"twitter:card\" content=\"summary_large_image\" \/>\n<meta name=\"twitter:label1\" content=\"Gesch\u00e4tzte Lesezeit\" \/>\n\t<meta name=\"twitter:data1\" content=\"3\u00a0Minuten\" \/>\n<!-- \/ Yoast SEO plugin. -->","yoast_head_json":{"title":"Dokumente - CERTISYS","description":"Alle Dokumente, die Sie f\u00fcr den Start Ihrer Zusammenarbeit mit CERTISYS\u00ae ben\u00f6tigen, finden Sie hier.","robots":{"index":"index","follow":"follow","max-snippet":"max-snippet:-1","max-image-preview":"max-image-preview:large","max-video-preview":"max-video-preview:-1"},"canonical":"https:\/\/www.certisys.eu\/de\/dokumente\/","og_locale":"de_DE","og_type":"article","og_title":"Dokumente - CERTISYS","og_description":"Alle Dokumente, die Sie f\u00fcr den Start Ihrer Zusammenarbeit mit CERTISYS\u00ae ben\u00f6tigen, finden Sie hier.","og_url":"https:\/\/www.certisys.eu\/de\/dokumente\/","og_site_name":"CERTISYS","article_modified_time":"2026-03-03T09:33:44+00:00","twitter_card":"summary_large_image","twitter_misc":{"Gesch\u00e4tzte Lesezeit":"3\u00a0Minuten"},"schema":{"@context":"https:\/\/schema.org","@graph":[{"@type":"WebPage","@id":"https:\/\/www.certisys.eu\/de\/dokumente\/","url":"https:\/\/www.certisys.eu\/de\/dokumente\/","name":"Dokumente - CERTISYS","isPartOf":{"@id":"https:\/\/www.certisys.eu\/de\/#website"},"datePublished":"2020-10-12T08:23:28+00:00","dateModified":"2026-03-03T09:33:44+00:00","description":"Alle Dokumente, die Sie f\u00fcr den Start Ihrer Zusammenarbeit mit CERTISYS\u00ae ben\u00f6tigen, finden Sie hier.","breadcrumb":{"@id":"https:\/\/www.certisys.eu\/de\/dokumente\/#breadcrumb"},"inLanguage":"de","potentialAction":[{"@type":"ReadAction","target":["https:\/\/www.certisys.eu\/de\/dokumente\/"]}]},{"@type":"BreadcrumbList","@id":"https:\/\/www.certisys.eu\/de\/dokumente\/#breadcrumb","itemListElement":[{"@type":"ListItem","position":1,"name":"Home","item":"https:\/\/www.certisys.eu\/de\/"},{"@type":"ListItem","position":2,"name":"Dokumente"}]},{"@type":"WebSite","@id":"https:\/\/www.certisys.eu\/de\/#website","url":"https:\/\/www.certisys.eu\/de\/","name":"CERTISYS","description":"Bio Certification","potentialAction":[{"@type":"SearchAction","target":{"@type":"EntryPoint","urlTemplate":"https:\/\/www.certisys.eu\/de\/?s={search_term_string}"},"query-input":{"@type":"PropertyValueSpecification","valueRequired":true,"valueName":"search_term_string"}}],"inLanguage":"de"}]}},"jetpack_sharing_enabled":true,"_links":{"self":[{"href":"https:\/\/www.certisys.eu\/de\/wp-json\/wp\/v2\/pages\/7384","targetHints":{"allow":["GET"]}}],"collection":[{"href":"https:\/\/www.certisys.eu\/de\/wp-json\/wp\/v2\/pages"}],"about":[{"href":"https:\/\/www.certisys.eu\/de\/wp-json\/wp\/v2\/types\/page"}],"author":[{"embeddable":true,"href":"https:\/\/www.certisys.eu\/de\/wp-json\/wp\/v2\/users\/1"}],"replies":[{"embeddable":true,"href":"https:\/\/www.certisys.eu\/de\/wp-json\/wp\/v2\/comments?post=7384"}],"version-history":[{"count":26,"href":"https:\/\/www.certisys.eu\/de\/wp-json\/wp\/v2\/pages\/7384\/revisions"}],"predecessor-version":[{"id":76449,"href":"https:\/\/www.certisys.eu\/de\/wp-json\/wp\/v2\/pages\/7384\/revisions\/76449"}],"wp:attachment":[{"href":"https:\/\/www.certisys.eu\/de\/wp-json\/wp\/v2\/media?parent=7384"}],"curies":[{"name":"wp","href":"https:\/\/api.w.org\/{rel}","templated":true}]}}