{"id":7382,"date":"2020-10-12T10:23:16","date_gmt":"2020-10-12T08:23:16","guid":{"rendered":"https:\/\/certisys.poush.be\/tarifs\/"},"modified":"2026-01-06T16:05:01","modified_gmt":"2026-01-06T14:05:01","slug":"tarife","status":"publish","type":"page","link":"https:\/\/www.certisys.eu\/de\/tarife\/","title":{"rendered":"Tarife"},"content":{"rendered":"<div class=\"wpb-content-wrapper\"><p>[vc_row full_width=&#8220;stretch_row&#8220; css=&#8220;.vc_custom_1614242522066{padding-top: 50px !important;padding-bottom: 50px !important;background-color: #f0f3f1 !important;}&#8220;][vc_column width=&#8220;1\/6&#8243;][\/vc_column][vc_column width=&#8220;2\/3&#8243;][vc_column_text]<\/p>\n<h2 style=\"text-align: center;\">M\u00f6chten Sie wissen, was es kostet, Ihre BIO-Aktivit\u00e4t zertifizieren zu lassen?<\/h2>\n<p>[\/vc_column_text][vc_column_text]<\/p>\n<p style=\"text-align: center;\">Wenn Sie einen Kostenvoranschlag anfordern m\u00f6chten, k\u00f6nnen Sie das Formular &#8222;Kostenvoranschlag anfordern ausf\u00fcllen<\/p>\n<p style=\"text-align: center;\">und konsultieren Sie unsere nachstehenden Tarife nach T\u00e4tigkeitsbereich.<\/p>\n<p>[\/vc_column_text]<div class=\"d-flex justify-content-center vc_custom_1705500343950\"><a class=\"psh_button btn-83086739\" href=\"https:\/\/www.certisys.eu\/de\/einen-kostenvoranschlag-anfordern\/\" alt=\"Demande de devis\" target=\"\">Einen Kostenvoranschlag anfordern<\/a><\/div>\n        <style>.psh_button.btn-83086739{\n          font-size: 18px;\n          text-transform: none;\n          padding: 10px 20px 10px 20px;\n          border-radius: 80px;\n          border-width: 0px;\n          background-color: #e30613;\n          border-color: ;\n          border-style: solid;\n          color: #ffffff;\n          display: inline-block;\n          \n          transition: all .3s ease-in-out;\n        }\n        .psh_button.btn-83086739:hover{\n          background-color: #f18970;\n          border-color: ;\n          color: #ffffff;\n          transition: all .3s ease-in-out;\n        }.vc_custom_1705500343950{margin-bottom: 35px !important;}<\/style>[\/vc_column][vc_column width=&#8220;1\/6&#8243;][\/vc_column][\/vc_row][vc_row css=&#8220;.vc_custom_1614101729380{padding-top: 50px !important;}&#8220;][vc_column][vc_column_text]<\/p>\n<h2 style=\"text-align: center;\">Wie setzt sich die Jahresgeb\u00fchr von CERTISYS zusammen?<\/h2>\n<p>[\/vc_column_text][\/vc_column][\/vc_row][vc_row content_placement=&#8220;middle&#8220; css=&#8220;.vc_custom_1605630337493{padding-bottom: 30px !important;}&#8220;][vc_column width=&#8220;1\/2&#8243; offset=&#8220;vc_col-lg-offset-2 vc_col-lg-4&#8243;][vc_column_text]F\u00fcr die Berechnung der Jahresgeb\u00fchr wendet CERTISYS <strong>transparente<\/strong>, ausgearbeitete und verbesserte <strong>Tarife<\/strong> in Absprache mit den Vertretungsorganen der BIO-Fachleute und BIO-Verb\u00e4nde an. Diese Tarife sind <strong>von den Beh\u00f6rden anerkannt und akzeptiert.<\/strong> Sie wurden unter Ber\u00fccksichtigung der Gegebenheiten der Unternehmer entwickelt. Diese Preise sind nicht verhandelbar.<\/p>\n<p>Die Geb\u00fchren werden an die Art Ihrer <strong>Aktivit\u00e4t<\/strong> und die von uns zu erbringenden <strong>Dienstleistungen angepasst<\/strong>. Wenn Sie ein Tierz\u00fcchter sind, h\u00e4ngt es von der Art und Anzahl der Tiere ab, die Sie auf Ihrem Hof halten. Wenn Sie einen Pflanzenbaubetrieb leiten, wird ber\u00fccksichtigt, was Sie anbauen (Gem\u00fcseanbau, Feldfr\u00fcchte, Wiesen usw.) und wie gro\u00df die Fl\u00e4che ist. Wenn Sie ein Verarbeiter sind, wird Ihre Geb\u00fchr auf der Grundlage des Umfangs Ihrer BIO-T\u00e4tigkeit und der Komplexit\u00e4t der Kontrollen berechnet. Wenn Sie Verkaufsstellen haben, wird die H\u00f6he der Geb\u00fchr pro Verkaufsstelle auf der Grundlage Ihres Einkaufumsatzes an BIO-Produkten, die lose verkauft werden, berechnet.<\/p>\n<p>Unsere Tarife spiegeln daher bestm\u00f6glich die Besonderheit Ihrer T\u00e4tigkeit und die <strong>Qualit\u00e4t unserer Leistungen<\/strong> wider. Eine Qualit\u00e4t, die uns als in Belgien und weltweit anerkannte Bio-Kontroll- und Zertifizierungsstelle am Herzen liegt.[\/vc_column_text][\/vc_column][vc_column width=&#8220;1\/3&#8243;][vc_single_image image=&#8220;3335&#8243; img_size=&#8220;400&#215;400&#8243; alignment=&#8220;center&#8220; style=&#8220;vc_box_circle_2&#8243; css_animation=&#8220;fadeInDown&#8220;][\/vc_column][\/vc_row][vc_row css=&#8220;.vc_custom_1602658467292{padding-top: 50px !important;padding-bottom: 50px !important;background-color: #f0f3f1 !important;}&#8220;][vc_column width=&#8220;1\/4&#8243;][\/vc_column][vc_column width=&#8220;1\/2&#8243;][vc_tta_accordion style=&#8220;modern&#8220; shape=&#8220;round&#8220; color=&#8220;white&#8220; c_position=&#8220;right&#8220; active_section=&#8220;100&#8243; no_fill=&#8220;true&#8220; collapsible_all=&#8220;true&#8220;][vc_tta_section title=&#8220;Was ist in der Jahresgeb\u00fchr enthalten?&#8220; tab_id=&#8220;tarification-annuelle&#8220;][vc_column_text]<\/p>\n<ul>\n<li>der Abschlag, der beim Anlegen Ihrer Akte in Rechnung gestellt wird,<\/li>\n<li>die j\u00e4hrlichen Zulassungskontrollen im ersten Jahr und Verl\u00e4ngerungskontrollen danach sowie unangek\u00fcndigte Kontrollen, deren Anzahl durch eine Risikoanalyse festgelegt wird (0 bis 6 pro Jahr). Einige finden vor Ort statt, andere aus der Ferne.<\/li>\n<li>die Fahrtkosten unserer Inspektoren,<\/li>\n<li>die Analysen,<\/li>\n<li>die Zertifikate,<\/li>\n<li>die CERTISYS-Dokumentation, die Ihnen in Papierform oder auf unserer regelm\u00e4\u00dfig aktualisierten Website zur Verf\u00fcgung steht,\u2028- Ansprechpartner, die Ihnen die notwendigen Informationen geben,<\/li>\n<li>ein Team, das im Zweifelsfall oder bei Verdacht auf Nichteinhaltung oder Betrug Untersuchungen einleiten wird.<\/li>\n<\/ul>\n<p>Grunds\u00e4tzlich ist alles enthalten, nur erweiterte Kontrollen und zus\u00e4tzliche Analysen werden zus\u00e4tzlich zur Jahresgeb\u00fchr berechnet.\u00a0 Solche Kontrollen werden in der Regel nur im Falle einer Sanktion\/Verwarnung des Unternehmens durchgef\u00fchrt und sind eine gesetzliche Verpflichtung, die in der Sanktionstabelle aufgef\u00fchrt ist.[\/vc_column_text][\/vc_tta_section][vc_tta_section title=&#8220;Wie wird Ihre Geb\u00fchr in Rechnung gestellt?&#8220; tab_id=&#8220;facturation&#8220;][vc_column_text]Die Rechnungstellung der Jahresgeb\u00fchr erfolgt im Laufe des Jahres in <strong>mehreren Abschl\u00e4gen.<\/strong><\/p>\n<p>Am Ende des Jahres, wenn bei den Erzeugern die Jahreskontrolle durchgef\u00fchrt wurde, und zu Beginn des Folgejahres, wenn die Jahresumsatzzahlen bei Verarbeitern, Einzelh\u00e4ndlern und Gastronomen bekannt sind, wird eine <strong>Saldorechnung<\/strong> erstellt.<\/p>\n<p>Diese Saldorechnung erfolgt zusammen mit einer j\u00e4hrlichen Zusammenfassung (Auszug), die eine \u00dcberpr\u00fcfung der in Rechnung gestellten Betr\u00e4ge erm\u00f6glicht und eine korrekte Anwendung des Preissystems in voller Transparenz garantiert.[\/vc_column_text][\/vc_tta_section][\/vc_tta_accordion][\/vc_column][vc_column width=&#8220;1\/4&#8243;][\/vc_column][\/vc_row][vc_row css=&#8220;.vc_custom_1621435668106{padding-bottom: 150px !important;background-image: url(https:\/\/www.certisys.eu\/wp-content\/uploads\/2020\/10\/bg-3-1.png?id=892) !important;}&#8220; el_class=&#8220;custom-lastrow&#8220; el_id=&#8220;sektoren&#8220;][vc_column][vc_row_inner][vc_column_inner width=&#8220;1\/6&#8243;][\/vc_column_inner][vc_column_inner width=&#8220;2\/3&#8243;][vc_column_text]<\/p>\n<h2 style=\"text-align: center;\">Erfahren Sie den Tarif, der Ihrem T\u00e4tigkeitsbereich entspricht<\/h2>\n<p>[\/vc_column_text][\/vc_column_inner][vc_column_inner width=&#8220;1\/6&#8243;][\/vc_column_inner][\/vc_row_inner][vc_row_inner equal_height=&#8220;yes&#8220;][vc_column_inner width=&#8220;1\/3&#8243; offset=&#8220;vc_col-lg-2&#8243;][vc_single_image image=&#8220;3754&#8243; img_size=&#8220;50&#215;73&#8243; alignment=&#8220;center&#8220; onclick=&#8220;custom_link&#8220; css=&#8220;.vc_custom_1641999486115{margin-bottom: 20px !important;}&#8220; link=&#8220;https:\/\/www.certisys.eu\/wp-content\/uploads\/2026\/01\/TA001-v06_Tarife-Erzeuger_W-Bxl-GdLux_2026_DE.pdf&#8220;][vc_column_text css=&#8220;&#8220;]<\/p>\n<p style=\"text-align: center;\"><a href=\"https:\/\/www.certisys.eu\/wp-content\/uploads\/2026\/01\/TA001-v06_Tarife-Erzeuger_W-Bxl-GdLux_2026_DE.pdf\">Erzeuger<\/a><\/p>\n<p>[\/vc_column_text][\/vc_column_inner][vc_column_inner width=&#8220;1\/3&#8243; offset=&#8220;vc_col-lg-2&#8243;][vc_single_image image=&#8220;3758&#8243; img_size=&#8220;50&#215;73&#8243; alignment=&#8220;center&#8220; onclick=&#8220;custom_link&#8220; css=&#8220;.vc_custom_1641999505301{margin-bottom: 20px !important;}&#8220; link=&#8220;https:\/\/www.certisys.eu\/wp-content\/uploads\/2026\/01\/TA003-v06_Tarife-Verarbeiter-_W_2026_DE.pdf&#8220;][vc_column_text css=&#8220;&#8220;]<\/p>\n<p style=\"text-align: center;\"><a href=\"https:\/\/www.certisys.eu\/wp-content\/uploads\/2026\/01\/TA003-v06_Tarife-Verarbeiter-_W_2026_DE.pdf\">Verarbeiter&nbsp; &#8211; Wallonien<\/a><\/p>\n<p style=\"text-align: center;\"><a href=\"https:\/\/www.certisys.eu\/wp-content\/uploads\/2026\/01\/TA022-v03_Tarife-Verarbeiter-_GdLux_2026_DE.pdf\">Verarbeiter&nbsp; &#8211; Gro\u00dfhertzogtum Luxemburg<\/a><\/p>\n<p>[\/vc_column_text][\/vc_column_inner][vc_column_inner width=&#8220;1\/3&#8243; offset=&#8220;vc_col-lg-2&#8243;][vc_single_image image=&#8220;1072&#8243; img_size=&#8220;50&#215;73&#8243; alignment=&#8220;center&#8220; onclick=&#8220;custom_link&#8220; css=&#8220;.vc_custom_1641999541555{margin-bottom: 20px !important;}&#8220; link=&#8220;https:\/\/www.certisys.eu\/wp-content\/uploads\/2026\/01\/TA005-v06_Tarife-Verkaufstellen_W_2026_DE.pdf&#8220;][vc_column_text css=&#8220;&#8220;]<\/p>\n<p style=\"text-align: center;\"><a href=\"https:\/\/www.certisys.eu\/wp-content\/uploads\/2026\/01\/TA005-v06_Tarife-Verkaufstellen_W_2026_DE.pdf\">Verkaufsstellen &#8211; Wallonien<\/a><\/p>\n<p style=\"text-align: center;\"><a href=\"https:\/\/www.certisys.eu\/wp-content\/uploads\/2026\/01\/TA031-v01_Tarife-Verkaufstellen_GdLux_2026_DE.pdf\">Verkaufsstellen<\/a><a href=\"https:\/\/www.certisys.eu\/wp-content\/uploads\/2026\/01\/TA022-v03_Tarife-Verarbeiter-_GdLux_2026_DE.pdf\"> &#8211; Gro\u00dfhertzogtum Luxemburg<\/a><\/p>\n<p>[\/vc_column_text][\/vc_column_inner][vc_column_inner width=&#8220;1\/3&#8243; offset=&#8220;vc_col-lg-2&#8243;][vc_single_image image=&#8220;1076&#8243; img_size=&#8220;50&#215;73&#8243; alignment=&#8220;center&#8220; onclick=&#8220;custom_link&#8220; css=&#8220;.vc_custom_1641999561418{margin-bottom: 20px !important;}&#8220; link=&#8220;https:\/\/www.certisys.eu\/wp-content\/uploads\/2026\/01\/TA003-v06_Tarife-Verarbeiter-_W_2026_DE.pdf&#8220;][vc_column_text css=&#8220;&#8220;]<\/p>\n<p style=\"text-align: center;\"><a href=\"https:\/\/www.certisys.eu\/wp-content\/uploads\/2026\/01\/TA003-v06_Tarife-Verarbeiter-_W_2026_DE.pdf\">H\u00e4ndler &#8211; Wallonien <\/a><\/p>\n<p style=\"text-align: center;\"><a href=\"https:\/\/www.certisys.eu\/wp-content\/uploads\/2026\/01\/TA022-v03_Tarife-Verarbeiter-_GdLux_2026_DE.pdf\">H\u00e4ndler &#8211; Gro\u00dfherzogtum Luxemburg<\/a><\/p>\n<p>[\/vc_column_text][\/vc_column_inner][vc_column_inner width=&#8220;1\/3&#8243; offset=&#8220;vc_col-lg-2&#8243;][vc_single_image image=&#8220;1080&#8243; img_size=&#8220;50&#215;73&#8243; alignment=&#8220;center&#8220; onclick=&#8220;custom_link&#8220; css=&#8220;.vc_custom_1641999579586{margin-bottom: 20px !important;}&#8220; link=&#8220;https:\/\/www.certisys.eu\/wp-content\/uploads\/2026\/01\/TA003-v06_Tarife-Verarbeiter-_W_2026_DE.pdf&#8220;][vc_column_text css=&#8220;&#8220;]<\/p>\n<p style=\"text-align: center;\"><a href=\"https:\/\/www.certisys.eu\/wp-content\/uploads\/2026\/01\/TA003-v06_Tarife-Verarbeiter-_W_2026_DE.pdf\">Eu-Importh\u00e4ndler\/EU-Exporth\u00e4ndler &#8211; Wallonien&nbsp;<\/a><\/p>\n<p style=\"text-align: center;\"><a href=\"https:\/\/www.certisys.eu\/wp-content\/uploads\/2026\/01\/TA003-v06_Tarife-Verarbeiter-_W_2026_DE.pdf\">Eu-Importh\u00e4ndler\/EU-Export<\/a><a href=\"https:\/\/www.certisys.eu\/wp-content\/uploads\/2026\/01\/TA022-v03_Tarife-Verarbeiter-_GdLux_2026_DE.pdf\">h\u00e4ndler &#8211; Gro\u00dfherzogtum Luxemburg<\/a><\/p>\n<p>[\/vc_column_text][\/vc_column_inner][vc_column_inner width=&#8220;1\/3&#8243; offset=&#8220;vc_col-lg-2&#8243;][vc_single_image image=&#8220;3493&#8243; img_size=&#8220;50&#215;73&#8243; alignment=&#8220;center&#8220; onclick=&#8220;custom_link&#8220; css=&#8220;.vc_custom_1641999690665{margin-bottom: 20px !important;}&#8220; link=&#8220;https:\/\/www.certisys.eu\/wp-content\/uploads\/2023\/12\/TA009-v05_Tarif-2025-Logo-Etrangers_FR.pdf&#8220;][vc_column_text]<\/p>\n<p style=\"text-align: center;\"><a href=\"https:\/\/www.certisys.eu\/wp-content\/uploads\/2023\/12\/TA009-v05_Tarif-2025-Logo-Etrangers_FR.pdf\">Ausl\u00e4ndische Logos<\/a><\/p>\n<p>[\/vc_column_text][\/vc_column_inner][vc_column_inner width=&#8220;1\/3&#8243; offset=&#8220;vc_col-lg-2&#8243;][vc_single_image image=&#8220;3489&#8243; img_size=&#8220;50&#215;73&#8243; alignment=&#8220;center&#8220; css=&#8220;.vc_custom_1623680251942{margin-bottom: 20px !important;}&#8220;][vc_column_text css=&#8220;&#8220;]<\/p>\n<p style=\"text-align: center;\"><a href=\"https:\/\/www.certisys.eu\/wp-content\/uploads\/2026\/01\/TA014-v04_Tarif-PrepaEcogarantie_2026_DE.pdf\">Ecogarantie\u00ae<\/a><\/p>\n<p style=\"text-align: center;\"><a href=\"https:\/\/www.certisys.eu\/wp-content\/uploads\/2026\/01\/TA015-v06_Tarif-Preparateur-Etranger_EG_2026_FR.pdf\">Siehe Preisliste (au\u00dferhalb Belgiens und Luxemburgs)<\/a>&#8211; Franz\u00f6sische Version<\/p>\n<div id=\"ConnectiveDocSignExtentionInstalled\" data-extension-version=\"1.0.4\"><\/div>\n<p>[\/vc_column_text][\/vc_column_inner][vc_column_inner width=&#8220;1\/3&#8243; offset=&#8220;vc_col-lg-2&#8243;][vc_single_image image=&#8220;3489&#8243; img_size=&#8220;50&#215;73&#8243; alignment=&#8220;center&#8220; css=&#8220;.vc_custom_1623680251942{margin-bottom: 20px !important;}&#8220;][vc_column_text css=&#8220;&#8220;]<\/p>\n<p style=\"text-align: center;\">Biogarantie\u00ae<\/p>\n<p style=\"text-align: center;\">Siehe Preisliste (au\u00dferhalb Belgiens und Luxemburgs)<\/p>\n<p style=\"text-align: center;\"><em>Mehr Information : info@certisys.eu<\/em><\/p>\n<div id=\"ConnectiveDocSignExtentionInstalled\" data-extension-version=\"1.0.4\"><\/div>\n<p>[\/vc_column_text][\/vc_column_inner][vc_column_inner width=&#8220;1\/3&#8243; offset=&#8220;vc_col-lg-2&#8243;][vc_single_image image=&#8220;1664&#8243; img_size=&#8220;50&#215;73&#8243; alignment=&#8220;center&#8220; onclick=&#8220;custom_link&#8220; css=&#8220;.vc_custom_1641999624992{margin-bottom: 20px !important;}&#8220; link=&#8220;https:\/\/www.certisys.eu\/wp-content\/uploads\/2023\/12\/TA020-v01_Tarieven-Catering_WAL_GDL_2024_DE-PDF.pdf&#8220;][vc_column_text]<\/p>\n<p style=\"text-align: center;\"><a href=\"https:\/\/www.certisys.eu\/wp-content\/uploads\/2023\/12\/TA020-v01_Tarieven-Catering_WAL_GDL_2024_DE-PDF.pdf\">Catering und Gastronomie<\/a><\/p>\n<p>[\/vc_column_text][\/vc_column_inner][vc_column_inner width=&#8220;1\/3&#8243; offset=&#8220;vc_col-lg-2&#8243;][vc_single_image image=&#8220;1660&#8243; img_size=&#8220;50&#215;73&#8243; alignment=&#8220;center&#8220; onclick=&#8220;custom_link&#8220; css=&#8220;.vc_custom_1641999644919{margin-bottom: 20px !important;}&#8220; link=&#8220;https:\/\/www.certisys.eu\/wp-content\/uploads\/2022\/01\/Tarife_BiogarantieEcogarantie_2023_DE.pdf&#8220;][vc_column_text]<\/p>\n<p style=\"text-align: center;\"><a href=\"https:\/\/www.certisys.eu\/wp-content\/uploads\/2026\/01\/TA014-v04_Tarif-PrepaEcogarantie_2026_DE.pdf\">Kosmetika und Reinigungsmittel Ecogarantie\u00ae<\/a><\/p>\n<p>[\/vc_column_text][\/vc_column_inner][vc_column_inner width=&#8220;1\/3&#8243; offset=&#8220;vc_col-lg-2&#8243;][\/vc_column_inner][vc_column_inner width=&#8220;1\/3&#8243; offset=&#8220;vc_col-lg-2&#8243;][\/vc_column_inner][\/vc_row_inner][vc_column_text css=&#8220;.vc_custom_1644588240505{margin-top: 35px !important;margin-bottom: 20px !important;}&#8220;]<\/p>\n<h3 style=\"text-align: center;\">Brauchen Sie Hilfe oder eine Angebotsanfrage ?<\/h3>\n<p>[\/vc_column_text]<div class=\"d-flex justify-content-center \"><a class=\"psh_button btn-90772970\" href=\"https:\/\/www.certisys.eu\/contact\/\" alt=\"Contact\" target=\"\">Kontaktiere uns<\/a><\/div>\n        <style>.psh_button.btn-90772970{\n          font-size: 18px;\n          text-transform: none;\n          padding: 10px 20px 10px 20px;\n          border-radius: 80px;\n          border-width: 0px;\n          background-color: #e30613;\n          border-color: ;\n          border-style: solid;\n          color: #ffffff;\n          display: inline-block;\n          \n          transition: all .3s ease-in-out;\n        }\n        .psh_button.btn-90772970:hover{\n          background-color: #f18970;\n          border-color: ;\n          color: #ffffff;\n          transition: all .3s ease-in-out;\n        }<\/style>[\/vc_column][\/vc_row][vc_row full_width=&#8220;stretch_row&#8220; disable_element=&#8220;yes&#8220; css=&#8220;.vc_custom_1705502500622{padding-top: 100px !important;padding-bottom: 100px !important;background-color: #325338 !important;}&#8220; el_id=&#8220;devis&#8220;][vc_column][vc_column_text el_class=&#8220;custom-white&#8220;]<\/p>\n<h2 style=\"text-align: center;\">Simulieren Sie Ihr Angebot online<\/h2>\n<p class=\"p1\" style=\"text-align: center;\">Mit diesem Tool k\u00f6nnen Sie die <b>j\u00e4hrlichen Kosten f\u00fcr Ihre BIO-Zertifizierung<\/b> im Voraus planen<b> <\/b><\/p>\n<p style=\"text-align: center;\"><em><strong>ACHTUNG: Diese Tools basieren auf den Tarifen f\u00fcr 2023. Sie werden in K\u00fcrze mit unseren Tarifen f\u00fcr 2024 aktualisiert<\/strong><\/em>.<\/p>\n<p class=\"p1\" style=\"text-align: center;\">Das unten stehende Budget dient als Anhaltspunkt, es ist nicht vertraglich bindend.<\/p>\n<p>[\/vc_column_text][\/vc_column][vc_column width=&#8220;1\/2&#8243;][vc_single_image image=&#8220;3754&#8243; img_size=&#8220;100&#215;144&#8243; alignment=&#8220;center&#8220;]<div class=\"d-flex justify-content-center vc_custom_1621258451878\"><a class=\"psh_button btn-76211345\" href=\"https:\/\/www.certisys.eu\/de\/tarife\/kostenvoranschlag-online\/\" alt=\"Kostenvoranschlag online\" target=\"\">Kostenvoranschlag Erzeuger<\/a><\/div>\n        <style>.psh_button.btn-76211345{\n          font-size: 18px;\n          text-transform: ;\n          padding: 20px 20px 20px 20px;\n          border-radius: 80px;\n          border-width: 0px;\n          background-color: #e30613;\n          border-color: ;\n          border-style: solid;\n          color: #ffffff;\n          display: inline-block;\n          width:350px;\n          transition: all .3s ease-in-out;\n        }\n        .psh_button.btn-76211345:hover{\n          background-color: #f18970;\n          border-color: ;\n          color: #ffffff;\n          transition: all .3s ease-in-out;\n        }.vc_custom_1621258451878{margin-right: 5px !important;margin-bottom: 35px !important;margin-left: 5px !important;}<\/style>[\/vc_column][vc_column width=&#8220;1\/2&#8243;][vc_single_image image=&#8220;3758&#8243; img_size=&#8220;100&#215;144&#8243; alignment=&#8220;center&#8220;]<div class=\"d-flex justify-content-center vc_custom_1621258426880\"><a class=\"psh_button btn-94081119\" href=\"https:\/\/www.certisys.eu\/de\/tarife\/tarif-je-nach-taetigkeitsbereich\/\" alt=\"Tarif je nach T\u00e4tigkeitsbereich\" target=\"\">Kostenvoranschlag Verarbeiter - Anbieter - EU-Importeur\/EU-Exporteur<\/a><\/div>\n        <style>.psh_button.btn-94081119{\n          font-size: 18px;\n          text-transform: none;\n          padding: 10px 20px 10px 20px;\n          border-radius: 80px;\n          border-width: 0px;\n          background-color: #e30613;\n          border-color: ;\n          border-style: solid;\n          color: #ffffff;\n          display: inline-block;\n          width:350px;\n          transition: all .3s ease-in-out;\n        }\n        .psh_button.btn-94081119:hover{\n          background-color: #f18970;\n          border-color: ;\n          color: #ffffff;\n          transition: all .3s ease-in-out;\n        }.vc_custom_1621258426880{margin-right: 5px !important;margin-bottom: 35px !important;margin-left: 5px !important;}<\/style>[\/vc_column][\/vc_row][vc_row][vc_column][vc_column_text]<\/p>\n<div id=\"ConnectiveDocSignExtentionInstalled\" data-extension-version=\"1.0.4\"><\/div>\n<p>[\/vc_column_text][\/vc_column][\/vc_row][vc_row][vc_column][vc_column_text]<\/p>\n<div id=\"ConnectiveDocSignExtentionInstalled\" data-extension-version=\"1.0.4\"><\/div>\n<p>[\/vc_column_text][\/vc_column][\/vc_row][vc_row][vc_column][vc_column_text]<\/p>\n<div id=\"ConnectiveDocSignExtentionInstalled\" data-extension-version=\"1.0.4\"><\/div>\n<p>[\/vc_column_text][\/vc_column][\/vc_row][vc_row][vc_column][vc_column_text]<\/p>\n<div id=\"ConnectiveDocSignExtentionInstalled\" data-extension-version=\"1.0.4\"><\/div>\n<p>[\/vc_column_text][\/vc_column][\/vc_row][vc_row][vc_column][vc_column_text]<\/p>\n<div id=\"ConnectiveDocSignExtentionInstalled\" data-extension-version=\"1.0.4\"><\/div>\n<p>[\/vc_column_text][\/vc_column][\/vc_row][vc_row][vc_column][vc_column_text]<\/p>\n<div id=\"ConnectiveDocSignExtentionInstalled\" data-extension-version=\"1.0.4\"><\/div>\n<p>[\/vc_column_text][\/vc_column][\/vc_row][vc_row][vc_column][vc_column_text]<\/p>\n<div id=\"ConnectiveDocSignExtentionInstalled\" data-extension-version=\"1.0.4\"><\/div>\n<p>[\/vc_column_text][\/vc_column][\/vc_row]<\/p>\n<\/div>","protected":false},"excerpt":{"rendered":"<p>[vc_row full_width=&#8220;stretch_row&#8220; css=&#8220;.vc_custom_1614242522066{padding-top: 50px !important;padding-bottom: 50px !important;background-color: #f0f3f1 !important;}&#8220;][vc_column width=&#8220;1\/6&#8243;][\/vc_column][vc_column width=&#8220;2\/3&#8243;][vc_column_text] M\u00f6chten Sie wissen, was es kostet, Ihre BIO-Aktivit\u00e4t zertifizieren zu lassen? [\/vc_column_text][vc_column_text] Wenn Sie einen Kostenvoranschlag anfordern m\u00f6chten, k\u00f6nnen Sie das Formular &#8222;Kostenvoranschlag anfordern ausf\u00fcllen und konsultieren Sie unsere nachstehenden Tarife nach T\u00e4tigkeitsbereich. [\/vc_column_text][\/vc_column][vc_column width=&#8220;1\/6&#8243;][\/vc_column][\/vc_row][vc_row css=&#8220;.vc_custom_1614101729380{padding-top: 50px !important;}&#8220;][vc_column][vc_column_text] Wie setzt sich die Jahresgeb\u00fchr von [&hellip;]<\/p>\n","protected":false},"author":1,"featured_media":0,"parent":0,"menu_order":6,"comment_status":"closed","ping_status":"closed","template":"","meta":{"_acf_changed":false,"footnotes":""},"class_list":["post-7382","page","type-page","status-publish","hentry"],"acf":[],"yoast_head":"<!-- This site is optimized with the Yoast SEO plugin v27.4 - https:\/\/yoast.com\/product\/yoast-seo-wordpress\/ -->\n<title>Tarife - CERTISYS<\/title>\n<meta name=\"description\" content=\"Um herauszufinden, wie viel es kostet, Ihre Aktivit\u00e4ten als biologisch zu zertifizieren, machen Sie eine Simulation online und \u00fcberpr\u00fcfen Sie unsere Tarife nach Aktivit\u00e4tssektor.\" \/>\n<meta name=\"robots\" content=\"index, follow, max-snippet:-1, max-image-preview:large, max-video-preview:-1\" \/>\n<link rel=\"canonical\" href=\"https:\/\/www.certisys.eu\/de\/tarife\/\" \/>\n<meta property=\"og:locale\" content=\"de_DE\" \/>\n<meta property=\"og:type\" content=\"article\" \/>\n<meta property=\"og:title\" content=\"Tarife - CERTISYS\" \/>\n<meta property=\"og:description\" content=\"Um herauszufinden, wie viel es kostet, Ihre Aktivit\u00e4ten als biologisch zu zertifizieren, machen Sie eine Simulation online und \u00fcberpr\u00fcfen Sie unsere Tarife nach Aktivit\u00e4tssektor.\" \/>\n<meta property=\"og:url\" content=\"https:\/\/www.certisys.eu\/de\/tarife\/\" \/>\n<meta property=\"og:site_name\" content=\"CERTISYS\" \/>\n<meta property=\"article:modified_time\" content=\"2026-01-06T14:05:01+00:00\" \/>\n<meta name=\"twitter:card\" content=\"summary_large_image\" \/>\n<meta name=\"twitter:label1\" content=\"Gesch\u00e4tzte Lesezeit\" \/>\n\t<meta name=\"twitter:data1\" content=\"4\u00a0Minuten\" \/>\n<!-- \/ Yoast SEO plugin. -->","yoast_head_json":{"title":"Tarife - CERTISYS","description":"Um herauszufinden, wie viel es kostet, Ihre Aktivit\u00e4ten als biologisch zu zertifizieren, machen Sie eine Simulation online und \u00fcberpr\u00fcfen Sie unsere Tarife nach Aktivit\u00e4tssektor.","robots":{"index":"index","follow":"follow","max-snippet":"max-snippet:-1","max-image-preview":"max-image-preview:large","max-video-preview":"max-video-preview:-1"},"canonical":"https:\/\/www.certisys.eu\/de\/tarife\/","og_locale":"de_DE","og_type":"article","og_title":"Tarife - CERTISYS","og_description":"Um herauszufinden, wie viel es kostet, Ihre Aktivit\u00e4ten als biologisch zu zertifizieren, machen Sie eine Simulation online und \u00fcberpr\u00fcfen Sie unsere Tarife nach Aktivit\u00e4tssektor.","og_url":"https:\/\/www.certisys.eu\/de\/tarife\/","og_site_name":"CERTISYS","article_modified_time":"2026-01-06T14:05:01+00:00","twitter_card":"summary_large_image","twitter_misc":{"Gesch\u00e4tzte Lesezeit":"4\u00a0Minuten"},"schema":{"@context":"https:\/\/schema.org","@graph":[{"@type":"WebPage","@id":"https:\/\/www.certisys.eu\/de\/tarife\/","url":"https:\/\/www.certisys.eu\/de\/tarife\/","name":"Tarife - CERTISYS","isPartOf":{"@id":"https:\/\/www.certisys.eu\/de\/#website"},"datePublished":"2020-10-12T08:23:16+00:00","dateModified":"2026-01-06T14:05:01+00:00","description":"Um herauszufinden, wie viel es kostet, Ihre Aktivit\u00e4ten als biologisch zu zertifizieren, machen Sie eine Simulation online und \u00fcberpr\u00fcfen Sie unsere Tarife nach Aktivit\u00e4tssektor.","breadcrumb":{"@id":"https:\/\/www.certisys.eu\/de\/tarife\/#breadcrumb"},"inLanguage":"de","potentialAction":[{"@type":"ReadAction","target":["https:\/\/www.certisys.eu\/de\/tarife\/"]}]},{"@type":"BreadcrumbList","@id":"https:\/\/www.certisys.eu\/de\/tarife\/#breadcrumb","itemListElement":[{"@type":"ListItem","position":1,"name":"Home","item":"https:\/\/www.certisys.eu\/de\/"},{"@type":"ListItem","position":2,"name":"Tarife"}]},{"@type":"WebSite","@id":"https:\/\/www.certisys.eu\/de\/#website","url":"https:\/\/www.certisys.eu\/de\/","name":"CERTISYS","description":"Bio Certification","potentialAction":[{"@type":"SearchAction","target":{"@type":"EntryPoint","urlTemplate":"https:\/\/www.certisys.eu\/de\/?s={search_term_string}"},"query-input":{"@type":"PropertyValueSpecification","valueRequired":true,"valueName":"search_term_string"}}],"inLanguage":"de"}]}},"_links":{"self":[{"href":"https:\/\/www.certisys.eu\/de\/wp-json\/wp\/v2\/pages\/7382","targetHints":{"allow":["GET"]}}],"collection":[{"href":"https:\/\/www.certisys.eu\/de\/wp-json\/wp\/v2\/pages"}],"about":[{"href":"https:\/\/www.certisys.eu\/de\/wp-json\/wp\/v2\/types\/page"}],"author":[{"embeddable":true,"href":"https:\/\/www.certisys.eu\/de\/wp-json\/wp\/v2\/users\/1"}],"replies":[{"embeddable":true,"href":"https:\/\/www.certisys.eu\/de\/wp-json\/wp\/v2\/comments?post=7382"}],"version-history":[{"count":51,"href":"https:\/\/www.certisys.eu\/de\/wp-json\/wp\/v2\/pages\/7382\/revisions"}],"predecessor-version":[{"id":75786,"href":"https:\/\/www.certisys.eu\/de\/wp-json\/wp\/v2\/pages\/7382\/revisions\/75786"}],"wp:attachment":[{"href":"https:\/\/www.certisys.eu\/de\/wp-json\/wp\/v2\/media?parent=7382"}],"curies":[{"name":"wp","href":"https:\/\/api.w.org\/{rel}","templated":true}]}}