{"id":7354,"date":"2020-10-12T06:54:04","date_gmt":"2020-10-12T04:54:04","guid":{"rendered":"https:\/\/certisys.poush.be\/politique-de-confidentialite\/"},"modified":"2022-03-14T10:11:06","modified_gmt":"2022-03-14T08:11:06","slug":"hinweise-zum-datenschutz","status":"publish","type":"page","link":"https:\/\/www.certisys.eu\/de\/hinweise-zum-datenschutz\/","title":{"rendered":"Hinweise zum Datenschutz"},"content":{"rendered":"<div class=\"wpb-content-wrapper\"><p>[vc_row css=&#8220;.vc_custom_1609753500760{padding-right: 30px !important;padding-left: 30px !important;}&#8220;][vc_column][vc_column_text]<\/p>\n<h2 style=\"text-align: center;\"><strong>Datenschutzpolitik f\u00fcr die Nutzung der Website<\/strong><\/h2>\n<p style=\"text-align: left;\">CERTISYS verpflichtet sich, jegliche personenbezogenen Daten, die es bei der Nutzung der Website oder bei der Kontaktaufnahme per Telefon, Mail oder \u00fcber das Kontaktformular auf der Website erhoben hat, gem\u00e4\u00df der Datenschutz-Grundverordnung (\u201eDSGVO\u201c) zu verarbeiten.<\/p>\n<h3 style=\"text-align: left;\">VORWORT<\/h3>\n<p style=\"text-align: left;\">Diese Datenschutzpolitik f\u00fcr die Nutzung der Website soll Folgendes beschreiben:<\/p>\n<ul style=\"text-align: left;\">\n<li>die Arten von personenbezogenen Daten, die CERTISYS m\u00f6glicherweise bei der Nutzung der Website oder bei der Kontaktaufnahme per Telefon, Mail oder \u00fcber das Kontaktformular auf der Website erheben kann,<\/li>\n<li>die Zwecke der Datenverarbeitung durch CERTISYS sowie die juristische Grundlage,<\/li>\n<li>die m\u00f6glichen Empf\u00e4nger der personenbezogenen Daten,<\/li>\n<li>die Speicherdauer der personenbezogenen Daten, sowie<\/li>\n<li>die Rechte, mit denen Ihre personenbezogenen Daten behaftet sind.<\/li>\n<\/ul>\n<h3 style=\"text-align: left;\">1\/ ARTEN VON ERHOBENEN PERSONENBEZOGENEN DATEN UND QUELLEN<\/h3>\n<p style=\"text-align: left;\">CERTISYS achtet darauf, nur Daten zu erheben und zu verarbeiten, die dem alleinigen Zweck dienen, zu dem sie erhoben wurden (Minimisierung der Daten).<\/p>\n<p style=\"text-align: left;\">Im Rahmen des Zugangs und der Nutzung der Website oder im Rahmen Ihrer Kontaktaufnahme per Telefon, Mail oder \u00fcber das Kontaktformular auf der Website hat CERTISYS m\u00f6glicherweise Zugang zu den folgenden Daten:<\/p>\n<ul style=\"text-align: left;\">\n<li>Ihr(e) Vor- und Nachname(n)<\/li>\n<li>Ihre private und\/oder berufliche E-Mail-Adresse<\/li>\n<li>Ihre private und\/oder berufliche Telefonnummer<\/li>\n<li>Ihre Postanschrift\/Ihr Standort in der Welt<\/li>\n<li>Jegliche personenbezogenen Daten, die der Nutzer freiwillig preisgibt<\/li>\n<\/ul>\n<h3 style=\"text-align: left;\">2\/ ZWECK UND RECHTM\u00c4SSIGKEIT DER DATENVERARBEITUNG<\/h3>\n<p style=\"text-align: left;\">Die von CERTISYS durchgef\u00fchrte Datenverarbeitung entspricht einem expliziten, legitimen und festgelegten Zweck.<\/p>\n<p style=\"text-align: left;\">Ihre Daten werden zu folgenden Zwecken von CERTISYS verarbeitet:<\/p>\n<ul style=\"text-align: left;\">\n<li>auf die Anfrage, die Sie \u00fcber das Kontaktformular, per Telefon oder E-Mail an CERTISYS gerichtet haben, eingehen. In diesem Fall erfolgt die Verarbeitung Ihrer personenbezogenen Daten im Rahmen eines legitimen Interesses von CERTISYS, das darin besteht, auf Ihre Kontaktaufnahme zu reagieren;<\/li>\n<li>daf\u00fcr sorgen, dass die Website von CERTISYS optimal funktioniert. Falls Sie nicht in den statistischen Erhebungen der Website ber\u00fccksichtigt werden m\u00f6chten, k\u00f6nnen Sie Ihre Einstellungen auf der Seite <a href=\"https:\/\/www.certisys.eu\/de\/cookie-politik\/\">Politik in Sachen Cookie-Verwaltung auf unserer Website<\/a> \u00e4ndern.<\/li>\n<\/ul>\n<h3 style=\"text-align: left;\">3\/ SPEICHERDAUER IHRER PERSONENBEZOGENEN DATEN<\/h3>\n<p style=\"text-align: left;\">CERTISYS speichert Ihre Daten f\u00fcr die gesamte Dauer, die zur Umsetzung des Ziels, f\u00fcr das sie erhoben wurden, n\u00f6tig ist. Falls f\u00fcr Ihre Daten eine Nutzung notwendig wird, die urspr\u00fcnglich nicht f\u00fcr Ihre Daten vorgesehen war, verpflichtet CERTISYS sich, Sie dar\u00fcber zu informieren und ggf. Ihr Einverst\u00e4ndnis einzunehmen.<\/p>\n<h3 style=\"text-align: left;\">4\/ WEITERGABE IHRER PERSONENBEZOGENEN DATEN AUSSERHALB DER EU<\/h3>\n<p style=\"text-align: left;\">CERTISYS verpflichtet sich, Ihre personenbezogenen Daten nur dann an Einrichtungen der ECOCERT-Gruppe oder an Subunternehmen, die nicht in der EU ans\u00e4ssig sind, weiterzugeben, wenn dies f\u00fcr das Beantworten Ihrer Anfrage notwendig ist.<\/p>\n<h3 style=\"text-align: left;\">5\/ IHRE RECHTE IN BEZUG AUF IHRE PERSONENBEZOGENEN DATEN UND ANWENDBARES VERFAHREN<\/h3>\n<p style=\"text-align: left;\">In Anwendung der DSGVO haben Sie Rechte an Ihren personenbezogenen Daten: ein Zugangsrecht, ein Berichtigungsrecht, ein Recht auf L\u00f6schung, ein Recht auf Einschr\u00e4nkung der Verarbeitung, ein Recht auf Daten\u00fcbertragbarkeit sowie ein Recht, dar\u00fcber zu entscheiden, was nach Ihrem Tod mit Ihren Daten geschieht. Diese Rechte werden gegen\u00fcber dem Datenschutzbeauftragten ausge\u00fcbt:<\/p>\n<ul style=\"text-align: left;\">\n<li>per E-Mail an: <a href=\"mailto:personaldata@certisys.eu\">personaldata@certisys.eu<\/a><\/li>\n<li>auf dem Postweg an:<strong><br \/>\nCERTISYS<br \/>\nz. H. des Datenschutzbeauftragten<\/strong><br \/>\nRue Joseph Bouch\u00e9, 57\/3<br \/>\n5310 BOLINNE<br \/>\nBELGIEN<\/li>\n<\/ul>\n<p style=\"text-align: left;\">Jeder Anfrage muss verpflichtend ein g\u00fcltiger Identit\u00e4tsnachweis beiliegen.<\/p>\n<p style=\"text-align: left;\">Falls Sie Ihre Rechte nicht anhand der oben beschriebenen Prozedur aus\u00fcben k\u00f6nnen und Sie der Ansicht sind, dass die Verarbeitung Ihrer personenbezogenen Daten eine Verletzung der Rechtsvorschriften darstellt, k\u00f6nnen Sie direkt bei der <strong>Datenschutzbeh\u00f6rde<\/strong> Beschwerde einreichen, entweder \u00fcber ein Formular auf deren Website <a href=\"https:\/\/www.datenschutzbehorde.be\/zivilist\">https:\/\/www.datenschutzbehorde.be\/zivilist<\/a> oder per Brief an deren Datenschutzbeauftragten unter der auf der Website <a href=\"https:\/\/www.datenschutzbehorde.be\/zivilist\">https:\/\/www.datenschutzbehorde.be\/zivilist<\/a> angegebenen Adresse.<\/p>\n<p>[\/vc_column_text][\/vc_column][\/vc_row]<\/p>\n<\/div>","protected":false},"excerpt":{"rendered":"<p>[vc_row css=&#8220;.vc_custom_1609753500760{padding-right: 30px !important;padding-left: 30px !important;}&#8220;][vc_column][vc_column_text] Datenschutzpolitik f\u00fcr die Nutzung der Website CERTISYS verpflichtet sich, jegliche personenbezogenen Daten, die es bei der Nutzung der Website oder bei der Kontaktaufnahme per Telefon, Mail oder \u00fcber das Kontaktformular auf der Website erhoben hat, gem\u00e4\u00df der Datenschutz-Grundverordnung (\u201eDSGVO\u201c) zu verarbeiten. VORWORT Diese Datenschutzpolitik f\u00fcr die Nutzung der Website [&hellip;]<\/p>\n","protected":false},"author":1,"featured_media":0,"parent":0,"menu_order":101,"comment_status":"closed","ping_status":"closed","template":"","meta":{"_acf_changed":false,"footnotes":""},"class_list":["post-7354","page","type-page","status-publish","hentry"],"acf":[],"yoast_head":"<!-- This site is optimized with the Yoast SEO plugin v26.6 - https:\/\/yoast.com\/wordpress\/plugins\/seo\/ -->\n<title>Hinweise zum Datenschutz - CERTISYS<\/title>\n<meta name=\"description\" content=\"Richtlinie \u00fcber die Verarbeitung personenbezogener Daten durch CERTISYS im Zusammenhang mit dem Zugriff auf und der Nutzung der WebsiteCertisys\u00ae arbeitet eng mit verschiedenen Akteuren des Bio-Sektors zusammen. Auf dieser Seite finden Sie alle Links zu diesen Organisationen.\" \/>\n<meta name=\"robots\" content=\"index, follow, max-snippet:-1, max-image-preview:large, max-video-preview:-1\" \/>\n<link rel=\"canonical\" href=\"https:\/\/www.certisys.eu\/de\/hinweise-zum-datenschutz\/\" \/>\n<meta property=\"og:locale\" content=\"de_DE\" \/>\n<meta property=\"og:type\" content=\"article\" \/>\n<meta property=\"og:title\" content=\"Hinweise zum Datenschutz - CERTISYS\" \/>\n<meta property=\"og:description\" content=\"Richtlinie \u00fcber die Verarbeitung personenbezogener Daten durch CERTISYS im Zusammenhang mit dem Zugriff auf und der Nutzung der WebsiteCertisys\u00ae arbeitet eng mit verschiedenen Akteuren des Bio-Sektors zusammen. Auf dieser Seite finden Sie alle Links zu diesen Organisationen.\" \/>\n<meta property=\"og:url\" content=\"https:\/\/www.certisys.eu\/de\/hinweise-zum-datenschutz\/\" \/>\n<meta property=\"og:site_name\" content=\"CERTISYS\" \/>\n<meta property=\"article:modified_time\" content=\"2022-03-14T08:11:06+00:00\" \/>\n<meta name=\"twitter:card\" content=\"summary_large_image\" \/>\n<meta name=\"twitter:label1\" content=\"Gesch\u00e4tzte Lesezeit\" \/>\n\t<meta name=\"twitter:data1\" content=\"3\u00a0Minuten\" \/>\n<!-- \/ Yoast SEO plugin. -->","yoast_head_json":{"title":"Hinweise zum Datenschutz - CERTISYS","description":"Richtlinie \u00fcber die Verarbeitung personenbezogener Daten durch CERTISYS im Zusammenhang mit dem Zugriff auf und der Nutzung der WebsiteCertisys\u00ae arbeitet eng mit verschiedenen Akteuren des Bio-Sektors zusammen. Auf dieser Seite finden Sie alle Links zu diesen Organisationen.","robots":{"index":"index","follow":"follow","max-snippet":"max-snippet:-1","max-image-preview":"max-image-preview:large","max-video-preview":"max-video-preview:-1"},"canonical":"https:\/\/www.certisys.eu\/de\/hinweise-zum-datenschutz\/","og_locale":"de_DE","og_type":"article","og_title":"Hinweise zum Datenschutz - CERTISYS","og_description":"Richtlinie \u00fcber die Verarbeitung personenbezogener Daten durch CERTISYS im Zusammenhang mit dem Zugriff auf und der Nutzung der WebsiteCertisys\u00ae arbeitet eng mit verschiedenen Akteuren des Bio-Sektors zusammen. Auf dieser Seite finden Sie alle Links zu diesen Organisationen.","og_url":"https:\/\/www.certisys.eu\/de\/hinweise-zum-datenschutz\/","og_site_name":"CERTISYS","article_modified_time":"2022-03-14T08:11:06+00:00","twitter_card":"summary_large_image","twitter_misc":{"Gesch\u00e4tzte Lesezeit":"3\u00a0Minuten"},"schema":{"@context":"https:\/\/schema.org","@graph":[{"@type":"WebPage","@id":"https:\/\/www.certisys.eu\/de\/hinweise-zum-datenschutz\/","url":"https:\/\/www.certisys.eu\/de\/hinweise-zum-datenschutz\/","name":"Hinweise zum Datenschutz - CERTISYS","isPartOf":{"@id":"https:\/\/www.certisys.eu\/de\/#website"},"datePublished":"2020-10-12T04:54:04+00:00","dateModified":"2022-03-14T08:11:06+00:00","description":"Richtlinie \u00fcber die Verarbeitung personenbezogener Daten durch CERTISYS im Zusammenhang mit dem Zugriff auf und der Nutzung der WebsiteCertisys\u00ae arbeitet eng mit verschiedenen Akteuren des Bio-Sektors zusammen. Auf dieser Seite finden Sie alle Links zu diesen Organisationen.","breadcrumb":{"@id":"https:\/\/www.certisys.eu\/de\/hinweise-zum-datenschutz\/#breadcrumb"},"inLanguage":"de","potentialAction":[{"@type":"ReadAction","target":["https:\/\/www.certisys.eu\/de\/hinweise-zum-datenschutz\/"]}]},{"@type":"BreadcrumbList","@id":"https:\/\/www.certisys.eu\/de\/hinweise-zum-datenschutz\/#breadcrumb","itemListElement":[{"@type":"ListItem","position":1,"name":"Home","item":"https:\/\/www.certisys.eu\/de\/"},{"@type":"ListItem","position":2,"name":"Hinweise zum Datenschutz"}]},{"@type":"WebSite","@id":"https:\/\/www.certisys.eu\/de\/#website","url":"https:\/\/www.certisys.eu\/de\/","name":"CERTISYS","description":"Bio Certification","potentialAction":[{"@type":"SearchAction","target":{"@type":"EntryPoint","urlTemplate":"https:\/\/www.certisys.eu\/de\/?s={search_term_string}"},"query-input":{"@type":"PropertyValueSpecification","valueRequired":true,"valueName":"search_term_string"}}],"inLanguage":"de"}]}},"jetpack_sharing_enabled":true,"_links":{"self":[{"href":"https:\/\/www.certisys.eu\/de\/wp-json\/wp\/v2\/pages\/7354","targetHints":{"allow":["GET"]}}],"collection":[{"href":"https:\/\/www.certisys.eu\/de\/wp-json\/wp\/v2\/pages"}],"about":[{"href":"https:\/\/www.certisys.eu\/de\/wp-json\/wp\/v2\/types\/page"}],"author":[{"embeddable":true,"href":"https:\/\/www.certisys.eu\/de\/wp-json\/wp\/v2\/users\/1"}],"replies":[{"embeddable":true,"href":"https:\/\/www.certisys.eu\/de\/wp-json\/wp\/v2\/comments?post=7354"}],"version-history":[{"count":10,"href":"https:\/\/www.certisys.eu\/de\/wp-json\/wp\/v2\/pages\/7354\/revisions"}],"predecessor-version":[{"id":12643,"href":"https:\/\/www.certisys.eu\/de\/wp-json\/wp\/v2\/pages\/7354\/revisions\/12643"}],"wp:attachment":[{"href":"https:\/\/www.certisys.eu\/de\/wp-json\/wp\/v2\/media?parent=7354"}],"curies":[{"name":"wp","href":"https:\/\/api.w.org\/{rel}","templated":true}]}}