{"id":7348,"date":"2021-05-06T16:46:03","date_gmt":"2021-05-06T14:46:03","guid":{"rendered":"https:\/\/certisys.poush.be\/cookies-policy\/"},"modified":"2022-11-23T17:34:18","modified_gmt":"2022-11-23T15:34:18","slug":"cookie-politik","status":"publish","type":"page","link":"https:\/\/www.certisys.eu\/de\/cookie-politik\/","title":{"rendered":"Cookie-Politik"},"content":{"rendered":"<div class=\"wpb-content-wrapper\"><p>[vc_row][vc_column][vc_column_text]<\/p>\n<h2><strong>Politik in Sachen Cookie-Verwaltung<\/strong><\/h2>\n<p>CERTISYS hat entschieden, die von der Datenschutzbeh\u00f6rde empfohlenen Cookies zu verwenden. Diese Cookies bed\u00fcrfen keiner Zustimmung.<\/p>\n<p>Beim Aufrufen der Website werden Cookies auf Ihrem Rechner, Ihrem Handy oder Ihrem Tablet abgelegt. Die vorliegende Politik erm\u00f6glicht Ihnen, besser zu verstehen, was Cookies sind, wie sie funktionieren und wie man sie einstellt.<\/p>\n<h3>1\/ Was ist ein Cookie?<\/h3>\n<p>Ein \u201eCookie\u201c ist eine meist kurze, \u00fcber einen Namen identifizierte Abfolge von Informationen, die von einer Website, die Sie besuchen, an Ihren Webbrowser \u00fcbermittelt werden kann. Ihr Browser speichert den Cookie w\u00e4hrend einer gesetzlich festgelegten Dauer von maximal 13 Monaten und schickt ihn jedes Mal, wenn Sie die Website erneut aufsuchen, erneut an den Webserver.<\/p>\n<h3>2\/ Wozu dienen Cookies?<\/h3>\n<p>Cookies dienen dazu, den an Sie gerichteten Service zu verbessern. Allgemein erm\u00f6glichen Cookies, Informationen zur Navigation Ihres Rechners auf unserer Website zu speichern (Land, gew\u00e4hlte Sprache, Datum, usw.). Diese Informationen werden beim sp\u00e4teren Abrufen der Website gelesen, um das Surfen darauf zu erleichtern und gezielt und pr\u00e4zise auf Ihre Anfrage einzugehen. Die Cookies erm\u00f6glichen es CERTISYS zudem, Statistiken zum Abrufen der Website zu erstellen. Nur der Herausgeber eines Cookies kann die darin enthaltenen Informationen lesen und ab\u00e4ndern. Einige Cookies sind f\u00fcr das Funktionieren der Website unbedingt erforderlich, andere wiederum dienen dazu, die Leistungsf\u00e4higkeit der Website und die Erfahrung f\u00fcr den Nutzer zu verbessern.<\/p>\n<h3>3\/ Welche Cookies werden auf dieser Website verwendet?<\/h3>\n<p>Auf der Website werden verschiedene Arten von Cookies abgelegt:<\/p>\n<ul>\n<li>Cookies, die f\u00fcr das Funktionieren der Website unerl\u00e4sslich sind:<\/li>\n<\/ul>\n<p>&#8211; Die &#8222;Sitzungscookies&#8220; enthalten die aktuelle Browsersprache und Informationen \u00fcber den angemeldeten Administrator. Diese Cookies sind rein technisch und werden nur f\u00fcr die Dauer der Sitzung gespeichert.<\/p>\n<ul>\n<li>Matomo Cookies f\u00fcr die Browseranalyse und die Messung des Publikums:<\/li>\n<\/ul>\n<p>Die Hinterlegung des Matomo-Cookies ist streng auf die Erstellung anonymer Statistiken \u00fcber die Nutzung unserer Website beschr\u00e4nkt.<\/p>\n<p>Dieses Cookie erm\u00f6glicht es uns, Folgendes herauszufinden:<\/p>\n<p>&#8211; Die Leistungsf\u00e4higkeit unserer Website-Struktur, um Ihnen den besten Service zu bieten.<\/p>\n<p>&#8211; Dieses Cookie sammelt keine pers\u00f6nlichen Daten. Sie k\u00f6nnen jedoch den Einsatz dieses Cookies ablehnen (siehe unten).<\/p>\n<ul>\n<li>Cookies zur Verfolgung von Konversionen von Facebook Ads (Facebook-Pixel) (Meta Platforms Ireland Limited)<\/li>\n<\/ul>\n<p>Das Conversion-Tracking von Facebook Ads (Facebook-Pixel) ist ein von Meta Platforms Ireland Limited bereitgestellter Analysedienst, der Daten aus dem Werbenetzwerk von Meta mit den auf www.certisys.eu durchgef\u00fchrten Aktionen verkn\u00fcpft. Das Facebook-Pixel verfolgt die Konversionen, die Werbeanzeigen auf Facebook, Instagram und dem Audience Network zugeordnet werden k\u00f6nnen.<\/p>\n<p>Verarbeitete personenbezogene Daten: Nutzungsdaten und Tracker.<\/p>\n<p>Ort der Datenverarbeitung: Irland &#8211; <a href=\"https:\/\/www.facebook.com\/about\/privacy\/\">Datenschutzrichtlinie<\/a>.<\/p>\n<p>Speicherdauer: fbp: 3 Monate<\/p>\n<h3><\/h3>\n<h3>4\/ Wie kann ich die Cookies einstellen?<\/h3>\n<p>&#8222;Um die Verwendung von Cookies auf unserer Website zu kontrollieren, haben wir ein Tool namens Axceptio eingerichtet, das Ihnen beim Besuch unserer Website zur Verf\u00fcgung gestellt wird und mit dem Sie die verschiedenen Cookies, deren Installation Sie genehmigt haben, konfigurieren k\u00f6nnen.<\/p>\n<p>Werbe-Cookies unterscheiden sich von Browser-Cookies.<\/p>\n<p>Sie k\u00f6nnen Ihre Cookie-Einstellungen jederzeit \u00e4ndern oder Cookies l\u00f6schen, entweder in den Einstellungen Ihres Browsers, wie unten beschrieben, oder indem Sie auf die daf\u00fcr vorgesehene Schaltfl\u00e4che klicken, wenn es sich um das Matomo-Cookie handelt.<\/p>\n<p>Sie k\u00f6nnen dem Tracking Ihres Surfverhaltens auf dieser Website widersprechen. Dies sch\u00fctzt Ihre Privatsph\u00e4re, hindert den Eigent\u00fcmer aber auch daran, von Ihren Handlungen zu lernen und eine bessere Erfahrung f\u00fcr Sie und andere Nutzer zu schaffen.<\/p>\n<p>[<a href=\"https:\/\/fr.matomo.org\/faq\/general\/faq_20000\/\">Optout\u00a0 Matomo<\/a>]<\/p>\n<p>&nbsp;<\/p>\n<p>&nbsp;[\/vc_column_text][vc_column_text]<script>\n                jQuery(document).ready(function(){\n                  jQuery('#formremove').on('change', 'input:checkbox', function(){\n                    jQuery('#formremove').submit();\n                  });\n                  jQuery('#formadd').on('change', 'input:checkbox', function(){\n                    jQuery('#formadd').submit();\n                  });\n                });\n              <\/script>[\/vc_column_text][vc_column_text]Die Konfiguration eines jeden Browsers ist anders, sie ist im Hilfe-Men\u00fc des Browsers beschrieben, das Sie dar\u00fcber informiert, wie Sie Ihre Cookie-Pr\u00e4ferenzen \u00e4ndern k\u00f6nnen:<\/p>\n<ul>\n<li>F\u00fcr Internet Explorer\u2122: \u00d6ffnen Sie die Tools, gehen Sie dann in die Internet-Optionen; klicken Sie auf das Feld Vertraulichkeit und w\u00e4hlen Sie dann die gew\u00fcnschte Ebene,<\/li>\n<li>F\u00fcr Firefox\u2122: \u00d6ffnen Sie die Tools, gehen Sie dann in die Optionen; klicken Sie auf das Feld Datenschutz und w\u00e4hlen Sie dann die gew\u00fcnschten Optionen.<\/li>\n<li>F\u00fcr Chrome\u2122: \u00d6ffnen Sie das Konfigurationsmen\u00fc (Logo Schraubenschl\u00fcssel), gehen Sie dann in die Einstellungen; klicken Sie auf Erweiterte Einstellungen und dann auf Inhaltsparameter, w\u00e4hlen Sie dann die gew\u00fcnschten Optionen.<\/li>\n<li>F\u00fcr Safari\u2122: W\u00e4hlen Sie Safari &gt; Pr\u00e4ferenzen, gehen Sie dann auf Sicherheit; klicken Sie auf Cookies anzeigen und w\u00e4hlen Sie dann die gew\u00fcnschten Optionen.<\/li>\n<\/ul>\n<p>Wir informieren Sie, dass Sie, wenn Sie den Browser so einstellen, dass Cookies abgelehnt werden, einige Funktionen, Seiten und Seitenbereiche nicht zug\u00e4nglich sein werden und dass wir daf\u00fcr nicht verantwortlich sind.<\/p>\n<p>Zudem m\u00f6chten wir Sie dar\u00fcber informieren, dass ein Opt-Out-Cookie auf Ihrem Endger\u00e4t installiert wird, wenn Sie sich der Installation oder Nutzung eines Cookies widersetzen. Wenn Sie diesen Opt-Out-Cookie l\u00f6schen, kann man nicht mehr herausfinden, dass Sie die Nutzung von Cookies abgelehnt haben. Wenn Sie der Installation von Cookies zustimmen, wird ein Opt-In-Cookie installiert. Der Opt-out- und der Opt-In-Cookie m\u00fcssen auf Ihrem Endger\u00e4t bleiben.[\/vc_column_text][\/vc_column][\/vc_row]<\/p>\n<\/div>","protected":false},"excerpt":{"rendered":"<p>[vc_row][vc_column][vc_column_text] Politik in Sachen Cookie-Verwaltung CERTISYS hat entschieden, die von der Datenschutzbeh\u00f6rde empfohlenen Cookies zu verwenden. Diese Cookies bed\u00fcrfen keiner Zustimmung. Beim Aufrufen der Website werden Cookies auf Ihrem Rechner, Ihrem Handy oder Ihrem Tablet abgelegt. Die vorliegende Politik erm\u00f6glicht Ihnen, besser zu verstehen, was Cookies sind, wie sie funktionieren und wie man sie einstellt. [&hellip;]<\/p>\n","protected":false},"author":1,"featured_media":0,"parent":0,"menu_order":102,"comment_status":"closed","ping_status":"closed","template":"","meta":{"_acf_changed":false,"footnotes":""},"class_list":["post-7348","page","type-page","status-publish","hentry"],"acf":[],"yoast_head":"<!-- This site is optimized with the Yoast SEO plugin v26.6 - https:\/\/yoast.com\/wordpress\/plugins\/seo\/ -->\n<title>Cookie-Politik - CERTISYS<\/title>\n<meta name=\"description\" content=\"COOKIE POLICY \u00d6ffnen Sie das Berechtigungsfenster\" \/>\n<meta name=\"robots\" content=\"index, follow, max-snippet:-1, max-image-preview:large, max-video-preview:-1\" \/>\n<link rel=\"canonical\" href=\"https:\/\/www.certisys.eu\/de\/cookie-politik\/\" \/>\n<meta property=\"og:locale\" content=\"de_DE\" \/>\n<meta property=\"og:type\" content=\"article\" \/>\n<meta property=\"og:title\" content=\"Cookie-Politik - CERTISYS\" \/>\n<meta property=\"og:description\" content=\"COOKIE POLICY \u00d6ffnen Sie das Berechtigungsfenster\" \/>\n<meta property=\"og:url\" content=\"https:\/\/www.certisys.eu\/de\/cookie-politik\/\" \/>\n<meta property=\"og:site_name\" content=\"CERTISYS\" \/>\n<meta property=\"article:modified_time\" content=\"2022-11-23T15:34:18+00:00\" \/>\n<meta name=\"twitter:card\" content=\"summary_large_image\" \/>\n<meta name=\"twitter:label1\" content=\"Gesch\u00e4tzte Lesezeit\" \/>\n\t<meta name=\"twitter:data1\" content=\"3\u00a0Minuten\" \/>\n<!-- \/ Yoast SEO plugin. -->","yoast_head_json":{"title":"Cookie-Politik - CERTISYS","description":"COOKIE POLICY \u00d6ffnen Sie das Berechtigungsfenster","robots":{"index":"index","follow":"follow","max-snippet":"max-snippet:-1","max-image-preview":"max-image-preview:large","max-video-preview":"max-video-preview:-1"},"canonical":"https:\/\/www.certisys.eu\/de\/cookie-politik\/","og_locale":"de_DE","og_type":"article","og_title":"Cookie-Politik - CERTISYS","og_description":"COOKIE POLICY \u00d6ffnen Sie das Berechtigungsfenster","og_url":"https:\/\/www.certisys.eu\/de\/cookie-politik\/","og_site_name":"CERTISYS","article_modified_time":"2022-11-23T15:34:18+00:00","twitter_card":"summary_large_image","twitter_misc":{"Gesch\u00e4tzte Lesezeit":"3\u00a0Minuten"},"schema":{"@context":"https:\/\/schema.org","@graph":[{"@type":"WebPage","@id":"https:\/\/www.certisys.eu\/de\/cookie-politik\/","url":"https:\/\/www.certisys.eu\/de\/cookie-politik\/","name":"Cookie-Politik - CERTISYS","isPartOf":{"@id":"https:\/\/www.certisys.eu\/de\/#website"},"datePublished":"2021-05-06T14:46:03+00:00","dateModified":"2022-11-23T15:34:18+00:00","description":"COOKIE POLICY \u00d6ffnen Sie das Berechtigungsfenster","breadcrumb":{"@id":"https:\/\/www.certisys.eu\/de\/cookie-politik\/#breadcrumb"},"inLanguage":"de","potentialAction":[{"@type":"ReadAction","target":["https:\/\/www.certisys.eu\/de\/cookie-politik\/"]}]},{"@type":"BreadcrumbList","@id":"https:\/\/www.certisys.eu\/de\/cookie-politik\/#breadcrumb","itemListElement":[{"@type":"ListItem","position":1,"name":"Home","item":"https:\/\/www.certisys.eu\/de\/"},{"@type":"ListItem","position":2,"name":"Cookie-Politik"}]},{"@type":"WebSite","@id":"https:\/\/www.certisys.eu\/de\/#website","url":"https:\/\/www.certisys.eu\/de\/","name":"CERTISYS","description":"Bio Certification","potentialAction":[{"@type":"SearchAction","target":{"@type":"EntryPoint","urlTemplate":"https:\/\/www.certisys.eu\/de\/?s={search_term_string}"},"query-input":{"@type":"PropertyValueSpecification","valueRequired":true,"valueName":"search_term_string"}}],"inLanguage":"de"}]}},"jetpack_sharing_enabled":true,"_links":{"self":[{"href":"https:\/\/www.certisys.eu\/de\/wp-json\/wp\/v2\/pages\/7348","targetHints":{"allow":["GET"]}}],"collection":[{"href":"https:\/\/www.certisys.eu\/de\/wp-json\/wp\/v2\/pages"}],"about":[{"href":"https:\/\/www.certisys.eu\/de\/wp-json\/wp\/v2\/types\/page"}],"author":[{"embeddable":true,"href":"https:\/\/www.certisys.eu\/de\/wp-json\/wp\/v2\/users\/1"}],"replies":[{"embeddable":true,"href":"https:\/\/www.certisys.eu\/de\/wp-json\/wp\/v2\/comments?post=7348"}],"version-history":[{"count":8,"href":"https:\/\/www.certisys.eu\/de\/wp-json\/wp\/v2\/pages\/7348\/revisions"}],"predecessor-version":[{"id":17881,"href":"https:\/\/www.certisys.eu\/de\/wp-json\/wp\/v2\/pages\/7348\/revisions\/17881"}],"wp:attachment":[{"href":"https:\/\/www.certisys.eu\/de\/wp-json\/wp\/v2\/media?parent=7348"}],"curies":[{"name":"wp","href":"https:\/\/api.w.org\/{rel}","templated":true}]}}