{"id":7334,"date":"2020-10-12T10:31:41","date_gmt":"2020-10-12T08:31:41","guid":{"rendered":"https:\/\/certisys.poush.be\/tarif-par-secteur-dactivite\/"},"modified":"2023-10-16T11:18:33","modified_gmt":"2023-10-16T09:18:33","slug":"tarif-je-nach-taetigkeitsbereich","status":"publish","type":"page","link":"https:\/\/www.certisys.eu\/de\/tarife\/tarif-je-nach-taetigkeitsbereich\/","title":{"rendered":"Tarif je nach T\u00e4tigkeitsbereich"},"content":{"rendered":"<div class=\"wpb-content-wrapper\"><p>[vc_row css=&#8220;.vc_custom_1605630039270{padding-bottom: 150px !important;background-image: url(https:\/\/www.certisys.eu\/wp-content\/uploads\/2020\/10\/bg-3-1.png?id=892) !important;}&#8220; el_class=&#8220;custom-lastrow&#8220;][vc_column css=&#8220;.vc_custom_1616056778505{padding-top: 0px !important;}&#8220; offset=&#8220;vc_col-lg-offset-2 vc_col-lg-8 vc_col-md-offset-1 vc_col-md-10&#8243;][vc_single_image image=&#8220;3875&#8243; img_size=&#8220;100&#215;145&#8243; alignment=&#8220;center&#8220; css_animation=&#8220;fadeInDown&#8220; css=&#8220;.vc_custom_1616056840911{margin-top: -70px !important;}&#8220;][vc_column_text]Mit diesem Rechner k\u00f6nnen Sie eine Sch\u00e4tzung Ihrer j\u00e4hrlichen Geb\u00fchren vornehmen, wenn Sie als <strong>Verarbeiter, Verpacker, Etikettierer, K\u00e4ufer von loser Ware, H\u00e4ndler\/Gro\u00dfh\u00e4ndler\/Importeur\/Exporteur<\/strong> t\u00e4tig sind.<\/p>\n<p>Konsultieren Sie die <strong>Tarife<\/strong> f\u00fcr <a href=\"https:\/\/www.certisys.eu\/wp-content\/uploads\/2026\/01\/TA003-v06_Tarife-Verarbeiter-_W_2026_DE.pdf\" target=\"_blank\" rel=\"noopener\"><strong>Aufbereiter &#8211; H\u00e4ndler &#8211; Importeure<\/strong><\/a>, um die erforderlichen Informationen korrekt auszuf\u00fcllen.<\/p>\n<p>Dieser <strong>Rechner<\/strong> ist f\u00fcr relativ einfache F\u00e4lle bestimmt. Der ausgewiesene Betrag dient als Anhaltspunkt, er ist <strong>nicht vertraglich bindend<\/strong>. Im Falle komplexer T\u00e4tigkeiten wenden Sie sich an CERTISYS <a href=\"mailto:info@certisys.eu\">info@certisys.eu<\/a>. Wir erstellen Ihnen einen detaillierten und personalisierten Kostenvoranschlag, der Ihrer tats\u00e4chlichen T\u00e4tigkeit entspricht.[\/vc_column_text][vc_column_text]<form id=\"ajax-form-prepa\"><p><span><input type=\"radio\" id=\"fla2\" name=\"region\" value=\"flandre\"><label for=\"fla2\">Flandern<\/label><\/span><span><input type=\"radio\" id=\"wal2\" name=\"region\" value=\"wallonie\" checked><label for=\"wal2\">Wallonien, Br\u00fcssel, Gro\u00dfherzogtum Luxemburg<\/label><\/span><\/p><p><span><input type=\"radio\" id=\"bio\" name=\"type\" value=\"Bio\" checked><label for=\"bio\">Bio<\/label><\/span><span><input type=\"radio\" id=\"mixte\" name=\"type\" value=\"Mixte\"><label for=\"mixte\">Mix (identisches Produkt im biologischen und nicht biologischen Anbau)<\/label><\/span><\/p><p>Neue Betriebe (im ersten oder zweiten Gesch\u00e4ftsjahr)<\/p><p><span><input type=\"radio\" id=\"enter_oui\" name=\"newenter\" value=\"Oui\"><label for=\"enter_oui\">Ja<\/label><\/span><span><input style=\"margin-left:20px;\" type=\"radio\" id=\"enter_non\" name=\"newenter\" value=\"Non\" checked><label for=\"enter_non\">Nein<\/label><\/span><\/p><strong>BIO-Ums\u00e4tze<i style=\"margin-left:7px;\" data-toggle=\"tooltip\" title=\"Jahresumsatz aus dem Verkauf von Produkten, die als Bio-Produkte deklariert werden und unter die Bestimmungen der Verordnung (EG) Nr. 834\/2007 und 889\/2008 oder der regionalen Bio-Verordnungen und\/oder der Bio-Verordnung im Gro\u00dfherzogtum Luxemburg fallen. Diese Produkte werden in diesem Dokument als Bio-Fertigprodukte bezeichnet.\" data-placement=\"right\" class=\"fas fa-info-circle\"><\/i><\/strong><div class='d-flex box_field_wrapper'><div class='box_field'><p><span>Aufbereiter:<i style=\"margin-left:7px;\" data-toggle=\"tooltip\" title=\"Sie bereiten Bio-Produkte auf\/vor und verarbeiten diese\" data-placement=\"bottom\" class=\"fas fa-info-circle\"><\/i><\/span><input type=\"number\" placeholder=\"BIO-Umsatz\" name=\"preparateur\" step=\".0001\"\/><\/p><p><span>Abf\u00fcller:<i style=\"margin-left:7px;\" data-toggle=\"tooltip\" title=\"Sie kaufen Produkte, verpacken sie neu und vermarkten das Produkt als Bio-Erzeugnis\" data-placement=\"bottom\" class=\"fas fa-info-circle\"><\/i><\/span><input type=\"number\" placeholder=\"BIO-Umsatz\" name=\"conditionneur\" step=\".0001\"\/><\/p><p><span>Etikettierer:<i style=\"margin-left:7px;\" data-toggle=\"tooltip\" title=\"Sie verwenden ein Etikett mit Ihrem Namen auf Produkten, die bereits verpackt sind und auf denen der Name des Herstellers nicht erschein\" data-placement=\"bottom\" class=\"fas fa-info-circle\"><\/i><\/span><input type=\"number\" placeholder=\"BIO-Umsatz\" name=\"etiqueteur\" step=\".0001\"\/><\/p><p><span>K\u00e4ufer von unverpackten Produkten:<i style=\"margin-left:7px;\" data-toggle=\"tooltip\" title=\"Sie erhalten unverpackte oder verpackte, aber unverschlossene Produkte und vermarkten diese im gleichen Zustand\" data-placement=\"bottom\" class=\"fas fa-info-circle\"><\/i><\/span><input type=\"number\" placeholder=\"BIO-Umsatz\" name=\"vrac\" step=\".0001\"\/><\/p><p><span>H\u00e4ndler:<i style=\"margin-left:7px;\" data-toggle=\"tooltip\" title=\"Sie kaufen Produkte und verkaufen sie an andere Unternehmen weiter, ohne die Verpackung oder Etikettierung zu ver\u00e4ndern. Sie verkaufen an andere Unternehmen, aber nicht an den Endverbraucher.\" data-placement=\"bottom\" class=\"fas fa-info-circle\"><\/i><\/span><input type=\"number\" placeholder=\"BIO-Umsatz\" name=\"distributeur\" step=\".0001\"\/><\/p><\/div><div class='box_field'><p><span>Importeur\/Exporteur:<i style=\"margin-left:7px;\" data-toggle=\"tooltip\" title=\"Sie importieren und\/oder exportieren Produkte aus L\u00e4ndern au\u00dferhalb der EU, vgl. Verordnung Nr.\u00a0834\/2007\" data-placement=\"bottom\" class=\"fas fa-info-circle\"><\/i><\/span><input type=\"number\" placeholder=\"BIO-Umsatz\" name=\"importateur\" step=\".0001\"\/><\/p><p class=\"mb-0\"><span>Anzahl zus\u00e4tzlicher Standorte: <\/span><input type=\"number\" placeholder=\"Anzahl Standorte\" name=\"site\" step=\"1\"\/><\/p><p id=\"beforeing\">Wenn Sie Etikettierer sind, f\u00fcllen Sie dieses Feld nicht aus<\/p><p class=\"mb-0\"><span>Anzahl biologischer Produkte:  <\/span><input type=\"number\" placeholder=\"Anzahl biologischer Produkte\" name=\"produit\" step=\"1\"\/><\/p><p id=\"beforeing\">Wenn Sie H\u00e4ndler sind oder Produkte unverpackt verkaufen, f\u00fcllen Sie dieses Feld nicht aus<\/p><p class=\"mb-0\" id=\"ing\"><span>Anzahl Bio-Zutaten: <\/span><input type=\"number\" placeholder=\"Anzahl Bio-Zutaten\" name=\"ingredient\" step=\"1\"\/><\/p><p id=\"beforeing\">Nur wenn Sie Verarbeiter sind<\/p><\/div><\/div><input type=\"submit\" name=\"submitprepa\" value=\"Berechnen\"\/><a class='reset-btn' onClick='window.location.reload()'>Zur\u00fccksetzen<\/a><\/form><br\/><div id=\"resultatprepa\"><\/div><script>jQuery(document).ready(function() {jQuery(\"body\").tooltip({ selector: \"[data-toggle=tooltip]\" });});<\/script>[\/vc_column_text][vc_column_text css=&#8220;.vc_custom_1644588371200{margin-top: 80px !important;}&#8220;]<\/p>\n<h3 style=\"text-align: center;\">Brauchen Sie Hilfe oder eine Angebotsanfrage ?<\/h3>\n<p>[\/vc_column_text]<div class=\"d-flex justify-content-center \"><a class=\"psh_button btn-70943669\" href=\"https:\/\/www.certisys.eu\/de\/kontakt\/\" alt=\"Kontakt\" target=\"\">Kontaktiere uns<\/a><\/div>\n        <style>.psh_button.btn-70943669{\n          font-size: 18px;\n          text-transform: none;\n          padding: 10px 20px 10px 20px;\n          border-radius: 80px;\n          border-width: 0px;\n          background-color: #e30613;\n          border-color: ;\n          border-style: solid;\n          color: #ffffff;\n          display: inline-block;\n          \n          transition: all .3s ease-in-out;\n        }\n        .psh_button.btn-70943669:hover{\n          background-color: #f18970;\n          border-color: ;\n          color: #ffffff;\n          transition: all .3s ease-in-out;\n        }<\/style>[\/vc_column][\/vc_row]<\/p>\n<\/div>","protected":false},"excerpt":{"rendered":"<p>[vc_row css=&#8220;.vc_custom_1605630039270{padding-bottom: 150px !important;background-image: url(https:\/\/www.certisys.eu\/wp-content\/uploads\/2020\/10\/bg-3-1.png?id=892) !important;}&#8220; el_class=&#8220;custom-lastrow&#8220;][vc_column css=&#8220;.vc_custom_1616056778505{padding-top: 0px !important;}&#8220; offset=&#8220;vc_col-lg-offset-2 vc_col-lg-8 vc_col-md-offset-1 vc_col-md-10&#8243;][vc_single_image image=&#8220;3875&#8243; img_size=&#8220;100&#215;145&#8243; alignment=&#8220;center&#8220; css_animation=&#8220;fadeInDown&#8220; css=&#8220;.vc_custom_1616056840911{margin-top: -70px !important;}&#8220;][vc_column_text]Mit diesem Rechner k\u00f6nnen Sie eine Sch\u00e4tzung Ihrer j\u00e4hrlichen Geb\u00fchren vornehmen, wenn Sie als Verarbeiter, Verpacker, Etikettierer, K\u00e4ufer von loser Ware, H\u00e4ndler\/Gro\u00dfh\u00e4ndler\/Importeur\/Exporteur t\u00e4tig sind. Konsultieren Sie die Tarife f\u00fcr Aufbereiter &#8211; H\u00e4ndler &#8211; Importeure, um [&hellip;]<\/p>\n","protected":false},"author":1,"featured_media":0,"parent":7382,"menu_order":2,"comment_status":"closed","ping_status":"closed","template":"","meta":{"_acf_changed":false,"footnotes":""},"class_list":["post-7334","page","type-page","status-publish","hentry"],"acf":[],"yoast_head":"<!-- This site is optimized with the Yoast SEO plugin v27.4 - https:\/\/yoast.com\/product\/yoast-seo-wordpress\/ -->\n<title>Tarif je nach T\u00e4tigkeitsbereich - CERTISYS<\/title>\n<meta name=\"description\" content=\"Dieser Simulator liefert eine Sch\u00e4tzung Ihres j\u00e4hrlichen Beitrags f\u00fcr Ihre T\u00e4tigkeit als Hersteller, Verpacker, Etikettierer, Gro\u00dfabnehmer, Verteiler\/Gro\u00dfh\u00e4ndler\/H\u00e4ndler, Importeur\/Exporteur.\" \/>\n<meta name=\"robots\" content=\"index, follow, max-snippet:-1, max-image-preview:large, max-video-preview:-1\" \/>\n<link rel=\"canonical\" href=\"https:\/\/www.certisys.eu\/de\/tarife\/tarif-je-nach-taetigkeitsbereich\/\" \/>\n<meta property=\"og:locale\" content=\"de_DE\" \/>\n<meta property=\"og:type\" content=\"article\" \/>\n<meta property=\"og:title\" content=\"Tarif je nach T\u00e4tigkeitsbereich - CERTISYS\" \/>\n<meta property=\"og:description\" content=\"Dieser Simulator liefert eine Sch\u00e4tzung Ihres j\u00e4hrlichen Beitrags f\u00fcr Ihre T\u00e4tigkeit als Hersteller, Verpacker, Etikettierer, Gro\u00dfabnehmer, Verteiler\/Gro\u00dfh\u00e4ndler\/H\u00e4ndler, Importeur\/Exporteur.\" \/>\n<meta property=\"og:url\" content=\"https:\/\/www.certisys.eu\/de\/tarife\/tarif-je-nach-taetigkeitsbereich\/\" \/>\n<meta property=\"og:site_name\" content=\"CERTISYS\" \/>\n<meta property=\"article:modified_time\" content=\"2023-10-16T09:18:33+00:00\" \/>\n<meta name=\"twitter:card\" content=\"summary_large_image\" \/>\n<meta name=\"twitter:label1\" content=\"Gesch\u00e4tzte Lesezeit\" \/>\n\t<meta name=\"twitter:data1\" content=\"1\u00a0Minute\" \/>\n<!-- \/ Yoast SEO plugin. -->","yoast_head_json":{"title":"Tarif je nach T\u00e4tigkeitsbereich - CERTISYS","description":"Dieser Simulator liefert eine Sch\u00e4tzung Ihres j\u00e4hrlichen Beitrags f\u00fcr Ihre T\u00e4tigkeit als Hersteller, Verpacker, Etikettierer, Gro\u00dfabnehmer, Verteiler\/Gro\u00dfh\u00e4ndler\/H\u00e4ndler, Importeur\/Exporteur.","robots":{"index":"index","follow":"follow","max-snippet":"max-snippet:-1","max-image-preview":"max-image-preview:large","max-video-preview":"max-video-preview:-1"},"canonical":"https:\/\/www.certisys.eu\/de\/tarife\/tarif-je-nach-taetigkeitsbereich\/","og_locale":"de_DE","og_type":"article","og_title":"Tarif je nach T\u00e4tigkeitsbereich - CERTISYS","og_description":"Dieser Simulator liefert eine Sch\u00e4tzung Ihres j\u00e4hrlichen Beitrags f\u00fcr Ihre T\u00e4tigkeit als Hersteller, Verpacker, Etikettierer, Gro\u00dfabnehmer, Verteiler\/Gro\u00dfh\u00e4ndler\/H\u00e4ndler, Importeur\/Exporteur.","og_url":"https:\/\/www.certisys.eu\/de\/tarife\/tarif-je-nach-taetigkeitsbereich\/","og_site_name":"CERTISYS","article_modified_time":"2023-10-16T09:18:33+00:00","twitter_card":"summary_large_image","twitter_misc":{"Gesch\u00e4tzte Lesezeit":"1\u00a0Minute"},"schema":{"@context":"https:\/\/schema.org","@graph":[{"@type":"WebPage","@id":"https:\/\/www.certisys.eu\/de\/tarife\/tarif-je-nach-taetigkeitsbereich\/","url":"https:\/\/www.certisys.eu\/de\/tarife\/tarif-je-nach-taetigkeitsbereich\/","name":"Tarif je nach T\u00e4tigkeitsbereich - CERTISYS","isPartOf":{"@id":"https:\/\/www.certisys.eu\/de\/#website"},"datePublished":"2020-10-12T08:31:41+00:00","dateModified":"2023-10-16T09:18:33+00:00","description":"Dieser Simulator liefert eine Sch\u00e4tzung Ihres j\u00e4hrlichen Beitrags f\u00fcr Ihre T\u00e4tigkeit als Hersteller, Verpacker, Etikettierer, Gro\u00dfabnehmer, Verteiler\/Gro\u00dfh\u00e4ndler\/H\u00e4ndler, Importeur\/Exporteur.","breadcrumb":{"@id":"https:\/\/www.certisys.eu\/de\/tarife\/tarif-je-nach-taetigkeitsbereich\/#breadcrumb"},"inLanguage":"de","potentialAction":[{"@type":"ReadAction","target":["https:\/\/www.certisys.eu\/de\/tarife\/tarif-je-nach-taetigkeitsbereich\/"]}]},{"@type":"BreadcrumbList","@id":"https:\/\/www.certisys.eu\/de\/tarife\/tarif-je-nach-taetigkeitsbereich\/#breadcrumb","itemListElement":[{"@type":"ListItem","position":1,"name":"Home","item":"https:\/\/www.certisys.eu\/de\/"},{"@type":"ListItem","position":2,"name":"Tarife","item":"https:\/\/www.certisys.eu\/de\/tarife\/"},{"@type":"ListItem","position":3,"name":"Tarif je nach T\u00e4tigkeitsbereich"}]},{"@type":"WebSite","@id":"https:\/\/www.certisys.eu\/de\/#website","url":"https:\/\/www.certisys.eu\/de\/","name":"CERTISYS","description":"Bio Certification","potentialAction":[{"@type":"SearchAction","target":{"@type":"EntryPoint","urlTemplate":"https:\/\/www.certisys.eu\/de\/?s={search_term_string}"},"query-input":{"@type":"PropertyValueSpecification","valueRequired":true,"valueName":"search_term_string"}}],"inLanguage":"de"}]}},"_links":{"self":[{"href":"https:\/\/www.certisys.eu\/de\/wp-json\/wp\/v2\/pages\/7334","targetHints":{"allow":["GET"]}}],"collection":[{"href":"https:\/\/www.certisys.eu\/de\/wp-json\/wp\/v2\/pages"}],"about":[{"href":"https:\/\/www.certisys.eu\/de\/wp-json\/wp\/v2\/types\/page"}],"author":[{"embeddable":true,"href":"https:\/\/www.certisys.eu\/de\/wp-json\/wp\/v2\/users\/1"}],"replies":[{"embeddable":true,"href":"https:\/\/www.certisys.eu\/de\/wp-json\/wp\/v2\/comments?post=7334"}],"version-history":[{"count":17,"href":"https:\/\/www.certisys.eu\/de\/wp-json\/wp\/v2\/pages\/7334\/revisions"}],"predecessor-version":[{"id":30095,"href":"https:\/\/www.certisys.eu\/de\/wp-json\/wp\/v2\/pages\/7334\/revisions\/30095"}],"up":[{"embeddable":true,"href":"https:\/\/www.certisys.eu\/de\/wp-json\/wp\/v2\/pages\/7382"}],"wp:attachment":[{"href":"https:\/\/www.certisys.eu\/de\/wp-json\/wp\/v2\/media?parent=7334"}],"curies":[{"name":"wp","href":"https:\/\/api.w.org\/{rel}","templated":true}]}}